{"id":58045,"date":"2026-03-17T01:54:55","date_gmt":"2026-03-16T22:54:55","guid":{"rendered":"https:\/\/ranoja.ee\/toode\/salongipuhastusvahend-cockpit-spray-500ml-valvoline\/"},"modified":"2026-03-17T15:43:51","modified_gmt":"2026-03-17T12:43:51","slug":"salongipuhastusvahend-cockpit-spray-500ml-valvoline","status":"publish","type":"product","link":"https:\/\/ranoja.ee\/en\/toode\/salongipuhastusvahend-cockpit-spray-500ml-valvoline\/","title":{"rendered":"Salongipuhastusvahend Cockpit Spray 500ml, Valvoline"},"content":{"rendered":"","protected":false},"excerpt":{"rendered":"<p>Tippkvaliteediga puhastusvaht s\u00f5idukite armatuurlaua, kummidetailide ja muude plastdetailide  puhastamiseks, kaitsmiseks ning viimistlemiseks m\u00f5eldud aerosool. Taastab uue auto polstri v\u00e4limuse j\u00e4tmata l\u00e4ikivat ega ka kleepuvat pinda.<br \/>\nVeebaasilinse koostisega vaht<br \/>\nV\u00e4ga heade puhstavate omadustega<br \/>\nN\u00f5rga tsitruse l\u00f5hnaga<br \/>\nAntistaatiline kiht v\u00e4ldib tolmu kogunemist<br \/>\nV\u00e4ldib plast ja viin\u00fc\u00fclpindade vananemist<br \/>\nIdeaalne autodele,veokitele ja paatidele<br \/>\n360\u00b0 otsik on mugav kasutada<\/p>\n<p>Lokustada hoolikalt enne kasutamist. Kata t\u00f6\u00f6deldavad pinnad Valvoline\u2122 Cockpit Spray Foam vahuga ja lase veidi vahul toimida mustuse ja tolmuga. M\u00f5ne minuti m\u00f6\u00f6dudes puhasta mustus ja j\u00e4\u00e4gid kuiva lapiga.<\/p>\n","protected":false},"featured_media":58046,"template":"","meta":{"inline_featured_image":false},"product_cat":[5055,5143,5009],"product_tag":[],"class_list":{"0":"post-58045","1":"product","2":"type-product","3":"status-publish","4":"has-post-thumbnail","6":"product_brand-valvoline","7":"product_cat-autohoolduskeemia","8":"product_cat-interjoori-hooldus","9":"product_cat-toostus-ja-autokeemia","11":"first","12":"instock","13":"purchasable","14":"product-type-simple"},"yoast_head":"<!-- This site is optimized with the Yoast SEO plugin v27.4 - https:\/\/yoast.com\/product\/yoast-seo-wordpress\/ -->\n<title>Salongipuhastusvahend Cockpit Spray 500ml, Valvoline - Ranoja<\/title>\n<meta name=\"robots\" content=\"index, follow, max-snippet:-1, max-image-preview:large, max-video-preview:-1\" \/>\n<link rel=\"canonical\" href=\"https:\/\/ranoja.ee\/toode\/salongipuhastusvahend-cockpit-spray-500ml-valvoline\/\" \/>\n<meta property=\"og:locale\" content=\"en_US\" \/>\n<meta property=\"og:type\" content=\"article\" \/>\n<meta property=\"og:title\" content=\"Salongipuhastusvahend Cockpit Spray 500ml, Valvoline - Ranoja\" \/>\n<meta property=\"og:description\" content=\"Tippkvaliteediga puhastusvaht s\u00f5idukite armatuurlaua, kummidetailide ja muude plastdetailide puhastamiseks, kaitsmiseks ning viimistlemiseks m\u00f5eldud aerosool. Taastab uue auto polstri v\u00e4limuse j\u00e4tmata l\u00e4ikivat ega ka kleepuvat pinda. Veebaasilinse koostisega vaht V\u00e4ga heade puhstavate omadustega N\u00f5rga tsitruse l\u00f5hnaga Antistaatiline kiht v\u00e4ldib tolmu kogunemist V\u00e4ldib plast ja viin\u00fc\u00fclpindade vananemist Ideaalne autodele,veokitele ja paatidele 360\u00b0 otsik on mugav kasutada Lokustada hoolikalt enne kasutamist. Kata t\u00f6\u00f6deldavad pinnad Valvoline\u2122 Cockpit Spray Foam vahuga ja lase veidi vahul toimida mustuse ja tolmuga. M\u00f5ne minuti m\u00f6\u00f6dudes puhasta mustus ja j\u00e4\u00e4gid kuiva lapiga.\" \/>\n<meta property=\"og:url\" content=\"https:\/\/ranoja.ee\/toode\/salongipuhastusvahend-cockpit-spray-500ml-valvoline\/\" \/>\n<meta property=\"og:site_name\" content=\"Ranoja\" \/>\n<meta property=\"article:publisher\" content=\"https:\/\/www.facebook.com\/ranoja.ee\" \/>\n<meta property=\"article:modified_time\" content=\"2026-03-17T12:43:51+00:00\" \/>\n<meta property=\"og:image\" content=\"https:\/\/ranoja.ee\/wp-content\/uploads\/2026\/03\/176123918.png\" \/>\n\t<meta property=\"og:image:width\" content=\"768\" \/>\n\t<meta property=\"og:image:height\" content=\"768\" \/>\n\t<meta property=\"og:image:type\" content=\"image\/jpeg\" \/>\n<meta name=\"twitter:card\" content=\"summary_large_image\" \/>\n<script type=\"application\/ld+json\" class=\"yoast-schema-graph\">{\"@context\":\"https:\\\/\\\/schema.org\",\"@graph\":[{\"@type\":\"WebPage\",\"@id\":\"https:\\\/\\\/ranoja.ee\\\/toode\\\/salongipuhastusvahend-cockpit-spray-500ml-valvoline\\\/\",\"url\":\"https:\\\/\\\/ranoja.ee\\\/toode\\\/salongipuhastusvahend-cockpit-spray-500ml-valvoline\\\/\",\"name\":\"Salongipuhastusvahend Cockpit Spray 500ml, Valvoline - Ranoja\",\"isPartOf\":{\"@id\":\"https:\\\/\\\/ranoja.ee\\\/#website\"},\"primaryImageOfPage\":{\"@id\":\"https:\\\/\\\/ranoja.ee\\\/toode\\\/salongipuhastusvahend-cockpit-spray-500ml-valvoline\\\/#primaryimage\"},\"image\":{\"@id\":\"https:\\\/\\\/ranoja.ee\\\/toode\\\/salongipuhastusvahend-cockpit-spray-500ml-valvoline\\\/#primaryimage\"},\"thumbnailUrl\":\"https:\\\/\\\/ranoja.ee\\\/wp-content\\\/uploads\\\/2026\\\/03\\\/176123918.png\",\"datePublished\":\"2026-03-16T22:54:55+00:00\",\"dateModified\":\"2026-03-17T12:43:51+00:00\",\"breadcrumb\":{\"@id\":\"https:\\\/\\\/ranoja.ee\\\/toode\\\/salongipuhastusvahend-cockpit-spray-500ml-valvoline\\\/#breadcrumb\"},\"inLanguage\":\"en-US\",\"potentialAction\":[{\"@type\":\"ReadAction\",\"target\":[\"https:\\\/\\\/ranoja.ee\\\/toode\\\/salongipuhastusvahend-cockpit-spray-500ml-valvoline\\\/\"]}]},{\"@type\":\"ImageObject\",\"inLanguage\":\"en-US\",\"@id\":\"https:\\\/\\\/ranoja.ee\\\/toode\\\/salongipuhastusvahend-cockpit-spray-500ml-valvoline\\\/#primaryimage\",\"url\":\"https:\\\/\\\/ranoja.ee\\\/wp-content\\\/uploads\\\/2026\\\/03\\\/176123918.png\",\"contentUrl\":\"https:\\\/\\\/ranoja.ee\\\/wp-content\\\/uploads\\\/2026\\\/03\\\/176123918.png\",\"width\":768,\"height\":768},{\"@type\":\"BreadcrumbList\",\"@id\":\"https:\\\/\\\/ranoja.ee\\\/toode\\\/salongipuhastusvahend-cockpit-spray-500ml-valvoline\\\/#breadcrumb\",\"itemListElement\":[{\"@type\":\"ListItem\",\"position\":1,\"name\":\"Home\",\"item\":\"https:\\\/\\\/ranoja.ee\\\/\"},{\"@type\":\"ListItem\",\"position\":2,\"name\":\"Shop\",\"item\":\"https:\\\/\\\/ranoja.ee\\\/en\\\/shop\\\/\"},{\"@type\":\"ListItem\",\"position\":3,\"name\":\"Salongipuhastusvahend Cockpit Spray 500ml, Valvoline\"}]},{\"@type\":\"WebSite\",\"@id\":\"https:\\\/\\\/ranoja.ee\\\/#website\",\"url\":\"https:\\\/\\\/ranoja.ee\\\/\",\"name\":\"Ranoja\",\"description\":\"Equipment Shop WooCommerce WordPress Theme for Machine &amp; Tools\",\"publisher\":{\"@id\":\"https:\\\/\\\/ranoja.ee\\\/#organization\"},\"potentialAction\":[{\"@type\":\"SearchAction\",\"target\":{\"@type\":\"EntryPoint\",\"urlTemplate\":\"https:\\\/\\\/ranoja.ee\\\/?s={search_term_string}\"},\"query-input\":{\"@type\":\"PropertyValueSpecification\",\"valueRequired\":true,\"valueName\":\"search_term_string\"}}],\"inLanguage\":\"en-US\"},{\"@type\":\"Organization\",\"@id\":\"https:\\\/\\\/ranoja.ee\\\/#organization\",\"name\":\"Ranoja O\u00dc\",\"url\":\"https:\\\/\\\/ranoja.ee\\\/\",\"logo\":{\"@type\":\"ImageObject\",\"inLanguage\":\"en-US\",\"@id\":\"https:\\\/\\\/ranoja.ee\\\/#\\\/schema\\\/logo\\\/image\\\/\",\"url\":\"https:\\\/\\\/ranoja.ee\\\/wp-content\\\/uploads\\\/2023\\\/11\\\/ranoja-Logo.png\",\"contentUrl\":\"https:\\\/\\\/ranoja.ee\\\/wp-content\\\/uploads\\\/2023\\\/11\\\/ranoja-Logo.png\",\"width\":207,\"height\":58,\"caption\":\"Ranoja O\u00dc\"},\"image\":{\"@id\":\"https:\\\/\\\/ranoja.ee\\\/#\\\/schema\\\/logo\\\/image\\\/\"},\"sameAs\":[\"https:\\\/\\\/www.facebook.com\\\/ranoja.ee\",\"https:\\\/\\\/www.instagram.com\\\/ranoja__\\\/\"]}]}<\/script>\n<!-- \/ Yoast SEO plugin. -->","yoast_head_json":{"title":"Salongipuhastusvahend Cockpit Spray 500ml, Valvoline - Ranoja","robots":{"index":"index","follow":"follow","max-snippet":"max-snippet:-1","max-image-preview":"max-image-preview:large","max-video-preview":"max-video-preview:-1"},"canonical":"https:\/\/ranoja.ee\/toode\/salongipuhastusvahend-cockpit-spray-500ml-valvoline\/","og_locale":"en_US","og_type":"article","og_title":"Salongipuhastusvahend Cockpit Spray 500ml, Valvoline - Ranoja","og_description":"Tippkvaliteediga puhastusvaht s\u00f5idukite armatuurlaua, kummidetailide ja muude plastdetailide puhastamiseks, kaitsmiseks ning viimistlemiseks m\u00f5eldud aerosool. Taastab uue auto polstri v\u00e4limuse j\u00e4tmata l\u00e4ikivat ega ka kleepuvat pinda. Veebaasilinse koostisega vaht V\u00e4ga heade puhstavate omadustega N\u00f5rga tsitruse l\u00f5hnaga Antistaatiline kiht v\u00e4ldib tolmu kogunemist V\u00e4ldib plast ja viin\u00fc\u00fclpindade vananemist Ideaalne autodele,veokitele ja paatidele 360\u00b0 otsik on mugav kasutada Lokustada hoolikalt enne kasutamist. Kata t\u00f6\u00f6deldavad pinnad Valvoline\u2122 Cockpit Spray Foam vahuga ja lase veidi vahul toimida mustuse ja tolmuga. M\u00f5ne minuti m\u00f6\u00f6dudes puhasta mustus ja j\u00e4\u00e4gid kuiva lapiga.","og_url":"https:\/\/ranoja.ee\/toode\/salongipuhastusvahend-cockpit-spray-500ml-valvoline\/","og_site_name":"Ranoja","article_publisher":"https:\/\/www.facebook.com\/ranoja.ee","article_modified_time":"2026-03-17T12:43:51+00:00","og_image":[{"width":768,"height":768,"url":"https:\/\/ranoja.ee\/wp-content\/uploads\/2026\/03\/176123918.png","type":"image\/jpeg"}],"twitter_card":"summary_large_image","schema":{"@context":"https:\/\/schema.org","@graph":[{"@type":"WebPage","@id":"https:\/\/ranoja.ee\/toode\/salongipuhastusvahend-cockpit-spray-500ml-valvoline\/","url":"https:\/\/ranoja.ee\/toode\/salongipuhastusvahend-cockpit-spray-500ml-valvoline\/","name":"Salongipuhastusvahend Cockpit Spray 500ml, Valvoline - Ranoja","isPartOf":{"@id":"https:\/\/ranoja.ee\/#website"},"primaryImageOfPage":{"@id":"https:\/\/ranoja.ee\/toode\/salongipuhastusvahend-cockpit-spray-500ml-valvoline\/#primaryimage"},"image":{"@id":"https:\/\/ranoja.ee\/toode\/salongipuhastusvahend-cockpit-spray-500ml-valvoline\/#primaryimage"},"thumbnailUrl":"https:\/\/ranoja.ee\/wp-content\/uploads\/2026\/03\/176123918.png","datePublished":"2026-03-16T22:54:55+00:00","dateModified":"2026-03-17T12:43:51+00:00","breadcrumb":{"@id":"https:\/\/ranoja.ee\/toode\/salongipuhastusvahend-cockpit-spray-500ml-valvoline\/#breadcrumb"},"inLanguage":"en-US","potentialAction":[{"@type":"ReadAction","target":["https:\/\/ranoja.ee\/toode\/salongipuhastusvahend-cockpit-spray-500ml-valvoline\/"]}]},{"@type":"ImageObject","inLanguage":"en-US","@id":"https:\/\/ranoja.ee\/toode\/salongipuhastusvahend-cockpit-spray-500ml-valvoline\/#primaryimage","url":"https:\/\/ranoja.ee\/wp-content\/uploads\/2026\/03\/176123918.png","contentUrl":"https:\/\/ranoja.ee\/wp-content\/uploads\/2026\/03\/176123918.png","width":768,"height":768},{"@type":"BreadcrumbList","@id":"https:\/\/ranoja.ee\/toode\/salongipuhastusvahend-cockpit-spray-500ml-valvoline\/#breadcrumb","itemListElement":[{"@type":"ListItem","position":1,"name":"Home","item":"https:\/\/ranoja.ee\/"},{"@type":"ListItem","position":2,"name":"Shop","item":"https:\/\/ranoja.ee\/en\/shop\/"},{"@type":"ListItem","position":3,"name":"Salongipuhastusvahend Cockpit Spray 500ml, Valvoline"}]},{"@type":"WebSite","@id":"https:\/\/ranoja.ee\/#website","url":"https:\/\/ranoja.ee\/","name":"Ranoja","description":"Equipment Shop WooCommerce WordPress Theme for Machine &amp; Tools","publisher":{"@id":"https:\/\/ranoja.ee\/#organization"},"potentialAction":[{"@type":"SearchAction","target":{"@type":"EntryPoint","urlTemplate":"https:\/\/ranoja.ee\/?s={search_term_string}"},"query-input":{"@type":"PropertyValueSpecification","valueRequired":true,"valueName":"search_term_string"}}],"inLanguage":"en-US"},{"@type":"Organization","@id":"https:\/\/ranoja.ee\/#organization","name":"Ranoja O\u00dc","url":"https:\/\/ranoja.ee\/","logo":{"@type":"ImageObject","inLanguage":"en-US","@id":"https:\/\/ranoja.ee\/#\/schema\/logo\/image\/","url":"https:\/\/ranoja.ee\/wp-content\/uploads\/2023\/11\/ranoja-Logo.png","contentUrl":"https:\/\/ranoja.ee\/wp-content\/uploads\/2023\/11\/ranoja-Logo.png","width":207,"height":58,"caption":"Ranoja O\u00dc"},"image":{"@id":"https:\/\/ranoja.ee\/#\/schema\/logo\/image\/"},"sameAs":["https:\/\/www.facebook.com\/ranoja.ee","https:\/\/www.instagram.com\/ranoja__\/"]}]}},"_links":{"self":[{"href":"https:\/\/ranoja.ee\/en\/wp-json\/wp\/v2\/product\/58045","targetHints":{"allow":["GET"]}}],"collection":[{"href":"https:\/\/ranoja.ee\/en\/wp-json\/wp\/v2\/product"}],"about":[{"href":"https:\/\/ranoja.ee\/en\/wp-json\/wp\/v2\/types\/product"}],"wp:featuredmedia":[{"embeddable":true,"href":"https:\/\/ranoja.ee\/en\/wp-json\/wp\/v2\/media\/58046"}],"wp:attachment":[{"href":"https:\/\/ranoja.ee\/en\/wp-json\/wp\/v2\/media?parent=58045"}],"wp:term":[{"taxonomy":"product_cat","embeddable":true,"href":"https:\/\/ranoja.ee\/en\/wp-json\/wp\/v2\/product_cat?post=58045"},{"taxonomy":"product_tag","embeddable":true,"href":"https:\/\/ranoja.ee\/en\/wp-json\/wp\/v2\/product_tag?post=58045"}],"curies":[{"name":"wp","href":"https:\/\/api.w.org\/{rel}","templated":true}]}}