{"id":58029,"date":"2026-03-17T01:54:55","date_gmt":"2026-03-16T22:54:55","guid":{"rendered":"https:\/\/ranoja.ee\/toode\/padrunikomplekt-1-4-3-8-1-2-172-osa-brilliant-tools\/"},"modified":"2026-03-17T15:43:51","modified_gmt":"2026-03-17T12:43:51","slug":"padrunikomplekt-1-4-3-8-1-2-172-osa-brilliant-tools","status":"publish","type":"product","link":"https:\/\/ranoja.ee\/en\/toode\/padrunikomplekt-1-4-3-8-1-2-172-osa-brilliant-tools\/","title":{"rendered":"Padrunikomplekt, 1\/4&#8220;, 3\/8&#8220;, 1\/2&#8220;, 172-osa, Brilliant Tools"},"content":{"rendered":"","protected":false},"excerpt":{"rendered":"<p>172-osaline padrunv\u00f5tmete komplekt 1\/4&#8243; (6,3 mm), 3\/8&#8243; (10 mm), 1\/2&#8243; ( 12,5 mm)<br \/>\nv\u00f5imalik leida kiiresti \u00f5ige t\u00f6\u00f6riist<br \/>\nkahekomponentne k\u00e4epide h\u00f5lbustab kinni- ja lahtikeeramist<br \/>\nKahekomponentnsed kahesuunalised narred, integreeritud kangi \u00fcmberl\u00fclitusega k\u00e4itatavad parem- ja vasaksuunaliselt, surunupul\u00fclitusega<br \/>\nKorrastatud ja klamberkinnitusega fikseeritud t\u00f6\u00f6riistad<br \/>\nK\u00f5ik valmistatud vastavalt DIN n\u00f5uetele<br \/>\nKvaliteetsest kroom-vanaadium-terasest t\u00f6\u00f6riistad eriti pikaaegseks kasutamiseks<br \/>\nmatt kroomitud<\/p>\n<p>172-osaline BRILLIANT TOOLS padrunv\u00f5tmete komplekt BT023172 on valmistatud vastavalt DIN n\u00f5uetele. Komplekt koos narrede ja tarvikutega on varustatud kolme erineva sisenelikantajamiga: 1\/4&#8243; (6,3 mm), 3\/8&#8243; (10 mm) ja 1\/2&#8243; (12,5 mm). See komplekt on praktiline vahend k\u00f5igiks kruvide kinni- ja lahtikeeramist\u00f6\u00f6deks. Ulatuslik komplekt tarnitakse praktilises metallhingedega kohvris, millel on klamberkinnitused t\u00f6\u00f6riistade jaoks. Kohvri m\u00e4rgistus v\u00f5imaldab sobivad tarvikud v\u00f5i otsakud kiiresti \u00fcles leida. Eriti k\u00e4es\u00f5bralikke kahesuunalisi narresid saab kangiga \u00fcmberl\u00fclitusega seadistada parem- v\u00f5i vasaksuunaliseks. Surunupul\u00fclitusega saate padrunid ja pikendused kiiresti ja mugavalt nii eemaldada kui ka sisestada. Erilise turvaelemendina v\u00e4ldib surunupul\u00fclitus pistik\u00fchenduse juhuslikku lahtitulekut.<br \/>\n72 hambaga peenehammastus ja 5\u00b0 tagumine p\u00f6\u00f6rdenurk v\u00f5imaldavad raskete kruvi\u00fchenduste k\u00e4sitsemist ka v\u00e4ga piiratud ruumis. Padrunv\u00f5tmepikendused ja kardaanliigendid aitavad j\u00f5uda raskesti ligip\u00e4\u00e4setavate kruvi\u00fchendusteni.<\/p>\n<p>Tarvikukomplekt k\u00f5igi kolme narresuuruse jaoks on 13-osaline. Kokku on selles 85 padrunit, 30 padrunotsakut, 44 otsakut kahes suuruses 5\/16&#8243; (8 mm) ja 1\/4&#8243; (6,3 mm) ja 7 vinkelkruvikeerajat.<\/p>\n<p>Tarnekomplekt:<\/p>\n<p>1\/4&#8243; kahekomponentne kahesuunaline narre, peenhammastusega, 15 cm<br \/>\n1\/4&#8243; nelikant-padrunk\u00e4epide, 15 cm<br \/>\n1\/4&#8243; padrunv\u00f5tmepikendus 50 mm, 10 cm<br \/>\n1\/4&#8243; liuguriga T-k\u00e4epide, 10 cm<br \/>\n1\/4&#8243; kardaanliigend<br \/>\n1\/4&#8243; otsaku adapter<br \/>\n1\/4&#8243; kuuskantpadrunid, l\u00fchike vorm: 4 mm, 4,5 mm, 5 mm, 5,5 mm, 6 mm, 7 mm, 8 mm, 9 mm, 10 mm, 11 mm, 12 mm, 13 mm, 14 mm<br \/>\n1\/4&#8243; kuuskantpadrunid, pikk vorm: 4 mm, 5 mm, 6 mm, 7 mm, 8 mm, 9 mm, 10 mm<br \/>\n1\/4\u201c Torx-E padrun: E4, E5, E6, E7, E8,<br \/>\n1\/4&#8243; padrunotsak, sisekuuskant: 3 mm, 4 mm, 5 mm, 6 mm<br \/>\n1\/4&#8243; padrunotsak, lapik: 0,8 x4,0 mm, 1,0 x 5,5 mm, 1,2 x 6,5 mm, 1,2 x 7 mm<br \/>\n1\/4&#8243; padrunotsak, ristpea PH: PH0, PH1, PH2<br \/>\n1\/4&#8243; padrunotsak, ristpea PZ:: PZ0, PZ1, PZ2<br \/>\n1\/4&#8243; padrunotsak, Torx: T9, T10, T15, T20, T25, T27, T30<br \/>\n1\/4&#8243; padrunotsak, avaga Torx: TB9, TB10, TB15, TB25, TB27, TB30<br \/>\n3\/8&#8243; kahekomponentne kahesuunaline narre, peenhammastusega, 19,8 cm<br \/>\n3\/8&#8243; padrunv\u00f5tmepikendus, 15 cm<br \/>\n3\/8&#8243; kardaanliigend<br \/>\n3\/8&#8243; otsakuadapter 5\/16&#8243; (8 mm)<br \/>\n3\/8&#8243; padrunotsak, sisekuuskant, l\u00fchike vorm: 10 mm, 11 mm, 12 mm, 13 mm, 14 mm, 15 mm, 16 mm, 17 mm, 18 mm, 19 mm<br \/>\n3\/8&#8243; padrunotsak sisekuuskant, pikk vorm: 10 mm, 11 mm, 12 mm, 13 mm, 14 mm, 15 mm<br \/>\n3\/8\u201c Torx-E padrun: E10, E11, E12, E14, E16, E18<br \/>\n3\/8&#8243; s\u00fc\u00fctek\u00fc\u00fcnla padrunid: 18 mm<br \/>\n1\/2&#8243; kahekomponentne kahesuunaline narre, peenhammastusega, 25 cm<br \/>\n1\/2&#8243; padrunv\u00f5tmepikendus 12,5 cm ja 25 cm<br \/>\nSuurendusdetail\/liugur, 1\/2&#8243; (12,5 mm) kuni 3\/8\u201c (10 mm)<br \/>\n1\/2&#8243; kardaanliigend<br \/>\n1\/2&#8243; otsakuadapter 5\/16&#8243; (8 mm)<br \/>\n1\/2&#8243; kuuskantpadrunid, l\u00fchike vorm: 10 mm, 11 mm, 12 mm, 13 mm, 14 mm, 15 mm, 16 mm, 17 mm, 18 mm, 19 mm, 20 mm, 21 mm, 22 mm, 24 mm, 27 mm, 30 mm, 32 mm<br \/>\n1\/2&#8243; kuuskantpadrunid, pikk vorm: 16 mm, 17 mm, 18 mm, 19 mm, 22 mm<br \/>\n1\/2\u201c Torx-E padrun: E20, E22<br \/>\n1\/2&#8243; s\u00fc\u00fctek\u00fc\u00fcnla padrunid: 16 mm, 21 mm<br \/>\n1\/4&#8243; Torx otsakud: T5, T6, T7<br \/>\n1\/4 Torx otsakud avaga: TB7, TB10, TB15, TB20, TB25, TB27, TB30, TB40, TB45<br \/>\n1\/4&#8243; XZN otsakud: M5, M6, M8<br \/>\n1\/4&#8243; kiilusoon-otsakud: M5, M6, M7, M8, M9<br \/>\n5\/16&#8243; sisekuuskant otsakud: 7 mm, 8 mm, 10 mm, 12 mm, 14 mm<br \/>\n5\/16&#8243; soonega otsakud: 8 mm, 10 mm, 12 mm<br \/>\n5\/16&#8243; ristpeakruvi otsakud PH: PH3, PH4<br \/>\n5\/16&#8243; ristpeakruvi otsakud PZ: PZ3, PZ4<br \/>\n5\/16&#8243; Torx otsakud: T40, T45, T50, T55, T60, T70<br \/>\n5\/16 Torx otsakud avaga: TB40, TB45, TB50, TB55, TB60, TB70<br \/>\n7-osaline vinkelkruvikeerajate komplekt, sisekuuskant: 1,5 mm, 2 mm, 2,5 mm, 3 mm, 4 mm, 5 mm, 6 mm<\/p>\n","protected":false},"featured_media":58030,"template":"","meta":{"inline_featured_image":false},"product_cat":[1596,1116,5064,5065],"product_tag":[],"class_list":{"0":"post-58029","1":"product","2":"type-product","3":"status-publish","4":"has-post-thumbnail","6":"product_brand-brilliant-tools","7":"product_cat-kasitooriistad","8":"product_cat-lisaseadmed-ehitusseadmed-led-lisatuled-cb-raadiod-lallar","9":"product_cat-padrunid","10":"product_cat-padrunikomplektid","12":"first","13":"instock","14":"purchasable","15":"product-type-simple"},"yoast_head":"<!-- This site is optimized with the Yoast SEO plugin v27.4 - https:\/\/yoast.com\/product\/yoast-seo-wordpress\/ -->\n<title>Padrunikomplekt, 1\/4``, 3\/8``, 1\/2``, 172-osa, Brilliant Tools - Ranoja<\/title>\n<meta name=\"robots\" content=\"index, follow, max-snippet:-1, max-image-preview:large, max-video-preview:-1\" \/>\n<link rel=\"canonical\" href=\"https:\/\/ranoja.ee\/toode\/padrunikomplekt-1-4-3-8-1-2-172-osa-brilliant-tools\/\" \/>\n<meta property=\"og:locale\" content=\"en_US\" \/>\n<meta property=\"og:type\" content=\"article\" \/>\n<meta property=\"og:title\" content=\"Padrunikomplekt, 1\/4``, 3\/8``, 1\/2``, 172-osa, Brilliant Tools - Ranoja\" \/>\n<meta property=\"og:description\" content=\"172-osaline padrunv\u00f5tmete komplekt 1\/4&quot; (6,3 mm), 3\/8&quot; (10 mm), 1\/2&quot; ( 12,5 mm) v\u00f5imalik leida kiiresti \u00f5ige t\u00f6\u00f6riist kahekomponentne k\u00e4epide h\u00f5lbustab kinni- ja lahtikeeramist Kahekomponentnsed kahesuunalised narred, integreeritud kangi \u00fcmberl\u00fclitusega k\u00e4itatavad parem- ja vasaksuunaliselt, surunupul\u00fclitusega Korrastatud ja klamberkinnitusega fikseeritud t\u00f6\u00f6riistad K\u00f5ik valmistatud vastavalt DIN n\u00f5uetele Kvaliteetsest kroom-vanaadium-terasest t\u00f6\u00f6riistad eriti pikaaegseks kasutamiseks matt kroomitud  172-osaline BRILLIANT TOOLS padrunv\u00f5tmete komplekt BT023172 on valmistatud vastavalt DIN n\u00f5uetele. Komplekt koos narrede ja tarvikutega on varustatud kolme erineva sisenelikantajamiga: 1\/4&quot; (6,3 mm), 3\/8&quot; (10 mm) ja 1\/2&quot; (12,5 mm). See komplekt on praktiline vahend k\u00f5igiks kruvide kinni- ja lahtikeeramist\u00f6\u00f6deks. Ulatuslik komplekt tarnitakse praktilises metallhingedega kohvris, millel on klamberkinnitused t\u00f6\u00f6riistade jaoks. Kohvri m\u00e4rgistus v\u00f5imaldab sobivad tarvikud v\u00f5i otsakud kiiresti \u00fcles leida. Eriti k\u00e4es\u00f5bralikke kahesuunalisi narresid saab kangiga \u00fcmberl\u00fclitusega seadistada parem- v\u00f5i vasaksuunaliseks. Surunupul\u00fclitusega saate padrunid ja pikendused kiiresti ja mugavalt nii eemaldada kui ka sisestada. Erilise turvaelemendina v\u00e4ldib surunupul\u00fclitus pistik\u00fchenduse juhuslikku lahtitulekut. 72 hambaga peenehammastus ja 5\u00b0 tagumine p\u00f6\u00f6rdenurk v\u00f5imaldavad raskete kruvi\u00fchenduste k\u00e4sitsemist ka v\u00e4ga piiratud ruumis. Padrunv\u00f5tmepikendused ja kardaanliigendid aitavad j\u00f5uda raskesti ligip\u00e4\u00e4setavate kruvi\u00fchendusteni. Tarvikukomplekt k\u00f5igi kolme narresuuruse jaoks on 13-osaline. Kokku on selles 85 padrunit, 30 padrunotsakut, 44 otsakut kahes suuruses 5\/16&quot; (8 mm) ja 1\/4&quot; (6,3 mm) ja 7 vinkelkruvikeerajat. Tarnekomplekt: 1\/4&quot; kahekomponentne kahesuunaline narre, peenhammastusega, 15 cm 1\/4&quot; nelikant-padrunk\u00e4epide, 15 cm 1\/4&quot; padrunv\u00f5tmepikendus 50 mm, 10 cm 1\/4&quot; liuguriga T-k\u00e4epide, 10 cm 1\/4&quot; kardaanliigend 1\/4&quot; otsaku adapter 1\/4&quot; kuuskantpadrunid, l\u00fchike vorm: 4 mm, 4,5 mm, 5 mm, 5,5 mm, 6 mm, 7 mm, 8 mm, 9 mm, 10 mm, 11 mm, 12 mm, 13 mm, 14 mm 1\/4&quot; kuuskantpadrunid, pikk vorm: 4 mm, 5 mm, 6 mm, 7 mm, 8 mm, 9 mm, 10 mm 1\/4\u201c Torx-E padrun: E4, E5, E6, E7, E8, 1\/4&quot; padrunotsak, sisekuuskant: 3 mm, 4 mm, 5 mm, 6 mm 1\/4&quot; padrunotsak, lapik: 0,8 x4,0 mm, 1,0 x 5,5 mm, 1,2 x 6,5 mm, 1,2 x 7 mm 1\/4&quot; padrunotsak, ristpea PH: PH0, PH1, PH2 1\/4&quot; padrunotsak, ristpea PZ:: PZ0, PZ1, PZ2 1\/4&quot; padrunotsak, Torx: T9, T10, T15, T20, T25, T27, T30 1\/4&quot; padrunotsak, avaga Torx: TB9, TB10, TB15, TB25, TB27, TB30 3\/8&quot; kahekomponentne kahesuunaline narre, peenhammastusega, 19,8 cm 3\/8&quot; padrunv\u00f5tmepikendus, 15 cm 3\/8&quot; kardaanliigend 3\/8&quot; otsakuadapter 5\/16&quot; (8 mm) 3\/8&quot; padrunotsak, sisekuuskant, l\u00fchike vorm: 10 mm, 11 mm, 12 mm, 13 mm, 14 mm, 15 mm, 16 mm, 17 mm, 18 mm, 19 mm 3\/8&quot; padrunotsak sisekuuskant, pikk vorm: 10 mm, 11 mm, 12 mm, 13 mm, 14 mm, 15 mm 3\/8\u201c Torx-E padrun: E10, E11, E12, E14, E16, E18 3\/8&quot; s\u00fc\u00fctek\u00fc\u00fcnla padrunid: 18 mm 1\/2&quot; kahekomponentne kahesuunaline narre, peenhammastusega, 25 cm 1\/2&quot; padrunv\u00f5tmepikendus 12,5 cm ja 25 cm Suurendusdetail\/liugur, 1\/2&quot; (12,5 mm) kuni 3\/8\u201c (10 mm) 1\/2&quot; kardaanliigend 1\/2&quot; otsakuadapter 5\/16&quot; (8 mm) 1\/2&quot; kuuskantpadrunid, l\u00fchike vorm: 10 mm, 11 mm, 12 mm, 13 mm, 14 mm, 15 mm, 16 mm, 17 mm, 18 mm, 19 mm, 20 mm, 21 mm, 22 mm, 24 mm, 27 mm, 30 mm, 32 mm 1\/2&quot; kuuskantpadrunid, pikk vorm: 16 mm, 17 mm, 18 mm, 19 mm, 22 mm 1\/2\u201c Torx-E padrun: E20, E22 1\/2&quot; s\u00fc\u00fctek\u00fc\u00fcnla padrunid: 16 mm, 21 mm 1\/4&quot; Torx otsakud: T5, T6, T7 1\/4 Torx otsakud avaga: TB7, TB10, TB15, TB20, TB25, TB27, TB30, TB40, TB45 1\/4&quot; XZN otsakud: M5, M6, M8 1\/4&quot; kiilusoon-otsakud: M5, M6, M7, M8, M9 5\/16&quot; sisekuuskant otsakud: 7 mm, 8 mm, 10 mm, 12 mm, 14 mm 5\/16&quot; soonega otsakud: 8 mm, 10 mm, 12 mm 5\/16&quot; ristpeakruvi otsakud PH: PH3, PH4 5\/16&quot; ristpeakruvi otsakud PZ: PZ3, PZ4 5\/16&quot; Torx otsakud: T40, T45, T50, T55, T60, T70 5\/16 Torx otsakud avaga: TB40, TB45, TB50, TB55, TB60, TB70 7-osaline vinkelkruvikeerajate komplekt, sisekuuskant: 1,5 mm, 2 mm, 2,5 mm, 3 mm, 4 mm, 5 mm, 6 mm\" \/>\n<meta property=\"og:url\" content=\"https:\/\/ranoja.ee\/toode\/padrunikomplekt-1-4-3-8-1-2-172-osa-brilliant-tools\/\" \/>\n<meta property=\"og:site_name\" content=\"Ranoja\" \/>\n<meta property=\"article:publisher\" content=\"https:\/\/www.facebook.com\/ranoja.ee\" \/>\n<meta property=\"article:modified_time\" content=\"2026-03-17T12:43:51+00:00\" \/>\n<meta property=\"og:image\" content=\"https:\/\/ranoja.ee\/wp-content\/uploads\/2026\/03\/203842325.jpg\" \/>\n\t<meta property=\"og:image:width\" content=\"740\" \/>\n\t<meta property=\"og:image:height\" content=\"768\" \/>\n\t<meta property=\"og:image:type\" content=\"image\/jpeg\" \/>\n<meta name=\"twitter:card\" content=\"summary_large_image\" \/>\n<script type=\"application\/ld+json\" class=\"yoast-schema-graph\">{\"@context\":\"https:\\\/\\\/schema.org\",\"@graph\":[{\"@type\":\"WebPage\",\"@id\":\"https:\\\/\\\/ranoja.ee\\\/toode\\\/padrunikomplekt-1-4-3-8-1-2-172-osa-brilliant-tools\\\/\",\"url\":\"https:\\\/\\\/ranoja.ee\\\/toode\\\/padrunikomplekt-1-4-3-8-1-2-172-osa-brilliant-tools\\\/\",\"name\":\"Padrunikomplekt, 1\\\/4``, 3\\\/8``, 1\\\/2``, 172-osa, Brilliant Tools - Ranoja\",\"isPartOf\":{\"@id\":\"https:\\\/\\\/ranoja.ee\\\/#website\"},\"primaryImageOfPage\":{\"@id\":\"https:\\\/\\\/ranoja.ee\\\/toode\\\/padrunikomplekt-1-4-3-8-1-2-172-osa-brilliant-tools\\\/#primaryimage\"},\"image\":{\"@id\":\"https:\\\/\\\/ranoja.ee\\\/toode\\\/padrunikomplekt-1-4-3-8-1-2-172-osa-brilliant-tools\\\/#primaryimage\"},\"thumbnailUrl\":\"https:\\\/\\\/ranoja.ee\\\/wp-content\\\/uploads\\\/2026\\\/03\\\/203842325.jpg\",\"datePublished\":\"2026-03-16T22:54:55+00:00\",\"dateModified\":\"2026-03-17T12:43:51+00:00\",\"breadcrumb\":{\"@id\":\"https:\\\/\\\/ranoja.ee\\\/toode\\\/padrunikomplekt-1-4-3-8-1-2-172-osa-brilliant-tools\\\/#breadcrumb\"},\"inLanguage\":\"en-US\",\"potentialAction\":[{\"@type\":\"ReadAction\",\"target\":[\"https:\\\/\\\/ranoja.ee\\\/toode\\\/padrunikomplekt-1-4-3-8-1-2-172-osa-brilliant-tools\\\/\"]}]},{\"@type\":\"ImageObject\",\"inLanguage\":\"en-US\",\"@id\":\"https:\\\/\\\/ranoja.ee\\\/toode\\\/padrunikomplekt-1-4-3-8-1-2-172-osa-brilliant-tools\\\/#primaryimage\",\"url\":\"https:\\\/\\\/ranoja.ee\\\/wp-content\\\/uploads\\\/2026\\\/03\\\/203842325.jpg\",\"contentUrl\":\"https:\\\/\\\/ranoja.ee\\\/wp-content\\\/uploads\\\/2026\\\/03\\\/203842325.jpg\",\"width\":740,\"height\":768},{\"@type\":\"BreadcrumbList\",\"@id\":\"https:\\\/\\\/ranoja.ee\\\/toode\\\/padrunikomplekt-1-4-3-8-1-2-172-osa-brilliant-tools\\\/#breadcrumb\",\"itemListElement\":[{\"@type\":\"ListItem\",\"position\":1,\"name\":\"Home\",\"item\":\"https:\\\/\\\/ranoja.ee\\\/\"},{\"@type\":\"ListItem\",\"position\":2,\"name\":\"Shop\",\"item\":\"https:\\\/\\\/ranoja.ee\\\/en\\\/shop\\\/\"},{\"@type\":\"ListItem\",\"position\":3,\"name\":\"Padrunikomplekt, 1\\\/4&#8220;, 3\\\/8&#8220;, 1\\\/2&#8220;, 172-osa, Brilliant Tools\"}]},{\"@type\":\"WebSite\",\"@id\":\"https:\\\/\\\/ranoja.ee\\\/#website\",\"url\":\"https:\\\/\\\/ranoja.ee\\\/\",\"name\":\"Ranoja\",\"description\":\"Equipment Shop WooCommerce WordPress Theme for Machine &amp; Tools\",\"publisher\":{\"@id\":\"https:\\\/\\\/ranoja.ee\\\/#organization\"},\"potentialAction\":[{\"@type\":\"SearchAction\",\"target\":{\"@type\":\"EntryPoint\",\"urlTemplate\":\"https:\\\/\\\/ranoja.ee\\\/?s={search_term_string}\"},\"query-input\":{\"@type\":\"PropertyValueSpecification\",\"valueRequired\":true,\"valueName\":\"search_term_string\"}}],\"inLanguage\":\"en-US\"},{\"@type\":\"Organization\",\"@id\":\"https:\\\/\\\/ranoja.ee\\\/#organization\",\"name\":\"Ranoja O\u00dc\",\"url\":\"https:\\\/\\\/ranoja.ee\\\/\",\"logo\":{\"@type\":\"ImageObject\",\"inLanguage\":\"en-US\",\"@id\":\"https:\\\/\\\/ranoja.ee\\\/#\\\/schema\\\/logo\\\/image\\\/\",\"url\":\"https:\\\/\\\/ranoja.ee\\\/wp-content\\\/uploads\\\/2023\\\/11\\\/ranoja-Logo.png\",\"contentUrl\":\"https:\\\/\\\/ranoja.ee\\\/wp-content\\\/uploads\\\/2023\\\/11\\\/ranoja-Logo.png\",\"width\":207,\"height\":58,\"caption\":\"Ranoja O\u00dc\"},\"image\":{\"@id\":\"https:\\\/\\\/ranoja.ee\\\/#\\\/schema\\\/logo\\\/image\\\/\"},\"sameAs\":[\"https:\\\/\\\/www.facebook.com\\\/ranoja.ee\",\"https:\\\/\\\/www.instagram.com\\\/ranoja__\\\/\"]}]}<\/script>\n<!-- \/ Yoast SEO plugin. -->","yoast_head_json":{"title":"Padrunikomplekt, 1\/4``, 3\/8``, 1\/2``, 172-osa, Brilliant Tools - Ranoja","robots":{"index":"index","follow":"follow","max-snippet":"max-snippet:-1","max-image-preview":"max-image-preview:large","max-video-preview":"max-video-preview:-1"},"canonical":"https:\/\/ranoja.ee\/toode\/padrunikomplekt-1-4-3-8-1-2-172-osa-brilliant-tools\/","og_locale":"en_US","og_type":"article","og_title":"Padrunikomplekt, 1\/4``, 3\/8``, 1\/2``, 172-osa, Brilliant Tools - Ranoja","og_description":"172-osaline padrunv\u00f5tmete komplekt 1\/4\" (6,3 mm), 3\/8\" (10 mm), 1\/2\" ( 12,5 mm) v\u00f5imalik leida kiiresti \u00f5ige t\u00f6\u00f6riist kahekomponentne k\u00e4epide h\u00f5lbustab kinni- ja lahtikeeramist Kahekomponentnsed kahesuunalised narred, integreeritud kangi \u00fcmberl\u00fclitusega k\u00e4itatavad parem- ja vasaksuunaliselt, surunupul\u00fclitusega Korrastatud ja klamberkinnitusega fikseeritud t\u00f6\u00f6riistad K\u00f5ik valmistatud vastavalt DIN n\u00f5uetele Kvaliteetsest kroom-vanaadium-terasest t\u00f6\u00f6riistad eriti pikaaegseks kasutamiseks matt kroomitud  172-osaline BRILLIANT TOOLS padrunv\u00f5tmete komplekt BT023172 on valmistatud vastavalt DIN n\u00f5uetele. Komplekt koos narrede ja tarvikutega on varustatud kolme erineva sisenelikantajamiga: 1\/4\" (6,3 mm), 3\/8\" (10 mm) ja 1\/2\" (12,5 mm). See komplekt on praktiline vahend k\u00f5igiks kruvide kinni- ja lahtikeeramist\u00f6\u00f6deks. Ulatuslik komplekt tarnitakse praktilises metallhingedega kohvris, millel on klamberkinnitused t\u00f6\u00f6riistade jaoks. Kohvri m\u00e4rgistus v\u00f5imaldab sobivad tarvikud v\u00f5i otsakud kiiresti \u00fcles leida. Eriti k\u00e4es\u00f5bralikke kahesuunalisi narresid saab kangiga \u00fcmberl\u00fclitusega seadistada parem- v\u00f5i vasaksuunaliseks. Surunupul\u00fclitusega saate padrunid ja pikendused kiiresti ja mugavalt nii eemaldada kui ka sisestada. Erilise turvaelemendina v\u00e4ldib surunupul\u00fclitus pistik\u00fchenduse juhuslikku lahtitulekut. 72 hambaga peenehammastus ja 5\u00b0 tagumine p\u00f6\u00f6rdenurk v\u00f5imaldavad raskete kruvi\u00fchenduste k\u00e4sitsemist ka v\u00e4ga piiratud ruumis. Padrunv\u00f5tmepikendused ja kardaanliigendid aitavad j\u00f5uda raskesti ligip\u00e4\u00e4setavate kruvi\u00fchendusteni. Tarvikukomplekt k\u00f5igi kolme narresuuruse jaoks on 13-osaline. Kokku on selles 85 padrunit, 30 padrunotsakut, 44 otsakut kahes suuruses 5\/16\" (8 mm) ja 1\/4\" (6,3 mm) ja 7 vinkelkruvikeerajat. Tarnekomplekt: 1\/4\" kahekomponentne kahesuunaline narre, peenhammastusega, 15 cm 1\/4\" nelikant-padrunk\u00e4epide, 15 cm 1\/4\" padrunv\u00f5tmepikendus 50 mm, 10 cm 1\/4\" liuguriga T-k\u00e4epide, 10 cm 1\/4\" kardaanliigend 1\/4\" otsaku adapter 1\/4\" kuuskantpadrunid, l\u00fchike vorm: 4 mm, 4,5 mm, 5 mm, 5,5 mm, 6 mm, 7 mm, 8 mm, 9 mm, 10 mm, 11 mm, 12 mm, 13 mm, 14 mm 1\/4\" kuuskantpadrunid, pikk vorm: 4 mm, 5 mm, 6 mm, 7 mm, 8 mm, 9 mm, 10 mm 1\/4\u201c Torx-E padrun: E4, E5, E6, E7, E8, 1\/4\" padrunotsak, sisekuuskant: 3 mm, 4 mm, 5 mm, 6 mm 1\/4\" padrunotsak, lapik: 0,8 x4,0 mm, 1,0 x 5,5 mm, 1,2 x 6,5 mm, 1,2 x 7 mm 1\/4\" padrunotsak, ristpea PH: PH0, PH1, PH2 1\/4\" padrunotsak, ristpea PZ:: PZ0, PZ1, PZ2 1\/4\" padrunotsak, Torx: T9, T10, T15, T20, T25, T27, T30 1\/4\" padrunotsak, avaga Torx: TB9, TB10, TB15, TB25, TB27, TB30 3\/8\" kahekomponentne kahesuunaline narre, peenhammastusega, 19,8 cm 3\/8\" padrunv\u00f5tmepikendus, 15 cm 3\/8\" kardaanliigend 3\/8\" otsakuadapter 5\/16\" (8 mm) 3\/8\" padrunotsak, sisekuuskant, l\u00fchike vorm: 10 mm, 11 mm, 12 mm, 13 mm, 14 mm, 15 mm, 16 mm, 17 mm, 18 mm, 19 mm 3\/8\" padrunotsak sisekuuskant, pikk vorm: 10 mm, 11 mm, 12 mm, 13 mm, 14 mm, 15 mm 3\/8\u201c Torx-E padrun: E10, E11, E12, E14, E16, E18 3\/8\" s\u00fc\u00fctek\u00fc\u00fcnla padrunid: 18 mm 1\/2\" kahekomponentne kahesuunaline narre, peenhammastusega, 25 cm 1\/2\" padrunv\u00f5tmepikendus 12,5 cm ja 25 cm Suurendusdetail\/liugur, 1\/2\" (12,5 mm) kuni 3\/8\u201c (10 mm) 1\/2\" kardaanliigend 1\/2\" otsakuadapter 5\/16\" (8 mm) 1\/2\" kuuskantpadrunid, l\u00fchike vorm: 10 mm, 11 mm, 12 mm, 13 mm, 14 mm, 15 mm, 16 mm, 17 mm, 18 mm, 19 mm, 20 mm, 21 mm, 22 mm, 24 mm, 27 mm, 30 mm, 32 mm 1\/2\" kuuskantpadrunid, pikk vorm: 16 mm, 17 mm, 18 mm, 19 mm, 22 mm 1\/2\u201c Torx-E padrun: E20, E22 1\/2\" s\u00fc\u00fctek\u00fc\u00fcnla padrunid: 16 mm, 21 mm 1\/4\" Torx otsakud: T5, T6, T7 1\/4 Torx otsakud avaga: TB7, TB10, TB15, TB20, TB25, TB27, TB30, TB40, TB45 1\/4\" XZN otsakud: M5, M6, M8 1\/4\" kiilusoon-otsakud: M5, M6, M7, M8, M9 5\/16\" sisekuuskant otsakud: 7 mm, 8 mm, 10 mm, 12 mm, 14 mm 5\/16\" soonega otsakud: 8 mm, 10 mm, 12 mm 5\/16\" ristpeakruvi otsakud PH: PH3, PH4 5\/16\" ristpeakruvi otsakud PZ: PZ3, PZ4 5\/16\" Torx otsakud: T40, T45, T50, T55, T60, T70 5\/16 Torx otsakud avaga: TB40, TB45, TB50, TB55, TB60, TB70 7-osaline vinkelkruvikeerajate komplekt, sisekuuskant: 1,5 mm, 2 mm, 2,5 mm, 3 mm, 4 mm, 5 mm, 6 mm","og_url":"https:\/\/ranoja.ee\/toode\/padrunikomplekt-1-4-3-8-1-2-172-osa-brilliant-tools\/","og_site_name":"Ranoja","article_publisher":"https:\/\/www.facebook.com\/ranoja.ee","article_modified_time":"2026-03-17T12:43:51+00:00","og_image":[{"width":740,"height":768,"url":"https:\/\/ranoja.ee\/wp-content\/uploads\/2026\/03\/203842325.jpg","type":"image\/jpeg"}],"twitter_card":"summary_large_image","schema":{"@context":"https:\/\/schema.org","@graph":[{"@type":"WebPage","@id":"https:\/\/ranoja.ee\/toode\/padrunikomplekt-1-4-3-8-1-2-172-osa-brilliant-tools\/","url":"https:\/\/ranoja.ee\/toode\/padrunikomplekt-1-4-3-8-1-2-172-osa-brilliant-tools\/","name":"Padrunikomplekt, 1\/4``, 3\/8``, 1\/2``, 172-osa, Brilliant Tools - Ranoja","isPartOf":{"@id":"https:\/\/ranoja.ee\/#website"},"primaryImageOfPage":{"@id":"https:\/\/ranoja.ee\/toode\/padrunikomplekt-1-4-3-8-1-2-172-osa-brilliant-tools\/#primaryimage"},"image":{"@id":"https:\/\/ranoja.ee\/toode\/padrunikomplekt-1-4-3-8-1-2-172-osa-brilliant-tools\/#primaryimage"},"thumbnailUrl":"https:\/\/ranoja.ee\/wp-content\/uploads\/2026\/03\/203842325.jpg","datePublished":"2026-03-16T22:54:55+00:00","dateModified":"2026-03-17T12:43:51+00:00","breadcrumb":{"@id":"https:\/\/ranoja.ee\/toode\/padrunikomplekt-1-4-3-8-1-2-172-osa-brilliant-tools\/#breadcrumb"},"inLanguage":"en-US","potentialAction":[{"@type":"ReadAction","target":["https:\/\/ranoja.ee\/toode\/padrunikomplekt-1-4-3-8-1-2-172-osa-brilliant-tools\/"]}]},{"@type":"ImageObject","inLanguage":"en-US","@id":"https:\/\/ranoja.ee\/toode\/padrunikomplekt-1-4-3-8-1-2-172-osa-brilliant-tools\/#primaryimage","url":"https:\/\/ranoja.ee\/wp-content\/uploads\/2026\/03\/203842325.jpg","contentUrl":"https:\/\/ranoja.ee\/wp-content\/uploads\/2026\/03\/203842325.jpg","width":740,"height":768},{"@type":"BreadcrumbList","@id":"https:\/\/ranoja.ee\/toode\/padrunikomplekt-1-4-3-8-1-2-172-osa-brilliant-tools\/#breadcrumb","itemListElement":[{"@type":"ListItem","position":1,"name":"Home","item":"https:\/\/ranoja.ee\/"},{"@type":"ListItem","position":2,"name":"Shop","item":"https:\/\/ranoja.ee\/en\/shop\/"},{"@type":"ListItem","position":3,"name":"Padrunikomplekt, 1\/4&#8220;, 3\/8&#8220;, 1\/2&#8220;, 172-osa, Brilliant Tools"}]},{"@type":"WebSite","@id":"https:\/\/ranoja.ee\/#website","url":"https:\/\/ranoja.ee\/","name":"Ranoja","description":"Equipment Shop WooCommerce WordPress Theme for Machine &amp; Tools","publisher":{"@id":"https:\/\/ranoja.ee\/#organization"},"potentialAction":[{"@type":"SearchAction","target":{"@type":"EntryPoint","urlTemplate":"https:\/\/ranoja.ee\/?s={search_term_string}"},"query-input":{"@type":"PropertyValueSpecification","valueRequired":true,"valueName":"search_term_string"}}],"inLanguage":"en-US"},{"@type":"Organization","@id":"https:\/\/ranoja.ee\/#organization","name":"Ranoja O\u00dc","url":"https:\/\/ranoja.ee\/","logo":{"@type":"ImageObject","inLanguage":"en-US","@id":"https:\/\/ranoja.ee\/#\/schema\/logo\/image\/","url":"https:\/\/ranoja.ee\/wp-content\/uploads\/2023\/11\/ranoja-Logo.png","contentUrl":"https:\/\/ranoja.ee\/wp-content\/uploads\/2023\/11\/ranoja-Logo.png","width":207,"height":58,"caption":"Ranoja O\u00dc"},"image":{"@id":"https:\/\/ranoja.ee\/#\/schema\/logo\/image\/"},"sameAs":["https:\/\/www.facebook.com\/ranoja.ee","https:\/\/www.instagram.com\/ranoja__\/"]}]}},"_links":{"self":[{"href":"https:\/\/ranoja.ee\/en\/wp-json\/wp\/v2\/product\/58029","targetHints":{"allow":["GET"]}}],"collection":[{"href":"https:\/\/ranoja.ee\/en\/wp-json\/wp\/v2\/product"}],"about":[{"href":"https:\/\/ranoja.ee\/en\/wp-json\/wp\/v2\/types\/product"}],"wp:featuredmedia":[{"embeddable":true,"href":"https:\/\/ranoja.ee\/en\/wp-json\/wp\/v2\/media\/58030"}],"wp:attachment":[{"href":"https:\/\/ranoja.ee\/en\/wp-json\/wp\/v2\/media?parent=58029"}],"wp:term":[{"taxonomy":"product_cat","embeddable":true,"href":"https:\/\/ranoja.ee\/en\/wp-json\/wp\/v2\/product_cat?post=58029"},{"taxonomy":"product_tag","embeddable":true,"href":"https:\/\/ranoja.ee\/en\/wp-json\/wp\/v2\/product_tag?post=58029"}],"curies":[{"name":"wp","href":"https:\/\/api.w.org\/{rel}","templated":true}]}}