{"id":58023,"date":"2026-03-17T01:54:55","date_gmt":"2026-03-16T22:54:55","guid":{"rendered":"https:\/\/ranoja.ee\/toode\/kulgloiketangid-super-knips-inox-125mm-knipex\/"},"modified":"2026-03-17T15:43:51","modified_gmt":"2026-03-17T12:43:51","slug":"kulgloiketangid-super-knips-inox-125mm-knipex","status":"publish","type":"product","link":"https:\/\/ranoja.ee\/en\/toode\/kulgloiketangid-super-knips-inox-125mm-knipex\/","title":{"rendered":"K\u00fclgl\u00f5iketangid Super Knips INOX 125mm, Knipex"},"content":{"rendered":"","protected":false},"excerpt":{"rendered":"<p>T\u00e4psustangid \u00fclit\u00e4pseks l\u00f5ikamiseks<\/p>\n<p>T\u00e4psustangid \u00fclit\u00e4pseks l\u00f5iket\u00f6\u00f6ks, n\u00e4iteks elektroonikas ja peenmehaanikas<br \/>\nLihvitud, v\u00e4ga teravad l\u00f5ikeservad ilma faasita<br \/>\nT\u00e4pselt vormitud otsad v\u00f5imaldavad l\u00f5igata juhtmeid pinna l\u00e4hedalt alates \u00d8 0,2 mm<br \/>\nK\u00e4\u00e4rl\u00f5ige kontrollitud mikrol\u00f5ikeservade nihkega tagab erakordselt t\u00e4pse l\u00f5ike ka k\u00f5ige peenematel juhtmetel ning pika kasutusea<br \/>\nLiigend roostevabast terasest neetiga<br \/>\n\u00c4\u00e4rmiselt sujuv liikumine v\u00e4hendab kasutaja v\u00e4simust<br \/>\nAvamisvedru koos avanemispiirikuga<br \/>\nL\u00f5ikeserva k\u00f5vadus: umbes 54 HRC<br \/>\nMaterjal: INOX t\u00f6\u00f6riistateras<\/p>\n<p>Disain ja viimistlus<br \/>\nPeadetail: poleeritud<br \/>\nK\u00e4epidemed: mitmekomponendilised k\u00e4epidemed<\/p>\n<p>Tehnilised andmed<br \/>\nKaal: 56 g<br \/>\nM\u00f5\u00f5dud: 125 x 65 x 13 mm<\/p>\n<p>L\u00f5ikev\u00f5ime<br \/>\nKeskmise k\u00f5vadusega traat: \u00d8 1,0 mm<br \/>\nPehme traat: \u00d8 0,1 mm<\/p>\n<p>L\u00f5ugade m\u00f5\u00f5dud<br \/>\nL\u00f5ua pikkus (B): 9 mm<br \/>\nL\u00f5ua paksus liigendi juures (D): 7,5 mm<br \/>\nPea laius (A): 13,5 mm<\/p>\n<p>Standardid ja vastavus<br \/>\nStandard: DIN ISO 9654<br \/>\nREACH: vastav, ei sisalda SVHC aineid<br \/>\nRoHS: vastav, ei ole kohaldatav<\/p>\n","protected":false},"featured_media":58024,"template":"","meta":{"inline_featured_image":false},"product_cat":[1596,1116,5150,5076],"product_tag":[],"class_list":{"0":"post-58023","1":"product","2":"type-product","3":"status-publish","4":"has-post-thumbnail","6":"product_brand-knipex","7":"product_cat-kasitooriistad","8":"product_cat-lisaseadmed-ehitusseadmed-led-lisatuled-cb-raadiod-lallar","9":"product_cat-loiketangid","10":"product_cat-tangid","12":"first","13":"instock","14":"purchasable","15":"product-type-simple"},"yoast_head":"<!-- This site is optimized with the Yoast SEO plugin v27.4 - https:\/\/yoast.com\/product\/yoast-seo-wordpress\/ -->\n<title>K\u00fclgl\u00f5iketangid Super Knips INOX 125mm, Knipex - Ranoja<\/title>\n<meta name=\"robots\" content=\"index, follow, max-snippet:-1, max-image-preview:large, max-video-preview:-1\" \/>\n<link rel=\"canonical\" href=\"https:\/\/ranoja.ee\/toode\/kulgloiketangid-super-knips-inox-125mm-knipex\/\" \/>\n<meta property=\"og:locale\" content=\"en_US\" \/>\n<meta property=\"og:type\" content=\"article\" \/>\n<meta property=\"og:title\" content=\"K\u00fclgl\u00f5iketangid Super Knips INOX 125mm, Knipex - Ranoja\" \/>\n<meta property=\"og:description\" content=\"T\u00e4psustangid \u00fclit\u00e4pseks l\u00f5ikamiseks T\u00e4psustangid \u00fclit\u00e4pseks l\u00f5iket\u00f6\u00f6ks, n\u00e4iteks elektroonikas ja peenmehaanikas Lihvitud, v\u00e4ga teravad l\u00f5ikeservad ilma faasita T\u00e4pselt vormitud otsad v\u00f5imaldavad l\u00f5igata juhtmeid pinna l\u00e4hedalt alates \u00d8 0,2 mm K\u00e4\u00e4rl\u00f5ige kontrollitud mikrol\u00f5ikeservade nihkega tagab erakordselt t\u00e4pse l\u00f5ike ka k\u00f5ige peenematel juhtmetel ning pika kasutusea Liigend roostevabast terasest neetiga \u00c4\u00e4rmiselt sujuv liikumine v\u00e4hendab kasutaja v\u00e4simust Avamisvedru koos avanemispiirikuga L\u00f5ikeserva k\u00f5vadus: umbes 54 HRC Materjal: INOX t\u00f6\u00f6riistateras Disain ja viimistlus Peadetail: poleeritud K\u00e4epidemed: mitmekomponendilised k\u00e4epidemed Tehnilised andmed Kaal: 56 g M\u00f5\u00f5dud: 125 x 65 x 13 mm L\u00f5ikev\u00f5ime Keskmise k\u00f5vadusega traat: \u00d8 1,0 mm Pehme traat: \u00d8 0,1 mm L\u00f5ugade m\u00f5\u00f5dud L\u00f5ua pikkus (B): 9 mm L\u00f5ua paksus liigendi juures (D): 7,5 mm Pea laius (A): 13,5 mm Standardid ja vastavus Standard: DIN ISO 9654 REACH: vastav, ei sisalda SVHC aineid RoHS: vastav, ei ole kohaldatav\" \/>\n<meta property=\"og:url\" content=\"https:\/\/ranoja.ee\/toode\/kulgloiketangid-super-knips-inox-125mm-knipex\/\" \/>\n<meta property=\"og:site_name\" content=\"Ranoja\" \/>\n<meta property=\"article:publisher\" content=\"https:\/\/www.facebook.com\/ranoja.ee\" \/>\n<meta property=\"article:modified_time\" content=\"2026-03-17T12:43:51+00:00\" \/>\n<meta property=\"og:image\" content=\"https:\/\/ranoja.ee\/wp-content\/uploads\/2026\/03\/168626475.jpg\" \/>\n\t<meta property=\"og:image:width\" content=\"800\" \/>\n\t<meta property=\"og:image:height\" content=\"310\" \/>\n\t<meta property=\"og:image:type\" content=\"image\/jpeg\" \/>\n<meta name=\"twitter:card\" content=\"summary_large_image\" \/>\n<script type=\"application\/ld+json\" class=\"yoast-schema-graph\">{\"@context\":\"https:\\\/\\\/schema.org\",\"@graph\":[{\"@type\":\"WebPage\",\"@id\":\"https:\\\/\\\/ranoja.ee\\\/toode\\\/kulgloiketangid-super-knips-inox-125mm-knipex\\\/\",\"url\":\"https:\\\/\\\/ranoja.ee\\\/toode\\\/kulgloiketangid-super-knips-inox-125mm-knipex\\\/\",\"name\":\"K\u00fclgl\u00f5iketangid Super Knips INOX 125mm, Knipex - Ranoja\",\"isPartOf\":{\"@id\":\"https:\\\/\\\/ranoja.ee\\\/#website\"},\"primaryImageOfPage\":{\"@id\":\"https:\\\/\\\/ranoja.ee\\\/toode\\\/kulgloiketangid-super-knips-inox-125mm-knipex\\\/#primaryimage\"},\"image\":{\"@id\":\"https:\\\/\\\/ranoja.ee\\\/toode\\\/kulgloiketangid-super-knips-inox-125mm-knipex\\\/#primaryimage\"},\"thumbnailUrl\":\"https:\\\/\\\/ranoja.ee\\\/wp-content\\\/uploads\\\/2026\\\/03\\\/168626475.jpg\",\"datePublished\":\"2026-03-16T22:54:55+00:00\",\"dateModified\":\"2026-03-17T12:43:51+00:00\",\"breadcrumb\":{\"@id\":\"https:\\\/\\\/ranoja.ee\\\/toode\\\/kulgloiketangid-super-knips-inox-125mm-knipex\\\/#breadcrumb\"},\"inLanguage\":\"en-US\",\"potentialAction\":[{\"@type\":\"ReadAction\",\"target\":[\"https:\\\/\\\/ranoja.ee\\\/toode\\\/kulgloiketangid-super-knips-inox-125mm-knipex\\\/\"]}]},{\"@type\":\"ImageObject\",\"inLanguage\":\"en-US\",\"@id\":\"https:\\\/\\\/ranoja.ee\\\/toode\\\/kulgloiketangid-super-knips-inox-125mm-knipex\\\/#primaryimage\",\"url\":\"https:\\\/\\\/ranoja.ee\\\/wp-content\\\/uploads\\\/2026\\\/03\\\/168626475.jpg\",\"contentUrl\":\"https:\\\/\\\/ranoja.ee\\\/wp-content\\\/uploads\\\/2026\\\/03\\\/168626475.jpg\",\"width\":800,\"height\":310},{\"@type\":\"BreadcrumbList\",\"@id\":\"https:\\\/\\\/ranoja.ee\\\/toode\\\/kulgloiketangid-super-knips-inox-125mm-knipex\\\/#breadcrumb\",\"itemListElement\":[{\"@type\":\"ListItem\",\"position\":1,\"name\":\"Home\",\"item\":\"https:\\\/\\\/ranoja.ee\\\/\"},{\"@type\":\"ListItem\",\"position\":2,\"name\":\"Shop\",\"item\":\"https:\\\/\\\/ranoja.ee\\\/en\\\/shop\\\/\"},{\"@type\":\"ListItem\",\"position\":3,\"name\":\"K\u00fclgl\u00f5iketangid Super Knips INOX 125mm, Knipex\"}]},{\"@type\":\"WebSite\",\"@id\":\"https:\\\/\\\/ranoja.ee\\\/#website\",\"url\":\"https:\\\/\\\/ranoja.ee\\\/\",\"name\":\"Ranoja\",\"description\":\"Equipment Shop WooCommerce WordPress Theme for Machine &amp; Tools\",\"publisher\":{\"@id\":\"https:\\\/\\\/ranoja.ee\\\/#organization\"},\"potentialAction\":[{\"@type\":\"SearchAction\",\"target\":{\"@type\":\"EntryPoint\",\"urlTemplate\":\"https:\\\/\\\/ranoja.ee\\\/?s={search_term_string}\"},\"query-input\":{\"@type\":\"PropertyValueSpecification\",\"valueRequired\":true,\"valueName\":\"search_term_string\"}}],\"inLanguage\":\"en-US\"},{\"@type\":\"Organization\",\"@id\":\"https:\\\/\\\/ranoja.ee\\\/#organization\",\"name\":\"Ranoja O\u00dc\",\"url\":\"https:\\\/\\\/ranoja.ee\\\/\",\"logo\":{\"@type\":\"ImageObject\",\"inLanguage\":\"en-US\",\"@id\":\"https:\\\/\\\/ranoja.ee\\\/#\\\/schema\\\/logo\\\/image\\\/\",\"url\":\"https:\\\/\\\/ranoja.ee\\\/wp-content\\\/uploads\\\/2023\\\/11\\\/ranoja-Logo.png\",\"contentUrl\":\"https:\\\/\\\/ranoja.ee\\\/wp-content\\\/uploads\\\/2023\\\/11\\\/ranoja-Logo.png\",\"width\":207,\"height\":58,\"caption\":\"Ranoja O\u00dc\"},\"image\":{\"@id\":\"https:\\\/\\\/ranoja.ee\\\/#\\\/schema\\\/logo\\\/image\\\/\"},\"sameAs\":[\"https:\\\/\\\/www.facebook.com\\\/ranoja.ee\",\"https:\\\/\\\/www.instagram.com\\\/ranoja__\\\/\"]}]}<\/script>\n<!-- \/ Yoast SEO plugin. -->","yoast_head_json":{"title":"K\u00fclgl\u00f5iketangid Super Knips INOX 125mm, Knipex - Ranoja","robots":{"index":"index","follow":"follow","max-snippet":"max-snippet:-1","max-image-preview":"max-image-preview:large","max-video-preview":"max-video-preview:-1"},"canonical":"https:\/\/ranoja.ee\/toode\/kulgloiketangid-super-knips-inox-125mm-knipex\/","og_locale":"en_US","og_type":"article","og_title":"K\u00fclgl\u00f5iketangid Super Knips INOX 125mm, Knipex - Ranoja","og_description":"T\u00e4psustangid \u00fclit\u00e4pseks l\u00f5ikamiseks T\u00e4psustangid \u00fclit\u00e4pseks l\u00f5iket\u00f6\u00f6ks, n\u00e4iteks elektroonikas ja peenmehaanikas Lihvitud, v\u00e4ga teravad l\u00f5ikeservad ilma faasita T\u00e4pselt vormitud otsad v\u00f5imaldavad l\u00f5igata juhtmeid pinna l\u00e4hedalt alates \u00d8 0,2 mm K\u00e4\u00e4rl\u00f5ige kontrollitud mikrol\u00f5ikeservade nihkega tagab erakordselt t\u00e4pse l\u00f5ike ka k\u00f5ige peenematel juhtmetel ning pika kasutusea Liigend roostevabast terasest neetiga \u00c4\u00e4rmiselt sujuv liikumine v\u00e4hendab kasutaja v\u00e4simust Avamisvedru koos avanemispiirikuga L\u00f5ikeserva k\u00f5vadus: umbes 54 HRC Materjal: INOX t\u00f6\u00f6riistateras Disain ja viimistlus Peadetail: poleeritud K\u00e4epidemed: mitmekomponendilised k\u00e4epidemed Tehnilised andmed Kaal: 56 g M\u00f5\u00f5dud: 125 x 65 x 13 mm L\u00f5ikev\u00f5ime Keskmise k\u00f5vadusega traat: \u00d8 1,0 mm Pehme traat: \u00d8 0,1 mm L\u00f5ugade m\u00f5\u00f5dud L\u00f5ua pikkus (B): 9 mm L\u00f5ua paksus liigendi juures (D): 7,5 mm Pea laius (A): 13,5 mm Standardid ja vastavus Standard: DIN ISO 9654 REACH: vastav, ei sisalda SVHC aineid RoHS: vastav, ei ole kohaldatav","og_url":"https:\/\/ranoja.ee\/toode\/kulgloiketangid-super-knips-inox-125mm-knipex\/","og_site_name":"Ranoja","article_publisher":"https:\/\/www.facebook.com\/ranoja.ee","article_modified_time":"2026-03-17T12:43:51+00:00","og_image":[{"width":800,"height":310,"url":"https:\/\/ranoja.ee\/wp-content\/uploads\/2026\/03\/168626475.jpg","type":"image\/jpeg"}],"twitter_card":"summary_large_image","schema":{"@context":"https:\/\/schema.org","@graph":[{"@type":"WebPage","@id":"https:\/\/ranoja.ee\/toode\/kulgloiketangid-super-knips-inox-125mm-knipex\/","url":"https:\/\/ranoja.ee\/toode\/kulgloiketangid-super-knips-inox-125mm-knipex\/","name":"K\u00fclgl\u00f5iketangid Super Knips INOX 125mm, Knipex - Ranoja","isPartOf":{"@id":"https:\/\/ranoja.ee\/#website"},"primaryImageOfPage":{"@id":"https:\/\/ranoja.ee\/toode\/kulgloiketangid-super-knips-inox-125mm-knipex\/#primaryimage"},"image":{"@id":"https:\/\/ranoja.ee\/toode\/kulgloiketangid-super-knips-inox-125mm-knipex\/#primaryimage"},"thumbnailUrl":"https:\/\/ranoja.ee\/wp-content\/uploads\/2026\/03\/168626475.jpg","datePublished":"2026-03-16T22:54:55+00:00","dateModified":"2026-03-17T12:43:51+00:00","breadcrumb":{"@id":"https:\/\/ranoja.ee\/toode\/kulgloiketangid-super-knips-inox-125mm-knipex\/#breadcrumb"},"inLanguage":"en-US","potentialAction":[{"@type":"ReadAction","target":["https:\/\/ranoja.ee\/toode\/kulgloiketangid-super-knips-inox-125mm-knipex\/"]}]},{"@type":"ImageObject","inLanguage":"en-US","@id":"https:\/\/ranoja.ee\/toode\/kulgloiketangid-super-knips-inox-125mm-knipex\/#primaryimage","url":"https:\/\/ranoja.ee\/wp-content\/uploads\/2026\/03\/168626475.jpg","contentUrl":"https:\/\/ranoja.ee\/wp-content\/uploads\/2026\/03\/168626475.jpg","width":800,"height":310},{"@type":"BreadcrumbList","@id":"https:\/\/ranoja.ee\/toode\/kulgloiketangid-super-knips-inox-125mm-knipex\/#breadcrumb","itemListElement":[{"@type":"ListItem","position":1,"name":"Home","item":"https:\/\/ranoja.ee\/"},{"@type":"ListItem","position":2,"name":"Shop","item":"https:\/\/ranoja.ee\/en\/shop\/"},{"@type":"ListItem","position":3,"name":"K\u00fclgl\u00f5iketangid Super Knips INOX 125mm, Knipex"}]},{"@type":"WebSite","@id":"https:\/\/ranoja.ee\/#website","url":"https:\/\/ranoja.ee\/","name":"Ranoja","description":"Equipment Shop WooCommerce WordPress Theme for Machine &amp; Tools","publisher":{"@id":"https:\/\/ranoja.ee\/#organization"},"potentialAction":[{"@type":"SearchAction","target":{"@type":"EntryPoint","urlTemplate":"https:\/\/ranoja.ee\/?s={search_term_string}"},"query-input":{"@type":"PropertyValueSpecification","valueRequired":true,"valueName":"search_term_string"}}],"inLanguage":"en-US"},{"@type":"Organization","@id":"https:\/\/ranoja.ee\/#organization","name":"Ranoja O\u00dc","url":"https:\/\/ranoja.ee\/","logo":{"@type":"ImageObject","inLanguage":"en-US","@id":"https:\/\/ranoja.ee\/#\/schema\/logo\/image\/","url":"https:\/\/ranoja.ee\/wp-content\/uploads\/2023\/11\/ranoja-Logo.png","contentUrl":"https:\/\/ranoja.ee\/wp-content\/uploads\/2023\/11\/ranoja-Logo.png","width":207,"height":58,"caption":"Ranoja O\u00dc"},"image":{"@id":"https:\/\/ranoja.ee\/#\/schema\/logo\/image\/"},"sameAs":["https:\/\/www.facebook.com\/ranoja.ee","https:\/\/www.instagram.com\/ranoja__\/"]}]}},"_links":{"self":[{"href":"https:\/\/ranoja.ee\/en\/wp-json\/wp\/v2\/product\/58023","targetHints":{"allow":["GET"]}}],"collection":[{"href":"https:\/\/ranoja.ee\/en\/wp-json\/wp\/v2\/product"}],"about":[{"href":"https:\/\/ranoja.ee\/en\/wp-json\/wp\/v2\/types\/product"}],"wp:featuredmedia":[{"embeddable":true,"href":"https:\/\/ranoja.ee\/en\/wp-json\/wp\/v2\/media\/58024"}],"wp:attachment":[{"href":"https:\/\/ranoja.ee\/en\/wp-json\/wp\/v2\/media?parent=58023"}],"wp:term":[{"taxonomy":"product_cat","embeddable":true,"href":"https:\/\/ranoja.ee\/en\/wp-json\/wp\/v2\/product_cat?post=58023"},{"taxonomy":"product_tag","embeddable":true,"href":"https:\/\/ranoja.ee\/en\/wp-json\/wp\/v2\/product_tag?post=58023"}],"curies":[{"name":"wp","href":"https:\/\/api.w.org\/{rel}","templated":true}]}}