{"id":58021,"date":"2026-03-17T01:54:55","date_gmt":"2026-03-16T22:54:55","guid":{"rendered":"https:\/\/ranoja.ee\/toode\/puruimeja-dc100-koos-4-adapteriga-scheppach\/"},"modified":"2026-03-17T15:43:51","modified_gmt":"2026-03-17T12:43:51","slug":"puruimeja-dc100-koos-4-adapteriga-scheppach","status":"publish","type":"product","link":"https:\/\/ranoja.ee\/en\/toode\/puruimeja-dc100-koos-4-adapteriga-scheppach\/","title":{"rendered":"Puruimeja DC100 koos 4 adapteriga, Scheppach"},"content":{"rendered":"","protected":false},"excerpt":{"rendered":"<p>Sisendv\u00f5imsus: 1,2 kW<br \/>\nM\u00f5\u00f5tmed P\/L\/K: 400 x 400 x 700 mm<br \/>\nVooliku \u00fchendus \u0172: 100 mm<br \/>\nVooliku pikkus: 2000 mm<br \/>\n\u00d5huvool: 215 m\u00b3\/h<br \/>\nMaksimaalne vaakum: 2500 Pa<br \/>\nFiltri pindala: 0,3 m\u00b2<br \/>\nPaak: 65 l<br \/>\nMootor: 230 V<br \/>\nKaal: 5,0 kg<\/p>\n<p>T\u00e4ielik mobiilsus.<br \/>\nPainduv voolik (100 mm) mitmete adapteritega muudab t\u00f6\u00f6riista ideaalseks vahendiks \u00fcheotstarbeliste t\u00f6\u00f6pinkide, nagu lauasae jaoks ja v\u00f5rdselt sobivaks k\u00f5igi elektriliste t\u00f6\u00f6riistade jaoks<br \/>\nTugev trummelkonteiner<br \/>\nVahetatavad filtrid. Tarnitakse komplektis nelja paberfiltriga, nii et saate kohe kasutama hakata<br \/>\nLihtne hoida. Kui ei ole kasutusel, siis saab hoida k\u00e4eparaselt t\u00f6\u00f6pingi all<br \/>\nTaskukohane. Hind rahuldab ka k\u00f5ige m\u00f5\u00f5dukamat eelarvet.<br \/>\nSobib MDF puitlaastplaatide jaoks.<\/p>\n<p>Esmaklassiline vahend v\u00e4ikese t\u00f6\u00f6koja jaoks.<\/p>\n","protected":false},"featured_media":58022,"template":"","meta":{"inline_featured_image":false},"product_cat":[5151,5090],"product_tag":[],"class_list":{"0":"post-58021","1":"product","2":"type-product","3":"status-publish","4":"has-post-thumbnail","6":"product_brand-scheppach","7":"product_cat-puruimurid","8":"product_cat-teisaldatavad-toopingid","10":"first","11":"instock","12":"purchasable","13":"product-type-simple"},"yoast_head":"<!-- This site is optimized with the Yoast SEO plugin v27.4 - https:\/\/yoast.com\/product\/yoast-seo-wordpress\/ -->\n<title>Puruimeja DC100 koos 4 adapteriga, Scheppach - Ranoja<\/title>\n<meta name=\"robots\" content=\"index, follow, max-snippet:-1, max-image-preview:large, max-video-preview:-1\" \/>\n<link rel=\"canonical\" href=\"https:\/\/ranoja.ee\/toode\/puruimeja-dc100-koos-4-adapteriga-scheppach\/\" \/>\n<meta property=\"og:locale\" content=\"en_US\" \/>\n<meta property=\"og:type\" content=\"article\" \/>\n<meta property=\"og:title\" content=\"Puruimeja DC100 koos 4 adapteriga, Scheppach - Ranoja\" \/>\n<meta property=\"og:description\" content=\"Sisendv\u00f5imsus: 1,2 kW M\u00f5\u00f5tmed P\/L\/K: 400 x 400 x 700 mm Vooliku \u00fchendus \u0172: 100 mm Vooliku pikkus: 2000 mm \u00d5huvool: 215 m\u00b3\/h Maksimaalne vaakum: 2500 Pa Filtri pindala: 0,3 m\u00b2 Paak: 65 l Mootor: 230 V Kaal: 5,0 kg T\u00e4ielik mobiilsus. Painduv voolik (100 mm) mitmete adapteritega muudab t\u00f6\u00f6riista ideaalseks vahendiks \u00fcheotstarbeliste t\u00f6\u00f6pinkide, nagu lauasae jaoks ja v\u00f5rdselt sobivaks k\u00f5igi elektriliste t\u00f6\u00f6riistade jaoks Tugev trummelkonteiner Vahetatavad filtrid. Tarnitakse komplektis nelja paberfiltriga, nii et saate kohe kasutama hakata Lihtne hoida. Kui ei ole kasutusel, siis saab hoida k\u00e4eparaselt t\u00f6\u00f6pingi all Taskukohane. Hind rahuldab ka k\u00f5ige m\u00f5\u00f5dukamat eelarvet. Sobib MDF puitlaastplaatide jaoks. Esmaklassiline vahend v\u00e4ikese t\u00f6\u00f6koja jaoks.\" \/>\n<meta property=\"og:url\" content=\"https:\/\/ranoja.ee\/toode\/puruimeja-dc100-koos-4-adapteriga-scheppach\/\" \/>\n<meta property=\"og:site_name\" content=\"Ranoja\" \/>\n<meta property=\"article:publisher\" content=\"https:\/\/www.facebook.com\/ranoja.ee\" \/>\n<meta property=\"article:modified_time\" content=\"2026-03-17T12:43:51+00:00\" \/>\n<meta property=\"og:image\" content=\"https:\/\/ranoja.ee\/wp-content\/uploads\/2026\/03\/214801422.jpg\" \/>\n\t<meta property=\"og:image:width\" content=\"672\" \/>\n\t<meta property=\"og:image:height\" content=\"768\" \/>\n\t<meta property=\"og:image:type\" content=\"image\/jpeg\" \/>\n<meta name=\"twitter:card\" content=\"summary_large_image\" \/>\n<script type=\"application\/ld+json\" class=\"yoast-schema-graph\">{\"@context\":\"https:\\\/\\\/schema.org\",\"@graph\":[{\"@type\":\"WebPage\",\"@id\":\"https:\\\/\\\/ranoja.ee\\\/toode\\\/puruimeja-dc100-koos-4-adapteriga-scheppach\\\/\",\"url\":\"https:\\\/\\\/ranoja.ee\\\/toode\\\/puruimeja-dc100-koos-4-adapteriga-scheppach\\\/\",\"name\":\"Puruimeja DC100 koos 4 adapteriga, Scheppach - Ranoja\",\"isPartOf\":{\"@id\":\"https:\\\/\\\/ranoja.ee\\\/#website\"},\"primaryImageOfPage\":{\"@id\":\"https:\\\/\\\/ranoja.ee\\\/toode\\\/puruimeja-dc100-koos-4-adapteriga-scheppach\\\/#primaryimage\"},\"image\":{\"@id\":\"https:\\\/\\\/ranoja.ee\\\/toode\\\/puruimeja-dc100-koos-4-adapteriga-scheppach\\\/#primaryimage\"},\"thumbnailUrl\":\"https:\\\/\\\/ranoja.ee\\\/wp-content\\\/uploads\\\/2026\\\/03\\\/214801422.jpg\",\"datePublished\":\"2026-03-16T22:54:55+00:00\",\"dateModified\":\"2026-03-17T12:43:51+00:00\",\"breadcrumb\":{\"@id\":\"https:\\\/\\\/ranoja.ee\\\/toode\\\/puruimeja-dc100-koos-4-adapteriga-scheppach\\\/#breadcrumb\"},\"inLanguage\":\"en-US\",\"potentialAction\":[{\"@type\":\"ReadAction\",\"target\":[\"https:\\\/\\\/ranoja.ee\\\/toode\\\/puruimeja-dc100-koos-4-adapteriga-scheppach\\\/\"]}]},{\"@type\":\"ImageObject\",\"inLanguage\":\"en-US\",\"@id\":\"https:\\\/\\\/ranoja.ee\\\/toode\\\/puruimeja-dc100-koos-4-adapteriga-scheppach\\\/#primaryimage\",\"url\":\"https:\\\/\\\/ranoja.ee\\\/wp-content\\\/uploads\\\/2026\\\/03\\\/214801422.jpg\",\"contentUrl\":\"https:\\\/\\\/ranoja.ee\\\/wp-content\\\/uploads\\\/2026\\\/03\\\/214801422.jpg\",\"width\":672,\"height\":768},{\"@type\":\"BreadcrumbList\",\"@id\":\"https:\\\/\\\/ranoja.ee\\\/toode\\\/puruimeja-dc100-koos-4-adapteriga-scheppach\\\/#breadcrumb\",\"itemListElement\":[{\"@type\":\"ListItem\",\"position\":1,\"name\":\"Home\",\"item\":\"https:\\\/\\\/ranoja.ee\\\/\"},{\"@type\":\"ListItem\",\"position\":2,\"name\":\"Shop\",\"item\":\"https:\\\/\\\/ranoja.ee\\\/en\\\/shop\\\/\"},{\"@type\":\"ListItem\",\"position\":3,\"name\":\"Puruimeja DC100 koos 4 adapteriga, Scheppach\"}]},{\"@type\":\"WebSite\",\"@id\":\"https:\\\/\\\/ranoja.ee\\\/#website\",\"url\":\"https:\\\/\\\/ranoja.ee\\\/\",\"name\":\"Ranoja\",\"description\":\"Equipment Shop WooCommerce WordPress Theme for Machine &amp; Tools\",\"publisher\":{\"@id\":\"https:\\\/\\\/ranoja.ee\\\/#organization\"},\"potentialAction\":[{\"@type\":\"SearchAction\",\"target\":{\"@type\":\"EntryPoint\",\"urlTemplate\":\"https:\\\/\\\/ranoja.ee\\\/?s={search_term_string}\"},\"query-input\":{\"@type\":\"PropertyValueSpecification\",\"valueRequired\":true,\"valueName\":\"search_term_string\"}}],\"inLanguage\":\"en-US\"},{\"@type\":\"Organization\",\"@id\":\"https:\\\/\\\/ranoja.ee\\\/#organization\",\"name\":\"Ranoja O\u00dc\",\"url\":\"https:\\\/\\\/ranoja.ee\\\/\",\"logo\":{\"@type\":\"ImageObject\",\"inLanguage\":\"en-US\",\"@id\":\"https:\\\/\\\/ranoja.ee\\\/#\\\/schema\\\/logo\\\/image\\\/\",\"url\":\"https:\\\/\\\/ranoja.ee\\\/wp-content\\\/uploads\\\/2023\\\/11\\\/ranoja-Logo.png\",\"contentUrl\":\"https:\\\/\\\/ranoja.ee\\\/wp-content\\\/uploads\\\/2023\\\/11\\\/ranoja-Logo.png\",\"width\":207,\"height\":58,\"caption\":\"Ranoja O\u00dc\"},\"image\":{\"@id\":\"https:\\\/\\\/ranoja.ee\\\/#\\\/schema\\\/logo\\\/image\\\/\"},\"sameAs\":[\"https:\\\/\\\/www.facebook.com\\\/ranoja.ee\",\"https:\\\/\\\/www.instagram.com\\\/ranoja__\\\/\"]}]}<\/script>\n<!-- \/ Yoast SEO plugin. -->","yoast_head_json":{"title":"Puruimeja DC100 koos 4 adapteriga, Scheppach - Ranoja","robots":{"index":"index","follow":"follow","max-snippet":"max-snippet:-1","max-image-preview":"max-image-preview:large","max-video-preview":"max-video-preview:-1"},"canonical":"https:\/\/ranoja.ee\/toode\/puruimeja-dc100-koos-4-adapteriga-scheppach\/","og_locale":"en_US","og_type":"article","og_title":"Puruimeja DC100 koos 4 adapteriga, Scheppach - Ranoja","og_description":"Sisendv\u00f5imsus: 1,2 kW M\u00f5\u00f5tmed P\/L\/K: 400 x 400 x 700 mm Vooliku \u00fchendus \u0172: 100 mm Vooliku pikkus: 2000 mm \u00d5huvool: 215 m\u00b3\/h Maksimaalne vaakum: 2500 Pa Filtri pindala: 0,3 m\u00b2 Paak: 65 l Mootor: 230 V Kaal: 5,0 kg T\u00e4ielik mobiilsus. Painduv voolik (100 mm) mitmete adapteritega muudab t\u00f6\u00f6riista ideaalseks vahendiks \u00fcheotstarbeliste t\u00f6\u00f6pinkide, nagu lauasae jaoks ja v\u00f5rdselt sobivaks k\u00f5igi elektriliste t\u00f6\u00f6riistade jaoks Tugev trummelkonteiner Vahetatavad filtrid. Tarnitakse komplektis nelja paberfiltriga, nii et saate kohe kasutama hakata Lihtne hoida. Kui ei ole kasutusel, siis saab hoida k\u00e4eparaselt t\u00f6\u00f6pingi all Taskukohane. Hind rahuldab ka k\u00f5ige m\u00f5\u00f5dukamat eelarvet. Sobib MDF puitlaastplaatide jaoks. Esmaklassiline vahend v\u00e4ikese t\u00f6\u00f6koja jaoks.","og_url":"https:\/\/ranoja.ee\/toode\/puruimeja-dc100-koos-4-adapteriga-scheppach\/","og_site_name":"Ranoja","article_publisher":"https:\/\/www.facebook.com\/ranoja.ee","article_modified_time":"2026-03-17T12:43:51+00:00","og_image":[{"width":672,"height":768,"url":"https:\/\/ranoja.ee\/wp-content\/uploads\/2026\/03\/214801422.jpg","type":"image\/jpeg"}],"twitter_card":"summary_large_image","schema":{"@context":"https:\/\/schema.org","@graph":[{"@type":"WebPage","@id":"https:\/\/ranoja.ee\/toode\/puruimeja-dc100-koos-4-adapteriga-scheppach\/","url":"https:\/\/ranoja.ee\/toode\/puruimeja-dc100-koos-4-adapteriga-scheppach\/","name":"Puruimeja DC100 koos 4 adapteriga, Scheppach - Ranoja","isPartOf":{"@id":"https:\/\/ranoja.ee\/#website"},"primaryImageOfPage":{"@id":"https:\/\/ranoja.ee\/toode\/puruimeja-dc100-koos-4-adapteriga-scheppach\/#primaryimage"},"image":{"@id":"https:\/\/ranoja.ee\/toode\/puruimeja-dc100-koos-4-adapteriga-scheppach\/#primaryimage"},"thumbnailUrl":"https:\/\/ranoja.ee\/wp-content\/uploads\/2026\/03\/214801422.jpg","datePublished":"2026-03-16T22:54:55+00:00","dateModified":"2026-03-17T12:43:51+00:00","breadcrumb":{"@id":"https:\/\/ranoja.ee\/toode\/puruimeja-dc100-koos-4-adapteriga-scheppach\/#breadcrumb"},"inLanguage":"en-US","potentialAction":[{"@type":"ReadAction","target":["https:\/\/ranoja.ee\/toode\/puruimeja-dc100-koos-4-adapteriga-scheppach\/"]}]},{"@type":"ImageObject","inLanguage":"en-US","@id":"https:\/\/ranoja.ee\/toode\/puruimeja-dc100-koos-4-adapteriga-scheppach\/#primaryimage","url":"https:\/\/ranoja.ee\/wp-content\/uploads\/2026\/03\/214801422.jpg","contentUrl":"https:\/\/ranoja.ee\/wp-content\/uploads\/2026\/03\/214801422.jpg","width":672,"height":768},{"@type":"BreadcrumbList","@id":"https:\/\/ranoja.ee\/toode\/puruimeja-dc100-koos-4-adapteriga-scheppach\/#breadcrumb","itemListElement":[{"@type":"ListItem","position":1,"name":"Home","item":"https:\/\/ranoja.ee\/"},{"@type":"ListItem","position":2,"name":"Shop","item":"https:\/\/ranoja.ee\/en\/shop\/"},{"@type":"ListItem","position":3,"name":"Puruimeja DC100 koos 4 adapteriga, Scheppach"}]},{"@type":"WebSite","@id":"https:\/\/ranoja.ee\/#website","url":"https:\/\/ranoja.ee\/","name":"Ranoja","description":"Equipment Shop WooCommerce WordPress Theme for Machine &amp; Tools","publisher":{"@id":"https:\/\/ranoja.ee\/#organization"},"potentialAction":[{"@type":"SearchAction","target":{"@type":"EntryPoint","urlTemplate":"https:\/\/ranoja.ee\/?s={search_term_string}"},"query-input":{"@type":"PropertyValueSpecification","valueRequired":true,"valueName":"search_term_string"}}],"inLanguage":"en-US"},{"@type":"Organization","@id":"https:\/\/ranoja.ee\/#organization","name":"Ranoja O\u00dc","url":"https:\/\/ranoja.ee\/","logo":{"@type":"ImageObject","inLanguage":"en-US","@id":"https:\/\/ranoja.ee\/#\/schema\/logo\/image\/","url":"https:\/\/ranoja.ee\/wp-content\/uploads\/2023\/11\/ranoja-Logo.png","contentUrl":"https:\/\/ranoja.ee\/wp-content\/uploads\/2023\/11\/ranoja-Logo.png","width":207,"height":58,"caption":"Ranoja O\u00dc"},"image":{"@id":"https:\/\/ranoja.ee\/#\/schema\/logo\/image\/"},"sameAs":["https:\/\/www.facebook.com\/ranoja.ee","https:\/\/www.instagram.com\/ranoja__\/"]}]}},"_links":{"self":[{"href":"https:\/\/ranoja.ee\/en\/wp-json\/wp\/v2\/product\/58021","targetHints":{"allow":["GET"]}}],"collection":[{"href":"https:\/\/ranoja.ee\/en\/wp-json\/wp\/v2\/product"}],"about":[{"href":"https:\/\/ranoja.ee\/en\/wp-json\/wp\/v2\/types\/product"}],"wp:featuredmedia":[{"embeddable":true,"href":"https:\/\/ranoja.ee\/en\/wp-json\/wp\/v2\/media\/58022"}],"wp:attachment":[{"href":"https:\/\/ranoja.ee\/en\/wp-json\/wp\/v2\/media?parent=58021"}],"wp:term":[{"taxonomy":"product_cat","embeddable":true,"href":"https:\/\/ranoja.ee\/en\/wp-json\/wp\/v2\/product_cat?post=58021"},{"taxonomy":"product_tag","embeddable":true,"href":"https:\/\/ranoja.ee\/en\/wp-json\/wp\/v2\/product_tag?post=58021"}],"curies":[{"name":"wp","href":"https:\/\/api.w.org\/{rel}","templated":true}]}}