{"id":57995,"date":"2026-03-17T01:54:30","date_gmt":"2026-03-16T22:54:30","guid":{"rendered":"https:\/\/ranoja.ee\/toode\/loogiga-akutrell-bc-cd60-x-karkass-scheppach\/"},"modified":"2026-03-17T15:43:51","modified_gmt":"2026-03-17T12:43:51","slug":"loogiga-akutrell-bc-cd60-x-karkass-scheppach","status":"publish","type":"product","link":"https:\/\/ranoja.ee\/en\/toode\/loogiga-akutrell-bc-cd60-x-karkass-scheppach\/","title":{"rendered":"L\u00f6\u00f6giga akutrell BC-CD60-X, karkass, Scheppach"},"content":{"rendered":"","protected":false},"excerpt":{"rendered":"<p>Karkass ilma aku ja laadijata, pappkarbis<\/p>\n<p>Mootor: harjavaba<br \/>\nV\u00e4\u00e4ndemomendi tasemed: 21 + puurimise asend + l\u00f6\u00f6kpuurimise asend<br \/>\nSuurim v\u00e4\u00e4ndemoment: 60 Nm<br \/>\n1. k\u00e4ik: 0 &#8211; 450 min-1<br \/>\n2. k\u00e4ik: 0 &#8211; 1600 min-1<br \/>\nL\u00f6\u00f6kide arv: 0 &#8211;  6750 \/ 0 &#8211; 24000 l\u00f6\u00f6ki minutis<br \/>\nPuuripadruni kinnitusvahemik: 1,5 &#8211; 13 mm<br \/>\nLukustus: Automaatne &#8211; SPINDLE-LOCK<br \/>\nPuuri l\u00e4bim\u00f5\u00f5t: max. 65 mm puit, max 16 mm betoon , max. 13 mm teras<\/p>\n<p>Uuenduslik suure energiat\u00f5hususega harjavaba mootor<br \/>\n\u2022 Kuni 10 korda pikem mootori t\u00f6\u00f6iga<br \/>\n\u2022 Kuni 33% rohkem v\u00f5imsust<br \/>\nHarjavaba hooldusvaba mootoritehnoloogia<br \/>\n3 funktsiooni: puurimine, l\u00f6\u00f6kpuurimine, kruvimine<br \/>\nV\u00f5imas mootor 2-k\u00e4igulise k\u00e4igukasti ja l\u00fclitatava l\u00f6\u00f6kmehhanismiga<br \/>\nLukustusmehhanismiga metallist kiirpadrun<br \/>\nSisse\/v\u00e4lja l\u00fcliti sujuva kiiruse reguleerimise ja kiirseiskamisega<br \/>\nIntegreeritud LED t\u00f6\u00f6valgusti<br \/>\nErgonoomiline, kompaktne ja kerge konstruktsioon pehme k\u00e4epidemega, mis tagab kasutaja mugavuse<br \/>\nP\u00f6\u00f6rlemine paremale\/vasakule<\/p>\n<p>Komplektis v\u00f6\u00f6klamber<\/p>\n<p>Sobivad akud ja laadijad: <br \/>\n7909201719&#038;SCHEP Komplekt SBSK2.0 Starterkit 1: 2,0 Ah  aku + 2,4 A laadija<br \/>\n7909201720&#038;SCHEP Komplekt SBSK4.0 Starterkit 2: 4,0Ah aku + 2,4 A laadija<br \/>\n7909201708&#038;SCHEP Aku SBP2.0,  20 V \/ 2,0 Ah, Li-ioon<br \/>\n7909201709&#038;SCHEP Aku SBP4.0, 20 V \/ 4,0 Ah, Li-ioon<br \/>\n7909201711&#038;SCHEP Kiirlaadija SBC4.5A<\/p>\n<p>\nScheppachi elektrilised k\u00e4sit\u00f6\u00f6riistad on m\u00f5eldud n\u00f5udlikule hobikasutajale.<\/p>\n","protected":false},"featured_media":57996,"template":"","meta":{"inline_featured_image":false},"product_cat":[5188,1094,5127],"product_tag":[],"class_list":{"0":"post-57995","1":"product","2":"type-product","3":"status-publish","4":"has-post-thumbnail","6":"product_brand-scheppach","7":"product_cat-akulooktrellid","8":"product_cat-akutooriistad","9":"product_cat-akutrellid-kruvikeerajad","11":"first","12":"instock","13":"purchasable","14":"product-type-simple"},"yoast_head":"<!-- This site is optimized with the Yoast SEO plugin v27.4 - https:\/\/yoast.com\/product\/yoast-seo-wordpress\/ -->\n<title>L\u00f6\u00f6giga akutrell BC-CD60-X, karkass, Scheppach - Ranoja<\/title>\n<meta name=\"robots\" content=\"index, follow, max-snippet:-1, max-image-preview:large, max-video-preview:-1\" \/>\n<link rel=\"canonical\" href=\"https:\/\/ranoja.ee\/toode\/loogiga-akutrell-bc-cd60-x-karkass-scheppach\/\" \/>\n<meta property=\"og:locale\" content=\"en_US\" \/>\n<meta property=\"og:type\" content=\"article\" \/>\n<meta property=\"og:title\" content=\"L\u00f6\u00f6giga akutrell BC-CD60-X, karkass, Scheppach - Ranoja\" \/>\n<meta property=\"og:description\" content=\"Karkass ilma aku ja laadijata, pappkarbis Mootor: harjavaba V\u00e4\u00e4ndemomendi tasemed: 21 + puurimise asend + l\u00f6\u00f6kpuurimise asend Suurim v\u00e4\u00e4ndemoment: 60 Nm 1. k\u00e4ik: 0 - 450 min-1 2. k\u00e4ik: 0 - 1600 min-1 L\u00f6\u00f6kide arv: 0 - 6750 \/ 0 - 24000 l\u00f6\u00f6ki minutis Puuripadruni kinnitusvahemik: 1,5 - 13 mm Lukustus: Automaatne - SPINDLE-LOCK Puuri l\u00e4bim\u00f5\u00f5t: max. 65 mm puit, max 16 mm betoon , max. 13 mm teras Uuenduslik suure energiat\u00f5hususega harjavaba mootor \u2022 Kuni 10 korda pikem mootori t\u00f6\u00f6iga \u2022 Kuni 33% rohkem v\u00f5imsust Harjavaba hooldusvaba mootoritehnoloogia 3 funktsiooni: puurimine, l\u00f6\u00f6kpuurimine, kruvimine V\u00f5imas mootor 2-k\u00e4igulise k\u00e4igukasti ja l\u00fclitatava l\u00f6\u00f6kmehhanismiga Lukustusmehhanismiga metallist kiirpadrun Sisse\/v\u00e4lja l\u00fcliti sujuva kiiruse reguleerimise ja kiirseiskamisega Integreeritud LED t\u00f6\u00f6valgusti Ergonoomiline, kompaktne ja kerge konstruktsioon pehme k\u00e4epidemega, mis tagab kasutaja mugavuse P\u00f6\u00f6rlemine paremale\/vasakule Komplektis v\u00f6\u00f6klamber Sobivad akud ja laadijad: 7909201719&amp;SCHEP Komplekt SBSK2.0 Starterkit 1: 2,0 Ah aku + 2,4 A laadija 7909201720&amp;SCHEP Komplekt SBSK4.0 Starterkit 2: 4,0Ah aku + 2,4 A laadija 7909201708&amp;SCHEP Aku SBP2.0, 20 V \/ 2,0 Ah, Li-ioon 7909201709&amp;SCHEP Aku SBP4.0, 20 V \/ 4,0 Ah, Li-ioon 7909201711&amp;SCHEP Kiirlaadija SBC4.5A  Scheppachi elektrilised k\u00e4sit\u00f6\u00f6riistad on m\u00f5eldud n\u00f5udlikule hobikasutajale.\" \/>\n<meta property=\"og:url\" content=\"https:\/\/ranoja.ee\/toode\/loogiga-akutrell-bc-cd60-x-karkass-scheppach\/\" \/>\n<meta property=\"og:site_name\" content=\"Ranoja\" \/>\n<meta property=\"article:publisher\" content=\"https:\/\/www.facebook.com\/ranoja.ee\" \/>\n<meta property=\"article:modified_time\" content=\"2026-03-17T12:43:51+00:00\" \/>\n<meta property=\"og:image\" content=\"https:\/\/ranoja.ee\/wp-content\/uploads\/2026\/03\/261097773.jpg\" \/>\n\t<meta property=\"og:image:width\" content=\"616\" \/>\n\t<meta property=\"og:image:height\" content=\"768\" \/>\n\t<meta property=\"og:image:type\" content=\"image\/jpeg\" \/>\n<meta name=\"twitter:card\" content=\"summary_large_image\" \/>\n<script type=\"application\/ld+json\" class=\"yoast-schema-graph\">{\"@context\":\"https:\\\/\\\/schema.org\",\"@graph\":[{\"@type\":\"WebPage\",\"@id\":\"https:\\\/\\\/ranoja.ee\\\/toode\\\/loogiga-akutrell-bc-cd60-x-karkass-scheppach\\\/\",\"url\":\"https:\\\/\\\/ranoja.ee\\\/toode\\\/loogiga-akutrell-bc-cd60-x-karkass-scheppach\\\/\",\"name\":\"L\u00f6\u00f6giga akutrell BC-CD60-X, karkass, Scheppach - Ranoja\",\"isPartOf\":{\"@id\":\"https:\\\/\\\/ranoja.ee\\\/#website\"},\"primaryImageOfPage\":{\"@id\":\"https:\\\/\\\/ranoja.ee\\\/toode\\\/loogiga-akutrell-bc-cd60-x-karkass-scheppach\\\/#primaryimage\"},\"image\":{\"@id\":\"https:\\\/\\\/ranoja.ee\\\/toode\\\/loogiga-akutrell-bc-cd60-x-karkass-scheppach\\\/#primaryimage\"},\"thumbnailUrl\":\"https:\\\/\\\/ranoja.ee\\\/wp-content\\\/uploads\\\/2026\\\/03\\\/261097773.jpg\",\"datePublished\":\"2026-03-16T22:54:30+00:00\",\"dateModified\":\"2026-03-17T12:43:51+00:00\",\"breadcrumb\":{\"@id\":\"https:\\\/\\\/ranoja.ee\\\/toode\\\/loogiga-akutrell-bc-cd60-x-karkass-scheppach\\\/#breadcrumb\"},\"inLanguage\":\"en-US\",\"potentialAction\":[{\"@type\":\"ReadAction\",\"target\":[\"https:\\\/\\\/ranoja.ee\\\/toode\\\/loogiga-akutrell-bc-cd60-x-karkass-scheppach\\\/\"]}]},{\"@type\":\"ImageObject\",\"inLanguage\":\"en-US\",\"@id\":\"https:\\\/\\\/ranoja.ee\\\/toode\\\/loogiga-akutrell-bc-cd60-x-karkass-scheppach\\\/#primaryimage\",\"url\":\"https:\\\/\\\/ranoja.ee\\\/wp-content\\\/uploads\\\/2026\\\/03\\\/261097773.jpg\",\"contentUrl\":\"https:\\\/\\\/ranoja.ee\\\/wp-content\\\/uploads\\\/2026\\\/03\\\/261097773.jpg\",\"width\":616,\"height\":768},{\"@type\":\"BreadcrumbList\",\"@id\":\"https:\\\/\\\/ranoja.ee\\\/toode\\\/loogiga-akutrell-bc-cd60-x-karkass-scheppach\\\/#breadcrumb\",\"itemListElement\":[{\"@type\":\"ListItem\",\"position\":1,\"name\":\"Home\",\"item\":\"https:\\\/\\\/ranoja.ee\\\/\"},{\"@type\":\"ListItem\",\"position\":2,\"name\":\"Shop\",\"item\":\"https:\\\/\\\/ranoja.ee\\\/en\\\/shop\\\/\"},{\"@type\":\"ListItem\",\"position\":3,\"name\":\"L\u00f6\u00f6giga akutrell BC-CD60-X, karkass, Scheppach\"}]},{\"@type\":\"WebSite\",\"@id\":\"https:\\\/\\\/ranoja.ee\\\/#website\",\"url\":\"https:\\\/\\\/ranoja.ee\\\/\",\"name\":\"Ranoja\",\"description\":\"Equipment Shop WooCommerce WordPress Theme for Machine &amp; Tools\",\"publisher\":{\"@id\":\"https:\\\/\\\/ranoja.ee\\\/#organization\"},\"potentialAction\":[{\"@type\":\"SearchAction\",\"target\":{\"@type\":\"EntryPoint\",\"urlTemplate\":\"https:\\\/\\\/ranoja.ee\\\/?s={search_term_string}\"},\"query-input\":{\"@type\":\"PropertyValueSpecification\",\"valueRequired\":true,\"valueName\":\"search_term_string\"}}],\"inLanguage\":\"en-US\"},{\"@type\":\"Organization\",\"@id\":\"https:\\\/\\\/ranoja.ee\\\/#organization\",\"name\":\"Ranoja O\u00dc\",\"url\":\"https:\\\/\\\/ranoja.ee\\\/\",\"logo\":{\"@type\":\"ImageObject\",\"inLanguage\":\"en-US\",\"@id\":\"https:\\\/\\\/ranoja.ee\\\/#\\\/schema\\\/logo\\\/image\\\/\",\"url\":\"https:\\\/\\\/ranoja.ee\\\/wp-content\\\/uploads\\\/2023\\\/11\\\/ranoja-Logo.png\",\"contentUrl\":\"https:\\\/\\\/ranoja.ee\\\/wp-content\\\/uploads\\\/2023\\\/11\\\/ranoja-Logo.png\",\"width\":207,\"height\":58,\"caption\":\"Ranoja O\u00dc\"},\"image\":{\"@id\":\"https:\\\/\\\/ranoja.ee\\\/#\\\/schema\\\/logo\\\/image\\\/\"},\"sameAs\":[\"https:\\\/\\\/www.facebook.com\\\/ranoja.ee\",\"https:\\\/\\\/www.instagram.com\\\/ranoja__\\\/\"]}]}<\/script>\n<!-- \/ Yoast SEO plugin. -->","yoast_head_json":{"title":"L\u00f6\u00f6giga akutrell BC-CD60-X, karkass, Scheppach - Ranoja","robots":{"index":"index","follow":"follow","max-snippet":"max-snippet:-1","max-image-preview":"max-image-preview:large","max-video-preview":"max-video-preview:-1"},"canonical":"https:\/\/ranoja.ee\/toode\/loogiga-akutrell-bc-cd60-x-karkass-scheppach\/","og_locale":"en_US","og_type":"article","og_title":"L\u00f6\u00f6giga akutrell BC-CD60-X, karkass, Scheppach - Ranoja","og_description":"Karkass ilma aku ja laadijata, pappkarbis Mootor: harjavaba V\u00e4\u00e4ndemomendi tasemed: 21 + puurimise asend + l\u00f6\u00f6kpuurimise asend Suurim v\u00e4\u00e4ndemoment: 60 Nm 1. k\u00e4ik: 0 - 450 min-1 2. k\u00e4ik: 0 - 1600 min-1 L\u00f6\u00f6kide arv: 0 - 6750 \/ 0 - 24000 l\u00f6\u00f6ki minutis Puuripadruni kinnitusvahemik: 1,5 - 13 mm Lukustus: Automaatne - SPINDLE-LOCK Puuri l\u00e4bim\u00f5\u00f5t: max. 65 mm puit, max 16 mm betoon , max. 13 mm teras Uuenduslik suure energiat\u00f5hususega harjavaba mootor \u2022 Kuni 10 korda pikem mootori t\u00f6\u00f6iga \u2022 Kuni 33% rohkem v\u00f5imsust Harjavaba hooldusvaba mootoritehnoloogia 3 funktsiooni: puurimine, l\u00f6\u00f6kpuurimine, kruvimine V\u00f5imas mootor 2-k\u00e4igulise k\u00e4igukasti ja l\u00fclitatava l\u00f6\u00f6kmehhanismiga Lukustusmehhanismiga metallist kiirpadrun Sisse\/v\u00e4lja l\u00fcliti sujuva kiiruse reguleerimise ja kiirseiskamisega Integreeritud LED t\u00f6\u00f6valgusti Ergonoomiline, kompaktne ja kerge konstruktsioon pehme k\u00e4epidemega, mis tagab kasutaja mugavuse P\u00f6\u00f6rlemine paremale\/vasakule Komplektis v\u00f6\u00f6klamber Sobivad akud ja laadijad: 7909201719&SCHEP Komplekt SBSK2.0 Starterkit 1: 2,0 Ah aku + 2,4 A laadija 7909201720&SCHEP Komplekt SBSK4.0 Starterkit 2: 4,0Ah aku + 2,4 A laadija 7909201708&SCHEP Aku SBP2.0, 20 V \/ 2,0 Ah, Li-ioon 7909201709&SCHEP Aku SBP4.0, 20 V \/ 4,0 Ah, Li-ioon 7909201711&SCHEP Kiirlaadija SBC4.5A  Scheppachi elektrilised k\u00e4sit\u00f6\u00f6riistad on m\u00f5eldud n\u00f5udlikule hobikasutajale.","og_url":"https:\/\/ranoja.ee\/toode\/loogiga-akutrell-bc-cd60-x-karkass-scheppach\/","og_site_name":"Ranoja","article_publisher":"https:\/\/www.facebook.com\/ranoja.ee","article_modified_time":"2026-03-17T12:43:51+00:00","og_image":[{"width":616,"height":768,"url":"https:\/\/ranoja.ee\/wp-content\/uploads\/2026\/03\/261097773.jpg","type":"image\/jpeg"}],"twitter_card":"summary_large_image","schema":{"@context":"https:\/\/schema.org","@graph":[{"@type":"WebPage","@id":"https:\/\/ranoja.ee\/toode\/loogiga-akutrell-bc-cd60-x-karkass-scheppach\/","url":"https:\/\/ranoja.ee\/toode\/loogiga-akutrell-bc-cd60-x-karkass-scheppach\/","name":"L\u00f6\u00f6giga akutrell BC-CD60-X, karkass, Scheppach - Ranoja","isPartOf":{"@id":"https:\/\/ranoja.ee\/#website"},"primaryImageOfPage":{"@id":"https:\/\/ranoja.ee\/toode\/loogiga-akutrell-bc-cd60-x-karkass-scheppach\/#primaryimage"},"image":{"@id":"https:\/\/ranoja.ee\/toode\/loogiga-akutrell-bc-cd60-x-karkass-scheppach\/#primaryimage"},"thumbnailUrl":"https:\/\/ranoja.ee\/wp-content\/uploads\/2026\/03\/261097773.jpg","datePublished":"2026-03-16T22:54:30+00:00","dateModified":"2026-03-17T12:43:51+00:00","breadcrumb":{"@id":"https:\/\/ranoja.ee\/toode\/loogiga-akutrell-bc-cd60-x-karkass-scheppach\/#breadcrumb"},"inLanguage":"en-US","potentialAction":[{"@type":"ReadAction","target":["https:\/\/ranoja.ee\/toode\/loogiga-akutrell-bc-cd60-x-karkass-scheppach\/"]}]},{"@type":"ImageObject","inLanguage":"en-US","@id":"https:\/\/ranoja.ee\/toode\/loogiga-akutrell-bc-cd60-x-karkass-scheppach\/#primaryimage","url":"https:\/\/ranoja.ee\/wp-content\/uploads\/2026\/03\/261097773.jpg","contentUrl":"https:\/\/ranoja.ee\/wp-content\/uploads\/2026\/03\/261097773.jpg","width":616,"height":768},{"@type":"BreadcrumbList","@id":"https:\/\/ranoja.ee\/toode\/loogiga-akutrell-bc-cd60-x-karkass-scheppach\/#breadcrumb","itemListElement":[{"@type":"ListItem","position":1,"name":"Home","item":"https:\/\/ranoja.ee\/"},{"@type":"ListItem","position":2,"name":"Shop","item":"https:\/\/ranoja.ee\/en\/shop\/"},{"@type":"ListItem","position":3,"name":"L\u00f6\u00f6giga akutrell BC-CD60-X, karkass, Scheppach"}]},{"@type":"WebSite","@id":"https:\/\/ranoja.ee\/#website","url":"https:\/\/ranoja.ee\/","name":"Ranoja","description":"Equipment Shop WooCommerce WordPress Theme for Machine &amp; Tools","publisher":{"@id":"https:\/\/ranoja.ee\/#organization"},"potentialAction":[{"@type":"SearchAction","target":{"@type":"EntryPoint","urlTemplate":"https:\/\/ranoja.ee\/?s={search_term_string}"},"query-input":{"@type":"PropertyValueSpecification","valueRequired":true,"valueName":"search_term_string"}}],"inLanguage":"en-US"},{"@type":"Organization","@id":"https:\/\/ranoja.ee\/#organization","name":"Ranoja O\u00dc","url":"https:\/\/ranoja.ee\/","logo":{"@type":"ImageObject","inLanguage":"en-US","@id":"https:\/\/ranoja.ee\/#\/schema\/logo\/image\/","url":"https:\/\/ranoja.ee\/wp-content\/uploads\/2023\/11\/ranoja-Logo.png","contentUrl":"https:\/\/ranoja.ee\/wp-content\/uploads\/2023\/11\/ranoja-Logo.png","width":207,"height":58,"caption":"Ranoja O\u00dc"},"image":{"@id":"https:\/\/ranoja.ee\/#\/schema\/logo\/image\/"},"sameAs":["https:\/\/www.facebook.com\/ranoja.ee","https:\/\/www.instagram.com\/ranoja__\/"]}]}},"_links":{"self":[{"href":"https:\/\/ranoja.ee\/en\/wp-json\/wp\/v2\/product\/57995","targetHints":{"allow":["GET"]}}],"collection":[{"href":"https:\/\/ranoja.ee\/en\/wp-json\/wp\/v2\/product"}],"about":[{"href":"https:\/\/ranoja.ee\/en\/wp-json\/wp\/v2\/types\/product"}],"wp:featuredmedia":[{"embeddable":true,"href":"https:\/\/ranoja.ee\/en\/wp-json\/wp\/v2\/media\/57996"}],"wp:attachment":[{"href":"https:\/\/ranoja.ee\/en\/wp-json\/wp\/v2\/media?parent=57995"}],"wp:term":[{"taxonomy":"product_cat","embeddable":true,"href":"https:\/\/ranoja.ee\/en\/wp-json\/wp\/v2\/product_cat?post=57995"},{"taxonomy":"product_tag","embeddable":true,"href":"https:\/\/ranoja.ee\/en\/wp-json\/wp\/v2\/product_tag?post=57995"}],"curies":[{"name":"wp","href":"https:\/\/api.w.org\/{rel}","templated":true}]}}