{"id":57975,"date":"2026-03-17T01:54:30","date_gmt":"2026-03-16T22:54:30","guid":{"rendered":"https:\/\/ranoja.ee\/toode\/jarkamissaag-hm140l-molemale-poole-kallutatav-lisasaeketas-scheppach\/"},"modified":"2026-03-17T15:43:52","modified_gmt":"2026-03-17T12:43:52","slug":"jarkamissaag-hm140l-molemale-poole-kallutatav-lisasaeketas-scheppach","status":"publish","type":"product","link":"https:\/\/ranoja.ee\/en\/toode\/jarkamissaag-hm140l-molemale-poole-kallutatav-lisasaeketas-scheppach\/","title":{"rendered":"J\u00e4rkamissaag HM140L m\u00f5lemale poole kallutatav +lisasaeketas, Scheppach"},"content":{"rendered":"","protected":false},"excerpt":{"rendered":"<p>Saeketas: 305 mm<br \/>\nM\u00f5lemale poole kallutatav<br \/>\nLiugfunktsiooniga laiade detailide l\u00f5ikamiseks<br \/>\nSuur l\u00f5ikek\u00f5rgus 105 mm ja ristl\u00f5ige kuni 330 mm<br \/>\nKompaktne pink, mis sobib mugavalt v\u00e4ikesesse t\u00f6\u00f6kotta v\u00f5i garaazi<br \/>\nT\u00e4ielikult suletud terakaitse operaatori ohutuseks<br \/>\n2 juhtsiini tagavad t\u00e4psed l\u00f5iked<br \/>\nLaser<br \/>\nKomplekti kuuluvad 24 ja 48 hambaga saekettad<br \/>\nM\u00f5\u00f5tmed P\/L\/K: 890 x 615 x 490 mm<\/p>\n<p>Saeketta kiirus: 3800 p\/min<br \/>\nKaldpinna t\u00fc\u00fcp: 2 x 45\u00b0<br \/>\nP\u00f6\u00f6rdlaua keeramine vasakule\/paremale: 45\u00b0 vasak \/ \u201345\u00b0 parem<br \/>\nRistl\u00f5ige 90\u00b0 nurga all: 330 x 105 mm<br \/>\nKaldseotise l\u00f5ige 45\u00b0 nurga all: 230 x 35\/60 mm<br \/>\nLigikaudne kaal: 21 kg<br \/>\nMootor: 230 V<br \/>\nSisendv\u00f5imsus: 2 kW<\/p>\n","protected":false},"featured_media":57976,"template":"","meta":{"inline_featured_image":false},"product_cat":[5092,5091,5090],"product_tag":[],"class_list":{"0":"post-57975","1":"product","2":"type-product","3":"status-publish","4":"has-post-thumbnail","6":"product_brand-scheppach","7":"product_cat-jarkamissaed","8":"product_cat-saepingid","9":"product_cat-teisaldatavad-toopingid","11":"first","12":"instock","13":"purchasable","14":"product-type-simple"},"yoast_head":"<!-- This site is optimized with the Yoast SEO plugin v27.4 - https:\/\/yoast.com\/product\/yoast-seo-wordpress\/ -->\n<title>J\u00e4rkamissaag HM140L m\u00f5lemale poole kallutatav +lisasaeketas, Scheppach - Ranoja<\/title>\n<meta name=\"robots\" content=\"index, follow, max-snippet:-1, max-image-preview:large, max-video-preview:-1\" \/>\n<link rel=\"canonical\" href=\"https:\/\/ranoja.ee\/toode\/jarkamissaag-hm140l-molemale-poole-kallutatav-lisasaeketas-scheppach\/\" \/>\n<meta property=\"og:locale\" content=\"en_US\" \/>\n<meta property=\"og:type\" content=\"article\" \/>\n<meta property=\"og:title\" content=\"J\u00e4rkamissaag HM140L m\u00f5lemale poole kallutatav +lisasaeketas, Scheppach - Ranoja\" \/>\n<meta property=\"og:description\" content=\"Saeketas: 305 mm M\u00f5lemale poole kallutatav Liugfunktsiooniga laiade detailide l\u00f5ikamiseks Suur l\u00f5ikek\u00f5rgus 105 mm ja ristl\u00f5ige kuni 330 mm Kompaktne pink, mis sobib mugavalt v\u00e4ikesesse t\u00f6\u00f6kotta v\u00f5i garaazi T\u00e4ielikult suletud terakaitse operaatori ohutuseks 2 juhtsiini tagavad t\u00e4psed l\u00f5iked Laser Komplekti kuuluvad 24 ja 48 hambaga saekettad M\u00f5\u00f5tmed P\/L\/K: 890 x 615 x 490 mm Saeketta kiirus: 3800 p\/min Kaldpinna t\u00fc\u00fcp: 2 x 45\u00b0 P\u00f6\u00f6rdlaua keeramine vasakule\/paremale: 45\u00b0 vasak \/ \u201345\u00b0 parem Ristl\u00f5ige 90\u00b0 nurga all: 330 x 105 mm Kaldseotise l\u00f5ige 45\u00b0 nurga all: 230 x 35\/60 mm Ligikaudne kaal: 21 kg Mootor: 230 V Sisendv\u00f5imsus: 2 kW\" \/>\n<meta property=\"og:url\" content=\"https:\/\/ranoja.ee\/toode\/jarkamissaag-hm140l-molemale-poole-kallutatav-lisasaeketas-scheppach\/\" \/>\n<meta property=\"og:site_name\" content=\"Ranoja\" \/>\n<meta property=\"article:publisher\" content=\"https:\/\/www.facebook.com\/ranoja.ee\" \/>\n<meta property=\"article:modified_time\" content=\"2026-03-17T12:43:52+00:00\" \/>\n<meta property=\"og:image\" content=\"https:\/\/ranoja.ee\/wp-content\/uploads\/2026\/03\/232429121.jpg\" \/>\n\t<meta property=\"og:image:width\" content=\"900\" \/>\n\t<meta property=\"og:image:height\" content=\"701\" \/>\n\t<meta property=\"og:image:type\" content=\"image\/jpeg\" \/>\n<meta name=\"twitter:card\" content=\"summary_large_image\" \/>\n<script type=\"application\/ld+json\" class=\"yoast-schema-graph\">{\"@context\":\"https:\\\/\\\/schema.org\",\"@graph\":[{\"@type\":\"WebPage\",\"@id\":\"https:\\\/\\\/ranoja.ee\\\/toode\\\/jarkamissaag-hm140l-molemale-poole-kallutatav-lisasaeketas-scheppach\\\/\",\"url\":\"https:\\\/\\\/ranoja.ee\\\/toode\\\/jarkamissaag-hm140l-molemale-poole-kallutatav-lisasaeketas-scheppach\\\/\",\"name\":\"J\u00e4rkamissaag HM140L m\u00f5lemale poole kallutatav +lisasaeketas, Scheppach - Ranoja\",\"isPartOf\":{\"@id\":\"https:\\\/\\\/ranoja.ee\\\/#website\"},\"primaryImageOfPage\":{\"@id\":\"https:\\\/\\\/ranoja.ee\\\/toode\\\/jarkamissaag-hm140l-molemale-poole-kallutatav-lisasaeketas-scheppach\\\/#primaryimage\"},\"image\":{\"@id\":\"https:\\\/\\\/ranoja.ee\\\/toode\\\/jarkamissaag-hm140l-molemale-poole-kallutatav-lisasaeketas-scheppach\\\/#primaryimage\"},\"thumbnailUrl\":\"https:\\\/\\\/ranoja.ee\\\/wp-content\\\/uploads\\\/2026\\\/03\\\/232429121.jpg\",\"datePublished\":\"2026-03-16T22:54:30+00:00\",\"dateModified\":\"2026-03-17T12:43:52+00:00\",\"breadcrumb\":{\"@id\":\"https:\\\/\\\/ranoja.ee\\\/toode\\\/jarkamissaag-hm140l-molemale-poole-kallutatav-lisasaeketas-scheppach\\\/#breadcrumb\"},\"inLanguage\":\"en-US\",\"potentialAction\":[{\"@type\":\"ReadAction\",\"target\":[\"https:\\\/\\\/ranoja.ee\\\/toode\\\/jarkamissaag-hm140l-molemale-poole-kallutatav-lisasaeketas-scheppach\\\/\"]}]},{\"@type\":\"ImageObject\",\"inLanguage\":\"en-US\",\"@id\":\"https:\\\/\\\/ranoja.ee\\\/toode\\\/jarkamissaag-hm140l-molemale-poole-kallutatav-lisasaeketas-scheppach\\\/#primaryimage\",\"url\":\"https:\\\/\\\/ranoja.ee\\\/wp-content\\\/uploads\\\/2026\\\/03\\\/232429121.jpg\",\"contentUrl\":\"https:\\\/\\\/ranoja.ee\\\/wp-content\\\/uploads\\\/2026\\\/03\\\/232429121.jpg\",\"width\":900,\"height\":701},{\"@type\":\"BreadcrumbList\",\"@id\":\"https:\\\/\\\/ranoja.ee\\\/toode\\\/jarkamissaag-hm140l-molemale-poole-kallutatav-lisasaeketas-scheppach\\\/#breadcrumb\",\"itemListElement\":[{\"@type\":\"ListItem\",\"position\":1,\"name\":\"Home\",\"item\":\"https:\\\/\\\/ranoja.ee\\\/\"},{\"@type\":\"ListItem\",\"position\":2,\"name\":\"Shop\",\"item\":\"https:\\\/\\\/ranoja.ee\\\/en\\\/shop\\\/\"},{\"@type\":\"ListItem\",\"position\":3,\"name\":\"J\u00e4rkamissaag HM140L m\u00f5lemale poole kallutatav +lisasaeketas, Scheppach\"}]},{\"@type\":\"WebSite\",\"@id\":\"https:\\\/\\\/ranoja.ee\\\/#website\",\"url\":\"https:\\\/\\\/ranoja.ee\\\/\",\"name\":\"Ranoja\",\"description\":\"Equipment Shop WooCommerce WordPress Theme for Machine &amp; Tools\",\"publisher\":{\"@id\":\"https:\\\/\\\/ranoja.ee\\\/#organization\"},\"potentialAction\":[{\"@type\":\"SearchAction\",\"target\":{\"@type\":\"EntryPoint\",\"urlTemplate\":\"https:\\\/\\\/ranoja.ee\\\/?s={search_term_string}\"},\"query-input\":{\"@type\":\"PropertyValueSpecification\",\"valueRequired\":true,\"valueName\":\"search_term_string\"}}],\"inLanguage\":\"en-US\"},{\"@type\":\"Organization\",\"@id\":\"https:\\\/\\\/ranoja.ee\\\/#organization\",\"name\":\"Ranoja O\u00dc\",\"url\":\"https:\\\/\\\/ranoja.ee\\\/\",\"logo\":{\"@type\":\"ImageObject\",\"inLanguage\":\"en-US\",\"@id\":\"https:\\\/\\\/ranoja.ee\\\/#\\\/schema\\\/logo\\\/image\\\/\",\"url\":\"https:\\\/\\\/ranoja.ee\\\/wp-content\\\/uploads\\\/2023\\\/11\\\/ranoja-Logo.png\",\"contentUrl\":\"https:\\\/\\\/ranoja.ee\\\/wp-content\\\/uploads\\\/2023\\\/11\\\/ranoja-Logo.png\",\"width\":207,\"height\":58,\"caption\":\"Ranoja O\u00dc\"},\"image\":{\"@id\":\"https:\\\/\\\/ranoja.ee\\\/#\\\/schema\\\/logo\\\/image\\\/\"},\"sameAs\":[\"https:\\\/\\\/www.facebook.com\\\/ranoja.ee\",\"https:\\\/\\\/www.instagram.com\\\/ranoja__\\\/\"]}]}<\/script>\n<!-- \/ Yoast SEO plugin. -->","yoast_head_json":{"title":"J\u00e4rkamissaag HM140L m\u00f5lemale poole kallutatav +lisasaeketas, Scheppach - Ranoja","robots":{"index":"index","follow":"follow","max-snippet":"max-snippet:-1","max-image-preview":"max-image-preview:large","max-video-preview":"max-video-preview:-1"},"canonical":"https:\/\/ranoja.ee\/toode\/jarkamissaag-hm140l-molemale-poole-kallutatav-lisasaeketas-scheppach\/","og_locale":"en_US","og_type":"article","og_title":"J\u00e4rkamissaag HM140L m\u00f5lemale poole kallutatav +lisasaeketas, Scheppach - Ranoja","og_description":"Saeketas: 305 mm M\u00f5lemale poole kallutatav Liugfunktsiooniga laiade detailide l\u00f5ikamiseks Suur l\u00f5ikek\u00f5rgus 105 mm ja ristl\u00f5ige kuni 330 mm Kompaktne pink, mis sobib mugavalt v\u00e4ikesesse t\u00f6\u00f6kotta v\u00f5i garaazi T\u00e4ielikult suletud terakaitse operaatori ohutuseks 2 juhtsiini tagavad t\u00e4psed l\u00f5iked Laser Komplekti kuuluvad 24 ja 48 hambaga saekettad M\u00f5\u00f5tmed P\/L\/K: 890 x 615 x 490 mm Saeketta kiirus: 3800 p\/min Kaldpinna t\u00fc\u00fcp: 2 x 45\u00b0 P\u00f6\u00f6rdlaua keeramine vasakule\/paremale: 45\u00b0 vasak \/ \u201345\u00b0 parem Ristl\u00f5ige 90\u00b0 nurga all: 330 x 105 mm Kaldseotise l\u00f5ige 45\u00b0 nurga all: 230 x 35\/60 mm Ligikaudne kaal: 21 kg Mootor: 230 V Sisendv\u00f5imsus: 2 kW","og_url":"https:\/\/ranoja.ee\/toode\/jarkamissaag-hm140l-molemale-poole-kallutatav-lisasaeketas-scheppach\/","og_site_name":"Ranoja","article_publisher":"https:\/\/www.facebook.com\/ranoja.ee","article_modified_time":"2026-03-17T12:43:52+00:00","og_image":[{"width":900,"height":701,"url":"https:\/\/ranoja.ee\/wp-content\/uploads\/2026\/03\/232429121.jpg","type":"image\/jpeg"}],"twitter_card":"summary_large_image","schema":{"@context":"https:\/\/schema.org","@graph":[{"@type":"WebPage","@id":"https:\/\/ranoja.ee\/toode\/jarkamissaag-hm140l-molemale-poole-kallutatav-lisasaeketas-scheppach\/","url":"https:\/\/ranoja.ee\/toode\/jarkamissaag-hm140l-molemale-poole-kallutatav-lisasaeketas-scheppach\/","name":"J\u00e4rkamissaag HM140L m\u00f5lemale poole kallutatav +lisasaeketas, Scheppach - Ranoja","isPartOf":{"@id":"https:\/\/ranoja.ee\/#website"},"primaryImageOfPage":{"@id":"https:\/\/ranoja.ee\/toode\/jarkamissaag-hm140l-molemale-poole-kallutatav-lisasaeketas-scheppach\/#primaryimage"},"image":{"@id":"https:\/\/ranoja.ee\/toode\/jarkamissaag-hm140l-molemale-poole-kallutatav-lisasaeketas-scheppach\/#primaryimage"},"thumbnailUrl":"https:\/\/ranoja.ee\/wp-content\/uploads\/2026\/03\/232429121.jpg","datePublished":"2026-03-16T22:54:30+00:00","dateModified":"2026-03-17T12:43:52+00:00","breadcrumb":{"@id":"https:\/\/ranoja.ee\/toode\/jarkamissaag-hm140l-molemale-poole-kallutatav-lisasaeketas-scheppach\/#breadcrumb"},"inLanguage":"en-US","potentialAction":[{"@type":"ReadAction","target":["https:\/\/ranoja.ee\/toode\/jarkamissaag-hm140l-molemale-poole-kallutatav-lisasaeketas-scheppach\/"]}]},{"@type":"ImageObject","inLanguage":"en-US","@id":"https:\/\/ranoja.ee\/toode\/jarkamissaag-hm140l-molemale-poole-kallutatav-lisasaeketas-scheppach\/#primaryimage","url":"https:\/\/ranoja.ee\/wp-content\/uploads\/2026\/03\/232429121.jpg","contentUrl":"https:\/\/ranoja.ee\/wp-content\/uploads\/2026\/03\/232429121.jpg","width":900,"height":701},{"@type":"BreadcrumbList","@id":"https:\/\/ranoja.ee\/toode\/jarkamissaag-hm140l-molemale-poole-kallutatav-lisasaeketas-scheppach\/#breadcrumb","itemListElement":[{"@type":"ListItem","position":1,"name":"Home","item":"https:\/\/ranoja.ee\/"},{"@type":"ListItem","position":2,"name":"Shop","item":"https:\/\/ranoja.ee\/en\/shop\/"},{"@type":"ListItem","position":3,"name":"J\u00e4rkamissaag HM140L m\u00f5lemale poole kallutatav +lisasaeketas, Scheppach"}]},{"@type":"WebSite","@id":"https:\/\/ranoja.ee\/#website","url":"https:\/\/ranoja.ee\/","name":"Ranoja","description":"Equipment Shop WooCommerce WordPress Theme for Machine &amp; Tools","publisher":{"@id":"https:\/\/ranoja.ee\/#organization"},"potentialAction":[{"@type":"SearchAction","target":{"@type":"EntryPoint","urlTemplate":"https:\/\/ranoja.ee\/?s={search_term_string}"},"query-input":{"@type":"PropertyValueSpecification","valueRequired":true,"valueName":"search_term_string"}}],"inLanguage":"en-US"},{"@type":"Organization","@id":"https:\/\/ranoja.ee\/#organization","name":"Ranoja O\u00dc","url":"https:\/\/ranoja.ee\/","logo":{"@type":"ImageObject","inLanguage":"en-US","@id":"https:\/\/ranoja.ee\/#\/schema\/logo\/image\/","url":"https:\/\/ranoja.ee\/wp-content\/uploads\/2023\/11\/ranoja-Logo.png","contentUrl":"https:\/\/ranoja.ee\/wp-content\/uploads\/2023\/11\/ranoja-Logo.png","width":207,"height":58,"caption":"Ranoja O\u00dc"},"image":{"@id":"https:\/\/ranoja.ee\/#\/schema\/logo\/image\/"},"sameAs":["https:\/\/www.facebook.com\/ranoja.ee","https:\/\/www.instagram.com\/ranoja__\/"]}]}},"_links":{"self":[{"href":"https:\/\/ranoja.ee\/en\/wp-json\/wp\/v2\/product\/57975","targetHints":{"allow":["GET"]}}],"collection":[{"href":"https:\/\/ranoja.ee\/en\/wp-json\/wp\/v2\/product"}],"about":[{"href":"https:\/\/ranoja.ee\/en\/wp-json\/wp\/v2\/types\/product"}],"wp:featuredmedia":[{"embeddable":true,"href":"https:\/\/ranoja.ee\/en\/wp-json\/wp\/v2\/media\/57976"}],"wp:attachment":[{"href":"https:\/\/ranoja.ee\/en\/wp-json\/wp\/v2\/media?parent=57975"}],"wp:term":[{"taxonomy":"product_cat","embeddable":true,"href":"https:\/\/ranoja.ee\/en\/wp-json\/wp\/v2\/product_cat?post=57975"},{"taxonomy":"product_tag","embeddable":true,"href":"https:\/\/ranoja.ee\/en\/wp-json\/wp\/v2\/product_tag?post=57975"}],"curies":[{"name":"wp","href":"https:\/\/api.w.org\/{rel}","templated":true}]}}