{"id":57965,"date":"2026-03-17T01:54:02","date_gmt":"2026-03-16T22:54:02","guid":{"rendered":"https:\/\/ranoja.ee\/toode\/akulumelabidas-bc-snb410-x-set-xl2-scheppach\/"},"modified":"2026-03-17T15:43:52","modified_gmt":"2026-03-17T12:43:52","slug":"akulumelabidas-bc-snb410-x-set-xl2-scheppach","status":"publish","type":"product","link":"https:\/\/ranoja.ee\/en\/toode\/akulumelabidas-bc-snb410-x-set-xl2-scheppach\/","title":{"rendered":"Akulumelabidas BC-SNB410-X &#8211; Set XL2, Scheppach"},"content":{"rendered":"","protected":false},"excerpt":{"rendered":"<p>K\u00f5rge j\u00f5udlusega juhtmevaba lumefrees \u2013 ideaalne abivahend talvel sisses\u00f5iduteede, hoovi ja k\u00f5nniteede lumest puhastamiseks.<br \/>\nHooldusvaba ja eriti t\u00f5hus harjadeta mootor, mis tagab pikema t\u00f6\u00f6aja ja kasutusea ning v\u00e4iksema kulumise<br \/>\nJuhtmevaba t\u00f6\u00f6 Scheppach IXES 20 V seeriaga \u2013 k\u00f5ik selle s\u00fcsteemi akud ja laadijad on lumefreesiga \u00fchilduvad<br \/>\nReguleeritav lume v\u00e4ljaviske suund: vasakule \u2013 paremale \u2013 otse ette<br \/>\nKiiruse reguleerimine 6 astmes \u2013 vastavalt lume s\u00fcgavusele ja omadustele<br \/>\nMaksimaalne t\u00f6\u00f6laius 40 cm<br \/>\nKaheosaline turval\u00fcliti hoiab \u00e4ra juhusliku k\u00e4ivitumise<br \/>\nMagnetkinnitusega akukate kaitseb lume ja niiskuse eest<br \/>\nV\u00f5imas 2 \u00d7 20 V (40 V)<br \/>\nMaksimaalne lume s\u00fcgavus 20 cm<br \/>\nLisak\u00e4epide v\u00f5imaldab kahe k\u00e4ega t\u00f6\u00f6tamist<br \/>\nSeisab iseseisvalt<br \/>\nMaksimaalne v\u00e4ljaviske kaugus 6 m<br \/>\nErgonoomiline k\u00e4epide libisemiskindla pehme kattega<br \/>\nIntegreeritud kandesang lihtsaks transportimiseks<br \/>\nKomplektis 2 \u00d7 20 V \/ 4,0 Ah aku ja 4,5 A kahepesaline laadija<\/p>\n","protected":false},"featured_media":57966,"template":"","meta":{"inline_featured_image":false},"product_cat":[5085,5176,5131],"product_tag":[],"class_list":{"0":"post-57965","1":"product","2":"type-product","3":"status-publish","4":"has-post-thumbnail","6":"product_brand-scheppach","7":"product_cat-aiatehnika-ja-tooriistad","8":"product_cat-akuga-lumefreesid","9":"product_cat-lumefreesid","11":"first","12":"instock","13":"purchasable","14":"product-type-simple"},"yoast_head":"<!-- This site is optimized with the Yoast SEO plugin v27.4 - https:\/\/yoast.com\/product\/yoast-seo-wordpress\/ -->\n<title>Akulumelabidas BC-SNB410-X - Set XL2, Scheppach - Ranoja<\/title>\n<meta name=\"robots\" content=\"index, follow, max-snippet:-1, max-image-preview:large, max-video-preview:-1\" \/>\n<link rel=\"canonical\" href=\"https:\/\/ranoja.ee\/toode\/akulumelabidas-bc-snb410-x-set-xl2-scheppach\/\" \/>\n<meta property=\"og:locale\" content=\"en_US\" \/>\n<meta property=\"og:type\" content=\"article\" \/>\n<meta property=\"og:title\" content=\"Akulumelabidas BC-SNB410-X - Set XL2, Scheppach - Ranoja\" \/>\n<meta property=\"og:description\" content=\"K\u00f5rge j\u00f5udlusega juhtmevaba lumefrees \u2013 ideaalne abivahend talvel sisses\u00f5iduteede, hoovi ja k\u00f5nniteede lumest puhastamiseks. Hooldusvaba ja eriti t\u00f5hus harjadeta mootor, mis tagab pikema t\u00f6\u00f6aja ja kasutusea ning v\u00e4iksema kulumise Juhtmevaba t\u00f6\u00f6 Scheppach IXES 20 V seeriaga \u2013 k\u00f5ik selle s\u00fcsteemi akud ja laadijad on lumefreesiga \u00fchilduvad Reguleeritav lume v\u00e4ljaviske suund: vasakule \u2013 paremale \u2013 otse ette Kiiruse reguleerimine 6 astmes \u2013 vastavalt lume s\u00fcgavusele ja omadustele Maksimaalne t\u00f6\u00f6laius 40 cm Kaheosaline turval\u00fcliti hoiab \u00e4ra juhusliku k\u00e4ivitumise Magnetkinnitusega akukate kaitseb lume ja niiskuse eest V\u00f5imas 2 \u00d7 20 V (40 V) Maksimaalne lume s\u00fcgavus 20 cm Lisak\u00e4epide v\u00f5imaldab kahe k\u00e4ega t\u00f6\u00f6tamist Seisab iseseisvalt Maksimaalne v\u00e4ljaviske kaugus 6 m Ergonoomiline k\u00e4epide libisemiskindla pehme kattega Integreeritud kandesang lihtsaks transportimiseks Komplektis 2 \u00d7 20 V \/ 4,0 Ah aku ja 4,5 A kahepesaline laadija\" \/>\n<meta property=\"og:url\" content=\"https:\/\/ranoja.ee\/toode\/akulumelabidas-bc-snb410-x-set-xl2-scheppach\/\" \/>\n<meta property=\"og:site_name\" content=\"Ranoja\" \/>\n<meta property=\"article:publisher\" content=\"https:\/\/www.facebook.com\/ranoja.ee\" \/>\n<meta property=\"article:modified_time\" content=\"2026-03-17T12:43:52+00:00\" \/>\n<meta property=\"og:image\" content=\"https:\/\/ranoja.ee\/wp-content\/uploads\/2026\/03\/5638630408.jpg\" \/>\n\t<meta property=\"og:image:width\" content=\"900\" \/>\n\t<meta property=\"og:image:height\" content=\"900\" \/>\n\t<meta property=\"og:image:type\" content=\"image\/jpeg\" \/>\n<meta name=\"twitter:card\" content=\"summary_large_image\" \/>\n<script type=\"application\/ld+json\" class=\"yoast-schema-graph\">{\"@context\":\"https:\\\/\\\/schema.org\",\"@graph\":[{\"@type\":\"WebPage\",\"@id\":\"https:\\\/\\\/ranoja.ee\\\/toode\\\/akulumelabidas-bc-snb410-x-set-xl2-scheppach\\\/\",\"url\":\"https:\\\/\\\/ranoja.ee\\\/toode\\\/akulumelabidas-bc-snb410-x-set-xl2-scheppach\\\/\",\"name\":\"Akulumelabidas BC-SNB410-X - Set XL2, Scheppach - Ranoja\",\"isPartOf\":{\"@id\":\"https:\\\/\\\/ranoja.ee\\\/#website\"},\"primaryImageOfPage\":{\"@id\":\"https:\\\/\\\/ranoja.ee\\\/toode\\\/akulumelabidas-bc-snb410-x-set-xl2-scheppach\\\/#primaryimage\"},\"image\":{\"@id\":\"https:\\\/\\\/ranoja.ee\\\/toode\\\/akulumelabidas-bc-snb410-x-set-xl2-scheppach\\\/#primaryimage\"},\"thumbnailUrl\":\"https:\\\/\\\/ranoja.ee\\\/wp-content\\\/uploads\\\/2026\\\/03\\\/5638630408.jpg\",\"datePublished\":\"2026-03-16T22:54:02+00:00\",\"dateModified\":\"2026-03-17T12:43:52+00:00\",\"breadcrumb\":{\"@id\":\"https:\\\/\\\/ranoja.ee\\\/toode\\\/akulumelabidas-bc-snb410-x-set-xl2-scheppach\\\/#breadcrumb\"},\"inLanguage\":\"en-US\",\"potentialAction\":[{\"@type\":\"ReadAction\",\"target\":[\"https:\\\/\\\/ranoja.ee\\\/toode\\\/akulumelabidas-bc-snb410-x-set-xl2-scheppach\\\/\"]}]},{\"@type\":\"ImageObject\",\"inLanguage\":\"en-US\",\"@id\":\"https:\\\/\\\/ranoja.ee\\\/toode\\\/akulumelabidas-bc-snb410-x-set-xl2-scheppach\\\/#primaryimage\",\"url\":\"https:\\\/\\\/ranoja.ee\\\/wp-content\\\/uploads\\\/2026\\\/03\\\/5638630408.jpg\",\"contentUrl\":\"https:\\\/\\\/ranoja.ee\\\/wp-content\\\/uploads\\\/2026\\\/03\\\/5638630408.jpg\",\"width\":900,\"height\":900},{\"@type\":\"BreadcrumbList\",\"@id\":\"https:\\\/\\\/ranoja.ee\\\/toode\\\/akulumelabidas-bc-snb410-x-set-xl2-scheppach\\\/#breadcrumb\",\"itemListElement\":[{\"@type\":\"ListItem\",\"position\":1,\"name\":\"Home\",\"item\":\"https:\\\/\\\/ranoja.ee\\\/\"},{\"@type\":\"ListItem\",\"position\":2,\"name\":\"Shop\",\"item\":\"https:\\\/\\\/ranoja.ee\\\/en\\\/shop\\\/\"},{\"@type\":\"ListItem\",\"position\":3,\"name\":\"Akulumelabidas BC-SNB410-X &#8211; Set XL2, Scheppach\"}]},{\"@type\":\"WebSite\",\"@id\":\"https:\\\/\\\/ranoja.ee\\\/#website\",\"url\":\"https:\\\/\\\/ranoja.ee\\\/\",\"name\":\"Ranoja\",\"description\":\"Equipment Shop WooCommerce WordPress Theme for Machine &amp; Tools\",\"publisher\":{\"@id\":\"https:\\\/\\\/ranoja.ee\\\/#organization\"},\"potentialAction\":[{\"@type\":\"SearchAction\",\"target\":{\"@type\":\"EntryPoint\",\"urlTemplate\":\"https:\\\/\\\/ranoja.ee\\\/?s={search_term_string}\"},\"query-input\":{\"@type\":\"PropertyValueSpecification\",\"valueRequired\":true,\"valueName\":\"search_term_string\"}}],\"inLanguage\":\"en-US\"},{\"@type\":\"Organization\",\"@id\":\"https:\\\/\\\/ranoja.ee\\\/#organization\",\"name\":\"Ranoja O\u00dc\",\"url\":\"https:\\\/\\\/ranoja.ee\\\/\",\"logo\":{\"@type\":\"ImageObject\",\"inLanguage\":\"en-US\",\"@id\":\"https:\\\/\\\/ranoja.ee\\\/#\\\/schema\\\/logo\\\/image\\\/\",\"url\":\"https:\\\/\\\/ranoja.ee\\\/wp-content\\\/uploads\\\/2023\\\/11\\\/ranoja-Logo.png\",\"contentUrl\":\"https:\\\/\\\/ranoja.ee\\\/wp-content\\\/uploads\\\/2023\\\/11\\\/ranoja-Logo.png\",\"width\":207,\"height\":58,\"caption\":\"Ranoja O\u00dc\"},\"image\":{\"@id\":\"https:\\\/\\\/ranoja.ee\\\/#\\\/schema\\\/logo\\\/image\\\/\"},\"sameAs\":[\"https:\\\/\\\/www.facebook.com\\\/ranoja.ee\",\"https:\\\/\\\/www.instagram.com\\\/ranoja__\\\/\"]}]}<\/script>\n<!-- \/ Yoast SEO plugin. -->","yoast_head_json":{"title":"Akulumelabidas BC-SNB410-X - Set XL2, Scheppach - Ranoja","robots":{"index":"index","follow":"follow","max-snippet":"max-snippet:-1","max-image-preview":"max-image-preview:large","max-video-preview":"max-video-preview:-1"},"canonical":"https:\/\/ranoja.ee\/toode\/akulumelabidas-bc-snb410-x-set-xl2-scheppach\/","og_locale":"en_US","og_type":"article","og_title":"Akulumelabidas BC-SNB410-X - Set XL2, Scheppach - Ranoja","og_description":"K\u00f5rge j\u00f5udlusega juhtmevaba lumefrees \u2013 ideaalne abivahend talvel sisses\u00f5iduteede, hoovi ja k\u00f5nniteede lumest puhastamiseks. Hooldusvaba ja eriti t\u00f5hus harjadeta mootor, mis tagab pikema t\u00f6\u00f6aja ja kasutusea ning v\u00e4iksema kulumise Juhtmevaba t\u00f6\u00f6 Scheppach IXES 20 V seeriaga \u2013 k\u00f5ik selle s\u00fcsteemi akud ja laadijad on lumefreesiga \u00fchilduvad Reguleeritav lume v\u00e4ljaviske suund: vasakule \u2013 paremale \u2013 otse ette Kiiruse reguleerimine 6 astmes \u2013 vastavalt lume s\u00fcgavusele ja omadustele Maksimaalne t\u00f6\u00f6laius 40 cm Kaheosaline turval\u00fcliti hoiab \u00e4ra juhusliku k\u00e4ivitumise Magnetkinnitusega akukate kaitseb lume ja niiskuse eest V\u00f5imas 2 \u00d7 20 V (40 V) Maksimaalne lume s\u00fcgavus 20 cm Lisak\u00e4epide v\u00f5imaldab kahe k\u00e4ega t\u00f6\u00f6tamist Seisab iseseisvalt Maksimaalne v\u00e4ljaviske kaugus 6 m Ergonoomiline k\u00e4epide libisemiskindla pehme kattega Integreeritud kandesang lihtsaks transportimiseks Komplektis 2 \u00d7 20 V \/ 4,0 Ah aku ja 4,5 A kahepesaline laadija","og_url":"https:\/\/ranoja.ee\/toode\/akulumelabidas-bc-snb410-x-set-xl2-scheppach\/","og_site_name":"Ranoja","article_publisher":"https:\/\/www.facebook.com\/ranoja.ee","article_modified_time":"2026-03-17T12:43:52+00:00","og_image":[{"width":900,"height":900,"url":"https:\/\/ranoja.ee\/wp-content\/uploads\/2026\/03\/5638630408.jpg","type":"image\/jpeg"}],"twitter_card":"summary_large_image","schema":{"@context":"https:\/\/schema.org","@graph":[{"@type":"WebPage","@id":"https:\/\/ranoja.ee\/toode\/akulumelabidas-bc-snb410-x-set-xl2-scheppach\/","url":"https:\/\/ranoja.ee\/toode\/akulumelabidas-bc-snb410-x-set-xl2-scheppach\/","name":"Akulumelabidas BC-SNB410-X - Set XL2, Scheppach - Ranoja","isPartOf":{"@id":"https:\/\/ranoja.ee\/#website"},"primaryImageOfPage":{"@id":"https:\/\/ranoja.ee\/toode\/akulumelabidas-bc-snb410-x-set-xl2-scheppach\/#primaryimage"},"image":{"@id":"https:\/\/ranoja.ee\/toode\/akulumelabidas-bc-snb410-x-set-xl2-scheppach\/#primaryimage"},"thumbnailUrl":"https:\/\/ranoja.ee\/wp-content\/uploads\/2026\/03\/5638630408.jpg","datePublished":"2026-03-16T22:54:02+00:00","dateModified":"2026-03-17T12:43:52+00:00","breadcrumb":{"@id":"https:\/\/ranoja.ee\/toode\/akulumelabidas-bc-snb410-x-set-xl2-scheppach\/#breadcrumb"},"inLanguage":"en-US","potentialAction":[{"@type":"ReadAction","target":["https:\/\/ranoja.ee\/toode\/akulumelabidas-bc-snb410-x-set-xl2-scheppach\/"]}]},{"@type":"ImageObject","inLanguage":"en-US","@id":"https:\/\/ranoja.ee\/toode\/akulumelabidas-bc-snb410-x-set-xl2-scheppach\/#primaryimage","url":"https:\/\/ranoja.ee\/wp-content\/uploads\/2026\/03\/5638630408.jpg","contentUrl":"https:\/\/ranoja.ee\/wp-content\/uploads\/2026\/03\/5638630408.jpg","width":900,"height":900},{"@type":"BreadcrumbList","@id":"https:\/\/ranoja.ee\/toode\/akulumelabidas-bc-snb410-x-set-xl2-scheppach\/#breadcrumb","itemListElement":[{"@type":"ListItem","position":1,"name":"Home","item":"https:\/\/ranoja.ee\/"},{"@type":"ListItem","position":2,"name":"Shop","item":"https:\/\/ranoja.ee\/en\/shop\/"},{"@type":"ListItem","position":3,"name":"Akulumelabidas BC-SNB410-X &#8211; Set XL2, Scheppach"}]},{"@type":"WebSite","@id":"https:\/\/ranoja.ee\/#website","url":"https:\/\/ranoja.ee\/","name":"Ranoja","description":"Equipment Shop WooCommerce WordPress Theme for Machine &amp; Tools","publisher":{"@id":"https:\/\/ranoja.ee\/#organization"},"potentialAction":[{"@type":"SearchAction","target":{"@type":"EntryPoint","urlTemplate":"https:\/\/ranoja.ee\/?s={search_term_string}"},"query-input":{"@type":"PropertyValueSpecification","valueRequired":true,"valueName":"search_term_string"}}],"inLanguage":"en-US"},{"@type":"Organization","@id":"https:\/\/ranoja.ee\/#organization","name":"Ranoja O\u00dc","url":"https:\/\/ranoja.ee\/","logo":{"@type":"ImageObject","inLanguage":"en-US","@id":"https:\/\/ranoja.ee\/#\/schema\/logo\/image\/","url":"https:\/\/ranoja.ee\/wp-content\/uploads\/2023\/11\/ranoja-Logo.png","contentUrl":"https:\/\/ranoja.ee\/wp-content\/uploads\/2023\/11\/ranoja-Logo.png","width":207,"height":58,"caption":"Ranoja O\u00dc"},"image":{"@id":"https:\/\/ranoja.ee\/#\/schema\/logo\/image\/"},"sameAs":["https:\/\/www.facebook.com\/ranoja.ee","https:\/\/www.instagram.com\/ranoja__\/"]}]}},"_links":{"self":[{"href":"https:\/\/ranoja.ee\/en\/wp-json\/wp\/v2\/product\/57965","targetHints":{"allow":["GET"]}}],"collection":[{"href":"https:\/\/ranoja.ee\/en\/wp-json\/wp\/v2\/product"}],"about":[{"href":"https:\/\/ranoja.ee\/en\/wp-json\/wp\/v2\/types\/product"}],"wp:featuredmedia":[{"embeddable":true,"href":"https:\/\/ranoja.ee\/en\/wp-json\/wp\/v2\/media\/57966"}],"wp:attachment":[{"href":"https:\/\/ranoja.ee\/en\/wp-json\/wp\/v2\/media?parent=57965"}],"wp:term":[{"taxonomy":"product_cat","embeddable":true,"href":"https:\/\/ranoja.ee\/en\/wp-json\/wp\/v2\/product_cat?post=57965"},{"taxonomy":"product_tag","embeddable":true,"href":"https:\/\/ranoja.ee\/en\/wp-json\/wp\/v2\/product_tag?post=57965"}],"curies":[{"name":"wp","href":"https:\/\/api.w.org\/{rel}","templated":true}]}}