{"id":57961,"date":"2026-03-17T01:54:02","date_gmt":"2026-03-16T22:54:02","guid":{"rendered":"https:\/\/ranoja.ee\/toode\/vosaloikur-pbc520-scheppach\/"},"modified":"2026-03-17T15:43:52","modified_gmt":"2026-03-17T12:43:52","slug":"vosaloikur-pbc520-scheppach","status":"publish","type":"product","link":"https:\/\/ranoja.ee\/en\/toode\/vosaloikur-pbc520-scheppach\/","title":{"rendered":"V\u00f5sal\u00f5ikur PBC520, Scheppach"},"content":{"rendered":"","protected":false},"excerpt":{"rendered":"<p>Tehnilised andmed:<br \/>\nMootori t\u00f6\u00f6maht 52 cm\u00b3<br \/>\nV\u00f5imsus: 1,4 kW<br \/>\nT\u00fchikaal kg: 7,6<br \/>\nK\u00fcttepaagi maht: 1,2 L<br \/>\nL\u00f5ikediameeter: 43 cm <br \/>\nL\u00f5ikeketas: 25,5 cm<\/p>\n<p>Kirjeldus:<br \/>\n&#8220;Kaks \u00fches masinas&#8221;: rohutrimmer ja v\u00f5sal\u00f5ikuri funktsioonid.<br \/>\nSuure j\u00f5udlusega 52 cm\u00b3 kahetaktiline mootor tagab optimaalse t\u00f6\u00f6.<br \/>\nSuur, 430mm niidukaar trimmipeaga ja 255mm kolmiknuga tagab kiire ja optimaalse t\u00f6\u00f6.<br \/>\nAutomaatne trimmipea ja kolmiknuga kuuluvad komplekti.<br \/>\nAntivibratsioni s\u00fcsteem pehmendab mootorilt tulevat vibratsiooni.<br \/>\nKanderihm lihtsustab masina kandmist.<br \/>\nReguleeritav U-kujulise k\u00e4epideme saab enesele lihtsalt  mugavaks seada.<br \/>\nKiirlukustiga poolitatav toru ja v\u00f5ll lihtsustab transporti ja ka hoiustamist.<br \/>\nK\u00fctuse eelt\u00e4itepump aitab mootori k\u00fclma k\u00e4evituse korral.<\/p>\n<p>Komplektis: kolmiknuga, poolautomaatne trimmipea Tap &#038; Go, trimmikaitse ja \u00f5larihm.<\/p>\n<p>Madala vibratsiooniga v\u00f5imas v\u00f5sal\u00f5ikur suurte alade niitmiseks ja v\u00f5sa l\u00f5ikamiseks.<br \/>\nNB!<br \/>\nK\u00fctusesegu segada suhtega 1:40<\/p>\n","protected":false},"featured_media":57962,"template":"","meta":{"inline_featured_image":false},"product_cat":[5173,1087,5172],"product_tag":[],"class_list":{"0":"post-57961","1":"product","2":"type-product","3":"status-publish","4":"has-post-thumbnail","6":"product_brand-scheppach","7":"product_cat-bensiinimootoriga-vosaloikurid","8":"product_cat-metsatehnika","9":"product_cat-vosaloikurid","11":"first","12":"instock","13":"purchasable","14":"product-type-simple"},"yoast_head":"<!-- This site is optimized with the Yoast SEO plugin v27.4 - https:\/\/yoast.com\/product\/yoast-seo-wordpress\/ -->\n<title>V\u00f5sal\u00f5ikur PBC520, Scheppach - Ranoja<\/title>\n<meta name=\"robots\" content=\"index, follow, max-snippet:-1, max-image-preview:large, max-video-preview:-1\" \/>\n<link rel=\"canonical\" href=\"https:\/\/ranoja.ee\/toode\/vosaloikur-pbc520-scheppach\/\" \/>\n<meta property=\"og:locale\" content=\"en_US\" \/>\n<meta property=\"og:type\" content=\"article\" \/>\n<meta property=\"og:title\" content=\"V\u00f5sal\u00f5ikur PBC520, Scheppach - Ranoja\" \/>\n<meta property=\"og:description\" content=\"Tehnilised andmed: Mootori t\u00f6\u00f6maht 52 cm\u00b3 V\u00f5imsus: 1,4 kW T\u00fchikaal kg: 7,6 K\u00fcttepaagi maht: 1,2 L L\u00f5ikediameeter: 43 cm L\u00f5ikeketas: 25,5 cm Kirjeldus: &quot;Kaks \u00fches masinas&quot;: rohutrimmer ja v\u00f5sal\u00f5ikuri funktsioonid. Suure j\u00f5udlusega 52 cm\u00b3 kahetaktiline mootor tagab optimaalse t\u00f6\u00f6. Suur, 430mm niidukaar trimmipeaga ja 255mm kolmiknuga tagab kiire ja optimaalse t\u00f6\u00f6. Automaatne trimmipea ja kolmiknuga kuuluvad komplekti. Antivibratsioni s\u00fcsteem pehmendab mootorilt tulevat vibratsiooni. Kanderihm lihtsustab masina kandmist. Reguleeritav U-kujulise k\u00e4epideme saab enesele lihtsalt mugavaks seada. Kiirlukustiga poolitatav toru ja v\u00f5ll lihtsustab transporti ja ka hoiustamist. K\u00fctuse eelt\u00e4itepump aitab mootori k\u00fclma k\u00e4evituse korral. Komplektis: kolmiknuga, poolautomaatne trimmipea Tap &amp; Go, trimmikaitse ja \u00f5larihm. Madala vibratsiooniga v\u00f5imas v\u00f5sal\u00f5ikur suurte alade niitmiseks ja v\u00f5sa l\u00f5ikamiseks. NB! K\u00fctusesegu segada suhtega 1:40\" \/>\n<meta property=\"og:url\" content=\"https:\/\/ranoja.ee\/toode\/vosaloikur-pbc520-scheppach\/\" \/>\n<meta property=\"og:site_name\" content=\"Ranoja\" \/>\n<meta property=\"article:publisher\" content=\"https:\/\/www.facebook.com\/ranoja.ee\" \/>\n<meta property=\"article:modified_time\" content=\"2026-03-17T12:43:52+00:00\" \/>\n<meta property=\"og:image\" content=\"https:\/\/ranoja.ee\/wp-content\/uploads\/2026\/03\/5638462749.png\" \/>\n\t<meta property=\"og:image:width\" content=\"727\" \/>\n\t<meta property=\"og:image:height\" content=\"727\" \/>\n\t<meta property=\"og:image:type\" content=\"image\/png\" \/>\n<meta name=\"twitter:card\" content=\"summary_large_image\" \/>\n<script type=\"application\/ld+json\" class=\"yoast-schema-graph\">{\"@context\":\"https:\\\/\\\/schema.org\",\"@graph\":[{\"@type\":\"WebPage\",\"@id\":\"https:\\\/\\\/ranoja.ee\\\/toode\\\/vosaloikur-pbc520-scheppach\\\/\",\"url\":\"https:\\\/\\\/ranoja.ee\\\/toode\\\/vosaloikur-pbc520-scheppach\\\/\",\"name\":\"V\u00f5sal\u00f5ikur PBC520, Scheppach - Ranoja\",\"isPartOf\":{\"@id\":\"https:\\\/\\\/ranoja.ee\\\/#website\"},\"primaryImageOfPage\":{\"@id\":\"https:\\\/\\\/ranoja.ee\\\/toode\\\/vosaloikur-pbc520-scheppach\\\/#primaryimage\"},\"image\":{\"@id\":\"https:\\\/\\\/ranoja.ee\\\/toode\\\/vosaloikur-pbc520-scheppach\\\/#primaryimage\"},\"thumbnailUrl\":\"https:\\\/\\\/ranoja.ee\\\/wp-content\\\/uploads\\\/2026\\\/03\\\/5638462749.png\",\"datePublished\":\"2026-03-16T22:54:02+00:00\",\"dateModified\":\"2026-03-17T12:43:52+00:00\",\"breadcrumb\":{\"@id\":\"https:\\\/\\\/ranoja.ee\\\/toode\\\/vosaloikur-pbc520-scheppach\\\/#breadcrumb\"},\"inLanguage\":\"en-US\",\"potentialAction\":[{\"@type\":\"ReadAction\",\"target\":[\"https:\\\/\\\/ranoja.ee\\\/toode\\\/vosaloikur-pbc520-scheppach\\\/\"]}]},{\"@type\":\"ImageObject\",\"inLanguage\":\"en-US\",\"@id\":\"https:\\\/\\\/ranoja.ee\\\/toode\\\/vosaloikur-pbc520-scheppach\\\/#primaryimage\",\"url\":\"https:\\\/\\\/ranoja.ee\\\/wp-content\\\/uploads\\\/2026\\\/03\\\/5638462749.png\",\"contentUrl\":\"https:\\\/\\\/ranoja.ee\\\/wp-content\\\/uploads\\\/2026\\\/03\\\/5638462749.png\",\"width\":727,\"height\":727},{\"@type\":\"BreadcrumbList\",\"@id\":\"https:\\\/\\\/ranoja.ee\\\/toode\\\/vosaloikur-pbc520-scheppach\\\/#breadcrumb\",\"itemListElement\":[{\"@type\":\"ListItem\",\"position\":1,\"name\":\"Home\",\"item\":\"https:\\\/\\\/ranoja.ee\\\/\"},{\"@type\":\"ListItem\",\"position\":2,\"name\":\"Shop\",\"item\":\"https:\\\/\\\/ranoja.ee\\\/en\\\/shop\\\/\"},{\"@type\":\"ListItem\",\"position\":3,\"name\":\"V\u00f5sal\u00f5ikur PBC520, Scheppach\"}]},{\"@type\":\"WebSite\",\"@id\":\"https:\\\/\\\/ranoja.ee\\\/#website\",\"url\":\"https:\\\/\\\/ranoja.ee\\\/\",\"name\":\"Ranoja\",\"description\":\"Equipment Shop WooCommerce WordPress Theme for Machine &amp; Tools\",\"publisher\":{\"@id\":\"https:\\\/\\\/ranoja.ee\\\/#organization\"},\"potentialAction\":[{\"@type\":\"SearchAction\",\"target\":{\"@type\":\"EntryPoint\",\"urlTemplate\":\"https:\\\/\\\/ranoja.ee\\\/?s={search_term_string}\"},\"query-input\":{\"@type\":\"PropertyValueSpecification\",\"valueRequired\":true,\"valueName\":\"search_term_string\"}}],\"inLanguage\":\"en-US\"},{\"@type\":\"Organization\",\"@id\":\"https:\\\/\\\/ranoja.ee\\\/#organization\",\"name\":\"Ranoja O\u00dc\",\"url\":\"https:\\\/\\\/ranoja.ee\\\/\",\"logo\":{\"@type\":\"ImageObject\",\"inLanguage\":\"en-US\",\"@id\":\"https:\\\/\\\/ranoja.ee\\\/#\\\/schema\\\/logo\\\/image\\\/\",\"url\":\"https:\\\/\\\/ranoja.ee\\\/wp-content\\\/uploads\\\/2023\\\/11\\\/ranoja-Logo.png\",\"contentUrl\":\"https:\\\/\\\/ranoja.ee\\\/wp-content\\\/uploads\\\/2023\\\/11\\\/ranoja-Logo.png\",\"width\":207,\"height\":58,\"caption\":\"Ranoja O\u00dc\"},\"image\":{\"@id\":\"https:\\\/\\\/ranoja.ee\\\/#\\\/schema\\\/logo\\\/image\\\/\"},\"sameAs\":[\"https:\\\/\\\/www.facebook.com\\\/ranoja.ee\",\"https:\\\/\\\/www.instagram.com\\\/ranoja__\\\/\"]}]}<\/script>\n<!-- \/ Yoast SEO plugin. -->","yoast_head_json":{"title":"V\u00f5sal\u00f5ikur PBC520, Scheppach - Ranoja","robots":{"index":"index","follow":"follow","max-snippet":"max-snippet:-1","max-image-preview":"max-image-preview:large","max-video-preview":"max-video-preview:-1"},"canonical":"https:\/\/ranoja.ee\/toode\/vosaloikur-pbc520-scheppach\/","og_locale":"en_US","og_type":"article","og_title":"V\u00f5sal\u00f5ikur PBC520, Scheppach - Ranoja","og_description":"Tehnilised andmed: Mootori t\u00f6\u00f6maht 52 cm\u00b3 V\u00f5imsus: 1,4 kW T\u00fchikaal kg: 7,6 K\u00fcttepaagi maht: 1,2 L L\u00f5ikediameeter: 43 cm L\u00f5ikeketas: 25,5 cm Kirjeldus: \"Kaks \u00fches masinas\": rohutrimmer ja v\u00f5sal\u00f5ikuri funktsioonid. Suure j\u00f5udlusega 52 cm\u00b3 kahetaktiline mootor tagab optimaalse t\u00f6\u00f6. Suur, 430mm niidukaar trimmipeaga ja 255mm kolmiknuga tagab kiire ja optimaalse t\u00f6\u00f6. Automaatne trimmipea ja kolmiknuga kuuluvad komplekti. Antivibratsioni s\u00fcsteem pehmendab mootorilt tulevat vibratsiooni. Kanderihm lihtsustab masina kandmist. Reguleeritav U-kujulise k\u00e4epideme saab enesele lihtsalt mugavaks seada. Kiirlukustiga poolitatav toru ja v\u00f5ll lihtsustab transporti ja ka hoiustamist. K\u00fctuse eelt\u00e4itepump aitab mootori k\u00fclma k\u00e4evituse korral. Komplektis: kolmiknuga, poolautomaatne trimmipea Tap & Go, trimmikaitse ja \u00f5larihm. Madala vibratsiooniga v\u00f5imas v\u00f5sal\u00f5ikur suurte alade niitmiseks ja v\u00f5sa l\u00f5ikamiseks. NB! K\u00fctusesegu segada suhtega 1:40","og_url":"https:\/\/ranoja.ee\/toode\/vosaloikur-pbc520-scheppach\/","og_site_name":"Ranoja","article_publisher":"https:\/\/www.facebook.com\/ranoja.ee","article_modified_time":"2026-03-17T12:43:52+00:00","og_image":[{"width":727,"height":727,"url":"https:\/\/ranoja.ee\/wp-content\/uploads\/2026\/03\/5638462749.png","type":"image\/png"}],"twitter_card":"summary_large_image","schema":{"@context":"https:\/\/schema.org","@graph":[{"@type":"WebPage","@id":"https:\/\/ranoja.ee\/toode\/vosaloikur-pbc520-scheppach\/","url":"https:\/\/ranoja.ee\/toode\/vosaloikur-pbc520-scheppach\/","name":"V\u00f5sal\u00f5ikur PBC520, Scheppach - Ranoja","isPartOf":{"@id":"https:\/\/ranoja.ee\/#website"},"primaryImageOfPage":{"@id":"https:\/\/ranoja.ee\/toode\/vosaloikur-pbc520-scheppach\/#primaryimage"},"image":{"@id":"https:\/\/ranoja.ee\/toode\/vosaloikur-pbc520-scheppach\/#primaryimage"},"thumbnailUrl":"https:\/\/ranoja.ee\/wp-content\/uploads\/2026\/03\/5638462749.png","datePublished":"2026-03-16T22:54:02+00:00","dateModified":"2026-03-17T12:43:52+00:00","breadcrumb":{"@id":"https:\/\/ranoja.ee\/toode\/vosaloikur-pbc520-scheppach\/#breadcrumb"},"inLanguage":"en-US","potentialAction":[{"@type":"ReadAction","target":["https:\/\/ranoja.ee\/toode\/vosaloikur-pbc520-scheppach\/"]}]},{"@type":"ImageObject","inLanguage":"en-US","@id":"https:\/\/ranoja.ee\/toode\/vosaloikur-pbc520-scheppach\/#primaryimage","url":"https:\/\/ranoja.ee\/wp-content\/uploads\/2026\/03\/5638462749.png","contentUrl":"https:\/\/ranoja.ee\/wp-content\/uploads\/2026\/03\/5638462749.png","width":727,"height":727},{"@type":"BreadcrumbList","@id":"https:\/\/ranoja.ee\/toode\/vosaloikur-pbc520-scheppach\/#breadcrumb","itemListElement":[{"@type":"ListItem","position":1,"name":"Home","item":"https:\/\/ranoja.ee\/"},{"@type":"ListItem","position":2,"name":"Shop","item":"https:\/\/ranoja.ee\/en\/shop\/"},{"@type":"ListItem","position":3,"name":"V\u00f5sal\u00f5ikur PBC520, Scheppach"}]},{"@type":"WebSite","@id":"https:\/\/ranoja.ee\/#website","url":"https:\/\/ranoja.ee\/","name":"Ranoja","description":"Equipment Shop WooCommerce WordPress Theme for Machine &amp; Tools","publisher":{"@id":"https:\/\/ranoja.ee\/#organization"},"potentialAction":[{"@type":"SearchAction","target":{"@type":"EntryPoint","urlTemplate":"https:\/\/ranoja.ee\/?s={search_term_string}"},"query-input":{"@type":"PropertyValueSpecification","valueRequired":true,"valueName":"search_term_string"}}],"inLanguage":"en-US"},{"@type":"Organization","@id":"https:\/\/ranoja.ee\/#organization","name":"Ranoja O\u00dc","url":"https:\/\/ranoja.ee\/","logo":{"@type":"ImageObject","inLanguage":"en-US","@id":"https:\/\/ranoja.ee\/#\/schema\/logo\/image\/","url":"https:\/\/ranoja.ee\/wp-content\/uploads\/2023\/11\/ranoja-Logo.png","contentUrl":"https:\/\/ranoja.ee\/wp-content\/uploads\/2023\/11\/ranoja-Logo.png","width":207,"height":58,"caption":"Ranoja O\u00dc"},"image":{"@id":"https:\/\/ranoja.ee\/#\/schema\/logo\/image\/"},"sameAs":["https:\/\/www.facebook.com\/ranoja.ee","https:\/\/www.instagram.com\/ranoja__\/"]}]}},"_links":{"self":[{"href":"https:\/\/ranoja.ee\/en\/wp-json\/wp\/v2\/product\/57961","targetHints":{"allow":["GET"]}}],"collection":[{"href":"https:\/\/ranoja.ee\/en\/wp-json\/wp\/v2\/product"}],"about":[{"href":"https:\/\/ranoja.ee\/en\/wp-json\/wp\/v2\/types\/product"}],"wp:featuredmedia":[{"embeddable":true,"href":"https:\/\/ranoja.ee\/en\/wp-json\/wp\/v2\/media\/57962"}],"wp:attachment":[{"href":"https:\/\/ranoja.ee\/en\/wp-json\/wp\/v2\/media?parent=57961"}],"wp:term":[{"taxonomy":"product_cat","embeddable":true,"href":"https:\/\/ranoja.ee\/en\/wp-json\/wp\/v2\/product_cat?post=57961"},{"taxonomy":"product_tag","embeddable":true,"href":"https:\/\/ranoja.ee\/en\/wp-json\/wp\/v2\/product_tag?post=57961"}],"curies":[{"name":"wp","href":"https:\/\/api.w.org\/{rel}","templated":true}]}}