{"id":57957,"date":"2026-03-17T01:54:02","date_gmt":"2026-03-16T22:54:02","guid":{"rendered":"https:\/\/ranoja.ee\/toode\/universaalmarker-allroundmarker-fluo-360-roheline-500ml-motip\/"},"modified":"2026-03-17T15:43:52","modified_gmt":"2026-03-17T12:43:52","slug":"universaalmarker-allroundmarker-fluo-360-roheline-500ml-motip","status":"publish","type":"product","link":"https:\/\/ranoja.ee\/en\/toode\/universaalmarker-allroundmarker-fluo-360-roheline-500ml-motip\/","title":{"rendered":"Universaalmarker Allroundmarker FLUO 360 roheline 500ml, Motip"},"content":{"rendered":"","protected":false},"excerpt":{"rendered":"<p>Universaalne ehitus- kaeve- ja teet\u00f6\u00f6del kasutatav markeerimisv\u00e4rv.  Sobib kasutamises nii puidu, metalli, kui kivi markeerimiseks.Spetsiaalne 360 kraadi toimiv kapillaarotsik ja ohutuskork tagavad eriti t\u00e4pse ja \u00fchtlase kirjutamistulemuse igas asendis. Otsik on isepuhastuv ning ei vaja peale kasutust otsiku eraldi puhastamist. Fluorestseeruv v\u00e4rv on n\u00e4htav ka h\u00e4maras. Lihtsasti kasutatav ka kinnastega.<\/p>\n<p>KASUTUSVALDKOND:<br \/>\nSobib lisaks suurtel ehitust\u00f6\u00f6del ja teet\u00f6\u00f6del m\u00e4rgistamisel ideaalselt  kasutamiseks ka igap\u00e4evastes tingimustes nt kaubanduses tootepakendite m\u00e4rgistamiseks, puidut\u00f6\u00f6stuses, elektrit\u00f6\u00f6del, metsat\u00f6\u00f6del jne. <\/p>\n<p>TEHNILINE INFO:<br \/>\nKeskkonnas\u00f5bralik<br \/>\nNakkub h\u00e4sti ka niiske pinnaga.<br \/>\nMarkeering n\u00e4htav 6-9kuud.<br \/>\nS\u00f5ltuvalt markeeringu laiusest katab kuni 400m. <br \/>\n100% t\u00fchjenev balloon t\u00e4nu isepuhastuvale klapile.<br \/>\nS\u00e4ilivusaeg 10 aastat<\/p>\n<p>KASUTAMINE:<br \/>\nEnne kasutamist u. 3min loksutada.<br \/>\nVajadusel teha kontrollpihustamist. <br \/>\nPihustamiskaugus u. 25cm.<br \/>\nTolmukuiv 10 minutiga, puutekuiv 30 minutiga. <br \/>\nT\u00e4ielik kuivamisaeg 24 tundi.<\/p>\n","protected":false},"featured_media":57958,"template":"","meta":{"inline_featured_image":false},"product_cat":[5025,5026,5009],"product_tag":[],"class_list":{"0":"post-57957","1":"product","2":"type-product","3":"status-publish","4":"has-post-thumbnail","6":"product_brand-motip","7":"product_cat-marker-ja-aerosoolvarvid","8":"product_cat-markervarvid","9":"product_cat-toostus-ja-autokeemia","11":"first","12":"outofstock","13":"purchasable","14":"product-type-simple"},"yoast_head":"<!-- This site is optimized with the Yoast SEO plugin v27.4 - https:\/\/yoast.com\/product\/yoast-seo-wordpress\/ -->\n<title>Universaalmarker Allroundmarker FLUO 360 roheline 500ml, Motip - Ranoja<\/title>\n<meta name=\"robots\" content=\"index, follow, max-snippet:-1, max-image-preview:large, max-video-preview:-1\" \/>\n<link rel=\"canonical\" href=\"https:\/\/ranoja.ee\/toode\/universaalmarker-allroundmarker-fluo-360-roheline-500ml-motip\/\" \/>\n<meta property=\"og:locale\" content=\"en_US\" \/>\n<meta property=\"og:type\" content=\"article\" \/>\n<meta property=\"og:title\" content=\"Universaalmarker Allroundmarker FLUO 360 roheline 500ml, Motip - Ranoja\" \/>\n<meta property=\"og:description\" content=\"Universaalne ehitus- kaeve- ja teet\u00f6\u00f6del kasutatav markeerimisv\u00e4rv. Sobib kasutamises nii puidu, metalli, kui kivi markeerimiseks.Spetsiaalne 360 kraadi toimiv kapillaarotsik ja ohutuskork tagavad eriti t\u00e4pse ja \u00fchtlase kirjutamistulemuse igas asendis. Otsik on isepuhastuv ning ei vaja peale kasutust otsiku eraldi puhastamist. Fluorestseeruv v\u00e4rv on n\u00e4htav ka h\u00e4maras. Lihtsasti kasutatav ka kinnastega. KASUTUSVALDKOND: Sobib lisaks suurtel ehitust\u00f6\u00f6del ja teet\u00f6\u00f6del m\u00e4rgistamisel ideaalselt kasutamiseks ka igap\u00e4evastes tingimustes nt kaubanduses tootepakendite m\u00e4rgistamiseks, puidut\u00f6\u00f6stuses, elektrit\u00f6\u00f6del, metsat\u00f6\u00f6del jne.  TEHNILINE INFO: Keskkonnas\u00f5bralik Nakkub h\u00e4sti ka niiske pinnaga. Markeering n\u00e4htav 6-9kuud. S\u00f5ltuvalt markeeringu laiusest katab kuni 400m. 100% t\u00fchjenev balloon t\u00e4nu isepuhastuvale klapile. S\u00e4ilivusaeg 10 aastat KASUTAMINE: Enne kasutamist u. 3min loksutada. Vajadusel teha kontrollpihustamist. Pihustamiskaugus u. 25cm. Tolmukuiv 10 minutiga, puutekuiv 30 minutiga. T\u00e4ielik kuivamisaeg 24 tundi.\" \/>\n<meta property=\"og:url\" content=\"https:\/\/ranoja.ee\/toode\/universaalmarker-allroundmarker-fluo-360-roheline-500ml-motip\/\" \/>\n<meta property=\"og:site_name\" content=\"Ranoja\" \/>\n<meta property=\"article:publisher\" content=\"https:\/\/www.facebook.com\/ranoja.ee\" \/>\n<meta property=\"article:modified_time\" content=\"2026-03-17T12:43:52+00:00\" \/>\n<meta property=\"og:image\" content=\"https:\/\/ranoja.ee\/wp-content\/uploads\/2026\/03\/111382624.jpg\" \/>\n\t<meta property=\"og:image:width\" content=\"900\" \/>\n\t<meta property=\"og:image:height\" content=\"900\" \/>\n\t<meta property=\"og:image:type\" content=\"image\/jpeg\" \/>\n<meta name=\"twitter:card\" content=\"summary_large_image\" \/>\n<script type=\"application\/ld+json\" class=\"yoast-schema-graph\">{\"@context\":\"https:\\\/\\\/schema.org\",\"@graph\":[{\"@type\":\"WebPage\",\"@id\":\"https:\\\/\\\/ranoja.ee\\\/toode\\\/universaalmarker-allroundmarker-fluo-360-roheline-500ml-motip\\\/\",\"url\":\"https:\\\/\\\/ranoja.ee\\\/toode\\\/universaalmarker-allroundmarker-fluo-360-roheline-500ml-motip\\\/\",\"name\":\"Universaalmarker Allroundmarker FLUO 360 roheline 500ml, Motip - Ranoja\",\"isPartOf\":{\"@id\":\"https:\\\/\\\/ranoja.ee\\\/#website\"},\"primaryImageOfPage\":{\"@id\":\"https:\\\/\\\/ranoja.ee\\\/toode\\\/universaalmarker-allroundmarker-fluo-360-roheline-500ml-motip\\\/#primaryimage\"},\"image\":{\"@id\":\"https:\\\/\\\/ranoja.ee\\\/toode\\\/universaalmarker-allroundmarker-fluo-360-roheline-500ml-motip\\\/#primaryimage\"},\"thumbnailUrl\":\"https:\\\/\\\/ranoja.ee\\\/wp-content\\\/uploads\\\/2026\\\/03\\\/111382624.jpg\",\"datePublished\":\"2026-03-16T22:54:02+00:00\",\"dateModified\":\"2026-03-17T12:43:52+00:00\",\"breadcrumb\":{\"@id\":\"https:\\\/\\\/ranoja.ee\\\/toode\\\/universaalmarker-allroundmarker-fluo-360-roheline-500ml-motip\\\/#breadcrumb\"},\"inLanguage\":\"en-US\",\"potentialAction\":[{\"@type\":\"ReadAction\",\"target\":[\"https:\\\/\\\/ranoja.ee\\\/toode\\\/universaalmarker-allroundmarker-fluo-360-roheline-500ml-motip\\\/\"]}]},{\"@type\":\"ImageObject\",\"inLanguage\":\"en-US\",\"@id\":\"https:\\\/\\\/ranoja.ee\\\/toode\\\/universaalmarker-allroundmarker-fluo-360-roheline-500ml-motip\\\/#primaryimage\",\"url\":\"https:\\\/\\\/ranoja.ee\\\/wp-content\\\/uploads\\\/2026\\\/03\\\/111382624.jpg\",\"contentUrl\":\"https:\\\/\\\/ranoja.ee\\\/wp-content\\\/uploads\\\/2026\\\/03\\\/111382624.jpg\",\"width\":900,\"height\":900},{\"@type\":\"BreadcrumbList\",\"@id\":\"https:\\\/\\\/ranoja.ee\\\/toode\\\/universaalmarker-allroundmarker-fluo-360-roheline-500ml-motip\\\/#breadcrumb\",\"itemListElement\":[{\"@type\":\"ListItem\",\"position\":1,\"name\":\"Home\",\"item\":\"https:\\\/\\\/ranoja.ee\\\/\"},{\"@type\":\"ListItem\",\"position\":2,\"name\":\"Shop\",\"item\":\"https:\\\/\\\/ranoja.ee\\\/en\\\/shop\\\/\"},{\"@type\":\"ListItem\",\"position\":3,\"name\":\"Universaalmarker Allroundmarker FLUO 360 roheline 500ml, Motip\"}]},{\"@type\":\"WebSite\",\"@id\":\"https:\\\/\\\/ranoja.ee\\\/#website\",\"url\":\"https:\\\/\\\/ranoja.ee\\\/\",\"name\":\"Ranoja\",\"description\":\"Equipment Shop WooCommerce WordPress Theme for Machine &amp; Tools\",\"publisher\":{\"@id\":\"https:\\\/\\\/ranoja.ee\\\/#organization\"},\"potentialAction\":[{\"@type\":\"SearchAction\",\"target\":{\"@type\":\"EntryPoint\",\"urlTemplate\":\"https:\\\/\\\/ranoja.ee\\\/?s={search_term_string}\"},\"query-input\":{\"@type\":\"PropertyValueSpecification\",\"valueRequired\":true,\"valueName\":\"search_term_string\"}}],\"inLanguage\":\"en-US\"},{\"@type\":\"Organization\",\"@id\":\"https:\\\/\\\/ranoja.ee\\\/#organization\",\"name\":\"Ranoja O\u00dc\",\"url\":\"https:\\\/\\\/ranoja.ee\\\/\",\"logo\":{\"@type\":\"ImageObject\",\"inLanguage\":\"en-US\",\"@id\":\"https:\\\/\\\/ranoja.ee\\\/#\\\/schema\\\/logo\\\/image\\\/\",\"url\":\"https:\\\/\\\/ranoja.ee\\\/wp-content\\\/uploads\\\/2023\\\/11\\\/ranoja-Logo.png\",\"contentUrl\":\"https:\\\/\\\/ranoja.ee\\\/wp-content\\\/uploads\\\/2023\\\/11\\\/ranoja-Logo.png\",\"width\":207,\"height\":58,\"caption\":\"Ranoja O\u00dc\"},\"image\":{\"@id\":\"https:\\\/\\\/ranoja.ee\\\/#\\\/schema\\\/logo\\\/image\\\/\"},\"sameAs\":[\"https:\\\/\\\/www.facebook.com\\\/ranoja.ee\",\"https:\\\/\\\/www.instagram.com\\\/ranoja__\\\/\"]}]}<\/script>\n<!-- \/ Yoast SEO plugin. -->","yoast_head_json":{"title":"Universaalmarker Allroundmarker FLUO 360 roheline 500ml, Motip - Ranoja","robots":{"index":"index","follow":"follow","max-snippet":"max-snippet:-1","max-image-preview":"max-image-preview:large","max-video-preview":"max-video-preview:-1"},"canonical":"https:\/\/ranoja.ee\/toode\/universaalmarker-allroundmarker-fluo-360-roheline-500ml-motip\/","og_locale":"en_US","og_type":"article","og_title":"Universaalmarker Allroundmarker FLUO 360 roheline 500ml, Motip - Ranoja","og_description":"Universaalne ehitus- kaeve- ja teet\u00f6\u00f6del kasutatav markeerimisv\u00e4rv. Sobib kasutamises nii puidu, metalli, kui kivi markeerimiseks.Spetsiaalne 360 kraadi toimiv kapillaarotsik ja ohutuskork tagavad eriti t\u00e4pse ja \u00fchtlase kirjutamistulemuse igas asendis. Otsik on isepuhastuv ning ei vaja peale kasutust otsiku eraldi puhastamist. Fluorestseeruv v\u00e4rv on n\u00e4htav ka h\u00e4maras. Lihtsasti kasutatav ka kinnastega. KASUTUSVALDKOND: Sobib lisaks suurtel ehitust\u00f6\u00f6del ja teet\u00f6\u00f6del m\u00e4rgistamisel ideaalselt kasutamiseks ka igap\u00e4evastes tingimustes nt kaubanduses tootepakendite m\u00e4rgistamiseks, puidut\u00f6\u00f6stuses, elektrit\u00f6\u00f6del, metsat\u00f6\u00f6del jne.  TEHNILINE INFO: Keskkonnas\u00f5bralik Nakkub h\u00e4sti ka niiske pinnaga. Markeering n\u00e4htav 6-9kuud. S\u00f5ltuvalt markeeringu laiusest katab kuni 400m. 100% t\u00fchjenev balloon t\u00e4nu isepuhastuvale klapile. S\u00e4ilivusaeg 10 aastat KASUTAMINE: Enne kasutamist u. 3min loksutada. Vajadusel teha kontrollpihustamist. Pihustamiskaugus u. 25cm. Tolmukuiv 10 minutiga, puutekuiv 30 minutiga. T\u00e4ielik kuivamisaeg 24 tundi.","og_url":"https:\/\/ranoja.ee\/toode\/universaalmarker-allroundmarker-fluo-360-roheline-500ml-motip\/","og_site_name":"Ranoja","article_publisher":"https:\/\/www.facebook.com\/ranoja.ee","article_modified_time":"2026-03-17T12:43:52+00:00","og_image":[{"width":900,"height":900,"url":"https:\/\/ranoja.ee\/wp-content\/uploads\/2026\/03\/111382624.jpg","type":"image\/jpeg"}],"twitter_card":"summary_large_image","schema":{"@context":"https:\/\/schema.org","@graph":[{"@type":"WebPage","@id":"https:\/\/ranoja.ee\/toode\/universaalmarker-allroundmarker-fluo-360-roheline-500ml-motip\/","url":"https:\/\/ranoja.ee\/toode\/universaalmarker-allroundmarker-fluo-360-roheline-500ml-motip\/","name":"Universaalmarker Allroundmarker FLUO 360 roheline 500ml, Motip - Ranoja","isPartOf":{"@id":"https:\/\/ranoja.ee\/#website"},"primaryImageOfPage":{"@id":"https:\/\/ranoja.ee\/toode\/universaalmarker-allroundmarker-fluo-360-roheline-500ml-motip\/#primaryimage"},"image":{"@id":"https:\/\/ranoja.ee\/toode\/universaalmarker-allroundmarker-fluo-360-roheline-500ml-motip\/#primaryimage"},"thumbnailUrl":"https:\/\/ranoja.ee\/wp-content\/uploads\/2026\/03\/111382624.jpg","datePublished":"2026-03-16T22:54:02+00:00","dateModified":"2026-03-17T12:43:52+00:00","breadcrumb":{"@id":"https:\/\/ranoja.ee\/toode\/universaalmarker-allroundmarker-fluo-360-roheline-500ml-motip\/#breadcrumb"},"inLanguage":"en-US","potentialAction":[{"@type":"ReadAction","target":["https:\/\/ranoja.ee\/toode\/universaalmarker-allroundmarker-fluo-360-roheline-500ml-motip\/"]}]},{"@type":"ImageObject","inLanguage":"en-US","@id":"https:\/\/ranoja.ee\/toode\/universaalmarker-allroundmarker-fluo-360-roheline-500ml-motip\/#primaryimage","url":"https:\/\/ranoja.ee\/wp-content\/uploads\/2026\/03\/111382624.jpg","contentUrl":"https:\/\/ranoja.ee\/wp-content\/uploads\/2026\/03\/111382624.jpg","width":900,"height":900},{"@type":"BreadcrumbList","@id":"https:\/\/ranoja.ee\/toode\/universaalmarker-allroundmarker-fluo-360-roheline-500ml-motip\/#breadcrumb","itemListElement":[{"@type":"ListItem","position":1,"name":"Home","item":"https:\/\/ranoja.ee\/"},{"@type":"ListItem","position":2,"name":"Shop","item":"https:\/\/ranoja.ee\/en\/shop\/"},{"@type":"ListItem","position":3,"name":"Universaalmarker Allroundmarker FLUO 360 roheline 500ml, Motip"}]},{"@type":"WebSite","@id":"https:\/\/ranoja.ee\/#website","url":"https:\/\/ranoja.ee\/","name":"Ranoja","description":"Equipment Shop WooCommerce WordPress Theme for Machine &amp; Tools","publisher":{"@id":"https:\/\/ranoja.ee\/#organization"},"potentialAction":[{"@type":"SearchAction","target":{"@type":"EntryPoint","urlTemplate":"https:\/\/ranoja.ee\/?s={search_term_string}"},"query-input":{"@type":"PropertyValueSpecification","valueRequired":true,"valueName":"search_term_string"}}],"inLanguage":"en-US"},{"@type":"Organization","@id":"https:\/\/ranoja.ee\/#organization","name":"Ranoja O\u00dc","url":"https:\/\/ranoja.ee\/","logo":{"@type":"ImageObject","inLanguage":"en-US","@id":"https:\/\/ranoja.ee\/#\/schema\/logo\/image\/","url":"https:\/\/ranoja.ee\/wp-content\/uploads\/2023\/11\/ranoja-Logo.png","contentUrl":"https:\/\/ranoja.ee\/wp-content\/uploads\/2023\/11\/ranoja-Logo.png","width":207,"height":58,"caption":"Ranoja O\u00dc"},"image":{"@id":"https:\/\/ranoja.ee\/#\/schema\/logo\/image\/"},"sameAs":["https:\/\/www.facebook.com\/ranoja.ee","https:\/\/www.instagram.com\/ranoja__\/"]}]}},"_links":{"self":[{"href":"https:\/\/ranoja.ee\/en\/wp-json\/wp\/v2\/product\/57957","targetHints":{"allow":["GET"]}}],"collection":[{"href":"https:\/\/ranoja.ee\/en\/wp-json\/wp\/v2\/product"}],"about":[{"href":"https:\/\/ranoja.ee\/en\/wp-json\/wp\/v2\/types\/product"}],"wp:featuredmedia":[{"embeddable":true,"href":"https:\/\/ranoja.ee\/en\/wp-json\/wp\/v2\/media\/57958"}],"wp:attachment":[{"href":"https:\/\/ranoja.ee\/en\/wp-json\/wp\/v2\/media?parent=57957"}],"wp:term":[{"taxonomy":"product_cat","embeddable":true,"href":"https:\/\/ranoja.ee\/en\/wp-json\/wp\/v2\/product_cat?post=57957"},{"taxonomy":"product_tag","embeddable":true,"href":"https:\/\/ranoja.ee\/en\/wp-json\/wp\/v2\/product_tag?post=57957"}],"curies":[{"name":"wp","href":"https:\/\/api.w.org\/{rel}","templated":true}]}}