{"id":57951,"date":"2026-03-17T01:54:02","date_gmt":"2026-03-16T22:54:02","guid":{"rendered":"https:\/\/ranoja.ee\/toode\/akuoksasaag-bc-ps150-x-karkass-scheppach\/"},"modified":"2026-03-17T15:43:52","modified_gmt":"2026-03-17T12:43:52","slug":"akuoksasaag-bc-ps150-x-karkass-scheppach","status":"publish","type":"product","link":"https:\/\/ranoja.ee\/en\/toode\/akuoksasaag-bc-ps150-x-karkass-scheppach\/","title":{"rendered":"Akuoksasaag BC-PS150-X, karkass, Scheppach"},"content":{"rendered":"","protected":false},"excerpt":{"rendered":"<p>Keti\u00f5li paak 30 ml<br \/>\nL\u00f5ikekiirus max. 6,8 m\/s<br \/>\nL\u00f5ikepikkus max. 150 mm<br \/>\nKeti samm 1\/4&#8243;<br \/>\nLati pikkus 6&#8243;<br \/>\nKetipingutus<br \/>\nAku pinge 20 V<br \/>\nMootori t\u00fc\u00fcp Harjadeta mootor<\/p>\n<p>\u2022 Kompaktne ja kerge oksasaag puude ja p\u00f5\u00f5saste okste l\u00f5ikamiseks<br \/>\n\u2022 Sobib ka muu puitmaterjali jupeldamiseks<br \/>\n\u2022 Hooldusvaba, eriti t\u00f5hus harjadeta mootor<br \/>\n\u2022 Suur 6&#8243; ProCut laba ja kett<br \/>\n\u2022 L\u00f5ikekiirus kuni 6,8 m\/s tagab kiire t\u00f6\u00f6<br \/>\n\u2022 Kompaktne disain v\u00f5imaldab t\u00f6\u00f6tada raskesti ligip\u00e4\u00e4setavates kohtades<br \/>\n\u2022 Madala vibratsiooniga kett<br \/>\n\u2022 Maksimaalne l\u00f5ikepaksus 150 mm<br \/>\n\u2022 Pehme kattega k\u00e4epide ja turval\u00fcliti<br \/>\n\u2022 Automaatne keti\u00f5litus katkematuks t\u00f6\u00f6ks<br \/>\n\u2022 K\u00e4ekaitse ja laba kate seadme ohutuks k\u00e4sitsemiseks<br \/>\n\u2022 Keti pingsuse reguleerimine<br \/>\n\u2022 Aku ja laadija saadaval eraldi<\/p>\n<p>Sobivad akud ja laadijad: <br \/>\n7909201720&#038;SCHEP Komplekt SBSK2.0 Starterkit 1: 2,0 Ah  aku + 2,4 A laadija<br \/>\n7909201721&#038;SCHEP Komplekt SBSK4.0 Starterkit 2: 4,0Ah aku + 2,4 A laadija<br \/>\n7909201708&#038;SCHEP Aku SBP2.0,  20 V \/ 2,0 Ah, Li-ioon<br \/>\n7909201709&#038;SCHEP Aku SBP4.0, 20 V \/ 4,0 Ah, Li-ioon<br \/>\n7909201711&#038;SCHEP Kiirlaadija SBC4.5A<\/p>\n<p>Scheppachi elektrilised k\u00e4sit\u00f6\u00f6riistad on m\u00f5eldud n\u00f5udlikule hobikasutajale<\/p>\n","protected":false},"featured_media":57952,"template":"","meta":{"inline_featured_image":false},"product_cat":[5134,1087,5133],"product_tag":[],"class_list":{"0":"post-57951","1":"product","2":"type-product","3":"status-publish","4":"has-post-thumbnail","6":"product_brand-scheppach","7":"product_cat-akuga-kettsaed","8":"product_cat-metsatehnika","9":"product_cat-mootorsaed","11":"first","12":"instock","13":"purchasable","14":"product-type-simple"},"yoast_head":"<!-- This site is optimized with the Yoast SEO plugin v27.4 - https:\/\/yoast.com\/product\/yoast-seo-wordpress\/ -->\n<title>Akuoksasaag BC-PS150-X, karkass, Scheppach - Ranoja<\/title>\n<meta name=\"robots\" content=\"index, follow, max-snippet:-1, max-image-preview:large, max-video-preview:-1\" \/>\n<link rel=\"canonical\" href=\"https:\/\/ranoja.ee\/toode\/akuoksasaag-bc-ps150-x-karkass-scheppach\/\" \/>\n<meta property=\"og:locale\" content=\"en_US\" \/>\n<meta property=\"og:type\" content=\"article\" \/>\n<meta property=\"og:title\" content=\"Akuoksasaag BC-PS150-X, karkass, Scheppach - Ranoja\" \/>\n<meta property=\"og:description\" content=\"Keti\u00f5li paak 30 ml L\u00f5ikekiirus max. 6,8 m\/s L\u00f5ikepikkus max. 150 mm Keti samm 1\/4&quot; Lati pikkus 6&quot; Ketipingutus Aku pinge 20 V Mootori t\u00fc\u00fcp Harjadeta mootor \u2022 Kompaktne ja kerge oksasaag puude ja p\u00f5\u00f5saste okste l\u00f5ikamiseks \u2022 Sobib ka muu puitmaterjali jupeldamiseks \u2022 Hooldusvaba, eriti t\u00f5hus harjadeta mootor \u2022 Suur 6&quot; ProCut laba ja kett \u2022 L\u00f5ikekiirus kuni 6,8 m\/s tagab kiire t\u00f6\u00f6 \u2022 Kompaktne disain v\u00f5imaldab t\u00f6\u00f6tada raskesti ligip\u00e4\u00e4setavates kohtades \u2022 Madala vibratsiooniga kett \u2022 Maksimaalne l\u00f5ikepaksus 150 mm \u2022 Pehme kattega k\u00e4epide ja turval\u00fcliti \u2022 Automaatne keti\u00f5litus katkematuks t\u00f6\u00f6ks \u2022 K\u00e4ekaitse ja laba kate seadme ohutuks k\u00e4sitsemiseks \u2022 Keti pingsuse reguleerimine \u2022 Aku ja laadija saadaval eraldi Sobivad akud ja laadijad: 7909201720&amp;SCHEP Komplekt SBSK2.0 Starterkit 1: 2,0 Ah aku + 2,4 A laadija 7909201721&amp;SCHEP Komplekt SBSK4.0 Starterkit 2: 4,0Ah aku + 2,4 A laadija 7909201708&amp;SCHEP Aku SBP2.0, 20 V \/ 2,0 Ah, Li-ioon 7909201709&amp;SCHEP Aku SBP4.0, 20 V \/ 4,0 Ah, Li-ioon 7909201711&amp;SCHEP Kiirlaadija SBC4.5A Scheppachi elektrilised k\u00e4sit\u00f6\u00f6riistad on m\u00f5eldud n\u00f5udlikule hobikasutajale\" \/>\n<meta property=\"og:url\" content=\"https:\/\/ranoja.ee\/toode\/akuoksasaag-bc-ps150-x-karkass-scheppach\/\" \/>\n<meta property=\"og:site_name\" content=\"Ranoja\" \/>\n<meta property=\"article:publisher\" content=\"https:\/\/www.facebook.com\/ranoja.ee\" \/>\n<meta property=\"article:modified_time\" content=\"2026-03-17T12:43:52+00:00\" \/>\n<meta property=\"og:image\" content=\"https:\/\/ranoja.ee\/wp-content\/uploads\/2026\/03\/261286388.jpg\" \/>\n\t<meta property=\"og:image:width\" content=\"375\" \/>\n\t<meta property=\"og:image:height\" content=\"768\" \/>\n\t<meta property=\"og:image:type\" content=\"image\/jpeg\" \/>\n<meta name=\"twitter:card\" content=\"summary_large_image\" \/>\n<script type=\"application\/ld+json\" class=\"yoast-schema-graph\">{\"@context\":\"https:\\\/\\\/schema.org\",\"@graph\":[{\"@type\":\"WebPage\",\"@id\":\"https:\\\/\\\/ranoja.ee\\\/toode\\\/akuoksasaag-bc-ps150-x-karkass-scheppach\\\/\",\"url\":\"https:\\\/\\\/ranoja.ee\\\/toode\\\/akuoksasaag-bc-ps150-x-karkass-scheppach\\\/\",\"name\":\"Akuoksasaag BC-PS150-X, karkass, Scheppach - Ranoja\",\"isPartOf\":{\"@id\":\"https:\\\/\\\/ranoja.ee\\\/#website\"},\"primaryImageOfPage\":{\"@id\":\"https:\\\/\\\/ranoja.ee\\\/toode\\\/akuoksasaag-bc-ps150-x-karkass-scheppach\\\/#primaryimage\"},\"image\":{\"@id\":\"https:\\\/\\\/ranoja.ee\\\/toode\\\/akuoksasaag-bc-ps150-x-karkass-scheppach\\\/#primaryimage\"},\"thumbnailUrl\":\"https:\\\/\\\/ranoja.ee\\\/wp-content\\\/uploads\\\/2026\\\/03\\\/261286388.jpg\",\"datePublished\":\"2026-03-16T22:54:02+00:00\",\"dateModified\":\"2026-03-17T12:43:52+00:00\",\"breadcrumb\":{\"@id\":\"https:\\\/\\\/ranoja.ee\\\/toode\\\/akuoksasaag-bc-ps150-x-karkass-scheppach\\\/#breadcrumb\"},\"inLanguage\":\"en-US\",\"potentialAction\":[{\"@type\":\"ReadAction\",\"target\":[\"https:\\\/\\\/ranoja.ee\\\/toode\\\/akuoksasaag-bc-ps150-x-karkass-scheppach\\\/\"]}]},{\"@type\":\"ImageObject\",\"inLanguage\":\"en-US\",\"@id\":\"https:\\\/\\\/ranoja.ee\\\/toode\\\/akuoksasaag-bc-ps150-x-karkass-scheppach\\\/#primaryimage\",\"url\":\"https:\\\/\\\/ranoja.ee\\\/wp-content\\\/uploads\\\/2026\\\/03\\\/261286388.jpg\",\"contentUrl\":\"https:\\\/\\\/ranoja.ee\\\/wp-content\\\/uploads\\\/2026\\\/03\\\/261286388.jpg\",\"width\":375,\"height\":768},{\"@type\":\"BreadcrumbList\",\"@id\":\"https:\\\/\\\/ranoja.ee\\\/toode\\\/akuoksasaag-bc-ps150-x-karkass-scheppach\\\/#breadcrumb\",\"itemListElement\":[{\"@type\":\"ListItem\",\"position\":1,\"name\":\"Home\",\"item\":\"https:\\\/\\\/ranoja.ee\\\/\"},{\"@type\":\"ListItem\",\"position\":2,\"name\":\"Shop\",\"item\":\"https:\\\/\\\/ranoja.ee\\\/en\\\/shop\\\/\"},{\"@type\":\"ListItem\",\"position\":3,\"name\":\"Akuoksasaag BC-PS150-X, karkass, Scheppach\"}]},{\"@type\":\"WebSite\",\"@id\":\"https:\\\/\\\/ranoja.ee\\\/#website\",\"url\":\"https:\\\/\\\/ranoja.ee\\\/\",\"name\":\"Ranoja\",\"description\":\"Equipment Shop WooCommerce WordPress Theme for Machine &amp; Tools\",\"publisher\":{\"@id\":\"https:\\\/\\\/ranoja.ee\\\/#organization\"},\"potentialAction\":[{\"@type\":\"SearchAction\",\"target\":{\"@type\":\"EntryPoint\",\"urlTemplate\":\"https:\\\/\\\/ranoja.ee\\\/?s={search_term_string}\"},\"query-input\":{\"@type\":\"PropertyValueSpecification\",\"valueRequired\":true,\"valueName\":\"search_term_string\"}}],\"inLanguage\":\"en-US\"},{\"@type\":\"Organization\",\"@id\":\"https:\\\/\\\/ranoja.ee\\\/#organization\",\"name\":\"Ranoja O\u00dc\",\"url\":\"https:\\\/\\\/ranoja.ee\\\/\",\"logo\":{\"@type\":\"ImageObject\",\"inLanguage\":\"en-US\",\"@id\":\"https:\\\/\\\/ranoja.ee\\\/#\\\/schema\\\/logo\\\/image\\\/\",\"url\":\"https:\\\/\\\/ranoja.ee\\\/wp-content\\\/uploads\\\/2023\\\/11\\\/ranoja-Logo.png\",\"contentUrl\":\"https:\\\/\\\/ranoja.ee\\\/wp-content\\\/uploads\\\/2023\\\/11\\\/ranoja-Logo.png\",\"width\":207,\"height\":58,\"caption\":\"Ranoja O\u00dc\"},\"image\":{\"@id\":\"https:\\\/\\\/ranoja.ee\\\/#\\\/schema\\\/logo\\\/image\\\/\"},\"sameAs\":[\"https:\\\/\\\/www.facebook.com\\\/ranoja.ee\",\"https:\\\/\\\/www.instagram.com\\\/ranoja__\\\/\"]}]}<\/script>\n<!-- \/ Yoast SEO plugin. -->","yoast_head_json":{"title":"Akuoksasaag BC-PS150-X, karkass, Scheppach - Ranoja","robots":{"index":"index","follow":"follow","max-snippet":"max-snippet:-1","max-image-preview":"max-image-preview:large","max-video-preview":"max-video-preview:-1"},"canonical":"https:\/\/ranoja.ee\/toode\/akuoksasaag-bc-ps150-x-karkass-scheppach\/","og_locale":"en_US","og_type":"article","og_title":"Akuoksasaag BC-PS150-X, karkass, Scheppach - Ranoja","og_description":"Keti\u00f5li paak 30 ml L\u00f5ikekiirus max. 6,8 m\/s L\u00f5ikepikkus max. 150 mm Keti samm 1\/4\" Lati pikkus 6\" Ketipingutus Aku pinge 20 V Mootori t\u00fc\u00fcp Harjadeta mootor \u2022 Kompaktne ja kerge oksasaag puude ja p\u00f5\u00f5saste okste l\u00f5ikamiseks \u2022 Sobib ka muu puitmaterjali jupeldamiseks \u2022 Hooldusvaba, eriti t\u00f5hus harjadeta mootor \u2022 Suur 6\" ProCut laba ja kett \u2022 L\u00f5ikekiirus kuni 6,8 m\/s tagab kiire t\u00f6\u00f6 \u2022 Kompaktne disain v\u00f5imaldab t\u00f6\u00f6tada raskesti ligip\u00e4\u00e4setavates kohtades \u2022 Madala vibratsiooniga kett \u2022 Maksimaalne l\u00f5ikepaksus 150 mm \u2022 Pehme kattega k\u00e4epide ja turval\u00fcliti \u2022 Automaatne keti\u00f5litus katkematuks t\u00f6\u00f6ks \u2022 K\u00e4ekaitse ja laba kate seadme ohutuks k\u00e4sitsemiseks \u2022 Keti pingsuse reguleerimine \u2022 Aku ja laadija saadaval eraldi Sobivad akud ja laadijad: 7909201720&SCHEP Komplekt SBSK2.0 Starterkit 1: 2,0 Ah aku + 2,4 A laadija 7909201721&SCHEP Komplekt SBSK4.0 Starterkit 2: 4,0Ah aku + 2,4 A laadija 7909201708&SCHEP Aku SBP2.0, 20 V \/ 2,0 Ah, Li-ioon 7909201709&SCHEP Aku SBP4.0, 20 V \/ 4,0 Ah, Li-ioon 7909201711&SCHEP Kiirlaadija SBC4.5A Scheppachi elektrilised k\u00e4sit\u00f6\u00f6riistad on m\u00f5eldud n\u00f5udlikule hobikasutajale","og_url":"https:\/\/ranoja.ee\/toode\/akuoksasaag-bc-ps150-x-karkass-scheppach\/","og_site_name":"Ranoja","article_publisher":"https:\/\/www.facebook.com\/ranoja.ee","article_modified_time":"2026-03-17T12:43:52+00:00","og_image":[{"width":375,"height":768,"url":"https:\/\/ranoja.ee\/wp-content\/uploads\/2026\/03\/261286388.jpg","type":"image\/jpeg"}],"twitter_card":"summary_large_image","schema":{"@context":"https:\/\/schema.org","@graph":[{"@type":"WebPage","@id":"https:\/\/ranoja.ee\/toode\/akuoksasaag-bc-ps150-x-karkass-scheppach\/","url":"https:\/\/ranoja.ee\/toode\/akuoksasaag-bc-ps150-x-karkass-scheppach\/","name":"Akuoksasaag BC-PS150-X, karkass, Scheppach - Ranoja","isPartOf":{"@id":"https:\/\/ranoja.ee\/#website"},"primaryImageOfPage":{"@id":"https:\/\/ranoja.ee\/toode\/akuoksasaag-bc-ps150-x-karkass-scheppach\/#primaryimage"},"image":{"@id":"https:\/\/ranoja.ee\/toode\/akuoksasaag-bc-ps150-x-karkass-scheppach\/#primaryimage"},"thumbnailUrl":"https:\/\/ranoja.ee\/wp-content\/uploads\/2026\/03\/261286388.jpg","datePublished":"2026-03-16T22:54:02+00:00","dateModified":"2026-03-17T12:43:52+00:00","breadcrumb":{"@id":"https:\/\/ranoja.ee\/toode\/akuoksasaag-bc-ps150-x-karkass-scheppach\/#breadcrumb"},"inLanguage":"en-US","potentialAction":[{"@type":"ReadAction","target":["https:\/\/ranoja.ee\/toode\/akuoksasaag-bc-ps150-x-karkass-scheppach\/"]}]},{"@type":"ImageObject","inLanguage":"en-US","@id":"https:\/\/ranoja.ee\/toode\/akuoksasaag-bc-ps150-x-karkass-scheppach\/#primaryimage","url":"https:\/\/ranoja.ee\/wp-content\/uploads\/2026\/03\/261286388.jpg","contentUrl":"https:\/\/ranoja.ee\/wp-content\/uploads\/2026\/03\/261286388.jpg","width":375,"height":768},{"@type":"BreadcrumbList","@id":"https:\/\/ranoja.ee\/toode\/akuoksasaag-bc-ps150-x-karkass-scheppach\/#breadcrumb","itemListElement":[{"@type":"ListItem","position":1,"name":"Home","item":"https:\/\/ranoja.ee\/"},{"@type":"ListItem","position":2,"name":"Shop","item":"https:\/\/ranoja.ee\/en\/shop\/"},{"@type":"ListItem","position":3,"name":"Akuoksasaag BC-PS150-X, karkass, Scheppach"}]},{"@type":"WebSite","@id":"https:\/\/ranoja.ee\/#website","url":"https:\/\/ranoja.ee\/","name":"Ranoja","description":"Equipment Shop WooCommerce WordPress Theme for Machine &amp; Tools","publisher":{"@id":"https:\/\/ranoja.ee\/#organization"},"potentialAction":[{"@type":"SearchAction","target":{"@type":"EntryPoint","urlTemplate":"https:\/\/ranoja.ee\/?s={search_term_string}"},"query-input":{"@type":"PropertyValueSpecification","valueRequired":true,"valueName":"search_term_string"}}],"inLanguage":"en-US"},{"@type":"Organization","@id":"https:\/\/ranoja.ee\/#organization","name":"Ranoja O\u00dc","url":"https:\/\/ranoja.ee\/","logo":{"@type":"ImageObject","inLanguage":"en-US","@id":"https:\/\/ranoja.ee\/#\/schema\/logo\/image\/","url":"https:\/\/ranoja.ee\/wp-content\/uploads\/2023\/11\/ranoja-Logo.png","contentUrl":"https:\/\/ranoja.ee\/wp-content\/uploads\/2023\/11\/ranoja-Logo.png","width":207,"height":58,"caption":"Ranoja O\u00dc"},"image":{"@id":"https:\/\/ranoja.ee\/#\/schema\/logo\/image\/"},"sameAs":["https:\/\/www.facebook.com\/ranoja.ee","https:\/\/www.instagram.com\/ranoja__\/"]}]}},"_links":{"self":[{"href":"https:\/\/ranoja.ee\/en\/wp-json\/wp\/v2\/product\/57951","targetHints":{"allow":["GET"]}}],"collection":[{"href":"https:\/\/ranoja.ee\/en\/wp-json\/wp\/v2\/product"}],"about":[{"href":"https:\/\/ranoja.ee\/en\/wp-json\/wp\/v2\/types\/product"}],"wp:featuredmedia":[{"embeddable":true,"href":"https:\/\/ranoja.ee\/en\/wp-json\/wp\/v2\/media\/57952"}],"wp:attachment":[{"href":"https:\/\/ranoja.ee\/en\/wp-json\/wp\/v2\/media?parent=57951"}],"wp:term":[{"taxonomy":"product_cat","embeddable":true,"href":"https:\/\/ranoja.ee\/en\/wp-json\/wp\/v2\/product_cat?post=57951"},{"taxonomy":"product_tag","embeddable":true,"href":"https:\/\/ranoja.ee\/en\/wp-json\/wp\/v2\/product_tag?post=57951"}],"curies":[{"name":"wp","href":"https:\/\/api.w.org\/{rel}","templated":true}]}}