{"id":57933,"date":"2026-03-17T01:54:02","date_gmt":"2026-03-16T22:54:02","guid":{"rendered":"https:\/\/ranoja.ee\/toode\/tooriistakomplekt-tb235-233-osaline-scheppach\/"},"modified":"2026-03-17T15:43:52","modified_gmt":"2026-03-17T12:43:52","slug":"tooriistakomplekt-tb235-233-osaline-scheppach","status":"publish","type":"product","link":"https:\/\/ranoja.ee\/en\/toode\/tooriistakomplekt-tb235-233-osaline-scheppach\/","title":{"rendered":"T\u00f6\u00f6riistakomplekt TB235,  233 osaline, Scheppach"},"content":{"rendered":"","protected":false},"excerpt":{"rendered":"<p>Praktiline ja mitmek\u00fclgne 233-osaline t\u00f6\u00f6riistakomplekt \u2013 ideaalne majapidamises, ehitusplatsil, autos, t\u00f6\u00f6kojas v\u00f5i v\u00e4ljas\u00f5idul.<\/p>\n<p>Kvaliteetsest kroom-vanaadiumi terasest t\u00f6\u00f6riistad.<\/p>\n<p>Tugevast ABS-plastist ja tugevdatud nurkadega kohver, milles igal t\u00f6\u00f6riistal oma koht.<\/p>\n<p>Korralikult organiseeritud ja h\u00e4sti paigutatud t\u00f6\u00f6riistad.<\/p>\n<p>Praktiline t\u00f6\u00f6riistade kombinatsioon laia kasutusala jaoks.<\/p>\n<p>Sisaldab:<br \/>\n2x 3\/8\u201c s\u00fc\u00fctek\u00fc\u00fcnlapadrunid 16 &#038; 21 mm<br \/>\n1x 1\/4\u201c liigend<br \/>\n1x 1\/4\u201c pikendus 2\u201c<br \/>\n1x 1\/4\u201c pikendus 4\u201c<br \/>\n1x 1\/4\u201c T-k\u00e4epide<br \/>\n1x 1\/4\u201c otsakuhoidja narrele<br \/>\n9x 1\/4\u201c padrunit 5-13mm<br \/>\n3x magnetiga otsakuhoidjad 60 mm, 80 mm, 120 mm<br \/>\n90x erinevad otsakud \u00bc\u201cx25 mm<br \/>\n9x lehtsilmusv\u00f5tmed 8 mm &#8211; 19 mm<br \/>\n1x kohver<br \/>\n11x 1\/2\u201c padrunid 15 mm &#8211; 32 mm<br \/>\n1x 1\/2\u201c liigend<br \/>\n1x 1\/2\u201c narre<br \/>\n1x 1\/2\u201c pikendus 5\u201c<br \/>\n1x 1\/2\u201c pikendus 10\u201c<br \/>\n1x 1\/2\u201c T-k\u00e4epide<br \/>\n1x F1\/2\u201c-M1\/4\u201c \u00fcleminek<br \/>\n3x 1\/2\u201c E-padrunid E20, E22, E24<br \/>\n1x F3\/8-M1\/2\u201c \u00fcleminek<br \/>\n6x 3\/8\u201c E-padrunid E10 &#8211; E18<br \/>\n13x 1\/4\u201c padrunid 4 mm &#8211; 14 mm<br \/>\n1x 1\/4\u201c Narre<br \/>\n1x 1\/4\u201c otsakukruvikeeraja<br \/>\n5x 1\/4\u201c E-padrunid E4 &#8211; E8<br \/>\n29x otsakut \u00bc\u201cx30 mm<br \/>\n30x otsakut karbis \u00bc\u201cx25 mm<br \/>\n8x L-kuuskant v\u00f5tmed<\/p>\n","protected":false},"featured_media":57934,"template":"","meta":{"inline_featured_image":false},"product_cat":[1596,1116,5168,5169],"product_tag":[],"class_list":{"0":"post-57933","1":"product","2":"type-product","3":"status-publish","4":"has-post-thumbnail","6":"product_brand-scheppach","7":"product_cat-kasitooriistad","8":"product_cat-lisaseadmed-ehitusseadmed-led-lisatuled-cb-raadiod-lallar","9":"product_cat-tooriista-komplektid","10":"product_cat-universaalsed-tooriistakomplektid","12":"first","13":"instock","14":"purchasable","15":"product-type-simple"},"yoast_head":"<!-- This site is optimized with the Yoast SEO plugin v27.4 - https:\/\/yoast.com\/product\/yoast-seo-wordpress\/ -->\n<title>T\u00f6\u00f6riistakomplekt TB235, 233 osaline, Scheppach - Ranoja<\/title>\n<meta name=\"robots\" content=\"index, follow, max-snippet:-1, max-image-preview:large, max-video-preview:-1\" \/>\n<link rel=\"canonical\" href=\"https:\/\/ranoja.ee\/toode\/tooriistakomplekt-tb235-233-osaline-scheppach\/\" \/>\n<meta property=\"og:locale\" content=\"en_US\" \/>\n<meta property=\"og:type\" content=\"article\" \/>\n<meta property=\"og:title\" content=\"T\u00f6\u00f6riistakomplekt TB235, 233 osaline, Scheppach - Ranoja\" \/>\n<meta property=\"og:description\" content=\"Praktiline ja mitmek\u00fclgne 233-osaline t\u00f6\u00f6riistakomplekt \u2013 ideaalne majapidamises, ehitusplatsil, autos, t\u00f6\u00f6kojas v\u00f5i v\u00e4ljas\u00f5idul. Kvaliteetsest kroom-vanaadiumi terasest t\u00f6\u00f6riistad. Tugevast ABS-plastist ja tugevdatud nurkadega kohver, milles igal t\u00f6\u00f6riistal oma koht. Korralikult organiseeritud ja h\u00e4sti paigutatud t\u00f6\u00f6riistad. Praktiline t\u00f6\u00f6riistade kombinatsioon laia kasutusala jaoks. Sisaldab: 2x 3\/8\u201c s\u00fc\u00fctek\u00fc\u00fcnlapadrunid 16 &amp; 21 mm 1x 1\/4\u201c liigend 1x 1\/4\u201c pikendus 2\u201c 1x 1\/4\u201c pikendus 4\u201c 1x 1\/4\u201c T-k\u00e4epide 1x 1\/4\u201c otsakuhoidja narrele 9x 1\/4\u201c padrunit 5-13mm 3x magnetiga otsakuhoidjad 60 mm, 80 mm, 120 mm 90x erinevad otsakud \u00bc\u201cx25 mm 9x lehtsilmusv\u00f5tmed 8 mm - 19 mm 1x kohver 11x 1\/2\u201c padrunid 15 mm - 32 mm 1x 1\/2\u201c liigend 1x 1\/2\u201c narre 1x 1\/2\u201c pikendus 5\u201c 1x 1\/2\u201c pikendus 10\u201c 1x 1\/2\u201c T-k\u00e4epide 1x F1\/2\u201c-M1\/4\u201c \u00fcleminek 3x 1\/2\u201c E-padrunid E20, E22, E24 1x F3\/8-M1\/2\u201c \u00fcleminek 6x 3\/8\u201c E-padrunid E10 - E18 13x 1\/4\u201c padrunid 4 mm - 14 mm 1x 1\/4\u201c Narre 1x 1\/4\u201c otsakukruvikeeraja 5x 1\/4\u201c E-padrunid E4 - E8 29x otsakut \u00bc\u201cx30 mm 30x otsakut karbis \u00bc\u201cx25 mm 8x L-kuuskant v\u00f5tmed\" \/>\n<meta property=\"og:url\" content=\"https:\/\/ranoja.ee\/toode\/tooriistakomplekt-tb235-233-osaline-scheppach\/\" \/>\n<meta property=\"og:site_name\" content=\"Ranoja\" \/>\n<meta property=\"article:publisher\" content=\"https:\/\/www.facebook.com\/ranoja.ee\" \/>\n<meta property=\"article:modified_time\" content=\"2026-03-17T12:43:52+00:00\" \/>\n<meta property=\"og:image\" content=\"https:\/\/ranoja.ee\/wp-content\/uploads\/2026\/03\/5638689260.jpg\" \/>\n\t<meta property=\"og:image:width\" content=\"900\" \/>\n\t<meta property=\"og:image:height\" content=\"900\" \/>\n\t<meta property=\"og:image:type\" content=\"image\/jpeg\" \/>\n<meta name=\"twitter:card\" content=\"summary_large_image\" \/>\n<script type=\"application\/ld+json\" class=\"yoast-schema-graph\">{\"@context\":\"https:\\\/\\\/schema.org\",\"@graph\":[{\"@type\":\"WebPage\",\"@id\":\"https:\\\/\\\/ranoja.ee\\\/toode\\\/tooriistakomplekt-tb235-233-osaline-scheppach\\\/\",\"url\":\"https:\\\/\\\/ranoja.ee\\\/toode\\\/tooriistakomplekt-tb235-233-osaline-scheppach\\\/\",\"name\":\"T\u00f6\u00f6riistakomplekt TB235, 233 osaline, Scheppach - Ranoja\",\"isPartOf\":{\"@id\":\"https:\\\/\\\/ranoja.ee\\\/#website\"},\"primaryImageOfPage\":{\"@id\":\"https:\\\/\\\/ranoja.ee\\\/toode\\\/tooriistakomplekt-tb235-233-osaline-scheppach\\\/#primaryimage\"},\"image\":{\"@id\":\"https:\\\/\\\/ranoja.ee\\\/toode\\\/tooriistakomplekt-tb235-233-osaline-scheppach\\\/#primaryimage\"},\"thumbnailUrl\":\"https:\\\/\\\/ranoja.ee\\\/wp-content\\\/uploads\\\/2026\\\/03\\\/5638689260.jpg\",\"datePublished\":\"2026-03-16T22:54:02+00:00\",\"dateModified\":\"2026-03-17T12:43:52+00:00\",\"breadcrumb\":{\"@id\":\"https:\\\/\\\/ranoja.ee\\\/toode\\\/tooriistakomplekt-tb235-233-osaline-scheppach\\\/#breadcrumb\"},\"inLanguage\":\"en-US\",\"potentialAction\":[{\"@type\":\"ReadAction\",\"target\":[\"https:\\\/\\\/ranoja.ee\\\/toode\\\/tooriistakomplekt-tb235-233-osaline-scheppach\\\/\"]}]},{\"@type\":\"ImageObject\",\"inLanguage\":\"en-US\",\"@id\":\"https:\\\/\\\/ranoja.ee\\\/toode\\\/tooriistakomplekt-tb235-233-osaline-scheppach\\\/#primaryimage\",\"url\":\"https:\\\/\\\/ranoja.ee\\\/wp-content\\\/uploads\\\/2026\\\/03\\\/5638689260.jpg\",\"contentUrl\":\"https:\\\/\\\/ranoja.ee\\\/wp-content\\\/uploads\\\/2026\\\/03\\\/5638689260.jpg\",\"width\":900,\"height\":900},{\"@type\":\"BreadcrumbList\",\"@id\":\"https:\\\/\\\/ranoja.ee\\\/toode\\\/tooriistakomplekt-tb235-233-osaline-scheppach\\\/#breadcrumb\",\"itemListElement\":[{\"@type\":\"ListItem\",\"position\":1,\"name\":\"Home\",\"item\":\"https:\\\/\\\/ranoja.ee\\\/\"},{\"@type\":\"ListItem\",\"position\":2,\"name\":\"Shop\",\"item\":\"https:\\\/\\\/ranoja.ee\\\/en\\\/shop\\\/\"},{\"@type\":\"ListItem\",\"position\":3,\"name\":\"T\u00f6\u00f6riistakomplekt TB235, 233 osaline, Scheppach\"}]},{\"@type\":\"WebSite\",\"@id\":\"https:\\\/\\\/ranoja.ee\\\/#website\",\"url\":\"https:\\\/\\\/ranoja.ee\\\/\",\"name\":\"Ranoja\",\"description\":\"Equipment Shop WooCommerce WordPress Theme for Machine &amp; Tools\",\"publisher\":{\"@id\":\"https:\\\/\\\/ranoja.ee\\\/#organization\"},\"potentialAction\":[{\"@type\":\"SearchAction\",\"target\":{\"@type\":\"EntryPoint\",\"urlTemplate\":\"https:\\\/\\\/ranoja.ee\\\/?s={search_term_string}\"},\"query-input\":{\"@type\":\"PropertyValueSpecification\",\"valueRequired\":true,\"valueName\":\"search_term_string\"}}],\"inLanguage\":\"en-US\"},{\"@type\":\"Organization\",\"@id\":\"https:\\\/\\\/ranoja.ee\\\/#organization\",\"name\":\"Ranoja O\u00dc\",\"url\":\"https:\\\/\\\/ranoja.ee\\\/\",\"logo\":{\"@type\":\"ImageObject\",\"inLanguage\":\"en-US\",\"@id\":\"https:\\\/\\\/ranoja.ee\\\/#\\\/schema\\\/logo\\\/image\\\/\",\"url\":\"https:\\\/\\\/ranoja.ee\\\/wp-content\\\/uploads\\\/2023\\\/11\\\/ranoja-Logo.png\",\"contentUrl\":\"https:\\\/\\\/ranoja.ee\\\/wp-content\\\/uploads\\\/2023\\\/11\\\/ranoja-Logo.png\",\"width\":207,\"height\":58,\"caption\":\"Ranoja O\u00dc\"},\"image\":{\"@id\":\"https:\\\/\\\/ranoja.ee\\\/#\\\/schema\\\/logo\\\/image\\\/\"},\"sameAs\":[\"https:\\\/\\\/www.facebook.com\\\/ranoja.ee\",\"https:\\\/\\\/www.instagram.com\\\/ranoja__\\\/\"]}]}<\/script>\n<!-- \/ Yoast SEO plugin. -->","yoast_head_json":{"title":"T\u00f6\u00f6riistakomplekt TB235, 233 osaline, Scheppach - Ranoja","robots":{"index":"index","follow":"follow","max-snippet":"max-snippet:-1","max-image-preview":"max-image-preview:large","max-video-preview":"max-video-preview:-1"},"canonical":"https:\/\/ranoja.ee\/toode\/tooriistakomplekt-tb235-233-osaline-scheppach\/","og_locale":"en_US","og_type":"article","og_title":"T\u00f6\u00f6riistakomplekt TB235, 233 osaline, Scheppach - Ranoja","og_description":"Praktiline ja mitmek\u00fclgne 233-osaline t\u00f6\u00f6riistakomplekt \u2013 ideaalne majapidamises, ehitusplatsil, autos, t\u00f6\u00f6kojas v\u00f5i v\u00e4ljas\u00f5idul. Kvaliteetsest kroom-vanaadiumi terasest t\u00f6\u00f6riistad. Tugevast ABS-plastist ja tugevdatud nurkadega kohver, milles igal t\u00f6\u00f6riistal oma koht. Korralikult organiseeritud ja h\u00e4sti paigutatud t\u00f6\u00f6riistad. Praktiline t\u00f6\u00f6riistade kombinatsioon laia kasutusala jaoks. Sisaldab: 2x 3\/8\u201c s\u00fc\u00fctek\u00fc\u00fcnlapadrunid 16 & 21 mm 1x 1\/4\u201c liigend 1x 1\/4\u201c pikendus 2\u201c 1x 1\/4\u201c pikendus 4\u201c 1x 1\/4\u201c T-k\u00e4epide 1x 1\/4\u201c otsakuhoidja narrele 9x 1\/4\u201c padrunit 5-13mm 3x magnetiga otsakuhoidjad 60 mm, 80 mm, 120 mm 90x erinevad otsakud \u00bc\u201cx25 mm 9x lehtsilmusv\u00f5tmed 8 mm - 19 mm 1x kohver 11x 1\/2\u201c padrunid 15 mm - 32 mm 1x 1\/2\u201c liigend 1x 1\/2\u201c narre 1x 1\/2\u201c pikendus 5\u201c 1x 1\/2\u201c pikendus 10\u201c 1x 1\/2\u201c T-k\u00e4epide 1x F1\/2\u201c-M1\/4\u201c \u00fcleminek 3x 1\/2\u201c E-padrunid E20, E22, E24 1x F3\/8-M1\/2\u201c \u00fcleminek 6x 3\/8\u201c E-padrunid E10 - E18 13x 1\/4\u201c padrunid 4 mm - 14 mm 1x 1\/4\u201c Narre 1x 1\/4\u201c otsakukruvikeeraja 5x 1\/4\u201c E-padrunid E4 - E8 29x otsakut \u00bc\u201cx30 mm 30x otsakut karbis \u00bc\u201cx25 mm 8x L-kuuskant v\u00f5tmed","og_url":"https:\/\/ranoja.ee\/toode\/tooriistakomplekt-tb235-233-osaline-scheppach\/","og_site_name":"Ranoja","article_publisher":"https:\/\/www.facebook.com\/ranoja.ee","article_modified_time":"2026-03-17T12:43:52+00:00","og_image":[{"width":900,"height":900,"url":"https:\/\/ranoja.ee\/wp-content\/uploads\/2026\/03\/5638689260.jpg","type":"image\/jpeg"}],"twitter_card":"summary_large_image","schema":{"@context":"https:\/\/schema.org","@graph":[{"@type":"WebPage","@id":"https:\/\/ranoja.ee\/toode\/tooriistakomplekt-tb235-233-osaline-scheppach\/","url":"https:\/\/ranoja.ee\/toode\/tooriistakomplekt-tb235-233-osaline-scheppach\/","name":"T\u00f6\u00f6riistakomplekt TB235, 233 osaline, Scheppach - Ranoja","isPartOf":{"@id":"https:\/\/ranoja.ee\/#website"},"primaryImageOfPage":{"@id":"https:\/\/ranoja.ee\/toode\/tooriistakomplekt-tb235-233-osaline-scheppach\/#primaryimage"},"image":{"@id":"https:\/\/ranoja.ee\/toode\/tooriistakomplekt-tb235-233-osaline-scheppach\/#primaryimage"},"thumbnailUrl":"https:\/\/ranoja.ee\/wp-content\/uploads\/2026\/03\/5638689260.jpg","datePublished":"2026-03-16T22:54:02+00:00","dateModified":"2026-03-17T12:43:52+00:00","breadcrumb":{"@id":"https:\/\/ranoja.ee\/toode\/tooriistakomplekt-tb235-233-osaline-scheppach\/#breadcrumb"},"inLanguage":"en-US","potentialAction":[{"@type":"ReadAction","target":["https:\/\/ranoja.ee\/toode\/tooriistakomplekt-tb235-233-osaline-scheppach\/"]}]},{"@type":"ImageObject","inLanguage":"en-US","@id":"https:\/\/ranoja.ee\/toode\/tooriistakomplekt-tb235-233-osaline-scheppach\/#primaryimage","url":"https:\/\/ranoja.ee\/wp-content\/uploads\/2026\/03\/5638689260.jpg","contentUrl":"https:\/\/ranoja.ee\/wp-content\/uploads\/2026\/03\/5638689260.jpg","width":900,"height":900},{"@type":"BreadcrumbList","@id":"https:\/\/ranoja.ee\/toode\/tooriistakomplekt-tb235-233-osaline-scheppach\/#breadcrumb","itemListElement":[{"@type":"ListItem","position":1,"name":"Home","item":"https:\/\/ranoja.ee\/"},{"@type":"ListItem","position":2,"name":"Shop","item":"https:\/\/ranoja.ee\/en\/shop\/"},{"@type":"ListItem","position":3,"name":"T\u00f6\u00f6riistakomplekt TB235, 233 osaline, Scheppach"}]},{"@type":"WebSite","@id":"https:\/\/ranoja.ee\/#website","url":"https:\/\/ranoja.ee\/","name":"Ranoja","description":"Equipment Shop WooCommerce WordPress Theme for Machine &amp; Tools","publisher":{"@id":"https:\/\/ranoja.ee\/#organization"},"potentialAction":[{"@type":"SearchAction","target":{"@type":"EntryPoint","urlTemplate":"https:\/\/ranoja.ee\/?s={search_term_string}"},"query-input":{"@type":"PropertyValueSpecification","valueRequired":true,"valueName":"search_term_string"}}],"inLanguage":"en-US"},{"@type":"Organization","@id":"https:\/\/ranoja.ee\/#organization","name":"Ranoja O\u00dc","url":"https:\/\/ranoja.ee\/","logo":{"@type":"ImageObject","inLanguage":"en-US","@id":"https:\/\/ranoja.ee\/#\/schema\/logo\/image\/","url":"https:\/\/ranoja.ee\/wp-content\/uploads\/2023\/11\/ranoja-Logo.png","contentUrl":"https:\/\/ranoja.ee\/wp-content\/uploads\/2023\/11\/ranoja-Logo.png","width":207,"height":58,"caption":"Ranoja O\u00dc"},"image":{"@id":"https:\/\/ranoja.ee\/#\/schema\/logo\/image\/"},"sameAs":["https:\/\/www.facebook.com\/ranoja.ee","https:\/\/www.instagram.com\/ranoja__\/"]}]}},"_links":{"self":[{"href":"https:\/\/ranoja.ee\/en\/wp-json\/wp\/v2\/product\/57933","targetHints":{"allow":["GET"]}}],"collection":[{"href":"https:\/\/ranoja.ee\/en\/wp-json\/wp\/v2\/product"}],"about":[{"href":"https:\/\/ranoja.ee\/en\/wp-json\/wp\/v2\/types\/product"}],"wp:featuredmedia":[{"embeddable":true,"href":"https:\/\/ranoja.ee\/en\/wp-json\/wp\/v2\/media\/57934"}],"wp:attachment":[{"href":"https:\/\/ranoja.ee\/en\/wp-json\/wp\/v2\/media?parent=57933"}],"wp:term":[{"taxonomy":"product_cat","embeddable":true,"href":"https:\/\/ranoja.ee\/en\/wp-json\/wp\/v2\/product_cat?post=57933"},{"taxonomy":"product_tag","embeddable":true,"href":"https:\/\/ranoja.ee\/en\/wp-json\/wp\/v2\/product_tag?post=57933"}],"curies":[{"name":"wp","href":"https:\/\/api.w.org\/{rel}","templated":true}]}}