{"id":57907,"date":"2026-03-17T01:53:38","date_gmt":"2026-03-16T22:53:38","guid":{"rendered":"https:\/\/ranoja.ee\/toode\/kulgloiketangid-comfort-kaepide-140mm-knipex\/"},"modified":"2026-03-17T15:43:53","modified_gmt":"2026-03-17T12:43:53","slug":"kulgloiketangid-comfort-kaepide-140mm-knipex","status":"publish","type":"product","link":"https:\/\/ranoja.ee\/en\/toode\/kulgloiketangid-comfort-kaepide-140mm-knipex\/","title":{"rendered":"K\u00fclgl\u00f5iketangid comfort k\u00e4epide 140mm, Knipex"},"content":{"rendered":"","protected":false},"excerpt":{"rendered":"<p>K\u00fclgl\u00f5iketangid mitmekomponendiliste k\u00e4epidemetega<\/p>\n<p>Kitsas pea v\u00f5imaldab t\u00f6\u00f6tada kitsastes oludes<br \/>\nAsendamatud k\u00fclgl\u00f5iketangid mitmek\u00fclgseks universaalseks kasutuseks<br \/>\nKvaliteetne materjal ja t\u00e4pne t\u00f6\u00f6tlus tagavad pika kasutusea<br \/>\nT\u00e4psed l\u00f5ikeservad pehme ja k\u00f5va traadi l\u00f5ikamiseks<br \/>\nPuhas l\u00f5ige \u00f5hukestel vasktraatidel ka l\u00f5ikeservade otstes<br \/>\nL\u00f5ikeservad t\u00e4iendavalt induktsioonkarastatud, l\u00f5ikeserva k\u00f5vadus umbes 61 HRC<\/p>\n<p>Disain ja viimistlus<br \/>\nPinnaviimistlus: must atramentiseeritud<br \/>\nPeadetail: poleeritud<br \/>\nK\u00e4epidemed: mitmekomponendilised k\u00e4epidemed<\/p>\n<p>Tehnilised andmed<br \/>\nKaal: 150 g<br \/>\nM\u00f5\u00f5dud: 140 x 54 x 19 mm<\/p>\n<p>L\u00f5ikev\u00f5ime<br \/>\nKeskmise k\u00f5vadusega traat: \u00d8 2,5 mm<br \/>\nK\u00f5va traat: \u00d8 1,8 mm<\/p>\n<p>Standardid ja vastavus<br \/>\nStandard: DIN ISO 5749<br \/>\nREACH: vastav, ei sisalda SVHC aineid<br \/>\nRoHS: vastav, ei ole kohaldatav<\/p>\n","protected":false},"featured_media":57908,"template":"","meta":{"inline_featured_image":false},"product_cat":[1596,1116,5150,5076],"product_tag":[],"class_list":{"0":"post-57907","1":"product","2":"type-product","3":"status-publish","4":"has-post-thumbnail","6":"product_brand-knipex","7":"product_cat-kasitooriistad","8":"product_cat-lisaseadmed-ehitusseadmed-led-lisatuled-cb-raadiod-lallar","9":"product_cat-loiketangid","10":"product_cat-tangid","12":"first","13":"instock","14":"purchasable","15":"product-type-simple"},"yoast_head":"<!-- This site is optimized with the Yoast SEO plugin v27.4 - https:\/\/yoast.com\/product\/yoast-seo-wordpress\/ -->\n<title>K\u00fclgl\u00f5iketangid comfort k\u00e4epide 140mm, Knipex - Ranoja<\/title>\n<meta name=\"robots\" content=\"index, follow, max-snippet:-1, max-image-preview:large, max-video-preview:-1\" \/>\n<link rel=\"canonical\" href=\"https:\/\/ranoja.ee\/toode\/kulgloiketangid-comfort-kaepide-140mm-knipex\/\" \/>\n<meta property=\"og:locale\" content=\"en_US\" \/>\n<meta property=\"og:type\" content=\"article\" \/>\n<meta property=\"og:title\" content=\"K\u00fclgl\u00f5iketangid comfort k\u00e4epide 140mm, Knipex - Ranoja\" \/>\n<meta property=\"og:description\" content=\"K\u00fclgl\u00f5iketangid mitmekomponendiliste k\u00e4epidemetega Kitsas pea v\u00f5imaldab t\u00f6\u00f6tada kitsastes oludes Asendamatud k\u00fclgl\u00f5iketangid mitmek\u00fclgseks universaalseks kasutuseks Kvaliteetne materjal ja t\u00e4pne t\u00f6\u00f6tlus tagavad pika kasutusea T\u00e4psed l\u00f5ikeservad pehme ja k\u00f5va traadi l\u00f5ikamiseks Puhas l\u00f5ige \u00f5hukestel vasktraatidel ka l\u00f5ikeservade otstes L\u00f5ikeservad t\u00e4iendavalt induktsioonkarastatud, l\u00f5ikeserva k\u00f5vadus umbes 61 HRC Disain ja viimistlus Pinnaviimistlus: must atramentiseeritud Peadetail: poleeritud K\u00e4epidemed: mitmekomponendilised k\u00e4epidemed Tehnilised andmed Kaal: 150 g M\u00f5\u00f5dud: 140 x 54 x 19 mm L\u00f5ikev\u00f5ime Keskmise k\u00f5vadusega traat: \u00d8 2,5 mm K\u00f5va traat: \u00d8 1,8 mm Standardid ja vastavus Standard: DIN ISO 5749 REACH: vastav, ei sisalda SVHC aineid RoHS: vastav, ei ole kohaldatav\" \/>\n<meta property=\"og:url\" content=\"https:\/\/ranoja.ee\/toode\/kulgloiketangid-comfort-kaepide-140mm-knipex\/\" \/>\n<meta property=\"og:site_name\" content=\"Ranoja\" \/>\n<meta property=\"article:publisher\" content=\"https:\/\/www.facebook.com\/ranoja.ee\" \/>\n<meta property=\"article:modified_time\" content=\"2026-03-17T12:43:53+00:00\" \/>\n<meta property=\"og:image\" content=\"https:\/\/ranoja.ee\/wp-content\/uploads\/2026\/03\/156165125.jpg\" \/>\n\t<meta property=\"og:image:width\" content=\"800\" \/>\n\t<meta property=\"og:image:height\" content=\"337\" \/>\n\t<meta property=\"og:image:type\" content=\"image\/jpeg\" \/>\n<meta name=\"twitter:card\" content=\"summary_large_image\" \/>\n<script type=\"application\/ld+json\" class=\"yoast-schema-graph\">{\"@context\":\"https:\\\/\\\/schema.org\",\"@graph\":[{\"@type\":\"WebPage\",\"@id\":\"https:\\\/\\\/ranoja.ee\\\/toode\\\/kulgloiketangid-comfort-kaepide-140mm-knipex\\\/\",\"url\":\"https:\\\/\\\/ranoja.ee\\\/toode\\\/kulgloiketangid-comfort-kaepide-140mm-knipex\\\/\",\"name\":\"K\u00fclgl\u00f5iketangid comfort k\u00e4epide 140mm, Knipex - Ranoja\",\"isPartOf\":{\"@id\":\"https:\\\/\\\/ranoja.ee\\\/#website\"},\"primaryImageOfPage\":{\"@id\":\"https:\\\/\\\/ranoja.ee\\\/toode\\\/kulgloiketangid-comfort-kaepide-140mm-knipex\\\/#primaryimage\"},\"image\":{\"@id\":\"https:\\\/\\\/ranoja.ee\\\/toode\\\/kulgloiketangid-comfort-kaepide-140mm-knipex\\\/#primaryimage\"},\"thumbnailUrl\":\"https:\\\/\\\/ranoja.ee\\\/wp-content\\\/uploads\\\/2026\\\/03\\\/156165125.jpg\",\"datePublished\":\"2026-03-16T22:53:38+00:00\",\"dateModified\":\"2026-03-17T12:43:53+00:00\",\"breadcrumb\":{\"@id\":\"https:\\\/\\\/ranoja.ee\\\/toode\\\/kulgloiketangid-comfort-kaepide-140mm-knipex\\\/#breadcrumb\"},\"inLanguage\":\"en-US\",\"potentialAction\":[{\"@type\":\"ReadAction\",\"target\":[\"https:\\\/\\\/ranoja.ee\\\/toode\\\/kulgloiketangid-comfort-kaepide-140mm-knipex\\\/\"]}]},{\"@type\":\"ImageObject\",\"inLanguage\":\"en-US\",\"@id\":\"https:\\\/\\\/ranoja.ee\\\/toode\\\/kulgloiketangid-comfort-kaepide-140mm-knipex\\\/#primaryimage\",\"url\":\"https:\\\/\\\/ranoja.ee\\\/wp-content\\\/uploads\\\/2026\\\/03\\\/156165125.jpg\",\"contentUrl\":\"https:\\\/\\\/ranoja.ee\\\/wp-content\\\/uploads\\\/2026\\\/03\\\/156165125.jpg\",\"width\":800,\"height\":337},{\"@type\":\"BreadcrumbList\",\"@id\":\"https:\\\/\\\/ranoja.ee\\\/toode\\\/kulgloiketangid-comfort-kaepide-140mm-knipex\\\/#breadcrumb\",\"itemListElement\":[{\"@type\":\"ListItem\",\"position\":1,\"name\":\"Home\",\"item\":\"https:\\\/\\\/ranoja.ee\\\/\"},{\"@type\":\"ListItem\",\"position\":2,\"name\":\"Shop\",\"item\":\"https:\\\/\\\/ranoja.ee\\\/en\\\/shop\\\/\"},{\"@type\":\"ListItem\",\"position\":3,\"name\":\"K\u00fclgl\u00f5iketangid comfort k\u00e4epide 140mm, Knipex\"}]},{\"@type\":\"WebSite\",\"@id\":\"https:\\\/\\\/ranoja.ee\\\/#website\",\"url\":\"https:\\\/\\\/ranoja.ee\\\/\",\"name\":\"Ranoja\",\"description\":\"Equipment Shop WooCommerce WordPress Theme for Machine &amp; Tools\",\"publisher\":{\"@id\":\"https:\\\/\\\/ranoja.ee\\\/#organization\"},\"potentialAction\":[{\"@type\":\"SearchAction\",\"target\":{\"@type\":\"EntryPoint\",\"urlTemplate\":\"https:\\\/\\\/ranoja.ee\\\/?s={search_term_string}\"},\"query-input\":{\"@type\":\"PropertyValueSpecification\",\"valueRequired\":true,\"valueName\":\"search_term_string\"}}],\"inLanguage\":\"en-US\"},{\"@type\":\"Organization\",\"@id\":\"https:\\\/\\\/ranoja.ee\\\/#organization\",\"name\":\"Ranoja O\u00dc\",\"url\":\"https:\\\/\\\/ranoja.ee\\\/\",\"logo\":{\"@type\":\"ImageObject\",\"inLanguage\":\"en-US\",\"@id\":\"https:\\\/\\\/ranoja.ee\\\/#\\\/schema\\\/logo\\\/image\\\/\",\"url\":\"https:\\\/\\\/ranoja.ee\\\/wp-content\\\/uploads\\\/2023\\\/11\\\/ranoja-Logo.png\",\"contentUrl\":\"https:\\\/\\\/ranoja.ee\\\/wp-content\\\/uploads\\\/2023\\\/11\\\/ranoja-Logo.png\",\"width\":207,\"height\":58,\"caption\":\"Ranoja O\u00dc\"},\"image\":{\"@id\":\"https:\\\/\\\/ranoja.ee\\\/#\\\/schema\\\/logo\\\/image\\\/\"},\"sameAs\":[\"https:\\\/\\\/www.facebook.com\\\/ranoja.ee\",\"https:\\\/\\\/www.instagram.com\\\/ranoja__\\\/\"]}]}<\/script>\n<!-- \/ Yoast SEO plugin. -->","yoast_head_json":{"title":"K\u00fclgl\u00f5iketangid comfort k\u00e4epide 140mm, Knipex - Ranoja","robots":{"index":"index","follow":"follow","max-snippet":"max-snippet:-1","max-image-preview":"max-image-preview:large","max-video-preview":"max-video-preview:-1"},"canonical":"https:\/\/ranoja.ee\/toode\/kulgloiketangid-comfort-kaepide-140mm-knipex\/","og_locale":"en_US","og_type":"article","og_title":"K\u00fclgl\u00f5iketangid comfort k\u00e4epide 140mm, Knipex - Ranoja","og_description":"K\u00fclgl\u00f5iketangid mitmekomponendiliste k\u00e4epidemetega Kitsas pea v\u00f5imaldab t\u00f6\u00f6tada kitsastes oludes Asendamatud k\u00fclgl\u00f5iketangid mitmek\u00fclgseks universaalseks kasutuseks Kvaliteetne materjal ja t\u00e4pne t\u00f6\u00f6tlus tagavad pika kasutusea T\u00e4psed l\u00f5ikeservad pehme ja k\u00f5va traadi l\u00f5ikamiseks Puhas l\u00f5ige \u00f5hukestel vasktraatidel ka l\u00f5ikeservade otstes L\u00f5ikeservad t\u00e4iendavalt induktsioonkarastatud, l\u00f5ikeserva k\u00f5vadus umbes 61 HRC Disain ja viimistlus Pinnaviimistlus: must atramentiseeritud Peadetail: poleeritud K\u00e4epidemed: mitmekomponendilised k\u00e4epidemed Tehnilised andmed Kaal: 150 g M\u00f5\u00f5dud: 140 x 54 x 19 mm L\u00f5ikev\u00f5ime Keskmise k\u00f5vadusega traat: \u00d8 2,5 mm K\u00f5va traat: \u00d8 1,8 mm Standardid ja vastavus Standard: DIN ISO 5749 REACH: vastav, ei sisalda SVHC aineid RoHS: vastav, ei ole kohaldatav","og_url":"https:\/\/ranoja.ee\/toode\/kulgloiketangid-comfort-kaepide-140mm-knipex\/","og_site_name":"Ranoja","article_publisher":"https:\/\/www.facebook.com\/ranoja.ee","article_modified_time":"2026-03-17T12:43:53+00:00","og_image":[{"width":800,"height":337,"url":"https:\/\/ranoja.ee\/wp-content\/uploads\/2026\/03\/156165125.jpg","type":"image\/jpeg"}],"twitter_card":"summary_large_image","schema":{"@context":"https:\/\/schema.org","@graph":[{"@type":"WebPage","@id":"https:\/\/ranoja.ee\/toode\/kulgloiketangid-comfort-kaepide-140mm-knipex\/","url":"https:\/\/ranoja.ee\/toode\/kulgloiketangid-comfort-kaepide-140mm-knipex\/","name":"K\u00fclgl\u00f5iketangid comfort k\u00e4epide 140mm, Knipex - Ranoja","isPartOf":{"@id":"https:\/\/ranoja.ee\/#website"},"primaryImageOfPage":{"@id":"https:\/\/ranoja.ee\/toode\/kulgloiketangid-comfort-kaepide-140mm-knipex\/#primaryimage"},"image":{"@id":"https:\/\/ranoja.ee\/toode\/kulgloiketangid-comfort-kaepide-140mm-knipex\/#primaryimage"},"thumbnailUrl":"https:\/\/ranoja.ee\/wp-content\/uploads\/2026\/03\/156165125.jpg","datePublished":"2026-03-16T22:53:38+00:00","dateModified":"2026-03-17T12:43:53+00:00","breadcrumb":{"@id":"https:\/\/ranoja.ee\/toode\/kulgloiketangid-comfort-kaepide-140mm-knipex\/#breadcrumb"},"inLanguage":"en-US","potentialAction":[{"@type":"ReadAction","target":["https:\/\/ranoja.ee\/toode\/kulgloiketangid-comfort-kaepide-140mm-knipex\/"]}]},{"@type":"ImageObject","inLanguage":"en-US","@id":"https:\/\/ranoja.ee\/toode\/kulgloiketangid-comfort-kaepide-140mm-knipex\/#primaryimage","url":"https:\/\/ranoja.ee\/wp-content\/uploads\/2026\/03\/156165125.jpg","contentUrl":"https:\/\/ranoja.ee\/wp-content\/uploads\/2026\/03\/156165125.jpg","width":800,"height":337},{"@type":"BreadcrumbList","@id":"https:\/\/ranoja.ee\/toode\/kulgloiketangid-comfort-kaepide-140mm-knipex\/#breadcrumb","itemListElement":[{"@type":"ListItem","position":1,"name":"Home","item":"https:\/\/ranoja.ee\/"},{"@type":"ListItem","position":2,"name":"Shop","item":"https:\/\/ranoja.ee\/en\/shop\/"},{"@type":"ListItem","position":3,"name":"K\u00fclgl\u00f5iketangid comfort k\u00e4epide 140mm, Knipex"}]},{"@type":"WebSite","@id":"https:\/\/ranoja.ee\/#website","url":"https:\/\/ranoja.ee\/","name":"Ranoja","description":"Equipment Shop WooCommerce WordPress Theme for Machine &amp; Tools","publisher":{"@id":"https:\/\/ranoja.ee\/#organization"},"potentialAction":[{"@type":"SearchAction","target":{"@type":"EntryPoint","urlTemplate":"https:\/\/ranoja.ee\/?s={search_term_string}"},"query-input":{"@type":"PropertyValueSpecification","valueRequired":true,"valueName":"search_term_string"}}],"inLanguage":"en-US"},{"@type":"Organization","@id":"https:\/\/ranoja.ee\/#organization","name":"Ranoja O\u00dc","url":"https:\/\/ranoja.ee\/","logo":{"@type":"ImageObject","inLanguage":"en-US","@id":"https:\/\/ranoja.ee\/#\/schema\/logo\/image\/","url":"https:\/\/ranoja.ee\/wp-content\/uploads\/2023\/11\/ranoja-Logo.png","contentUrl":"https:\/\/ranoja.ee\/wp-content\/uploads\/2023\/11\/ranoja-Logo.png","width":207,"height":58,"caption":"Ranoja O\u00dc"},"image":{"@id":"https:\/\/ranoja.ee\/#\/schema\/logo\/image\/"},"sameAs":["https:\/\/www.facebook.com\/ranoja.ee","https:\/\/www.instagram.com\/ranoja__\/"]}]}},"_links":{"self":[{"href":"https:\/\/ranoja.ee\/en\/wp-json\/wp\/v2\/product\/57907","targetHints":{"allow":["GET"]}}],"collection":[{"href":"https:\/\/ranoja.ee\/en\/wp-json\/wp\/v2\/product"}],"about":[{"href":"https:\/\/ranoja.ee\/en\/wp-json\/wp\/v2\/types\/product"}],"wp:featuredmedia":[{"embeddable":true,"href":"https:\/\/ranoja.ee\/en\/wp-json\/wp\/v2\/media\/57908"}],"wp:attachment":[{"href":"https:\/\/ranoja.ee\/en\/wp-json\/wp\/v2\/media?parent=57907"}],"wp:term":[{"taxonomy":"product_cat","embeddable":true,"href":"https:\/\/ranoja.ee\/en\/wp-json\/wp\/v2\/product_cat?post=57907"},{"taxonomy":"product_tag","embeddable":true,"href":"https:\/\/ranoja.ee\/en\/wp-json\/wp\/v2\/product_tag?post=57907"}],"curies":[{"name":"wp","href":"https:\/\/api.w.org\/{rel}","templated":true}]}}