{"id":57905,"date":"2026-03-17T01:53:38","date_gmt":"2026-03-16T22:53:38","guid":{"rendered":"https:\/\/ranoja.ee\/toode\/silmaloputusvedelik-2x500ml-cederroth\/"},"modified":"2026-03-17T15:43:53","modified_gmt":"2026-03-17T12:43:53","slug":"silmaloputusvedelik-2x500ml-cederroth","status":"publish","type":"product","link":"https:\/\/ranoja.ee\/en\/toode\/silmaloputusvedelik-2x500ml-cederroth\/","title":{"rendered":"Silmaloputusvedelik, 2x500ml, Cederroth"},"content":{"rendered":"","protected":false},"excerpt":{"rendered":"<p>Cederroth silmaloputusvedelik aitab neutraliseerida silma pH taset, st tal on neutraliseeriv toime leeliselistele ja happelistele pritsmetele, andes kiirema tulemuse kui tavaline f\u00fcsioloogiline lahus. <br \/>\nSilmaloputusvedeliku m\u00f5ju on tugevam leeliselistele pritsmetele. <br \/>\nPudelit saab kiiresti ja lihtsalt avada, pudeli funktsionaalne disain tagab efektiivse loputuse.<\/p>\n<p>Te v\u00f5ite Cederrothi silmaloputusvedelikku julgelt kasutada, kui teil on juhtunud \u00f5nnetus ainega, mis sisaldab kaltsiumi (n\u00e4iteks tsement, betoon, lubi), sest lahus on 100% fosfaadi-vaba. See tagab, et silmad saavad loputatud nii efektiivselt kui v\u00f5imalik.<br \/>\nRiiuliiga 4.5 aastat<\/p>\n<p>Pakendis:<br \/>\n2 (x 500 ml) pudelit steriilse isotoonilise NaCL 0,9% lahusega, ei sisalda s\u00e4ilitusaineid, \u00fchekordseks kasutamiseks<\/p>\n<p>Pudeli m\u00f5\u00f5dud: 6.5 x 23.5 cm. <\/p>\n<p><\/p>\n","protected":false},"featured_media":57906,"template":"","meta":{"inline_featured_image":false},"product_cat":[5071,5022],"product_tag":[],"class_list":{"0":"post-57905","1":"product","2":"type-product","3":"status-publish","4":"has-post-thumbnail","6":"product_brand-cederroth","7":"product_cat-esmaabivahendid","8":"product_cat-isikukaitsevahendid","10":"first","11":"instock","12":"purchasable","13":"product-type-simple"},"yoast_head":"<!-- This site is optimized with the Yoast SEO plugin v27.4 - https:\/\/yoast.com\/product\/yoast-seo-wordpress\/ -->\n<title>Silmaloputusvedelik, 2x500ml, Cederroth - Ranoja<\/title>\n<meta name=\"robots\" content=\"index, follow, max-snippet:-1, max-image-preview:large, max-video-preview:-1\" \/>\n<link rel=\"canonical\" href=\"https:\/\/ranoja.ee\/toode\/silmaloputusvedelik-2x500ml-cederroth\/\" \/>\n<meta property=\"og:locale\" content=\"en_US\" \/>\n<meta property=\"og:type\" content=\"article\" \/>\n<meta property=\"og:title\" content=\"Silmaloputusvedelik, 2x500ml, Cederroth - Ranoja\" \/>\n<meta property=\"og:description\" content=\"Cederroth silmaloputusvedelik aitab neutraliseerida silma pH taset, st tal on neutraliseeriv toime leeliselistele ja happelistele pritsmetele, andes kiirema tulemuse kui tavaline f\u00fcsioloogiline lahus. Silmaloputusvedeliku m\u00f5ju on tugevam leeliselistele pritsmetele. Pudelit saab kiiresti ja lihtsalt avada, pudeli funktsionaalne disain tagab efektiivse loputuse. Te v\u00f5ite Cederrothi silmaloputusvedelikku julgelt kasutada, kui teil on juhtunud \u00f5nnetus ainega, mis sisaldab kaltsiumi (n\u00e4iteks tsement, betoon, lubi), sest lahus on 100% fosfaadi-vaba. See tagab, et silmad saavad loputatud nii efektiivselt kui v\u00f5imalik. Riiuliiga 4.5 aastat Pakendis: 2 (x 500 ml) pudelit steriilse isotoonilise NaCL 0,9% lahusega, ei sisalda s\u00e4ilitusaineid, \u00fchekordseks kasutamiseks Pudeli m\u00f5\u00f5dud: 6.5 x 23.5 cm.\" \/>\n<meta property=\"og:url\" content=\"https:\/\/ranoja.ee\/toode\/silmaloputusvedelik-2x500ml-cederroth\/\" \/>\n<meta property=\"og:site_name\" content=\"Ranoja\" \/>\n<meta property=\"article:publisher\" content=\"https:\/\/www.facebook.com\/ranoja.ee\" \/>\n<meta property=\"article:modified_time\" content=\"2026-03-17T12:43:53+00:00\" \/>\n<meta property=\"og:image\" content=\"https:\/\/ranoja.ee\/wp-content\/uploads\/2026\/03\/5637760388.jpg\" \/>\n\t<meta property=\"og:image:width\" content=\"600\" \/>\n\t<meta property=\"og:image:height\" content=\"900\" \/>\n\t<meta property=\"og:image:type\" content=\"image\/jpeg\" \/>\n<meta name=\"twitter:card\" content=\"summary_large_image\" \/>\n<script type=\"application\/ld+json\" class=\"yoast-schema-graph\">{\"@context\":\"https:\\\/\\\/schema.org\",\"@graph\":[{\"@type\":\"WebPage\",\"@id\":\"https:\\\/\\\/ranoja.ee\\\/toode\\\/silmaloputusvedelik-2x500ml-cederroth\\\/\",\"url\":\"https:\\\/\\\/ranoja.ee\\\/toode\\\/silmaloputusvedelik-2x500ml-cederroth\\\/\",\"name\":\"Silmaloputusvedelik, 2x500ml, Cederroth - Ranoja\",\"isPartOf\":{\"@id\":\"https:\\\/\\\/ranoja.ee\\\/#website\"},\"primaryImageOfPage\":{\"@id\":\"https:\\\/\\\/ranoja.ee\\\/toode\\\/silmaloputusvedelik-2x500ml-cederroth\\\/#primaryimage\"},\"image\":{\"@id\":\"https:\\\/\\\/ranoja.ee\\\/toode\\\/silmaloputusvedelik-2x500ml-cederroth\\\/#primaryimage\"},\"thumbnailUrl\":\"https:\\\/\\\/ranoja.ee\\\/wp-content\\\/uploads\\\/2026\\\/03\\\/5637760388.jpg\",\"datePublished\":\"2026-03-16T22:53:38+00:00\",\"dateModified\":\"2026-03-17T12:43:53+00:00\",\"breadcrumb\":{\"@id\":\"https:\\\/\\\/ranoja.ee\\\/toode\\\/silmaloputusvedelik-2x500ml-cederroth\\\/#breadcrumb\"},\"inLanguage\":\"en-US\",\"potentialAction\":[{\"@type\":\"ReadAction\",\"target\":[\"https:\\\/\\\/ranoja.ee\\\/toode\\\/silmaloputusvedelik-2x500ml-cederroth\\\/\"]}]},{\"@type\":\"ImageObject\",\"inLanguage\":\"en-US\",\"@id\":\"https:\\\/\\\/ranoja.ee\\\/toode\\\/silmaloputusvedelik-2x500ml-cederroth\\\/#primaryimage\",\"url\":\"https:\\\/\\\/ranoja.ee\\\/wp-content\\\/uploads\\\/2026\\\/03\\\/5637760388.jpg\",\"contentUrl\":\"https:\\\/\\\/ranoja.ee\\\/wp-content\\\/uploads\\\/2026\\\/03\\\/5637760388.jpg\",\"width\":600,\"height\":900},{\"@type\":\"BreadcrumbList\",\"@id\":\"https:\\\/\\\/ranoja.ee\\\/toode\\\/silmaloputusvedelik-2x500ml-cederroth\\\/#breadcrumb\",\"itemListElement\":[{\"@type\":\"ListItem\",\"position\":1,\"name\":\"Home\",\"item\":\"https:\\\/\\\/ranoja.ee\\\/\"},{\"@type\":\"ListItem\",\"position\":2,\"name\":\"Shop\",\"item\":\"https:\\\/\\\/ranoja.ee\\\/en\\\/shop\\\/\"},{\"@type\":\"ListItem\",\"position\":3,\"name\":\"Silmaloputusvedelik, 2x500ml, Cederroth\"}]},{\"@type\":\"WebSite\",\"@id\":\"https:\\\/\\\/ranoja.ee\\\/#website\",\"url\":\"https:\\\/\\\/ranoja.ee\\\/\",\"name\":\"Ranoja\",\"description\":\"Equipment Shop WooCommerce WordPress Theme for Machine &amp; Tools\",\"publisher\":{\"@id\":\"https:\\\/\\\/ranoja.ee\\\/#organization\"},\"potentialAction\":[{\"@type\":\"SearchAction\",\"target\":{\"@type\":\"EntryPoint\",\"urlTemplate\":\"https:\\\/\\\/ranoja.ee\\\/?s={search_term_string}\"},\"query-input\":{\"@type\":\"PropertyValueSpecification\",\"valueRequired\":true,\"valueName\":\"search_term_string\"}}],\"inLanguage\":\"en-US\"},{\"@type\":\"Organization\",\"@id\":\"https:\\\/\\\/ranoja.ee\\\/#organization\",\"name\":\"Ranoja O\u00dc\",\"url\":\"https:\\\/\\\/ranoja.ee\\\/\",\"logo\":{\"@type\":\"ImageObject\",\"inLanguage\":\"en-US\",\"@id\":\"https:\\\/\\\/ranoja.ee\\\/#\\\/schema\\\/logo\\\/image\\\/\",\"url\":\"https:\\\/\\\/ranoja.ee\\\/wp-content\\\/uploads\\\/2023\\\/11\\\/ranoja-Logo.png\",\"contentUrl\":\"https:\\\/\\\/ranoja.ee\\\/wp-content\\\/uploads\\\/2023\\\/11\\\/ranoja-Logo.png\",\"width\":207,\"height\":58,\"caption\":\"Ranoja O\u00dc\"},\"image\":{\"@id\":\"https:\\\/\\\/ranoja.ee\\\/#\\\/schema\\\/logo\\\/image\\\/\"},\"sameAs\":[\"https:\\\/\\\/www.facebook.com\\\/ranoja.ee\",\"https:\\\/\\\/www.instagram.com\\\/ranoja__\\\/\"]}]}<\/script>\n<!-- \/ Yoast SEO plugin. -->","yoast_head_json":{"title":"Silmaloputusvedelik, 2x500ml, Cederroth - Ranoja","robots":{"index":"index","follow":"follow","max-snippet":"max-snippet:-1","max-image-preview":"max-image-preview:large","max-video-preview":"max-video-preview:-1"},"canonical":"https:\/\/ranoja.ee\/toode\/silmaloputusvedelik-2x500ml-cederroth\/","og_locale":"en_US","og_type":"article","og_title":"Silmaloputusvedelik, 2x500ml, Cederroth - Ranoja","og_description":"Cederroth silmaloputusvedelik aitab neutraliseerida silma pH taset, st tal on neutraliseeriv toime leeliselistele ja happelistele pritsmetele, andes kiirema tulemuse kui tavaline f\u00fcsioloogiline lahus. Silmaloputusvedeliku m\u00f5ju on tugevam leeliselistele pritsmetele. Pudelit saab kiiresti ja lihtsalt avada, pudeli funktsionaalne disain tagab efektiivse loputuse. Te v\u00f5ite Cederrothi silmaloputusvedelikku julgelt kasutada, kui teil on juhtunud \u00f5nnetus ainega, mis sisaldab kaltsiumi (n\u00e4iteks tsement, betoon, lubi), sest lahus on 100% fosfaadi-vaba. See tagab, et silmad saavad loputatud nii efektiivselt kui v\u00f5imalik. Riiuliiga 4.5 aastat Pakendis: 2 (x 500 ml) pudelit steriilse isotoonilise NaCL 0,9% lahusega, ei sisalda s\u00e4ilitusaineid, \u00fchekordseks kasutamiseks Pudeli m\u00f5\u00f5dud: 6.5 x 23.5 cm.","og_url":"https:\/\/ranoja.ee\/toode\/silmaloputusvedelik-2x500ml-cederroth\/","og_site_name":"Ranoja","article_publisher":"https:\/\/www.facebook.com\/ranoja.ee","article_modified_time":"2026-03-17T12:43:53+00:00","og_image":[{"width":600,"height":900,"url":"https:\/\/ranoja.ee\/wp-content\/uploads\/2026\/03\/5637760388.jpg","type":"image\/jpeg"}],"twitter_card":"summary_large_image","schema":{"@context":"https:\/\/schema.org","@graph":[{"@type":"WebPage","@id":"https:\/\/ranoja.ee\/toode\/silmaloputusvedelik-2x500ml-cederroth\/","url":"https:\/\/ranoja.ee\/toode\/silmaloputusvedelik-2x500ml-cederroth\/","name":"Silmaloputusvedelik, 2x500ml, Cederroth - Ranoja","isPartOf":{"@id":"https:\/\/ranoja.ee\/#website"},"primaryImageOfPage":{"@id":"https:\/\/ranoja.ee\/toode\/silmaloputusvedelik-2x500ml-cederroth\/#primaryimage"},"image":{"@id":"https:\/\/ranoja.ee\/toode\/silmaloputusvedelik-2x500ml-cederroth\/#primaryimage"},"thumbnailUrl":"https:\/\/ranoja.ee\/wp-content\/uploads\/2026\/03\/5637760388.jpg","datePublished":"2026-03-16T22:53:38+00:00","dateModified":"2026-03-17T12:43:53+00:00","breadcrumb":{"@id":"https:\/\/ranoja.ee\/toode\/silmaloputusvedelik-2x500ml-cederroth\/#breadcrumb"},"inLanguage":"en-US","potentialAction":[{"@type":"ReadAction","target":["https:\/\/ranoja.ee\/toode\/silmaloputusvedelik-2x500ml-cederroth\/"]}]},{"@type":"ImageObject","inLanguage":"en-US","@id":"https:\/\/ranoja.ee\/toode\/silmaloputusvedelik-2x500ml-cederroth\/#primaryimage","url":"https:\/\/ranoja.ee\/wp-content\/uploads\/2026\/03\/5637760388.jpg","contentUrl":"https:\/\/ranoja.ee\/wp-content\/uploads\/2026\/03\/5637760388.jpg","width":600,"height":900},{"@type":"BreadcrumbList","@id":"https:\/\/ranoja.ee\/toode\/silmaloputusvedelik-2x500ml-cederroth\/#breadcrumb","itemListElement":[{"@type":"ListItem","position":1,"name":"Home","item":"https:\/\/ranoja.ee\/"},{"@type":"ListItem","position":2,"name":"Shop","item":"https:\/\/ranoja.ee\/en\/shop\/"},{"@type":"ListItem","position":3,"name":"Silmaloputusvedelik, 2x500ml, Cederroth"}]},{"@type":"WebSite","@id":"https:\/\/ranoja.ee\/#website","url":"https:\/\/ranoja.ee\/","name":"Ranoja","description":"Equipment Shop WooCommerce WordPress Theme for Machine &amp; Tools","publisher":{"@id":"https:\/\/ranoja.ee\/#organization"},"potentialAction":[{"@type":"SearchAction","target":{"@type":"EntryPoint","urlTemplate":"https:\/\/ranoja.ee\/?s={search_term_string}"},"query-input":{"@type":"PropertyValueSpecification","valueRequired":true,"valueName":"search_term_string"}}],"inLanguage":"en-US"},{"@type":"Organization","@id":"https:\/\/ranoja.ee\/#organization","name":"Ranoja O\u00dc","url":"https:\/\/ranoja.ee\/","logo":{"@type":"ImageObject","inLanguage":"en-US","@id":"https:\/\/ranoja.ee\/#\/schema\/logo\/image\/","url":"https:\/\/ranoja.ee\/wp-content\/uploads\/2023\/11\/ranoja-Logo.png","contentUrl":"https:\/\/ranoja.ee\/wp-content\/uploads\/2023\/11\/ranoja-Logo.png","width":207,"height":58,"caption":"Ranoja O\u00dc"},"image":{"@id":"https:\/\/ranoja.ee\/#\/schema\/logo\/image\/"},"sameAs":["https:\/\/www.facebook.com\/ranoja.ee","https:\/\/www.instagram.com\/ranoja__\/"]}]}},"_links":{"self":[{"href":"https:\/\/ranoja.ee\/en\/wp-json\/wp\/v2\/product\/57905","targetHints":{"allow":["GET"]}}],"collection":[{"href":"https:\/\/ranoja.ee\/en\/wp-json\/wp\/v2\/product"}],"about":[{"href":"https:\/\/ranoja.ee\/en\/wp-json\/wp\/v2\/types\/product"}],"wp:featuredmedia":[{"embeddable":true,"href":"https:\/\/ranoja.ee\/en\/wp-json\/wp\/v2\/media\/57906"}],"wp:attachment":[{"href":"https:\/\/ranoja.ee\/en\/wp-json\/wp\/v2\/media?parent=57905"}],"wp:term":[{"taxonomy":"product_cat","embeddable":true,"href":"https:\/\/ranoja.ee\/en\/wp-json\/wp\/v2\/product_cat?post=57905"},{"taxonomy":"product_tag","embeddable":true,"href":"https:\/\/ranoja.ee\/en\/wp-json\/wp\/v2\/product_tag?post=57905"}],"curies":[{"name":"wp","href":"https:\/\/api.w.org\/{rel}","templated":true}]}}