{"id":57885,"date":"2026-03-17T01:53:13","date_gmt":"2026-03-16T22:53:13","guid":{"rendered":"https:\/\/ranoja.ee\/toode\/akuga-ekstsentriklihvija-c-obs125-x-karkass-scheppach\/"},"modified":"2026-03-17T15:43:54","modified_gmt":"2026-03-17T12:43:54","slug":"akuga-ekstsentriklihvija-c-obs125-x-karkass-scheppach","status":"publish","type":"product","link":"https:\/\/ranoja.ee\/en\/toode\/akuga-ekstsentriklihvija-c-obs125-x-karkass-scheppach\/","title":{"rendered":"Akuga ekstsentriklihvija C-OBS125-X, karkass, Scheppach"},"content":{"rendered":"","protected":false},"excerpt":{"rendered":"<p>Karkass ilma aku ja laadijata, pappkarbis<\/p>\n<p>T\u00fchik\u00e4igu kiirus 3000\u201312000 \/min<br \/>\nOrbitaalsagedus koormuseta 6000 &#8211; 24000 \/min<br \/>\nEkstsentrilisus: 2 mm<br \/>\nLihvtalla suurus: 125 mm<\/p>\n<p>Sujuv kiiruse reguleerimine, et tagada sujuv t\u00f6\u00f6 erinevate materjalide puhul<br \/>\nMadal korpus v\u00f5imaldab kasutajal t\u00e4pseks lihvimiseks t\u00f6\u00f6pinna l\u00e4hedale j\u00f5uda<br \/>\nErgonoomiline, kompaktne ja kerge t\u00f6\u00f6riist pehme k\u00e4epidemega, mis tagab kasutusmugavuse<br \/>\nTolmukindel l\u00fcliti tagab selle pika eluea<br \/>\nTolmu eemaldamine \u00fche k\u00e4ega lukustatava tolmukotiga<br \/>\n8- avaga velcro lihvtald kiireks ja lihtsaks paberivahetuseks<br \/>\nLihvpaberi l\u00e4bim\u00f5\u00f5t: 125 mm<\/p>\n<p>Komplekti kuulub<br \/>\n4x lihvpaberiti (karedused 60\/80\/120\/240)<br \/>\n1x lihvtald<br \/>\n1x adapter v\u00e4liseks tolmueemalduseks<\/p>\n<p>Sobivad akud ja laadijad: <br \/>\n7909201719&#038;SCHEP Komplekt SBSK2.0 Starterkit 1: 2,0 Ah  aku + 2,4 A laadija<br \/>\n7909201720&#038;SCHEP Komplekt SBSK4.0 Starterkit 2: 4,0Ah aku + 2,4 A laadija<br \/>\n7909201708&#038;SCHEP Aku SBP2.0,  20 V \/ 2,0 Ah, Li-ioon<br \/>\n7909201709&#038;SCHEP Aku SBP4.0, 20 V \/ 4,0 Ah, Li-ioon<br \/>\n7909201711&#038;SCHEP Kiirlaadija SBC4.5A<\/p>\n<p>Scheppachi elektrilised k\u00e4sit\u00f6\u00f6riistad on m\u00f5eldud n\u00f5udlikule hobikasutajale.<\/p>\n","protected":false},"featured_media":57886,"template":"","meta":{"inline_featured_image":false},"product_cat":[5117,5159,1094],"product_tag":[],"class_list":{"0":"post-57885","1":"product","2":"type-product","3":"status-publish","4":"has-post-thumbnail","6":"product_brand-scheppach","7":"product_cat-akuga-muud-tooriistad","8":"product_cat-akuga-taldlihvijad","9":"product_cat-akutooriistad","11":"first","12":"instock","13":"purchasable","14":"product-type-simple"},"yoast_head":"<!-- This site is optimized with the Yoast SEO plugin v27.4 - https:\/\/yoast.com\/product\/yoast-seo-wordpress\/ -->\n<title>Akuga ekstsentriklihvija C-OBS125-X, karkass, Scheppach - Ranoja<\/title>\n<meta name=\"robots\" content=\"index, follow, max-snippet:-1, max-image-preview:large, max-video-preview:-1\" \/>\n<link rel=\"canonical\" href=\"https:\/\/ranoja.ee\/toode\/akuga-ekstsentriklihvija-c-obs125-x-karkass-scheppach\/\" \/>\n<meta property=\"og:locale\" content=\"en_US\" \/>\n<meta property=\"og:type\" content=\"article\" \/>\n<meta property=\"og:title\" content=\"Akuga ekstsentriklihvija C-OBS125-X, karkass, Scheppach - Ranoja\" \/>\n<meta property=\"og:description\" content=\"Karkass ilma aku ja laadijata, pappkarbis T\u00fchik\u00e4igu kiirus 3000\u201312000 \/min Orbitaalsagedus koormuseta 6000 - 24000 \/min Ekstsentrilisus: 2 mm Lihvtalla suurus: 125 mm Sujuv kiiruse reguleerimine, et tagada sujuv t\u00f6\u00f6 erinevate materjalide puhul Madal korpus v\u00f5imaldab kasutajal t\u00e4pseks lihvimiseks t\u00f6\u00f6pinna l\u00e4hedale j\u00f5uda Ergonoomiline, kompaktne ja kerge t\u00f6\u00f6riist pehme k\u00e4epidemega, mis tagab kasutusmugavuse Tolmukindel l\u00fcliti tagab selle pika eluea Tolmu eemaldamine \u00fche k\u00e4ega lukustatava tolmukotiga 8- avaga velcro lihvtald kiireks ja lihtsaks paberivahetuseks Lihvpaberi l\u00e4bim\u00f5\u00f5t: 125 mm Komplekti kuulub 4x lihvpaberiti (karedused 60\/80\/120\/240) 1x lihvtald 1x adapter v\u00e4liseks tolmueemalduseks Sobivad akud ja laadijad: 7909201719&amp;SCHEP Komplekt SBSK2.0 Starterkit 1: 2,0 Ah aku + 2,4 A laadija 7909201720&amp;SCHEP Komplekt SBSK4.0 Starterkit 2: 4,0Ah aku + 2,4 A laadija 7909201708&amp;SCHEP Aku SBP2.0, 20 V \/ 2,0 Ah, Li-ioon 7909201709&amp;SCHEP Aku SBP4.0, 20 V \/ 4,0 Ah, Li-ioon 7909201711&amp;SCHEP Kiirlaadija SBC4.5A Scheppachi elektrilised k\u00e4sit\u00f6\u00f6riistad on m\u00f5eldud n\u00f5udlikule hobikasutajale.\" \/>\n<meta property=\"og:url\" content=\"https:\/\/ranoja.ee\/toode\/akuga-ekstsentriklihvija-c-obs125-x-karkass-scheppach\/\" \/>\n<meta property=\"og:site_name\" content=\"Ranoja\" \/>\n<meta property=\"article:publisher\" content=\"https:\/\/www.facebook.com\/ranoja.ee\" \/>\n<meta property=\"article:modified_time\" content=\"2026-03-17T12:43:54+00:00\" \/>\n<meta property=\"og:image\" content=\"https:\/\/ranoja.ee\/wp-content\/uploads\/2026\/03\/264156927.jpg\" \/>\n\t<meta property=\"og:image:width\" content=\"768\" \/>\n\t<meta property=\"og:image:height\" content=\"768\" \/>\n\t<meta property=\"og:image:type\" content=\"image\/jpeg\" \/>\n<meta name=\"twitter:card\" content=\"summary_large_image\" \/>\n<script type=\"application\/ld+json\" class=\"yoast-schema-graph\">{\"@context\":\"https:\\\/\\\/schema.org\",\"@graph\":[{\"@type\":\"WebPage\",\"@id\":\"https:\\\/\\\/ranoja.ee\\\/toode\\\/akuga-ekstsentriklihvija-c-obs125-x-karkass-scheppach\\\/\",\"url\":\"https:\\\/\\\/ranoja.ee\\\/toode\\\/akuga-ekstsentriklihvija-c-obs125-x-karkass-scheppach\\\/\",\"name\":\"Akuga ekstsentriklihvija C-OBS125-X, karkass, Scheppach - Ranoja\",\"isPartOf\":{\"@id\":\"https:\\\/\\\/ranoja.ee\\\/#website\"},\"primaryImageOfPage\":{\"@id\":\"https:\\\/\\\/ranoja.ee\\\/toode\\\/akuga-ekstsentriklihvija-c-obs125-x-karkass-scheppach\\\/#primaryimage\"},\"image\":{\"@id\":\"https:\\\/\\\/ranoja.ee\\\/toode\\\/akuga-ekstsentriklihvija-c-obs125-x-karkass-scheppach\\\/#primaryimage\"},\"thumbnailUrl\":\"https:\\\/\\\/ranoja.ee\\\/wp-content\\\/uploads\\\/2026\\\/03\\\/264156927.jpg\",\"datePublished\":\"2026-03-16T22:53:13+00:00\",\"dateModified\":\"2026-03-17T12:43:54+00:00\",\"breadcrumb\":{\"@id\":\"https:\\\/\\\/ranoja.ee\\\/toode\\\/akuga-ekstsentriklihvija-c-obs125-x-karkass-scheppach\\\/#breadcrumb\"},\"inLanguage\":\"en-US\",\"potentialAction\":[{\"@type\":\"ReadAction\",\"target\":[\"https:\\\/\\\/ranoja.ee\\\/toode\\\/akuga-ekstsentriklihvija-c-obs125-x-karkass-scheppach\\\/\"]}]},{\"@type\":\"ImageObject\",\"inLanguage\":\"en-US\",\"@id\":\"https:\\\/\\\/ranoja.ee\\\/toode\\\/akuga-ekstsentriklihvija-c-obs125-x-karkass-scheppach\\\/#primaryimage\",\"url\":\"https:\\\/\\\/ranoja.ee\\\/wp-content\\\/uploads\\\/2026\\\/03\\\/264156927.jpg\",\"contentUrl\":\"https:\\\/\\\/ranoja.ee\\\/wp-content\\\/uploads\\\/2026\\\/03\\\/264156927.jpg\",\"width\":768,\"height\":768},{\"@type\":\"BreadcrumbList\",\"@id\":\"https:\\\/\\\/ranoja.ee\\\/toode\\\/akuga-ekstsentriklihvija-c-obs125-x-karkass-scheppach\\\/#breadcrumb\",\"itemListElement\":[{\"@type\":\"ListItem\",\"position\":1,\"name\":\"Home\",\"item\":\"https:\\\/\\\/ranoja.ee\\\/\"},{\"@type\":\"ListItem\",\"position\":2,\"name\":\"Shop\",\"item\":\"https:\\\/\\\/ranoja.ee\\\/en\\\/shop\\\/\"},{\"@type\":\"ListItem\",\"position\":3,\"name\":\"Akuga ekstsentriklihvija C-OBS125-X, karkass, Scheppach\"}]},{\"@type\":\"WebSite\",\"@id\":\"https:\\\/\\\/ranoja.ee\\\/#website\",\"url\":\"https:\\\/\\\/ranoja.ee\\\/\",\"name\":\"Ranoja\",\"description\":\"Equipment Shop WooCommerce WordPress Theme for Machine &amp; Tools\",\"publisher\":{\"@id\":\"https:\\\/\\\/ranoja.ee\\\/#organization\"},\"potentialAction\":[{\"@type\":\"SearchAction\",\"target\":{\"@type\":\"EntryPoint\",\"urlTemplate\":\"https:\\\/\\\/ranoja.ee\\\/?s={search_term_string}\"},\"query-input\":{\"@type\":\"PropertyValueSpecification\",\"valueRequired\":true,\"valueName\":\"search_term_string\"}}],\"inLanguage\":\"en-US\"},{\"@type\":\"Organization\",\"@id\":\"https:\\\/\\\/ranoja.ee\\\/#organization\",\"name\":\"Ranoja O\u00dc\",\"url\":\"https:\\\/\\\/ranoja.ee\\\/\",\"logo\":{\"@type\":\"ImageObject\",\"inLanguage\":\"en-US\",\"@id\":\"https:\\\/\\\/ranoja.ee\\\/#\\\/schema\\\/logo\\\/image\\\/\",\"url\":\"https:\\\/\\\/ranoja.ee\\\/wp-content\\\/uploads\\\/2023\\\/11\\\/ranoja-Logo.png\",\"contentUrl\":\"https:\\\/\\\/ranoja.ee\\\/wp-content\\\/uploads\\\/2023\\\/11\\\/ranoja-Logo.png\",\"width\":207,\"height\":58,\"caption\":\"Ranoja O\u00dc\"},\"image\":{\"@id\":\"https:\\\/\\\/ranoja.ee\\\/#\\\/schema\\\/logo\\\/image\\\/\"},\"sameAs\":[\"https:\\\/\\\/www.facebook.com\\\/ranoja.ee\",\"https:\\\/\\\/www.instagram.com\\\/ranoja__\\\/\"]}]}<\/script>\n<!-- \/ Yoast SEO plugin. -->","yoast_head_json":{"title":"Akuga ekstsentriklihvija C-OBS125-X, karkass, Scheppach - Ranoja","robots":{"index":"index","follow":"follow","max-snippet":"max-snippet:-1","max-image-preview":"max-image-preview:large","max-video-preview":"max-video-preview:-1"},"canonical":"https:\/\/ranoja.ee\/toode\/akuga-ekstsentriklihvija-c-obs125-x-karkass-scheppach\/","og_locale":"en_US","og_type":"article","og_title":"Akuga ekstsentriklihvija C-OBS125-X, karkass, Scheppach - Ranoja","og_description":"Karkass ilma aku ja laadijata, pappkarbis T\u00fchik\u00e4igu kiirus 3000\u201312000 \/min Orbitaalsagedus koormuseta 6000 - 24000 \/min Ekstsentrilisus: 2 mm Lihvtalla suurus: 125 mm Sujuv kiiruse reguleerimine, et tagada sujuv t\u00f6\u00f6 erinevate materjalide puhul Madal korpus v\u00f5imaldab kasutajal t\u00e4pseks lihvimiseks t\u00f6\u00f6pinna l\u00e4hedale j\u00f5uda Ergonoomiline, kompaktne ja kerge t\u00f6\u00f6riist pehme k\u00e4epidemega, mis tagab kasutusmugavuse Tolmukindel l\u00fcliti tagab selle pika eluea Tolmu eemaldamine \u00fche k\u00e4ega lukustatava tolmukotiga 8- avaga velcro lihvtald kiireks ja lihtsaks paberivahetuseks Lihvpaberi l\u00e4bim\u00f5\u00f5t: 125 mm Komplekti kuulub 4x lihvpaberiti (karedused 60\/80\/120\/240) 1x lihvtald 1x adapter v\u00e4liseks tolmueemalduseks Sobivad akud ja laadijad: 7909201719&SCHEP Komplekt SBSK2.0 Starterkit 1: 2,0 Ah aku + 2,4 A laadija 7909201720&SCHEP Komplekt SBSK4.0 Starterkit 2: 4,0Ah aku + 2,4 A laadija 7909201708&SCHEP Aku SBP2.0, 20 V \/ 2,0 Ah, Li-ioon 7909201709&SCHEP Aku SBP4.0, 20 V \/ 4,0 Ah, Li-ioon 7909201711&SCHEP Kiirlaadija SBC4.5A Scheppachi elektrilised k\u00e4sit\u00f6\u00f6riistad on m\u00f5eldud n\u00f5udlikule hobikasutajale.","og_url":"https:\/\/ranoja.ee\/toode\/akuga-ekstsentriklihvija-c-obs125-x-karkass-scheppach\/","og_site_name":"Ranoja","article_publisher":"https:\/\/www.facebook.com\/ranoja.ee","article_modified_time":"2026-03-17T12:43:54+00:00","og_image":[{"width":768,"height":768,"url":"https:\/\/ranoja.ee\/wp-content\/uploads\/2026\/03\/264156927.jpg","type":"image\/jpeg"}],"twitter_card":"summary_large_image","schema":{"@context":"https:\/\/schema.org","@graph":[{"@type":"WebPage","@id":"https:\/\/ranoja.ee\/toode\/akuga-ekstsentriklihvija-c-obs125-x-karkass-scheppach\/","url":"https:\/\/ranoja.ee\/toode\/akuga-ekstsentriklihvija-c-obs125-x-karkass-scheppach\/","name":"Akuga ekstsentriklihvija C-OBS125-X, karkass, Scheppach - Ranoja","isPartOf":{"@id":"https:\/\/ranoja.ee\/#website"},"primaryImageOfPage":{"@id":"https:\/\/ranoja.ee\/toode\/akuga-ekstsentriklihvija-c-obs125-x-karkass-scheppach\/#primaryimage"},"image":{"@id":"https:\/\/ranoja.ee\/toode\/akuga-ekstsentriklihvija-c-obs125-x-karkass-scheppach\/#primaryimage"},"thumbnailUrl":"https:\/\/ranoja.ee\/wp-content\/uploads\/2026\/03\/264156927.jpg","datePublished":"2026-03-16T22:53:13+00:00","dateModified":"2026-03-17T12:43:54+00:00","breadcrumb":{"@id":"https:\/\/ranoja.ee\/toode\/akuga-ekstsentriklihvija-c-obs125-x-karkass-scheppach\/#breadcrumb"},"inLanguage":"en-US","potentialAction":[{"@type":"ReadAction","target":["https:\/\/ranoja.ee\/toode\/akuga-ekstsentriklihvija-c-obs125-x-karkass-scheppach\/"]}]},{"@type":"ImageObject","inLanguage":"en-US","@id":"https:\/\/ranoja.ee\/toode\/akuga-ekstsentriklihvija-c-obs125-x-karkass-scheppach\/#primaryimage","url":"https:\/\/ranoja.ee\/wp-content\/uploads\/2026\/03\/264156927.jpg","contentUrl":"https:\/\/ranoja.ee\/wp-content\/uploads\/2026\/03\/264156927.jpg","width":768,"height":768},{"@type":"BreadcrumbList","@id":"https:\/\/ranoja.ee\/toode\/akuga-ekstsentriklihvija-c-obs125-x-karkass-scheppach\/#breadcrumb","itemListElement":[{"@type":"ListItem","position":1,"name":"Home","item":"https:\/\/ranoja.ee\/"},{"@type":"ListItem","position":2,"name":"Shop","item":"https:\/\/ranoja.ee\/en\/shop\/"},{"@type":"ListItem","position":3,"name":"Akuga ekstsentriklihvija C-OBS125-X, karkass, Scheppach"}]},{"@type":"WebSite","@id":"https:\/\/ranoja.ee\/#website","url":"https:\/\/ranoja.ee\/","name":"Ranoja","description":"Equipment Shop WooCommerce WordPress Theme for Machine &amp; Tools","publisher":{"@id":"https:\/\/ranoja.ee\/#organization"},"potentialAction":[{"@type":"SearchAction","target":{"@type":"EntryPoint","urlTemplate":"https:\/\/ranoja.ee\/?s={search_term_string}"},"query-input":{"@type":"PropertyValueSpecification","valueRequired":true,"valueName":"search_term_string"}}],"inLanguage":"en-US"},{"@type":"Organization","@id":"https:\/\/ranoja.ee\/#organization","name":"Ranoja O\u00dc","url":"https:\/\/ranoja.ee\/","logo":{"@type":"ImageObject","inLanguage":"en-US","@id":"https:\/\/ranoja.ee\/#\/schema\/logo\/image\/","url":"https:\/\/ranoja.ee\/wp-content\/uploads\/2023\/11\/ranoja-Logo.png","contentUrl":"https:\/\/ranoja.ee\/wp-content\/uploads\/2023\/11\/ranoja-Logo.png","width":207,"height":58,"caption":"Ranoja O\u00dc"},"image":{"@id":"https:\/\/ranoja.ee\/#\/schema\/logo\/image\/"},"sameAs":["https:\/\/www.facebook.com\/ranoja.ee","https:\/\/www.instagram.com\/ranoja__\/"]}]}},"_links":{"self":[{"href":"https:\/\/ranoja.ee\/en\/wp-json\/wp\/v2\/product\/57885","targetHints":{"allow":["GET"]}}],"collection":[{"href":"https:\/\/ranoja.ee\/en\/wp-json\/wp\/v2\/product"}],"about":[{"href":"https:\/\/ranoja.ee\/en\/wp-json\/wp\/v2\/types\/product"}],"wp:featuredmedia":[{"embeddable":true,"href":"https:\/\/ranoja.ee\/en\/wp-json\/wp\/v2\/media\/57886"}],"wp:attachment":[{"href":"https:\/\/ranoja.ee\/en\/wp-json\/wp\/v2\/media?parent=57885"}],"wp:term":[{"taxonomy":"product_cat","embeddable":true,"href":"https:\/\/ranoja.ee\/en\/wp-json\/wp\/v2\/product_cat?post=57885"},{"taxonomy":"product_tag","embeddable":true,"href":"https:\/\/ranoja.ee\/en\/wp-json\/wp\/v2\/product_tag?post=57885"}],"curies":[{"name":"wp","href":"https:\/\/api.w.org\/{rel}","templated":true}]}}