{"id":57877,"date":"2026-03-17T01:53:13","date_gmt":"2026-03-16T22:53:13","guid":{"rendered":"https:\/\/ranoja.ee\/toode\/diiselkutuse-pihustite-puhasti-injection-cleaner-300ml-motip\/"},"modified":"2026-03-17T15:43:54","modified_gmt":"2026-03-17T12:43:54","slug":"diiselkutuse-pihustite-puhasti-injection-cleaner-300ml-motip","status":"publish","type":"product","link":"https:\/\/ranoja.ee\/en\/toode\/diiselkutuse-pihustite-puhasti-injection-cleaner-300ml-motip\/","title":{"rendered":"Diiselk\u00fctuse pihustite puhasti Injection Cleaner 300ml, Motip"},"content":{"rendered":"","protected":false},"excerpt":{"rendered":"<p>Diislipihustite puhasti tagab pihustite ja sisselaskepiirkonna t\u00f5husa puhastamise ilma pihusteid lahti v\u00f5tmata.<br \/>\nEemaldab h\u00e4sti s\u00fcsiniku ja tahma j\u00e4\u00e4gid. Tagab sissepritsepumba kauakestva m\u00e4\u00e4rimise, eesk\u00e4tt madal<br \/>\nv\u00e4\u00e4vlisisaldusega diislik\u00fctuse puhul. Kasutamiseks k\u00f5ikides diiselmootorites. Sobib ka k\u00f5rgsurve-otsepritsega<br \/>\ndiiselmootoritele, kus kasutatakse \u00fchisanumpritset v\u00f5i pumppihusteid.<\/p>\n","protected":false},"featured_media":57878,"template":"","meta":{"inline_featured_image":false},"product_cat":[5055,5126,5009],"product_tag":[],"class_list":{"0":"post-57877","1":"product","2":"type-product","3":"status-publish","4":"has-post-thumbnail","6":"product_brand-motip","7":"product_cat-autohoolduskeemia","8":"product_cat-mootorihooldus","9":"product_cat-toostus-ja-autokeemia","11":"first","12":"instock","13":"purchasable","14":"product-type-simple"},"yoast_head":"<!-- This site is optimized with the Yoast SEO plugin v27.4 - https:\/\/yoast.com\/product\/yoast-seo-wordpress\/ -->\n<title>Diiselk\u00fctuse pihustite puhasti Injection Cleaner 300ml, Motip - Ranoja<\/title>\n<meta name=\"robots\" content=\"index, follow, max-snippet:-1, max-image-preview:large, max-video-preview:-1\" \/>\n<link rel=\"canonical\" href=\"https:\/\/ranoja.ee\/toode\/diiselkutuse-pihustite-puhasti-injection-cleaner-300ml-motip\/\" \/>\n<meta property=\"og:locale\" content=\"en_US\" \/>\n<meta property=\"og:type\" content=\"article\" \/>\n<meta property=\"og:title\" content=\"Diiselk\u00fctuse pihustite puhasti Injection Cleaner 300ml, Motip - Ranoja\" \/>\n<meta property=\"og:description\" content=\"Diislipihustite puhasti tagab pihustite ja sisselaskepiirkonna t\u00f5husa puhastamise ilma pihusteid lahti v\u00f5tmata. Eemaldab h\u00e4sti s\u00fcsiniku ja tahma j\u00e4\u00e4gid. Tagab sissepritsepumba kauakestva m\u00e4\u00e4rimise, eesk\u00e4tt madal v\u00e4\u00e4vlisisaldusega diislik\u00fctuse puhul. Kasutamiseks k\u00f5ikides diiselmootorites. Sobib ka k\u00f5rgsurve-otsepritsega diiselmootoritele, kus kasutatakse \u00fchisanumpritset v\u00f5i pumppihusteid.\" \/>\n<meta property=\"og:url\" content=\"https:\/\/ranoja.ee\/toode\/diiselkutuse-pihustite-puhasti-injection-cleaner-300ml-motip\/\" \/>\n<meta property=\"og:site_name\" content=\"Ranoja\" \/>\n<meta property=\"article:publisher\" content=\"https:\/\/www.facebook.com\/ranoja.ee\" \/>\n<meta property=\"article:modified_time\" content=\"2026-03-17T12:43:54+00:00\" \/>\n<meta property=\"og:image\" content=\"https:\/\/ranoja.ee\/wp-content\/uploads\/2026\/03\/193524502.jpg\" \/>\n\t<meta property=\"og:image:width\" content=\"349\" \/>\n\t<meta property=\"og:image:height\" content=\"768\" \/>\n\t<meta property=\"og:image:type\" content=\"image\/jpeg\" \/>\n<meta name=\"twitter:card\" content=\"summary_large_image\" \/>\n<script type=\"application\/ld+json\" class=\"yoast-schema-graph\">{\"@context\":\"https:\\\/\\\/schema.org\",\"@graph\":[{\"@type\":\"WebPage\",\"@id\":\"https:\\\/\\\/ranoja.ee\\\/toode\\\/diiselkutuse-pihustite-puhasti-injection-cleaner-300ml-motip\\\/\",\"url\":\"https:\\\/\\\/ranoja.ee\\\/toode\\\/diiselkutuse-pihustite-puhasti-injection-cleaner-300ml-motip\\\/\",\"name\":\"Diiselk\u00fctuse pihustite puhasti Injection Cleaner 300ml, Motip - Ranoja\",\"isPartOf\":{\"@id\":\"https:\\\/\\\/ranoja.ee\\\/#website\"},\"primaryImageOfPage\":{\"@id\":\"https:\\\/\\\/ranoja.ee\\\/toode\\\/diiselkutuse-pihustite-puhasti-injection-cleaner-300ml-motip\\\/#primaryimage\"},\"image\":{\"@id\":\"https:\\\/\\\/ranoja.ee\\\/toode\\\/diiselkutuse-pihustite-puhasti-injection-cleaner-300ml-motip\\\/#primaryimage\"},\"thumbnailUrl\":\"https:\\\/\\\/ranoja.ee\\\/wp-content\\\/uploads\\\/2026\\\/03\\\/193524502.jpg\",\"datePublished\":\"2026-03-16T22:53:13+00:00\",\"dateModified\":\"2026-03-17T12:43:54+00:00\",\"breadcrumb\":{\"@id\":\"https:\\\/\\\/ranoja.ee\\\/toode\\\/diiselkutuse-pihustite-puhasti-injection-cleaner-300ml-motip\\\/#breadcrumb\"},\"inLanguage\":\"en-US\",\"potentialAction\":[{\"@type\":\"ReadAction\",\"target\":[\"https:\\\/\\\/ranoja.ee\\\/toode\\\/diiselkutuse-pihustite-puhasti-injection-cleaner-300ml-motip\\\/\"]}]},{\"@type\":\"ImageObject\",\"inLanguage\":\"en-US\",\"@id\":\"https:\\\/\\\/ranoja.ee\\\/toode\\\/diiselkutuse-pihustite-puhasti-injection-cleaner-300ml-motip\\\/#primaryimage\",\"url\":\"https:\\\/\\\/ranoja.ee\\\/wp-content\\\/uploads\\\/2026\\\/03\\\/193524502.jpg\",\"contentUrl\":\"https:\\\/\\\/ranoja.ee\\\/wp-content\\\/uploads\\\/2026\\\/03\\\/193524502.jpg\",\"width\":349,\"height\":768},{\"@type\":\"BreadcrumbList\",\"@id\":\"https:\\\/\\\/ranoja.ee\\\/toode\\\/diiselkutuse-pihustite-puhasti-injection-cleaner-300ml-motip\\\/#breadcrumb\",\"itemListElement\":[{\"@type\":\"ListItem\",\"position\":1,\"name\":\"Home\",\"item\":\"https:\\\/\\\/ranoja.ee\\\/\"},{\"@type\":\"ListItem\",\"position\":2,\"name\":\"Shop\",\"item\":\"https:\\\/\\\/ranoja.ee\\\/en\\\/shop\\\/\"},{\"@type\":\"ListItem\",\"position\":3,\"name\":\"Diiselk\u00fctuse pihustite puhasti Injection Cleaner 300ml, Motip\"}]},{\"@type\":\"WebSite\",\"@id\":\"https:\\\/\\\/ranoja.ee\\\/#website\",\"url\":\"https:\\\/\\\/ranoja.ee\\\/\",\"name\":\"Ranoja\",\"description\":\"Equipment Shop WooCommerce WordPress Theme for Machine &amp; Tools\",\"publisher\":{\"@id\":\"https:\\\/\\\/ranoja.ee\\\/#organization\"},\"potentialAction\":[{\"@type\":\"SearchAction\",\"target\":{\"@type\":\"EntryPoint\",\"urlTemplate\":\"https:\\\/\\\/ranoja.ee\\\/?s={search_term_string}\"},\"query-input\":{\"@type\":\"PropertyValueSpecification\",\"valueRequired\":true,\"valueName\":\"search_term_string\"}}],\"inLanguage\":\"en-US\"},{\"@type\":\"Organization\",\"@id\":\"https:\\\/\\\/ranoja.ee\\\/#organization\",\"name\":\"Ranoja O\u00dc\",\"url\":\"https:\\\/\\\/ranoja.ee\\\/\",\"logo\":{\"@type\":\"ImageObject\",\"inLanguage\":\"en-US\",\"@id\":\"https:\\\/\\\/ranoja.ee\\\/#\\\/schema\\\/logo\\\/image\\\/\",\"url\":\"https:\\\/\\\/ranoja.ee\\\/wp-content\\\/uploads\\\/2023\\\/11\\\/ranoja-Logo.png\",\"contentUrl\":\"https:\\\/\\\/ranoja.ee\\\/wp-content\\\/uploads\\\/2023\\\/11\\\/ranoja-Logo.png\",\"width\":207,\"height\":58,\"caption\":\"Ranoja O\u00dc\"},\"image\":{\"@id\":\"https:\\\/\\\/ranoja.ee\\\/#\\\/schema\\\/logo\\\/image\\\/\"},\"sameAs\":[\"https:\\\/\\\/www.facebook.com\\\/ranoja.ee\",\"https:\\\/\\\/www.instagram.com\\\/ranoja__\\\/\"]}]}<\/script>\n<!-- \/ Yoast SEO plugin. -->","yoast_head_json":{"title":"Diiselk\u00fctuse pihustite puhasti Injection Cleaner 300ml, Motip - Ranoja","robots":{"index":"index","follow":"follow","max-snippet":"max-snippet:-1","max-image-preview":"max-image-preview:large","max-video-preview":"max-video-preview:-1"},"canonical":"https:\/\/ranoja.ee\/toode\/diiselkutuse-pihustite-puhasti-injection-cleaner-300ml-motip\/","og_locale":"en_US","og_type":"article","og_title":"Diiselk\u00fctuse pihustite puhasti Injection Cleaner 300ml, Motip - Ranoja","og_description":"Diislipihustite puhasti tagab pihustite ja sisselaskepiirkonna t\u00f5husa puhastamise ilma pihusteid lahti v\u00f5tmata. Eemaldab h\u00e4sti s\u00fcsiniku ja tahma j\u00e4\u00e4gid. Tagab sissepritsepumba kauakestva m\u00e4\u00e4rimise, eesk\u00e4tt madal v\u00e4\u00e4vlisisaldusega diislik\u00fctuse puhul. Kasutamiseks k\u00f5ikides diiselmootorites. Sobib ka k\u00f5rgsurve-otsepritsega diiselmootoritele, kus kasutatakse \u00fchisanumpritset v\u00f5i pumppihusteid.","og_url":"https:\/\/ranoja.ee\/toode\/diiselkutuse-pihustite-puhasti-injection-cleaner-300ml-motip\/","og_site_name":"Ranoja","article_publisher":"https:\/\/www.facebook.com\/ranoja.ee","article_modified_time":"2026-03-17T12:43:54+00:00","og_image":[{"width":349,"height":768,"url":"https:\/\/ranoja.ee\/wp-content\/uploads\/2026\/03\/193524502.jpg","type":"image\/jpeg"}],"twitter_card":"summary_large_image","schema":{"@context":"https:\/\/schema.org","@graph":[{"@type":"WebPage","@id":"https:\/\/ranoja.ee\/toode\/diiselkutuse-pihustite-puhasti-injection-cleaner-300ml-motip\/","url":"https:\/\/ranoja.ee\/toode\/diiselkutuse-pihustite-puhasti-injection-cleaner-300ml-motip\/","name":"Diiselk\u00fctuse pihustite puhasti Injection Cleaner 300ml, Motip - Ranoja","isPartOf":{"@id":"https:\/\/ranoja.ee\/#website"},"primaryImageOfPage":{"@id":"https:\/\/ranoja.ee\/toode\/diiselkutuse-pihustite-puhasti-injection-cleaner-300ml-motip\/#primaryimage"},"image":{"@id":"https:\/\/ranoja.ee\/toode\/diiselkutuse-pihustite-puhasti-injection-cleaner-300ml-motip\/#primaryimage"},"thumbnailUrl":"https:\/\/ranoja.ee\/wp-content\/uploads\/2026\/03\/193524502.jpg","datePublished":"2026-03-16T22:53:13+00:00","dateModified":"2026-03-17T12:43:54+00:00","breadcrumb":{"@id":"https:\/\/ranoja.ee\/toode\/diiselkutuse-pihustite-puhasti-injection-cleaner-300ml-motip\/#breadcrumb"},"inLanguage":"en-US","potentialAction":[{"@type":"ReadAction","target":["https:\/\/ranoja.ee\/toode\/diiselkutuse-pihustite-puhasti-injection-cleaner-300ml-motip\/"]}]},{"@type":"ImageObject","inLanguage":"en-US","@id":"https:\/\/ranoja.ee\/toode\/diiselkutuse-pihustite-puhasti-injection-cleaner-300ml-motip\/#primaryimage","url":"https:\/\/ranoja.ee\/wp-content\/uploads\/2026\/03\/193524502.jpg","contentUrl":"https:\/\/ranoja.ee\/wp-content\/uploads\/2026\/03\/193524502.jpg","width":349,"height":768},{"@type":"BreadcrumbList","@id":"https:\/\/ranoja.ee\/toode\/diiselkutuse-pihustite-puhasti-injection-cleaner-300ml-motip\/#breadcrumb","itemListElement":[{"@type":"ListItem","position":1,"name":"Home","item":"https:\/\/ranoja.ee\/"},{"@type":"ListItem","position":2,"name":"Shop","item":"https:\/\/ranoja.ee\/en\/shop\/"},{"@type":"ListItem","position":3,"name":"Diiselk\u00fctuse pihustite puhasti Injection Cleaner 300ml, Motip"}]},{"@type":"WebSite","@id":"https:\/\/ranoja.ee\/#website","url":"https:\/\/ranoja.ee\/","name":"Ranoja","description":"Equipment Shop WooCommerce WordPress Theme for Machine &amp; Tools","publisher":{"@id":"https:\/\/ranoja.ee\/#organization"},"potentialAction":[{"@type":"SearchAction","target":{"@type":"EntryPoint","urlTemplate":"https:\/\/ranoja.ee\/?s={search_term_string}"},"query-input":{"@type":"PropertyValueSpecification","valueRequired":true,"valueName":"search_term_string"}}],"inLanguage":"en-US"},{"@type":"Organization","@id":"https:\/\/ranoja.ee\/#organization","name":"Ranoja O\u00dc","url":"https:\/\/ranoja.ee\/","logo":{"@type":"ImageObject","inLanguage":"en-US","@id":"https:\/\/ranoja.ee\/#\/schema\/logo\/image\/","url":"https:\/\/ranoja.ee\/wp-content\/uploads\/2023\/11\/ranoja-Logo.png","contentUrl":"https:\/\/ranoja.ee\/wp-content\/uploads\/2023\/11\/ranoja-Logo.png","width":207,"height":58,"caption":"Ranoja O\u00dc"},"image":{"@id":"https:\/\/ranoja.ee\/#\/schema\/logo\/image\/"},"sameAs":["https:\/\/www.facebook.com\/ranoja.ee","https:\/\/www.instagram.com\/ranoja__\/"]}]}},"_links":{"self":[{"href":"https:\/\/ranoja.ee\/en\/wp-json\/wp\/v2\/product\/57877","targetHints":{"allow":["GET"]}}],"collection":[{"href":"https:\/\/ranoja.ee\/en\/wp-json\/wp\/v2\/product"}],"about":[{"href":"https:\/\/ranoja.ee\/en\/wp-json\/wp\/v2\/types\/product"}],"wp:featuredmedia":[{"embeddable":true,"href":"https:\/\/ranoja.ee\/en\/wp-json\/wp\/v2\/media\/57878"}],"wp:attachment":[{"href":"https:\/\/ranoja.ee\/en\/wp-json\/wp\/v2\/media?parent=57877"}],"wp:term":[{"taxonomy":"product_cat","embeddable":true,"href":"https:\/\/ranoja.ee\/en\/wp-json\/wp\/v2\/product_cat?post=57877"},{"taxonomy":"product_tag","embeddable":true,"href":"https:\/\/ranoja.ee\/en\/wp-json\/wp\/v2\/product_tag?post=57877"}],"curies":[{"name":"wp","href":"https:\/\/api.w.org\/{rel}","templated":true}]}}