{"id":57846,"date":"2026-03-17T01:52:51","date_gmt":"2026-03-16T22:52:51","guid":{"rendered":"https:\/\/ranoja.ee\/toode\/veekindel-maare-marine-calcium-2-400g-valvoline\/"},"modified":"2026-03-17T15:43:54","modified_gmt":"2026-03-17T12:43:54","slug":"veekindel-maare-marine-calcium-2-400g-valvoline","status":"publish","type":"product","link":"https:\/\/ranoja.ee\/en\/toode\/veekindel-maare-marine-calcium-2-400g-valvoline\/","title":{"rendered":"Veekindel m\u00e4\u00e4re Marine Calcium 2 400g, Valvoline"},"content":{"rendered":"","protected":false},"excerpt":{"rendered":"<p>Tippkvaliteetne, erakordselt hea p\u00fcsivusv\u00f5imega m\u00e4\u00e4re mis kaitseb vee eest ning v\u00e4ldib rooste ja korrosiooni teket. Valvoline Marine Calcium 2 on kaltsiumsulfonaat kompleks tahkesi baasil, k\u00f5rge mineraalse baas\u00f5li viskoossusega, parendatud titaani omadustega m\u00e4\u00e4re.<br \/>\nT\u00e4nu titaani sisaldusele on m\u00e4\u00e4rdel v\u00e4ga head kulumiskaitse omadused. M\u00e4\u00e4rdel on esmaklassiline koormustaluvus, tippklassi korrosioonikaitse omadused ja parim m\u00e4\u00e4ritaval pinnal p\u00fcsivus omadused mis on kriitilise t\u00e4htusega andmaks t\u00e4iuslikku kaitset vees\u00f5idukite m\u00e4\u00e4rdekohtades. <br \/>\nKasutuskohad:<br \/>\nSpetsiaalselt valmistatud vees\u00f5idukitele ja rasket koormustaluvust n\u00f5udvatele kasutuskohtadele mis n\u00f5uavad m\u00e4\u00e4rdeainelt ekstra k\u00f5rget p\u00fcsivuskindlust ja veekaitset. Paadid, jetid, vesiehitus masinad, maaparandus, metsatehnika, kaevandused.<br \/>\nMitmed erinevad laagrid mis t\u00f6\u00f6tavad m\u00e4rgades tingimustes. T\u00e4nu erakordsele koostisele kaitseb k\u00f5rgemate t\u00f6\u00f6temperatuuride juures kui tavalised kaltsium m\u00e4\u00e4rded.<br \/>\nBaas\u00f5li: Mineraalne<br \/>\nTahkesti: veevaba kaltsium<br \/>\nBaas\u00f5li viskoossus: 480<br \/>\nKasutus tepmeratuurivahemik: -20 kuni +180 C<br \/>\nV\u00e4rvus: Valge<br \/>\nKonsistentsusklass: NLGI 2<br \/>\nJ\u00f5udlustasemed: <br \/>\nDIN 51502: KP2R-20<br \/>\nISO 6743-9: L-XBFIB 2<\/p>\n","protected":false},"featured_media":57847,"template":"","meta":{"inline_featured_image":false},"product_cat":[5052,5013,5012],"product_tag":[],"class_list":{"0":"post-57846","1":"product","2":"type-product","3":"status-publish","4":"has-post-thumbnail","6":"product_brand-valvoline","7":"product_cat-kaltsiummaarded","8":"product_cat-maarded","9":"product_cat-olid-ja-maardeained","11":"first","12":"instock","13":"purchasable","14":"product-type-simple"},"yoast_head":"<!-- This site is optimized with the Yoast SEO plugin v27.4 - https:\/\/yoast.com\/product\/yoast-seo-wordpress\/ -->\n<title>Veekindel m\u00e4\u00e4re Marine Calcium 2 400g, Valvoline - Ranoja<\/title>\n<meta name=\"robots\" content=\"index, follow, max-snippet:-1, max-image-preview:large, max-video-preview:-1\" \/>\n<link rel=\"canonical\" href=\"https:\/\/ranoja.ee\/toode\/veekindel-maare-marine-calcium-2-400g-valvoline\/\" \/>\n<meta property=\"og:locale\" content=\"en_US\" \/>\n<meta property=\"og:type\" content=\"article\" \/>\n<meta property=\"og:title\" content=\"Veekindel m\u00e4\u00e4re Marine Calcium 2 400g, Valvoline - Ranoja\" \/>\n<meta property=\"og:description\" content=\"Tippkvaliteetne, erakordselt hea p\u00fcsivusv\u00f5imega m\u00e4\u00e4re mis kaitseb vee eest ning v\u00e4ldib rooste ja korrosiooni teket. Valvoline Marine Calcium 2 on kaltsiumsulfonaat kompleks tahkesi baasil, k\u00f5rge mineraalse baas\u00f5li viskoossusega, parendatud titaani omadustega m\u00e4\u00e4re. T\u00e4nu titaani sisaldusele on m\u00e4\u00e4rdel v\u00e4ga head kulumiskaitse omadused. M\u00e4\u00e4rdel on esmaklassiline koormustaluvus, tippklassi korrosioonikaitse omadused ja parim m\u00e4\u00e4ritaval pinnal p\u00fcsivus omadused mis on kriitilise t\u00e4htusega andmaks t\u00e4iuslikku kaitset vees\u00f5idukite m\u00e4\u00e4rdekohtades. Kasutuskohad: Spetsiaalselt valmistatud vees\u00f5idukitele ja rasket koormustaluvust n\u00f5udvatele kasutuskohtadele mis n\u00f5uavad m\u00e4\u00e4rdeainelt ekstra k\u00f5rget p\u00fcsivuskindlust ja veekaitset. Paadid, jetid, vesiehitus masinad, maaparandus, metsatehnika, kaevandused. Mitmed erinevad laagrid mis t\u00f6\u00f6tavad m\u00e4rgades tingimustes. T\u00e4nu erakordsele koostisele kaitseb k\u00f5rgemate t\u00f6\u00f6temperatuuride juures kui tavalised kaltsium m\u00e4\u00e4rded. Baas\u00f5li: Mineraalne Tahkesti: veevaba kaltsium Baas\u00f5li viskoossus: 480 Kasutus tepmeratuurivahemik: -20 kuni +180 C V\u00e4rvus: Valge Konsistentsusklass: NLGI 2 J\u00f5udlustasemed: DIN 51502: KP2R-20 ISO 6743-9: L-XBFIB 2\" \/>\n<meta property=\"og:url\" content=\"https:\/\/ranoja.ee\/toode\/veekindel-maare-marine-calcium-2-400g-valvoline\/\" \/>\n<meta property=\"og:site_name\" content=\"Ranoja\" \/>\n<meta property=\"article:publisher\" content=\"https:\/\/www.facebook.com\/ranoja.ee\" \/>\n<meta property=\"article:modified_time\" content=\"2026-03-17T12:43:54+00:00\" \/>\n<meta property=\"og:image\" content=\"https:\/\/ranoja.ee\/wp-content\/uploads\/2026\/03\/240856463.jpg\" \/>\n\t<meta property=\"og:image:width\" content=\"458\" \/>\n\t<meta property=\"og:image:height\" content=\"512\" \/>\n\t<meta property=\"og:image:type\" content=\"image\/jpeg\" \/>\n<meta name=\"twitter:card\" content=\"summary_large_image\" \/>\n<script type=\"application\/ld+json\" class=\"yoast-schema-graph\">{\"@context\":\"https:\\\/\\\/schema.org\",\"@graph\":[{\"@type\":\"WebPage\",\"@id\":\"https:\\\/\\\/ranoja.ee\\\/toode\\\/veekindel-maare-marine-calcium-2-400g-valvoline\\\/\",\"url\":\"https:\\\/\\\/ranoja.ee\\\/toode\\\/veekindel-maare-marine-calcium-2-400g-valvoline\\\/\",\"name\":\"Veekindel m\u00e4\u00e4re Marine Calcium 2 400g, Valvoline - Ranoja\",\"isPartOf\":{\"@id\":\"https:\\\/\\\/ranoja.ee\\\/#website\"},\"primaryImageOfPage\":{\"@id\":\"https:\\\/\\\/ranoja.ee\\\/toode\\\/veekindel-maare-marine-calcium-2-400g-valvoline\\\/#primaryimage\"},\"image\":{\"@id\":\"https:\\\/\\\/ranoja.ee\\\/toode\\\/veekindel-maare-marine-calcium-2-400g-valvoline\\\/#primaryimage\"},\"thumbnailUrl\":\"https:\\\/\\\/ranoja.ee\\\/wp-content\\\/uploads\\\/2026\\\/03\\\/240856463.jpg\",\"datePublished\":\"2026-03-16T22:52:51+00:00\",\"dateModified\":\"2026-03-17T12:43:54+00:00\",\"breadcrumb\":{\"@id\":\"https:\\\/\\\/ranoja.ee\\\/toode\\\/veekindel-maare-marine-calcium-2-400g-valvoline\\\/#breadcrumb\"},\"inLanguage\":\"en-US\",\"potentialAction\":[{\"@type\":\"ReadAction\",\"target\":[\"https:\\\/\\\/ranoja.ee\\\/toode\\\/veekindel-maare-marine-calcium-2-400g-valvoline\\\/\"]}]},{\"@type\":\"ImageObject\",\"inLanguage\":\"en-US\",\"@id\":\"https:\\\/\\\/ranoja.ee\\\/toode\\\/veekindel-maare-marine-calcium-2-400g-valvoline\\\/#primaryimage\",\"url\":\"https:\\\/\\\/ranoja.ee\\\/wp-content\\\/uploads\\\/2026\\\/03\\\/240856463.jpg\",\"contentUrl\":\"https:\\\/\\\/ranoja.ee\\\/wp-content\\\/uploads\\\/2026\\\/03\\\/240856463.jpg\",\"width\":458,\"height\":512},{\"@type\":\"BreadcrumbList\",\"@id\":\"https:\\\/\\\/ranoja.ee\\\/toode\\\/veekindel-maare-marine-calcium-2-400g-valvoline\\\/#breadcrumb\",\"itemListElement\":[{\"@type\":\"ListItem\",\"position\":1,\"name\":\"Home\",\"item\":\"https:\\\/\\\/ranoja.ee\\\/\"},{\"@type\":\"ListItem\",\"position\":2,\"name\":\"Shop\",\"item\":\"https:\\\/\\\/ranoja.ee\\\/en\\\/shop\\\/\"},{\"@type\":\"ListItem\",\"position\":3,\"name\":\"Veekindel m\u00e4\u00e4re Marine Calcium 2 400g, Valvoline\"}]},{\"@type\":\"WebSite\",\"@id\":\"https:\\\/\\\/ranoja.ee\\\/#website\",\"url\":\"https:\\\/\\\/ranoja.ee\\\/\",\"name\":\"Ranoja\",\"description\":\"Equipment Shop WooCommerce WordPress Theme for Machine &amp; Tools\",\"publisher\":{\"@id\":\"https:\\\/\\\/ranoja.ee\\\/#organization\"},\"potentialAction\":[{\"@type\":\"SearchAction\",\"target\":{\"@type\":\"EntryPoint\",\"urlTemplate\":\"https:\\\/\\\/ranoja.ee\\\/?s={search_term_string}\"},\"query-input\":{\"@type\":\"PropertyValueSpecification\",\"valueRequired\":true,\"valueName\":\"search_term_string\"}}],\"inLanguage\":\"en-US\"},{\"@type\":\"Organization\",\"@id\":\"https:\\\/\\\/ranoja.ee\\\/#organization\",\"name\":\"Ranoja O\u00dc\",\"url\":\"https:\\\/\\\/ranoja.ee\\\/\",\"logo\":{\"@type\":\"ImageObject\",\"inLanguage\":\"en-US\",\"@id\":\"https:\\\/\\\/ranoja.ee\\\/#\\\/schema\\\/logo\\\/image\\\/\",\"url\":\"https:\\\/\\\/ranoja.ee\\\/wp-content\\\/uploads\\\/2023\\\/11\\\/ranoja-Logo.png\",\"contentUrl\":\"https:\\\/\\\/ranoja.ee\\\/wp-content\\\/uploads\\\/2023\\\/11\\\/ranoja-Logo.png\",\"width\":207,\"height\":58,\"caption\":\"Ranoja O\u00dc\"},\"image\":{\"@id\":\"https:\\\/\\\/ranoja.ee\\\/#\\\/schema\\\/logo\\\/image\\\/\"},\"sameAs\":[\"https:\\\/\\\/www.facebook.com\\\/ranoja.ee\",\"https:\\\/\\\/www.instagram.com\\\/ranoja__\\\/\"]}]}<\/script>\n<!-- \/ Yoast SEO plugin. -->","yoast_head_json":{"title":"Veekindel m\u00e4\u00e4re Marine Calcium 2 400g, Valvoline - Ranoja","robots":{"index":"index","follow":"follow","max-snippet":"max-snippet:-1","max-image-preview":"max-image-preview:large","max-video-preview":"max-video-preview:-1"},"canonical":"https:\/\/ranoja.ee\/toode\/veekindel-maare-marine-calcium-2-400g-valvoline\/","og_locale":"en_US","og_type":"article","og_title":"Veekindel m\u00e4\u00e4re Marine Calcium 2 400g, Valvoline - Ranoja","og_description":"Tippkvaliteetne, erakordselt hea p\u00fcsivusv\u00f5imega m\u00e4\u00e4re mis kaitseb vee eest ning v\u00e4ldib rooste ja korrosiooni teket. Valvoline Marine Calcium 2 on kaltsiumsulfonaat kompleks tahkesi baasil, k\u00f5rge mineraalse baas\u00f5li viskoossusega, parendatud titaani omadustega m\u00e4\u00e4re. T\u00e4nu titaani sisaldusele on m\u00e4\u00e4rdel v\u00e4ga head kulumiskaitse omadused. M\u00e4\u00e4rdel on esmaklassiline koormustaluvus, tippklassi korrosioonikaitse omadused ja parim m\u00e4\u00e4ritaval pinnal p\u00fcsivus omadused mis on kriitilise t\u00e4htusega andmaks t\u00e4iuslikku kaitset vees\u00f5idukite m\u00e4\u00e4rdekohtades. Kasutuskohad: Spetsiaalselt valmistatud vees\u00f5idukitele ja rasket koormustaluvust n\u00f5udvatele kasutuskohtadele mis n\u00f5uavad m\u00e4\u00e4rdeainelt ekstra k\u00f5rget p\u00fcsivuskindlust ja veekaitset. Paadid, jetid, vesiehitus masinad, maaparandus, metsatehnika, kaevandused. Mitmed erinevad laagrid mis t\u00f6\u00f6tavad m\u00e4rgades tingimustes. T\u00e4nu erakordsele koostisele kaitseb k\u00f5rgemate t\u00f6\u00f6temperatuuride juures kui tavalised kaltsium m\u00e4\u00e4rded. Baas\u00f5li: Mineraalne Tahkesti: veevaba kaltsium Baas\u00f5li viskoossus: 480 Kasutus tepmeratuurivahemik: -20 kuni +180 C V\u00e4rvus: Valge Konsistentsusklass: NLGI 2 J\u00f5udlustasemed: DIN 51502: KP2R-20 ISO 6743-9: L-XBFIB 2","og_url":"https:\/\/ranoja.ee\/toode\/veekindel-maare-marine-calcium-2-400g-valvoline\/","og_site_name":"Ranoja","article_publisher":"https:\/\/www.facebook.com\/ranoja.ee","article_modified_time":"2026-03-17T12:43:54+00:00","og_image":[{"width":458,"height":512,"url":"https:\/\/ranoja.ee\/wp-content\/uploads\/2026\/03\/240856463.jpg","type":"image\/jpeg"}],"twitter_card":"summary_large_image","schema":{"@context":"https:\/\/schema.org","@graph":[{"@type":"WebPage","@id":"https:\/\/ranoja.ee\/toode\/veekindel-maare-marine-calcium-2-400g-valvoline\/","url":"https:\/\/ranoja.ee\/toode\/veekindel-maare-marine-calcium-2-400g-valvoline\/","name":"Veekindel m\u00e4\u00e4re Marine Calcium 2 400g, Valvoline - Ranoja","isPartOf":{"@id":"https:\/\/ranoja.ee\/#website"},"primaryImageOfPage":{"@id":"https:\/\/ranoja.ee\/toode\/veekindel-maare-marine-calcium-2-400g-valvoline\/#primaryimage"},"image":{"@id":"https:\/\/ranoja.ee\/toode\/veekindel-maare-marine-calcium-2-400g-valvoline\/#primaryimage"},"thumbnailUrl":"https:\/\/ranoja.ee\/wp-content\/uploads\/2026\/03\/240856463.jpg","datePublished":"2026-03-16T22:52:51+00:00","dateModified":"2026-03-17T12:43:54+00:00","breadcrumb":{"@id":"https:\/\/ranoja.ee\/toode\/veekindel-maare-marine-calcium-2-400g-valvoline\/#breadcrumb"},"inLanguage":"en-US","potentialAction":[{"@type":"ReadAction","target":["https:\/\/ranoja.ee\/toode\/veekindel-maare-marine-calcium-2-400g-valvoline\/"]}]},{"@type":"ImageObject","inLanguage":"en-US","@id":"https:\/\/ranoja.ee\/toode\/veekindel-maare-marine-calcium-2-400g-valvoline\/#primaryimage","url":"https:\/\/ranoja.ee\/wp-content\/uploads\/2026\/03\/240856463.jpg","contentUrl":"https:\/\/ranoja.ee\/wp-content\/uploads\/2026\/03\/240856463.jpg","width":458,"height":512},{"@type":"BreadcrumbList","@id":"https:\/\/ranoja.ee\/toode\/veekindel-maare-marine-calcium-2-400g-valvoline\/#breadcrumb","itemListElement":[{"@type":"ListItem","position":1,"name":"Home","item":"https:\/\/ranoja.ee\/"},{"@type":"ListItem","position":2,"name":"Shop","item":"https:\/\/ranoja.ee\/en\/shop\/"},{"@type":"ListItem","position":3,"name":"Veekindel m\u00e4\u00e4re Marine Calcium 2 400g, Valvoline"}]},{"@type":"WebSite","@id":"https:\/\/ranoja.ee\/#website","url":"https:\/\/ranoja.ee\/","name":"Ranoja","description":"Equipment Shop WooCommerce WordPress Theme for Machine &amp; Tools","publisher":{"@id":"https:\/\/ranoja.ee\/#organization"},"potentialAction":[{"@type":"SearchAction","target":{"@type":"EntryPoint","urlTemplate":"https:\/\/ranoja.ee\/?s={search_term_string}"},"query-input":{"@type":"PropertyValueSpecification","valueRequired":true,"valueName":"search_term_string"}}],"inLanguage":"en-US"},{"@type":"Organization","@id":"https:\/\/ranoja.ee\/#organization","name":"Ranoja O\u00dc","url":"https:\/\/ranoja.ee\/","logo":{"@type":"ImageObject","inLanguage":"en-US","@id":"https:\/\/ranoja.ee\/#\/schema\/logo\/image\/","url":"https:\/\/ranoja.ee\/wp-content\/uploads\/2023\/11\/ranoja-Logo.png","contentUrl":"https:\/\/ranoja.ee\/wp-content\/uploads\/2023\/11\/ranoja-Logo.png","width":207,"height":58,"caption":"Ranoja O\u00dc"},"image":{"@id":"https:\/\/ranoja.ee\/#\/schema\/logo\/image\/"},"sameAs":["https:\/\/www.facebook.com\/ranoja.ee","https:\/\/www.instagram.com\/ranoja__\/"]}]}},"_links":{"self":[{"href":"https:\/\/ranoja.ee\/en\/wp-json\/wp\/v2\/product\/57846","targetHints":{"allow":["GET"]}}],"collection":[{"href":"https:\/\/ranoja.ee\/en\/wp-json\/wp\/v2\/product"}],"about":[{"href":"https:\/\/ranoja.ee\/en\/wp-json\/wp\/v2\/types\/product"}],"wp:featuredmedia":[{"embeddable":true,"href":"https:\/\/ranoja.ee\/en\/wp-json\/wp\/v2\/media\/57847"}],"wp:attachment":[{"href":"https:\/\/ranoja.ee\/en\/wp-json\/wp\/v2\/media?parent=57846"}],"wp:term":[{"taxonomy":"product_cat","embeddable":true,"href":"https:\/\/ranoja.ee\/en\/wp-json\/wp\/v2\/product_cat?post=57846"},{"taxonomy":"product_tag","embeddable":true,"href":"https:\/\/ranoja.ee\/en\/wp-json\/wp\/v2\/product_tag?post=57846"}],"curies":[{"name":"wp","href":"https:\/\/api.w.org\/{rel}","templated":true}]}}