{"id":57834,"date":"2026-03-17T01:52:51","date_gmt":"2026-03-16T22:52:51","guid":{"rendered":"https:\/\/ranoja.ee\/toode\/tuhaimur-avc25-scheppach\/"},"modified":"2026-03-17T15:43:54","modified_gmt":"2026-03-17T12:43:54","slug":"tuhaimur-avc25-scheppach","status":"publish","type":"product","link":"https:\/\/ranoja.ee\/en\/toode\/tuhaimur-avc25-scheppach\/","title":{"rendered":"Tuhaimur AVC25, Scheppach"},"content":{"rendered":"","protected":false},"excerpt":{"rendered":"<p>Tehnilised andmed<br \/>\nKonteineri maht: 20 l<br \/>\nKonteineri materjal: metall<br \/>\nLisatarvikute laius (mm)  36,5 mm<br \/>\nToitepinge: 220 &#8211; 240 \/ 50 &#8211; 60 V\/Hz<br \/>\nNimiv\u00f5imsus: 1300 W<br \/>\nVaakum: 200\/20 mbar\/kPa<br \/>\nKaal ilma lisatarvikuteta: 3,8 kg<br \/>\nKaal, sh pakend: 4,5 kg<br \/>\nM\u00f5\u00f5dud (pikkus x laius x k\u00f5rgus) (mm) 350 x 344 x 408<\/p>\n<p>Varustus<br \/>\nKahe filtriga s\u00fcsteem<br \/>\nFiltri pind 0,13 m\u00b2 <br \/>\nPuhumis funktsioon<br \/>\nImemisvoolik, 1.5 m, tulekindel<br \/>\nIntegreeritud filtripuhastus s\u00fcsteem<br \/>\nKomplektis \u00fcmmargune ja lapik alumiinium imemisotsik<br \/>\nKonteineri k\u00e4epide<\/p>\n<p>Scheppachi tuhaimurit AVC20 saab kasutada nii ahjudest v\u00f5i grillidest tuha imemiseks kui ka puhuri funktsiooni abil tule s\u00fc\u00fctamiseks. Seadmel on tulekindel voolik ja kahe filtriga s\u00fcsteem, mis koosneb peenosakeste filtrist ja metall eelfiltrist. Filtri puhastust saab teha \u00fche nupu vajutusega.<\/p>\n","protected":false},"featured_media":57835,"template":"","meta":{"inline_featured_image":false},"product_cat":[5072,5155,5035],"product_tag":[],"class_list":{"0":"post-57834","1":"product","2":"type-product","3":"status-publish","4":"has-post-thumbnail","6":"product_brand-scheppach","7":"product_cat-kodumajapidamislikud-tolmuimejad","8":"product_cat-kuivtolmuimejad","9":"product_cat-puhastustehnika-ja-tarvikud","11":"first","12":"instock","13":"purchasable","14":"product-type-simple"},"yoast_head":"<!-- This site is optimized with the Yoast SEO plugin v27.4 - https:\/\/yoast.com\/product\/yoast-seo-wordpress\/ -->\n<title>Tuhaimur AVC25, Scheppach - Ranoja<\/title>\n<meta name=\"robots\" content=\"index, follow, max-snippet:-1, max-image-preview:large, max-video-preview:-1\" \/>\n<link rel=\"canonical\" href=\"https:\/\/ranoja.ee\/toode\/tuhaimur-avc25-scheppach\/\" \/>\n<meta property=\"og:locale\" content=\"en_US\" \/>\n<meta property=\"og:type\" content=\"article\" \/>\n<meta property=\"og:title\" content=\"Tuhaimur AVC25, Scheppach - Ranoja\" \/>\n<meta property=\"og:description\" content=\"Tehnilised andmed Konteineri maht: 20 l Konteineri materjal: metall Lisatarvikute laius (mm) 36,5 mm Toitepinge: 220 - 240 \/ 50 - 60 V\/Hz Nimiv\u00f5imsus: 1300 W Vaakum: 200\/20 mbar\/kPa Kaal ilma lisatarvikuteta: 3,8 kg Kaal, sh pakend: 4,5 kg M\u00f5\u00f5dud (pikkus x laius x k\u00f5rgus) (mm) 350 x 344 x 408 Varustus Kahe filtriga s\u00fcsteem Filtri pind 0,13 m\u00b2 Puhumis funktsioon Imemisvoolik, 1.5 m, tulekindel Integreeritud filtripuhastus s\u00fcsteem Komplektis \u00fcmmargune ja lapik alumiinium imemisotsik Konteineri k\u00e4epide Scheppachi tuhaimurit AVC20 saab kasutada nii ahjudest v\u00f5i grillidest tuha imemiseks kui ka puhuri funktsiooni abil tule s\u00fc\u00fctamiseks. Seadmel on tulekindel voolik ja kahe filtriga s\u00fcsteem, mis koosneb peenosakeste filtrist ja metall eelfiltrist. Filtri puhastust saab teha \u00fche nupu vajutusega.\" \/>\n<meta property=\"og:url\" content=\"https:\/\/ranoja.ee\/toode\/tuhaimur-avc25-scheppach\/\" \/>\n<meta property=\"og:site_name\" content=\"Ranoja\" \/>\n<meta property=\"article:publisher\" content=\"https:\/\/www.facebook.com\/ranoja.ee\" \/>\n<meta property=\"article:modified_time\" content=\"2026-03-17T12:43:54+00:00\" \/>\n<meta property=\"og:image\" content=\"https:\/\/ranoja.ee\/wp-content\/uploads\/2026\/03\/5637947117.jpg\" \/>\n\t<meta property=\"og:image:width\" content=\"900\" \/>\n\t<meta property=\"og:image:height\" content=\"900\" \/>\n\t<meta property=\"og:image:type\" content=\"image\/jpeg\" \/>\n<meta name=\"twitter:card\" content=\"summary_large_image\" \/>\n<script type=\"application\/ld+json\" class=\"yoast-schema-graph\">{\"@context\":\"https:\\\/\\\/schema.org\",\"@graph\":[{\"@type\":\"WebPage\",\"@id\":\"https:\\\/\\\/ranoja.ee\\\/toode\\\/tuhaimur-avc25-scheppach\\\/\",\"url\":\"https:\\\/\\\/ranoja.ee\\\/toode\\\/tuhaimur-avc25-scheppach\\\/\",\"name\":\"Tuhaimur AVC25, Scheppach - Ranoja\",\"isPartOf\":{\"@id\":\"https:\\\/\\\/ranoja.ee\\\/#website\"},\"primaryImageOfPage\":{\"@id\":\"https:\\\/\\\/ranoja.ee\\\/toode\\\/tuhaimur-avc25-scheppach\\\/#primaryimage\"},\"image\":{\"@id\":\"https:\\\/\\\/ranoja.ee\\\/toode\\\/tuhaimur-avc25-scheppach\\\/#primaryimage\"},\"thumbnailUrl\":\"https:\\\/\\\/ranoja.ee\\\/wp-content\\\/uploads\\\/2026\\\/03\\\/5637947117.jpg\",\"datePublished\":\"2026-03-16T22:52:51+00:00\",\"dateModified\":\"2026-03-17T12:43:54+00:00\",\"breadcrumb\":{\"@id\":\"https:\\\/\\\/ranoja.ee\\\/toode\\\/tuhaimur-avc25-scheppach\\\/#breadcrumb\"},\"inLanguage\":\"en-US\",\"potentialAction\":[{\"@type\":\"ReadAction\",\"target\":[\"https:\\\/\\\/ranoja.ee\\\/toode\\\/tuhaimur-avc25-scheppach\\\/\"]}]},{\"@type\":\"ImageObject\",\"inLanguage\":\"en-US\",\"@id\":\"https:\\\/\\\/ranoja.ee\\\/toode\\\/tuhaimur-avc25-scheppach\\\/#primaryimage\",\"url\":\"https:\\\/\\\/ranoja.ee\\\/wp-content\\\/uploads\\\/2026\\\/03\\\/5637947117.jpg\",\"contentUrl\":\"https:\\\/\\\/ranoja.ee\\\/wp-content\\\/uploads\\\/2026\\\/03\\\/5637947117.jpg\",\"width\":900,\"height\":900},{\"@type\":\"BreadcrumbList\",\"@id\":\"https:\\\/\\\/ranoja.ee\\\/toode\\\/tuhaimur-avc25-scheppach\\\/#breadcrumb\",\"itemListElement\":[{\"@type\":\"ListItem\",\"position\":1,\"name\":\"Home\",\"item\":\"https:\\\/\\\/ranoja.ee\\\/\"},{\"@type\":\"ListItem\",\"position\":2,\"name\":\"Shop\",\"item\":\"https:\\\/\\\/ranoja.ee\\\/en\\\/shop\\\/\"},{\"@type\":\"ListItem\",\"position\":3,\"name\":\"Tuhaimur AVC25, Scheppach\"}]},{\"@type\":\"WebSite\",\"@id\":\"https:\\\/\\\/ranoja.ee\\\/#website\",\"url\":\"https:\\\/\\\/ranoja.ee\\\/\",\"name\":\"Ranoja\",\"description\":\"Equipment Shop WooCommerce WordPress Theme for Machine &amp; Tools\",\"publisher\":{\"@id\":\"https:\\\/\\\/ranoja.ee\\\/#organization\"},\"potentialAction\":[{\"@type\":\"SearchAction\",\"target\":{\"@type\":\"EntryPoint\",\"urlTemplate\":\"https:\\\/\\\/ranoja.ee\\\/?s={search_term_string}\"},\"query-input\":{\"@type\":\"PropertyValueSpecification\",\"valueRequired\":true,\"valueName\":\"search_term_string\"}}],\"inLanguage\":\"en-US\"},{\"@type\":\"Organization\",\"@id\":\"https:\\\/\\\/ranoja.ee\\\/#organization\",\"name\":\"Ranoja O\u00dc\",\"url\":\"https:\\\/\\\/ranoja.ee\\\/\",\"logo\":{\"@type\":\"ImageObject\",\"inLanguage\":\"en-US\",\"@id\":\"https:\\\/\\\/ranoja.ee\\\/#\\\/schema\\\/logo\\\/image\\\/\",\"url\":\"https:\\\/\\\/ranoja.ee\\\/wp-content\\\/uploads\\\/2023\\\/11\\\/ranoja-Logo.png\",\"contentUrl\":\"https:\\\/\\\/ranoja.ee\\\/wp-content\\\/uploads\\\/2023\\\/11\\\/ranoja-Logo.png\",\"width\":207,\"height\":58,\"caption\":\"Ranoja O\u00dc\"},\"image\":{\"@id\":\"https:\\\/\\\/ranoja.ee\\\/#\\\/schema\\\/logo\\\/image\\\/\"},\"sameAs\":[\"https:\\\/\\\/www.facebook.com\\\/ranoja.ee\",\"https:\\\/\\\/www.instagram.com\\\/ranoja__\\\/\"]}]}<\/script>\n<!-- \/ Yoast SEO plugin. -->","yoast_head_json":{"title":"Tuhaimur AVC25, Scheppach - Ranoja","robots":{"index":"index","follow":"follow","max-snippet":"max-snippet:-1","max-image-preview":"max-image-preview:large","max-video-preview":"max-video-preview:-1"},"canonical":"https:\/\/ranoja.ee\/toode\/tuhaimur-avc25-scheppach\/","og_locale":"en_US","og_type":"article","og_title":"Tuhaimur AVC25, Scheppach - Ranoja","og_description":"Tehnilised andmed Konteineri maht: 20 l Konteineri materjal: metall Lisatarvikute laius (mm) 36,5 mm Toitepinge: 220 - 240 \/ 50 - 60 V\/Hz Nimiv\u00f5imsus: 1300 W Vaakum: 200\/20 mbar\/kPa Kaal ilma lisatarvikuteta: 3,8 kg Kaal, sh pakend: 4,5 kg M\u00f5\u00f5dud (pikkus x laius x k\u00f5rgus) (mm) 350 x 344 x 408 Varustus Kahe filtriga s\u00fcsteem Filtri pind 0,13 m\u00b2 Puhumis funktsioon Imemisvoolik, 1.5 m, tulekindel Integreeritud filtripuhastus s\u00fcsteem Komplektis \u00fcmmargune ja lapik alumiinium imemisotsik Konteineri k\u00e4epide Scheppachi tuhaimurit AVC20 saab kasutada nii ahjudest v\u00f5i grillidest tuha imemiseks kui ka puhuri funktsiooni abil tule s\u00fc\u00fctamiseks. Seadmel on tulekindel voolik ja kahe filtriga s\u00fcsteem, mis koosneb peenosakeste filtrist ja metall eelfiltrist. Filtri puhastust saab teha \u00fche nupu vajutusega.","og_url":"https:\/\/ranoja.ee\/toode\/tuhaimur-avc25-scheppach\/","og_site_name":"Ranoja","article_publisher":"https:\/\/www.facebook.com\/ranoja.ee","article_modified_time":"2026-03-17T12:43:54+00:00","og_image":[{"width":900,"height":900,"url":"https:\/\/ranoja.ee\/wp-content\/uploads\/2026\/03\/5637947117.jpg","type":"image\/jpeg"}],"twitter_card":"summary_large_image","schema":{"@context":"https:\/\/schema.org","@graph":[{"@type":"WebPage","@id":"https:\/\/ranoja.ee\/toode\/tuhaimur-avc25-scheppach\/","url":"https:\/\/ranoja.ee\/toode\/tuhaimur-avc25-scheppach\/","name":"Tuhaimur AVC25, Scheppach - Ranoja","isPartOf":{"@id":"https:\/\/ranoja.ee\/#website"},"primaryImageOfPage":{"@id":"https:\/\/ranoja.ee\/toode\/tuhaimur-avc25-scheppach\/#primaryimage"},"image":{"@id":"https:\/\/ranoja.ee\/toode\/tuhaimur-avc25-scheppach\/#primaryimage"},"thumbnailUrl":"https:\/\/ranoja.ee\/wp-content\/uploads\/2026\/03\/5637947117.jpg","datePublished":"2026-03-16T22:52:51+00:00","dateModified":"2026-03-17T12:43:54+00:00","breadcrumb":{"@id":"https:\/\/ranoja.ee\/toode\/tuhaimur-avc25-scheppach\/#breadcrumb"},"inLanguage":"en-US","potentialAction":[{"@type":"ReadAction","target":["https:\/\/ranoja.ee\/toode\/tuhaimur-avc25-scheppach\/"]}]},{"@type":"ImageObject","inLanguage":"en-US","@id":"https:\/\/ranoja.ee\/toode\/tuhaimur-avc25-scheppach\/#primaryimage","url":"https:\/\/ranoja.ee\/wp-content\/uploads\/2026\/03\/5637947117.jpg","contentUrl":"https:\/\/ranoja.ee\/wp-content\/uploads\/2026\/03\/5637947117.jpg","width":900,"height":900},{"@type":"BreadcrumbList","@id":"https:\/\/ranoja.ee\/toode\/tuhaimur-avc25-scheppach\/#breadcrumb","itemListElement":[{"@type":"ListItem","position":1,"name":"Home","item":"https:\/\/ranoja.ee\/"},{"@type":"ListItem","position":2,"name":"Shop","item":"https:\/\/ranoja.ee\/en\/shop\/"},{"@type":"ListItem","position":3,"name":"Tuhaimur AVC25, Scheppach"}]},{"@type":"WebSite","@id":"https:\/\/ranoja.ee\/#website","url":"https:\/\/ranoja.ee\/","name":"Ranoja","description":"Equipment Shop WooCommerce WordPress Theme for Machine &amp; Tools","publisher":{"@id":"https:\/\/ranoja.ee\/#organization"},"potentialAction":[{"@type":"SearchAction","target":{"@type":"EntryPoint","urlTemplate":"https:\/\/ranoja.ee\/?s={search_term_string}"},"query-input":{"@type":"PropertyValueSpecification","valueRequired":true,"valueName":"search_term_string"}}],"inLanguage":"en-US"},{"@type":"Organization","@id":"https:\/\/ranoja.ee\/#organization","name":"Ranoja O\u00dc","url":"https:\/\/ranoja.ee\/","logo":{"@type":"ImageObject","inLanguage":"en-US","@id":"https:\/\/ranoja.ee\/#\/schema\/logo\/image\/","url":"https:\/\/ranoja.ee\/wp-content\/uploads\/2023\/11\/ranoja-Logo.png","contentUrl":"https:\/\/ranoja.ee\/wp-content\/uploads\/2023\/11\/ranoja-Logo.png","width":207,"height":58,"caption":"Ranoja O\u00dc"},"image":{"@id":"https:\/\/ranoja.ee\/#\/schema\/logo\/image\/"},"sameAs":["https:\/\/www.facebook.com\/ranoja.ee","https:\/\/www.instagram.com\/ranoja__\/"]}]}},"_links":{"self":[{"href":"https:\/\/ranoja.ee\/en\/wp-json\/wp\/v2\/product\/57834","targetHints":{"allow":["GET"]}}],"collection":[{"href":"https:\/\/ranoja.ee\/en\/wp-json\/wp\/v2\/product"}],"about":[{"href":"https:\/\/ranoja.ee\/en\/wp-json\/wp\/v2\/types\/product"}],"wp:featuredmedia":[{"embeddable":true,"href":"https:\/\/ranoja.ee\/en\/wp-json\/wp\/v2\/media\/57835"}],"wp:attachment":[{"href":"https:\/\/ranoja.ee\/en\/wp-json\/wp\/v2\/media?parent=57834"}],"wp:term":[{"taxonomy":"product_cat","embeddable":true,"href":"https:\/\/ranoja.ee\/en\/wp-json\/wp\/v2\/product_cat?post=57834"},{"taxonomy":"product_tag","embeddable":true,"href":"https:\/\/ranoja.ee\/en\/wp-json\/wp\/v2\/product_tag?post=57834"}],"curies":[{"name":"wp","href":"https:\/\/api.w.org\/{rel}","templated":true}]}}