{"id":57818,"date":"2026-03-17T01:52:51","date_gmt":"2026-03-16T22:52:51","guid":{"rendered":"https:\/\/ranoja.ee\/toode\/esmaabikomplekt-seinale-kinnitatav-haavasidemega-cederroth\/"},"modified":"2026-03-17T15:43:55","modified_gmt":"2026-03-17T12:43:55","slug":"esmaabikomplekt-seinale-kinnitatav-haavasidemega-cederroth","status":"publish","type":"product","link":"https:\/\/ranoja.ee\/en\/toode\/esmaabikomplekt-seinale-kinnitatav-haavasidemega-cederroth\/","title":{"rendered":"Esmaabikomplekt, seinale kinnitatav, haavasidemega, Cederroth"},"content":{"rendered":"","protected":false},"excerpt":{"rendered":"<p>Esmaabikomplekt, mis suudab ravida veelgi rohkemat t\u00fc\u00fcpi vigastusi ja mida saab h\u00f5lpsasti kohandada erinevate tervishoiuvajaduste jaoks. Loodame, et teie t\u00e4ieliku esmaabivarustusega teie t\u00f6\u00f6kohal \u00f5pib veelgi rohkem inimesi elusid p\u00e4\u00e4stma ja on piisavalt julge, et \u00f5nnetuste korral abistada.<br \/>\nN\u00fc\u00fcd veelgi paremini varustatud integreeritud Soft Foam isekinnituva sidemejaoturiga. Soft Foam isekinnituv side on elastne ja annab maksimaalse liikumisvabaduse. Nutikas jaotur teeb \u00f5ige koguse l\u00f5ikamise lihtsaks. Sidet saab kasutada igasuguste v\u00e4iksemate haavade puhul ja see p\u00fcsib vees paigal. T\u00e4itepakid on saadaval kahes erinevas v\u00e4rvitoonis vastavalt teie vajadustele: sininet v\u00f5i beez.<br \/>\nAlates 2022. aastast on selle jaama rohelise v\u00e4rvi plastik valmistatud enam kui 85% ulatuses taaskasutatud plastist.<\/p>\n<p>Cederrothi esmaabipunkt on spetsiaalselt loodud mitmesuguste vigastuste ja vigastuste raviks. T\u00e4nu otse seinale paigaldatud jaamale on esmaabi teie k\u00e4eulatuses. Olenemata sellest, kas tegemist on verejooksu, p\u00f5letuse v\u00f5i nikastusega, Cederrothi esmaabijaamas on teile vajalikud seadmed. Jaam sobib n\u00e4iteks tootmishoonetesse, ladudesse, tervishoiuasutustesse ja koolidesse.<br \/>\nL\u00e4bipaistev uks annab hea \u00fclevaate ning kaitseb tolmu ja niiskuse eest. Jaamas on esmaabivahendid olukordadeks, kus on vaja varustust verejooksu peatamiseks, Salvequicki plaastrid ja puhastusvahendid, Soft Foam isekinnituv haavaside v\u00f5i Cederrothi pihusti silma ja haavade loputamiseks. Valikuliste tarvikute jaoks on ka eraldi panipaik. See v\u00f5imaldab t\u00f6\u00f6kohtadel oma valdkonna konkreetseteks v\u00e4ljakutseteks parimal v\u00f5imalikul viisil valmistuda. Seinajaamal on lihtsalt arusaadavad juhised, et saaksite \u00f5nnetuse korral kiiresti ravi saada.<br \/>\nCederrothi jaamas on plaastri jaotur, mis sisaldab riidest ja plastist Salvequicki plaastreid. Plaastrid t\u00f5mmatakse alla, et v\u00e4ltida nende takerdumist. Kui plaaster jaoturist eemaldatakse, paljastub \u00fcks kleepuvatest pindadest ja plaaster on kohe kasutamiseks valmis.<br \/>\nM\u00f5eldud kiireks ja lihtsaks esmaabiks mida on ka lihtne t\u00e4ita.<\/p>\n<p>\nKomplektis:<br \/>\n2 Cederroth 4-in-1 traumasidet (1910&#038;CEDER)<br \/>\n3 Cederroth 4-in-1 steriilset sidemepakendit (1911&#038;CEDER)<br \/>\n1 (x 2) pakend Cederroth p\u00f5letusgeeli sidet (901900&#038;CEDER) <br \/>\n1 Cederroth silmaloputus- ja haavapuhastussprei, 150 ml (726000&#038;CEDER) <br \/>\n1 Cederroth Isekinnituv haavaside, beez, 6 cm x 2 m (51011019&#038;CEDER)<br \/>\n1 Salvequick plaastriautomaat koos 45 plastik- (6036&#038;CEDER) ja 40 tekstiilplaastriga (6444&#038;CEDER) <br \/>\n1 (x 20) pakk Salvequick haavapuhastuslappe (323700&#038;CEDER) <br \/>\n1 Cederroth kaitsekomplekt kinnaste, elustamismaski ja k\u00e4tepuhastuslappidega (2596&#038;CEDER) <br \/>\n1 Esmaabijuhend<br \/>\n1 V\u00f5ti<\/p>\n<p>M\u00f5\u00f5dud: L 29 x K 56 x S 12 cm<\/p>\n<p><\/p>\n","protected":false},"featured_media":57819,"template":"","meta":{"inline_featured_image":false},"product_cat":[5071,5022],"product_tag":[],"class_list":{"0":"post-57818","1":"product","2":"type-product","3":"status-publish","4":"has-post-thumbnail","6":"product_brand-cederroth","7":"product_cat-esmaabivahendid","8":"product_cat-isikukaitsevahendid","10":"first","11":"outofstock","12":"purchasable","13":"product-type-simple"},"yoast_head":"<!-- This site is optimized with the Yoast SEO plugin v27.4 - https:\/\/yoast.com\/product\/yoast-seo-wordpress\/ -->\n<title>Esmaabikomplekt, seinale kinnitatav, haavasidemega, Cederroth - Ranoja<\/title>\n<meta name=\"robots\" content=\"index, follow, max-snippet:-1, max-image-preview:large, max-video-preview:-1\" \/>\n<link rel=\"canonical\" href=\"https:\/\/ranoja.ee\/toode\/esmaabikomplekt-seinale-kinnitatav-haavasidemega-cederroth\/\" \/>\n<meta property=\"og:locale\" content=\"en_US\" \/>\n<meta property=\"og:type\" content=\"article\" \/>\n<meta property=\"og:title\" content=\"Esmaabikomplekt, seinale kinnitatav, haavasidemega, Cederroth - Ranoja\" \/>\n<meta property=\"og:description\" content=\"Esmaabikomplekt, mis suudab ravida veelgi rohkemat t\u00fc\u00fcpi vigastusi ja mida saab h\u00f5lpsasti kohandada erinevate tervishoiuvajaduste jaoks. Loodame, et teie t\u00e4ieliku esmaabivarustusega teie t\u00f6\u00f6kohal \u00f5pib veelgi rohkem inimesi elusid p\u00e4\u00e4stma ja on piisavalt julge, et \u00f5nnetuste korral abistada. N\u00fc\u00fcd veelgi paremini varustatud integreeritud Soft Foam isekinnituva sidemejaoturiga. Soft Foam isekinnituv side on elastne ja annab maksimaalse liikumisvabaduse. Nutikas jaotur teeb \u00f5ige koguse l\u00f5ikamise lihtsaks. Sidet saab kasutada igasuguste v\u00e4iksemate haavade puhul ja see p\u00fcsib vees paigal. T\u00e4itepakid on saadaval kahes erinevas v\u00e4rvitoonis vastavalt teie vajadustele: sininet v\u00f5i beez. Alates 2022. aastast on selle jaama rohelise v\u00e4rvi plastik valmistatud enam kui 85% ulatuses taaskasutatud plastist. Cederrothi esmaabipunkt on spetsiaalselt loodud mitmesuguste vigastuste ja vigastuste raviks. T\u00e4nu otse seinale paigaldatud jaamale on esmaabi teie k\u00e4eulatuses. Olenemata sellest, kas tegemist on verejooksu, p\u00f5letuse v\u00f5i nikastusega, Cederrothi esmaabijaamas on teile vajalikud seadmed. Jaam sobib n\u00e4iteks tootmishoonetesse, ladudesse, tervishoiuasutustesse ja koolidesse. L\u00e4bipaistev uks annab hea \u00fclevaate ning kaitseb tolmu ja niiskuse eest. Jaamas on esmaabivahendid olukordadeks, kus on vaja varustust verejooksu peatamiseks, Salvequicki plaastrid ja puhastusvahendid, Soft Foam isekinnituv haavaside v\u00f5i Cederrothi pihusti silma ja haavade loputamiseks. Valikuliste tarvikute jaoks on ka eraldi panipaik. See v\u00f5imaldab t\u00f6\u00f6kohtadel oma valdkonna konkreetseteks v\u00e4ljakutseteks parimal v\u00f5imalikul viisil valmistuda. Seinajaamal on lihtsalt arusaadavad juhised, et saaksite \u00f5nnetuse korral kiiresti ravi saada. Cederrothi jaamas on plaastri jaotur, mis sisaldab riidest ja plastist Salvequicki plaastreid. Plaastrid t\u00f5mmatakse alla, et v\u00e4ltida nende takerdumist. Kui plaaster jaoturist eemaldatakse, paljastub \u00fcks kleepuvatest pindadest ja plaaster on kohe kasutamiseks valmis. M\u00f5eldud kiireks ja lihtsaks esmaabiks mida on ka lihtne t\u00e4ita.  Komplektis: 2 Cederroth 4-in-1 traumasidet (1910&amp;CEDER) 3 Cederroth 4-in-1 steriilset sidemepakendit (1911&amp;CEDER) 1 (x 2) pakend Cederroth p\u00f5letusgeeli sidet (901900&amp;CEDER) 1 Cederroth silmaloputus- ja haavapuhastussprei, 150 ml (726000&amp;CEDER) 1 Cederroth Isekinnituv haavaside, beez, 6 cm x 2 m (51011019&amp;CEDER) 1 Salvequick plaastriautomaat koos 45 plastik- (6036&amp;CEDER) ja 40 tekstiilplaastriga (6444&amp;CEDER) 1 (x 20) pakk Salvequick haavapuhastuslappe (323700&amp;CEDER) 1 Cederroth kaitsekomplekt kinnaste, elustamismaski ja k\u00e4tepuhastuslappidega (2596&amp;CEDER) 1 Esmaabijuhend 1 V\u00f5ti M\u00f5\u00f5dud: L 29 x K 56 x S 12 cm\" \/>\n<meta property=\"og:url\" content=\"https:\/\/ranoja.ee\/toode\/esmaabikomplekt-seinale-kinnitatav-haavasidemega-cederroth\/\" \/>\n<meta property=\"og:site_name\" content=\"Ranoja\" \/>\n<meta property=\"article:publisher\" content=\"https:\/\/www.facebook.com\/ranoja.ee\" \/>\n<meta property=\"article:modified_time\" content=\"2026-03-17T12:43:55+00:00\" \/>\n<meta property=\"og:image\" content=\"https:\/\/ranoja.ee\/wp-content\/uploads\/2026\/03\/5637760445.jpg\" \/>\n\t<meta property=\"og:image:width\" content=\"646\" \/>\n\t<meta property=\"og:image:height\" content=\"900\" \/>\n\t<meta property=\"og:image:type\" content=\"image\/jpeg\" \/>\n<meta name=\"twitter:card\" content=\"summary_large_image\" \/>\n<script type=\"application\/ld+json\" class=\"yoast-schema-graph\">{\"@context\":\"https:\\\/\\\/schema.org\",\"@graph\":[{\"@type\":\"WebPage\",\"@id\":\"https:\\\/\\\/ranoja.ee\\\/toode\\\/esmaabikomplekt-seinale-kinnitatav-haavasidemega-cederroth\\\/\",\"url\":\"https:\\\/\\\/ranoja.ee\\\/toode\\\/esmaabikomplekt-seinale-kinnitatav-haavasidemega-cederroth\\\/\",\"name\":\"Esmaabikomplekt, seinale kinnitatav, haavasidemega, Cederroth - Ranoja\",\"isPartOf\":{\"@id\":\"https:\\\/\\\/ranoja.ee\\\/#website\"},\"primaryImageOfPage\":{\"@id\":\"https:\\\/\\\/ranoja.ee\\\/toode\\\/esmaabikomplekt-seinale-kinnitatav-haavasidemega-cederroth\\\/#primaryimage\"},\"image\":{\"@id\":\"https:\\\/\\\/ranoja.ee\\\/toode\\\/esmaabikomplekt-seinale-kinnitatav-haavasidemega-cederroth\\\/#primaryimage\"},\"thumbnailUrl\":\"https:\\\/\\\/ranoja.ee\\\/wp-content\\\/uploads\\\/2026\\\/03\\\/5637760445.jpg\",\"datePublished\":\"2026-03-16T22:52:51+00:00\",\"dateModified\":\"2026-03-17T12:43:55+00:00\",\"breadcrumb\":{\"@id\":\"https:\\\/\\\/ranoja.ee\\\/toode\\\/esmaabikomplekt-seinale-kinnitatav-haavasidemega-cederroth\\\/#breadcrumb\"},\"inLanguage\":\"en-US\",\"potentialAction\":[{\"@type\":\"ReadAction\",\"target\":[\"https:\\\/\\\/ranoja.ee\\\/toode\\\/esmaabikomplekt-seinale-kinnitatav-haavasidemega-cederroth\\\/\"]}]},{\"@type\":\"ImageObject\",\"inLanguage\":\"en-US\",\"@id\":\"https:\\\/\\\/ranoja.ee\\\/toode\\\/esmaabikomplekt-seinale-kinnitatav-haavasidemega-cederroth\\\/#primaryimage\",\"url\":\"https:\\\/\\\/ranoja.ee\\\/wp-content\\\/uploads\\\/2026\\\/03\\\/5637760445.jpg\",\"contentUrl\":\"https:\\\/\\\/ranoja.ee\\\/wp-content\\\/uploads\\\/2026\\\/03\\\/5637760445.jpg\",\"width\":646,\"height\":900},{\"@type\":\"BreadcrumbList\",\"@id\":\"https:\\\/\\\/ranoja.ee\\\/toode\\\/esmaabikomplekt-seinale-kinnitatav-haavasidemega-cederroth\\\/#breadcrumb\",\"itemListElement\":[{\"@type\":\"ListItem\",\"position\":1,\"name\":\"Home\",\"item\":\"https:\\\/\\\/ranoja.ee\\\/\"},{\"@type\":\"ListItem\",\"position\":2,\"name\":\"Shop\",\"item\":\"https:\\\/\\\/ranoja.ee\\\/en\\\/shop\\\/\"},{\"@type\":\"ListItem\",\"position\":3,\"name\":\"Esmaabikomplekt, seinale kinnitatav, haavasidemega, Cederroth\"}]},{\"@type\":\"WebSite\",\"@id\":\"https:\\\/\\\/ranoja.ee\\\/#website\",\"url\":\"https:\\\/\\\/ranoja.ee\\\/\",\"name\":\"Ranoja\",\"description\":\"Equipment Shop WooCommerce WordPress Theme for Machine &amp; Tools\",\"publisher\":{\"@id\":\"https:\\\/\\\/ranoja.ee\\\/#organization\"},\"potentialAction\":[{\"@type\":\"SearchAction\",\"target\":{\"@type\":\"EntryPoint\",\"urlTemplate\":\"https:\\\/\\\/ranoja.ee\\\/?s={search_term_string}\"},\"query-input\":{\"@type\":\"PropertyValueSpecification\",\"valueRequired\":true,\"valueName\":\"search_term_string\"}}],\"inLanguage\":\"en-US\"},{\"@type\":\"Organization\",\"@id\":\"https:\\\/\\\/ranoja.ee\\\/#organization\",\"name\":\"Ranoja O\u00dc\",\"url\":\"https:\\\/\\\/ranoja.ee\\\/\",\"logo\":{\"@type\":\"ImageObject\",\"inLanguage\":\"en-US\",\"@id\":\"https:\\\/\\\/ranoja.ee\\\/#\\\/schema\\\/logo\\\/image\\\/\",\"url\":\"https:\\\/\\\/ranoja.ee\\\/wp-content\\\/uploads\\\/2023\\\/11\\\/ranoja-Logo.png\",\"contentUrl\":\"https:\\\/\\\/ranoja.ee\\\/wp-content\\\/uploads\\\/2023\\\/11\\\/ranoja-Logo.png\",\"width\":207,\"height\":58,\"caption\":\"Ranoja O\u00dc\"},\"image\":{\"@id\":\"https:\\\/\\\/ranoja.ee\\\/#\\\/schema\\\/logo\\\/image\\\/\"},\"sameAs\":[\"https:\\\/\\\/www.facebook.com\\\/ranoja.ee\",\"https:\\\/\\\/www.instagram.com\\\/ranoja__\\\/\"]}]}<\/script>\n<!-- \/ Yoast SEO plugin. -->","yoast_head_json":{"title":"Esmaabikomplekt, seinale kinnitatav, haavasidemega, Cederroth - Ranoja","robots":{"index":"index","follow":"follow","max-snippet":"max-snippet:-1","max-image-preview":"max-image-preview:large","max-video-preview":"max-video-preview:-1"},"canonical":"https:\/\/ranoja.ee\/toode\/esmaabikomplekt-seinale-kinnitatav-haavasidemega-cederroth\/","og_locale":"en_US","og_type":"article","og_title":"Esmaabikomplekt, seinale kinnitatav, haavasidemega, Cederroth - Ranoja","og_description":"Esmaabikomplekt, mis suudab ravida veelgi rohkemat t\u00fc\u00fcpi vigastusi ja mida saab h\u00f5lpsasti kohandada erinevate tervishoiuvajaduste jaoks. Loodame, et teie t\u00e4ieliku esmaabivarustusega teie t\u00f6\u00f6kohal \u00f5pib veelgi rohkem inimesi elusid p\u00e4\u00e4stma ja on piisavalt julge, et \u00f5nnetuste korral abistada. N\u00fc\u00fcd veelgi paremini varustatud integreeritud Soft Foam isekinnituva sidemejaoturiga. Soft Foam isekinnituv side on elastne ja annab maksimaalse liikumisvabaduse. Nutikas jaotur teeb \u00f5ige koguse l\u00f5ikamise lihtsaks. Sidet saab kasutada igasuguste v\u00e4iksemate haavade puhul ja see p\u00fcsib vees paigal. T\u00e4itepakid on saadaval kahes erinevas v\u00e4rvitoonis vastavalt teie vajadustele: sininet v\u00f5i beez. Alates 2022. aastast on selle jaama rohelise v\u00e4rvi plastik valmistatud enam kui 85% ulatuses taaskasutatud plastist. Cederrothi esmaabipunkt on spetsiaalselt loodud mitmesuguste vigastuste ja vigastuste raviks. T\u00e4nu otse seinale paigaldatud jaamale on esmaabi teie k\u00e4eulatuses. Olenemata sellest, kas tegemist on verejooksu, p\u00f5letuse v\u00f5i nikastusega, Cederrothi esmaabijaamas on teile vajalikud seadmed. Jaam sobib n\u00e4iteks tootmishoonetesse, ladudesse, tervishoiuasutustesse ja koolidesse. L\u00e4bipaistev uks annab hea \u00fclevaate ning kaitseb tolmu ja niiskuse eest. Jaamas on esmaabivahendid olukordadeks, kus on vaja varustust verejooksu peatamiseks, Salvequicki plaastrid ja puhastusvahendid, Soft Foam isekinnituv haavaside v\u00f5i Cederrothi pihusti silma ja haavade loputamiseks. Valikuliste tarvikute jaoks on ka eraldi panipaik. See v\u00f5imaldab t\u00f6\u00f6kohtadel oma valdkonna konkreetseteks v\u00e4ljakutseteks parimal v\u00f5imalikul viisil valmistuda. Seinajaamal on lihtsalt arusaadavad juhised, et saaksite \u00f5nnetuse korral kiiresti ravi saada. Cederrothi jaamas on plaastri jaotur, mis sisaldab riidest ja plastist Salvequicki plaastreid. Plaastrid t\u00f5mmatakse alla, et v\u00e4ltida nende takerdumist. Kui plaaster jaoturist eemaldatakse, paljastub \u00fcks kleepuvatest pindadest ja plaaster on kohe kasutamiseks valmis. M\u00f5eldud kiireks ja lihtsaks esmaabiks mida on ka lihtne t\u00e4ita.  Komplektis: 2 Cederroth 4-in-1 traumasidet (1910&CEDER) 3 Cederroth 4-in-1 steriilset sidemepakendit (1911&CEDER) 1 (x 2) pakend Cederroth p\u00f5letusgeeli sidet (901900&CEDER) 1 Cederroth silmaloputus- ja haavapuhastussprei, 150 ml (726000&CEDER) 1 Cederroth Isekinnituv haavaside, beez, 6 cm x 2 m (51011019&CEDER) 1 Salvequick plaastriautomaat koos 45 plastik- (6036&CEDER) ja 40 tekstiilplaastriga (6444&CEDER) 1 (x 20) pakk Salvequick haavapuhastuslappe (323700&CEDER) 1 Cederroth kaitsekomplekt kinnaste, elustamismaski ja k\u00e4tepuhastuslappidega (2596&CEDER) 1 Esmaabijuhend 1 V\u00f5ti M\u00f5\u00f5dud: L 29 x K 56 x S 12 cm","og_url":"https:\/\/ranoja.ee\/toode\/esmaabikomplekt-seinale-kinnitatav-haavasidemega-cederroth\/","og_site_name":"Ranoja","article_publisher":"https:\/\/www.facebook.com\/ranoja.ee","article_modified_time":"2026-03-17T12:43:55+00:00","og_image":[{"width":646,"height":900,"url":"https:\/\/ranoja.ee\/wp-content\/uploads\/2026\/03\/5637760445.jpg","type":"image\/jpeg"}],"twitter_card":"summary_large_image","schema":{"@context":"https:\/\/schema.org","@graph":[{"@type":"WebPage","@id":"https:\/\/ranoja.ee\/toode\/esmaabikomplekt-seinale-kinnitatav-haavasidemega-cederroth\/","url":"https:\/\/ranoja.ee\/toode\/esmaabikomplekt-seinale-kinnitatav-haavasidemega-cederroth\/","name":"Esmaabikomplekt, seinale kinnitatav, haavasidemega, Cederroth - Ranoja","isPartOf":{"@id":"https:\/\/ranoja.ee\/#website"},"primaryImageOfPage":{"@id":"https:\/\/ranoja.ee\/toode\/esmaabikomplekt-seinale-kinnitatav-haavasidemega-cederroth\/#primaryimage"},"image":{"@id":"https:\/\/ranoja.ee\/toode\/esmaabikomplekt-seinale-kinnitatav-haavasidemega-cederroth\/#primaryimage"},"thumbnailUrl":"https:\/\/ranoja.ee\/wp-content\/uploads\/2026\/03\/5637760445.jpg","datePublished":"2026-03-16T22:52:51+00:00","dateModified":"2026-03-17T12:43:55+00:00","breadcrumb":{"@id":"https:\/\/ranoja.ee\/toode\/esmaabikomplekt-seinale-kinnitatav-haavasidemega-cederroth\/#breadcrumb"},"inLanguage":"en-US","potentialAction":[{"@type":"ReadAction","target":["https:\/\/ranoja.ee\/toode\/esmaabikomplekt-seinale-kinnitatav-haavasidemega-cederroth\/"]}]},{"@type":"ImageObject","inLanguage":"en-US","@id":"https:\/\/ranoja.ee\/toode\/esmaabikomplekt-seinale-kinnitatav-haavasidemega-cederroth\/#primaryimage","url":"https:\/\/ranoja.ee\/wp-content\/uploads\/2026\/03\/5637760445.jpg","contentUrl":"https:\/\/ranoja.ee\/wp-content\/uploads\/2026\/03\/5637760445.jpg","width":646,"height":900},{"@type":"BreadcrumbList","@id":"https:\/\/ranoja.ee\/toode\/esmaabikomplekt-seinale-kinnitatav-haavasidemega-cederroth\/#breadcrumb","itemListElement":[{"@type":"ListItem","position":1,"name":"Home","item":"https:\/\/ranoja.ee\/"},{"@type":"ListItem","position":2,"name":"Shop","item":"https:\/\/ranoja.ee\/en\/shop\/"},{"@type":"ListItem","position":3,"name":"Esmaabikomplekt, seinale kinnitatav, haavasidemega, Cederroth"}]},{"@type":"WebSite","@id":"https:\/\/ranoja.ee\/#website","url":"https:\/\/ranoja.ee\/","name":"Ranoja","description":"Equipment Shop WooCommerce WordPress Theme for Machine &amp; Tools","publisher":{"@id":"https:\/\/ranoja.ee\/#organization"},"potentialAction":[{"@type":"SearchAction","target":{"@type":"EntryPoint","urlTemplate":"https:\/\/ranoja.ee\/?s={search_term_string}"},"query-input":{"@type":"PropertyValueSpecification","valueRequired":true,"valueName":"search_term_string"}}],"inLanguage":"en-US"},{"@type":"Organization","@id":"https:\/\/ranoja.ee\/#organization","name":"Ranoja O\u00dc","url":"https:\/\/ranoja.ee\/","logo":{"@type":"ImageObject","inLanguage":"en-US","@id":"https:\/\/ranoja.ee\/#\/schema\/logo\/image\/","url":"https:\/\/ranoja.ee\/wp-content\/uploads\/2023\/11\/ranoja-Logo.png","contentUrl":"https:\/\/ranoja.ee\/wp-content\/uploads\/2023\/11\/ranoja-Logo.png","width":207,"height":58,"caption":"Ranoja O\u00dc"},"image":{"@id":"https:\/\/ranoja.ee\/#\/schema\/logo\/image\/"},"sameAs":["https:\/\/www.facebook.com\/ranoja.ee","https:\/\/www.instagram.com\/ranoja__\/"]}]}},"_links":{"self":[{"href":"https:\/\/ranoja.ee\/en\/wp-json\/wp\/v2\/product\/57818","targetHints":{"allow":["GET"]}}],"collection":[{"href":"https:\/\/ranoja.ee\/en\/wp-json\/wp\/v2\/product"}],"about":[{"href":"https:\/\/ranoja.ee\/en\/wp-json\/wp\/v2\/types\/product"}],"wp:featuredmedia":[{"embeddable":true,"href":"https:\/\/ranoja.ee\/en\/wp-json\/wp\/v2\/media\/57819"}],"wp:attachment":[{"href":"https:\/\/ranoja.ee\/en\/wp-json\/wp\/v2\/media?parent=57818"}],"wp:term":[{"taxonomy":"product_cat","embeddable":true,"href":"https:\/\/ranoja.ee\/en\/wp-json\/wp\/v2\/product_cat?post=57818"},{"taxonomy":"product_tag","embeddable":true,"href":"https:\/\/ranoja.ee\/en\/wp-json\/wp\/v2\/product_tag?post=57818"}],"curies":[{"name":"wp","href":"https:\/\/api.w.org\/{rel}","templated":true}]}}