{"id":57810,"date":"2026-03-17T01:52:26","date_gmt":"2026-03-16T22:52:26","guid":{"rendered":"https:\/\/ranoja.ee\/toode\/kulgloiketangid-comfort-kaepide-160mm-knipex\/"},"modified":"2026-03-17T15:43:55","modified_gmt":"2026-03-17T12:43:55","slug":"kulgloiketangid-comfort-kaepide-160mm-knipex","status":"publish","type":"product","link":"https:\/\/ranoja.ee\/en\/toode\/kulgloiketangid-comfort-kaepide-160mm-knipex\/","title":{"rendered":"K\u00fclgl\u00f5iketangid comfort k\u00e4epide 160mm, Knipex"},"content":{"rendered":"","protected":false},"excerpt":{"rendered":"<p>K\u00fclgl\u00f5iketangid mugavate k\u00e4epidemetega<\/p>\n<p>Kitsas pea v\u00f5imaldab t\u00f6\u00f6tada kitsastes oludes<br \/>\nAsendamatud k\u00fclgl\u00f5iketangid mitmek\u00fclgseks universaalseks kasutuseks<br \/>\nKvaliteetne materjal ja t\u00e4pne t\u00f6\u00f6tlus tagavad pika kasutusea<br \/>\nT\u00e4psed l\u00f5ikeservad pehme ja k\u00f5va traadi l\u00f5ikamiseks<br \/>\nPuhas l\u00f5ige \u00f5hukestel vasktraatidel ka l\u00f5ikeservade otstes<br \/>\nL\u00f5ikeservad t\u00e4iendavalt induktsioonkarastatud, l\u00f5ikeserva k\u00f5vadus umbes 61 HRC<br \/>\nPikendatud l\u00f5ikeserv parema l\u00f5ikev\u00f5ime saavutamiseks<br \/>\nMugavad k\u00e4epidemed koosnevad kolmest ergonoomilisest komponendist parema k\u00e4sitsemise tagamiseks ning on varustatud kahe KNIPEXtend liidesega lisatarvikute jaoks<\/p>\n<p>Disain ja viimistlus<br \/>\nPinnaviimistlus: must atramentiseeritud<br \/>\nPeadetail: poleeritud<br \/>\nK\u00e4epidemed: mugavad k\u00e4epidemed<\/p>\n<p>Tehnilised andmed<br \/>\nKaal: 206 g<br \/>\nM\u00f5\u00f5dud: 160 x 55 x 21 mm<\/p>\n<p>L\u00f5ikev\u00f5ime<br \/>\nKeskmise k\u00f5vadusega traat: \u00d8 3,0 mm<br \/>\nK\u00f5va traat: \u00d8 2,0 mm<\/p>\n<p>Standardid ja vastavus<br \/>\nStandard: DIN ISO 5749<br \/>\nREACH: vastav, ei sisalda SVHC aineid<br \/>\nRoHS: vastav, ei ole kohaldatav<\/p>\n","protected":false},"featured_media":57811,"template":"","meta":{"inline_featured_image":false},"product_cat":[1596,1116,5150,5076],"product_tag":[],"class_list":{"0":"post-57810","1":"product","2":"type-product","3":"status-publish","4":"has-post-thumbnail","6":"product_brand-knipex","7":"product_cat-kasitooriistad","8":"product_cat-lisaseadmed-ehitusseadmed-led-lisatuled-cb-raadiod-lallar","9":"product_cat-loiketangid","10":"product_cat-tangid","12":"first","13":"instock","14":"purchasable","15":"product-type-simple"},"yoast_head":"<!-- This site is optimized with the Yoast SEO plugin v27.4 - https:\/\/yoast.com\/product\/yoast-seo-wordpress\/ -->\n<title>K\u00fclgl\u00f5iketangid comfort k\u00e4epide 160mm, Knipex - Ranoja<\/title>\n<meta name=\"robots\" content=\"index, follow, max-snippet:-1, max-image-preview:large, max-video-preview:-1\" \/>\n<link rel=\"canonical\" href=\"https:\/\/ranoja.ee\/toode\/kulgloiketangid-comfort-kaepide-160mm-knipex\/\" \/>\n<meta property=\"og:locale\" content=\"en_US\" \/>\n<meta property=\"og:type\" content=\"article\" \/>\n<meta property=\"og:title\" content=\"K\u00fclgl\u00f5iketangid comfort k\u00e4epide 160mm, Knipex - Ranoja\" \/>\n<meta property=\"og:description\" content=\"K\u00fclgl\u00f5iketangid mugavate k\u00e4epidemetega Kitsas pea v\u00f5imaldab t\u00f6\u00f6tada kitsastes oludes Asendamatud k\u00fclgl\u00f5iketangid mitmek\u00fclgseks universaalseks kasutuseks Kvaliteetne materjal ja t\u00e4pne t\u00f6\u00f6tlus tagavad pika kasutusea T\u00e4psed l\u00f5ikeservad pehme ja k\u00f5va traadi l\u00f5ikamiseks Puhas l\u00f5ige \u00f5hukestel vasktraatidel ka l\u00f5ikeservade otstes L\u00f5ikeservad t\u00e4iendavalt induktsioonkarastatud, l\u00f5ikeserva k\u00f5vadus umbes 61 HRC Pikendatud l\u00f5ikeserv parema l\u00f5ikev\u00f5ime saavutamiseks Mugavad k\u00e4epidemed koosnevad kolmest ergonoomilisest komponendist parema k\u00e4sitsemise tagamiseks ning on varustatud kahe KNIPEXtend liidesega lisatarvikute jaoks Disain ja viimistlus Pinnaviimistlus: must atramentiseeritud Peadetail: poleeritud K\u00e4epidemed: mugavad k\u00e4epidemed Tehnilised andmed Kaal: 206 g M\u00f5\u00f5dud: 160 x 55 x 21 mm L\u00f5ikev\u00f5ime Keskmise k\u00f5vadusega traat: \u00d8 3,0 mm K\u00f5va traat: \u00d8 2,0 mm Standardid ja vastavus Standard: DIN ISO 5749 REACH: vastav, ei sisalda SVHC aineid RoHS: vastav, ei ole kohaldatav\" \/>\n<meta property=\"og:url\" content=\"https:\/\/ranoja.ee\/toode\/kulgloiketangid-comfort-kaepide-160mm-knipex\/\" \/>\n<meta property=\"og:site_name\" content=\"Ranoja\" \/>\n<meta property=\"article:publisher\" content=\"https:\/\/www.facebook.com\/ranoja.ee\" \/>\n<meta property=\"article:modified_time\" content=\"2026-03-17T12:43:55+00:00\" \/>\n<meta property=\"og:image\" content=\"https:\/\/ranoja.ee\/wp-content\/uploads\/2026\/03\/108308665.jpg\" \/>\n\t<meta property=\"og:image:width\" content=\"900\" \/>\n\t<meta property=\"og:image:height\" content=\"273\" \/>\n\t<meta property=\"og:image:type\" content=\"image\/jpeg\" \/>\n<meta name=\"twitter:card\" content=\"summary_large_image\" \/>\n<script type=\"application\/ld+json\" class=\"yoast-schema-graph\">{\"@context\":\"https:\\\/\\\/schema.org\",\"@graph\":[{\"@type\":\"WebPage\",\"@id\":\"https:\\\/\\\/ranoja.ee\\\/toode\\\/kulgloiketangid-comfort-kaepide-160mm-knipex\\\/\",\"url\":\"https:\\\/\\\/ranoja.ee\\\/toode\\\/kulgloiketangid-comfort-kaepide-160mm-knipex\\\/\",\"name\":\"K\u00fclgl\u00f5iketangid comfort k\u00e4epide 160mm, Knipex - Ranoja\",\"isPartOf\":{\"@id\":\"https:\\\/\\\/ranoja.ee\\\/#website\"},\"primaryImageOfPage\":{\"@id\":\"https:\\\/\\\/ranoja.ee\\\/toode\\\/kulgloiketangid-comfort-kaepide-160mm-knipex\\\/#primaryimage\"},\"image\":{\"@id\":\"https:\\\/\\\/ranoja.ee\\\/toode\\\/kulgloiketangid-comfort-kaepide-160mm-knipex\\\/#primaryimage\"},\"thumbnailUrl\":\"https:\\\/\\\/ranoja.ee\\\/wp-content\\\/uploads\\\/2026\\\/03\\\/108308665.jpg\",\"datePublished\":\"2026-03-16T22:52:26+00:00\",\"dateModified\":\"2026-03-17T12:43:55+00:00\",\"breadcrumb\":{\"@id\":\"https:\\\/\\\/ranoja.ee\\\/toode\\\/kulgloiketangid-comfort-kaepide-160mm-knipex\\\/#breadcrumb\"},\"inLanguage\":\"en-US\",\"potentialAction\":[{\"@type\":\"ReadAction\",\"target\":[\"https:\\\/\\\/ranoja.ee\\\/toode\\\/kulgloiketangid-comfort-kaepide-160mm-knipex\\\/\"]}]},{\"@type\":\"ImageObject\",\"inLanguage\":\"en-US\",\"@id\":\"https:\\\/\\\/ranoja.ee\\\/toode\\\/kulgloiketangid-comfort-kaepide-160mm-knipex\\\/#primaryimage\",\"url\":\"https:\\\/\\\/ranoja.ee\\\/wp-content\\\/uploads\\\/2026\\\/03\\\/108308665.jpg\",\"contentUrl\":\"https:\\\/\\\/ranoja.ee\\\/wp-content\\\/uploads\\\/2026\\\/03\\\/108308665.jpg\",\"width\":900,\"height\":273},{\"@type\":\"BreadcrumbList\",\"@id\":\"https:\\\/\\\/ranoja.ee\\\/toode\\\/kulgloiketangid-comfort-kaepide-160mm-knipex\\\/#breadcrumb\",\"itemListElement\":[{\"@type\":\"ListItem\",\"position\":1,\"name\":\"Home\",\"item\":\"https:\\\/\\\/ranoja.ee\\\/\"},{\"@type\":\"ListItem\",\"position\":2,\"name\":\"Shop\",\"item\":\"https:\\\/\\\/ranoja.ee\\\/en\\\/shop\\\/\"},{\"@type\":\"ListItem\",\"position\":3,\"name\":\"K\u00fclgl\u00f5iketangid comfort k\u00e4epide 160mm, Knipex\"}]},{\"@type\":\"WebSite\",\"@id\":\"https:\\\/\\\/ranoja.ee\\\/#website\",\"url\":\"https:\\\/\\\/ranoja.ee\\\/\",\"name\":\"Ranoja\",\"description\":\"Equipment Shop WooCommerce WordPress Theme for Machine &amp; Tools\",\"publisher\":{\"@id\":\"https:\\\/\\\/ranoja.ee\\\/#organization\"},\"potentialAction\":[{\"@type\":\"SearchAction\",\"target\":{\"@type\":\"EntryPoint\",\"urlTemplate\":\"https:\\\/\\\/ranoja.ee\\\/?s={search_term_string}\"},\"query-input\":{\"@type\":\"PropertyValueSpecification\",\"valueRequired\":true,\"valueName\":\"search_term_string\"}}],\"inLanguage\":\"en-US\"},{\"@type\":\"Organization\",\"@id\":\"https:\\\/\\\/ranoja.ee\\\/#organization\",\"name\":\"Ranoja O\u00dc\",\"url\":\"https:\\\/\\\/ranoja.ee\\\/\",\"logo\":{\"@type\":\"ImageObject\",\"inLanguage\":\"en-US\",\"@id\":\"https:\\\/\\\/ranoja.ee\\\/#\\\/schema\\\/logo\\\/image\\\/\",\"url\":\"https:\\\/\\\/ranoja.ee\\\/wp-content\\\/uploads\\\/2023\\\/11\\\/ranoja-Logo.png\",\"contentUrl\":\"https:\\\/\\\/ranoja.ee\\\/wp-content\\\/uploads\\\/2023\\\/11\\\/ranoja-Logo.png\",\"width\":207,\"height\":58,\"caption\":\"Ranoja O\u00dc\"},\"image\":{\"@id\":\"https:\\\/\\\/ranoja.ee\\\/#\\\/schema\\\/logo\\\/image\\\/\"},\"sameAs\":[\"https:\\\/\\\/www.facebook.com\\\/ranoja.ee\",\"https:\\\/\\\/www.instagram.com\\\/ranoja__\\\/\"]}]}<\/script>\n<!-- \/ Yoast SEO plugin. -->","yoast_head_json":{"title":"K\u00fclgl\u00f5iketangid comfort k\u00e4epide 160mm, Knipex - Ranoja","robots":{"index":"index","follow":"follow","max-snippet":"max-snippet:-1","max-image-preview":"max-image-preview:large","max-video-preview":"max-video-preview:-1"},"canonical":"https:\/\/ranoja.ee\/toode\/kulgloiketangid-comfort-kaepide-160mm-knipex\/","og_locale":"en_US","og_type":"article","og_title":"K\u00fclgl\u00f5iketangid comfort k\u00e4epide 160mm, Knipex - Ranoja","og_description":"K\u00fclgl\u00f5iketangid mugavate k\u00e4epidemetega Kitsas pea v\u00f5imaldab t\u00f6\u00f6tada kitsastes oludes Asendamatud k\u00fclgl\u00f5iketangid mitmek\u00fclgseks universaalseks kasutuseks Kvaliteetne materjal ja t\u00e4pne t\u00f6\u00f6tlus tagavad pika kasutusea T\u00e4psed l\u00f5ikeservad pehme ja k\u00f5va traadi l\u00f5ikamiseks Puhas l\u00f5ige \u00f5hukestel vasktraatidel ka l\u00f5ikeservade otstes L\u00f5ikeservad t\u00e4iendavalt induktsioonkarastatud, l\u00f5ikeserva k\u00f5vadus umbes 61 HRC Pikendatud l\u00f5ikeserv parema l\u00f5ikev\u00f5ime saavutamiseks Mugavad k\u00e4epidemed koosnevad kolmest ergonoomilisest komponendist parema k\u00e4sitsemise tagamiseks ning on varustatud kahe KNIPEXtend liidesega lisatarvikute jaoks Disain ja viimistlus Pinnaviimistlus: must atramentiseeritud Peadetail: poleeritud K\u00e4epidemed: mugavad k\u00e4epidemed Tehnilised andmed Kaal: 206 g M\u00f5\u00f5dud: 160 x 55 x 21 mm L\u00f5ikev\u00f5ime Keskmise k\u00f5vadusega traat: \u00d8 3,0 mm K\u00f5va traat: \u00d8 2,0 mm Standardid ja vastavus Standard: DIN ISO 5749 REACH: vastav, ei sisalda SVHC aineid RoHS: vastav, ei ole kohaldatav","og_url":"https:\/\/ranoja.ee\/toode\/kulgloiketangid-comfort-kaepide-160mm-knipex\/","og_site_name":"Ranoja","article_publisher":"https:\/\/www.facebook.com\/ranoja.ee","article_modified_time":"2026-03-17T12:43:55+00:00","og_image":[{"width":900,"height":273,"url":"https:\/\/ranoja.ee\/wp-content\/uploads\/2026\/03\/108308665.jpg","type":"image\/jpeg"}],"twitter_card":"summary_large_image","schema":{"@context":"https:\/\/schema.org","@graph":[{"@type":"WebPage","@id":"https:\/\/ranoja.ee\/toode\/kulgloiketangid-comfort-kaepide-160mm-knipex\/","url":"https:\/\/ranoja.ee\/toode\/kulgloiketangid-comfort-kaepide-160mm-knipex\/","name":"K\u00fclgl\u00f5iketangid comfort k\u00e4epide 160mm, Knipex - Ranoja","isPartOf":{"@id":"https:\/\/ranoja.ee\/#website"},"primaryImageOfPage":{"@id":"https:\/\/ranoja.ee\/toode\/kulgloiketangid-comfort-kaepide-160mm-knipex\/#primaryimage"},"image":{"@id":"https:\/\/ranoja.ee\/toode\/kulgloiketangid-comfort-kaepide-160mm-knipex\/#primaryimage"},"thumbnailUrl":"https:\/\/ranoja.ee\/wp-content\/uploads\/2026\/03\/108308665.jpg","datePublished":"2026-03-16T22:52:26+00:00","dateModified":"2026-03-17T12:43:55+00:00","breadcrumb":{"@id":"https:\/\/ranoja.ee\/toode\/kulgloiketangid-comfort-kaepide-160mm-knipex\/#breadcrumb"},"inLanguage":"en-US","potentialAction":[{"@type":"ReadAction","target":["https:\/\/ranoja.ee\/toode\/kulgloiketangid-comfort-kaepide-160mm-knipex\/"]}]},{"@type":"ImageObject","inLanguage":"en-US","@id":"https:\/\/ranoja.ee\/toode\/kulgloiketangid-comfort-kaepide-160mm-knipex\/#primaryimage","url":"https:\/\/ranoja.ee\/wp-content\/uploads\/2026\/03\/108308665.jpg","contentUrl":"https:\/\/ranoja.ee\/wp-content\/uploads\/2026\/03\/108308665.jpg","width":900,"height":273},{"@type":"BreadcrumbList","@id":"https:\/\/ranoja.ee\/toode\/kulgloiketangid-comfort-kaepide-160mm-knipex\/#breadcrumb","itemListElement":[{"@type":"ListItem","position":1,"name":"Home","item":"https:\/\/ranoja.ee\/"},{"@type":"ListItem","position":2,"name":"Shop","item":"https:\/\/ranoja.ee\/en\/shop\/"},{"@type":"ListItem","position":3,"name":"K\u00fclgl\u00f5iketangid comfort k\u00e4epide 160mm, Knipex"}]},{"@type":"WebSite","@id":"https:\/\/ranoja.ee\/#website","url":"https:\/\/ranoja.ee\/","name":"Ranoja","description":"Equipment Shop WooCommerce WordPress Theme for Machine &amp; Tools","publisher":{"@id":"https:\/\/ranoja.ee\/#organization"},"potentialAction":[{"@type":"SearchAction","target":{"@type":"EntryPoint","urlTemplate":"https:\/\/ranoja.ee\/?s={search_term_string}"},"query-input":{"@type":"PropertyValueSpecification","valueRequired":true,"valueName":"search_term_string"}}],"inLanguage":"en-US"},{"@type":"Organization","@id":"https:\/\/ranoja.ee\/#organization","name":"Ranoja O\u00dc","url":"https:\/\/ranoja.ee\/","logo":{"@type":"ImageObject","inLanguage":"en-US","@id":"https:\/\/ranoja.ee\/#\/schema\/logo\/image\/","url":"https:\/\/ranoja.ee\/wp-content\/uploads\/2023\/11\/ranoja-Logo.png","contentUrl":"https:\/\/ranoja.ee\/wp-content\/uploads\/2023\/11\/ranoja-Logo.png","width":207,"height":58,"caption":"Ranoja O\u00dc"},"image":{"@id":"https:\/\/ranoja.ee\/#\/schema\/logo\/image\/"},"sameAs":["https:\/\/www.facebook.com\/ranoja.ee","https:\/\/www.instagram.com\/ranoja__\/"]}]}},"_links":{"self":[{"href":"https:\/\/ranoja.ee\/en\/wp-json\/wp\/v2\/product\/57810","targetHints":{"allow":["GET"]}}],"collection":[{"href":"https:\/\/ranoja.ee\/en\/wp-json\/wp\/v2\/product"}],"about":[{"href":"https:\/\/ranoja.ee\/en\/wp-json\/wp\/v2\/types\/product"}],"wp:featuredmedia":[{"embeddable":true,"href":"https:\/\/ranoja.ee\/en\/wp-json\/wp\/v2\/media\/57811"}],"wp:attachment":[{"href":"https:\/\/ranoja.ee\/en\/wp-json\/wp\/v2\/media?parent=57810"}],"wp:term":[{"taxonomy":"product_cat","embeddable":true,"href":"https:\/\/ranoja.ee\/en\/wp-json\/wp\/v2\/product_cat?post=57810"},{"taxonomy":"product_tag","embeddable":true,"href":"https:\/\/ranoja.ee\/en\/wp-json\/wp\/v2\/product_tag?post=57810"}],"curies":[{"name":"wp","href":"https:\/\/api.w.org\/{rel}","templated":true}]}}