{"id":57792,"date":"2026-03-17T01:52:26","date_gmt":"2026-03-16T22:52:26","guid":{"rendered":"https:\/\/ranoja.ee\/toode\/reduktorimaare-smarol-nano-trimmeritele-150g-orlen-oil\/"},"modified":"2026-03-17T15:43:55","modified_gmt":"2026-03-17T12:43:55","slug":"reduktorimaare-smarol-nano-trimmeritele-150g-orlen-oil","status":"publish","type":"product","link":"https:\/\/ranoja.ee\/en\/toode\/reduktorimaare-smarol-nano-trimmeritele-150g-orlen-oil\/","title":{"rendered":"Reduktorim\u00e4\u00e4re Smarol Nano trimmeritele 150g, Orlen Oil"},"content":{"rendered":"","protected":false},"excerpt":{"rendered":"<p>SMAROL NANO niidukitele ja trimmeritele on m\u00f5eldud ristuvate telgede hammasrataste m\u00e4\u00e4rimiseks mootorl\u00f5ikurites ja trimmerites.  M\u00e4\u00e4re on toodetud k\u00f5rgekvaliteedilisest baas\u00f5list, mis on paksendatud liitiumseepidega.<br \/>\nM\u00e4\u00e4re on rikastatud korrosioonivastaste lisanditega ja k\u00f5rgkoormus EP lisanditega.  Kasutatava tahkesti t\u00f5ttu iseloomustab neid lisandeid k\u00f5rge tilkepunkt ja k\u00f5rge mehaaniline stabiilsus.  See m\u00e4\u00e4re on korrosiooni-, oks\u00fcdatsiooni- ja veekindel.  See sisaldab ainulaadset NANO valemit, t\u00e4nu millele kleepub m\u00e4\u00e4re suurep\u00e4raselt m\u00e4\u00e4ritud pindadele, moodustades tugeva kihi, mis on vastupidav suurtele koormustele, niiskusele, hapetele, leelistele ja v\u00e4ga k\u00f5rgetele temperatuuridele. Madalaima hetkel teadaoleva, alla 0,03 \u00b5 h\u00f5\u00f5rdeteguriga m\u00e4\u00e4rde kasutamine annab v\u00e4ga head kaitse omadused kontaktpindadele.<br \/>\nV\u00e4rvus: h\u00f5bemust<br \/>\nSMAROL NANO niidukitele ja trimmeritele on m\u00f5eldud eelk\u00f5ige ristuvate telgedega hammasrataste m\u00e4\u00e4rimiseks mis tahes t\u00fc\u00fcpi niidukite ja trimmerite, p\u00f5lemis- ja elektriliste niidukite ja trimmerite puhul. Seda saab edukalt kasutada erirakendustes, t\u00f6\u00f6kodades ja farmides hingede, lukkude, keermestamise ning s\u00f5idukite ja masinate osade m\u00e4\u00e4rimiseks ja korrosioonikaitseks.<br \/>\nSMAROL NANO niidukitele ja trimmeritele on m\u00f5eldud kasutamiseks laias temperatuurivahemikus -30\u00b0C kuni +160\u00b0C ja kuivades m\u00e4\u00e4rimistingimustes isegi kuni \u00fcle 500\u00b0C.<br \/>\nSMAROL NANO niidukitele ja trimmeritele tagab v\u00e4iksema kulumis- ja h\u00f5\u00f5rdekindluse, mis saavutatakse v\u00e4ga k\u00f5rgete keevituskoormuse parameetritega 500 Kg.<\/p>\n","protected":false},"featured_media":57793,"template":"","meta":{"inline_featured_image":false},"product_cat":[5016,5015,5012],"product_tag":[],"class_list":{"0":"post-57792","1":"product","2":"type-product","3":"status-publish","4":"has-post-thumbnail","6":"product_brand-orlen-oil","7":"product_cat-2t-ja-4t-vaikemootorite-mineraalsed-olid","8":"product_cat-2t-ja-4t-vaikemootorite-olid","9":"product_cat-olid-ja-maardeained","11":"first","12":"instock","13":"purchasable","14":"product-type-simple"},"yoast_head":"<!-- This site is optimized with the Yoast SEO plugin v27.4 - https:\/\/yoast.com\/product\/yoast-seo-wordpress\/ -->\n<title>Reduktorim\u00e4\u00e4re Smarol Nano trimmeritele 150g, Orlen Oil - Ranoja<\/title>\n<meta name=\"robots\" content=\"index, follow, max-snippet:-1, max-image-preview:large, max-video-preview:-1\" \/>\n<link rel=\"canonical\" href=\"https:\/\/ranoja.ee\/toode\/reduktorimaare-smarol-nano-trimmeritele-150g-orlen-oil\/\" \/>\n<meta property=\"og:locale\" content=\"en_US\" \/>\n<meta property=\"og:type\" content=\"article\" \/>\n<meta property=\"og:title\" content=\"Reduktorim\u00e4\u00e4re Smarol Nano trimmeritele 150g, Orlen Oil - Ranoja\" \/>\n<meta property=\"og:description\" content=\"SMAROL NANO niidukitele ja trimmeritele on m\u00f5eldud ristuvate telgede hammasrataste m\u00e4\u00e4rimiseks mootorl\u00f5ikurites ja trimmerites. M\u00e4\u00e4re on toodetud k\u00f5rgekvaliteedilisest baas\u00f5list, mis on paksendatud liitiumseepidega. M\u00e4\u00e4re on rikastatud korrosioonivastaste lisanditega ja k\u00f5rgkoormus EP lisanditega. Kasutatava tahkesti t\u00f5ttu iseloomustab neid lisandeid k\u00f5rge tilkepunkt ja k\u00f5rge mehaaniline stabiilsus. See m\u00e4\u00e4re on korrosiooni-, oks\u00fcdatsiooni- ja veekindel. See sisaldab ainulaadset NANO valemit, t\u00e4nu millele kleepub m\u00e4\u00e4re suurep\u00e4raselt m\u00e4\u00e4ritud pindadele, moodustades tugeva kihi, mis on vastupidav suurtele koormustele, niiskusele, hapetele, leelistele ja v\u00e4ga k\u00f5rgetele temperatuuridele. Madalaima hetkel teadaoleva, alla 0,03 \u00b5 h\u00f5\u00f5rdeteguriga m\u00e4\u00e4rde kasutamine annab v\u00e4ga head kaitse omadused kontaktpindadele. V\u00e4rvus: h\u00f5bemust SMAROL NANO niidukitele ja trimmeritele on m\u00f5eldud eelk\u00f5ige ristuvate telgedega hammasrataste m\u00e4\u00e4rimiseks mis tahes t\u00fc\u00fcpi niidukite ja trimmerite, p\u00f5lemis- ja elektriliste niidukite ja trimmerite puhul. Seda saab edukalt kasutada erirakendustes, t\u00f6\u00f6kodades ja farmides hingede, lukkude, keermestamise ning s\u00f5idukite ja masinate osade m\u00e4\u00e4rimiseks ja korrosioonikaitseks. SMAROL NANO niidukitele ja trimmeritele on m\u00f5eldud kasutamiseks laias temperatuurivahemikus -30\u00b0C kuni +160\u00b0C ja kuivades m\u00e4\u00e4rimistingimustes isegi kuni \u00fcle 500\u00b0C. SMAROL NANO niidukitele ja trimmeritele tagab v\u00e4iksema kulumis- ja h\u00f5\u00f5rdekindluse, mis saavutatakse v\u00e4ga k\u00f5rgete keevituskoormuse parameetritega 500 Kg.\" \/>\n<meta property=\"og:url\" content=\"https:\/\/ranoja.ee\/toode\/reduktorimaare-smarol-nano-trimmeritele-150g-orlen-oil\/\" \/>\n<meta property=\"og:site_name\" content=\"Ranoja\" \/>\n<meta property=\"article:publisher\" content=\"https:\/\/www.facebook.com\/ranoja.ee\" \/>\n<meta property=\"article:modified_time\" content=\"2026-03-17T12:43:55+00:00\" \/>\n<meta property=\"og:image\" content=\"https:\/\/ranoja.ee\/wp-content\/uploads\/2026\/03\/5637403520.jpg\" \/>\n\t<meta property=\"og:image:width\" content=\"166\" \/>\n\t<meta property=\"og:image:height\" content=\"249\" \/>\n\t<meta property=\"og:image:type\" content=\"image\/jpeg\" \/>\n<meta name=\"twitter:card\" content=\"summary_large_image\" \/>\n<script type=\"application\/ld+json\" class=\"yoast-schema-graph\">{\"@context\":\"https:\\\/\\\/schema.org\",\"@graph\":[{\"@type\":\"WebPage\",\"@id\":\"https:\\\/\\\/ranoja.ee\\\/toode\\\/reduktorimaare-smarol-nano-trimmeritele-150g-orlen-oil\\\/\",\"url\":\"https:\\\/\\\/ranoja.ee\\\/toode\\\/reduktorimaare-smarol-nano-trimmeritele-150g-orlen-oil\\\/\",\"name\":\"Reduktorim\u00e4\u00e4re Smarol Nano trimmeritele 150g, Orlen Oil - Ranoja\",\"isPartOf\":{\"@id\":\"https:\\\/\\\/ranoja.ee\\\/#website\"},\"primaryImageOfPage\":{\"@id\":\"https:\\\/\\\/ranoja.ee\\\/toode\\\/reduktorimaare-smarol-nano-trimmeritele-150g-orlen-oil\\\/#primaryimage\"},\"image\":{\"@id\":\"https:\\\/\\\/ranoja.ee\\\/toode\\\/reduktorimaare-smarol-nano-trimmeritele-150g-orlen-oil\\\/#primaryimage\"},\"thumbnailUrl\":\"https:\\\/\\\/ranoja.ee\\\/wp-content\\\/uploads\\\/2026\\\/03\\\/5637403520.jpg\",\"datePublished\":\"2026-03-16T22:52:26+00:00\",\"dateModified\":\"2026-03-17T12:43:55+00:00\",\"breadcrumb\":{\"@id\":\"https:\\\/\\\/ranoja.ee\\\/toode\\\/reduktorimaare-smarol-nano-trimmeritele-150g-orlen-oil\\\/#breadcrumb\"},\"inLanguage\":\"en-US\",\"potentialAction\":[{\"@type\":\"ReadAction\",\"target\":[\"https:\\\/\\\/ranoja.ee\\\/toode\\\/reduktorimaare-smarol-nano-trimmeritele-150g-orlen-oil\\\/\"]}]},{\"@type\":\"ImageObject\",\"inLanguage\":\"en-US\",\"@id\":\"https:\\\/\\\/ranoja.ee\\\/toode\\\/reduktorimaare-smarol-nano-trimmeritele-150g-orlen-oil\\\/#primaryimage\",\"url\":\"https:\\\/\\\/ranoja.ee\\\/wp-content\\\/uploads\\\/2026\\\/03\\\/5637403520.jpg\",\"contentUrl\":\"https:\\\/\\\/ranoja.ee\\\/wp-content\\\/uploads\\\/2026\\\/03\\\/5637403520.jpg\",\"width\":166,\"height\":249},{\"@type\":\"BreadcrumbList\",\"@id\":\"https:\\\/\\\/ranoja.ee\\\/toode\\\/reduktorimaare-smarol-nano-trimmeritele-150g-orlen-oil\\\/#breadcrumb\",\"itemListElement\":[{\"@type\":\"ListItem\",\"position\":1,\"name\":\"Home\",\"item\":\"https:\\\/\\\/ranoja.ee\\\/\"},{\"@type\":\"ListItem\",\"position\":2,\"name\":\"Shop\",\"item\":\"https:\\\/\\\/ranoja.ee\\\/en\\\/shop\\\/\"},{\"@type\":\"ListItem\",\"position\":3,\"name\":\"Reduktorim\u00e4\u00e4re Smarol Nano trimmeritele 150g, Orlen Oil\"}]},{\"@type\":\"WebSite\",\"@id\":\"https:\\\/\\\/ranoja.ee\\\/#website\",\"url\":\"https:\\\/\\\/ranoja.ee\\\/\",\"name\":\"Ranoja\",\"description\":\"Equipment Shop WooCommerce WordPress Theme for Machine &amp; Tools\",\"publisher\":{\"@id\":\"https:\\\/\\\/ranoja.ee\\\/#organization\"},\"potentialAction\":[{\"@type\":\"SearchAction\",\"target\":{\"@type\":\"EntryPoint\",\"urlTemplate\":\"https:\\\/\\\/ranoja.ee\\\/?s={search_term_string}\"},\"query-input\":{\"@type\":\"PropertyValueSpecification\",\"valueRequired\":true,\"valueName\":\"search_term_string\"}}],\"inLanguage\":\"en-US\"},{\"@type\":\"Organization\",\"@id\":\"https:\\\/\\\/ranoja.ee\\\/#organization\",\"name\":\"Ranoja O\u00dc\",\"url\":\"https:\\\/\\\/ranoja.ee\\\/\",\"logo\":{\"@type\":\"ImageObject\",\"inLanguage\":\"en-US\",\"@id\":\"https:\\\/\\\/ranoja.ee\\\/#\\\/schema\\\/logo\\\/image\\\/\",\"url\":\"https:\\\/\\\/ranoja.ee\\\/wp-content\\\/uploads\\\/2023\\\/11\\\/ranoja-Logo.png\",\"contentUrl\":\"https:\\\/\\\/ranoja.ee\\\/wp-content\\\/uploads\\\/2023\\\/11\\\/ranoja-Logo.png\",\"width\":207,\"height\":58,\"caption\":\"Ranoja O\u00dc\"},\"image\":{\"@id\":\"https:\\\/\\\/ranoja.ee\\\/#\\\/schema\\\/logo\\\/image\\\/\"},\"sameAs\":[\"https:\\\/\\\/www.facebook.com\\\/ranoja.ee\",\"https:\\\/\\\/www.instagram.com\\\/ranoja__\\\/\"]}]}<\/script>\n<!-- \/ Yoast SEO plugin. -->","yoast_head_json":{"title":"Reduktorim\u00e4\u00e4re Smarol Nano trimmeritele 150g, Orlen Oil - Ranoja","robots":{"index":"index","follow":"follow","max-snippet":"max-snippet:-1","max-image-preview":"max-image-preview:large","max-video-preview":"max-video-preview:-1"},"canonical":"https:\/\/ranoja.ee\/toode\/reduktorimaare-smarol-nano-trimmeritele-150g-orlen-oil\/","og_locale":"en_US","og_type":"article","og_title":"Reduktorim\u00e4\u00e4re Smarol Nano trimmeritele 150g, Orlen Oil - Ranoja","og_description":"SMAROL NANO niidukitele ja trimmeritele on m\u00f5eldud ristuvate telgede hammasrataste m\u00e4\u00e4rimiseks mootorl\u00f5ikurites ja trimmerites. M\u00e4\u00e4re on toodetud k\u00f5rgekvaliteedilisest baas\u00f5list, mis on paksendatud liitiumseepidega. M\u00e4\u00e4re on rikastatud korrosioonivastaste lisanditega ja k\u00f5rgkoormus EP lisanditega. Kasutatava tahkesti t\u00f5ttu iseloomustab neid lisandeid k\u00f5rge tilkepunkt ja k\u00f5rge mehaaniline stabiilsus. See m\u00e4\u00e4re on korrosiooni-, oks\u00fcdatsiooni- ja veekindel. See sisaldab ainulaadset NANO valemit, t\u00e4nu millele kleepub m\u00e4\u00e4re suurep\u00e4raselt m\u00e4\u00e4ritud pindadele, moodustades tugeva kihi, mis on vastupidav suurtele koormustele, niiskusele, hapetele, leelistele ja v\u00e4ga k\u00f5rgetele temperatuuridele. Madalaima hetkel teadaoleva, alla 0,03 \u00b5 h\u00f5\u00f5rdeteguriga m\u00e4\u00e4rde kasutamine annab v\u00e4ga head kaitse omadused kontaktpindadele. V\u00e4rvus: h\u00f5bemust SMAROL NANO niidukitele ja trimmeritele on m\u00f5eldud eelk\u00f5ige ristuvate telgedega hammasrataste m\u00e4\u00e4rimiseks mis tahes t\u00fc\u00fcpi niidukite ja trimmerite, p\u00f5lemis- ja elektriliste niidukite ja trimmerite puhul. Seda saab edukalt kasutada erirakendustes, t\u00f6\u00f6kodades ja farmides hingede, lukkude, keermestamise ning s\u00f5idukite ja masinate osade m\u00e4\u00e4rimiseks ja korrosioonikaitseks. SMAROL NANO niidukitele ja trimmeritele on m\u00f5eldud kasutamiseks laias temperatuurivahemikus -30\u00b0C kuni +160\u00b0C ja kuivades m\u00e4\u00e4rimistingimustes isegi kuni \u00fcle 500\u00b0C. SMAROL NANO niidukitele ja trimmeritele tagab v\u00e4iksema kulumis- ja h\u00f5\u00f5rdekindluse, mis saavutatakse v\u00e4ga k\u00f5rgete keevituskoormuse parameetritega 500 Kg.","og_url":"https:\/\/ranoja.ee\/toode\/reduktorimaare-smarol-nano-trimmeritele-150g-orlen-oil\/","og_site_name":"Ranoja","article_publisher":"https:\/\/www.facebook.com\/ranoja.ee","article_modified_time":"2026-03-17T12:43:55+00:00","og_image":[{"width":166,"height":249,"url":"https:\/\/ranoja.ee\/wp-content\/uploads\/2026\/03\/5637403520.jpg","type":"image\/jpeg"}],"twitter_card":"summary_large_image","schema":{"@context":"https:\/\/schema.org","@graph":[{"@type":"WebPage","@id":"https:\/\/ranoja.ee\/toode\/reduktorimaare-smarol-nano-trimmeritele-150g-orlen-oil\/","url":"https:\/\/ranoja.ee\/toode\/reduktorimaare-smarol-nano-trimmeritele-150g-orlen-oil\/","name":"Reduktorim\u00e4\u00e4re Smarol Nano trimmeritele 150g, Orlen Oil - Ranoja","isPartOf":{"@id":"https:\/\/ranoja.ee\/#website"},"primaryImageOfPage":{"@id":"https:\/\/ranoja.ee\/toode\/reduktorimaare-smarol-nano-trimmeritele-150g-orlen-oil\/#primaryimage"},"image":{"@id":"https:\/\/ranoja.ee\/toode\/reduktorimaare-smarol-nano-trimmeritele-150g-orlen-oil\/#primaryimage"},"thumbnailUrl":"https:\/\/ranoja.ee\/wp-content\/uploads\/2026\/03\/5637403520.jpg","datePublished":"2026-03-16T22:52:26+00:00","dateModified":"2026-03-17T12:43:55+00:00","breadcrumb":{"@id":"https:\/\/ranoja.ee\/toode\/reduktorimaare-smarol-nano-trimmeritele-150g-orlen-oil\/#breadcrumb"},"inLanguage":"en-US","potentialAction":[{"@type":"ReadAction","target":["https:\/\/ranoja.ee\/toode\/reduktorimaare-smarol-nano-trimmeritele-150g-orlen-oil\/"]}]},{"@type":"ImageObject","inLanguage":"en-US","@id":"https:\/\/ranoja.ee\/toode\/reduktorimaare-smarol-nano-trimmeritele-150g-orlen-oil\/#primaryimage","url":"https:\/\/ranoja.ee\/wp-content\/uploads\/2026\/03\/5637403520.jpg","contentUrl":"https:\/\/ranoja.ee\/wp-content\/uploads\/2026\/03\/5637403520.jpg","width":166,"height":249},{"@type":"BreadcrumbList","@id":"https:\/\/ranoja.ee\/toode\/reduktorimaare-smarol-nano-trimmeritele-150g-orlen-oil\/#breadcrumb","itemListElement":[{"@type":"ListItem","position":1,"name":"Home","item":"https:\/\/ranoja.ee\/"},{"@type":"ListItem","position":2,"name":"Shop","item":"https:\/\/ranoja.ee\/en\/shop\/"},{"@type":"ListItem","position":3,"name":"Reduktorim\u00e4\u00e4re Smarol Nano trimmeritele 150g, Orlen Oil"}]},{"@type":"WebSite","@id":"https:\/\/ranoja.ee\/#website","url":"https:\/\/ranoja.ee\/","name":"Ranoja","description":"Equipment Shop WooCommerce WordPress Theme for Machine &amp; Tools","publisher":{"@id":"https:\/\/ranoja.ee\/#organization"},"potentialAction":[{"@type":"SearchAction","target":{"@type":"EntryPoint","urlTemplate":"https:\/\/ranoja.ee\/?s={search_term_string}"},"query-input":{"@type":"PropertyValueSpecification","valueRequired":true,"valueName":"search_term_string"}}],"inLanguage":"en-US"},{"@type":"Organization","@id":"https:\/\/ranoja.ee\/#organization","name":"Ranoja O\u00dc","url":"https:\/\/ranoja.ee\/","logo":{"@type":"ImageObject","inLanguage":"en-US","@id":"https:\/\/ranoja.ee\/#\/schema\/logo\/image\/","url":"https:\/\/ranoja.ee\/wp-content\/uploads\/2023\/11\/ranoja-Logo.png","contentUrl":"https:\/\/ranoja.ee\/wp-content\/uploads\/2023\/11\/ranoja-Logo.png","width":207,"height":58,"caption":"Ranoja O\u00dc"},"image":{"@id":"https:\/\/ranoja.ee\/#\/schema\/logo\/image\/"},"sameAs":["https:\/\/www.facebook.com\/ranoja.ee","https:\/\/www.instagram.com\/ranoja__\/"]}]}},"_links":{"self":[{"href":"https:\/\/ranoja.ee\/en\/wp-json\/wp\/v2\/product\/57792","targetHints":{"allow":["GET"]}}],"collection":[{"href":"https:\/\/ranoja.ee\/en\/wp-json\/wp\/v2\/product"}],"about":[{"href":"https:\/\/ranoja.ee\/en\/wp-json\/wp\/v2\/types\/product"}],"wp:featuredmedia":[{"embeddable":true,"href":"https:\/\/ranoja.ee\/en\/wp-json\/wp\/v2\/media\/57793"}],"wp:attachment":[{"href":"https:\/\/ranoja.ee\/en\/wp-json\/wp\/v2\/media?parent=57792"}],"wp:term":[{"taxonomy":"product_cat","embeddable":true,"href":"https:\/\/ranoja.ee\/en\/wp-json\/wp\/v2\/product_cat?post=57792"},{"taxonomy":"product_tag","embeddable":true,"href":"https:\/\/ranoja.ee\/en\/wp-json\/wp\/v2\/product_tag?post=57792"}],"curies":[{"name":"wp","href":"https:\/\/api.w.org\/{rel}","templated":true}]}}