{"id":57790,"date":"2026-03-17T01:52:26","date_gmt":"2026-03-16T22:52:26","guid":{"rendered":"https:\/\/ranoja.ee\/toode\/kahvelkaru-25t-hw2500-scheppach\/"},"modified":"2026-03-17T15:43:55","modified_gmt":"2026-03-17T12:43:55","slug":"kahvelkaru-25t-hw2500-scheppach","status":"publish","type":"product","link":"https:\/\/ranoja.ee\/en\/toode\/kahvelkaru-25t-hw2500-scheppach\/","title":{"rendered":"Kahvelk\u00e4ru 2,5t HW2500, Scheppach"},"content":{"rendered":"","protected":false},"excerpt":{"rendered":"<p>Terasest raam<br \/>\nTugevdatud t\u00f5stelabad<br \/>\n3 funktsiooni: t\u00f5sta, hoia, langeta<br \/>\nVastupidav h\u00fcdraulikas\u00fcsteem<br \/>\nT\u00f5stev\u00f5ime 2500kg<br \/>\nKahvli maksimaalne k\u00f5rgus 190mm<br \/>\nKahvli minimaalne k\u00f5rgus 85mm<br \/>\nT\u00f6\u00f6k\u00e4ik 105mm<br \/>\nKahvli pikkus 1150mm<br \/>\n\u00dcksiku kahvli laius 160mm<br \/>\nLaadimisratta l\u00e4bim\u00f5\u00f5t 80mm (nailon)<br \/>\nJuhtratta l\u00e4bim\u00f5\u00f5t 180mm (pol\u00fcuretaan)<br \/>\nKaal 62kg<br \/>\nToote m\u00f5\u00f5dud: 1150x540x1200mm<\/p>\n<p>Rattad saadaval koodiga 5912701008&#038;SCHEP ja 5912701009&#038;SCHEP<\/p>\n","protected":false},"featured_media":57791,"template":"","meta":{"inline_featured_image":false},"product_cat":[5081,5148],"product_tag":[],"class_list":{"0":"post-57790","1":"product","2":"type-product","3":"status-publish","4":"has-post-thumbnail","6":"product_brand-scheppach","7":"product_cat-kaubakaitlusvahendid","8":"product_cat-teisalduskarud","10":"first","11":"instock","12":"purchasable","13":"product-type-simple"},"yoast_head":"<!-- This site is optimized with the Yoast SEO plugin v27.4 - https:\/\/yoast.com\/product\/yoast-seo-wordpress\/ -->\n<title>Kahvelk\u00e4ru 2,5t HW2500, Scheppach - Ranoja<\/title>\n<meta name=\"robots\" content=\"index, follow, max-snippet:-1, max-image-preview:large, max-video-preview:-1\" \/>\n<link rel=\"canonical\" href=\"https:\/\/ranoja.ee\/toode\/kahvelkaru-25t-hw2500-scheppach\/\" \/>\n<meta property=\"og:locale\" content=\"en_US\" \/>\n<meta property=\"og:type\" content=\"article\" \/>\n<meta property=\"og:title\" content=\"Kahvelk\u00e4ru 2,5t HW2500, Scheppach - Ranoja\" \/>\n<meta property=\"og:description\" content=\"Terasest raam Tugevdatud t\u00f5stelabad 3 funktsiooni: t\u00f5sta, hoia, langeta Vastupidav h\u00fcdraulikas\u00fcsteem T\u00f5stev\u00f5ime 2500kg Kahvli maksimaalne k\u00f5rgus 190mm Kahvli minimaalne k\u00f5rgus 85mm T\u00f6\u00f6k\u00e4ik 105mm Kahvli pikkus 1150mm \u00dcksiku kahvli laius 160mm Laadimisratta l\u00e4bim\u00f5\u00f5t 80mm (nailon) Juhtratta l\u00e4bim\u00f5\u00f5t 180mm (pol\u00fcuretaan) Kaal 62kg Toote m\u00f5\u00f5dud: 1150x540x1200mm Rattad saadaval koodiga 5912701008&amp;SCHEP ja 5912701009&amp;SCHEP\" \/>\n<meta property=\"og:url\" content=\"https:\/\/ranoja.ee\/toode\/kahvelkaru-25t-hw2500-scheppach\/\" \/>\n<meta property=\"og:site_name\" content=\"Ranoja\" \/>\n<meta property=\"article:publisher\" content=\"https:\/\/www.facebook.com\/ranoja.ee\" \/>\n<meta property=\"article:modified_time\" content=\"2026-03-17T12:43:55+00:00\" \/>\n<meta property=\"og:image\" content=\"https:\/\/ranoja.ee\/wp-content\/uploads\/2026\/03\/247543313.jpg\" \/>\n\t<meta property=\"og:image:width\" content=\"768\" \/>\n\t<meta property=\"og:image:height\" content=\"768\" \/>\n\t<meta property=\"og:image:type\" content=\"image\/jpeg\" \/>\n<meta name=\"twitter:card\" content=\"summary_large_image\" \/>\n<script type=\"application\/ld+json\" class=\"yoast-schema-graph\">{\"@context\":\"https:\\\/\\\/schema.org\",\"@graph\":[{\"@type\":\"WebPage\",\"@id\":\"https:\\\/\\\/ranoja.ee\\\/toode\\\/kahvelkaru-25t-hw2500-scheppach\\\/\",\"url\":\"https:\\\/\\\/ranoja.ee\\\/toode\\\/kahvelkaru-25t-hw2500-scheppach\\\/\",\"name\":\"Kahvelk\u00e4ru 2,5t HW2500, Scheppach - Ranoja\",\"isPartOf\":{\"@id\":\"https:\\\/\\\/ranoja.ee\\\/#website\"},\"primaryImageOfPage\":{\"@id\":\"https:\\\/\\\/ranoja.ee\\\/toode\\\/kahvelkaru-25t-hw2500-scheppach\\\/#primaryimage\"},\"image\":{\"@id\":\"https:\\\/\\\/ranoja.ee\\\/toode\\\/kahvelkaru-25t-hw2500-scheppach\\\/#primaryimage\"},\"thumbnailUrl\":\"https:\\\/\\\/ranoja.ee\\\/wp-content\\\/uploads\\\/2026\\\/03\\\/247543313.jpg\",\"datePublished\":\"2026-03-16T22:52:26+00:00\",\"dateModified\":\"2026-03-17T12:43:55+00:00\",\"breadcrumb\":{\"@id\":\"https:\\\/\\\/ranoja.ee\\\/toode\\\/kahvelkaru-25t-hw2500-scheppach\\\/#breadcrumb\"},\"inLanguage\":\"en-US\",\"potentialAction\":[{\"@type\":\"ReadAction\",\"target\":[\"https:\\\/\\\/ranoja.ee\\\/toode\\\/kahvelkaru-25t-hw2500-scheppach\\\/\"]}]},{\"@type\":\"ImageObject\",\"inLanguage\":\"en-US\",\"@id\":\"https:\\\/\\\/ranoja.ee\\\/toode\\\/kahvelkaru-25t-hw2500-scheppach\\\/#primaryimage\",\"url\":\"https:\\\/\\\/ranoja.ee\\\/wp-content\\\/uploads\\\/2026\\\/03\\\/247543313.jpg\",\"contentUrl\":\"https:\\\/\\\/ranoja.ee\\\/wp-content\\\/uploads\\\/2026\\\/03\\\/247543313.jpg\",\"width\":768,\"height\":768},{\"@type\":\"BreadcrumbList\",\"@id\":\"https:\\\/\\\/ranoja.ee\\\/toode\\\/kahvelkaru-25t-hw2500-scheppach\\\/#breadcrumb\",\"itemListElement\":[{\"@type\":\"ListItem\",\"position\":1,\"name\":\"Home\",\"item\":\"https:\\\/\\\/ranoja.ee\\\/\"},{\"@type\":\"ListItem\",\"position\":2,\"name\":\"Shop\",\"item\":\"https:\\\/\\\/ranoja.ee\\\/en\\\/shop\\\/\"},{\"@type\":\"ListItem\",\"position\":3,\"name\":\"Kahvelk\u00e4ru 2,5t HW2500, Scheppach\"}]},{\"@type\":\"WebSite\",\"@id\":\"https:\\\/\\\/ranoja.ee\\\/#website\",\"url\":\"https:\\\/\\\/ranoja.ee\\\/\",\"name\":\"Ranoja\",\"description\":\"Equipment Shop WooCommerce WordPress Theme for Machine &amp; Tools\",\"publisher\":{\"@id\":\"https:\\\/\\\/ranoja.ee\\\/#organization\"},\"potentialAction\":[{\"@type\":\"SearchAction\",\"target\":{\"@type\":\"EntryPoint\",\"urlTemplate\":\"https:\\\/\\\/ranoja.ee\\\/?s={search_term_string}\"},\"query-input\":{\"@type\":\"PropertyValueSpecification\",\"valueRequired\":true,\"valueName\":\"search_term_string\"}}],\"inLanguage\":\"en-US\"},{\"@type\":\"Organization\",\"@id\":\"https:\\\/\\\/ranoja.ee\\\/#organization\",\"name\":\"Ranoja O\u00dc\",\"url\":\"https:\\\/\\\/ranoja.ee\\\/\",\"logo\":{\"@type\":\"ImageObject\",\"inLanguage\":\"en-US\",\"@id\":\"https:\\\/\\\/ranoja.ee\\\/#\\\/schema\\\/logo\\\/image\\\/\",\"url\":\"https:\\\/\\\/ranoja.ee\\\/wp-content\\\/uploads\\\/2023\\\/11\\\/ranoja-Logo.png\",\"contentUrl\":\"https:\\\/\\\/ranoja.ee\\\/wp-content\\\/uploads\\\/2023\\\/11\\\/ranoja-Logo.png\",\"width\":207,\"height\":58,\"caption\":\"Ranoja O\u00dc\"},\"image\":{\"@id\":\"https:\\\/\\\/ranoja.ee\\\/#\\\/schema\\\/logo\\\/image\\\/\"},\"sameAs\":[\"https:\\\/\\\/www.facebook.com\\\/ranoja.ee\",\"https:\\\/\\\/www.instagram.com\\\/ranoja__\\\/\"]}]}<\/script>\n<!-- \/ Yoast SEO plugin. -->","yoast_head_json":{"title":"Kahvelk\u00e4ru 2,5t HW2500, Scheppach - Ranoja","robots":{"index":"index","follow":"follow","max-snippet":"max-snippet:-1","max-image-preview":"max-image-preview:large","max-video-preview":"max-video-preview:-1"},"canonical":"https:\/\/ranoja.ee\/toode\/kahvelkaru-25t-hw2500-scheppach\/","og_locale":"en_US","og_type":"article","og_title":"Kahvelk\u00e4ru 2,5t HW2500, Scheppach - Ranoja","og_description":"Terasest raam Tugevdatud t\u00f5stelabad 3 funktsiooni: t\u00f5sta, hoia, langeta Vastupidav h\u00fcdraulikas\u00fcsteem T\u00f5stev\u00f5ime 2500kg Kahvli maksimaalne k\u00f5rgus 190mm Kahvli minimaalne k\u00f5rgus 85mm T\u00f6\u00f6k\u00e4ik 105mm Kahvli pikkus 1150mm \u00dcksiku kahvli laius 160mm Laadimisratta l\u00e4bim\u00f5\u00f5t 80mm (nailon) Juhtratta l\u00e4bim\u00f5\u00f5t 180mm (pol\u00fcuretaan) Kaal 62kg Toote m\u00f5\u00f5dud: 1150x540x1200mm Rattad saadaval koodiga 5912701008&SCHEP ja 5912701009&SCHEP","og_url":"https:\/\/ranoja.ee\/toode\/kahvelkaru-25t-hw2500-scheppach\/","og_site_name":"Ranoja","article_publisher":"https:\/\/www.facebook.com\/ranoja.ee","article_modified_time":"2026-03-17T12:43:55+00:00","og_image":[{"width":768,"height":768,"url":"https:\/\/ranoja.ee\/wp-content\/uploads\/2026\/03\/247543313.jpg","type":"image\/jpeg"}],"twitter_card":"summary_large_image","schema":{"@context":"https:\/\/schema.org","@graph":[{"@type":"WebPage","@id":"https:\/\/ranoja.ee\/toode\/kahvelkaru-25t-hw2500-scheppach\/","url":"https:\/\/ranoja.ee\/toode\/kahvelkaru-25t-hw2500-scheppach\/","name":"Kahvelk\u00e4ru 2,5t HW2500, Scheppach - Ranoja","isPartOf":{"@id":"https:\/\/ranoja.ee\/#website"},"primaryImageOfPage":{"@id":"https:\/\/ranoja.ee\/toode\/kahvelkaru-25t-hw2500-scheppach\/#primaryimage"},"image":{"@id":"https:\/\/ranoja.ee\/toode\/kahvelkaru-25t-hw2500-scheppach\/#primaryimage"},"thumbnailUrl":"https:\/\/ranoja.ee\/wp-content\/uploads\/2026\/03\/247543313.jpg","datePublished":"2026-03-16T22:52:26+00:00","dateModified":"2026-03-17T12:43:55+00:00","breadcrumb":{"@id":"https:\/\/ranoja.ee\/toode\/kahvelkaru-25t-hw2500-scheppach\/#breadcrumb"},"inLanguage":"en-US","potentialAction":[{"@type":"ReadAction","target":["https:\/\/ranoja.ee\/toode\/kahvelkaru-25t-hw2500-scheppach\/"]}]},{"@type":"ImageObject","inLanguage":"en-US","@id":"https:\/\/ranoja.ee\/toode\/kahvelkaru-25t-hw2500-scheppach\/#primaryimage","url":"https:\/\/ranoja.ee\/wp-content\/uploads\/2026\/03\/247543313.jpg","contentUrl":"https:\/\/ranoja.ee\/wp-content\/uploads\/2026\/03\/247543313.jpg","width":768,"height":768},{"@type":"BreadcrumbList","@id":"https:\/\/ranoja.ee\/toode\/kahvelkaru-25t-hw2500-scheppach\/#breadcrumb","itemListElement":[{"@type":"ListItem","position":1,"name":"Home","item":"https:\/\/ranoja.ee\/"},{"@type":"ListItem","position":2,"name":"Shop","item":"https:\/\/ranoja.ee\/en\/shop\/"},{"@type":"ListItem","position":3,"name":"Kahvelk\u00e4ru 2,5t HW2500, Scheppach"}]},{"@type":"WebSite","@id":"https:\/\/ranoja.ee\/#website","url":"https:\/\/ranoja.ee\/","name":"Ranoja","description":"Equipment Shop WooCommerce WordPress Theme for Machine &amp; Tools","publisher":{"@id":"https:\/\/ranoja.ee\/#organization"},"potentialAction":[{"@type":"SearchAction","target":{"@type":"EntryPoint","urlTemplate":"https:\/\/ranoja.ee\/?s={search_term_string}"},"query-input":{"@type":"PropertyValueSpecification","valueRequired":true,"valueName":"search_term_string"}}],"inLanguage":"en-US"},{"@type":"Organization","@id":"https:\/\/ranoja.ee\/#organization","name":"Ranoja O\u00dc","url":"https:\/\/ranoja.ee\/","logo":{"@type":"ImageObject","inLanguage":"en-US","@id":"https:\/\/ranoja.ee\/#\/schema\/logo\/image\/","url":"https:\/\/ranoja.ee\/wp-content\/uploads\/2023\/11\/ranoja-Logo.png","contentUrl":"https:\/\/ranoja.ee\/wp-content\/uploads\/2023\/11\/ranoja-Logo.png","width":207,"height":58,"caption":"Ranoja O\u00dc"},"image":{"@id":"https:\/\/ranoja.ee\/#\/schema\/logo\/image\/"},"sameAs":["https:\/\/www.facebook.com\/ranoja.ee","https:\/\/www.instagram.com\/ranoja__\/"]}]}},"_links":{"self":[{"href":"https:\/\/ranoja.ee\/en\/wp-json\/wp\/v2\/product\/57790","targetHints":{"allow":["GET"]}}],"collection":[{"href":"https:\/\/ranoja.ee\/en\/wp-json\/wp\/v2\/product"}],"about":[{"href":"https:\/\/ranoja.ee\/en\/wp-json\/wp\/v2\/types\/product"}],"wp:featuredmedia":[{"embeddable":true,"href":"https:\/\/ranoja.ee\/en\/wp-json\/wp\/v2\/media\/57791"}],"wp:attachment":[{"href":"https:\/\/ranoja.ee\/en\/wp-json\/wp\/v2\/media?parent=57790"}],"wp:term":[{"taxonomy":"product_cat","embeddable":true,"href":"https:\/\/ranoja.ee\/en\/wp-json\/wp\/v2\/product_cat?post=57790"},{"taxonomy":"product_tag","embeddable":true,"href":"https:\/\/ranoja.ee\/en\/wp-json\/wp\/v2\/product_tag?post=57790"}],"curies":[{"name":"wp","href":"https:\/\/api.w.org\/{rel}","templated":true}]}}