{"id":57758,"date":"2026-03-17T01:52:01","date_gmt":"2026-03-16T22:52:01","guid":{"rendered":"https:\/\/ranoja.ee\/toode\/isekinnituv-liimivaba-haavaside-sinine-6-cm-x-45-m-cederroth\/"},"modified":"2026-03-17T15:43:56","modified_gmt":"2026-03-17T12:43:56","slug":"isekinnituv-liimivaba-haavaside-sinine-6-cm-x-45-m-cederroth","status":"publish","type":"product","link":"https:\/\/ranoja.ee\/en\/toode\/isekinnituv-liimivaba-haavaside-sinine-6-cm-x-45-m-cederroth\/","title":{"rendered":"Isekinnituv liimivaba haavaside, sinine, 6 cm x 4,5 m, Cederroth"},"content":{"rendered":"","protected":false},"excerpt":{"rendered":"<p>Cederroth Soft Foam pehme, elastne ja isekinnituv haavaside  sobib k\u00f5ikide v\u00e4iksemate haavade sidumiseks ja j\u00e4\u00e4b oma kohale ka vette sattudes.<br \/>\nKergesti m\u00e4rgatav ja v\u00e4rske v\u00e4limus.  Side on sinist v\u00e4rvi, ei sisalda kleppaineid ja ei kleepu haava, naha ja juuste\/karvade k\u00fclge.<br \/>\nSinine v\u00e4rv on soovituslik kasutamiseks toiduainet\u00f6\u00f6stusse, k\u00f6\u00f6kides, restoranides ja toitlustajatel kuna on visuaalselt kergesti m\u00e4rgatav. <\/p>\n<p>Pakendis 1 rull, 4,5 m x 6 cm<\/p>\n","protected":false},"featured_media":57759,"template":"","meta":{"inline_featured_image":false},"product_cat":[5071,5022],"product_tag":[],"class_list":{"0":"post-57758","1":"product","2":"type-product","3":"status-publish","4":"has-post-thumbnail","6":"product_brand-cederroth","7":"product_cat-esmaabivahendid","8":"product_cat-isikukaitsevahendid","10":"first","11":"instock","12":"purchasable","13":"product-type-simple"},"yoast_head":"<!-- This site is optimized with the Yoast SEO plugin v27.4 - https:\/\/yoast.com\/product\/yoast-seo-wordpress\/ -->\n<title>Isekinnituv liimivaba haavaside, sinine, 6 cm x 4,5 m, Cederroth - Ranoja<\/title>\n<meta name=\"robots\" content=\"index, follow, max-snippet:-1, max-image-preview:large, max-video-preview:-1\" \/>\n<link rel=\"canonical\" href=\"https:\/\/ranoja.ee\/toode\/isekinnituv-liimivaba-haavaside-sinine-6-cm-x-45-m-cederroth\/\" \/>\n<meta property=\"og:locale\" content=\"en_US\" \/>\n<meta property=\"og:type\" content=\"article\" \/>\n<meta property=\"og:title\" content=\"Isekinnituv liimivaba haavaside, sinine, 6 cm x 4,5 m, Cederroth - Ranoja\" \/>\n<meta property=\"og:description\" content=\"Cederroth Soft Foam pehme, elastne ja isekinnituv haavaside sobib k\u00f5ikide v\u00e4iksemate haavade sidumiseks ja j\u00e4\u00e4b oma kohale ka vette sattudes. Kergesti m\u00e4rgatav ja v\u00e4rske v\u00e4limus. Side on sinist v\u00e4rvi, ei sisalda kleppaineid ja ei kleepu haava, naha ja juuste\/karvade k\u00fclge. Sinine v\u00e4rv on soovituslik kasutamiseks toiduainet\u00f6\u00f6stusse, k\u00f6\u00f6kides, restoranides ja toitlustajatel kuna on visuaalselt kergesti m\u00e4rgatav.  Pakendis 1 rull, 4,5 m x 6 cm\" \/>\n<meta property=\"og:url\" content=\"https:\/\/ranoja.ee\/toode\/isekinnituv-liimivaba-haavaside-sinine-6-cm-x-45-m-cederroth\/\" \/>\n<meta property=\"og:site_name\" content=\"Ranoja\" \/>\n<meta property=\"article:publisher\" content=\"https:\/\/www.facebook.com\/ranoja.ee\" \/>\n<meta property=\"article:modified_time\" content=\"2026-03-17T12:43:56+00:00\" \/>\n<meta property=\"og:image\" content=\"https:\/\/ranoja.ee\/wp-content\/uploads\/2026\/03\/5637760407.jpg\" \/>\n\t<meta property=\"og:image:width\" content=\"900\" \/>\n\t<meta property=\"og:image:height\" content=\"801\" \/>\n\t<meta property=\"og:image:type\" content=\"image\/jpeg\" \/>\n<meta name=\"twitter:card\" content=\"summary_large_image\" \/>\n<script type=\"application\/ld+json\" class=\"yoast-schema-graph\">{\"@context\":\"https:\\\/\\\/schema.org\",\"@graph\":[{\"@type\":\"WebPage\",\"@id\":\"https:\\\/\\\/ranoja.ee\\\/toode\\\/isekinnituv-liimivaba-haavaside-sinine-6-cm-x-45-m-cederroth\\\/\",\"url\":\"https:\\\/\\\/ranoja.ee\\\/toode\\\/isekinnituv-liimivaba-haavaside-sinine-6-cm-x-45-m-cederroth\\\/\",\"name\":\"Isekinnituv liimivaba haavaside, sinine, 6 cm x 4,5 m, Cederroth - Ranoja\",\"isPartOf\":{\"@id\":\"https:\\\/\\\/ranoja.ee\\\/#website\"},\"primaryImageOfPage\":{\"@id\":\"https:\\\/\\\/ranoja.ee\\\/toode\\\/isekinnituv-liimivaba-haavaside-sinine-6-cm-x-45-m-cederroth\\\/#primaryimage\"},\"image\":{\"@id\":\"https:\\\/\\\/ranoja.ee\\\/toode\\\/isekinnituv-liimivaba-haavaside-sinine-6-cm-x-45-m-cederroth\\\/#primaryimage\"},\"thumbnailUrl\":\"https:\\\/\\\/ranoja.ee\\\/wp-content\\\/uploads\\\/2026\\\/03\\\/5637760407.jpg\",\"datePublished\":\"2026-03-16T22:52:01+00:00\",\"dateModified\":\"2026-03-17T12:43:56+00:00\",\"breadcrumb\":{\"@id\":\"https:\\\/\\\/ranoja.ee\\\/toode\\\/isekinnituv-liimivaba-haavaside-sinine-6-cm-x-45-m-cederroth\\\/#breadcrumb\"},\"inLanguage\":\"en-US\",\"potentialAction\":[{\"@type\":\"ReadAction\",\"target\":[\"https:\\\/\\\/ranoja.ee\\\/toode\\\/isekinnituv-liimivaba-haavaside-sinine-6-cm-x-45-m-cederroth\\\/\"]}]},{\"@type\":\"ImageObject\",\"inLanguage\":\"en-US\",\"@id\":\"https:\\\/\\\/ranoja.ee\\\/toode\\\/isekinnituv-liimivaba-haavaside-sinine-6-cm-x-45-m-cederroth\\\/#primaryimage\",\"url\":\"https:\\\/\\\/ranoja.ee\\\/wp-content\\\/uploads\\\/2026\\\/03\\\/5637760407.jpg\",\"contentUrl\":\"https:\\\/\\\/ranoja.ee\\\/wp-content\\\/uploads\\\/2026\\\/03\\\/5637760407.jpg\",\"width\":900,\"height\":801},{\"@type\":\"BreadcrumbList\",\"@id\":\"https:\\\/\\\/ranoja.ee\\\/toode\\\/isekinnituv-liimivaba-haavaside-sinine-6-cm-x-45-m-cederroth\\\/#breadcrumb\",\"itemListElement\":[{\"@type\":\"ListItem\",\"position\":1,\"name\":\"Home\",\"item\":\"https:\\\/\\\/ranoja.ee\\\/\"},{\"@type\":\"ListItem\",\"position\":2,\"name\":\"Shop\",\"item\":\"https:\\\/\\\/ranoja.ee\\\/en\\\/shop\\\/\"},{\"@type\":\"ListItem\",\"position\":3,\"name\":\"Isekinnituv liimivaba haavaside, sinine, 6 cm x 4,5 m, Cederroth\"}]},{\"@type\":\"WebSite\",\"@id\":\"https:\\\/\\\/ranoja.ee\\\/#website\",\"url\":\"https:\\\/\\\/ranoja.ee\\\/\",\"name\":\"Ranoja\",\"description\":\"Equipment Shop WooCommerce WordPress Theme for Machine &amp; Tools\",\"publisher\":{\"@id\":\"https:\\\/\\\/ranoja.ee\\\/#organization\"},\"potentialAction\":[{\"@type\":\"SearchAction\",\"target\":{\"@type\":\"EntryPoint\",\"urlTemplate\":\"https:\\\/\\\/ranoja.ee\\\/?s={search_term_string}\"},\"query-input\":{\"@type\":\"PropertyValueSpecification\",\"valueRequired\":true,\"valueName\":\"search_term_string\"}}],\"inLanguage\":\"en-US\"},{\"@type\":\"Organization\",\"@id\":\"https:\\\/\\\/ranoja.ee\\\/#organization\",\"name\":\"Ranoja O\u00dc\",\"url\":\"https:\\\/\\\/ranoja.ee\\\/\",\"logo\":{\"@type\":\"ImageObject\",\"inLanguage\":\"en-US\",\"@id\":\"https:\\\/\\\/ranoja.ee\\\/#\\\/schema\\\/logo\\\/image\\\/\",\"url\":\"https:\\\/\\\/ranoja.ee\\\/wp-content\\\/uploads\\\/2023\\\/11\\\/ranoja-Logo.png\",\"contentUrl\":\"https:\\\/\\\/ranoja.ee\\\/wp-content\\\/uploads\\\/2023\\\/11\\\/ranoja-Logo.png\",\"width\":207,\"height\":58,\"caption\":\"Ranoja O\u00dc\"},\"image\":{\"@id\":\"https:\\\/\\\/ranoja.ee\\\/#\\\/schema\\\/logo\\\/image\\\/\"},\"sameAs\":[\"https:\\\/\\\/www.facebook.com\\\/ranoja.ee\",\"https:\\\/\\\/www.instagram.com\\\/ranoja__\\\/\"]}]}<\/script>\n<!-- \/ Yoast SEO plugin. -->","yoast_head_json":{"title":"Isekinnituv liimivaba haavaside, sinine, 6 cm x 4,5 m, Cederroth - Ranoja","robots":{"index":"index","follow":"follow","max-snippet":"max-snippet:-1","max-image-preview":"max-image-preview:large","max-video-preview":"max-video-preview:-1"},"canonical":"https:\/\/ranoja.ee\/toode\/isekinnituv-liimivaba-haavaside-sinine-6-cm-x-45-m-cederroth\/","og_locale":"en_US","og_type":"article","og_title":"Isekinnituv liimivaba haavaside, sinine, 6 cm x 4,5 m, Cederroth - Ranoja","og_description":"Cederroth Soft Foam pehme, elastne ja isekinnituv haavaside sobib k\u00f5ikide v\u00e4iksemate haavade sidumiseks ja j\u00e4\u00e4b oma kohale ka vette sattudes. Kergesti m\u00e4rgatav ja v\u00e4rske v\u00e4limus. Side on sinist v\u00e4rvi, ei sisalda kleppaineid ja ei kleepu haava, naha ja juuste\/karvade k\u00fclge. Sinine v\u00e4rv on soovituslik kasutamiseks toiduainet\u00f6\u00f6stusse, k\u00f6\u00f6kides, restoranides ja toitlustajatel kuna on visuaalselt kergesti m\u00e4rgatav.  Pakendis 1 rull, 4,5 m x 6 cm","og_url":"https:\/\/ranoja.ee\/toode\/isekinnituv-liimivaba-haavaside-sinine-6-cm-x-45-m-cederroth\/","og_site_name":"Ranoja","article_publisher":"https:\/\/www.facebook.com\/ranoja.ee","article_modified_time":"2026-03-17T12:43:56+00:00","og_image":[{"width":900,"height":801,"url":"https:\/\/ranoja.ee\/wp-content\/uploads\/2026\/03\/5637760407.jpg","type":"image\/jpeg"}],"twitter_card":"summary_large_image","schema":{"@context":"https:\/\/schema.org","@graph":[{"@type":"WebPage","@id":"https:\/\/ranoja.ee\/toode\/isekinnituv-liimivaba-haavaside-sinine-6-cm-x-45-m-cederroth\/","url":"https:\/\/ranoja.ee\/toode\/isekinnituv-liimivaba-haavaside-sinine-6-cm-x-45-m-cederroth\/","name":"Isekinnituv liimivaba haavaside, sinine, 6 cm x 4,5 m, Cederroth - Ranoja","isPartOf":{"@id":"https:\/\/ranoja.ee\/#website"},"primaryImageOfPage":{"@id":"https:\/\/ranoja.ee\/toode\/isekinnituv-liimivaba-haavaside-sinine-6-cm-x-45-m-cederroth\/#primaryimage"},"image":{"@id":"https:\/\/ranoja.ee\/toode\/isekinnituv-liimivaba-haavaside-sinine-6-cm-x-45-m-cederroth\/#primaryimage"},"thumbnailUrl":"https:\/\/ranoja.ee\/wp-content\/uploads\/2026\/03\/5637760407.jpg","datePublished":"2026-03-16T22:52:01+00:00","dateModified":"2026-03-17T12:43:56+00:00","breadcrumb":{"@id":"https:\/\/ranoja.ee\/toode\/isekinnituv-liimivaba-haavaside-sinine-6-cm-x-45-m-cederroth\/#breadcrumb"},"inLanguage":"en-US","potentialAction":[{"@type":"ReadAction","target":["https:\/\/ranoja.ee\/toode\/isekinnituv-liimivaba-haavaside-sinine-6-cm-x-45-m-cederroth\/"]}]},{"@type":"ImageObject","inLanguage":"en-US","@id":"https:\/\/ranoja.ee\/toode\/isekinnituv-liimivaba-haavaside-sinine-6-cm-x-45-m-cederroth\/#primaryimage","url":"https:\/\/ranoja.ee\/wp-content\/uploads\/2026\/03\/5637760407.jpg","contentUrl":"https:\/\/ranoja.ee\/wp-content\/uploads\/2026\/03\/5637760407.jpg","width":900,"height":801},{"@type":"BreadcrumbList","@id":"https:\/\/ranoja.ee\/toode\/isekinnituv-liimivaba-haavaside-sinine-6-cm-x-45-m-cederroth\/#breadcrumb","itemListElement":[{"@type":"ListItem","position":1,"name":"Home","item":"https:\/\/ranoja.ee\/"},{"@type":"ListItem","position":2,"name":"Shop","item":"https:\/\/ranoja.ee\/en\/shop\/"},{"@type":"ListItem","position":3,"name":"Isekinnituv liimivaba haavaside, sinine, 6 cm x 4,5 m, Cederroth"}]},{"@type":"WebSite","@id":"https:\/\/ranoja.ee\/#website","url":"https:\/\/ranoja.ee\/","name":"Ranoja","description":"Equipment Shop WooCommerce WordPress Theme for Machine &amp; Tools","publisher":{"@id":"https:\/\/ranoja.ee\/#organization"},"potentialAction":[{"@type":"SearchAction","target":{"@type":"EntryPoint","urlTemplate":"https:\/\/ranoja.ee\/?s={search_term_string}"},"query-input":{"@type":"PropertyValueSpecification","valueRequired":true,"valueName":"search_term_string"}}],"inLanguage":"en-US"},{"@type":"Organization","@id":"https:\/\/ranoja.ee\/#organization","name":"Ranoja O\u00dc","url":"https:\/\/ranoja.ee\/","logo":{"@type":"ImageObject","inLanguage":"en-US","@id":"https:\/\/ranoja.ee\/#\/schema\/logo\/image\/","url":"https:\/\/ranoja.ee\/wp-content\/uploads\/2023\/11\/ranoja-Logo.png","contentUrl":"https:\/\/ranoja.ee\/wp-content\/uploads\/2023\/11\/ranoja-Logo.png","width":207,"height":58,"caption":"Ranoja O\u00dc"},"image":{"@id":"https:\/\/ranoja.ee\/#\/schema\/logo\/image\/"},"sameAs":["https:\/\/www.facebook.com\/ranoja.ee","https:\/\/www.instagram.com\/ranoja__\/"]}]}},"_links":{"self":[{"href":"https:\/\/ranoja.ee\/en\/wp-json\/wp\/v2\/product\/57758","targetHints":{"allow":["GET"]}}],"collection":[{"href":"https:\/\/ranoja.ee\/en\/wp-json\/wp\/v2\/product"}],"about":[{"href":"https:\/\/ranoja.ee\/en\/wp-json\/wp\/v2\/types\/product"}],"wp:featuredmedia":[{"embeddable":true,"href":"https:\/\/ranoja.ee\/en\/wp-json\/wp\/v2\/media\/57759"}],"wp:attachment":[{"href":"https:\/\/ranoja.ee\/en\/wp-json\/wp\/v2\/media?parent=57758"}],"wp:term":[{"taxonomy":"product_cat","embeddable":true,"href":"https:\/\/ranoja.ee\/en\/wp-json\/wp\/v2\/product_cat?post=57758"},{"taxonomy":"product_tag","embeddable":true,"href":"https:\/\/ranoja.ee\/en\/wp-json\/wp\/v2\/product_tag?post=57758"}],"curies":[{"name":"wp","href":"https:\/\/api.w.org\/{rel}","templated":true}]}}