{"id":57754,"date":"2026-03-17T01:52:01","date_gmt":"2026-03-16T22:52:01","guid":{"rendered":"https:\/\/ranoja.ee\/toode\/diiselkutuse-lisand-diesel-system-protector-300-ml-valvoline\/"},"modified":"2026-03-17T15:43:56","modified_gmt":"2026-03-17T12:43:56","slug":"diiselkutuse-lisand-diesel-system-protector-300-ml-valvoline","status":"publish","type":"product","link":"https:\/\/ranoja.ee\/en\/toode\/diiselkutuse-lisand-diesel-system-protector-300-ml-valvoline\/","title":{"rendered":"Diiselk\u00fctuse lisand Diesel System Protector 300 ml, Valvoline"},"content":{"rendered":"","protected":false},"excerpt":{"rendered":"<p>K\u00f5rgkvaliteetne lisand k\u00f5ikidele diiselmootoriga s\u00f5idukitele. Puhastab ja kaitseb diisel toites\u00fcsteemi k\u00f5iki komponente mis on kontaktis k\u00fctusega. Aitab s\u00e4ilitada  mootori v\u00f5imsuse optimaalsena,<br \/>\nHoiab diiselmootori toites\u00fcsteemi puhtana. Efektiivselt puhastab k\u00f5ik s\u00fcsteemi komponendid ja ei lase tekkida kahjulikke sadestisi. Spetsiaalsed inhibiitorid kaitsevad toites\u00fcsteemi sisemust korrosiooni eest. Stabiliseerib k\u00fctuse ja v\u00e4ldib sademe teket mis on omane just biodiisli sisaldusega k\u00fctustele. <br \/>\n&#8211; Tsetaanarvu parendi tagab parema p\u00f5lemise, mis eriti tagab talvisel ajal salongi eelsoojendite murevaba t\u00f6\u00f6.<br \/>\n&#8211; T\u00e4iendavad m\u00e4\u00e4rivad omadused aitavad v\u00e4\u00e4vlivaba diiselk\u00fctuse puhul tagada m\u00e4\u00e4rmist vajavate toites\u00fcsteemi komponentide t\u00f5rgeteta t\u00f6\u00f6.<br \/>\nKasutuskohad:<br \/>\nSobib kasutamiseks k\u00f5ikidele diiselmootoriga s\u00f5iduautodele ja tarbes\u00f5idukitele nii \u00fchisanumasissepritse (common rail) kui pump pihustitele. Sobib nii suvise kui talvise diiselk\u00fctusega.<br \/>\nSoovituslik kasutada igakordsel regulaarsel hooldusel toites\u00fcsteemi ennetava hooldusena.<br \/>\nKasutusjuhend:<br \/>\nPudelit\u00e4is lisandit kallata k\u00fctusepaaki miinimum 10 liitri ja maksimum 60 liitri diiselk\u00fctuse t\u00f6\u00f6tlemiseks, et tagada optimaalseim puhastus ja kaitsev\u00f5ime.<br \/>\nKvaliteeditasemed:<br \/>\nT\u00dcV testitud. Ohutu kasutada ka k\u00f5ige kaasaegsemates diiselmootorites.<\/p>\n","protected":false},"featured_media":57755,"template":"","meta":{"inline_featured_image":false},"product_cat":[5055,5126,5009],"product_tag":[],"class_list":{"0":"post-57754","1":"product","2":"type-product","3":"status-publish","4":"has-post-thumbnail","6":"product_brand-valvoline","7":"product_cat-autohoolduskeemia","8":"product_cat-mootorihooldus","9":"product_cat-toostus-ja-autokeemia","11":"first","12":"instock","13":"purchasable","14":"product-type-simple"},"yoast_head":"<!-- This site is optimized with the Yoast SEO plugin v27.4 - https:\/\/yoast.com\/product\/yoast-seo-wordpress\/ -->\n<title>Diiselk\u00fctuse lisand Diesel System Protector 300 ml, Valvoline - Ranoja<\/title>\n<meta name=\"robots\" content=\"index, follow, max-snippet:-1, max-image-preview:large, max-video-preview:-1\" \/>\n<link rel=\"canonical\" href=\"https:\/\/ranoja.ee\/toode\/diiselkutuse-lisand-diesel-system-protector-300-ml-valvoline\/\" \/>\n<meta property=\"og:locale\" content=\"en_US\" \/>\n<meta property=\"og:type\" content=\"article\" \/>\n<meta property=\"og:title\" content=\"Diiselk\u00fctuse lisand Diesel System Protector 300 ml, Valvoline - Ranoja\" \/>\n<meta property=\"og:description\" content=\"K\u00f5rgkvaliteetne lisand k\u00f5ikidele diiselmootoriga s\u00f5idukitele. Puhastab ja kaitseb diisel toites\u00fcsteemi k\u00f5iki komponente mis on kontaktis k\u00fctusega. Aitab s\u00e4ilitada mootori v\u00f5imsuse optimaalsena, Hoiab diiselmootori toites\u00fcsteemi puhtana. Efektiivselt puhastab k\u00f5ik s\u00fcsteemi komponendid ja ei lase tekkida kahjulikke sadestisi. Spetsiaalsed inhibiitorid kaitsevad toites\u00fcsteemi sisemust korrosiooni eest. Stabiliseerib k\u00fctuse ja v\u00e4ldib sademe teket mis on omane just biodiisli sisaldusega k\u00fctustele. - Tsetaanarvu parendi tagab parema p\u00f5lemise, mis eriti tagab talvisel ajal salongi eelsoojendite murevaba t\u00f6\u00f6. - T\u00e4iendavad m\u00e4\u00e4rivad omadused aitavad v\u00e4\u00e4vlivaba diiselk\u00fctuse puhul tagada m\u00e4\u00e4rmist vajavate toites\u00fcsteemi komponentide t\u00f5rgeteta t\u00f6\u00f6. Kasutuskohad: Sobib kasutamiseks k\u00f5ikidele diiselmootoriga s\u00f5iduautodele ja tarbes\u00f5idukitele nii \u00fchisanumasissepritse (common rail) kui pump pihustitele. Sobib nii suvise kui talvise diiselk\u00fctusega. Soovituslik kasutada igakordsel regulaarsel hooldusel toites\u00fcsteemi ennetava hooldusena. Kasutusjuhend: Pudelit\u00e4is lisandit kallata k\u00fctusepaaki miinimum 10 liitri ja maksimum 60 liitri diiselk\u00fctuse t\u00f6\u00f6tlemiseks, et tagada optimaalseim puhastus ja kaitsev\u00f5ime. Kvaliteeditasemed: T\u00dcV testitud. Ohutu kasutada ka k\u00f5ige kaasaegsemates diiselmootorites.\" \/>\n<meta property=\"og:url\" content=\"https:\/\/ranoja.ee\/toode\/diiselkutuse-lisand-diesel-system-protector-300-ml-valvoline\/\" \/>\n<meta property=\"og:site_name\" content=\"Ranoja\" \/>\n<meta property=\"article:publisher\" content=\"https:\/\/www.facebook.com\/ranoja.ee\" \/>\n<meta property=\"article:modified_time\" content=\"2026-03-17T12:43:56+00:00\" \/>\n<meta property=\"og:image\" content=\"https:\/\/ranoja.ee\/wp-content\/uploads\/2026\/03\/212710964.jpg\" \/>\n\t<meta property=\"og:image:width\" content=\"213\" \/>\n\t<meta property=\"og:image:height\" content=\"301\" \/>\n\t<meta property=\"og:image:type\" content=\"image\/jpeg\" \/>\n<meta name=\"twitter:card\" content=\"summary_large_image\" \/>\n<script type=\"application\/ld+json\" class=\"yoast-schema-graph\">{\"@context\":\"https:\\\/\\\/schema.org\",\"@graph\":[{\"@type\":\"WebPage\",\"@id\":\"https:\\\/\\\/ranoja.ee\\\/toode\\\/diiselkutuse-lisand-diesel-system-protector-300-ml-valvoline\\\/\",\"url\":\"https:\\\/\\\/ranoja.ee\\\/toode\\\/diiselkutuse-lisand-diesel-system-protector-300-ml-valvoline\\\/\",\"name\":\"Diiselk\u00fctuse lisand Diesel System Protector 300 ml, Valvoline - Ranoja\",\"isPartOf\":{\"@id\":\"https:\\\/\\\/ranoja.ee\\\/#website\"},\"primaryImageOfPage\":{\"@id\":\"https:\\\/\\\/ranoja.ee\\\/toode\\\/diiselkutuse-lisand-diesel-system-protector-300-ml-valvoline\\\/#primaryimage\"},\"image\":{\"@id\":\"https:\\\/\\\/ranoja.ee\\\/toode\\\/diiselkutuse-lisand-diesel-system-protector-300-ml-valvoline\\\/#primaryimage\"},\"thumbnailUrl\":\"https:\\\/\\\/ranoja.ee\\\/wp-content\\\/uploads\\\/2026\\\/03\\\/212710964.jpg\",\"datePublished\":\"2026-03-16T22:52:01+00:00\",\"dateModified\":\"2026-03-17T12:43:56+00:00\",\"breadcrumb\":{\"@id\":\"https:\\\/\\\/ranoja.ee\\\/toode\\\/diiselkutuse-lisand-diesel-system-protector-300-ml-valvoline\\\/#breadcrumb\"},\"inLanguage\":\"en-US\",\"potentialAction\":[{\"@type\":\"ReadAction\",\"target\":[\"https:\\\/\\\/ranoja.ee\\\/toode\\\/diiselkutuse-lisand-diesel-system-protector-300-ml-valvoline\\\/\"]}]},{\"@type\":\"ImageObject\",\"inLanguage\":\"en-US\",\"@id\":\"https:\\\/\\\/ranoja.ee\\\/toode\\\/diiselkutuse-lisand-diesel-system-protector-300-ml-valvoline\\\/#primaryimage\",\"url\":\"https:\\\/\\\/ranoja.ee\\\/wp-content\\\/uploads\\\/2026\\\/03\\\/212710964.jpg\",\"contentUrl\":\"https:\\\/\\\/ranoja.ee\\\/wp-content\\\/uploads\\\/2026\\\/03\\\/212710964.jpg\",\"width\":213,\"height\":301},{\"@type\":\"BreadcrumbList\",\"@id\":\"https:\\\/\\\/ranoja.ee\\\/toode\\\/diiselkutuse-lisand-diesel-system-protector-300-ml-valvoline\\\/#breadcrumb\",\"itemListElement\":[{\"@type\":\"ListItem\",\"position\":1,\"name\":\"Home\",\"item\":\"https:\\\/\\\/ranoja.ee\\\/\"},{\"@type\":\"ListItem\",\"position\":2,\"name\":\"Shop\",\"item\":\"https:\\\/\\\/ranoja.ee\\\/en\\\/shop\\\/\"},{\"@type\":\"ListItem\",\"position\":3,\"name\":\"Diiselk\u00fctuse lisand Diesel System Protector 300 ml, Valvoline\"}]},{\"@type\":\"WebSite\",\"@id\":\"https:\\\/\\\/ranoja.ee\\\/#website\",\"url\":\"https:\\\/\\\/ranoja.ee\\\/\",\"name\":\"Ranoja\",\"description\":\"Equipment Shop WooCommerce WordPress Theme for Machine &amp; Tools\",\"publisher\":{\"@id\":\"https:\\\/\\\/ranoja.ee\\\/#organization\"},\"potentialAction\":[{\"@type\":\"SearchAction\",\"target\":{\"@type\":\"EntryPoint\",\"urlTemplate\":\"https:\\\/\\\/ranoja.ee\\\/?s={search_term_string}\"},\"query-input\":{\"@type\":\"PropertyValueSpecification\",\"valueRequired\":true,\"valueName\":\"search_term_string\"}}],\"inLanguage\":\"en-US\"},{\"@type\":\"Organization\",\"@id\":\"https:\\\/\\\/ranoja.ee\\\/#organization\",\"name\":\"Ranoja O\u00dc\",\"url\":\"https:\\\/\\\/ranoja.ee\\\/\",\"logo\":{\"@type\":\"ImageObject\",\"inLanguage\":\"en-US\",\"@id\":\"https:\\\/\\\/ranoja.ee\\\/#\\\/schema\\\/logo\\\/image\\\/\",\"url\":\"https:\\\/\\\/ranoja.ee\\\/wp-content\\\/uploads\\\/2023\\\/11\\\/ranoja-Logo.png\",\"contentUrl\":\"https:\\\/\\\/ranoja.ee\\\/wp-content\\\/uploads\\\/2023\\\/11\\\/ranoja-Logo.png\",\"width\":207,\"height\":58,\"caption\":\"Ranoja O\u00dc\"},\"image\":{\"@id\":\"https:\\\/\\\/ranoja.ee\\\/#\\\/schema\\\/logo\\\/image\\\/\"},\"sameAs\":[\"https:\\\/\\\/www.facebook.com\\\/ranoja.ee\",\"https:\\\/\\\/www.instagram.com\\\/ranoja__\\\/\"]}]}<\/script>\n<!-- \/ Yoast SEO plugin. -->","yoast_head_json":{"title":"Diiselk\u00fctuse lisand Diesel System Protector 300 ml, Valvoline - Ranoja","robots":{"index":"index","follow":"follow","max-snippet":"max-snippet:-1","max-image-preview":"max-image-preview:large","max-video-preview":"max-video-preview:-1"},"canonical":"https:\/\/ranoja.ee\/toode\/diiselkutuse-lisand-diesel-system-protector-300-ml-valvoline\/","og_locale":"en_US","og_type":"article","og_title":"Diiselk\u00fctuse lisand Diesel System Protector 300 ml, Valvoline - Ranoja","og_description":"K\u00f5rgkvaliteetne lisand k\u00f5ikidele diiselmootoriga s\u00f5idukitele. Puhastab ja kaitseb diisel toites\u00fcsteemi k\u00f5iki komponente mis on kontaktis k\u00fctusega. Aitab s\u00e4ilitada mootori v\u00f5imsuse optimaalsena, Hoiab diiselmootori toites\u00fcsteemi puhtana. Efektiivselt puhastab k\u00f5ik s\u00fcsteemi komponendid ja ei lase tekkida kahjulikke sadestisi. Spetsiaalsed inhibiitorid kaitsevad toites\u00fcsteemi sisemust korrosiooni eest. Stabiliseerib k\u00fctuse ja v\u00e4ldib sademe teket mis on omane just biodiisli sisaldusega k\u00fctustele. - Tsetaanarvu parendi tagab parema p\u00f5lemise, mis eriti tagab talvisel ajal salongi eelsoojendite murevaba t\u00f6\u00f6. - T\u00e4iendavad m\u00e4\u00e4rivad omadused aitavad v\u00e4\u00e4vlivaba diiselk\u00fctuse puhul tagada m\u00e4\u00e4rmist vajavate toites\u00fcsteemi komponentide t\u00f5rgeteta t\u00f6\u00f6. Kasutuskohad: Sobib kasutamiseks k\u00f5ikidele diiselmootoriga s\u00f5iduautodele ja tarbes\u00f5idukitele nii \u00fchisanumasissepritse (common rail) kui pump pihustitele. Sobib nii suvise kui talvise diiselk\u00fctusega. Soovituslik kasutada igakordsel regulaarsel hooldusel toites\u00fcsteemi ennetava hooldusena. Kasutusjuhend: Pudelit\u00e4is lisandit kallata k\u00fctusepaaki miinimum 10 liitri ja maksimum 60 liitri diiselk\u00fctuse t\u00f6\u00f6tlemiseks, et tagada optimaalseim puhastus ja kaitsev\u00f5ime. Kvaliteeditasemed: T\u00dcV testitud. Ohutu kasutada ka k\u00f5ige kaasaegsemates diiselmootorites.","og_url":"https:\/\/ranoja.ee\/toode\/diiselkutuse-lisand-diesel-system-protector-300-ml-valvoline\/","og_site_name":"Ranoja","article_publisher":"https:\/\/www.facebook.com\/ranoja.ee","article_modified_time":"2026-03-17T12:43:56+00:00","og_image":[{"width":213,"height":301,"url":"https:\/\/ranoja.ee\/wp-content\/uploads\/2026\/03\/212710964.jpg","type":"image\/jpeg"}],"twitter_card":"summary_large_image","schema":{"@context":"https:\/\/schema.org","@graph":[{"@type":"WebPage","@id":"https:\/\/ranoja.ee\/toode\/diiselkutuse-lisand-diesel-system-protector-300-ml-valvoline\/","url":"https:\/\/ranoja.ee\/toode\/diiselkutuse-lisand-diesel-system-protector-300-ml-valvoline\/","name":"Diiselk\u00fctuse lisand Diesel System Protector 300 ml, Valvoline - Ranoja","isPartOf":{"@id":"https:\/\/ranoja.ee\/#website"},"primaryImageOfPage":{"@id":"https:\/\/ranoja.ee\/toode\/diiselkutuse-lisand-diesel-system-protector-300-ml-valvoline\/#primaryimage"},"image":{"@id":"https:\/\/ranoja.ee\/toode\/diiselkutuse-lisand-diesel-system-protector-300-ml-valvoline\/#primaryimage"},"thumbnailUrl":"https:\/\/ranoja.ee\/wp-content\/uploads\/2026\/03\/212710964.jpg","datePublished":"2026-03-16T22:52:01+00:00","dateModified":"2026-03-17T12:43:56+00:00","breadcrumb":{"@id":"https:\/\/ranoja.ee\/toode\/diiselkutuse-lisand-diesel-system-protector-300-ml-valvoline\/#breadcrumb"},"inLanguage":"en-US","potentialAction":[{"@type":"ReadAction","target":["https:\/\/ranoja.ee\/toode\/diiselkutuse-lisand-diesel-system-protector-300-ml-valvoline\/"]}]},{"@type":"ImageObject","inLanguage":"en-US","@id":"https:\/\/ranoja.ee\/toode\/diiselkutuse-lisand-diesel-system-protector-300-ml-valvoline\/#primaryimage","url":"https:\/\/ranoja.ee\/wp-content\/uploads\/2026\/03\/212710964.jpg","contentUrl":"https:\/\/ranoja.ee\/wp-content\/uploads\/2026\/03\/212710964.jpg","width":213,"height":301},{"@type":"BreadcrumbList","@id":"https:\/\/ranoja.ee\/toode\/diiselkutuse-lisand-diesel-system-protector-300-ml-valvoline\/#breadcrumb","itemListElement":[{"@type":"ListItem","position":1,"name":"Home","item":"https:\/\/ranoja.ee\/"},{"@type":"ListItem","position":2,"name":"Shop","item":"https:\/\/ranoja.ee\/en\/shop\/"},{"@type":"ListItem","position":3,"name":"Diiselk\u00fctuse lisand Diesel System Protector 300 ml, Valvoline"}]},{"@type":"WebSite","@id":"https:\/\/ranoja.ee\/#website","url":"https:\/\/ranoja.ee\/","name":"Ranoja","description":"Equipment Shop WooCommerce WordPress Theme for Machine &amp; Tools","publisher":{"@id":"https:\/\/ranoja.ee\/#organization"},"potentialAction":[{"@type":"SearchAction","target":{"@type":"EntryPoint","urlTemplate":"https:\/\/ranoja.ee\/?s={search_term_string}"},"query-input":{"@type":"PropertyValueSpecification","valueRequired":true,"valueName":"search_term_string"}}],"inLanguage":"en-US"},{"@type":"Organization","@id":"https:\/\/ranoja.ee\/#organization","name":"Ranoja O\u00dc","url":"https:\/\/ranoja.ee\/","logo":{"@type":"ImageObject","inLanguage":"en-US","@id":"https:\/\/ranoja.ee\/#\/schema\/logo\/image\/","url":"https:\/\/ranoja.ee\/wp-content\/uploads\/2023\/11\/ranoja-Logo.png","contentUrl":"https:\/\/ranoja.ee\/wp-content\/uploads\/2023\/11\/ranoja-Logo.png","width":207,"height":58,"caption":"Ranoja O\u00dc"},"image":{"@id":"https:\/\/ranoja.ee\/#\/schema\/logo\/image\/"},"sameAs":["https:\/\/www.facebook.com\/ranoja.ee","https:\/\/www.instagram.com\/ranoja__\/"]}]}},"_links":{"self":[{"href":"https:\/\/ranoja.ee\/en\/wp-json\/wp\/v2\/product\/57754","targetHints":{"allow":["GET"]}}],"collection":[{"href":"https:\/\/ranoja.ee\/en\/wp-json\/wp\/v2\/product"}],"about":[{"href":"https:\/\/ranoja.ee\/en\/wp-json\/wp\/v2\/types\/product"}],"wp:featuredmedia":[{"embeddable":true,"href":"https:\/\/ranoja.ee\/en\/wp-json\/wp\/v2\/media\/57755"}],"wp:attachment":[{"href":"https:\/\/ranoja.ee\/en\/wp-json\/wp\/v2\/media?parent=57754"}],"wp:term":[{"taxonomy":"product_cat","embeddable":true,"href":"https:\/\/ranoja.ee\/en\/wp-json\/wp\/v2\/product_cat?post=57754"},{"taxonomy":"product_tag","embeddable":true,"href":"https:\/\/ranoja.ee\/en\/wp-json\/wp\/v2\/product_tag?post=57754"}],"curies":[{"name":"wp","href":"https:\/\/api.w.org\/{rel}","templated":true}]}}