{"id":57742,"date":"2026-03-17T01:52:01","date_gmt":"2026-03-16T22:52:01","guid":{"rendered":"https:\/\/ranoja.ee\/toode\/diiselkutuse-lisand-dpf-cleaner-regenerator-300-ml-valvoline\/"},"modified":"2026-03-17T15:43:56","modified_gmt":"2026-03-17T12:43:56","slug":"diiselkutuse-lisand-dpf-cleaner-regenerator-300-ml-valvoline","status":"publish","type":"product","link":"https:\/\/ranoja.ee\/en\/toode\/diiselkutuse-lisand-dpf-cleaner-regenerator-300-ml-valvoline\/","title":{"rendered":"Diiselk\u00fctuse lisand DPF Cleaner &#038; Regenerator 300 ml, Valvoline"},"content":{"rendered":"","protected":false},"excerpt":{"rendered":"<p>Spetsaiaalne manustepakett mis aitab alandada tahmap\u00f5letuse temepratuuri tahkete osakeste filtris (DPF filtris). See v\u00f5imaldab kiirema automaatse p\u00f5letusrezhiimi (e. regenereemise) k\u00e4ivitumise madalamatel heitgaasi temeperatuuridel.<br \/>\n&#8211; Eriti soovituslik kui s\u00f5iduki kasutustingimused on ebasobivad regenreerimis protsessile nagu n\u00e4iteks linnas\u00f5it.<br \/>\n&#8211; Aitab s\u00e4ilitada DPF filtri t\u00f6\u00f6korras oleku ning aitab v\u00e4ltida kulukat puhastusremonti v\u00f5i filtri vahetust t\u00f6\u00f6kojas.<br \/>\n&#8211; Lihtne kasutada. Pole vajadust eri seadmete j\u00e4rele.<br \/>\nKasutamine:<br \/>\nSoovituslik k\u00f5ikidele diiselmootoritele kus on v\u00e4ljalaskes\u00fcsteemis tahkete osakeste filter ( DPF filter). Kasutada ennetava hooldusena, et tagada tahkete osakeste filtri optimaalne t\u00f6\u00f6 eriti kui enamus s\u00f5iduki kasutusest moodustab linnaliiklus. Selleks on l\u00fchikeste distantside s\u00f5it, palju t\u00fchik\u00e4iku liiklusummikutes, sagedane kiirendus- pidurdus. Valvoline DPF Cleaner &#038; Regenerator toodet on soovituslik kasutada ka peale regenereerimisprotsessi mis on esile kutsutud manuaalselt hoolde t\u00f6\u00f6kojas.<br \/>\nKasutusjuhis:<br \/>\nLisada pudeli sisu diiselk\u00fctuse paaki, soovituslikult 40 &#8211; 80 liitri diiselk\u00fctuse kohta. Optimaalseima tulemuse saavutamiseks kasuta iga kolmanda paagit\u00e4ie tankimisel.<br \/>\nMinimaalne diiselk\u00fctuse kogus 10 liitirt <br \/>\nT\u00e4htis m\u00e4rkus! Mitte \u00fcle doseerida. Mitte kasutada s\u00f5idukitel kus on autotootja  tehases paigaldatud AdBlue lisandis\u00fcsteem.<\/p>\n","protected":false},"featured_media":57743,"template":"","meta":{"inline_featured_image":false},"product_cat":[5055,5126,5009],"product_tag":[],"class_list":{"0":"post-57742","1":"product","2":"type-product","3":"status-publish","4":"has-post-thumbnail","6":"product_brand-valvoline","7":"product_cat-autohoolduskeemia","8":"product_cat-mootorihooldus","9":"product_cat-toostus-ja-autokeemia","11":"first","12":"instock","13":"purchasable","14":"product-type-simple"},"yoast_head":"<!-- This site is optimized with the Yoast SEO plugin v27.4 - https:\/\/yoast.com\/product\/yoast-seo-wordpress\/ -->\n<title>Diiselk\u00fctuse lisand DPF Cleaner &amp; Regenerator 300 ml, Valvoline - Ranoja<\/title>\n<meta name=\"robots\" content=\"index, follow, max-snippet:-1, max-image-preview:large, max-video-preview:-1\" \/>\n<link rel=\"canonical\" href=\"https:\/\/ranoja.ee\/toode\/diiselkutuse-lisand-dpf-cleaner-regenerator-300-ml-valvoline\/\" \/>\n<meta property=\"og:locale\" content=\"en_US\" \/>\n<meta property=\"og:type\" content=\"article\" \/>\n<meta property=\"og:title\" content=\"Diiselk\u00fctuse lisand DPF Cleaner &amp; Regenerator 300 ml, Valvoline - Ranoja\" \/>\n<meta property=\"og:description\" content=\"Spetsaiaalne manustepakett mis aitab alandada tahmap\u00f5letuse temepratuuri tahkete osakeste filtris (DPF filtris). See v\u00f5imaldab kiirema automaatse p\u00f5letusrezhiimi (e. regenereemise) k\u00e4ivitumise madalamatel heitgaasi temeperatuuridel. - Eriti soovituslik kui s\u00f5iduki kasutustingimused on ebasobivad regenreerimis protsessile nagu n\u00e4iteks linnas\u00f5it. - Aitab s\u00e4ilitada DPF filtri t\u00f6\u00f6korras oleku ning aitab v\u00e4ltida kulukat puhastusremonti v\u00f5i filtri vahetust t\u00f6\u00f6kojas. - Lihtne kasutada. Pole vajadust eri seadmete j\u00e4rele. Kasutamine: Soovituslik k\u00f5ikidele diiselmootoritele kus on v\u00e4ljalaskes\u00fcsteemis tahkete osakeste filter ( DPF filter). Kasutada ennetava hooldusena, et tagada tahkete osakeste filtri optimaalne t\u00f6\u00f6 eriti kui enamus s\u00f5iduki kasutusest moodustab linnaliiklus. Selleks on l\u00fchikeste distantside s\u00f5it, palju t\u00fchik\u00e4iku liiklusummikutes, sagedane kiirendus- pidurdus. Valvoline DPF Cleaner &amp; Regenerator toodet on soovituslik kasutada ka peale regenereerimisprotsessi mis on esile kutsutud manuaalselt hoolde t\u00f6\u00f6kojas. Kasutusjuhis: Lisada pudeli sisu diiselk\u00fctuse paaki, soovituslikult 40 - 80 liitri diiselk\u00fctuse kohta. Optimaalseima tulemuse saavutamiseks kasuta iga kolmanda paagit\u00e4ie tankimisel. Minimaalne diiselk\u00fctuse kogus 10 liitirt T\u00e4htis m\u00e4rkus! Mitte \u00fcle doseerida. Mitte kasutada s\u00f5idukitel kus on autotootja tehases paigaldatud AdBlue lisandis\u00fcsteem.\" \/>\n<meta property=\"og:url\" content=\"https:\/\/ranoja.ee\/toode\/diiselkutuse-lisand-dpf-cleaner-regenerator-300-ml-valvoline\/\" \/>\n<meta property=\"og:site_name\" content=\"Ranoja\" \/>\n<meta property=\"article:publisher\" content=\"https:\/\/www.facebook.com\/ranoja.ee\" \/>\n<meta property=\"article:modified_time\" content=\"2026-03-17T12:43:56+00:00\" \/>\n<meta property=\"og:image\" content=\"https:\/\/ranoja.ee\/wp-content\/uploads\/2026\/03\/229364100.jpg\" \/>\n\t<meta property=\"og:image:width\" content=\"302\" \/>\n\t<meta property=\"og:image:height\" content=\"497\" \/>\n\t<meta property=\"og:image:type\" content=\"image\/jpeg\" \/>\n<meta name=\"twitter:card\" content=\"summary_large_image\" \/>\n<script type=\"application\/ld+json\" class=\"yoast-schema-graph\">{\"@context\":\"https:\\\/\\\/schema.org\",\"@graph\":[{\"@type\":\"WebPage\",\"@id\":\"https:\\\/\\\/ranoja.ee\\\/toode\\\/diiselkutuse-lisand-dpf-cleaner-regenerator-300-ml-valvoline\\\/\",\"url\":\"https:\\\/\\\/ranoja.ee\\\/toode\\\/diiselkutuse-lisand-dpf-cleaner-regenerator-300-ml-valvoline\\\/\",\"name\":\"Diiselk\u00fctuse lisand DPF Cleaner & Regenerator 300 ml, Valvoline - Ranoja\",\"isPartOf\":{\"@id\":\"https:\\\/\\\/ranoja.ee\\\/#website\"},\"primaryImageOfPage\":{\"@id\":\"https:\\\/\\\/ranoja.ee\\\/toode\\\/diiselkutuse-lisand-dpf-cleaner-regenerator-300-ml-valvoline\\\/#primaryimage\"},\"image\":{\"@id\":\"https:\\\/\\\/ranoja.ee\\\/toode\\\/diiselkutuse-lisand-dpf-cleaner-regenerator-300-ml-valvoline\\\/#primaryimage\"},\"thumbnailUrl\":\"https:\\\/\\\/ranoja.ee\\\/wp-content\\\/uploads\\\/2026\\\/03\\\/229364100.jpg\",\"datePublished\":\"2026-03-16T22:52:01+00:00\",\"dateModified\":\"2026-03-17T12:43:56+00:00\",\"breadcrumb\":{\"@id\":\"https:\\\/\\\/ranoja.ee\\\/toode\\\/diiselkutuse-lisand-dpf-cleaner-regenerator-300-ml-valvoline\\\/#breadcrumb\"},\"inLanguage\":\"en-US\",\"potentialAction\":[{\"@type\":\"ReadAction\",\"target\":[\"https:\\\/\\\/ranoja.ee\\\/toode\\\/diiselkutuse-lisand-dpf-cleaner-regenerator-300-ml-valvoline\\\/\"]}]},{\"@type\":\"ImageObject\",\"inLanguage\":\"en-US\",\"@id\":\"https:\\\/\\\/ranoja.ee\\\/toode\\\/diiselkutuse-lisand-dpf-cleaner-regenerator-300-ml-valvoline\\\/#primaryimage\",\"url\":\"https:\\\/\\\/ranoja.ee\\\/wp-content\\\/uploads\\\/2026\\\/03\\\/229364100.jpg\",\"contentUrl\":\"https:\\\/\\\/ranoja.ee\\\/wp-content\\\/uploads\\\/2026\\\/03\\\/229364100.jpg\",\"width\":302,\"height\":497},{\"@type\":\"BreadcrumbList\",\"@id\":\"https:\\\/\\\/ranoja.ee\\\/toode\\\/diiselkutuse-lisand-dpf-cleaner-regenerator-300-ml-valvoline\\\/#breadcrumb\",\"itemListElement\":[{\"@type\":\"ListItem\",\"position\":1,\"name\":\"Home\",\"item\":\"https:\\\/\\\/ranoja.ee\\\/\"},{\"@type\":\"ListItem\",\"position\":2,\"name\":\"Shop\",\"item\":\"https:\\\/\\\/ranoja.ee\\\/en\\\/shop\\\/\"},{\"@type\":\"ListItem\",\"position\":3,\"name\":\"Diiselk\u00fctuse lisand DPF Cleaner &#038; Regenerator 300 ml, Valvoline\"}]},{\"@type\":\"WebSite\",\"@id\":\"https:\\\/\\\/ranoja.ee\\\/#website\",\"url\":\"https:\\\/\\\/ranoja.ee\\\/\",\"name\":\"Ranoja\",\"description\":\"Equipment Shop WooCommerce WordPress Theme for Machine &amp; Tools\",\"publisher\":{\"@id\":\"https:\\\/\\\/ranoja.ee\\\/#organization\"},\"potentialAction\":[{\"@type\":\"SearchAction\",\"target\":{\"@type\":\"EntryPoint\",\"urlTemplate\":\"https:\\\/\\\/ranoja.ee\\\/?s={search_term_string}\"},\"query-input\":{\"@type\":\"PropertyValueSpecification\",\"valueRequired\":true,\"valueName\":\"search_term_string\"}}],\"inLanguage\":\"en-US\"},{\"@type\":\"Organization\",\"@id\":\"https:\\\/\\\/ranoja.ee\\\/#organization\",\"name\":\"Ranoja O\u00dc\",\"url\":\"https:\\\/\\\/ranoja.ee\\\/\",\"logo\":{\"@type\":\"ImageObject\",\"inLanguage\":\"en-US\",\"@id\":\"https:\\\/\\\/ranoja.ee\\\/#\\\/schema\\\/logo\\\/image\\\/\",\"url\":\"https:\\\/\\\/ranoja.ee\\\/wp-content\\\/uploads\\\/2023\\\/11\\\/ranoja-Logo.png\",\"contentUrl\":\"https:\\\/\\\/ranoja.ee\\\/wp-content\\\/uploads\\\/2023\\\/11\\\/ranoja-Logo.png\",\"width\":207,\"height\":58,\"caption\":\"Ranoja O\u00dc\"},\"image\":{\"@id\":\"https:\\\/\\\/ranoja.ee\\\/#\\\/schema\\\/logo\\\/image\\\/\"},\"sameAs\":[\"https:\\\/\\\/www.facebook.com\\\/ranoja.ee\",\"https:\\\/\\\/www.instagram.com\\\/ranoja__\\\/\"]}]}<\/script>\n<!-- \/ Yoast SEO plugin. -->","yoast_head_json":{"title":"Diiselk\u00fctuse lisand DPF Cleaner & Regenerator 300 ml, Valvoline - Ranoja","robots":{"index":"index","follow":"follow","max-snippet":"max-snippet:-1","max-image-preview":"max-image-preview:large","max-video-preview":"max-video-preview:-1"},"canonical":"https:\/\/ranoja.ee\/toode\/diiselkutuse-lisand-dpf-cleaner-regenerator-300-ml-valvoline\/","og_locale":"en_US","og_type":"article","og_title":"Diiselk\u00fctuse lisand DPF Cleaner & Regenerator 300 ml, Valvoline - Ranoja","og_description":"Spetsaiaalne manustepakett mis aitab alandada tahmap\u00f5letuse temepratuuri tahkete osakeste filtris (DPF filtris). See v\u00f5imaldab kiirema automaatse p\u00f5letusrezhiimi (e. regenereemise) k\u00e4ivitumise madalamatel heitgaasi temeperatuuridel. - Eriti soovituslik kui s\u00f5iduki kasutustingimused on ebasobivad regenreerimis protsessile nagu n\u00e4iteks linnas\u00f5it. - Aitab s\u00e4ilitada DPF filtri t\u00f6\u00f6korras oleku ning aitab v\u00e4ltida kulukat puhastusremonti v\u00f5i filtri vahetust t\u00f6\u00f6kojas. - Lihtne kasutada. Pole vajadust eri seadmete j\u00e4rele. Kasutamine: Soovituslik k\u00f5ikidele diiselmootoritele kus on v\u00e4ljalaskes\u00fcsteemis tahkete osakeste filter ( DPF filter). Kasutada ennetava hooldusena, et tagada tahkete osakeste filtri optimaalne t\u00f6\u00f6 eriti kui enamus s\u00f5iduki kasutusest moodustab linnaliiklus. Selleks on l\u00fchikeste distantside s\u00f5it, palju t\u00fchik\u00e4iku liiklusummikutes, sagedane kiirendus- pidurdus. Valvoline DPF Cleaner & Regenerator toodet on soovituslik kasutada ka peale regenereerimisprotsessi mis on esile kutsutud manuaalselt hoolde t\u00f6\u00f6kojas. Kasutusjuhis: Lisada pudeli sisu diiselk\u00fctuse paaki, soovituslikult 40 - 80 liitri diiselk\u00fctuse kohta. Optimaalseima tulemuse saavutamiseks kasuta iga kolmanda paagit\u00e4ie tankimisel. Minimaalne diiselk\u00fctuse kogus 10 liitirt T\u00e4htis m\u00e4rkus! Mitte \u00fcle doseerida. Mitte kasutada s\u00f5idukitel kus on autotootja tehases paigaldatud AdBlue lisandis\u00fcsteem.","og_url":"https:\/\/ranoja.ee\/toode\/diiselkutuse-lisand-dpf-cleaner-regenerator-300-ml-valvoline\/","og_site_name":"Ranoja","article_publisher":"https:\/\/www.facebook.com\/ranoja.ee","article_modified_time":"2026-03-17T12:43:56+00:00","og_image":[{"width":302,"height":497,"url":"https:\/\/ranoja.ee\/wp-content\/uploads\/2026\/03\/229364100.jpg","type":"image\/jpeg"}],"twitter_card":"summary_large_image","schema":{"@context":"https:\/\/schema.org","@graph":[{"@type":"WebPage","@id":"https:\/\/ranoja.ee\/toode\/diiselkutuse-lisand-dpf-cleaner-regenerator-300-ml-valvoline\/","url":"https:\/\/ranoja.ee\/toode\/diiselkutuse-lisand-dpf-cleaner-regenerator-300-ml-valvoline\/","name":"Diiselk\u00fctuse lisand DPF Cleaner & Regenerator 300 ml, Valvoline - Ranoja","isPartOf":{"@id":"https:\/\/ranoja.ee\/#website"},"primaryImageOfPage":{"@id":"https:\/\/ranoja.ee\/toode\/diiselkutuse-lisand-dpf-cleaner-regenerator-300-ml-valvoline\/#primaryimage"},"image":{"@id":"https:\/\/ranoja.ee\/toode\/diiselkutuse-lisand-dpf-cleaner-regenerator-300-ml-valvoline\/#primaryimage"},"thumbnailUrl":"https:\/\/ranoja.ee\/wp-content\/uploads\/2026\/03\/229364100.jpg","datePublished":"2026-03-16T22:52:01+00:00","dateModified":"2026-03-17T12:43:56+00:00","breadcrumb":{"@id":"https:\/\/ranoja.ee\/toode\/diiselkutuse-lisand-dpf-cleaner-regenerator-300-ml-valvoline\/#breadcrumb"},"inLanguage":"en-US","potentialAction":[{"@type":"ReadAction","target":["https:\/\/ranoja.ee\/toode\/diiselkutuse-lisand-dpf-cleaner-regenerator-300-ml-valvoline\/"]}]},{"@type":"ImageObject","inLanguage":"en-US","@id":"https:\/\/ranoja.ee\/toode\/diiselkutuse-lisand-dpf-cleaner-regenerator-300-ml-valvoline\/#primaryimage","url":"https:\/\/ranoja.ee\/wp-content\/uploads\/2026\/03\/229364100.jpg","contentUrl":"https:\/\/ranoja.ee\/wp-content\/uploads\/2026\/03\/229364100.jpg","width":302,"height":497},{"@type":"BreadcrumbList","@id":"https:\/\/ranoja.ee\/toode\/diiselkutuse-lisand-dpf-cleaner-regenerator-300-ml-valvoline\/#breadcrumb","itemListElement":[{"@type":"ListItem","position":1,"name":"Home","item":"https:\/\/ranoja.ee\/"},{"@type":"ListItem","position":2,"name":"Shop","item":"https:\/\/ranoja.ee\/en\/shop\/"},{"@type":"ListItem","position":3,"name":"Diiselk\u00fctuse lisand DPF Cleaner &#038; Regenerator 300 ml, Valvoline"}]},{"@type":"WebSite","@id":"https:\/\/ranoja.ee\/#website","url":"https:\/\/ranoja.ee\/","name":"Ranoja","description":"Equipment Shop WooCommerce WordPress Theme for Machine &amp; Tools","publisher":{"@id":"https:\/\/ranoja.ee\/#organization"},"potentialAction":[{"@type":"SearchAction","target":{"@type":"EntryPoint","urlTemplate":"https:\/\/ranoja.ee\/?s={search_term_string}"},"query-input":{"@type":"PropertyValueSpecification","valueRequired":true,"valueName":"search_term_string"}}],"inLanguage":"en-US"},{"@type":"Organization","@id":"https:\/\/ranoja.ee\/#organization","name":"Ranoja O\u00dc","url":"https:\/\/ranoja.ee\/","logo":{"@type":"ImageObject","inLanguage":"en-US","@id":"https:\/\/ranoja.ee\/#\/schema\/logo\/image\/","url":"https:\/\/ranoja.ee\/wp-content\/uploads\/2023\/11\/ranoja-Logo.png","contentUrl":"https:\/\/ranoja.ee\/wp-content\/uploads\/2023\/11\/ranoja-Logo.png","width":207,"height":58,"caption":"Ranoja O\u00dc"},"image":{"@id":"https:\/\/ranoja.ee\/#\/schema\/logo\/image\/"},"sameAs":["https:\/\/www.facebook.com\/ranoja.ee","https:\/\/www.instagram.com\/ranoja__\/"]}]}},"_links":{"self":[{"href":"https:\/\/ranoja.ee\/en\/wp-json\/wp\/v2\/product\/57742","targetHints":{"allow":["GET"]}}],"collection":[{"href":"https:\/\/ranoja.ee\/en\/wp-json\/wp\/v2\/product"}],"about":[{"href":"https:\/\/ranoja.ee\/en\/wp-json\/wp\/v2\/types\/product"}],"wp:featuredmedia":[{"embeddable":true,"href":"https:\/\/ranoja.ee\/en\/wp-json\/wp\/v2\/media\/57743"}],"wp:attachment":[{"href":"https:\/\/ranoja.ee\/en\/wp-json\/wp\/v2\/media?parent=57742"}],"wp:term":[{"taxonomy":"product_cat","embeddable":true,"href":"https:\/\/ranoja.ee\/en\/wp-json\/wp\/v2\/product_cat?post=57742"},{"taxonomy":"product_tag","embeddable":true,"href":"https:\/\/ranoja.ee\/en\/wp-json\/wp\/v2\/product_tag?post=57742"}],"curies":[{"name":"wp","href":"https:\/\/api.w.org\/{rel}","templated":true}]}}