{"id":57728,"date":"2026-03-17T01:51:38","date_gmt":"2026-03-16T22:51:38","guid":{"rendered":"https:\/\/ranoja.ee\/toode\/varvieemaldi-paint-remover-500ml-motip\/"},"modified":"2026-03-17T15:43:56","modified_gmt":"2026-03-17T12:43:56","slug":"varvieemaldi-paint-remover-500ml-motip","status":"publish","type":"product","link":"https:\/\/ranoja.ee\/en\/toode\/varvieemaldi-paint-remover-500ml-motip\/","title":{"rendered":"V\u00e4rvieemaldi Paint Remover 500ml, Motip"},"content":{"rendered":"","protected":false},"excerpt":{"rendered":"<p>K\u00f5rgkvaliteetne v\u00e4rvieemaldi v\u00e4rvikihi eemaldamiseks metallilt, betoonilt, kivilt, puidult, asfaldilt.<br \/>\nLahustab peaaegu k\u00f5ike t\u00fc\u00fcpe v\u00e4rve. V\u00e4ga efektiivne, kasutajas\u00f5bralik, geeli kujul, katab 8cm laiuse riba.<\/p>\n<p>KASUTUSVALDKOND:<br \/>\nKasutamiseks maalrit\u00f6\u00f6del, kivim\u00fc\u00fcritistel, k\u00f5nniteedel, sillutistel.<br \/>\nNB! V\u00f5ib sulatada plastik ja kummidetaile.<\/p>\n<p>TEHNILINE INFO:<br \/>\nV\u00e4rvus: l\u00e4bipaistev<br \/>\nL\u00f5hn: iseloomulik<br \/>\nKulu: 1,5g\/sec, ca. 0,8m2 purk<br \/>\nTihedus 20\u00b0C juures: 1,25g\/ml<\/p>\n<p>KASUTAMINE:<br \/>\nEnnem kasutamist hoiustada toodet toatemperatuuril ja loksutada.<br \/>\nSoovitav kasutamistemperatuur +5\u00b0 kuni +30\u00b0C<br \/>\nEnnem kasutamist katseta toote sobivust mitten\u00e4htaval pinnal.<br \/>\nPihusta korralikult ainet puhastatavale pinnale ja lase ainel toimida. Toimimisaeg s\u00f5ltub v\u00e4rvikihi paksusest ja v\u00e4rvi kvaliteedist.<br \/>\nKobrutav v\u00e4rv eemalda pahtlilabidaga. Vajadusel korda protseduuri.<\/p>\n<p><\/p>\n","protected":false},"featured_media":57729,"template":"","meta":{"inline_featured_image":false},"product_cat":[5051,5010,5009],"product_tag":[],"class_list":{"0":"post-57728","1":"product","2":"type-product","3":"status-publish","4":"has-post-thumbnail","6":"product_brand-motip","7":"product_cat-eritooted","8":"product_cat-tehnilised-aerosoolid","9":"product_cat-toostus-ja-autokeemia","11":"first","12":"instock","13":"purchasable","14":"product-type-simple"},"yoast_head":"<!-- This site is optimized with the Yoast SEO plugin v27.4 - https:\/\/yoast.com\/product\/yoast-seo-wordpress\/ -->\n<title>V\u00e4rvieemaldi Paint Remover 500ml, Motip - Ranoja<\/title>\n<meta name=\"robots\" content=\"index, follow, max-snippet:-1, max-image-preview:large, max-video-preview:-1\" \/>\n<link rel=\"canonical\" href=\"https:\/\/ranoja.ee\/toode\/varvieemaldi-paint-remover-500ml-motip\/\" \/>\n<meta property=\"og:locale\" content=\"en_US\" \/>\n<meta property=\"og:type\" content=\"article\" \/>\n<meta property=\"og:title\" content=\"V\u00e4rvieemaldi Paint Remover 500ml, Motip - Ranoja\" \/>\n<meta property=\"og:description\" content=\"K\u00f5rgkvaliteetne v\u00e4rvieemaldi v\u00e4rvikihi eemaldamiseks metallilt, betoonilt, kivilt, puidult, asfaldilt. Lahustab peaaegu k\u00f5ike t\u00fc\u00fcpe v\u00e4rve. V\u00e4ga efektiivne, kasutajas\u00f5bralik, geeli kujul, katab 8cm laiuse riba. KASUTUSVALDKOND: Kasutamiseks maalrit\u00f6\u00f6del, kivim\u00fc\u00fcritistel, k\u00f5nniteedel, sillutistel. NB! V\u00f5ib sulatada plastik ja kummidetaile. TEHNILINE INFO: V\u00e4rvus: l\u00e4bipaistev L\u00f5hn: iseloomulik Kulu: 1,5g\/sec, ca. 0,8m2 purk Tihedus 20\u00b0C juures: 1,25g\/ml KASUTAMINE: Ennem kasutamist hoiustada toodet toatemperatuuril ja loksutada. Soovitav kasutamistemperatuur +5\u00b0 kuni +30\u00b0C Ennem kasutamist katseta toote sobivust mitten\u00e4htaval pinnal. Pihusta korralikult ainet puhastatavale pinnale ja lase ainel toimida. Toimimisaeg s\u00f5ltub v\u00e4rvikihi paksusest ja v\u00e4rvi kvaliteedist. Kobrutav v\u00e4rv eemalda pahtlilabidaga. Vajadusel korda protseduuri.\" \/>\n<meta property=\"og:url\" content=\"https:\/\/ranoja.ee\/toode\/varvieemaldi-paint-remover-500ml-motip\/\" \/>\n<meta property=\"og:site_name\" content=\"Ranoja\" \/>\n<meta property=\"article:publisher\" content=\"https:\/\/www.facebook.com\/ranoja.ee\" \/>\n<meta property=\"article:modified_time\" content=\"2026-03-17T12:43:56+00:00\" \/>\n<meta property=\"og:image\" content=\"https:\/\/ranoja.ee\/wp-content\/uploads\/2026\/03\/115227401.png\" \/>\n\t<meta property=\"og:image:width\" content=\"394\" \/>\n\t<meta property=\"og:image:height\" content=\"591\" \/>\n\t<meta property=\"og:image:type\" content=\"image\/jpeg\" \/>\n<meta name=\"twitter:card\" content=\"summary_large_image\" \/>\n<script type=\"application\/ld+json\" class=\"yoast-schema-graph\">{\"@context\":\"https:\\\/\\\/schema.org\",\"@graph\":[{\"@type\":\"WebPage\",\"@id\":\"https:\\\/\\\/ranoja.ee\\\/toode\\\/varvieemaldi-paint-remover-500ml-motip\\\/\",\"url\":\"https:\\\/\\\/ranoja.ee\\\/toode\\\/varvieemaldi-paint-remover-500ml-motip\\\/\",\"name\":\"V\u00e4rvieemaldi Paint Remover 500ml, Motip - Ranoja\",\"isPartOf\":{\"@id\":\"https:\\\/\\\/ranoja.ee\\\/#website\"},\"primaryImageOfPage\":{\"@id\":\"https:\\\/\\\/ranoja.ee\\\/toode\\\/varvieemaldi-paint-remover-500ml-motip\\\/#primaryimage\"},\"image\":{\"@id\":\"https:\\\/\\\/ranoja.ee\\\/toode\\\/varvieemaldi-paint-remover-500ml-motip\\\/#primaryimage\"},\"thumbnailUrl\":\"https:\\\/\\\/ranoja.ee\\\/wp-content\\\/uploads\\\/2026\\\/03\\\/115227401.png\",\"datePublished\":\"2026-03-16T22:51:38+00:00\",\"dateModified\":\"2026-03-17T12:43:56+00:00\",\"breadcrumb\":{\"@id\":\"https:\\\/\\\/ranoja.ee\\\/toode\\\/varvieemaldi-paint-remover-500ml-motip\\\/#breadcrumb\"},\"inLanguage\":\"en-US\",\"potentialAction\":[{\"@type\":\"ReadAction\",\"target\":[\"https:\\\/\\\/ranoja.ee\\\/toode\\\/varvieemaldi-paint-remover-500ml-motip\\\/\"]}]},{\"@type\":\"ImageObject\",\"inLanguage\":\"en-US\",\"@id\":\"https:\\\/\\\/ranoja.ee\\\/toode\\\/varvieemaldi-paint-remover-500ml-motip\\\/#primaryimage\",\"url\":\"https:\\\/\\\/ranoja.ee\\\/wp-content\\\/uploads\\\/2026\\\/03\\\/115227401.png\",\"contentUrl\":\"https:\\\/\\\/ranoja.ee\\\/wp-content\\\/uploads\\\/2026\\\/03\\\/115227401.png\",\"width\":394,\"height\":591},{\"@type\":\"BreadcrumbList\",\"@id\":\"https:\\\/\\\/ranoja.ee\\\/toode\\\/varvieemaldi-paint-remover-500ml-motip\\\/#breadcrumb\",\"itemListElement\":[{\"@type\":\"ListItem\",\"position\":1,\"name\":\"Home\",\"item\":\"https:\\\/\\\/ranoja.ee\\\/\"},{\"@type\":\"ListItem\",\"position\":2,\"name\":\"Shop\",\"item\":\"https:\\\/\\\/ranoja.ee\\\/en\\\/shop\\\/\"},{\"@type\":\"ListItem\",\"position\":3,\"name\":\"V\u00e4rvieemaldi Paint Remover 500ml, Motip\"}]},{\"@type\":\"WebSite\",\"@id\":\"https:\\\/\\\/ranoja.ee\\\/#website\",\"url\":\"https:\\\/\\\/ranoja.ee\\\/\",\"name\":\"Ranoja\",\"description\":\"Equipment Shop WooCommerce WordPress Theme for Machine &amp; Tools\",\"publisher\":{\"@id\":\"https:\\\/\\\/ranoja.ee\\\/#organization\"},\"potentialAction\":[{\"@type\":\"SearchAction\",\"target\":{\"@type\":\"EntryPoint\",\"urlTemplate\":\"https:\\\/\\\/ranoja.ee\\\/?s={search_term_string}\"},\"query-input\":{\"@type\":\"PropertyValueSpecification\",\"valueRequired\":true,\"valueName\":\"search_term_string\"}}],\"inLanguage\":\"en-US\"},{\"@type\":\"Organization\",\"@id\":\"https:\\\/\\\/ranoja.ee\\\/#organization\",\"name\":\"Ranoja O\u00dc\",\"url\":\"https:\\\/\\\/ranoja.ee\\\/\",\"logo\":{\"@type\":\"ImageObject\",\"inLanguage\":\"en-US\",\"@id\":\"https:\\\/\\\/ranoja.ee\\\/#\\\/schema\\\/logo\\\/image\\\/\",\"url\":\"https:\\\/\\\/ranoja.ee\\\/wp-content\\\/uploads\\\/2023\\\/11\\\/ranoja-Logo.png\",\"contentUrl\":\"https:\\\/\\\/ranoja.ee\\\/wp-content\\\/uploads\\\/2023\\\/11\\\/ranoja-Logo.png\",\"width\":207,\"height\":58,\"caption\":\"Ranoja O\u00dc\"},\"image\":{\"@id\":\"https:\\\/\\\/ranoja.ee\\\/#\\\/schema\\\/logo\\\/image\\\/\"},\"sameAs\":[\"https:\\\/\\\/www.facebook.com\\\/ranoja.ee\",\"https:\\\/\\\/www.instagram.com\\\/ranoja__\\\/\"]}]}<\/script>\n<!-- \/ Yoast SEO plugin. -->","yoast_head_json":{"title":"V\u00e4rvieemaldi Paint Remover 500ml, Motip - Ranoja","robots":{"index":"index","follow":"follow","max-snippet":"max-snippet:-1","max-image-preview":"max-image-preview:large","max-video-preview":"max-video-preview:-1"},"canonical":"https:\/\/ranoja.ee\/toode\/varvieemaldi-paint-remover-500ml-motip\/","og_locale":"en_US","og_type":"article","og_title":"V\u00e4rvieemaldi Paint Remover 500ml, Motip - Ranoja","og_description":"K\u00f5rgkvaliteetne v\u00e4rvieemaldi v\u00e4rvikihi eemaldamiseks metallilt, betoonilt, kivilt, puidult, asfaldilt. Lahustab peaaegu k\u00f5ike t\u00fc\u00fcpe v\u00e4rve. V\u00e4ga efektiivne, kasutajas\u00f5bralik, geeli kujul, katab 8cm laiuse riba. KASUTUSVALDKOND: Kasutamiseks maalrit\u00f6\u00f6del, kivim\u00fc\u00fcritistel, k\u00f5nniteedel, sillutistel. NB! V\u00f5ib sulatada plastik ja kummidetaile. TEHNILINE INFO: V\u00e4rvus: l\u00e4bipaistev L\u00f5hn: iseloomulik Kulu: 1,5g\/sec, ca. 0,8m2 purk Tihedus 20\u00b0C juures: 1,25g\/ml KASUTAMINE: Ennem kasutamist hoiustada toodet toatemperatuuril ja loksutada. Soovitav kasutamistemperatuur +5\u00b0 kuni +30\u00b0C Ennem kasutamist katseta toote sobivust mitten\u00e4htaval pinnal. Pihusta korralikult ainet puhastatavale pinnale ja lase ainel toimida. Toimimisaeg s\u00f5ltub v\u00e4rvikihi paksusest ja v\u00e4rvi kvaliteedist. Kobrutav v\u00e4rv eemalda pahtlilabidaga. Vajadusel korda protseduuri.","og_url":"https:\/\/ranoja.ee\/toode\/varvieemaldi-paint-remover-500ml-motip\/","og_site_name":"Ranoja","article_publisher":"https:\/\/www.facebook.com\/ranoja.ee","article_modified_time":"2026-03-17T12:43:56+00:00","og_image":[{"width":394,"height":591,"url":"https:\/\/ranoja.ee\/wp-content\/uploads\/2026\/03\/115227401.png","type":"image\/jpeg"}],"twitter_card":"summary_large_image","schema":{"@context":"https:\/\/schema.org","@graph":[{"@type":"WebPage","@id":"https:\/\/ranoja.ee\/toode\/varvieemaldi-paint-remover-500ml-motip\/","url":"https:\/\/ranoja.ee\/toode\/varvieemaldi-paint-remover-500ml-motip\/","name":"V\u00e4rvieemaldi Paint Remover 500ml, Motip - Ranoja","isPartOf":{"@id":"https:\/\/ranoja.ee\/#website"},"primaryImageOfPage":{"@id":"https:\/\/ranoja.ee\/toode\/varvieemaldi-paint-remover-500ml-motip\/#primaryimage"},"image":{"@id":"https:\/\/ranoja.ee\/toode\/varvieemaldi-paint-remover-500ml-motip\/#primaryimage"},"thumbnailUrl":"https:\/\/ranoja.ee\/wp-content\/uploads\/2026\/03\/115227401.png","datePublished":"2026-03-16T22:51:38+00:00","dateModified":"2026-03-17T12:43:56+00:00","breadcrumb":{"@id":"https:\/\/ranoja.ee\/toode\/varvieemaldi-paint-remover-500ml-motip\/#breadcrumb"},"inLanguage":"en-US","potentialAction":[{"@type":"ReadAction","target":["https:\/\/ranoja.ee\/toode\/varvieemaldi-paint-remover-500ml-motip\/"]}]},{"@type":"ImageObject","inLanguage":"en-US","@id":"https:\/\/ranoja.ee\/toode\/varvieemaldi-paint-remover-500ml-motip\/#primaryimage","url":"https:\/\/ranoja.ee\/wp-content\/uploads\/2026\/03\/115227401.png","contentUrl":"https:\/\/ranoja.ee\/wp-content\/uploads\/2026\/03\/115227401.png","width":394,"height":591},{"@type":"BreadcrumbList","@id":"https:\/\/ranoja.ee\/toode\/varvieemaldi-paint-remover-500ml-motip\/#breadcrumb","itemListElement":[{"@type":"ListItem","position":1,"name":"Home","item":"https:\/\/ranoja.ee\/"},{"@type":"ListItem","position":2,"name":"Shop","item":"https:\/\/ranoja.ee\/en\/shop\/"},{"@type":"ListItem","position":3,"name":"V\u00e4rvieemaldi Paint Remover 500ml, Motip"}]},{"@type":"WebSite","@id":"https:\/\/ranoja.ee\/#website","url":"https:\/\/ranoja.ee\/","name":"Ranoja","description":"Equipment Shop WooCommerce WordPress Theme for Machine &amp; Tools","publisher":{"@id":"https:\/\/ranoja.ee\/#organization"},"potentialAction":[{"@type":"SearchAction","target":{"@type":"EntryPoint","urlTemplate":"https:\/\/ranoja.ee\/?s={search_term_string}"},"query-input":{"@type":"PropertyValueSpecification","valueRequired":true,"valueName":"search_term_string"}}],"inLanguage":"en-US"},{"@type":"Organization","@id":"https:\/\/ranoja.ee\/#organization","name":"Ranoja O\u00dc","url":"https:\/\/ranoja.ee\/","logo":{"@type":"ImageObject","inLanguage":"en-US","@id":"https:\/\/ranoja.ee\/#\/schema\/logo\/image\/","url":"https:\/\/ranoja.ee\/wp-content\/uploads\/2023\/11\/ranoja-Logo.png","contentUrl":"https:\/\/ranoja.ee\/wp-content\/uploads\/2023\/11\/ranoja-Logo.png","width":207,"height":58,"caption":"Ranoja O\u00dc"},"image":{"@id":"https:\/\/ranoja.ee\/#\/schema\/logo\/image\/"},"sameAs":["https:\/\/www.facebook.com\/ranoja.ee","https:\/\/www.instagram.com\/ranoja__\/"]}]}},"_links":{"self":[{"href":"https:\/\/ranoja.ee\/en\/wp-json\/wp\/v2\/product\/57728","targetHints":{"allow":["GET"]}}],"collection":[{"href":"https:\/\/ranoja.ee\/en\/wp-json\/wp\/v2\/product"}],"about":[{"href":"https:\/\/ranoja.ee\/en\/wp-json\/wp\/v2\/types\/product"}],"wp:featuredmedia":[{"embeddable":true,"href":"https:\/\/ranoja.ee\/en\/wp-json\/wp\/v2\/media\/57729"}],"wp:attachment":[{"href":"https:\/\/ranoja.ee\/en\/wp-json\/wp\/v2\/media?parent=57728"}],"wp:term":[{"taxonomy":"product_cat","embeddable":true,"href":"https:\/\/ranoja.ee\/en\/wp-json\/wp\/v2\/product_cat?post=57728"},{"taxonomy":"product_tag","embeddable":true,"href":"https:\/\/ranoja.ee\/en\/wp-json\/wp\/v2\/product_tag?post=57728"}],"curies":[{"name":"wp","href":"https:\/\/api.w.org\/{rel}","templated":true}]}}