{"id":57712,"date":"2026-03-17T01:51:38","date_gmt":"2026-03-16T22:51:38","guid":{"rendered":"https:\/\/ranoja.ee\/toode\/labi-muudud-lumefrees-st-56-gudnord\/"},"modified":"2026-03-17T15:43:56","modified_gmt":"2026-03-17T12:43:56","slug":"labi-muudud-lumefrees-st-56-gudnord","status":"publish","type":"product","link":"https:\/\/ranoja.ee\/en\/toode\/labi-muudud-lumefrees-st-56-gudnord\/","title":{"rendered":"L\u00c4BI M\u00dc\u00dcDUD ! &#8211; Lumefrees ST 56, Gudnord"},"content":{"rendered":"","protected":false},"excerpt":{"rendered":"<p>Gudnord kaheastmelised lumefreesid sobivad suurep\u00e4raselt keskmiste ja suuremate alade puhastamiseks.<br \/>\nTerasest freesiteod koguvad esimese astmena lume kokku ning heidavad teise astmena l\u00e4bi v\u00e4ljavisketoru v\u00e4lja.<\/p>\n<p>Mootor Loncin H200, 196 cm\u00b3<br \/>\nMax. v\u00f5imsus 4,1 kW\/3600rpm<br \/>\nT\u00f6\u00f6laius 56 cm<br \/>\nT\u00f6\u00f6s\u00fcgavus 40 cm<br \/>\nT\u00f5mbestarter<br \/>\nIseliikuv<br \/>\nK\u00e4igud edasi\/tagasi 4 \/ 1<br \/>\nRattad 13&#8221; x 4&#8221;<br \/>\nV\u00e4ljaviskesuunaja regulatsioon suunaja torult<\/p>\n","protected":false},"featured_media":57713,"template":"","meta":{"inline_featured_image":false},"product_cat":[5085,5132,5131],"product_tag":[],"class_list":{"0":"post-57712","1":"product","2":"type-product","3":"status-publish","4":"has-post-thumbnail","6":"product_brand-gudnord","7":"product_cat-aiatehnika-ja-tooriistad","8":"product_cat-bensiinimootoriga-lumefreesid","9":"product_cat-lumefreesid","11":"first","12":"instock","13":"purchasable","14":"product-type-simple"},"yoast_head":"<!-- This site is optimized with the Yoast SEO plugin v27.4 - https:\/\/yoast.com\/product\/yoast-seo-wordpress\/ -->\n<title>L\u00c4BI M\u00dc\u00dcDUD ! - Lumefrees ST 56, Gudnord - Ranoja<\/title>\n<meta name=\"robots\" content=\"index, follow, max-snippet:-1, max-image-preview:large, max-video-preview:-1\" \/>\n<link rel=\"canonical\" href=\"https:\/\/ranoja.ee\/toode\/labi-muudud-lumefrees-st-56-gudnord\/\" \/>\n<meta property=\"og:locale\" content=\"en_US\" \/>\n<meta property=\"og:type\" content=\"article\" \/>\n<meta property=\"og:title\" content=\"L\u00c4BI M\u00dc\u00dcDUD ! - Lumefrees ST 56, Gudnord - Ranoja\" \/>\n<meta property=\"og:description\" content=\"Gudnord kaheastmelised lumefreesid sobivad suurep\u00e4raselt keskmiste ja suuremate alade puhastamiseks. Terasest freesiteod koguvad esimese astmena lume kokku ning heidavad teise astmena l\u00e4bi v\u00e4ljavisketoru v\u00e4lja. Mootor Loncin H200, 196 cm\u00b3 Max. v\u00f5imsus 4,1 kW\/3600rpm T\u00f6\u00f6laius 56 cm T\u00f6\u00f6s\u00fcgavus 40 cm T\u00f5mbestarter Iseliikuv K\u00e4igud edasi\/tagasi 4 \/ 1 Rattad 13&#039;&#039; x 4&#039;&#039; V\u00e4ljaviskesuunaja regulatsioon suunaja torult\" \/>\n<meta property=\"og:url\" content=\"https:\/\/ranoja.ee\/toode\/labi-muudud-lumefrees-st-56-gudnord\/\" \/>\n<meta property=\"og:site_name\" content=\"Ranoja\" \/>\n<meta property=\"article:publisher\" content=\"https:\/\/www.facebook.com\/ranoja.ee\" \/>\n<meta property=\"article:modified_time\" content=\"2026-03-17T12:43:56+00:00\" \/>\n<meta property=\"og:image\" content=\"https:\/\/ranoja.ee\/wp-content\/uploads\/2026\/03\/5638642845.jpg\" \/>\n\t<meta property=\"og:image:width\" content=\"720\" \/>\n\t<meta property=\"og:image:height\" content=\"900\" \/>\n\t<meta property=\"og:image:type\" content=\"image\/jpeg\" \/>\n<meta name=\"twitter:card\" content=\"summary_large_image\" \/>\n<script type=\"application\/ld+json\" class=\"yoast-schema-graph\">{\"@context\":\"https:\\\/\\\/schema.org\",\"@graph\":[{\"@type\":\"WebPage\",\"@id\":\"https:\\\/\\\/ranoja.ee\\\/toode\\\/labi-muudud-lumefrees-st-56-gudnord\\\/\",\"url\":\"https:\\\/\\\/ranoja.ee\\\/toode\\\/labi-muudud-lumefrees-st-56-gudnord\\\/\",\"name\":\"L\u00c4BI M\u00dc\u00dcDUD ! - Lumefrees ST 56, Gudnord - Ranoja\",\"isPartOf\":{\"@id\":\"https:\\\/\\\/ranoja.ee\\\/#website\"},\"primaryImageOfPage\":{\"@id\":\"https:\\\/\\\/ranoja.ee\\\/toode\\\/labi-muudud-lumefrees-st-56-gudnord\\\/#primaryimage\"},\"image\":{\"@id\":\"https:\\\/\\\/ranoja.ee\\\/toode\\\/labi-muudud-lumefrees-st-56-gudnord\\\/#primaryimage\"},\"thumbnailUrl\":\"https:\\\/\\\/ranoja.ee\\\/wp-content\\\/uploads\\\/2026\\\/03\\\/5638642845.jpg\",\"datePublished\":\"2026-03-16T22:51:38+00:00\",\"dateModified\":\"2026-03-17T12:43:56+00:00\",\"breadcrumb\":{\"@id\":\"https:\\\/\\\/ranoja.ee\\\/toode\\\/labi-muudud-lumefrees-st-56-gudnord\\\/#breadcrumb\"},\"inLanguage\":\"en-US\",\"potentialAction\":[{\"@type\":\"ReadAction\",\"target\":[\"https:\\\/\\\/ranoja.ee\\\/toode\\\/labi-muudud-lumefrees-st-56-gudnord\\\/\"]}]},{\"@type\":\"ImageObject\",\"inLanguage\":\"en-US\",\"@id\":\"https:\\\/\\\/ranoja.ee\\\/toode\\\/labi-muudud-lumefrees-st-56-gudnord\\\/#primaryimage\",\"url\":\"https:\\\/\\\/ranoja.ee\\\/wp-content\\\/uploads\\\/2026\\\/03\\\/5638642845.jpg\",\"contentUrl\":\"https:\\\/\\\/ranoja.ee\\\/wp-content\\\/uploads\\\/2026\\\/03\\\/5638642845.jpg\",\"width\":720,\"height\":900},{\"@type\":\"BreadcrumbList\",\"@id\":\"https:\\\/\\\/ranoja.ee\\\/toode\\\/labi-muudud-lumefrees-st-56-gudnord\\\/#breadcrumb\",\"itemListElement\":[{\"@type\":\"ListItem\",\"position\":1,\"name\":\"Home\",\"item\":\"https:\\\/\\\/ranoja.ee\\\/\"},{\"@type\":\"ListItem\",\"position\":2,\"name\":\"Shop\",\"item\":\"https:\\\/\\\/ranoja.ee\\\/en\\\/shop\\\/\"},{\"@type\":\"ListItem\",\"position\":3,\"name\":\"L\u00c4BI M\u00dc\u00dcDUD ! &#8211; Lumefrees ST 56, Gudnord\"}]},{\"@type\":\"WebSite\",\"@id\":\"https:\\\/\\\/ranoja.ee\\\/#website\",\"url\":\"https:\\\/\\\/ranoja.ee\\\/\",\"name\":\"Ranoja\",\"description\":\"Equipment Shop WooCommerce WordPress Theme for Machine &amp; Tools\",\"publisher\":{\"@id\":\"https:\\\/\\\/ranoja.ee\\\/#organization\"},\"potentialAction\":[{\"@type\":\"SearchAction\",\"target\":{\"@type\":\"EntryPoint\",\"urlTemplate\":\"https:\\\/\\\/ranoja.ee\\\/?s={search_term_string}\"},\"query-input\":{\"@type\":\"PropertyValueSpecification\",\"valueRequired\":true,\"valueName\":\"search_term_string\"}}],\"inLanguage\":\"en-US\"},{\"@type\":\"Organization\",\"@id\":\"https:\\\/\\\/ranoja.ee\\\/#organization\",\"name\":\"Ranoja O\u00dc\",\"url\":\"https:\\\/\\\/ranoja.ee\\\/\",\"logo\":{\"@type\":\"ImageObject\",\"inLanguage\":\"en-US\",\"@id\":\"https:\\\/\\\/ranoja.ee\\\/#\\\/schema\\\/logo\\\/image\\\/\",\"url\":\"https:\\\/\\\/ranoja.ee\\\/wp-content\\\/uploads\\\/2023\\\/11\\\/ranoja-Logo.png\",\"contentUrl\":\"https:\\\/\\\/ranoja.ee\\\/wp-content\\\/uploads\\\/2023\\\/11\\\/ranoja-Logo.png\",\"width\":207,\"height\":58,\"caption\":\"Ranoja O\u00dc\"},\"image\":{\"@id\":\"https:\\\/\\\/ranoja.ee\\\/#\\\/schema\\\/logo\\\/image\\\/\"},\"sameAs\":[\"https:\\\/\\\/www.facebook.com\\\/ranoja.ee\",\"https:\\\/\\\/www.instagram.com\\\/ranoja__\\\/\"]}]}<\/script>\n<!-- \/ Yoast SEO plugin. -->","yoast_head_json":{"title":"L\u00c4BI M\u00dc\u00dcDUD ! - Lumefrees ST 56, Gudnord - Ranoja","robots":{"index":"index","follow":"follow","max-snippet":"max-snippet:-1","max-image-preview":"max-image-preview:large","max-video-preview":"max-video-preview:-1"},"canonical":"https:\/\/ranoja.ee\/toode\/labi-muudud-lumefrees-st-56-gudnord\/","og_locale":"en_US","og_type":"article","og_title":"L\u00c4BI M\u00dc\u00dcDUD ! - Lumefrees ST 56, Gudnord - Ranoja","og_description":"Gudnord kaheastmelised lumefreesid sobivad suurep\u00e4raselt keskmiste ja suuremate alade puhastamiseks. Terasest freesiteod koguvad esimese astmena lume kokku ning heidavad teise astmena l\u00e4bi v\u00e4ljavisketoru v\u00e4lja. Mootor Loncin H200, 196 cm\u00b3 Max. v\u00f5imsus 4,1 kW\/3600rpm T\u00f6\u00f6laius 56 cm T\u00f6\u00f6s\u00fcgavus 40 cm T\u00f5mbestarter Iseliikuv K\u00e4igud edasi\/tagasi 4 \/ 1 Rattad 13'' x 4'' V\u00e4ljaviskesuunaja regulatsioon suunaja torult","og_url":"https:\/\/ranoja.ee\/toode\/labi-muudud-lumefrees-st-56-gudnord\/","og_site_name":"Ranoja","article_publisher":"https:\/\/www.facebook.com\/ranoja.ee","article_modified_time":"2026-03-17T12:43:56+00:00","og_image":[{"width":720,"height":900,"url":"https:\/\/ranoja.ee\/wp-content\/uploads\/2026\/03\/5638642845.jpg","type":"image\/jpeg"}],"twitter_card":"summary_large_image","schema":{"@context":"https:\/\/schema.org","@graph":[{"@type":"WebPage","@id":"https:\/\/ranoja.ee\/toode\/labi-muudud-lumefrees-st-56-gudnord\/","url":"https:\/\/ranoja.ee\/toode\/labi-muudud-lumefrees-st-56-gudnord\/","name":"L\u00c4BI M\u00dc\u00dcDUD ! - Lumefrees ST 56, Gudnord - Ranoja","isPartOf":{"@id":"https:\/\/ranoja.ee\/#website"},"primaryImageOfPage":{"@id":"https:\/\/ranoja.ee\/toode\/labi-muudud-lumefrees-st-56-gudnord\/#primaryimage"},"image":{"@id":"https:\/\/ranoja.ee\/toode\/labi-muudud-lumefrees-st-56-gudnord\/#primaryimage"},"thumbnailUrl":"https:\/\/ranoja.ee\/wp-content\/uploads\/2026\/03\/5638642845.jpg","datePublished":"2026-03-16T22:51:38+00:00","dateModified":"2026-03-17T12:43:56+00:00","breadcrumb":{"@id":"https:\/\/ranoja.ee\/toode\/labi-muudud-lumefrees-st-56-gudnord\/#breadcrumb"},"inLanguage":"en-US","potentialAction":[{"@type":"ReadAction","target":["https:\/\/ranoja.ee\/toode\/labi-muudud-lumefrees-st-56-gudnord\/"]}]},{"@type":"ImageObject","inLanguage":"en-US","@id":"https:\/\/ranoja.ee\/toode\/labi-muudud-lumefrees-st-56-gudnord\/#primaryimage","url":"https:\/\/ranoja.ee\/wp-content\/uploads\/2026\/03\/5638642845.jpg","contentUrl":"https:\/\/ranoja.ee\/wp-content\/uploads\/2026\/03\/5638642845.jpg","width":720,"height":900},{"@type":"BreadcrumbList","@id":"https:\/\/ranoja.ee\/toode\/labi-muudud-lumefrees-st-56-gudnord\/#breadcrumb","itemListElement":[{"@type":"ListItem","position":1,"name":"Home","item":"https:\/\/ranoja.ee\/"},{"@type":"ListItem","position":2,"name":"Shop","item":"https:\/\/ranoja.ee\/en\/shop\/"},{"@type":"ListItem","position":3,"name":"L\u00c4BI M\u00dc\u00dcDUD ! &#8211; Lumefrees ST 56, Gudnord"}]},{"@type":"WebSite","@id":"https:\/\/ranoja.ee\/#website","url":"https:\/\/ranoja.ee\/","name":"Ranoja","description":"Equipment Shop WooCommerce WordPress Theme for Machine &amp; Tools","publisher":{"@id":"https:\/\/ranoja.ee\/#organization"},"potentialAction":[{"@type":"SearchAction","target":{"@type":"EntryPoint","urlTemplate":"https:\/\/ranoja.ee\/?s={search_term_string}"},"query-input":{"@type":"PropertyValueSpecification","valueRequired":true,"valueName":"search_term_string"}}],"inLanguage":"en-US"},{"@type":"Organization","@id":"https:\/\/ranoja.ee\/#organization","name":"Ranoja O\u00dc","url":"https:\/\/ranoja.ee\/","logo":{"@type":"ImageObject","inLanguage":"en-US","@id":"https:\/\/ranoja.ee\/#\/schema\/logo\/image\/","url":"https:\/\/ranoja.ee\/wp-content\/uploads\/2023\/11\/ranoja-Logo.png","contentUrl":"https:\/\/ranoja.ee\/wp-content\/uploads\/2023\/11\/ranoja-Logo.png","width":207,"height":58,"caption":"Ranoja O\u00dc"},"image":{"@id":"https:\/\/ranoja.ee\/#\/schema\/logo\/image\/"},"sameAs":["https:\/\/www.facebook.com\/ranoja.ee","https:\/\/www.instagram.com\/ranoja__\/"]}]}},"_links":{"self":[{"href":"https:\/\/ranoja.ee\/en\/wp-json\/wp\/v2\/product\/57712","targetHints":{"allow":["GET"]}}],"collection":[{"href":"https:\/\/ranoja.ee\/en\/wp-json\/wp\/v2\/product"}],"about":[{"href":"https:\/\/ranoja.ee\/en\/wp-json\/wp\/v2\/types\/product"}],"wp:featuredmedia":[{"embeddable":true,"href":"https:\/\/ranoja.ee\/en\/wp-json\/wp\/v2\/media\/57713"}],"wp:attachment":[{"href":"https:\/\/ranoja.ee\/en\/wp-json\/wp\/v2\/media?parent=57712"}],"wp:term":[{"taxonomy":"product_cat","embeddable":true,"href":"https:\/\/ranoja.ee\/en\/wp-json\/wp\/v2\/product_cat?post=57712"},{"taxonomy":"product_tag","embeddable":true,"href":"https:\/\/ranoja.ee\/en\/wp-json\/wp\/v2\/product_tag?post=57712"}],"curies":[{"name":"wp","href":"https:\/\/api.w.org\/{rel}","templated":true}]}}