{"id":57692,"date":"2026-03-17T01:51:15","date_gmt":"2026-03-16T22:51:15","guid":{"rendered":"https:\/\/ranoja.ee\/toode\/akutrell-c-dtb74-1-x-koos-74-osalise-tarvikutekomplektiga-scheppach\/"},"modified":"2026-03-17T15:43:57","modified_gmt":"2026-03-17T12:43:57","slug":"akutrell-c-dtb74-1-x-koos-74-osalise-tarvikutekomplektiga-scheppach","status":"publish","type":"product","link":"https:\/\/ranoja.ee\/en\/toode\/akutrell-c-dtb74-1-x-koos-74-osalise-tarvikutekomplektiga-scheppach\/","title":{"rendered":"Akutrell C-DTB74\/1-X, koos 74-osalise tarvikutekomplektiga, Scheppach"},"content":{"rendered":"","protected":false},"excerpt":{"rendered":"<p>Asjalik trellikomplekt koos vajalike tarvikutega igale meistrimehele!<\/p>\n<p>Aku: 1 x 20V, 2,0 Ah<br \/>\nLaadija: 2,4 A<br \/>\nMootori t\u00fc\u00fcp: harjadega<br \/>\nV\u00e4\u00e4ndemomendi tasemed: 25 + 1 puurimisaste<br \/>\nMaksimaalne v\u00e4\u00e4ndemoment: 45 Nm<br \/>\nP\u00f6\u00f6rete arv t\u00fchik\u00e4igul:  0\u2013400 \/ 0-1550 \/min<br \/>\nPadruni kinnitusvahe: 1,5 &#8211; 13 mm<br \/>\nPuuri l\u00e4bim\u00f5\u00f5t: <br \/>\n&#8211; puidus 30 mm<br \/>\n&#8211; terases 13 mm<br \/>\nLukustus: Automaatne &#8211; SPINDLE-LOCK<\/p>\n<p>V\u00f5imas mootor 2-k\u00e4igulise k\u00e4igukastiga<br \/>\nLukustusmehhanismiga metallist kiirpadrun<br \/>\nSujuv kiiruseregulatsioon koos kiirseiskamisfunktsiooniga<br \/>\nIntegreeritud LED t\u00f6\u00f6valgusti<br \/>\nLibisemisvastane pehme k\u00e4epide<br \/>\nLaadija automaatse laadimise katkestamise ja LED laadimisn\u00e4idikuga<br \/>\nPraktiline v\u00f6\u00f6klamber<br \/>\nTugevas plastkohvris<\/p>\n<p>Komplekt kuulub: aku 20 V \/ 2,0 Ah ja laadija, kohver koos 74 tarvikuga.<\/p>\n<p>Lisaks sobivad ka akud ja laadijad:<br \/>\n7909201708&#038;SCHEP Aku SBP2.0,  20 V \/ 2,0 Ah, Li-ioon<br \/>\n7909201709&#038;SCHEP Aku SBP4.0, 20 V \/ 4,0 Ah, Li-ioon<br \/>\n7909201711&#038;SCHEP Kiirlaadija SBC4.5A<\/p>\n<p>Scheppachi elektrilised k\u00e4sit\u00f6\u00f6riistad on m\u00f5eldud n\u00f5udlikule hobikasutajale.<\/p>\n","protected":false},"featured_media":57693,"template":"","meta":{"inline_featured_image":false},"product_cat":[1094,5128,5127],"product_tag":[],"class_list":{"0":"post-57692","1":"product","2":"type-product","3":"status-publish","4":"has-post-thumbnail","6":"product_brand-scheppach","7":"product_cat-akutooriistad","8":"product_cat-akutrellid","9":"product_cat-akutrellid-kruvikeerajad","11":"first","12":"instock","13":"purchasable","14":"product-type-simple"},"yoast_head":"<!-- This site is optimized with the Yoast SEO plugin v27.4 - https:\/\/yoast.com\/product\/yoast-seo-wordpress\/ -->\n<title>Akutrell C-DTB74\/1-X, koos 74-osalise tarvikutekomplektiga, Scheppach - Ranoja<\/title>\n<meta name=\"robots\" content=\"index, follow, max-snippet:-1, max-image-preview:large, max-video-preview:-1\" \/>\n<link rel=\"canonical\" href=\"https:\/\/ranoja.ee\/toode\/akutrell-c-dtb74-1-x-koos-74-osalise-tarvikutekomplektiga-scheppach\/\" \/>\n<meta property=\"og:locale\" content=\"en_US\" \/>\n<meta property=\"og:type\" content=\"article\" \/>\n<meta property=\"og:title\" content=\"Akutrell C-DTB74\/1-X, koos 74-osalise tarvikutekomplektiga, Scheppach - Ranoja\" \/>\n<meta property=\"og:description\" content=\"Asjalik trellikomplekt koos vajalike tarvikutega igale meistrimehele! Aku: 1 x 20V, 2,0 Ah Laadija: 2,4 A Mootori t\u00fc\u00fcp: harjadega V\u00e4\u00e4ndemomendi tasemed: 25 + 1 puurimisaste Maksimaalne v\u00e4\u00e4ndemoment: 45 Nm P\u00f6\u00f6rete arv t\u00fchik\u00e4igul: 0\u2013400 \/ 0-1550 \/min Padruni kinnitusvahe: 1,5 - 13 mm Puuri l\u00e4bim\u00f5\u00f5t: - puidus 30 mm - terases 13 mm Lukustus: Automaatne - SPINDLE-LOCK V\u00f5imas mootor 2-k\u00e4igulise k\u00e4igukastiga Lukustusmehhanismiga metallist kiirpadrun Sujuv kiiruseregulatsioon koos kiirseiskamisfunktsiooniga Integreeritud LED t\u00f6\u00f6valgusti Libisemisvastane pehme k\u00e4epide Laadija automaatse laadimise katkestamise ja LED laadimisn\u00e4idikuga Praktiline v\u00f6\u00f6klamber Tugevas plastkohvris Komplekt kuulub: aku 20 V \/ 2,0 Ah ja laadija, kohver koos 74 tarvikuga. Lisaks sobivad ka akud ja laadijad: 7909201708&amp;SCHEP Aku SBP2.0, 20 V \/ 2,0 Ah, Li-ioon 7909201709&amp;SCHEP Aku SBP4.0, 20 V \/ 4,0 Ah, Li-ioon 7909201711&amp;SCHEP Kiirlaadija SBC4.5A Scheppachi elektrilised k\u00e4sit\u00f6\u00f6riistad on m\u00f5eldud n\u00f5udlikule hobikasutajale.\" \/>\n<meta property=\"og:url\" content=\"https:\/\/ranoja.ee\/toode\/akutrell-c-dtb74-1-x-koos-74-osalise-tarvikutekomplektiga-scheppach\/\" \/>\n<meta property=\"og:site_name\" content=\"Ranoja\" \/>\n<meta property=\"article:publisher\" content=\"https:\/\/www.facebook.com\/ranoja.ee\" \/>\n<meta property=\"article:modified_time\" content=\"2026-03-17T12:43:57+00:00\" \/>\n<meta property=\"og:image\" content=\"https:\/\/ranoja.ee\/wp-content\/uploads\/2026\/03\/261284245.jpg\" \/>\n\t<meta property=\"og:image:width\" content=\"768\" \/>\n\t<meta property=\"og:image:height\" content=\"768\" \/>\n\t<meta property=\"og:image:type\" content=\"image\/jpeg\" \/>\n<meta name=\"twitter:card\" content=\"summary_large_image\" \/>\n<script type=\"application\/ld+json\" class=\"yoast-schema-graph\">{\"@context\":\"https:\\\/\\\/schema.org\",\"@graph\":[{\"@type\":\"WebPage\",\"@id\":\"https:\\\/\\\/ranoja.ee\\\/toode\\\/akutrell-c-dtb74-1-x-koos-74-osalise-tarvikutekomplektiga-scheppach\\\/\",\"url\":\"https:\\\/\\\/ranoja.ee\\\/toode\\\/akutrell-c-dtb74-1-x-koos-74-osalise-tarvikutekomplektiga-scheppach\\\/\",\"name\":\"Akutrell C-DTB74\\\/1-X, koos 74-osalise tarvikutekomplektiga, Scheppach - Ranoja\",\"isPartOf\":{\"@id\":\"https:\\\/\\\/ranoja.ee\\\/#website\"},\"primaryImageOfPage\":{\"@id\":\"https:\\\/\\\/ranoja.ee\\\/toode\\\/akutrell-c-dtb74-1-x-koos-74-osalise-tarvikutekomplektiga-scheppach\\\/#primaryimage\"},\"image\":{\"@id\":\"https:\\\/\\\/ranoja.ee\\\/toode\\\/akutrell-c-dtb74-1-x-koos-74-osalise-tarvikutekomplektiga-scheppach\\\/#primaryimage\"},\"thumbnailUrl\":\"https:\\\/\\\/ranoja.ee\\\/wp-content\\\/uploads\\\/2026\\\/03\\\/261284245.jpg\",\"datePublished\":\"2026-03-16T22:51:15+00:00\",\"dateModified\":\"2026-03-17T12:43:57+00:00\",\"breadcrumb\":{\"@id\":\"https:\\\/\\\/ranoja.ee\\\/toode\\\/akutrell-c-dtb74-1-x-koos-74-osalise-tarvikutekomplektiga-scheppach\\\/#breadcrumb\"},\"inLanguage\":\"en-US\",\"potentialAction\":[{\"@type\":\"ReadAction\",\"target\":[\"https:\\\/\\\/ranoja.ee\\\/toode\\\/akutrell-c-dtb74-1-x-koos-74-osalise-tarvikutekomplektiga-scheppach\\\/\"]}]},{\"@type\":\"ImageObject\",\"inLanguage\":\"en-US\",\"@id\":\"https:\\\/\\\/ranoja.ee\\\/toode\\\/akutrell-c-dtb74-1-x-koos-74-osalise-tarvikutekomplektiga-scheppach\\\/#primaryimage\",\"url\":\"https:\\\/\\\/ranoja.ee\\\/wp-content\\\/uploads\\\/2026\\\/03\\\/261284245.jpg\",\"contentUrl\":\"https:\\\/\\\/ranoja.ee\\\/wp-content\\\/uploads\\\/2026\\\/03\\\/261284245.jpg\",\"width\":768,\"height\":768},{\"@type\":\"BreadcrumbList\",\"@id\":\"https:\\\/\\\/ranoja.ee\\\/toode\\\/akutrell-c-dtb74-1-x-koos-74-osalise-tarvikutekomplektiga-scheppach\\\/#breadcrumb\",\"itemListElement\":[{\"@type\":\"ListItem\",\"position\":1,\"name\":\"Home\",\"item\":\"https:\\\/\\\/ranoja.ee\\\/\"},{\"@type\":\"ListItem\",\"position\":2,\"name\":\"Shop\",\"item\":\"https:\\\/\\\/ranoja.ee\\\/en\\\/shop\\\/\"},{\"@type\":\"ListItem\",\"position\":3,\"name\":\"Akutrell C-DTB74\\\/1-X, koos 74-osalise tarvikutekomplektiga, Scheppach\"}]},{\"@type\":\"WebSite\",\"@id\":\"https:\\\/\\\/ranoja.ee\\\/#website\",\"url\":\"https:\\\/\\\/ranoja.ee\\\/\",\"name\":\"Ranoja\",\"description\":\"Equipment Shop WooCommerce WordPress Theme for Machine &amp; Tools\",\"publisher\":{\"@id\":\"https:\\\/\\\/ranoja.ee\\\/#organization\"},\"potentialAction\":[{\"@type\":\"SearchAction\",\"target\":{\"@type\":\"EntryPoint\",\"urlTemplate\":\"https:\\\/\\\/ranoja.ee\\\/?s={search_term_string}\"},\"query-input\":{\"@type\":\"PropertyValueSpecification\",\"valueRequired\":true,\"valueName\":\"search_term_string\"}}],\"inLanguage\":\"en-US\"},{\"@type\":\"Organization\",\"@id\":\"https:\\\/\\\/ranoja.ee\\\/#organization\",\"name\":\"Ranoja O\u00dc\",\"url\":\"https:\\\/\\\/ranoja.ee\\\/\",\"logo\":{\"@type\":\"ImageObject\",\"inLanguage\":\"en-US\",\"@id\":\"https:\\\/\\\/ranoja.ee\\\/#\\\/schema\\\/logo\\\/image\\\/\",\"url\":\"https:\\\/\\\/ranoja.ee\\\/wp-content\\\/uploads\\\/2023\\\/11\\\/ranoja-Logo.png\",\"contentUrl\":\"https:\\\/\\\/ranoja.ee\\\/wp-content\\\/uploads\\\/2023\\\/11\\\/ranoja-Logo.png\",\"width\":207,\"height\":58,\"caption\":\"Ranoja O\u00dc\"},\"image\":{\"@id\":\"https:\\\/\\\/ranoja.ee\\\/#\\\/schema\\\/logo\\\/image\\\/\"},\"sameAs\":[\"https:\\\/\\\/www.facebook.com\\\/ranoja.ee\",\"https:\\\/\\\/www.instagram.com\\\/ranoja__\\\/\"]}]}<\/script>\n<!-- \/ Yoast SEO plugin. -->","yoast_head_json":{"title":"Akutrell C-DTB74\/1-X, koos 74-osalise tarvikutekomplektiga, Scheppach - Ranoja","robots":{"index":"index","follow":"follow","max-snippet":"max-snippet:-1","max-image-preview":"max-image-preview:large","max-video-preview":"max-video-preview:-1"},"canonical":"https:\/\/ranoja.ee\/toode\/akutrell-c-dtb74-1-x-koos-74-osalise-tarvikutekomplektiga-scheppach\/","og_locale":"en_US","og_type":"article","og_title":"Akutrell C-DTB74\/1-X, koos 74-osalise tarvikutekomplektiga, Scheppach - Ranoja","og_description":"Asjalik trellikomplekt koos vajalike tarvikutega igale meistrimehele! Aku: 1 x 20V, 2,0 Ah Laadija: 2,4 A Mootori t\u00fc\u00fcp: harjadega V\u00e4\u00e4ndemomendi tasemed: 25 + 1 puurimisaste Maksimaalne v\u00e4\u00e4ndemoment: 45 Nm P\u00f6\u00f6rete arv t\u00fchik\u00e4igul: 0\u2013400 \/ 0-1550 \/min Padruni kinnitusvahe: 1,5 - 13 mm Puuri l\u00e4bim\u00f5\u00f5t: - puidus 30 mm - terases 13 mm Lukustus: Automaatne - SPINDLE-LOCK V\u00f5imas mootor 2-k\u00e4igulise k\u00e4igukastiga Lukustusmehhanismiga metallist kiirpadrun Sujuv kiiruseregulatsioon koos kiirseiskamisfunktsiooniga Integreeritud LED t\u00f6\u00f6valgusti Libisemisvastane pehme k\u00e4epide Laadija automaatse laadimise katkestamise ja LED laadimisn\u00e4idikuga Praktiline v\u00f6\u00f6klamber Tugevas plastkohvris Komplekt kuulub: aku 20 V \/ 2,0 Ah ja laadija, kohver koos 74 tarvikuga. Lisaks sobivad ka akud ja laadijad: 7909201708&SCHEP Aku SBP2.0, 20 V \/ 2,0 Ah, Li-ioon 7909201709&SCHEP Aku SBP4.0, 20 V \/ 4,0 Ah, Li-ioon 7909201711&SCHEP Kiirlaadija SBC4.5A Scheppachi elektrilised k\u00e4sit\u00f6\u00f6riistad on m\u00f5eldud n\u00f5udlikule hobikasutajale.","og_url":"https:\/\/ranoja.ee\/toode\/akutrell-c-dtb74-1-x-koos-74-osalise-tarvikutekomplektiga-scheppach\/","og_site_name":"Ranoja","article_publisher":"https:\/\/www.facebook.com\/ranoja.ee","article_modified_time":"2026-03-17T12:43:57+00:00","og_image":[{"width":768,"height":768,"url":"https:\/\/ranoja.ee\/wp-content\/uploads\/2026\/03\/261284245.jpg","type":"image\/jpeg"}],"twitter_card":"summary_large_image","schema":{"@context":"https:\/\/schema.org","@graph":[{"@type":"WebPage","@id":"https:\/\/ranoja.ee\/toode\/akutrell-c-dtb74-1-x-koos-74-osalise-tarvikutekomplektiga-scheppach\/","url":"https:\/\/ranoja.ee\/toode\/akutrell-c-dtb74-1-x-koos-74-osalise-tarvikutekomplektiga-scheppach\/","name":"Akutrell C-DTB74\/1-X, koos 74-osalise tarvikutekomplektiga, Scheppach - Ranoja","isPartOf":{"@id":"https:\/\/ranoja.ee\/#website"},"primaryImageOfPage":{"@id":"https:\/\/ranoja.ee\/toode\/akutrell-c-dtb74-1-x-koos-74-osalise-tarvikutekomplektiga-scheppach\/#primaryimage"},"image":{"@id":"https:\/\/ranoja.ee\/toode\/akutrell-c-dtb74-1-x-koos-74-osalise-tarvikutekomplektiga-scheppach\/#primaryimage"},"thumbnailUrl":"https:\/\/ranoja.ee\/wp-content\/uploads\/2026\/03\/261284245.jpg","datePublished":"2026-03-16T22:51:15+00:00","dateModified":"2026-03-17T12:43:57+00:00","breadcrumb":{"@id":"https:\/\/ranoja.ee\/toode\/akutrell-c-dtb74-1-x-koos-74-osalise-tarvikutekomplektiga-scheppach\/#breadcrumb"},"inLanguage":"en-US","potentialAction":[{"@type":"ReadAction","target":["https:\/\/ranoja.ee\/toode\/akutrell-c-dtb74-1-x-koos-74-osalise-tarvikutekomplektiga-scheppach\/"]}]},{"@type":"ImageObject","inLanguage":"en-US","@id":"https:\/\/ranoja.ee\/toode\/akutrell-c-dtb74-1-x-koos-74-osalise-tarvikutekomplektiga-scheppach\/#primaryimage","url":"https:\/\/ranoja.ee\/wp-content\/uploads\/2026\/03\/261284245.jpg","contentUrl":"https:\/\/ranoja.ee\/wp-content\/uploads\/2026\/03\/261284245.jpg","width":768,"height":768},{"@type":"BreadcrumbList","@id":"https:\/\/ranoja.ee\/toode\/akutrell-c-dtb74-1-x-koos-74-osalise-tarvikutekomplektiga-scheppach\/#breadcrumb","itemListElement":[{"@type":"ListItem","position":1,"name":"Home","item":"https:\/\/ranoja.ee\/"},{"@type":"ListItem","position":2,"name":"Shop","item":"https:\/\/ranoja.ee\/en\/shop\/"},{"@type":"ListItem","position":3,"name":"Akutrell C-DTB74\/1-X, koos 74-osalise tarvikutekomplektiga, Scheppach"}]},{"@type":"WebSite","@id":"https:\/\/ranoja.ee\/#website","url":"https:\/\/ranoja.ee\/","name":"Ranoja","description":"Equipment Shop WooCommerce WordPress Theme for Machine &amp; Tools","publisher":{"@id":"https:\/\/ranoja.ee\/#organization"},"potentialAction":[{"@type":"SearchAction","target":{"@type":"EntryPoint","urlTemplate":"https:\/\/ranoja.ee\/?s={search_term_string}"},"query-input":{"@type":"PropertyValueSpecification","valueRequired":true,"valueName":"search_term_string"}}],"inLanguage":"en-US"},{"@type":"Organization","@id":"https:\/\/ranoja.ee\/#organization","name":"Ranoja O\u00dc","url":"https:\/\/ranoja.ee\/","logo":{"@type":"ImageObject","inLanguage":"en-US","@id":"https:\/\/ranoja.ee\/#\/schema\/logo\/image\/","url":"https:\/\/ranoja.ee\/wp-content\/uploads\/2023\/11\/ranoja-Logo.png","contentUrl":"https:\/\/ranoja.ee\/wp-content\/uploads\/2023\/11\/ranoja-Logo.png","width":207,"height":58,"caption":"Ranoja O\u00dc"},"image":{"@id":"https:\/\/ranoja.ee\/#\/schema\/logo\/image\/"},"sameAs":["https:\/\/www.facebook.com\/ranoja.ee","https:\/\/www.instagram.com\/ranoja__\/"]}]}},"_links":{"self":[{"href":"https:\/\/ranoja.ee\/en\/wp-json\/wp\/v2\/product\/57692","targetHints":{"allow":["GET"]}}],"collection":[{"href":"https:\/\/ranoja.ee\/en\/wp-json\/wp\/v2\/product"}],"about":[{"href":"https:\/\/ranoja.ee\/en\/wp-json\/wp\/v2\/types\/product"}],"wp:featuredmedia":[{"embeddable":true,"href":"https:\/\/ranoja.ee\/en\/wp-json\/wp\/v2\/media\/57693"}],"wp:attachment":[{"href":"https:\/\/ranoja.ee\/en\/wp-json\/wp\/v2\/media?parent=57692"}],"wp:term":[{"taxonomy":"product_cat","embeddable":true,"href":"https:\/\/ranoja.ee\/en\/wp-json\/wp\/v2\/product_cat?post=57692"},{"taxonomy":"product_tag","embeddable":true,"href":"https:\/\/ranoja.ee\/en\/wp-json\/wp\/v2\/product_tag?post=57692"}],"curies":[{"name":"wp","href":"https:\/\/api.w.org\/{rel}","templated":true}]}}