{"id":57666,"date":"2026-03-17T01:51:15","date_gmt":"2026-03-16T22:51:15","guid":{"rendered":"https:\/\/ranoja.ee\/toode\/klaasipesu-screenwasher-antifreeze-50c-kontsentraat-1l-valvoline\/"},"modified":"2026-03-17T15:43:58","modified_gmt":"2026-03-17T12:43:58","slug":"klaasipesu-screenwasher-antifreeze-50c-kontsentraat-1l-valvoline","status":"publish","type":"product","link":"https:\/\/ranoja.ee\/en\/toode\/klaasipesu-screenwasher-antifreeze-50c-kontsentraat-1l-valvoline\/","title":{"rendered":"Klaasipesu Screenwasher Antifreeze -50C kontsentraat 1L, Valvoline"},"content":{"rendered":"","protected":false},"excerpt":{"rendered":"<p>Valvoline Screenwasher Antifreeze on t\u00f5hus sinist v\u00e4rvi vedelik mis puhastab ja muudab rasvavabaks auto esiklaasi ning kaitseb klaasi- ja tulede pesu s\u00fcsteemi k\u00fclmumise vastu talvisel ajal. Spetsiaalsed komponendid tagavad puhta esiklaasi ja hea n\u00e4htavuse ka v\u00e4ga keerukates ilmastikuoludes s\u00f5itmisel. Hoolega j\u00e4rgida veega segamisel ilmastikuolusid, et tagada piisav s\u00fcsteemi k\u00fclmumiskaitse.<br \/>\n100% kontsentraat  -60\u00b0C k\u00fclmumiskaitse<br \/>\n2:1 -30\u00b0C k\u00fclmumiskaitse<br \/>\n1:1 -20\u00b0C k\u00fclmumiskaitse<br \/>\n1:2 -10\u00b0C k\u00fclmumiskaitse<br \/>\n1:5 soovituslik suvine segusuhe<\/p>\n","protected":false},"featured_media":57667,"template":"","meta":{"inline_featured_image":false},"product_cat":[5121,5122,5009],"product_tag":[],"class_list":{"0":"post-57666","1":"product","2":"type-product","3":"status-publish","4":"has-post-thumbnail","6":"product_brand-valvoline","7":"product_cat-klaasipesu-ja-jahutusvedelikud","8":"product_cat-klaasipesuvedelikud","9":"product_cat-toostus-ja-autokeemia","11":"first","12":"instock","13":"purchasable","14":"product-type-simple"},"yoast_head":"<!-- This site is optimized with the Yoast SEO plugin v27.4 - https:\/\/yoast.com\/product\/yoast-seo-wordpress\/ -->\n<title>Klaasipesu Screenwasher Antifreeze -50C kontsentraat 1L, Valvoline - Ranoja<\/title>\n<meta name=\"robots\" content=\"index, follow, max-snippet:-1, max-image-preview:large, max-video-preview:-1\" \/>\n<link rel=\"canonical\" href=\"https:\/\/ranoja.ee\/toode\/klaasipesu-screenwasher-antifreeze-50c-kontsentraat-1l-valvoline\/\" \/>\n<meta property=\"og:locale\" content=\"en_US\" \/>\n<meta property=\"og:type\" content=\"article\" \/>\n<meta property=\"og:title\" content=\"Klaasipesu Screenwasher Antifreeze -50C kontsentraat 1L, Valvoline - Ranoja\" \/>\n<meta property=\"og:description\" content=\"Valvoline Screenwasher Antifreeze on t\u00f5hus sinist v\u00e4rvi vedelik mis puhastab ja muudab rasvavabaks auto esiklaasi ning kaitseb klaasi- ja tulede pesu s\u00fcsteemi k\u00fclmumise vastu talvisel ajal. Spetsiaalsed komponendid tagavad puhta esiklaasi ja hea n\u00e4htavuse ka v\u00e4ga keerukates ilmastikuoludes s\u00f5itmisel. Hoolega j\u00e4rgida veega segamisel ilmastikuolusid, et tagada piisav s\u00fcsteemi k\u00fclmumiskaitse. 100% kontsentraat -60\u00b0C k\u00fclmumiskaitse 2:1 -30\u00b0C k\u00fclmumiskaitse 1:1 -20\u00b0C k\u00fclmumiskaitse 1:2 -10\u00b0C k\u00fclmumiskaitse 1:5 soovituslik suvine segusuhe\" \/>\n<meta property=\"og:url\" content=\"https:\/\/ranoja.ee\/toode\/klaasipesu-screenwasher-antifreeze-50c-kontsentraat-1l-valvoline\/\" \/>\n<meta property=\"og:site_name\" content=\"Ranoja\" \/>\n<meta property=\"article:publisher\" content=\"https:\/\/www.facebook.com\/ranoja.ee\" \/>\n<meta property=\"article:modified_time\" content=\"2026-03-17T12:43:58+00:00\" \/>\n<meta property=\"og:image\" content=\"https:\/\/ranoja.ee\/wp-content\/uploads\/2026\/03\/94483868.jpg\" \/>\n\t<meta property=\"og:image:width\" content=\"384\" \/>\n\t<meta property=\"og:image:height\" content=\"900\" \/>\n\t<meta property=\"og:image:type\" content=\"image\/jpeg\" \/>\n<meta name=\"twitter:card\" content=\"summary_large_image\" \/>\n<script type=\"application\/ld+json\" class=\"yoast-schema-graph\">{\"@context\":\"https:\\\/\\\/schema.org\",\"@graph\":[{\"@type\":\"WebPage\",\"@id\":\"https:\\\/\\\/ranoja.ee\\\/toode\\\/klaasipesu-screenwasher-antifreeze-50c-kontsentraat-1l-valvoline\\\/\",\"url\":\"https:\\\/\\\/ranoja.ee\\\/toode\\\/klaasipesu-screenwasher-antifreeze-50c-kontsentraat-1l-valvoline\\\/\",\"name\":\"Klaasipesu Screenwasher Antifreeze -50C kontsentraat 1L, Valvoline - Ranoja\",\"isPartOf\":{\"@id\":\"https:\\\/\\\/ranoja.ee\\\/#website\"},\"primaryImageOfPage\":{\"@id\":\"https:\\\/\\\/ranoja.ee\\\/toode\\\/klaasipesu-screenwasher-antifreeze-50c-kontsentraat-1l-valvoline\\\/#primaryimage\"},\"image\":{\"@id\":\"https:\\\/\\\/ranoja.ee\\\/toode\\\/klaasipesu-screenwasher-antifreeze-50c-kontsentraat-1l-valvoline\\\/#primaryimage\"},\"thumbnailUrl\":\"https:\\\/\\\/ranoja.ee\\\/wp-content\\\/uploads\\\/2026\\\/03\\\/94483868.jpg\",\"datePublished\":\"2026-03-16T22:51:15+00:00\",\"dateModified\":\"2026-03-17T12:43:58+00:00\",\"breadcrumb\":{\"@id\":\"https:\\\/\\\/ranoja.ee\\\/toode\\\/klaasipesu-screenwasher-antifreeze-50c-kontsentraat-1l-valvoline\\\/#breadcrumb\"},\"inLanguage\":\"en-US\",\"potentialAction\":[{\"@type\":\"ReadAction\",\"target\":[\"https:\\\/\\\/ranoja.ee\\\/toode\\\/klaasipesu-screenwasher-antifreeze-50c-kontsentraat-1l-valvoline\\\/\"]}]},{\"@type\":\"ImageObject\",\"inLanguage\":\"en-US\",\"@id\":\"https:\\\/\\\/ranoja.ee\\\/toode\\\/klaasipesu-screenwasher-antifreeze-50c-kontsentraat-1l-valvoline\\\/#primaryimage\",\"url\":\"https:\\\/\\\/ranoja.ee\\\/wp-content\\\/uploads\\\/2026\\\/03\\\/94483868.jpg\",\"contentUrl\":\"https:\\\/\\\/ranoja.ee\\\/wp-content\\\/uploads\\\/2026\\\/03\\\/94483868.jpg\",\"width\":384,\"height\":900},{\"@type\":\"BreadcrumbList\",\"@id\":\"https:\\\/\\\/ranoja.ee\\\/toode\\\/klaasipesu-screenwasher-antifreeze-50c-kontsentraat-1l-valvoline\\\/#breadcrumb\",\"itemListElement\":[{\"@type\":\"ListItem\",\"position\":1,\"name\":\"Home\",\"item\":\"https:\\\/\\\/ranoja.ee\\\/\"},{\"@type\":\"ListItem\",\"position\":2,\"name\":\"Shop\",\"item\":\"https:\\\/\\\/ranoja.ee\\\/en\\\/shop\\\/\"},{\"@type\":\"ListItem\",\"position\":3,\"name\":\"Klaasipesu Screenwasher Antifreeze -50C kontsentraat 1L, Valvoline\"}]},{\"@type\":\"WebSite\",\"@id\":\"https:\\\/\\\/ranoja.ee\\\/#website\",\"url\":\"https:\\\/\\\/ranoja.ee\\\/\",\"name\":\"Ranoja\",\"description\":\"Equipment Shop WooCommerce WordPress Theme for Machine &amp; Tools\",\"publisher\":{\"@id\":\"https:\\\/\\\/ranoja.ee\\\/#organization\"},\"potentialAction\":[{\"@type\":\"SearchAction\",\"target\":{\"@type\":\"EntryPoint\",\"urlTemplate\":\"https:\\\/\\\/ranoja.ee\\\/?s={search_term_string}\"},\"query-input\":{\"@type\":\"PropertyValueSpecification\",\"valueRequired\":true,\"valueName\":\"search_term_string\"}}],\"inLanguage\":\"en-US\"},{\"@type\":\"Organization\",\"@id\":\"https:\\\/\\\/ranoja.ee\\\/#organization\",\"name\":\"Ranoja O\u00dc\",\"url\":\"https:\\\/\\\/ranoja.ee\\\/\",\"logo\":{\"@type\":\"ImageObject\",\"inLanguage\":\"en-US\",\"@id\":\"https:\\\/\\\/ranoja.ee\\\/#\\\/schema\\\/logo\\\/image\\\/\",\"url\":\"https:\\\/\\\/ranoja.ee\\\/wp-content\\\/uploads\\\/2023\\\/11\\\/ranoja-Logo.png\",\"contentUrl\":\"https:\\\/\\\/ranoja.ee\\\/wp-content\\\/uploads\\\/2023\\\/11\\\/ranoja-Logo.png\",\"width\":207,\"height\":58,\"caption\":\"Ranoja O\u00dc\"},\"image\":{\"@id\":\"https:\\\/\\\/ranoja.ee\\\/#\\\/schema\\\/logo\\\/image\\\/\"},\"sameAs\":[\"https:\\\/\\\/www.facebook.com\\\/ranoja.ee\",\"https:\\\/\\\/www.instagram.com\\\/ranoja__\\\/\"]}]}<\/script>\n<!-- \/ Yoast SEO plugin. -->","yoast_head_json":{"title":"Klaasipesu Screenwasher Antifreeze -50C kontsentraat 1L, Valvoline - Ranoja","robots":{"index":"index","follow":"follow","max-snippet":"max-snippet:-1","max-image-preview":"max-image-preview:large","max-video-preview":"max-video-preview:-1"},"canonical":"https:\/\/ranoja.ee\/toode\/klaasipesu-screenwasher-antifreeze-50c-kontsentraat-1l-valvoline\/","og_locale":"en_US","og_type":"article","og_title":"Klaasipesu Screenwasher Antifreeze -50C kontsentraat 1L, Valvoline - Ranoja","og_description":"Valvoline Screenwasher Antifreeze on t\u00f5hus sinist v\u00e4rvi vedelik mis puhastab ja muudab rasvavabaks auto esiklaasi ning kaitseb klaasi- ja tulede pesu s\u00fcsteemi k\u00fclmumise vastu talvisel ajal. Spetsiaalsed komponendid tagavad puhta esiklaasi ja hea n\u00e4htavuse ka v\u00e4ga keerukates ilmastikuoludes s\u00f5itmisel. Hoolega j\u00e4rgida veega segamisel ilmastikuolusid, et tagada piisav s\u00fcsteemi k\u00fclmumiskaitse. 100% kontsentraat -60\u00b0C k\u00fclmumiskaitse 2:1 -30\u00b0C k\u00fclmumiskaitse 1:1 -20\u00b0C k\u00fclmumiskaitse 1:2 -10\u00b0C k\u00fclmumiskaitse 1:5 soovituslik suvine segusuhe","og_url":"https:\/\/ranoja.ee\/toode\/klaasipesu-screenwasher-antifreeze-50c-kontsentraat-1l-valvoline\/","og_site_name":"Ranoja","article_publisher":"https:\/\/www.facebook.com\/ranoja.ee","article_modified_time":"2026-03-17T12:43:58+00:00","og_image":[{"width":384,"height":900,"url":"https:\/\/ranoja.ee\/wp-content\/uploads\/2026\/03\/94483868.jpg","type":"image\/jpeg"}],"twitter_card":"summary_large_image","schema":{"@context":"https:\/\/schema.org","@graph":[{"@type":"WebPage","@id":"https:\/\/ranoja.ee\/toode\/klaasipesu-screenwasher-antifreeze-50c-kontsentraat-1l-valvoline\/","url":"https:\/\/ranoja.ee\/toode\/klaasipesu-screenwasher-antifreeze-50c-kontsentraat-1l-valvoline\/","name":"Klaasipesu Screenwasher Antifreeze -50C kontsentraat 1L, Valvoline - Ranoja","isPartOf":{"@id":"https:\/\/ranoja.ee\/#website"},"primaryImageOfPage":{"@id":"https:\/\/ranoja.ee\/toode\/klaasipesu-screenwasher-antifreeze-50c-kontsentraat-1l-valvoline\/#primaryimage"},"image":{"@id":"https:\/\/ranoja.ee\/toode\/klaasipesu-screenwasher-antifreeze-50c-kontsentraat-1l-valvoline\/#primaryimage"},"thumbnailUrl":"https:\/\/ranoja.ee\/wp-content\/uploads\/2026\/03\/94483868.jpg","datePublished":"2026-03-16T22:51:15+00:00","dateModified":"2026-03-17T12:43:58+00:00","breadcrumb":{"@id":"https:\/\/ranoja.ee\/toode\/klaasipesu-screenwasher-antifreeze-50c-kontsentraat-1l-valvoline\/#breadcrumb"},"inLanguage":"en-US","potentialAction":[{"@type":"ReadAction","target":["https:\/\/ranoja.ee\/toode\/klaasipesu-screenwasher-antifreeze-50c-kontsentraat-1l-valvoline\/"]}]},{"@type":"ImageObject","inLanguage":"en-US","@id":"https:\/\/ranoja.ee\/toode\/klaasipesu-screenwasher-antifreeze-50c-kontsentraat-1l-valvoline\/#primaryimage","url":"https:\/\/ranoja.ee\/wp-content\/uploads\/2026\/03\/94483868.jpg","contentUrl":"https:\/\/ranoja.ee\/wp-content\/uploads\/2026\/03\/94483868.jpg","width":384,"height":900},{"@type":"BreadcrumbList","@id":"https:\/\/ranoja.ee\/toode\/klaasipesu-screenwasher-antifreeze-50c-kontsentraat-1l-valvoline\/#breadcrumb","itemListElement":[{"@type":"ListItem","position":1,"name":"Home","item":"https:\/\/ranoja.ee\/"},{"@type":"ListItem","position":2,"name":"Shop","item":"https:\/\/ranoja.ee\/en\/shop\/"},{"@type":"ListItem","position":3,"name":"Klaasipesu Screenwasher Antifreeze -50C kontsentraat 1L, Valvoline"}]},{"@type":"WebSite","@id":"https:\/\/ranoja.ee\/#website","url":"https:\/\/ranoja.ee\/","name":"Ranoja","description":"Equipment Shop WooCommerce WordPress Theme for Machine &amp; Tools","publisher":{"@id":"https:\/\/ranoja.ee\/#organization"},"potentialAction":[{"@type":"SearchAction","target":{"@type":"EntryPoint","urlTemplate":"https:\/\/ranoja.ee\/?s={search_term_string}"},"query-input":{"@type":"PropertyValueSpecification","valueRequired":true,"valueName":"search_term_string"}}],"inLanguage":"en-US"},{"@type":"Organization","@id":"https:\/\/ranoja.ee\/#organization","name":"Ranoja O\u00dc","url":"https:\/\/ranoja.ee\/","logo":{"@type":"ImageObject","inLanguage":"en-US","@id":"https:\/\/ranoja.ee\/#\/schema\/logo\/image\/","url":"https:\/\/ranoja.ee\/wp-content\/uploads\/2023\/11\/ranoja-Logo.png","contentUrl":"https:\/\/ranoja.ee\/wp-content\/uploads\/2023\/11\/ranoja-Logo.png","width":207,"height":58,"caption":"Ranoja O\u00dc"},"image":{"@id":"https:\/\/ranoja.ee\/#\/schema\/logo\/image\/"},"sameAs":["https:\/\/www.facebook.com\/ranoja.ee","https:\/\/www.instagram.com\/ranoja__\/"]}]}},"_links":{"self":[{"href":"https:\/\/ranoja.ee\/en\/wp-json\/wp\/v2\/product\/57666","targetHints":{"allow":["GET"]}}],"collection":[{"href":"https:\/\/ranoja.ee\/en\/wp-json\/wp\/v2\/product"}],"about":[{"href":"https:\/\/ranoja.ee\/en\/wp-json\/wp\/v2\/types\/product"}],"wp:featuredmedia":[{"embeddable":true,"href":"https:\/\/ranoja.ee\/en\/wp-json\/wp\/v2\/media\/57667"}],"wp:attachment":[{"href":"https:\/\/ranoja.ee\/en\/wp-json\/wp\/v2\/media?parent=57666"}],"wp:term":[{"taxonomy":"product_cat","embeddable":true,"href":"https:\/\/ranoja.ee\/en\/wp-json\/wp\/v2\/product_cat?post=57666"},{"taxonomy":"product_tag","embeddable":true,"href":"https:\/\/ranoja.ee\/en\/wp-json\/wp\/v2\/product_tag?post=57666"}],"curies":[{"name":"wp","href":"https:\/\/api.w.org\/{rel}","templated":true}]}}