{"id":57658,"date":"2026-03-17T01:51:15","date_gmt":"2026-03-16T22:51:15","guid":{"rendered":"https:\/\/ranoja.ee\/toode\/haavapuhastuslapid-09-nacl-steriilne-20-tk-cederroth\/"},"modified":"2026-03-17T15:43:58","modified_gmt":"2026-03-17T12:43:58","slug":"haavapuhastuslapid-09-nacl-steriilne-20-tk-cederroth","status":"publish","type":"product","link":"https:\/\/ranoja.ee\/en\/toode\/haavapuhastuslapid-09-nacl-steriilne-20-tk-cederroth\/","title":{"rendered":"Haavapuhastuslapid (0,9% NaCl, steriilne), 20 tk, Cederroth"},"content":{"rendered":"","protected":false},"excerpt":{"rendered":"<p>Salvequick haavapuhastuslappide pakend sobib t\u00e4itepakendiks esmaabikappi. <br \/>\nToode asendab vajaduse kasutada eraldi haavapuhastusvahendeid, nagu n\u00e4iteks vatt ja haavapuhastusvedeliku pudel.<br \/>\nHaavapuhastuslappe on lihtne ja mugav kasutada ja nad on oma pakendis h\u00e4sti kaitstud tolmu ja mustuse eest. Puhastusvedelik, millega lapid on immutatud, on steriilne f\u00fcsiologiline lahus. <\/p>\n<p>Komplektis:<br \/>\n20 Salvequick individuaalselt pakendatud haavpuhastuslappi (0.9% soollahus)<\/p>\n","protected":false},"featured_media":57659,"template":"","meta":{"inline_featured_image":false},"product_cat":[5071,5022],"product_tag":[],"class_list":{"0":"post-57658","1":"product","2":"type-product","3":"status-publish","4":"has-post-thumbnail","6":"product_brand-cederroth","7":"product_cat-esmaabivahendid","8":"product_cat-isikukaitsevahendid","10":"first","11":"instock","12":"purchasable","13":"product-type-simple"},"yoast_head":"<!-- This site is optimized with the Yoast SEO plugin v27.4 - https:\/\/yoast.com\/product\/yoast-seo-wordpress\/ -->\n<title>Haavapuhastuslapid (0,9% NaCl, steriilne), 20 tk, Cederroth - Ranoja<\/title>\n<meta name=\"robots\" content=\"index, follow, max-snippet:-1, max-image-preview:large, max-video-preview:-1\" \/>\n<link rel=\"canonical\" href=\"https:\/\/ranoja.ee\/toode\/haavapuhastuslapid-09-nacl-steriilne-20-tk-cederroth\/\" \/>\n<meta property=\"og:locale\" content=\"en_US\" \/>\n<meta property=\"og:type\" content=\"article\" \/>\n<meta property=\"og:title\" content=\"Haavapuhastuslapid (0,9% NaCl, steriilne), 20 tk, Cederroth - Ranoja\" \/>\n<meta property=\"og:description\" content=\"Salvequick haavapuhastuslappide pakend sobib t\u00e4itepakendiks esmaabikappi. Toode asendab vajaduse kasutada eraldi haavapuhastusvahendeid, nagu n\u00e4iteks vatt ja haavapuhastusvedeliku pudel. Haavapuhastuslappe on lihtne ja mugav kasutada ja nad on oma pakendis h\u00e4sti kaitstud tolmu ja mustuse eest. Puhastusvedelik, millega lapid on immutatud, on steriilne f\u00fcsiologiline lahus.  Komplektis: 20 Salvequick individuaalselt pakendatud haavpuhastuslappi (0.9% soollahus)\" \/>\n<meta property=\"og:url\" content=\"https:\/\/ranoja.ee\/toode\/haavapuhastuslapid-09-nacl-steriilne-20-tk-cederroth\/\" \/>\n<meta property=\"og:site_name\" content=\"Ranoja\" \/>\n<meta property=\"article:publisher\" content=\"https:\/\/www.facebook.com\/ranoja.ee\" \/>\n<meta property=\"article:modified_time\" content=\"2026-03-17T12:43:58+00:00\" \/>\n<meta property=\"og:image\" content=\"https:\/\/ranoja.ee\/wp-content\/uploads\/2026\/03\/5637760363.jpg\" \/>\n\t<meta property=\"og:image:width\" content=\"785\" \/>\n\t<meta property=\"og:image:height\" content=\"900\" \/>\n\t<meta property=\"og:image:type\" content=\"image\/jpeg\" \/>\n<meta name=\"twitter:card\" content=\"summary_large_image\" \/>\n<script type=\"application\/ld+json\" class=\"yoast-schema-graph\">{\"@context\":\"https:\\\/\\\/schema.org\",\"@graph\":[{\"@type\":\"WebPage\",\"@id\":\"https:\\\/\\\/ranoja.ee\\\/toode\\\/haavapuhastuslapid-09-nacl-steriilne-20-tk-cederroth\\\/\",\"url\":\"https:\\\/\\\/ranoja.ee\\\/toode\\\/haavapuhastuslapid-09-nacl-steriilne-20-tk-cederroth\\\/\",\"name\":\"Haavapuhastuslapid (0,9% NaCl, steriilne), 20 tk, Cederroth - Ranoja\",\"isPartOf\":{\"@id\":\"https:\\\/\\\/ranoja.ee\\\/#website\"},\"primaryImageOfPage\":{\"@id\":\"https:\\\/\\\/ranoja.ee\\\/toode\\\/haavapuhastuslapid-09-nacl-steriilne-20-tk-cederroth\\\/#primaryimage\"},\"image\":{\"@id\":\"https:\\\/\\\/ranoja.ee\\\/toode\\\/haavapuhastuslapid-09-nacl-steriilne-20-tk-cederroth\\\/#primaryimage\"},\"thumbnailUrl\":\"https:\\\/\\\/ranoja.ee\\\/wp-content\\\/uploads\\\/2026\\\/03\\\/5637760363.jpg\",\"datePublished\":\"2026-03-16T22:51:15+00:00\",\"dateModified\":\"2026-03-17T12:43:58+00:00\",\"breadcrumb\":{\"@id\":\"https:\\\/\\\/ranoja.ee\\\/toode\\\/haavapuhastuslapid-09-nacl-steriilne-20-tk-cederroth\\\/#breadcrumb\"},\"inLanguage\":\"en-US\",\"potentialAction\":[{\"@type\":\"ReadAction\",\"target\":[\"https:\\\/\\\/ranoja.ee\\\/toode\\\/haavapuhastuslapid-09-nacl-steriilne-20-tk-cederroth\\\/\"]}]},{\"@type\":\"ImageObject\",\"inLanguage\":\"en-US\",\"@id\":\"https:\\\/\\\/ranoja.ee\\\/toode\\\/haavapuhastuslapid-09-nacl-steriilne-20-tk-cederroth\\\/#primaryimage\",\"url\":\"https:\\\/\\\/ranoja.ee\\\/wp-content\\\/uploads\\\/2026\\\/03\\\/5637760363.jpg\",\"contentUrl\":\"https:\\\/\\\/ranoja.ee\\\/wp-content\\\/uploads\\\/2026\\\/03\\\/5637760363.jpg\",\"width\":785,\"height\":900},{\"@type\":\"BreadcrumbList\",\"@id\":\"https:\\\/\\\/ranoja.ee\\\/toode\\\/haavapuhastuslapid-09-nacl-steriilne-20-tk-cederroth\\\/#breadcrumb\",\"itemListElement\":[{\"@type\":\"ListItem\",\"position\":1,\"name\":\"Home\",\"item\":\"https:\\\/\\\/ranoja.ee\\\/\"},{\"@type\":\"ListItem\",\"position\":2,\"name\":\"Shop\",\"item\":\"https:\\\/\\\/ranoja.ee\\\/en\\\/shop\\\/\"},{\"@type\":\"ListItem\",\"position\":3,\"name\":\"Haavapuhastuslapid (0,9% NaCl, steriilne), 20 tk, Cederroth\"}]},{\"@type\":\"WebSite\",\"@id\":\"https:\\\/\\\/ranoja.ee\\\/#website\",\"url\":\"https:\\\/\\\/ranoja.ee\\\/\",\"name\":\"Ranoja\",\"description\":\"Equipment Shop WooCommerce WordPress Theme for Machine &amp; Tools\",\"publisher\":{\"@id\":\"https:\\\/\\\/ranoja.ee\\\/#organization\"},\"potentialAction\":[{\"@type\":\"SearchAction\",\"target\":{\"@type\":\"EntryPoint\",\"urlTemplate\":\"https:\\\/\\\/ranoja.ee\\\/?s={search_term_string}\"},\"query-input\":{\"@type\":\"PropertyValueSpecification\",\"valueRequired\":true,\"valueName\":\"search_term_string\"}}],\"inLanguage\":\"en-US\"},{\"@type\":\"Organization\",\"@id\":\"https:\\\/\\\/ranoja.ee\\\/#organization\",\"name\":\"Ranoja O\u00dc\",\"url\":\"https:\\\/\\\/ranoja.ee\\\/\",\"logo\":{\"@type\":\"ImageObject\",\"inLanguage\":\"en-US\",\"@id\":\"https:\\\/\\\/ranoja.ee\\\/#\\\/schema\\\/logo\\\/image\\\/\",\"url\":\"https:\\\/\\\/ranoja.ee\\\/wp-content\\\/uploads\\\/2023\\\/11\\\/ranoja-Logo.png\",\"contentUrl\":\"https:\\\/\\\/ranoja.ee\\\/wp-content\\\/uploads\\\/2023\\\/11\\\/ranoja-Logo.png\",\"width\":207,\"height\":58,\"caption\":\"Ranoja O\u00dc\"},\"image\":{\"@id\":\"https:\\\/\\\/ranoja.ee\\\/#\\\/schema\\\/logo\\\/image\\\/\"},\"sameAs\":[\"https:\\\/\\\/www.facebook.com\\\/ranoja.ee\",\"https:\\\/\\\/www.instagram.com\\\/ranoja__\\\/\"]}]}<\/script>\n<!-- \/ Yoast SEO plugin. -->","yoast_head_json":{"title":"Haavapuhastuslapid (0,9% NaCl, steriilne), 20 tk, Cederroth - Ranoja","robots":{"index":"index","follow":"follow","max-snippet":"max-snippet:-1","max-image-preview":"max-image-preview:large","max-video-preview":"max-video-preview:-1"},"canonical":"https:\/\/ranoja.ee\/toode\/haavapuhastuslapid-09-nacl-steriilne-20-tk-cederroth\/","og_locale":"en_US","og_type":"article","og_title":"Haavapuhastuslapid (0,9% NaCl, steriilne), 20 tk, Cederroth - Ranoja","og_description":"Salvequick haavapuhastuslappide pakend sobib t\u00e4itepakendiks esmaabikappi. Toode asendab vajaduse kasutada eraldi haavapuhastusvahendeid, nagu n\u00e4iteks vatt ja haavapuhastusvedeliku pudel. Haavapuhastuslappe on lihtne ja mugav kasutada ja nad on oma pakendis h\u00e4sti kaitstud tolmu ja mustuse eest. Puhastusvedelik, millega lapid on immutatud, on steriilne f\u00fcsiologiline lahus.  Komplektis: 20 Salvequick individuaalselt pakendatud haavpuhastuslappi (0.9% soollahus)","og_url":"https:\/\/ranoja.ee\/toode\/haavapuhastuslapid-09-nacl-steriilne-20-tk-cederroth\/","og_site_name":"Ranoja","article_publisher":"https:\/\/www.facebook.com\/ranoja.ee","article_modified_time":"2026-03-17T12:43:58+00:00","og_image":[{"width":785,"height":900,"url":"https:\/\/ranoja.ee\/wp-content\/uploads\/2026\/03\/5637760363.jpg","type":"image\/jpeg"}],"twitter_card":"summary_large_image","schema":{"@context":"https:\/\/schema.org","@graph":[{"@type":"WebPage","@id":"https:\/\/ranoja.ee\/toode\/haavapuhastuslapid-09-nacl-steriilne-20-tk-cederroth\/","url":"https:\/\/ranoja.ee\/toode\/haavapuhastuslapid-09-nacl-steriilne-20-tk-cederroth\/","name":"Haavapuhastuslapid (0,9% NaCl, steriilne), 20 tk, Cederroth - Ranoja","isPartOf":{"@id":"https:\/\/ranoja.ee\/#website"},"primaryImageOfPage":{"@id":"https:\/\/ranoja.ee\/toode\/haavapuhastuslapid-09-nacl-steriilne-20-tk-cederroth\/#primaryimage"},"image":{"@id":"https:\/\/ranoja.ee\/toode\/haavapuhastuslapid-09-nacl-steriilne-20-tk-cederroth\/#primaryimage"},"thumbnailUrl":"https:\/\/ranoja.ee\/wp-content\/uploads\/2026\/03\/5637760363.jpg","datePublished":"2026-03-16T22:51:15+00:00","dateModified":"2026-03-17T12:43:58+00:00","breadcrumb":{"@id":"https:\/\/ranoja.ee\/toode\/haavapuhastuslapid-09-nacl-steriilne-20-tk-cederroth\/#breadcrumb"},"inLanguage":"en-US","potentialAction":[{"@type":"ReadAction","target":["https:\/\/ranoja.ee\/toode\/haavapuhastuslapid-09-nacl-steriilne-20-tk-cederroth\/"]}]},{"@type":"ImageObject","inLanguage":"en-US","@id":"https:\/\/ranoja.ee\/toode\/haavapuhastuslapid-09-nacl-steriilne-20-tk-cederroth\/#primaryimage","url":"https:\/\/ranoja.ee\/wp-content\/uploads\/2026\/03\/5637760363.jpg","contentUrl":"https:\/\/ranoja.ee\/wp-content\/uploads\/2026\/03\/5637760363.jpg","width":785,"height":900},{"@type":"BreadcrumbList","@id":"https:\/\/ranoja.ee\/toode\/haavapuhastuslapid-09-nacl-steriilne-20-tk-cederroth\/#breadcrumb","itemListElement":[{"@type":"ListItem","position":1,"name":"Home","item":"https:\/\/ranoja.ee\/"},{"@type":"ListItem","position":2,"name":"Shop","item":"https:\/\/ranoja.ee\/en\/shop\/"},{"@type":"ListItem","position":3,"name":"Haavapuhastuslapid (0,9% NaCl, steriilne), 20 tk, Cederroth"}]},{"@type":"WebSite","@id":"https:\/\/ranoja.ee\/#website","url":"https:\/\/ranoja.ee\/","name":"Ranoja","description":"Equipment Shop WooCommerce WordPress Theme for Machine &amp; Tools","publisher":{"@id":"https:\/\/ranoja.ee\/#organization"},"potentialAction":[{"@type":"SearchAction","target":{"@type":"EntryPoint","urlTemplate":"https:\/\/ranoja.ee\/?s={search_term_string}"},"query-input":{"@type":"PropertyValueSpecification","valueRequired":true,"valueName":"search_term_string"}}],"inLanguage":"en-US"},{"@type":"Organization","@id":"https:\/\/ranoja.ee\/#organization","name":"Ranoja O\u00dc","url":"https:\/\/ranoja.ee\/","logo":{"@type":"ImageObject","inLanguage":"en-US","@id":"https:\/\/ranoja.ee\/#\/schema\/logo\/image\/","url":"https:\/\/ranoja.ee\/wp-content\/uploads\/2023\/11\/ranoja-Logo.png","contentUrl":"https:\/\/ranoja.ee\/wp-content\/uploads\/2023\/11\/ranoja-Logo.png","width":207,"height":58,"caption":"Ranoja O\u00dc"},"image":{"@id":"https:\/\/ranoja.ee\/#\/schema\/logo\/image\/"},"sameAs":["https:\/\/www.facebook.com\/ranoja.ee","https:\/\/www.instagram.com\/ranoja__\/"]}]}},"_links":{"self":[{"href":"https:\/\/ranoja.ee\/en\/wp-json\/wp\/v2\/product\/57658","targetHints":{"allow":["GET"]}}],"collection":[{"href":"https:\/\/ranoja.ee\/en\/wp-json\/wp\/v2\/product"}],"about":[{"href":"https:\/\/ranoja.ee\/en\/wp-json\/wp\/v2\/types\/product"}],"wp:featuredmedia":[{"embeddable":true,"href":"https:\/\/ranoja.ee\/en\/wp-json\/wp\/v2\/media\/57659"}],"wp:attachment":[{"href":"https:\/\/ranoja.ee\/en\/wp-json\/wp\/v2\/media?parent=57658"}],"wp:term":[{"taxonomy":"product_cat","embeddable":true,"href":"https:\/\/ranoja.ee\/en\/wp-json\/wp\/v2\/product_cat?post=57658"},{"taxonomy":"product_tag","embeddable":true,"href":"https:\/\/ranoja.ee\/en\/wp-json\/wp\/v2\/product_tag?post=57658"}],"curies":[{"name":"wp","href":"https:\/\/api.w.org\/{rel}","templated":true}]}}