{"id":57648,"date":"2026-03-17T01:50:48","date_gmt":"2026-03-16T22:50:48","guid":{"rendered":"https:\/\/ranoja.ee\/toode\/kindad-trikoosormik-lateks-peopesa-hiviz-kollane-10-delta-plus\/"},"modified":"2026-03-17T15:43:58","modified_gmt":"2026-03-17T12:43:58","slug":"kindad-trikoosormik-lateks-peopesa-hiviz-kollane-10-delta-plus","status":"publish","type":"product","link":"https:\/\/ranoja.ee\/en\/toode\/kindad-trikoosormik-lateks-peopesa-hiviz-kollane-10-delta-plus\/","title":{"rendered":"Kindad, trikoos\u00f5rmik, lateks peopesa, HiViz kollane 10, Delta Plus"},"content":{"rendered":"","protected":false},"excerpt":{"rendered":"<p>Kootud ter\u00fcleens\u00f5rmik. Peopesa ja s\u00f5rmed kaetud lateksiga. Ilma \u00f5mblusteta. V\u00e4ga pehme, h\u00e4stin\u00e4htav (erkkollane), hingav ja mugav kinnas. T\u00f6\u00f6kinnastel elastne ranne. T\u00f6\u00f6kinnastel struktureeritud latekspind tagab hea m\u00e4rja ja kuiva haarde. Mehaaniliselt tugevad vastupidavad t\u00f6\u00f6kindad. Hingav k\u00e4eselg.<br \/>\nSuurus 8 &#8211; 10<\/p>\n","protected":false},"featured_media":57649,"template":"","meta":{"inline_featured_image":false},"product_cat":[5022,5029,5023],"product_tag":[],"class_list":{"0":"post-57648","1":"product","2":"type-product","3":"status-publish","4":"has-post-thumbnail","6":"product_brand-delta-plus","7":"product_cat-isikukaitsevahendid","8":"product_cat-tekstiilist-tookindad","9":"product_cat-tookindad","11":"first","12":"instock","13":"purchasable","14":"product-type-simple"},"yoast_head":"<!-- This site is optimized with the Yoast SEO plugin v27.4 - https:\/\/yoast.com\/product\/yoast-seo-wordpress\/ -->\n<title>Kindad, trikoos\u00f5rmik, lateks peopesa, HiViz kollane 10, Delta Plus - Ranoja<\/title>\n<meta name=\"robots\" content=\"index, follow, max-snippet:-1, max-image-preview:large, max-video-preview:-1\" \/>\n<link rel=\"canonical\" href=\"https:\/\/ranoja.ee\/toode\/kindad-trikoosormik-lateks-peopesa-hiviz-kollane-10-delta-plus\/\" \/>\n<meta property=\"og:locale\" content=\"en_US\" \/>\n<meta property=\"og:type\" content=\"article\" \/>\n<meta property=\"og:title\" content=\"Kindad, trikoos\u00f5rmik, lateks peopesa, HiViz kollane 10, Delta Plus - Ranoja\" \/>\n<meta property=\"og:description\" content=\"Kootud ter\u00fcleens\u00f5rmik. Peopesa ja s\u00f5rmed kaetud lateksiga. Ilma \u00f5mblusteta. V\u00e4ga pehme, h\u00e4stin\u00e4htav (erkkollane), hingav ja mugav kinnas. T\u00f6\u00f6kinnastel elastne ranne. T\u00f6\u00f6kinnastel struktureeritud latekspind tagab hea m\u00e4rja ja kuiva haarde. Mehaaniliselt tugevad vastupidavad t\u00f6\u00f6kindad. Hingav k\u00e4eselg. Suurus 8 - 10\" \/>\n<meta property=\"og:url\" content=\"https:\/\/ranoja.ee\/toode\/kindad-trikoosormik-lateks-peopesa-hiviz-kollane-10-delta-plus\/\" \/>\n<meta property=\"og:site_name\" content=\"Ranoja\" \/>\n<meta property=\"article:publisher\" content=\"https:\/\/www.facebook.com\/ranoja.ee\" \/>\n<meta property=\"article:modified_time\" content=\"2026-03-17T12:43:58+00:00\" \/>\n<meta property=\"og:image\" content=\"https:\/\/ranoja.ee\/wp-content\/uploads\/2026\/03\/120777800.jpg\" \/>\n\t<meta property=\"og:image:width\" content=\"900\" \/>\n\t<meta property=\"og:image:height\" content=\"900\" \/>\n\t<meta property=\"og:image:type\" content=\"image\/jpeg\" \/>\n<meta name=\"twitter:card\" content=\"summary_large_image\" \/>\n<script type=\"application\/ld+json\" class=\"yoast-schema-graph\">{\"@context\":\"https:\\\/\\\/schema.org\",\"@graph\":[{\"@type\":\"WebPage\",\"@id\":\"https:\\\/\\\/ranoja.ee\\\/toode\\\/kindad-trikoosormik-lateks-peopesa-hiviz-kollane-10-delta-plus\\\/\",\"url\":\"https:\\\/\\\/ranoja.ee\\\/toode\\\/kindad-trikoosormik-lateks-peopesa-hiviz-kollane-10-delta-plus\\\/\",\"name\":\"Kindad, trikoos\u00f5rmik, lateks peopesa, HiViz kollane 10, Delta Plus - Ranoja\",\"isPartOf\":{\"@id\":\"https:\\\/\\\/ranoja.ee\\\/#website\"},\"primaryImageOfPage\":{\"@id\":\"https:\\\/\\\/ranoja.ee\\\/toode\\\/kindad-trikoosormik-lateks-peopesa-hiviz-kollane-10-delta-plus\\\/#primaryimage\"},\"image\":{\"@id\":\"https:\\\/\\\/ranoja.ee\\\/toode\\\/kindad-trikoosormik-lateks-peopesa-hiviz-kollane-10-delta-plus\\\/#primaryimage\"},\"thumbnailUrl\":\"https:\\\/\\\/ranoja.ee\\\/wp-content\\\/uploads\\\/2026\\\/03\\\/120777800.jpg\",\"datePublished\":\"2026-03-16T22:50:48+00:00\",\"dateModified\":\"2026-03-17T12:43:58+00:00\",\"breadcrumb\":{\"@id\":\"https:\\\/\\\/ranoja.ee\\\/toode\\\/kindad-trikoosormik-lateks-peopesa-hiviz-kollane-10-delta-plus\\\/#breadcrumb\"},\"inLanguage\":\"en-US\",\"potentialAction\":[{\"@type\":\"ReadAction\",\"target\":[\"https:\\\/\\\/ranoja.ee\\\/toode\\\/kindad-trikoosormik-lateks-peopesa-hiviz-kollane-10-delta-plus\\\/\"]}]},{\"@type\":\"ImageObject\",\"inLanguage\":\"en-US\",\"@id\":\"https:\\\/\\\/ranoja.ee\\\/toode\\\/kindad-trikoosormik-lateks-peopesa-hiviz-kollane-10-delta-plus\\\/#primaryimage\",\"url\":\"https:\\\/\\\/ranoja.ee\\\/wp-content\\\/uploads\\\/2026\\\/03\\\/120777800.jpg\",\"contentUrl\":\"https:\\\/\\\/ranoja.ee\\\/wp-content\\\/uploads\\\/2026\\\/03\\\/120777800.jpg\",\"width\":900,\"height\":900},{\"@type\":\"BreadcrumbList\",\"@id\":\"https:\\\/\\\/ranoja.ee\\\/toode\\\/kindad-trikoosormik-lateks-peopesa-hiviz-kollane-10-delta-plus\\\/#breadcrumb\",\"itemListElement\":[{\"@type\":\"ListItem\",\"position\":1,\"name\":\"Home\",\"item\":\"https:\\\/\\\/ranoja.ee\\\/\"},{\"@type\":\"ListItem\",\"position\":2,\"name\":\"Shop\",\"item\":\"https:\\\/\\\/ranoja.ee\\\/en\\\/shop\\\/\"},{\"@type\":\"ListItem\",\"position\":3,\"name\":\"Kindad, trikoos\u00f5rmik, lateks peopesa, HiViz kollane 10, Delta Plus\"}]},{\"@type\":\"WebSite\",\"@id\":\"https:\\\/\\\/ranoja.ee\\\/#website\",\"url\":\"https:\\\/\\\/ranoja.ee\\\/\",\"name\":\"Ranoja\",\"description\":\"Equipment Shop WooCommerce WordPress Theme for Machine &amp; Tools\",\"publisher\":{\"@id\":\"https:\\\/\\\/ranoja.ee\\\/#organization\"},\"potentialAction\":[{\"@type\":\"SearchAction\",\"target\":{\"@type\":\"EntryPoint\",\"urlTemplate\":\"https:\\\/\\\/ranoja.ee\\\/?s={search_term_string}\"},\"query-input\":{\"@type\":\"PropertyValueSpecification\",\"valueRequired\":true,\"valueName\":\"search_term_string\"}}],\"inLanguage\":\"en-US\"},{\"@type\":\"Organization\",\"@id\":\"https:\\\/\\\/ranoja.ee\\\/#organization\",\"name\":\"Ranoja O\u00dc\",\"url\":\"https:\\\/\\\/ranoja.ee\\\/\",\"logo\":{\"@type\":\"ImageObject\",\"inLanguage\":\"en-US\",\"@id\":\"https:\\\/\\\/ranoja.ee\\\/#\\\/schema\\\/logo\\\/image\\\/\",\"url\":\"https:\\\/\\\/ranoja.ee\\\/wp-content\\\/uploads\\\/2023\\\/11\\\/ranoja-Logo.png\",\"contentUrl\":\"https:\\\/\\\/ranoja.ee\\\/wp-content\\\/uploads\\\/2023\\\/11\\\/ranoja-Logo.png\",\"width\":207,\"height\":58,\"caption\":\"Ranoja O\u00dc\"},\"image\":{\"@id\":\"https:\\\/\\\/ranoja.ee\\\/#\\\/schema\\\/logo\\\/image\\\/\"},\"sameAs\":[\"https:\\\/\\\/www.facebook.com\\\/ranoja.ee\",\"https:\\\/\\\/www.instagram.com\\\/ranoja__\\\/\"]}]}<\/script>\n<!-- \/ Yoast SEO plugin. -->","yoast_head_json":{"title":"Kindad, trikoos\u00f5rmik, lateks peopesa, HiViz kollane 10, Delta Plus - Ranoja","robots":{"index":"index","follow":"follow","max-snippet":"max-snippet:-1","max-image-preview":"max-image-preview:large","max-video-preview":"max-video-preview:-1"},"canonical":"https:\/\/ranoja.ee\/toode\/kindad-trikoosormik-lateks-peopesa-hiviz-kollane-10-delta-plus\/","og_locale":"en_US","og_type":"article","og_title":"Kindad, trikoos\u00f5rmik, lateks peopesa, HiViz kollane 10, Delta Plus - Ranoja","og_description":"Kootud ter\u00fcleens\u00f5rmik. Peopesa ja s\u00f5rmed kaetud lateksiga. Ilma \u00f5mblusteta. V\u00e4ga pehme, h\u00e4stin\u00e4htav (erkkollane), hingav ja mugav kinnas. T\u00f6\u00f6kinnastel elastne ranne. T\u00f6\u00f6kinnastel struktureeritud latekspind tagab hea m\u00e4rja ja kuiva haarde. Mehaaniliselt tugevad vastupidavad t\u00f6\u00f6kindad. Hingav k\u00e4eselg. Suurus 8 - 10","og_url":"https:\/\/ranoja.ee\/toode\/kindad-trikoosormik-lateks-peopesa-hiviz-kollane-10-delta-plus\/","og_site_name":"Ranoja","article_publisher":"https:\/\/www.facebook.com\/ranoja.ee","article_modified_time":"2026-03-17T12:43:58+00:00","og_image":[{"width":900,"height":900,"url":"https:\/\/ranoja.ee\/wp-content\/uploads\/2026\/03\/120777800.jpg","type":"image\/jpeg"}],"twitter_card":"summary_large_image","schema":{"@context":"https:\/\/schema.org","@graph":[{"@type":"WebPage","@id":"https:\/\/ranoja.ee\/toode\/kindad-trikoosormik-lateks-peopesa-hiviz-kollane-10-delta-plus\/","url":"https:\/\/ranoja.ee\/toode\/kindad-trikoosormik-lateks-peopesa-hiviz-kollane-10-delta-plus\/","name":"Kindad, trikoos\u00f5rmik, lateks peopesa, HiViz kollane 10, Delta Plus - Ranoja","isPartOf":{"@id":"https:\/\/ranoja.ee\/#website"},"primaryImageOfPage":{"@id":"https:\/\/ranoja.ee\/toode\/kindad-trikoosormik-lateks-peopesa-hiviz-kollane-10-delta-plus\/#primaryimage"},"image":{"@id":"https:\/\/ranoja.ee\/toode\/kindad-trikoosormik-lateks-peopesa-hiviz-kollane-10-delta-plus\/#primaryimage"},"thumbnailUrl":"https:\/\/ranoja.ee\/wp-content\/uploads\/2026\/03\/120777800.jpg","datePublished":"2026-03-16T22:50:48+00:00","dateModified":"2026-03-17T12:43:58+00:00","breadcrumb":{"@id":"https:\/\/ranoja.ee\/toode\/kindad-trikoosormik-lateks-peopesa-hiviz-kollane-10-delta-plus\/#breadcrumb"},"inLanguage":"en-US","potentialAction":[{"@type":"ReadAction","target":["https:\/\/ranoja.ee\/toode\/kindad-trikoosormik-lateks-peopesa-hiviz-kollane-10-delta-plus\/"]}]},{"@type":"ImageObject","inLanguage":"en-US","@id":"https:\/\/ranoja.ee\/toode\/kindad-trikoosormik-lateks-peopesa-hiviz-kollane-10-delta-plus\/#primaryimage","url":"https:\/\/ranoja.ee\/wp-content\/uploads\/2026\/03\/120777800.jpg","contentUrl":"https:\/\/ranoja.ee\/wp-content\/uploads\/2026\/03\/120777800.jpg","width":900,"height":900},{"@type":"BreadcrumbList","@id":"https:\/\/ranoja.ee\/toode\/kindad-trikoosormik-lateks-peopesa-hiviz-kollane-10-delta-plus\/#breadcrumb","itemListElement":[{"@type":"ListItem","position":1,"name":"Home","item":"https:\/\/ranoja.ee\/"},{"@type":"ListItem","position":2,"name":"Shop","item":"https:\/\/ranoja.ee\/en\/shop\/"},{"@type":"ListItem","position":3,"name":"Kindad, trikoos\u00f5rmik, lateks peopesa, HiViz kollane 10, Delta Plus"}]},{"@type":"WebSite","@id":"https:\/\/ranoja.ee\/#website","url":"https:\/\/ranoja.ee\/","name":"Ranoja","description":"Equipment Shop WooCommerce WordPress Theme for Machine &amp; Tools","publisher":{"@id":"https:\/\/ranoja.ee\/#organization"},"potentialAction":[{"@type":"SearchAction","target":{"@type":"EntryPoint","urlTemplate":"https:\/\/ranoja.ee\/?s={search_term_string}"},"query-input":{"@type":"PropertyValueSpecification","valueRequired":true,"valueName":"search_term_string"}}],"inLanguage":"en-US"},{"@type":"Organization","@id":"https:\/\/ranoja.ee\/#organization","name":"Ranoja O\u00dc","url":"https:\/\/ranoja.ee\/","logo":{"@type":"ImageObject","inLanguage":"en-US","@id":"https:\/\/ranoja.ee\/#\/schema\/logo\/image\/","url":"https:\/\/ranoja.ee\/wp-content\/uploads\/2023\/11\/ranoja-Logo.png","contentUrl":"https:\/\/ranoja.ee\/wp-content\/uploads\/2023\/11\/ranoja-Logo.png","width":207,"height":58,"caption":"Ranoja O\u00dc"},"image":{"@id":"https:\/\/ranoja.ee\/#\/schema\/logo\/image\/"},"sameAs":["https:\/\/www.facebook.com\/ranoja.ee","https:\/\/www.instagram.com\/ranoja__\/"]}]}},"_links":{"self":[{"href":"https:\/\/ranoja.ee\/en\/wp-json\/wp\/v2\/product\/57648","targetHints":{"allow":["GET"]}}],"collection":[{"href":"https:\/\/ranoja.ee\/en\/wp-json\/wp\/v2\/product"}],"about":[{"href":"https:\/\/ranoja.ee\/en\/wp-json\/wp\/v2\/types\/product"}],"wp:featuredmedia":[{"embeddable":true,"href":"https:\/\/ranoja.ee\/en\/wp-json\/wp\/v2\/media\/57649"}],"wp:attachment":[{"href":"https:\/\/ranoja.ee\/en\/wp-json\/wp\/v2\/media?parent=57648"}],"wp:term":[{"taxonomy":"product_cat","embeddable":true,"href":"https:\/\/ranoja.ee\/en\/wp-json\/wp\/v2\/product_cat?post=57648"},{"taxonomy":"product_tag","embeddable":true,"href":"https:\/\/ranoja.ee\/en\/wp-json\/wp\/v2\/product_tag?post=57648"}],"curies":[{"name":"wp","href":"https:\/\/api.w.org\/{rel}","templated":true}]}}