{"id":57646,"date":"2026-03-17T01:50:48","date_gmt":"2026-03-16T22:50:48","guid":{"rendered":"https:\/\/ranoja.ee\/toode\/juhtmeta-kasikompressor-ac10-8v-scheppach\/"},"modified":"2026-03-17T15:43:58","modified_gmt":"2026-03-17T12:43:58","slug":"juhtmeta-kasikompressor-ac10-8v-scheppach","status":"publish","type":"product","link":"https:\/\/ranoja.ee\/en\/toode\/juhtmeta-kasikompressor-ac10-8v-scheppach\/","title":{"rendered":"Juhtmeta k\u00e4sikompressor AC10\/8V, Scheppach"},"content":{"rendered":"","protected":false},"excerpt":{"rendered":"<p>5 re\u017eiimi: Auto re\u017eiim, Mootorratta re\u017eiim, Jalgratta re\u017eiim, Pallide re\u017eiim, Manuaalne re\u017eiim<br \/>\nAku: 2 Ah<br \/>\nAku pinge: 8 V<br \/>\n\u2022 Kompaktne juhtmevaba k\u00e4si kompressor, mida saab lihtsalt kaasa v\u00f5tta \u2013 ideaalne auto- v\u00f5i jalgratta rehvide, samuti m\u00e4nguasjade ja spordivahendite t\u00e4itmiseks<br \/>\n\u2022 5 valitavat re\u017eiimi: jalgratta re\u017eiim, mootorratta re\u017eiim, auto re\u017eiim, pallide re\u017eiim ja manuaalne re\u017eiim<br \/>\n\u2022 Maksimaalne t\u00f6\u00f6 r\u00f5hk 10,3 bar<br \/>\n\u2022 LCD-ekraan n\u00e4itab re\u017eiimi, hetkelist r\u00f5hku, r\u00f5hu\u00fchikut ja aku laetuse taset<br \/>\n\u2022 Indikaatortuli annab teavet hetke\u00f5hur\u00f5hu kohta (kollane\/ roheline\/ punane)<br \/>\n\u2022 Automaatne v\u00e4ljal\u00fclitus, kui m\u00e4\u00e4ratud r\u00f5hk on saavutatud<br \/>\n\u2022 R\u00f5hu\u00fchikud, mida saab valida: bar, PSI, kPa ja kg\/cm\u00b3<br \/>\n\u2022 Praktline LED-valgus, millel on SOS signaali re\u017eiim<br \/>\n\u2022 Lihtne laadimine USB-C \u00fchenduse kaudu<br \/>\n\u2022 Kompressoriga on kaasas kompressiooni\u00f5hu voolik, pallin\u00f5el, 2 koonusadapterit, 1 Dunlopi ventiil, USB-C kuni USB-A laadimiskaabel, hoiukott<br \/>\nM\u00f5\u00f5dud: P x L x K 70 x 37 x 143 mm<\/p>\n","protected":false},"featured_media":57647,"template":"","meta":{"inline_featured_image":false},"product_cat":[5118,5117,1094],"product_tag":[],"class_list":{"0":"post-57646","1":"product","2":"type-product","3":"status-publish","4":"has-post-thumbnail","6":"product_brand-scheppach","7":"product_cat-akuga-kompressorid","8":"product_cat-akuga-muud-tooriistad","9":"product_cat-akutooriistad","11":"first","12":"instock","13":"purchasable","14":"product-type-simple"},"yoast_head":"<!-- This site is optimized with the Yoast SEO plugin v27.4 - https:\/\/yoast.com\/product\/yoast-seo-wordpress\/ -->\n<title>Juhtmeta k\u00e4sikompressor AC10\/8V, Scheppach - Ranoja<\/title>\n<meta name=\"robots\" content=\"index, follow, max-snippet:-1, max-image-preview:large, max-video-preview:-1\" \/>\n<link rel=\"canonical\" href=\"https:\/\/ranoja.ee\/toode\/juhtmeta-kasikompressor-ac10-8v-scheppach\/\" \/>\n<meta property=\"og:locale\" content=\"en_US\" \/>\n<meta property=\"og:type\" content=\"article\" \/>\n<meta property=\"og:title\" content=\"Juhtmeta k\u00e4sikompressor AC10\/8V, Scheppach - Ranoja\" \/>\n<meta property=\"og:description\" content=\"5 re\u017eiimi: Auto re\u017eiim, Mootorratta re\u017eiim, Jalgratta re\u017eiim, Pallide re\u017eiim, Manuaalne re\u017eiim Aku: 2 Ah Aku pinge: 8 V \u2022 Kompaktne juhtmevaba k\u00e4si kompressor, mida saab lihtsalt kaasa v\u00f5tta \u2013 ideaalne auto- v\u00f5i jalgratta rehvide, samuti m\u00e4nguasjade ja spordivahendite t\u00e4itmiseks \u2022 5 valitavat re\u017eiimi: jalgratta re\u017eiim, mootorratta re\u017eiim, auto re\u017eiim, pallide re\u017eiim ja manuaalne re\u017eiim \u2022 Maksimaalne t\u00f6\u00f6 r\u00f5hk 10,3 bar \u2022 LCD-ekraan n\u00e4itab re\u017eiimi, hetkelist r\u00f5hku, r\u00f5hu\u00fchikut ja aku laetuse taset \u2022 Indikaatortuli annab teavet hetke\u00f5hur\u00f5hu kohta (kollane\/ roheline\/ punane) \u2022 Automaatne v\u00e4ljal\u00fclitus, kui m\u00e4\u00e4ratud r\u00f5hk on saavutatud \u2022 R\u00f5hu\u00fchikud, mida saab valida: bar, PSI, kPa ja kg\/cm\u00b3 \u2022 Praktline LED-valgus, millel on SOS signaali re\u017eiim \u2022 Lihtne laadimine USB-C \u00fchenduse kaudu \u2022 Kompressoriga on kaasas kompressiooni\u00f5hu voolik, pallin\u00f5el, 2 koonusadapterit, 1 Dunlopi ventiil, USB-C kuni USB-A laadimiskaabel, hoiukott M\u00f5\u00f5dud: P x L x K 70 x 37 x 143 mm\" \/>\n<meta property=\"og:url\" content=\"https:\/\/ranoja.ee\/toode\/juhtmeta-kasikompressor-ac10-8v-scheppach\/\" \/>\n<meta property=\"og:site_name\" content=\"Ranoja\" \/>\n<meta property=\"article:publisher\" content=\"https:\/\/www.facebook.com\/ranoja.ee\" \/>\n<meta property=\"article:modified_time\" content=\"2026-03-17T12:43:58+00:00\" \/>\n<meta property=\"og:image\" content=\"https:\/\/ranoja.ee\/wp-content\/uploads\/2026\/03\/5638139009.jpg\" \/>\n\t<meta property=\"og:image:width\" content=\"900\" \/>\n\t<meta property=\"og:image:height\" content=\"900\" \/>\n\t<meta property=\"og:image:type\" content=\"image\/jpeg\" \/>\n<meta name=\"twitter:card\" content=\"summary_large_image\" \/>\n<script type=\"application\/ld+json\" class=\"yoast-schema-graph\">{\"@context\":\"https:\\\/\\\/schema.org\",\"@graph\":[{\"@type\":\"WebPage\",\"@id\":\"https:\\\/\\\/ranoja.ee\\\/toode\\\/juhtmeta-kasikompressor-ac10-8v-scheppach\\\/\",\"url\":\"https:\\\/\\\/ranoja.ee\\\/toode\\\/juhtmeta-kasikompressor-ac10-8v-scheppach\\\/\",\"name\":\"Juhtmeta k\u00e4sikompressor AC10\\\/8V, Scheppach - Ranoja\",\"isPartOf\":{\"@id\":\"https:\\\/\\\/ranoja.ee\\\/#website\"},\"primaryImageOfPage\":{\"@id\":\"https:\\\/\\\/ranoja.ee\\\/toode\\\/juhtmeta-kasikompressor-ac10-8v-scheppach\\\/#primaryimage\"},\"image\":{\"@id\":\"https:\\\/\\\/ranoja.ee\\\/toode\\\/juhtmeta-kasikompressor-ac10-8v-scheppach\\\/#primaryimage\"},\"thumbnailUrl\":\"https:\\\/\\\/ranoja.ee\\\/wp-content\\\/uploads\\\/2026\\\/03\\\/5638139009.jpg\",\"datePublished\":\"2026-03-16T22:50:48+00:00\",\"dateModified\":\"2026-03-17T12:43:58+00:00\",\"breadcrumb\":{\"@id\":\"https:\\\/\\\/ranoja.ee\\\/toode\\\/juhtmeta-kasikompressor-ac10-8v-scheppach\\\/#breadcrumb\"},\"inLanguage\":\"en-US\",\"potentialAction\":[{\"@type\":\"ReadAction\",\"target\":[\"https:\\\/\\\/ranoja.ee\\\/toode\\\/juhtmeta-kasikompressor-ac10-8v-scheppach\\\/\"]}]},{\"@type\":\"ImageObject\",\"inLanguage\":\"en-US\",\"@id\":\"https:\\\/\\\/ranoja.ee\\\/toode\\\/juhtmeta-kasikompressor-ac10-8v-scheppach\\\/#primaryimage\",\"url\":\"https:\\\/\\\/ranoja.ee\\\/wp-content\\\/uploads\\\/2026\\\/03\\\/5638139009.jpg\",\"contentUrl\":\"https:\\\/\\\/ranoja.ee\\\/wp-content\\\/uploads\\\/2026\\\/03\\\/5638139009.jpg\",\"width\":900,\"height\":900},{\"@type\":\"BreadcrumbList\",\"@id\":\"https:\\\/\\\/ranoja.ee\\\/toode\\\/juhtmeta-kasikompressor-ac10-8v-scheppach\\\/#breadcrumb\",\"itemListElement\":[{\"@type\":\"ListItem\",\"position\":1,\"name\":\"Home\",\"item\":\"https:\\\/\\\/ranoja.ee\\\/\"},{\"@type\":\"ListItem\",\"position\":2,\"name\":\"Shop\",\"item\":\"https:\\\/\\\/ranoja.ee\\\/en\\\/shop\\\/\"},{\"@type\":\"ListItem\",\"position\":3,\"name\":\"Juhtmeta k\u00e4sikompressor AC10\\\/8V, Scheppach\"}]},{\"@type\":\"WebSite\",\"@id\":\"https:\\\/\\\/ranoja.ee\\\/#website\",\"url\":\"https:\\\/\\\/ranoja.ee\\\/\",\"name\":\"Ranoja\",\"description\":\"Equipment Shop WooCommerce WordPress Theme for Machine &amp; Tools\",\"publisher\":{\"@id\":\"https:\\\/\\\/ranoja.ee\\\/#organization\"},\"potentialAction\":[{\"@type\":\"SearchAction\",\"target\":{\"@type\":\"EntryPoint\",\"urlTemplate\":\"https:\\\/\\\/ranoja.ee\\\/?s={search_term_string}\"},\"query-input\":{\"@type\":\"PropertyValueSpecification\",\"valueRequired\":true,\"valueName\":\"search_term_string\"}}],\"inLanguage\":\"en-US\"},{\"@type\":\"Organization\",\"@id\":\"https:\\\/\\\/ranoja.ee\\\/#organization\",\"name\":\"Ranoja O\u00dc\",\"url\":\"https:\\\/\\\/ranoja.ee\\\/\",\"logo\":{\"@type\":\"ImageObject\",\"inLanguage\":\"en-US\",\"@id\":\"https:\\\/\\\/ranoja.ee\\\/#\\\/schema\\\/logo\\\/image\\\/\",\"url\":\"https:\\\/\\\/ranoja.ee\\\/wp-content\\\/uploads\\\/2023\\\/11\\\/ranoja-Logo.png\",\"contentUrl\":\"https:\\\/\\\/ranoja.ee\\\/wp-content\\\/uploads\\\/2023\\\/11\\\/ranoja-Logo.png\",\"width\":207,\"height\":58,\"caption\":\"Ranoja O\u00dc\"},\"image\":{\"@id\":\"https:\\\/\\\/ranoja.ee\\\/#\\\/schema\\\/logo\\\/image\\\/\"},\"sameAs\":[\"https:\\\/\\\/www.facebook.com\\\/ranoja.ee\",\"https:\\\/\\\/www.instagram.com\\\/ranoja__\\\/\"]}]}<\/script>\n<!-- \/ Yoast SEO plugin. -->","yoast_head_json":{"title":"Juhtmeta k\u00e4sikompressor AC10\/8V, Scheppach - Ranoja","robots":{"index":"index","follow":"follow","max-snippet":"max-snippet:-1","max-image-preview":"max-image-preview:large","max-video-preview":"max-video-preview:-1"},"canonical":"https:\/\/ranoja.ee\/toode\/juhtmeta-kasikompressor-ac10-8v-scheppach\/","og_locale":"en_US","og_type":"article","og_title":"Juhtmeta k\u00e4sikompressor AC10\/8V, Scheppach - Ranoja","og_description":"5 re\u017eiimi: Auto re\u017eiim, Mootorratta re\u017eiim, Jalgratta re\u017eiim, Pallide re\u017eiim, Manuaalne re\u017eiim Aku: 2 Ah Aku pinge: 8 V \u2022 Kompaktne juhtmevaba k\u00e4si kompressor, mida saab lihtsalt kaasa v\u00f5tta \u2013 ideaalne auto- v\u00f5i jalgratta rehvide, samuti m\u00e4nguasjade ja spordivahendite t\u00e4itmiseks \u2022 5 valitavat re\u017eiimi: jalgratta re\u017eiim, mootorratta re\u017eiim, auto re\u017eiim, pallide re\u017eiim ja manuaalne re\u017eiim \u2022 Maksimaalne t\u00f6\u00f6 r\u00f5hk 10,3 bar \u2022 LCD-ekraan n\u00e4itab re\u017eiimi, hetkelist r\u00f5hku, r\u00f5hu\u00fchikut ja aku laetuse taset \u2022 Indikaatortuli annab teavet hetke\u00f5hur\u00f5hu kohta (kollane\/ roheline\/ punane) \u2022 Automaatne v\u00e4ljal\u00fclitus, kui m\u00e4\u00e4ratud r\u00f5hk on saavutatud \u2022 R\u00f5hu\u00fchikud, mida saab valida: bar, PSI, kPa ja kg\/cm\u00b3 \u2022 Praktline LED-valgus, millel on SOS signaali re\u017eiim \u2022 Lihtne laadimine USB-C \u00fchenduse kaudu \u2022 Kompressoriga on kaasas kompressiooni\u00f5hu voolik, pallin\u00f5el, 2 koonusadapterit, 1 Dunlopi ventiil, USB-C kuni USB-A laadimiskaabel, hoiukott M\u00f5\u00f5dud: P x L x K 70 x 37 x 143 mm","og_url":"https:\/\/ranoja.ee\/toode\/juhtmeta-kasikompressor-ac10-8v-scheppach\/","og_site_name":"Ranoja","article_publisher":"https:\/\/www.facebook.com\/ranoja.ee","article_modified_time":"2026-03-17T12:43:58+00:00","og_image":[{"width":900,"height":900,"url":"https:\/\/ranoja.ee\/wp-content\/uploads\/2026\/03\/5638139009.jpg","type":"image\/jpeg"}],"twitter_card":"summary_large_image","schema":{"@context":"https:\/\/schema.org","@graph":[{"@type":"WebPage","@id":"https:\/\/ranoja.ee\/toode\/juhtmeta-kasikompressor-ac10-8v-scheppach\/","url":"https:\/\/ranoja.ee\/toode\/juhtmeta-kasikompressor-ac10-8v-scheppach\/","name":"Juhtmeta k\u00e4sikompressor AC10\/8V, Scheppach - Ranoja","isPartOf":{"@id":"https:\/\/ranoja.ee\/#website"},"primaryImageOfPage":{"@id":"https:\/\/ranoja.ee\/toode\/juhtmeta-kasikompressor-ac10-8v-scheppach\/#primaryimage"},"image":{"@id":"https:\/\/ranoja.ee\/toode\/juhtmeta-kasikompressor-ac10-8v-scheppach\/#primaryimage"},"thumbnailUrl":"https:\/\/ranoja.ee\/wp-content\/uploads\/2026\/03\/5638139009.jpg","datePublished":"2026-03-16T22:50:48+00:00","dateModified":"2026-03-17T12:43:58+00:00","breadcrumb":{"@id":"https:\/\/ranoja.ee\/toode\/juhtmeta-kasikompressor-ac10-8v-scheppach\/#breadcrumb"},"inLanguage":"en-US","potentialAction":[{"@type":"ReadAction","target":["https:\/\/ranoja.ee\/toode\/juhtmeta-kasikompressor-ac10-8v-scheppach\/"]}]},{"@type":"ImageObject","inLanguage":"en-US","@id":"https:\/\/ranoja.ee\/toode\/juhtmeta-kasikompressor-ac10-8v-scheppach\/#primaryimage","url":"https:\/\/ranoja.ee\/wp-content\/uploads\/2026\/03\/5638139009.jpg","contentUrl":"https:\/\/ranoja.ee\/wp-content\/uploads\/2026\/03\/5638139009.jpg","width":900,"height":900},{"@type":"BreadcrumbList","@id":"https:\/\/ranoja.ee\/toode\/juhtmeta-kasikompressor-ac10-8v-scheppach\/#breadcrumb","itemListElement":[{"@type":"ListItem","position":1,"name":"Home","item":"https:\/\/ranoja.ee\/"},{"@type":"ListItem","position":2,"name":"Shop","item":"https:\/\/ranoja.ee\/en\/shop\/"},{"@type":"ListItem","position":3,"name":"Juhtmeta k\u00e4sikompressor AC10\/8V, Scheppach"}]},{"@type":"WebSite","@id":"https:\/\/ranoja.ee\/#website","url":"https:\/\/ranoja.ee\/","name":"Ranoja","description":"Equipment Shop WooCommerce WordPress Theme for Machine &amp; Tools","publisher":{"@id":"https:\/\/ranoja.ee\/#organization"},"potentialAction":[{"@type":"SearchAction","target":{"@type":"EntryPoint","urlTemplate":"https:\/\/ranoja.ee\/?s={search_term_string}"},"query-input":{"@type":"PropertyValueSpecification","valueRequired":true,"valueName":"search_term_string"}}],"inLanguage":"en-US"},{"@type":"Organization","@id":"https:\/\/ranoja.ee\/#organization","name":"Ranoja O\u00dc","url":"https:\/\/ranoja.ee\/","logo":{"@type":"ImageObject","inLanguage":"en-US","@id":"https:\/\/ranoja.ee\/#\/schema\/logo\/image\/","url":"https:\/\/ranoja.ee\/wp-content\/uploads\/2023\/11\/ranoja-Logo.png","contentUrl":"https:\/\/ranoja.ee\/wp-content\/uploads\/2023\/11\/ranoja-Logo.png","width":207,"height":58,"caption":"Ranoja O\u00dc"},"image":{"@id":"https:\/\/ranoja.ee\/#\/schema\/logo\/image\/"},"sameAs":["https:\/\/www.facebook.com\/ranoja.ee","https:\/\/www.instagram.com\/ranoja__\/"]}]}},"_links":{"self":[{"href":"https:\/\/ranoja.ee\/en\/wp-json\/wp\/v2\/product\/57646","targetHints":{"allow":["GET"]}}],"collection":[{"href":"https:\/\/ranoja.ee\/en\/wp-json\/wp\/v2\/product"}],"about":[{"href":"https:\/\/ranoja.ee\/en\/wp-json\/wp\/v2\/types\/product"}],"wp:featuredmedia":[{"embeddable":true,"href":"https:\/\/ranoja.ee\/en\/wp-json\/wp\/v2\/media\/57647"}],"wp:attachment":[{"href":"https:\/\/ranoja.ee\/en\/wp-json\/wp\/v2\/media?parent=57646"}],"wp:term":[{"taxonomy":"product_cat","embeddable":true,"href":"https:\/\/ranoja.ee\/en\/wp-json\/wp\/v2\/product_cat?post=57646"},{"taxonomy":"product_tag","embeddable":true,"href":"https:\/\/ranoja.ee\/en\/wp-json\/wp\/v2\/product_tag?post=57646"}],"curies":[{"name":"wp","href":"https:\/\/api.w.org\/{rel}","templated":true}]}}