{"id":57638,"date":"2026-03-17T01:50:48","date_gmt":"2026-03-16T22:50:48","guid":{"rendered":"https:\/\/ranoja.ee\/toode\/tulehakatise-kiin-scheppach\/"},"modified":"2026-03-17T15:43:58","modified_gmt":"2026-03-17T12:43:58","slug":"tulehakatise-kiin-scheppach","status":"publish","type":"product","link":"https:\/\/ranoja.ee\/en\/toode\/tulehakatise-kiin-scheppach\/","title":{"rendered":"Tulehakatise kiin, Scheppach"},"content":{"rendered":"","protected":false},"excerpt":{"rendered":"<p>Ideaalne k\u00fcttepuude peenestamiseks ja tulehakatise valmistamiseks<br \/>\nSobib puidule paksusega 90-340 mm<br \/>\nTugeva konstruktsiooniga vastupidavast malmist raam<br \/>\nHoova pikkus 560 mm v\u00f5imaldab eriti lihtsat ja mugavat poolitamist<br \/>\nEriti ohutu puidu l\u00f5hestamine, kuna protsess on erimevalt kirve kasutamisest kogu aeg kontrolli all<br \/>\nKvaliteetne 220 mm pikkune tera on teritav<br \/>\nLihtne seinakinnitus<br \/>\nErgonoomiline puidust k\u00e4epide lihtsaks kasutamiseks<br \/>\nKompaktsed m\u00f5\u00f5tmed 135 x 85 x 590 mm<\/p>\n<p>TEHNILISED N\u00c4ITAJAD:<br \/>\nTera pikkus: 220 mm<br \/>\nHoova pikkus: 560 mm<br \/>\nAstmeid: 6 tk<br \/>\nL\u00f5hestuspikkus: 90 \/ 140 \/ 190 \/ 240 \/ 290 \/ 340 mm<br \/>\nKinnituskruvid: 4 x kuuskant O 8 x 70 mm<br \/>\nNailont\u00fc\u00fcblid: O 10 x 50 mm<\/p>\n","protected":false},"featured_media":57639,"template":"","meta":{"inline_featured_image":false},"product_cat":[1087,1089],"product_tag":[],"class_list":{"0":"post-57638","1":"product","2":"type-product","3":"status-publish","4":"has-post-thumbnail","6":"product_brand-scheppach","7":"product_cat-metsatehnika","8":"product_cat-puulohkumismasinad","10":"first","11":"instock","12":"purchasable","13":"product-type-simple"},"yoast_head":"<!-- This site is optimized with the Yoast SEO plugin v27.4 - https:\/\/yoast.com\/product\/yoast-seo-wordpress\/ -->\n<title>Tulehakatise kiin, Scheppach - Ranoja<\/title>\n<meta name=\"robots\" content=\"index, follow, max-snippet:-1, max-image-preview:large, max-video-preview:-1\" \/>\n<link rel=\"canonical\" href=\"https:\/\/ranoja.ee\/toode\/tulehakatise-kiin-scheppach\/\" \/>\n<meta property=\"og:locale\" content=\"en_US\" \/>\n<meta property=\"og:type\" content=\"article\" \/>\n<meta property=\"og:title\" content=\"Tulehakatise kiin, Scheppach - Ranoja\" \/>\n<meta property=\"og:description\" content=\"Ideaalne k\u00fcttepuude peenestamiseks ja tulehakatise valmistamiseks Sobib puidule paksusega 90-340 mm Tugeva konstruktsiooniga vastupidavast malmist raam Hoova pikkus 560 mm v\u00f5imaldab eriti lihtsat ja mugavat poolitamist Eriti ohutu puidu l\u00f5hestamine, kuna protsess on erimevalt kirve kasutamisest kogu aeg kontrolli all Kvaliteetne 220 mm pikkune tera on teritav Lihtne seinakinnitus Ergonoomiline puidust k\u00e4epide lihtsaks kasutamiseks Kompaktsed m\u00f5\u00f5tmed 135 x 85 x 590 mm TEHNILISED N\u00c4ITAJAD: Tera pikkus: 220 mm Hoova pikkus: 560 mm Astmeid: 6 tk L\u00f5hestuspikkus: 90 \/ 140 \/ 190 \/ 240 \/ 290 \/ 340 mm Kinnituskruvid: 4 x kuuskant O 8 x 70 mm Nailont\u00fc\u00fcblid: O 10 x 50 mm\" \/>\n<meta property=\"og:url\" content=\"https:\/\/ranoja.ee\/toode\/tulehakatise-kiin-scheppach\/\" \/>\n<meta property=\"og:site_name\" content=\"Ranoja\" \/>\n<meta property=\"article:publisher\" content=\"https:\/\/www.facebook.com\/ranoja.ee\" \/>\n<meta property=\"article:modified_time\" content=\"2026-03-17T12:43:58+00:00\" \/>\n<meta property=\"og:image\" content=\"https:\/\/ranoja.ee\/wp-content\/uploads\/2026\/03\/264143419.jpg\" \/>\n\t<meta property=\"og:image:width\" content=\"289\" \/>\n\t<meta property=\"og:image:height\" content=\"768\" \/>\n\t<meta property=\"og:image:type\" content=\"image\/jpeg\" \/>\n<meta name=\"twitter:card\" content=\"summary_large_image\" \/>\n<script type=\"application\/ld+json\" class=\"yoast-schema-graph\">{\"@context\":\"https:\\\/\\\/schema.org\",\"@graph\":[{\"@type\":\"WebPage\",\"@id\":\"https:\\\/\\\/ranoja.ee\\\/toode\\\/tulehakatise-kiin-scheppach\\\/\",\"url\":\"https:\\\/\\\/ranoja.ee\\\/toode\\\/tulehakatise-kiin-scheppach\\\/\",\"name\":\"Tulehakatise kiin, Scheppach - Ranoja\",\"isPartOf\":{\"@id\":\"https:\\\/\\\/ranoja.ee\\\/#website\"},\"primaryImageOfPage\":{\"@id\":\"https:\\\/\\\/ranoja.ee\\\/toode\\\/tulehakatise-kiin-scheppach\\\/#primaryimage\"},\"image\":{\"@id\":\"https:\\\/\\\/ranoja.ee\\\/toode\\\/tulehakatise-kiin-scheppach\\\/#primaryimage\"},\"thumbnailUrl\":\"https:\\\/\\\/ranoja.ee\\\/wp-content\\\/uploads\\\/2026\\\/03\\\/264143419.jpg\",\"datePublished\":\"2026-03-16T22:50:48+00:00\",\"dateModified\":\"2026-03-17T12:43:58+00:00\",\"breadcrumb\":{\"@id\":\"https:\\\/\\\/ranoja.ee\\\/toode\\\/tulehakatise-kiin-scheppach\\\/#breadcrumb\"},\"inLanguage\":\"en-US\",\"potentialAction\":[{\"@type\":\"ReadAction\",\"target\":[\"https:\\\/\\\/ranoja.ee\\\/toode\\\/tulehakatise-kiin-scheppach\\\/\"]}]},{\"@type\":\"ImageObject\",\"inLanguage\":\"en-US\",\"@id\":\"https:\\\/\\\/ranoja.ee\\\/toode\\\/tulehakatise-kiin-scheppach\\\/#primaryimage\",\"url\":\"https:\\\/\\\/ranoja.ee\\\/wp-content\\\/uploads\\\/2026\\\/03\\\/264143419.jpg\",\"contentUrl\":\"https:\\\/\\\/ranoja.ee\\\/wp-content\\\/uploads\\\/2026\\\/03\\\/264143419.jpg\",\"width\":289,\"height\":768},{\"@type\":\"BreadcrumbList\",\"@id\":\"https:\\\/\\\/ranoja.ee\\\/toode\\\/tulehakatise-kiin-scheppach\\\/#breadcrumb\",\"itemListElement\":[{\"@type\":\"ListItem\",\"position\":1,\"name\":\"Home\",\"item\":\"https:\\\/\\\/ranoja.ee\\\/\"},{\"@type\":\"ListItem\",\"position\":2,\"name\":\"Shop\",\"item\":\"https:\\\/\\\/ranoja.ee\\\/en\\\/shop\\\/\"},{\"@type\":\"ListItem\",\"position\":3,\"name\":\"Tulehakatise kiin, Scheppach\"}]},{\"@type\":\"WebSite\",\"@id\":\"https:\\\/\\\/ranoja.ee\\\/#website\",\"url\":\"https:\\\/\\\/ranoja.ee\\\/\",\"name\":\"Ranoja\",\"description\":\"Equipment Shop WooCommerce WordPress Theme for Machine &amp; Tools\",\"publisher\":{\"@id\":\"https:\\\/\\\/ranoja.ee\\\/#organization\"},\"potentialAction\":[{\"@type\":\"SearchAction\",\"target\":{\"@type\":\"EntryPoint\",\"urlTemplate\":\"https:\\\/\\\/ranoja.ee\\\/?s={search_term_string}\"},\"query-input\":{\"@type\":\"PropertyValueSpecification\",\"valueRequired\":true,\"valueName\":\"search_term_string\"}}],\"inLanguage\":\"en-US\"},{\"@type\":\"Organization\",\"@id\":\"https:\\\/\\\/ranoja.ee\\\/#organization\",\"name\":\"Ranoja O\u00dc\",\"url\":\"https:\\\/\\\/ranoja.ee\\\/\",\"logo\":{\"@type\":\"ImageObject\",\"inLanguage\":\"en-US\",\"@id\":\"https:\\\/\\\/ranoja.ee\\\/#\\\/schema\\\/logo\\\/image\\\/\",\"url\":\"https:\\\/\\\/ranoja.ee\\\/wp-content\\\/uploads\\\/2023\\\/11\\\/ranoja-Logo.png\",\"contentUrl\":\"https:\\\/\\\/ranoja.ee\\\/wp-content\\\/uploads\\\/2023\\\/11\\\/ranoja-Logo.png\",\"width\":207,\"height\":58,\"caption\":\"Ranoja O\u00dc\"},\"image\":{\"@id\":\"https:\\\/\\\/ranoja.ee\\\/#\\\/schema\\\/logo\\\/image\\\/\"},\"sameAs\":[\"https:\\\/\\\/www.facebook.com\\\/ranoja.ee\",\"https:\\\/\\\/www.instagram.com\\\/ranoja__\\\/\"]}]}<\/script>\n<!-- \/ Yoast SEO plugin. -->","yoast_head_json":{"title":"Tulehakatise kiin, Scheppach - Ranoja","robots":{"index":"index","follow":"follow","max-snippet":"max-snippet:-1","max-image-preview":"max-image-preview:large","max-video-preview":"max-video-preview:-1"},"canonical":"https:\/\/ranoja.ee\/toode\/tulehakatise-kiin-scheppach\/","og_locale":"en_US","og_type":"article","og_title":"Tulehakatise kiin, Scheppach - Ranoja","og_description":"Ideaalne k\u00fcttepuude peenestamiseks ja tulehakatise valmistamiseks Sobib puidule paksusega 90-340 mm Tugeva konstruktsiooniga vastupidavast malmist raam Hoova pikkus 560 mm v\u00f5imaldab eriti lihtsat ja mugavat poolitamist Eriti ohutu puidu l\u00f5hestamine, kuna protsess on erimevalt kirve kasutamisest kogu aeg kontrolli all Kvaliteetne 220 mm pikkune tera on teritav Lihtne seinakinnitus Ergonoomiline puidust k\u00e4epide lihtsaks kasutamiseks Kompaktsed m\u00f5\u00f5tmed 135 x 85 x 590 mm TEHNILISED N\u00c4ITAJAD: Tera pikkus: 220 mm Hoova pikkus: 560 mm Astmeid: 6 tk L\u00f5hestuspikkus: 90 \/ 140 \/ 190 \/ 240 \/ 290 \/ 340 mm Kinnituskruvid: 4 x kuuskant O 8 x 70 mm Nailont\u00fc\u00fcblid: O 10 x 50 mm","og_url":"https:\/\/ranoja.ee\/toode\/tulehakatise-kiin-scheppach\/","og_site_name":"Ranoja","article_publisher":"https:\/\/www.facebook.com\/ranoja.ee","article_modified_time":"2026-03-17T12:43:58+00:00","og_image":[{"width":289,"height":768,"url":"https:\/\/ranoja.ee\/wp-content\/uploads\/2026\/03\/264143419.jpg","type":"image\/jpeg"}],"twitter_card":"summary_large_image","schema":{"@context":"https:\/\/schema.org","@graph":[{"@type":"WebPage","@id":"https:\/\/ranoja.ee\/toode\/tulehakatise-kiin-scheppach\/","url":"https:\/\/ranoja.ee\/toode\/tulehakatise-kiin-scheppach\/","name":"Tulehakatise kiin, Scheppach - Ranoja","isPartOf":{"@id":"https:\/\/ranoja.ee\/#website"},"primaryImageOfPage":{"@id":"https:\/\/ranoja.ee\/toode\/tulehakatise-kiin-scheppach\/#primaryimage"},"image":{"@id":"https:\/\/ranoja.ee\/toode\/tulehakatise-kiin-scheppach\/#primaryimage"},"thumbnailUrl":"https:\/\/ranoja.ee\/wp-content\/uploads\/2026\/03\/264143419.jpg","datePublished":"2026-03-16T22:50:48+00:00","dateModified":"2026-03-17T12:43:58+00:00","breadcrumb":{"@id":"https:\/\/ranoja.ee\/toode\/tulehakatise-kiin-scheppach\/#breadcrumb"},"inLanguage":"en-US","potentialAction":[{"@type":"ReadAction","target":["https:\/\/ranoja.ee\/toode\/tulehakatise-kiin-scheppach\/"]}]},{"@type":"ImageObject","inLanguage":"en-US","@id":"https:\/\/ranoja.ee\/toode\/tulehakatise-kiin-scheppach\/#primaryimage","url":"https:\/\/ranoja.ee\/wp-content\/uploads\/2026\/03\/264143419.jpg","contentUrl":"https:\/\/ranoja.ee\/wp-content\/uploads\/2026\/03\/264143419.jpg","width":289,"height":768},{"@type":"BreadcrumbList","@id":"https:\/\/ranoja.ee\/toode\/tulehakatise-kiin-scheppach\/#breadcrumb","itemListElement":[{"@type":"ListItem","position":1,"name":"Home","item":"https:\/\/ranoja.ee\/"},{"@type":"ListItem","position":2,"name":"Shop","item":"https:\/\/ranoja.ee\/en\/shop\/"},{"@type":"ListItem","position":3,"name":"Tulehakatise kiin, Scheppach"}]},{"@type":"WebSite","@id":"https:\/\/ranoja.ee\/#website","url":"https:\/\/ranoja.ee\/","name":"Ranoja","description":"Equipment Shop WooCommerce WordPress Theme for Machine &amp; Tools","publisher":{"@id":"https:\/\/ranoja.ee\/#organization"},"potentialAction":[{"@type":"SearchAction","target":{"@type":"EntryPoint","urlTemplate":"https:\/\/ranoja.ee\/?s={search_term_string}"},"query-input":{"@type":"PropertyValueSpecification","valueRequired":true,"valueName":"search_term_string"}}],"inLanguage":"en-US"},{"@type":"Organization","@id":"https:\/\/ranoja.ee\/#organization","name":"Ranoja O\u00dc","url":"https:\/\/ranoja.ee\/","logo":{"@type":"ImageObject","inLanguage":"en-US","@id":"https:\/\/ranoja.ee\/#\/schema\/logo\/image\/","url":"https:\/\/ranoja.ee\/wp-content\/uploads\/2023\/11\/ranoja-Logo.png","contentUrl":"https:\/\/ranoja.ee\/wp-content\/uploads\/2023\/11\/ranoja-Logo.png","width":207,"height":58,"caption":"Ranoja O\u00dc"},"image":{"@id":"https:\/\/ranoja.ee\/#\/schema\/logo\/image\/"},"sameAs":["https:\/\/www.facebook.com\/ranoja.ee","https:\/\/www.instagram.com\/ranoja__\/"]}]}},"_links":{"self":[{"href":"https:\/\/ranoja.ee\/en\/wp-json\/wp\/v2\/product\/57638","targetHints":{"allow":["GET"]}}],"collection":[{"href":"https:\/\/ranoja.ee\/en\/wp-json\/wp\/v2\/product"}],"about":[{"href":"https:\/\/ranoja.ee\/en\/wp-json\/wp\/v2\/types\/product"}],"wp:featuredmedia":[{"embeddable":true,"href":"https:\/\/ranoja.ee\/en\/wp-json\/wp\/v2\/media\/57639"}],"wp:attachment":[{"href":"https:\/\/ranoja.ee\/en\/wp-json\/wp\/v2\/media?parent=57638"}],"wp:term":[{"taxonomy":"product_cat","embeddable":true,"href":"https:\/\/ranoja.ee\/en\/wp-json\/wp\/v2\/product_cat?post=57638"},{"taxonomy":"product_tag","embeddable":true,"href":"https:\/\/ranoja.ee\/en\/wp-json\/wp\/v2\/product_tag?post=57638"}],"curies":[{"name":"wp","href":"https:\/\/api.w.org\/{rel}","templated":true}]}}