{"id":57622,"date":"2026-03-17T01:50:48","date_gmt":"2026-03-16T22:50:48","guid":{"rendered":"https:\/\/ranoja.ee\/toode\/klambripustol-r13e-4-10mm-kollane-nr-13-klamber-handy-rapid\/"},"modified":"2026-03-17T15:43:58","modified_gmt":"2026-03-17T12:43:58","slug":"klambripustol-r13e-4-10mm-kollane-nr-13-klamber-handy-rapid","status":"publish","type":"product","link":"https:\/\/ranoja.ee\/en\/toode\/klambripustol-r13e-4-10mm-kollane-nr-13-klamber-handy-rapid\/","title":{"rendered":"Klambrip\u00fcstol R13E 4-10mm kollane Nr 13 klamber HANDY, Rapid"},"content":{"rendered":"","protected":false},"excerpt":{"rendered":"<p>Kerge ja h\u00f5lpsasti k\u00e4sitsetav klambrip\u00fcstol koduprojektide v\u00f5i lihtsamate professionaalsete t\u00f6\u00f6de jaoks. Suur j\u00f5udlus ja kerge kaal teevad t\u00f6\u00f6tamise ka regulaarsel kasutamisel mugavaks. R13E sobib ka v\u00e4iksema k\u00e4ega kasutajatele. Ideaalne m\u00f6\u00f6bli polsterdamiseks, dekoratiivt\u00f6\u00f6deks erinevate tekstiili t\u00fc\u00fcpidega ning plakatite v\u00f5i naha kinnitamiseks.<\/p>\n","protected":false},"featured_media":57623,"template":"","meta":{"inline_featured_image":false},"product_cat":[1596,5108,5047,1116],"product_tag":[],"class_list":{"0":"post-57622","1":"product","2":"type-product","3":"status-publish","4":"has-post-thumbnail","6":"product_brand-rapid","7":"product_cat-kasitooriistad","8":"product_cat-klambripustolid","9":"product_cat-klambripustolid-ja-klambrid","10":"product_cat-lisaseadmed-ehitusseadmed-led-lisatuled-cb-raadiod-lallar","12":"first","13":"instock","14":"purchasable","15":"product-type-simple"},"yoast_head":"<!-- This site is optimized with the Yoast SEO plugin v27.4 - https:\/\/yoast.com\/product\/yoast-seo-wordpress\/ -->\n<title>Klambrip\u00fcstol R13E 4-10mm kollane Nr 13 klamber HANDY, Rapid - Ranoja<\/title>\n<meta name=\"robots\" content=\"index, follow, max-snippet:-1, max-image-preview:large, max-video-preview:-1\" \/>\n<link rel=\"canonical\" href=\"https:\/\/ranoja.ee\/toode\/klambripustol-r13e-4-10mm-kollane-nr-13-klamber-handy-rapid\/\" \/>\n<meta property=\"og:locale\" content=\"en_US\" \/>\n<meta property=\"og:type\" content=\"article\" \/>\n<meta property=\"og:title\" content=\"Klambrip\u00fcstol R13E 4-10mm kollane Nr 13 klamber HANDY, Rapid - Ranoja\" \/>\n<meta property=\"og:description\" content=\"Kerge ja h\u00f5lpsasti k\u00e4sitsetav klambrip\u00fcstol koduprojektide v\u00f5i lihtsamate professionaalsete t\u00f6\u00f6de jaoks. Suur j\u00f5udlus ja kerge kaal teevad t\u00f6\u00f6tamise ka regulaarsel kasutamisel mugavaks. R13E sobib ka v\u00e4iksema k\u00e4ega kasutajatele. Ideaalne m\u00f6\u00f6bli polsterdamiseks, dekoratiivt\u00f6\u00f6deks erinevate tekstiili t\u00fc\u00fcpidega ning plakatite v\u00f5i naha kinnitamiseks.\" \/>\n<meta property=\"og:url\" content=\"https:\/\/ranoja.ee\/toode\/klambripustol-r13e-4-10mm-kollane-nr-13-klamber-handy-rapid\/\" \/>\n<meta property=\"og:site_name\" content=\"Ranoja\" \/>\n<meta property=\"article:publisher\" content=\"https:\/\/www.facebook.com\/ranoja.ee\" \/>\n<meta property=\"article:modified_time\" content=\"2026-03-17T12:43:58+00:00\" \/>\n<meta property=\"og:image\" content=\"https:\/\/ranoja.ee\/wp-content\/uploads\/2026\/03\/241742345.jpg\" \/>\n\t<meta property=\"og:image:width\" content=\"600\" \/>\n\t<meta property=\"og:image:height\" content=\"600\" \/>\n\t<meta property=\"og:image:type\" content=\"image\/jpeg\" \/>\n<meta name=\"twitter:card\" content=\"summary_large_image\" \/>\n<script type=\"application\/ld+json\" class=\"yoast-schema-graph\">{\"@context\":\"https:\\\/\\\/schema.org\",\"@graph\":[{\"@type\":\"WebPage\",\"@id\":\"https:\\\/\\\/ranoja.ee\\\/toode\\\/klambripustol-r13e-4-10mm-kollane-nr-13-klamber-handy-rapid\\\/\",\"url\":\"https:\\\/\\\/ranoja.ee\\\/toode\\\/klambripustol-r13e-4-10mm-kollane-nr-13-klamber-handy-rapid\\\/\",\"name\":\"Klambrip\u00fcstol R13E 4-10mm kollane Nr 13 klamber HANDY, Rapid - Ranoja\",\"isPartOf\":{\"@id\":\"https:\\\/\\\/ranoja.ee\\\/#website\"},\"primaryImageOfPage\":{\"@id\":\"https:\\\/\\\/ranoja.ee\\\/toode\\\/klambripustol-r13e-4-10mm-kollane-nr-13-klamber-handy-rapid\\\/#primaryimage\"},\"image\":{\"@id\":\"https:\\\/\\\/ranoja.ee\\\/toode\\\/klambripustol-r13e-4-10mm-kollane-nr-13-klamber-handy-rapid\\\/#primaryimage\"},\"thumbnailUrl\":\"https:\\\/\\\/ranoja.ee\\\/wp-content\\\/uploads\\\/2026\\\/03\\\/241742345.jpg\",\"datePublished\":\"2026-03-16T22:50:48+00:00\",\"dateModified\":\"2026-03-17T12:43:58+00:00\",\"breadcrumb\":{\"@id\":\"https:\\\/\\\/ranoja.ee\\\/toode\\\/klambripustol-r13e-4-10mm-kollane-nr-13-klamber-handy-rapid\\\/#breadcrumb\"},\"inLanguage\":\"en-US\",\"potentialAction\":[{\"@type\":\"ReadAction\",\"target\":[\"https:\\\/\\\/ranoja.ee\\\/toode\\\/klambripustol-r13e-4-10mm-kollane-nr-13-klamber-handy-rapid\\\/\"]}]},{\"@type\":\"ImageObject\",\"inLanguage\":\"en-US\",\"@id\":\"https:\\\/\\\/ranoja.ee\\\/toode\\\/klambripustol-r13e-4-10mm-kollane-nr-13-klamber-handy-rapid\\\/#primaryimage\",\"url\":\"https:\\\/\\\/ranoja.ee\\\/wp-content\\\/uploads\\\/2026\\\/03\\\/241742345.jpg\",\"contentUrl\":\"https:\\\/\\\/ranoja.ee\\\/wp-content\\\/uploads\\\/2026\\\/03\\\/241742345.jpg\",\"width\":600,\"height\":600},{\"@type\":\"BreadcrumbList\",\"@id\":\"https:\\\/\\\/ranoja.ee\\\/toode\\\/klambripustol-r13e-4-10mm-kollane-nr-13-klamber-handy-rapid\\\/#breadcrumb\",\"itemListElement\":[{\"@type\":\"ListItem\",\"position\":1,\"name\":\"Home\",\"item\":\"https:\\\/\\\/ranoja.ee\\\/\"},{\"@type\":\"ListItem\",\"position\":2,\"name\":\"Shop\",\"item\":\"https:\\\/\\\/ranoja.ee\\\/en\\\/shop\\\/\"},{\"@type\":\"ListItem\",\"position\":3,\"name\":\"Klambrip\u00fcstol R13E 4-10mm kollane Nr 13 klamber HANDY, Rapid\"}]},{\"@type\":\"WebSite\",\"@id\":\"https:\\\/\\\/ranoja.ee\\\/#website\",\"url\":\"https:\\\/\\\/ranoja.ee\\\/\",\"name\":\"Ranoja\",\"description\":\"Equipment Shop WooCommerce WordPress Theme for Machine &amp; Tools\",\"publisher\":{\"@id\":\"https:\\\/\\\/ranoja.ee\\\/#organization\"},\"potentialAction\":[{\"@type\":\"SearchAction\",\"target\":{\"@type\":\"EntryPoint\",\"urlTemplate\":\"https:\\\/\\\/ranoja.ee\\\/?s={search_term_string}\"},\"query-input\":{\"@type\":\"PropertyValueSpecification\",\"valueRequired\":true,\"valueName\":\"search_term_string\"}}],\"inLanguage\":\"en-US\"},{\"@type\":\"Organization\",\"@id\":\"https:\\\/\\\/ranoja.ee\\\/#organization\",\"name\":\"Ranoja O\u00dc\",\"url\":\"https:\\\/\\\/ranoja.ee\\\/\",\"logo\":{\"@type\":\"ImageObject\",\"inLanguage\":\"en-US\",\"@id\":\"https:\\\/\\\/ranoja.ee\\\/#\\\/schema\\\/logo\\\/image\\\/\",\"url\":\"https:\\\/\\\/ranoja.ee\\\/wp-content\\\/uploads\\\/2023\\\/11\\\/ranoja-Logo.png\",\"contentUrl\":\"https:\\\/\\\/ranoja.ee\\\/wp-content\\\/uploads\\\/2023\\\/11\\\/ranoja-Logo.png\",\"width\":207,\"height\":58,\"caption\":\"Ranoja O\u00dc\"},\"image\":{\"@id\":\"https:\\\/\\\/ranoja.ee\\\/#\\\/schema\\\/logo\\\/image\\\/\"},\"sameAs\":[\"https:\\\/\\\/www.facebook.com\\\/ranoja.ee\",\"https:\\\/\\\/www.instagram.com\\\/ranoja__\\\/\"]}]}<\/script>\n<!-- \/ Yoast SEO plugin. -->","yoast_head_json":{"title":"Klambrip\u00fcstol R13E 4-10mm kollane Nr 13 klamber HANDY, Rapid - Ranoja","robots":{"index":"index","follow":"follow","max-snippet":"max-snippet:-1","max-image-preview":"max-image-preview:large","max-video-preview":"max-video-preview:-1"},"canonical":"https:\/\/ranoja.ee\/toode\/klambripustol-r13e-4-10mm-kollane-nr-13-klamber-handy-rapid\/","og_locale":"en_US","og_type":"article","og_title":"Klambrip\u00fcstol R13E 4-10mm kollane Nr 13 klamber HANDY, Rapid - Ranoja","og_description":"Kerge ja h\u00f5lpsasti k\u00e4sitsetav klambrip\u00fcstol koduprojektide v\u00f5i lihtsamate professionaalsete t\u00f6\u00f6de jaoks. Suur j\u00f5udlus ja kerge kaal teevad t\u00f6\u00f6tamise ka regulaarsel kasutamisel mugavaks. R13E sobib ka v\u00e4iksema k\u00e4ega kasutajatele. Ideaalne m\u00f6\u00f6bli polsterdamiseks, dekoratiivt\u00f6\u00f6deks erinevate tekstiili t\u00fc\u00fcpidega ning plakatite v\u00f5i naha kinnitamiseks.","og_url":"https:\/\/ranoja.ee\/toode\/klambripustol-r13e-4-10mm-kollane-nr-13-klamber-handy-rapid\/","og_site_name":"Ranoja","article_publisher":"https:\/\/www.facebook.com\/ranoja.ee","article_modified_time":"2026-03-17T12:43:58+00:00","og_image":[{"width":600,"height":600,"url":"https:\/\/ranoja.ee\/wp-content\/uploads\/2026\/03\/241742345.jpg","type":"image\/jpeg"}],"twitter_card":"summary_large_image","schema":{"@context":"https:\/\/schema.org","@graph":[{"@type":"WebPage","@id":"https:\/\/ranoja.ee\/toode\/klambripustol-r13e-4-10mm-kollane-nr-13-klamber-handy-rapid\/","url":"https:\/\/ranoja.ee\/toode\/klambripustol-r13e-4-10mm-kollane-nr-13-klamber-handy-rapid\/","name":"Klambrip\u00fcstol R13E 4-10mm kollane Nr 13 klamber HANDY, Rapid - Ranoja","isPartOf":{"@id":"https:\/\/ranoja.ee\/#website"},"primaryImageOfPage":{"@id":"https:\/\/ranoja.ee\/toode\/klambripustol-r13e-4-10mm-kollane-nr-13-klamber-handy-rapid\/#primaryimage"},"image":{"@id":"https:\/\/ranoja.ee\/toode\/klambripustol-r13e-4-10mm-kollane-nr-13-klamber-handy-rapid\/#primaryimage"},"thumbnailUrl":"https:\/\/ranoja.ee\/wp-content\/uploads\/2026\/03\/241742345.jpg","datePublished":"2026-03-16T22:50:48+00:00","dateModified":"2026-03-17T12:43:58+00:00","breadcrumb":{"@id":"https:\/\/ranoja.ee\/toode\/klambripustol-r13e-4-10mm-kollane-nr-13-klamber-handy-rapid\/#breadcrumb"},"inLanguage":"en-US","potentialAction":[{"@type":"ReadAction","target":["https:\/\/ranoja.ee\/toode\/klambripustol-r13e-4-10mm-kollane-nr-13-klamber-handy-rapid\/"]}]},{"@type":"ImageObject","inLanguage":"en-US","@id":"https:\/\/ranoja.ee\/toode\/klambripustol-r13e-4-10mm-kollane-nr-13-klamber-handy-rapid\/#primaryimage","url":"https:\/\/ranoja.ee\/wp-content\/uploads\/2026\/03\/241742345.jpg","contentUrl":"https:\/\/ranoja.ee\/wp-content\/uploads\/2026\/03\/241742345.jpg","width":600,"height":600},{"@type":"BreadcrumbList","@id":"https:\/\/ranoja.ee\/toode\/klambripustol-r13e-4-10mm-kollane-nr-13-klamber-handy-rapid\/#breadcrumb","itemListElement":[{"@type":"ListItem","position":1,"name":"Home","item":"https:\/\/ranoja.ee\/"},{"@type":"ListItem","position":2,"name":"Shop","item":"https:\/\/ranoja.ee\/en\/shop\/"},{"@type":"ListItem","position":3,"name":"Klambrip\u00fcstol R13E 4-10mm kollane Nr 13 klamber HANDY, Rapid"}]},{"@type":"WebSite","@id":"https:\/\/ranoja.ee\/#website","url":"https:\/\/ranoja.ee\/","name":"Ranoja","description":"Equipment Shop WooCommerce WordPress Theme for Machine &amp; Tools","publisher":{"@id":"https:\/\/ranoja.ee\/#organization"},"potentialAction":[{"@type":"SearchAction","target":{"@type":"EntryPoint","urlTemplate":"https:\/\/ranoja.ee\/?s={search_term_string}"},"query-input":{"@type":"PropertyValueSpecification","valueRequired":true,"valueName":"search_term_string"}}],"inLanguage":"en-US"},{"@type":"Organization","@id":"https:\/\/ranoja.ee\/#organization","name":"Ranoja O\u00dc","url":"https:\/\/ranoja.ee\/","logo":{"@type":"ImageObject","inLanguage":"en-US","@id":"https:\/\/ranoja.ee\/#\/schema\/logo\/image\/","url":"https:\/\/ranoja.ee\/wp-content\/uploads\/2023\/11\/ranoja-Logo.png","contentUrl":"https:\/\/ranoja.ee\/wp-content\/uploads\/2023\/11\/ranoja-Logo.png","width":207,"height":58,"caption":"Ranoja O\u00dc"},"image":{"@id":"https:\/\/ranoja.ee\/#\/schema\/logo\/image\/"},"sameAs":["https:\/\/www.facebook.com\/ranoja.ee","https:\/\/www.instagram.com\/ranoja__\/"]}]}},"_links":{"self":[{"href":"https:\/\/ranoja.ee\/en\/wp-json\/wp\/v2\/product\/57622","targetHints":{"allow":["GET"]}}],"collection":[{"href":"https:\/\/ranoja.ee\/en\/wp-json\/wp\/v2\/product"}],"about":[{"href":"https:\/\/ranoja.ee\/en\/wp-json\/wp\/v2\/types\/product"}],"wp:featuredmedia":[{"embeddable":true,"href":"https:\/\/ranoja.ee\/en\/wp-json\/wp\/v2\/media\/57623"}],"wp:attachment":[{"href":"https:\/\/ranoja.ee\/en\/wp-json\/wp\/v2\/media?parent=57622"}],"wp:term":[{"taxonomy":"product_cat","embeddable":true,"href":"https:\/\/ranoja.ee\/en\/wp-json\/wp\/v2\/product_cat?post=57622"},{"taxonomy":"product_tag","embeddable":true,"href":"https:\/\/ranoja.ee\/en\/wp-json\/wp\/v2\/product_tag?post=57622"}],"curies":[{"name":"wp","href":"https:\/\/api.w.org\/{rel}","templated":true}]}}