{"id":57620,"date":"2026-03-17T01:50:48","date_gmt":"2026-03-16T22:50:48","guid":{"rendered":"https:\/\/ranoja.ee\/toode\/vaseliinmaare-vaseline-spray-500ml-motip\/"},"modified":"2026-03-17T15:43:58","modified_gmt":"2026-03-17T12:43:58","slug":"vaseliinmaare-vaseline-spray-500ml-motip","status":"publish","type":"product","link":"https:\/\/ranoja.ee\/en\/toode\/vaseliinmaare-vaseline-spray-500ml-motip\/","title":{"rendered":"Vaseliinm\u00e4\u00e4re Vaseline Spray 500ml, Motip"},"content":{"rendered":"","protected":false},"excerpt":{"rendered":"<p>Tehniline vaseliin on paks ja p\u00fcsiv universaalne libestamis ja kaitsem\u00e4\u00e4re. Vee ja ilmastikukindel, happevaba, ei juhi elektrit, ei ole m\u00fcrgine kokkupuutel toiduga, annab v\u00e4ga hea kaitse korrosiooni vastu alumiinium, vask, pronks, teras ja kroompindadele.<\/p>\n<p>KASUTUSVALDKOND:<br \/>\nKruvid, poldid, mutrid &#8211; n\u00e4iteks puidukruve on p\u00e4rast vaseliiniga t\u00f6\u00f6tlemist oluliselt lihtsam sisse keerata ja m\u00e4\u00e4re annab neile aastatepikkuse kaitse korrosiooni vastu. Teleskoopantennid &#8211; vaseliin tagab antenni pika t\u00f6\u00f6ea, see muudab teleskoop\u00fchendused libedaks ja kaitseb neid rooste eest. <br \/>\nK\u00e4rurattad &#8211; v\u00e4ga hea m\u00e4\u00e4re mitte v\u00e4ga suurt koormust taluma pidavatele rattav\u00f5llidele ja -laagritele, n\u00e4iteks laok\u00e4rud, t\u00f5ukerattad, m\u00f6\u00f6blirattad, rulluisud. Spinningurullid &#8211; m\u00e4\u00e4rib v\u00f5llid ja hammasrattad, kaitseb neid ka soolase vee eest. Kroompindade kaitseks &#8211; k\u00f5ik kroomitud pinnad v\u00f5iks vaseliiniga \u00fcle k\u00e4ia ennem talvekorterisse panemist, et need poleks kevadeks roosteplekkidega kaetud. V\u00f5ib kasutada ka muruniidukite ja muu tehnika talveks konserveerimisel ning erinevate pistikukontaktide, piibujuhtmete, erinevate amordivarraste m\u00e4\u00e4rimiseks ja korrosioonikaitseks.<\/p>\n<p>TEHNILINE INFO:<br \/>\nBaasained: Vaseliin<br \/>\nV\u00e4rvus: valge<br \/>\nL\u00f5hn: iseloomulik<br \/>\n4 Ball EP-test (AS TM D 2596): 3136 N <br \/>\n4 Ball Wear-test (AS TM D 2266): < 0,4 mm<br \/>\nTilkt\u00e4pp: 42\u00b0C to 60\u00b0C<br \/>\nKulu: 1,11g\/sec<br \/>\nTihedus 20\u00b0C juures: 0,89g\/ml<br \/>\nTemperatuuritaluvus -30C kuni +160C.<br \/>\npH v\u00e4\u00e4rtus: neutraalne<\/p>\n","protected":false},"featured_media":57621,"template":"","meta":{"inline_featured_image":false},"product_cat":[5040,5010,5009],"product_tag":[],"class_list":{"0":"post-57620","1":"product","2":"type-product","3":"status-publish","4":"has-post-thumbnail","6":"product_brand-motip","7":"product_cat-montaazimaarded","8":"product_cat-tehnilised-aerosoolid","9":"product_cat-toostus-ja-autokeemia","11":"first","12":"instock","13":"purchasable","14":"product-type-simple"},"yoast_head":"<!-- This site is optimized with the Yoast SEO plugin v27.4 - https:\/\/yoast.com\/product\/yoast-seo-wordpress\/ -->\n<title>Vaseliinm\u00e4\u00e4re Vaseline Spray 500ml, Motip - Ranoja<\/title>\n<meta name=\"robots\" content=\"index, follow, max-snippet:-1, max-image-preview:large, max-video-preview:-1\" \/>\n<link rel=\"canonical\" href=\"https:\/\/ranoja.ee\/toode\/vaseliinmaare-vaseline-spray-500ml-motip\/\" \/>\n<meta property=\"og:locale\" content=\"en_US\" \/>\n<meta property=\"og:type\" content=\"article\" \/>\n<meta property=\"og:title\" content=\"Vaseliinm\u00e4\u00e4re Vaseline Spray 500ml, Motip - Ranoja\" \/>\n<meta property=\"og:description\" content=\"Tehniline vaseliin on paks ja p\u00fcsiv universaalne libestamis ja kaitsem\u00e4\u00e4re. Vee ja ilmastikukindel, happevaba, ei juhi elektrit, ei ole m\u00fcrgine kokkupuutel toiduga, annab v\u00e4ga hea kaitse korrosiooni vastu alumiinium, vask, pronks, teras ja kroompindadele. KASUTUSVALDKOND: Kruvid, poldid, mutrid - n\u00e4iteks puidukruve on p\u00e4rast vaseliiniga t\u00f6\u00f6tlemist oluliselt lihtsam sisse keerata ja m\u00e4\u00e4re annab neile aastatepikkuse kaitse korrosiooni vastu. Teleskoopantennid - vaseliin tagab antenni pika t\u00f6\u00f6ea, see muudab teleskoop\u00fchendused libedaks ja kaitseb neid rooste eest. K\u00e4rurattad - v\u00e4ga hea m\u00e4\u00e4re mitte v\u00e4ga suurt koormust taluma pidavatele rattav\u00f5llidele ja -laagritele, n\u00e4iteks laok\u00e4rud, t\u00f5ukerattad, m\u00f6\u00f6blirattad, rulluisud. Spinningurullid - m\u00e4\u00e4rib v\u00f5llid ja hammasrattad, kaitseb neid ka soolase vee eest. Kroompindade kaitseks - k\u00f5ik kroomitud pinnad v\u00f5iks vaseliiniga \u00fcle k\u00e4ia ennem talvekorterisse panemist, et need poleks kevadeks roosteplekkidega kaetud. V\u00f5ib kasutada ka muruniidukite ja muu tehnika talveks konserveerimisel ning erinevate pistikukontaktide, piibujuhtmete, erinevate amordivarraste m\u00e4\u00e4rimiseks ja korrosioonikaitseks. TEHNILINE INFO: Baasained: Vaseliin V\u00e4rvus: valge L\u00f5hn: iseloomulik 4 Ball EP-test (AS TM D 2596): 3136 N 4 Ball Wear-test (AS TM D 2266): &lt; 0,4 mm Tilkt\u00e4pp: 42\u00b0C to 60\u00b0C Kulu: 1,11g\/sec Tihedus 20\u00b0C juures: 0,89g\/ml Temperatuuritaluvus -30C kuni +160C. pH v\u00e4\u00e4rtus: neutraalne\" \/>\n<meta property=\"og:url\" content=\"https:\/\/ranoja.ee\/toode\/vaseliinmaare-vaseline-spray-500ml-motip\/\" \/>\n<meta property=\"og:site_name\" content=\"Ranoja\" \/>\n<meta property=\"article:publisher\" content=\"https:\/\/www.facebook.com\/ranoja.ee\" \/>\n<meta property=\"article:modified_time\" content=\"2026-03-17T12:43:58+00:00\" \/>\n<meta property=\"og:image\" content=\"https:\/\/ranoja.ee\/wp-content\/uploads\/2026\/03\/123753237.png\" \/>\n\t<meta property=\"og:image:width\" content=\"144\" \/>\n\t<meta property=\"og:image:height\" content=\"530\" \/>\n\t<meta property=\"og:image:type\" content=\"image\/jpeg\" \/>\n<meta name=\"twitter:card\" content=\"summary_large_image\" \/>\n<script type=\"application\/ld+json\" class=\"yoast-schema-graph\">{\"@context\":\"https:\\\/\\\/schema.org\",\"@graph\":[{\"@type\":\"WebPage\",\"@id\":\"https:\\\/\\\/ranoja.ee\\\/toode\\\/vaseliinmaare-vaseline-spray-500ml-motip\\\/\",\"url\":\"https:\\\/\\\/ranoja.ee\\\/toode\\\/vaseliinmaare-vaseline-spray-500ml-motip\\\/\",\"name\":\"Vaseliinm\u00e4\u00e4re Vaseline Spray 500ml, Motip - Ranoja\",\"isPartOf\":{\"@id\":\"https:\\\/\\\/ranoja.ee\\\/#website\"},\"primaryImageOfPage\":{\"@id\":\"https:\\\/\\\/ranoja.ee\\\/toode\\\/vaseliinmaare-vaseline-spray-500ml-motip\\\/#primaryimage\"},\"image\":{\"@id\":\"https:\\\/\\\/ranoja.ee\\\/toode\\\/vaseliinmaare-vaseline-spray-500ml-motip\\\/#primaryimage\"},\"thumbnailUrl\":\"https:\\\/\\\/ranoja.ee\\\/wp-content\\\/uploads\\\/2026\\\/03\\\/123753237.png\",\"datePublished\":\"2026-03-16T22:50:48+00:00\",\"dateModified\":\"2026-03-17T12:43:58+00:00\",\"breadcrumb\":{\"@id\":\"https:\\\/\\\/ranoja.ee\\\/toode\\\/vaseliinmaare-vaseline-spray-500ml-motip\\\/#breadcrumb\"},\"inLanguage\":\"en-US\",\"potentialAction\":[{\"@type\":\"ReadAction\",\"target\":[\"https:\\\/\\\/ranoja.ee\\\/toode\\\/vaseliinmaare-vaseline-spray-500ml-motip\\\/\"]}]},{\"@type\":\"ImageObject\",\"inLanguage\":\"en-US\",\"@id\":\"https:\\\/\\\/ranoja.ee\\\/toode\\\/vaseliinmaare-vaseline-spray-500ml-motip\\\/#primaryimage\",\"url\":\"https:\\\/\\\/ranoja.ee\\\/wp-content\\\/uploads\\\/2026\\\/03\\\/123753237.png\",\"contentUrl\":\"https:\\\/\\\/ranoja.ee\\\/wp-content\\\/uploads\\\/2026\\\/03\\\/123753237.png\",\"width\":144,\"height\":530},{\"@type\":\"BreadcrumbList\",\"@id\":\"https:\\\/\\\/ranoja.ee\\\/toode\\\/vaseliinmaare-vaseline-spray-500ml-motip\\\/#breadcrumb\",\"itemListElement\":[{\"@type\":\"ListItem\",\"position\":1,\"name\":\"Home\",\"item\":\"https:\\\/\\\/ranoja.ee\\\/\"},{\"@type\":\"ListItem\",\"position\":2,\"name\":\"Shop\",\"item\":\"https:\\\/\\\/ranoja.ee\\\/en\\\/shop\\\/\"},{\"@type\":\"ListItem\",\"position\":3,\"name\":\"Vaseliinm\u00e4\u00e4re Vaseline Spray 500ml, Motip\"}]},{\"@type\":\"WebSite\",\"@id\":\"https:\\\/\\\/ranoja.ee\\\/#website\",\"url\":\"https:\\\/\\\/ranoja.ee\\\/\",\"name\":\"Ranoja\",\"description\":\"Equipment Shop WooCommerce WordPress Theme for Machine &amp; Tools\",\"publisher\":{\"@id\":\"https:\\\/\\\/ranoja.ee\\\/#organization\"},\"potentialAction\":[{\"@type\":\"SearchAction\",\"target\":{\"@type\":\"EntryPoint\",\"urlTemplate\":\"https:\\\/\\\/ranoja.ee\\\/?s={search_term_string}\"},\"query-input\":{\"@type\":\"PropertyValueSpecification\",\"valueRequired\":true,\"valueName\":\"search_term_string\"}}],\"inLanguage\":\"en-US\"},{\"@type\":\"Organization\",\"@id\":\"https:\\\/\\\/ranoja.ee\\\/#organization\",\"name\":\"Ranoja O\u00dc\",\"url\":\"https:\\\/\\\/ranoja.ee\\\/\",\"logo\":{\"@type\":\"ImageObject\",\"inLanguage\":\"en-US\",\"@id\":\"https:\\\/\\\/ranoja.ee\\\/#\\\/schema\\\/logo\\\/image\\\/\",\"url\":\"https:\\\/\\\/ranoja.ee\\\/wp-content\\\/uploads\\\/2023\\\/11\\\/ranoja-Logo.png\",\"contentUrl\":\"https:\\\/\\\/ranoja.ee\\\/wp-content\\\/uploads\\\/2023\\\/11\\\/ranoja-Logo.png\",\"width\":207,\"height\":58,\"caption\":\"Ranoja O\u00dc\"},\"image\":{\"@id\":\"https:\\\/\\\/ranoja.ee\\\/#\\\/schema\\\/logo\\\/image\\\/\"},\"sameAs\":[\"https:\\\/\\\/www.facebook.com\\\/ranoja.ee\",\"https:\\\/\\\/www.instagram.com\\\/ranoja__\\\/\"]}]}<\/script>\n<!-- \/ Yoast SEO plugin. -->","yoast_head_json":{"title":"Vaseliinm\u00e4\u00e4re Vaseline Spray 500ml, Motip - Ranoja","robots":{"index":"index","follow":"follow","max-snippet":"max-snippet:-1","max-image-preview":"max-image-preview:large","max-video-preview":"max-video-preview:-1"},"canonical":"https:\/\/ranoja.ee\/toode\/vaseliinmaare-vaseline-spray-500ml-motip\/","og_locale":"en_US","og_type":"article","og_title":"Vaseliinm\u00e4\u00e4re Vaseline Spray 500ml, Motip - Ranoja","og_description":"Tehniline vaseliin on paks ja p\u00fcsiv universaalne libestamis ja kaitsem\u00e4\u00e4re. Vee ja ilmastikukindel, happevaba, ei juhi elektrit, ei ole m\u00fcrgine kokkupuutel toiduga, annab v\u00e4ga hea kaitse korrosiooni vastu alumiinium, vask, pronks, teras ja kroompindadele. KASUTUSVALDKOND: Kruvid, poldid, mutrid - n\u00e4iteks puidukruve on p\u00e4rast vaseliiniga t\u00f6\u00f6tlemist oluliselt lihtsam sisse keerata ja m\u00e4\u00e4re annab neile aastatepikkuse kaitse korrosiooni vastu. Teleskoopantennid - vaseliin tagab antenni pika t\u00f6\u00f6ea, see muudab teleskoop\u00fchendused libedaks ja kaitseb neid rooste eest. K\u00e4rurattad - v\u00e4ga hea m\u00e4\u00e4re mitte v\u00e4ga suurt koormust taluma pidavatele rattav\u00f5llidele ja -laagritele, n\u00e4iteks laok\u00e4rud, t\u00f5ukerattad, m\u00f6\u00f6blirattad, rulluisud. Spinningurullid - m\u00e4\u00e4rib v\u00f5llid ja hammasrattad, kaitseb neid ka soolase vee eest. Kroompindade kaitseks - k\u00f5ik kroomitud pinnad v\u00f5iks vaseliiniga \u00fcle k\u00e4ia ennem talvekorterisse panemist, et need poleks kevadeks roosteplekkidega kaetud. V\u00f5ib kasutada ka muruniidukite ja muu tehnika talveks konserveerimisel ning erinevate pistikukontaktide, piibujuhtmete, erinevate amordivarraste m\u00e4\u00e4rimiseks ja korrosioonikaitseks. TEHNILINE INFO: Baasained: Vaseliin V\u00e4rvus: valge L\u00f5hn: iseloomulik 4 Ball EP-test (AS TM D 2596): 3136 N 4 Ball Wear-test (AS TM D 2266): < 0,4 mm Tilkt\u00e4pp: 42\u00b0C to 60\u00b0C Kulu: 1,11g\/sec Tihedus 20\u00b0C juures: 0,89g\/ml Temperatuuritaluvus -30C kuni +160C. pH v\u00e4\u00e4rtus: neutraalne","og_url":"https:\/\/ranoja.ee\/toode\/vaseliinmaare-vaseline-spray-500ml-motip\/","og_site_name":"Ranoja","article_publisher":"https:\/\/www.facebook.com\/ranoja.ee","article_modified_time":"2026-03-17T12:43:58+00:00","og_image":[{"width":144,"height":530,"url":"https:\/\/ranoja.ee\/wp-content\/uploads\/2026\/03\/123753237.png","type":"image\/jpeg"}],"twitter_card":"summary_large_image","schema":{"@context":"https:\/\/schema.org","@graph":[{"@type":"WebPage","@id":"https:\/\/ranoja.ee\/toode\/vaseliinmaare-vaseline-spray-500ml-motip\/","url":"https:\/\/ranoja.ee\/toode\/vaseliinmaare-vaseline-spray-500ml-motip\/","name":"Vaseliinm\u00e4\u00e4re Vaseline Spray 500ml, Motip - Ranoja","isPartOf":{"@id":"https:\/\/ranoja.ee\/#website"},"primaryImageOfPage":{"@id":"https:\/\/ranoja.ee\/toode\/vaseliinmaare-vaseline-spray-500ml-motip\/#primaryimage"},"image":{"@id":"https:\/\/ranoja.ee\/toode\/vaseliinmaare-vaseline-spray-500ml-motip\/#primaryimage"},"thumbnailUrl":"https:\/\/ranoja.ee\/wp-content\/uploads\/2026\/03\/123753237.png","datePublished":"2026-03-16T22:50:48+00:00","dateModified":"2026-03-17T12:43:58+00:00","breadcrumb":{"@id":"https:\/\/ranoja.ee\/toode\/vaseliinmaare-vaseline-spray-500ml-motip\/#breadcrumb"},"inLanguage":"en-US","potentialAction":[{"@type":"ReadAction","target":["https:\/\/ranoja.ee\/toode\/vaseliinmaare-vaseline-spray-500ml-motip\/"]}]},{"@type":"ImageObject","inLanguage":"en-US","@id":"https:\/\/ranoja.ee\/toode\/vaseliinmaare-vaseline-spray-500ml-motip\/#primaryimage","url":"https:\/\/ranoja.ee\/wp-content\/uploads\/2026\/03\/123753237.png","contentUrl":"https:\/\/ranoja.ee\/wp-content\/uploads\/2026\/03\/123753237.png","width":144,"height":530},{"@type":"BreadcrumbList","@id":"https:\/\/ranoja.ee\/toode\/vaseliinmaare-vaseline-spray-500ml-motip\/#breadcrumb","itemListElement":[{"@type":"ListItem","position":1,"name":"Home","item":"https:\/\/ranoja.ee\/"},{"@type":"ListItem","position":2,"name":"Shop","item":"https:\/\/ranoja.ee\/en\/shop\/"},{"@type":"ListItem","position":3,"name":"Vaseliinm\u00e4\u00e4re Vaseline Spray 500ml, Motip"}]},{"@type":"WebSite","@id":"https:\/\/ranoja.ee\/#website","url":"https:\/\/ranoja.ee\/","name":"Ranoja","description":"Equipment Shop WooCommerce WordPress Theme for Machine &amp; Tools","publisher":{"@id":"https:\/\/ranoja.ee\/#organization"},"potentialAction":[{"@type":"SearchAction","target":{"@type":"EntryPoint","urlTemplate":"https:\/\/ranoja.ee\/?s={search_term_string}"},"query-input":{"@type":"PropertyValueSpecification","valueRequired":true,"valueName":"search_term_string"}}],"inLanguage":"en-US"},{"@type":"Organization","@id":"https:\/\/ranoja.ee\/#organization","name":"Ranoja O\u00dc","url":"https:\/\/ranoja.ee\/","logo":{"@type":"ImageObject","inLanguage":"en-US","@id":"https:\/\/ranoja.ee\/#\/schema\/logo\/image\/","url":"https:\/\/ranoja.ee\/wp-content\/uploads\/2023\/11\/ranoja-Logo.png","contentUrl":"https:\/\/ranoja.ee\/wp-content\/uploads\/2023\/11\/ranoja-Logo.png","width":207,"height":58,"caption":"Ranoja O\u00dc"},"image":{"@id":"https:\/\/ranoja.ee\/#\/schema\/logo\/image\/"},"sameAs":["https:\/\/www.facebook.com\/ranoja.ee","https:\/\/www.instagram.com\/ranoja__\/"]}]}},"_links":{"self":[{"href":"https:\/\/ranoja.ee\/en\/wp-json\/wp\/v2\/product\/57620","targetHints":{"allow":["GET"]}}],"collection":[{"href":"https:\/\/ranoja.ee\/en\/wp-json\/wp\/v2\/product"}],"about":[{"href":"https:\/\/ranoja.ee\/en\/wp-json\/wp\/v2\/types\/product"}],"wp:featuredmedia":[{"embeddable":true,"href":"https:\/\/ranoja.ee\/en\/wp-json\/wp\/v2\/media\/57621"}],"wp:attachment":[{"href":"https:\/\/ranoja.ee\/en\/wp-json\/wp\/v2\/media?parent=57620"}],"wp:term":[{"taxonomy":"product_cat","embeddable":true,"href":"https:\/\/ranoja.ee\/en\/wp-json\/wp\/v2\/product_cat?post=57620"},{"taxonomy":"product_tag","embeddable":true,"href":"https:\/\/ranoja.ee\/en\/wp-json\/wp\/v2\/product_tag?post=57620"}],"curies":[{"name":"wp","href":"https:\/\/api.w.org\/{rel}","templated":true}]}}