{"id":57612,"date":"2026-03-17T01:50:25","date_gmt":"2026-03-16T22:50:25","guid":{"rendered":"https:\/\/ranoja.ee\/toode\/mootorioli-synpower-xl-iv-c5-0w20-1l-valvoline\/"},"modified":"2026-03-17T15:43:58","modified_gmt":"2026-03-17T12:43:58","slug":"mootorioli-synpower-xl-iv-c5-0w20-1l-valvoline","status":"publish","type":"product","link":"https:\/\/ranoja.ee\/en\/toode\/mootorioli-synpower-xl-iv-c5-0w20-1l-valvoline\/","title":{"rendered":"Mootori\u00f5li Synpower XL-IV C5 0W20 1L, Valvoline"},"content":{"rendered":"","protected":false},"excerpt":{"rendered":"<p>Preemiumklassi t\u00e4iss\u00fcnteetiline mootori\u00f5li mis on formuleeritud uusimate standardite j\u00e4rgi, t\u00e4itmaks juhtivate mootorivalmistajate n\u00f5udeid k\u00f5rgefektiivsetele ja samas \u00f6konoomsetele mootoritele. Tagab parima kaiste igasugustes \u00e4\u00e4rmuslikes s\u00f5idutingmustes. <br \/>\nSobib kasutamiseks Volkswagen, Audi, Seat ja Skoda bensiini- ja diiselmootoriga autodele kus s\u00f5idukivalmistaja n\u00e4eb ette VW 508.00\/509.00 mootori\u00f5li kasutamise.<br \/>\nAmetlikud heakskiidud: <br \/>\nVW 508.00\/509.00 <br \/>\nPorsche C20<br \/>\nJ\u00f5udlustasemed:<br \/>\nACEA C5<br \/>\nAPI SN PLUS, SN <br \/>\nVW TL 52577<\/p>\n","protected":false},"featured_media":57613,"template":"","meta":{"inline_featured_image":false},"product_cat":[5012,5033,5032],"product_tag":[],"class_list":{"0":"post-57612","1":"product","2":"type-product","3":"status-publish","4":"has-post-thumbnail","6":"product_brand-valvoline","7":"product_cat-olid-ja-maardeained","8":"product_cat-soiduautode-ja-tarbesoidukite-taissunteetilised-mootoriolid","9":"product_cat-soiduautode-mootoriolid","11":"first","12":"instock","13":"purchasable","14":"product-type-simple"},"yoast_head":"<!-- This site is optimized with the Yoast SEO plugin v27.4 - https:\/\/yoast.com\/product\/yoast-seo-wordpress\/ -->\n<title>Mootori\u00f5li Synpower XL-IV C5 0W20 1L, Valvoline - Ranoja<\/title>\n<meta name=\"robots\" content=\"index, follow, max-snippet:-1, max-image-preview:large, max-video-preview:-1\" \/>\n<link rel=\"canonical\" href=\"https:\/\/ranoja.ee\/toode\/mootorioli-synpower-xl-iv-c5-0w20-1l-valvoline\/\" \/>\n<meta property=\"og:locale\" content=\"en_US\" \/>\n<meta property=\"og:type\" content=\"article\" \/>\n<meta property=\"og:title\" content=\"Mootori\u00f5li Synpower XL-IV C5 0W20 1L, Valvoline - Ranoja\" \/>\n<meta property=\"og:description\" content=\"Preemiumklassi t\u00e4iss\u00fcnteetiline mootori\u00f5li mis on formuleeritud uusimate standardite j\u00e4rgi, t\u00e4itmaks juhtivate mootorivalmistajate n\u00f5udeid k\u00f5rgefektiivsetele ja samas \u00f6konoomsetele mootoritele. Tagab parima kaiste igasugustes \u00e4\u00e4rmuslikes s\u00f5idutingmustes. Sobib kasutamiseks Volkswagen, Audi, Seat ja Skoda bensiini- ja diiselmootoriga autodele kus s\u00f5idukivalmistaja n\u00e4eb ette VW 508.00\/509.00 mootori\u00f5li kasutamise. Ametlikud heakskiidud: VW 508.00\/509.00 Porsche C20 J\u00f5udlustasemed: ACEA C5 API SN PLUS, SN VW TL 52577\" \/>\n<meta property=\"og:url\" content=\"https:\/\/ranoja.ee\/toode\/mootorioli-synpower-xl-iv-c5-0w20-1l-valvoline\/\" \/>\n<meta property=\"og:site_name\" content=\"Ranoja\" \/>\n<meta property=\"article:publisher\" content=\"https:\/\/www.facebook.com\/ranoja.ee\" \/>\n<meta property=\"article:modified_time\" content=\"2026-03-17T12:43:58+00:00\" \/>\n<meta property=\"og:image\" content=\"https:\/\/ranoja.ee\/wp-content\/uploads\/2026\/03\/5637964700.jpg\" \/>\n\t<meta property=\"og:image:width\" content=\"793\" \/>\n\t<meta property=\"og:image:height\" content=\"900\" \/>\n\t<meta property=\"og:image:type\" content=\"image\/jpeg\" \/>\n<meta name=\"twitter:card\" content=\"summary_large_image\" \/>\n<script type=\"application\/ld+json\" class=\"yoast-schema-graph\">{\"@context\":\"https:\\\/\\\/schema.org\",\"@graph\":[{\"@type\":\"WebPage\",\"@id\":\"https:\\\/\\\/ranoja.ee\\\/toode\\\/mootorioli-synpower-xl-iv-c5-0w20-1l-valvoline\\\/\",\"url\":\"https:\\\/\\\/ranoja.ee\\\/toode\\\/mootorioli-synpower-xl-iv-c5-0w20-1l-valvoline\\\/\",\"name\":\"Mootori\u00f5li Synpower XL-IV C5 0W20 1L, Valvoline - Ranoja\",\"isPartOf\":{\"@id\":\"https:\\\/\\\/ranoja.ee\\\/#website\"},\"primaryImageOfPage\":{\"@id\":\"https:\\\/\\\/ranoja.ee\\\/toode\\\/mootorioli-synpower-xl-iv-c5-0w20-1l-valvoline\\\/#primaryimage\"},\"image\":{\"@id\":\"https:\\\/\\\/ranoja.ee\\\/toode\\\/mootorioli-synpower-xl-iv-c5-0w20-1l-valvoline\\\/#primaryimage\"},\"thumbnailUrl\":\"https:\\\/\\\/ranoja.ee\\\/wp-content\\\/uploads\\\/2026\\\/03\\\/5637964700.jpg\",\"datePublished\":\"2026-03-16T22:50:25+00:00\",\"dateModified\":\"2026-03-17T12:43:58+00:00\",\"breadcrumb\":{\"@id\":\"https:\\\/\\\/ranoja.ee\\\/toode\\\/mootorioli-synpower-xl-iv-c5-0w20-1l-valvoline\\\/#breadcrumb\"},\"inLanguage\":\"en-US\",\"potentialAction\":[{\"@type\":\"ReadAction\",\"target\":[\"https:\\\/\\\/ranoja.ee\\\/toode\\\/mootorioli-synpower-xl-iv-c5-0w20-1l-valvoline\\\/\"]}]},{\"@type\":\"ImageObject\",\"inLanguage\":\"en-US\",\"@id\":\"https:\\\/\\\/ranoja.ee\\\/toode\\\/mootorioli-synpower-xl-iv-c5-0w20-1l-valvoline\\\/#primaryimage\",\"url\":\"https:\\\/\\\/ranoja.ee\\\/wp-content\\\/uploads\\\/2026\\\/03\\\/5637964700.jpg\",\"contentUrl\":\"https:\\\/\\\/ranoja.ee\\\/wp-content\\\/uploads\\\/2026\\\/03\\\/5637964700.jpg\",\"width\":793,\"height\":900},{\"@type\":\"BreadcrumbList\",\"@id\":\"https:\\\/\\\/ranoja.ee\\\/toode\\\/mootorioli-synpower-xl-iv-c5-0w20-1l-valvoline\\\/#breadcrumb\",\"itemListElement\":[{\"@type\":\"ListItem\",\"position\":1,\"name\":\"Home\",\"item\":\"https:\\\/\\\/ranoja.ee\\\/\"},{\"@type\":\"ListItem\",\"position\":2,\"name\":\"Shop\",\"item\":\"https:\\\/\\\/ranoja.ee\\\/en\\\/shop\\\/\"},{\"@type\":\"ListItem\",\"position\":3,\"name\":\"Mootori\u00f5li Synpower XL-IV C5 0W20 1L, Valvoline\"}]},{\"@type\":\"WebSite\",\"@id\":\"https:\\\/\\\/ranoja.ee\\\/#website\",\"url\":\"https:\\\/\\\/ranoja.ee\\\/\",\"name\":\"Ranoja\",\"description\":\"Equipment Shop WooCommerce WordPress Theme for Machine &amp; Tools\",\"publisher\":{\"@id\":\"https:\\\/\\\/ranoja.ee\\\/#organization\"},\"potentialAction\":[{\"@type\":\"SearchAction\",\"target\":{\"@type\":\"EntryPoint\",\"urlTemplate\":\"https:\\\/\\\/ranoja.ee\\\/?s={search_term_string}\"},\"query-input\":{\"@type\":\"PropertyValueSpecification\",\"valueRequired\":true,\"valueName\":\"search_term_string\"}}],\"inLanguage\":\"en-US\"},{\"@type\":\"Organization\",\"@id\":\"https:\\\/\\\/ranoja.ee\\\/#organization\",\"name\":\"Ranoja O\u00dc\",\"url\":\"https:\\\/\\\/ranoja.ee\\\/\",\"logo\":{\"@type\":\"ImageObject\",\"inLanguage\":\"en-US\",\"@id\":\"https:\\\/\\\/ranoja.ee\\\/#\\\/schema\\\/logo\\\/image\\\/\",\"url\":\"https:\\\/\\\/ranoja.ee\\\/wp-content\\\/uploads\\\/2023\\\/11\\\/ranoja-Logo.png\",\"contentUrl\":\"https:\\\/\\\/ranoja.ee\\\/wp-content\\\/uploads\\\/2023\\\/11\\\/ranoja-Logo.png\",\"width\":207,\"height\":58,\"caption\":\"Ranoja O\u00dc\"},\"image\":{\"@id\":\"https:\\\/\\\/ranoja.ee\\\/#\\\/schema\\\/logo\\\/image\\\/\"},\"sameAs\":[\"https:\\\/\\\/www.facebook.com\\\/ranoja.ee\",\"https:\\\/\\\/www.instagram.com\\\/ranoja__\\\/\"]}]}<\/script>\n<!-- \/ Yoast SEO plugin. -->","yoast_head_json":{"title":"Mootori\u00f5li Synpower XL-IV C5 0W20 1L, Valvoline - Ranoja","robots":{"index":"index","follow":"follow","max-snippet":"max-snippet:-1","max-image-preview":"max-image-preview:large","max-video-preview":"max-video-preview:-1"},"canonical":"https:\/\/ranoja.ee\/toode\/mootorioli-synpower-xl-iv-c5-0w20-1l-valvoline\/","og_locale":"en_US","og_type":"article","og_title":"Mootori\u00f5li Synpower XL-IV C5 0W20 1L, Valvoline - Ranoja","og_description":"Preemiumklassi t\u00e4iss\u00fcnteetiline mootori\u00f5li mis on formuleeritud uusimate standardite j\u00e4rgi, t\u00e4itmaks juhtivate mootorivalmistajate n\u00f5udeid k\u00f5rgefektiivsetele ja samas \u00f6konoomsetele mootoritele. Tagab parima kaiste igasugustes \u00e4\u00e4rmuslikes s\u00f5idutingmustes. Sobib kasutamiseks Volkswagen, Audi, Seat ja Skoda bensiini- ja diiselmootoriga autodele kus s\u00f5idukivalmistaja n\u00e4eb ette VW 508.00\/509.00 mootori\u00f5li kasutamise. Ametlikud heakskiidud: VW 508.00\/509.00 Porsche C20 J\u00f5udlustasemed: ACEA C5 API SN PLUS, SN VW TL 52577","og_url":"https:\/\/ranoja.ee\/toode\/mootorioli-synpower-xl-iv-c5-0w20-1l-valvoline\/","og_site_name":"Ranoja","article_publisher":"https:\/\/www.facebook.com\/ranoja.ee","article_modified_time":"2026-03-17T12:43:58+00:00","og_image":[{"width":793,"height":900,"url":"https:\/\/ranoja.ee\/wp-content\/uploads\/2026\/03\/5637964700.jpg","type":"image\/jpeg"}],"twitter_card":"summary_large_image","schema":{"@context":"https:\/\/schema.org","@graph":[{"@type":"WebPage","@id":"https:\/\/ranoja.ee\/toode\/mootorioli-synpower-xl-iv-c5-0w20-1l-valvoline\/","url":"https:\/\/ranoja.ee\/toode\/mootorioli-synpower-xl-iv-c5-0w20-1l-valvoline\/","name":"Mootori\u00f5li Synpower XL-IV C5 0W20 1L, Valvoline - Ranoja","isPartOf":{"@id":"https:\/\/ranoja.ee\/#website"},"primaryImageOfPage":{"@id":"https:\/\/ranoja.ee\/toode\/mootorioli-synpower-xl-iv-c5-0w20-1l-valvoline\/#primaryimage"},"image":{"@id":"https:\/\/ranoja.ee\/toode\/mootorioli-synpower-xl-iv-c5-0w20-1l-valvoline\/#primaryimage"},"thumbnailUrl":"https:\/\/ranoja.ee\/wp-content\/uploads\/2026\/03\/5637964700.jpg","datePublished":"2026-03-16T22:50:25+00:00","dateModified":"2026-03-17T12:43:58+00:00","breadcrumb":{"@id":"https:\/\/ranoja.ee\/toode\/mootorioli-synpower-xl-iv-c5-0w20-1l-valvoline\/#breadcrumb"},"inLanguage":"en-US","potentialAction":[{"@type":"ReadAction","target":["https:\/\/ranoja.ee\/toode\/mootorioli-synpower-xl-iv-c5-0w20-1l-valvoline\/"]}]},{"@type":"ImageObject","inLanguage":"en-US","@id":"https:\/\/ranoja.ee\/toode\/mootorioli-synpower-xl-iv-c5-0w20-1l-valvoline\/#primaryimage","url":"https:\/\/ranoja.ee\/wp-content\/uploads\/2026\/03\/5637964700.jpg","contentUrl":"https:\/\/ranoja.ee\/wp-content\/uploads\/2026\/03\/5637964700.jpg","width":793,"height":900},{"@type":"BreadcrumbList","@id":"https:\/\/ranoja.ee\/toode\/mootorioli-synpower-xl-iv-c5-0w20-1l-valvoline\/#breadcrumb","itemListElement":[{"@type":"ListItem","position":1,"name":"Home","item":"https:\/\/ranoja.ee\/"},{"@type":"ListItem","position":2,"name":"Shop","item":"https:\/\/ranoja.ee\/en\/shop\/"},{"@type":"ListItem","position":3,"name":"Mootori\u00f5li Synpower XL-IV C5 0W20 1L, Valvoline"}]},{"@type":"WebSite","@id":"https:\/\/ranoja.ee\/#website","url":"https:\/\/ranoja.ee\/","name":"Ranoja","description":"Equipment Shop WooCommerce WordPress Theme for Machine &amp; Tools","publisher":{"@id":"https:\/\/ranoja.ee\/#organization"},"potentialAction":[{"@type":"SearchAction","target":{"@type":"EntryPoint","urlTemplate":"https:\/\/ranoja.ee\/?s={search_term_string}"},"query-input":{"@type":"PropertyValueSpecification","valueRequired":true,"valueName":"search_term_string"}}],"inLanguage":"en-US"},{"@type":"Organization","@id":"https:\/\/ranoja.ee\/#organization","name":"Ranoja O\u00dc","url":"https:\/\/ranoja.ee\/","logo":{"@type":"ImageObject","inLanguage":"en-US","@id":"https:\/\/ranoja.ee\/#\/schema\/logo\/image\/","url":"https:\/\/ranoja.ee\/wp-content\/uploads\/2023\/11\/ranoja-Logo.png","contentUrl":"https:\/\/ranoja.ee\/wp-content\/uploads\/2023\/11\/ranoja-Logo.png","width":207,"height":58,"caption":"Ranoja O\u00dc"},"image":{"@id":"https:\/\/ranoja.ee\/#\/schema\/logo\/image\/"},"sameAs":["https:\/\/www.facebook.com\/ranoja.ee","https:\/\/www.instagram.com\/ranoja__\/"]}]}},"_links":{"self":[{"href":"https:\/\/ranoja.ee\/en\/wp-json\/wp\/v2\/product\/57612","targetHints":{"allow":["GET"]}}],"collection":[{"href":"https:\/\/ranoja.ee\/en\/wp-json\/wp\/v2\/product"}],"about":[{"href":"https:\/\/ranoja.ee\/en\/wp-json\/wp\/v2\/types\/product"}],"wp:featuredmedia":[{"embeddable":true,"href":"https:\/\/ranoja.ee\/en\/wp-json\/wp\/v2\/media\/57613"}],"wp:attachment":[{"href":"https:\/\/ranoja.ee\/en\/wp-json\/wp\/v2\/media?parent=57612"}],"wp:term":[{"taxonomy":"product_cat","embeddable":true,"href":"https:\/\/ranoja.ee\/en\/wp-json\/wp\/v2\/product_cat?post=57612"},{"taxonomy":"product_tag","embeddable":true,"href":"https:\/\/ranoja.ee\/en\/wp-json\/wp\/v2\/product_tag?post=57612"}],"curies":[{"name":"wp","href":"https:\/\/api.w.org\/{rel}","templated":true}]}}