{"id":57610,"date":"2026-03-17T01:50:25","date_gmt":"2026-03-16T22:50:25","guid":{"rendered":"https:\/\/ranoja.ee\/toode\/veetokke-aerosool-impregantion-spray-500ml-motip\/"},"modified":"2026-03-17T15:43:58","modified_gmt":"2026-03-17T12:43:58","slug":"veetokke-aerosool-impregantion-spray-500ml-motip","status":"publish","type":"product","link":"https:\/\/ranoja.ee\/en\/toode\/veetokke-aerosool-impregantion-spray-500ml-motip\/","title":{"rendered":"Veet\u00f5kke aerosool Impregantion Spray 500ml, Motip"},"content":{"rendered":"","protected":false},"excerpt":{"rendered":"<p>Sprei, mis kaitseb tekstiili ja nahka niiskuse ning mustuse eest. Ainulaadse koostise tulemusena moodustub n\u00e4htamatu kaitsekile, mis on veekindel, kuid hingab ja takistab t\u00f5husalt mustuse nakkumist. Motip Impregnation Spray annab p\u00fcsiva kaitse ja on kasutajas\u00f5bralik.<\/p>\n<p>Rakendused<br \/>\nTelgid<br \/>\nJalatsid<br \/>\nRiided<br \/>\nRulood<br \/>\nPolsterdus<br \/>\n(Aia)m\u00f6\u00f6bel<\/p>\n<p>Toote omadused<br \/>\nVetth\u00fclgav<br \/>\nHingav<br \/>\nN\u00e4htamatu<br \/>\nHoiab \u00e4ra mustuse nakkumise<br \/>\nP\u00fcsiv kaitse<br \/>\nKasutajas\u00f5bralik<\/p>\n<p>Kasutamine<br \/>\nEnne kasutamist lugege hoolikalt pakendil olevaid juhiseid ja tegutsege vastavalt.<br \/>\nAerosool peaks olema toatemperatuuril.<br \/>\nParim t\u00f6\u00f6tlemistemperatuur 5\u201330\u00b0C.<br \/>\nEnne kasutamist loksutage aerosooli.<br \/>\nPind peaks olema puhas ja kuiv.<br \/>\nKandke immutuspihust mitme \u00f5hukese kihina intervalliga 5 kuni 10 minutit.<\/p>\n","protected":false},"featured_media":57611,"template":"","meta":{"inline_featured_image":false},"product_cat":[5038,5010,5009],"product_tag":[],"class_list":{"0":"post-57610","1":"product","2":"type-product","3":"status-publish","4":"has-post-thumbnail","6":"product_brand-motip","7":"product_cat-pinnatootlusained","8":"product_cat-tehnilised-aerosoolid","9":"product_cat-toostus-ja-autokeemia","11":"first","12":"instock","13":"purchasable","14":"product-type-simple"},"yoast_head":"<!-- This site is optimized with the Yoast SEO plugin v27.4 - https:\/\/yoast.com\/product\/yoast-seo-wordpress\/ -->\n<title>Veet\u00f5kke aerosool Impregantion Spray 500ml, Motip - Ranoja<\/title>\n<meta name=\"robots\" content=\"index, follow, max-snippet:-1, max-image-preview:large, max-video-preview:-1\" \/>\n<link rel=\"canonical\" href=\"https:\/\/ranoja.ee\/toode\/veetokke-aerosool-impregantion-spray-500ml-motip\/\" \/>\n<meta property=\"og:locale\" content=\"en_US\" \/>\n<meta property=\"og:type\" content=\"article\" \/>\n<meta property=\"og:title\" content=\"Veet\u00f5kke aerosool Impregantion Spray 500ml, Motip - Ranoja\" \/>\n<meta property=\"og:description\" content=\"Sprei, mis kaitseb tekstiili ja nahka niiskuse ning mustuse eest. Ainulaadse koostise tulemusena moodustub n\u00e4htamatu kaitsekile, mis on veekindel, kuid hingab ja takistab t\u00f5husalt mustuse nakkumist. Motip Impregnation Spray annab p\u00fcsiva kaitse ja on kasutajas\u00f5bralik. Rakendused Telgid Jalatsid Riided Rulood Polsterdus (Aia)m\u00f6\u00f6bel Toote omadused Vetth\u00fclgav Hingav N\u00e4htamatu Hoiab \u00e4ra mustuse nakkumise P\u00fcsiv kaitse Kasutajas\u00f5bralik Kasutamine Enne kasutamist lugege hoolikalt pakendil olevaid juhiseid ja tegutsege vastavalt. Aerosool peaks olema toatemperatuuril. Parim t\u00f6\u00f6tlemistemperatuur 5\u201330\u00b0C. Enne kasutamist loksutage aerosooli. Pind peaks olema puhas ja kuiv. Kandke immutuspihust mitme \u00f5hukese kihina intervalliga 5 kuni 10 minutit.\" \/>\n<meta property=\"og:url\" content=\"https:\/\/ranoja.ee\/toode\/veetokke-aerosool-impregantion-spray-500ml-motip\/\" \/>\n<meta property=\"og:site_name\" content=\"Ranoja\" \/>\n<meta property=\"article:publisher\" content=\"https:\/\/www.facebook.com\/ranoja.ee\" \/>\n<meta property=\"article:modified_time\" content=\"2026-03-17T12:43:58+00:00\" \/>\n<meta property=\"og:image\" content=\"https:\/\/ranoja.ee\/wp-content\/uploads\/2026\/03\/162899665.jpg\" \/>\n\t<meta property=\"og:image:width\" content=\"217\" \/>\n\t<meta property=\"og:image:height\" content=\"640\" \/>\n\t<meta property=\"og:image:type\" content=\"image\/jpeg\" \/>\n<meta name=\"twitter:card\" content=\"summary_large_image\" \/>\n<script type=\"application\/ld+json\" class=\"yoast-schema-graph\">{\"@context\":\"https:\\\/\\\/schema.org\",\"@graph\":[{\"@type\":\"WebPage\",\"@id\":\"https:\\\/\\\/ranoja.ee\\\/toode\\\/veetokke-aerosool-impregantion-spray-500ml-motip\\\/\",\"url\":\"https:\\\/\\\/ranoja.ee\\\/toode\\\/veetokke-aerosool-impregantion-spray-500ml-motip\\\/\",\"name\":\"Veet\u00f5kke aerosool Impregantion Spray 500ml, Motip - Ranoja\",\"isPartOf\":{\"@id\":\"https:\\\/\\\/ranoja.ee\\\/#website\"},\"primaryImageOfPage\":{\"@id\":\"https:\\\/\\\/ranoja.ee\\\/toode\\\/veetokke-aerosool-impregantion-spray-500ml-motip\\\/#primaryimage\"},\"image\":{\"@id\":\"https:\\\/\\\/ranoja.ee\\\/toode\\\/veetokke-aerosool-impregantion-spray-500ml-motip\\\/#primaryimage\"},\"thumbnailUrl\":\"https:\\\/\\\/ranoja.ee\\\/wp-content\\\/uploads\\\/2026\\\/03\\\/162899665.jpg\",\"datePublished\":\"2026-03-16T22:50:25+00:00\",\"dateModified\":\"2026-03-17T12:43:58+00:00\",\"breadcrumb\":{\"@id\":\"https:\\\/\\\/ranoja.ee\\\/toode\\\/veetokke-aerosool-impregantion-spray-500ml-motip\\\/#breadcrumb\"},\"inLanguage\":\"en-US\",\"potentialAction\":[{\"@type\":\"ReadAction\",\"target\":[\"https:\\\/\\\/ranoja.ee\\\/toode\\\/veetokke-aerosool-impregantion-spray-500ml-motip\\\/\"]}]},{\"@type\":\"ImageObject\",\"inLanguage\":\"en-US\",\"@id\":\"https:\\\/\\\/ranoja.ee\\\/toode\\\/veetokke-aerosool-impregantion-spray-500ml-motip\\\/#primaryimage\",\"url\":\"https:\\\/\\\/ranoja.ee\\\/wp-content\\\/uploads\\\/2026\\\/03\\\/162899665.jpg\",\"contentUrl\":\"https:\\\/\\\/ranoja.ee\\\/wp-content\\\/uploads\\\/2026\\\/03\\\/162899665.jpg\",\"width\":217,\"height\":640},{\"@type\":\"BreadcrumbList\",\"@id\":\"https:\\\/\\\/ranoja.ee\\\/toode\\\/veetokke-aerosool-impregantion-spray-500ml-motip\\\/#breadcrumb\",\"itemListElement\":[{\"@type\":\"ListItem\",\"position\":1,\"name\":\"Home\",\"item\":\"https:\\\/\\\/ranoja.ee\\\/\"},{\"@type\":\"ListItem\",\"position\":2,\"name\":\"Shop\",\"item\":\"https:\\\/\\\/ranoja.ee\\\/en\\\/shop\\\/\"},{\"@type\":\"ListItem\",\"position\":3,\"name\":\"Veet\u00f5kke aerosool Impregantion Spray 500ml, Motip\"}]},{\"@type\":\"WebSite\",\"@id\":\"https:\\\/\\\/ranoja.ee\\\/#website\",\"url\":\"https:\\\/\\\/ranoja.ee\\\/\",\"name\":\"Ranoja\",\"description\":\"Equipment Shop WooCommerce WordPress Theme for Machine &amp; Tools\",\"publisher\":{\"@id\":\"https:\\\/\\\/ranoja.ee\\\/#organization\"},\"potentialAction\":[{\"@type\":\"SearchAction\",\"target\":{\"@type\":\"EntryPoint\",\"urlTemplate\":\"https:\\\/\\\/ranoja.ee\\\/?s={search_term_string}\"},\"query-input\":{\"@type\":\"PropertyValueSpecification\",\"valueRequired\":true,\"valueName\":\"search_term_string\"}}],\"inLanguage\":\"en-US\"},{\"@type\":\"Organization\",\"@id\":\"https:\\\/\\\/ranoja.ee\\\/#organization\",\"name\":\"Ranoja O\u00dc\",\"url\":\"https:\\\/\\\/ranoja.ee\\\/\",\"logo\":{\"@type\":\"ImageObject\",\"inLanguage\":\"en-US\",\"@id\":\"https:\\\/\\\/ranoja.ee\\\/#\\\/schema\\\/logo\\\/image\\\/\",\"url\":\"https:\\\/\\\/ranoja.ee\\\/wp-content\\\/uploads\\\/2023\\\/11\\\/ranoja-Logo.png\",\"contentUrl\":\"https:\\\/\\\/ranoja.ee\\\/wp-content\\\/uploads\\\/2023\\\/11\\\/ranoja-Logo.png\",\"width\":207,\"height\":58,\"caption\":\"Ranoja O\u00dc\"},\"image\":{\"@id\":\"https:\\\/\\\/ranoja.ee\\\/#\\\/schema\\\/logo\\\/image\\\/\"},\"sameAs\":[\"https:\\\/\\\/www.facebook.com\\\/ranoja.ee\",\"https:\\\/\\\/www.instagram.com\\\/ranoja__\\\/\"]}]}<\/script>\n<!-- \/ Yoast SEO plugin. -->","yoast_head_json":{"title":"Veet\u00f5kke aerosool Impregantion Spray 500ml, Motip - Ranoja","robots":{"index":"index","follow":"follow","max-snippet":"max-snippet:-1","max-image-preview":"max-image-preview:large","max-video-preview":"max-video-preview:-1"},"canonical":"https:\/\/ranoja.ee\/toode\/veetokke-aerosool-impregantion-spray-500ml-motip\/","og_locale":"en_US","og_type":"article","og_title":"Veet\u00f5kke aerosool Impregantion Spray 500ml, Motip - Ranoja","og_description":"Sprei, mis kaitseb tekstiili ja nahka niiskuse ning mustuse eest. Ainulaadse koostise tulemusena moodustub n\u00e4htamatu kaitsekile, mis on veekindel, kuid hingab ja takistab t\u00f5husalt mustuse nakkumist. Motip Impregnation Spray annab p\u00fcsiva kaitse ja on kasutajas\u00f5bralik. Rakendused Telgid Jalatsid Riided Rulood Polsterdus (Aia)m\u00f6\u00f6bel Toote omadused Vetth\u00fclgav Hingav N\u00e4htamatu Hoiab \u00e4ra mustuse nakkumise P\u00fcsiv kaitse Kasutajas\u00f5bralik Kasutamine Enne kasutamist lugege hoolikalt pakendil olevaid juhiseid ja tegutsege vastavalt. Aerosool peaks olema toatemperatuuril. Parim t\u00f6\u00f6tlemistemperatuur 5\u201330\u00b0C. Enne kasutamist loksutage aerosooli. Pind peaks olema puhas ja kuiv. Kandke immutuspihust mitme \u00f5hukese kihina intervalliga 5 kuni 10 minutit.","og_url":"https:\/\/ranoja.ee\/toode\/veetokke-aerosool-impregantion-spray-500ml-motip\/","og_site_name":"Ranoja","article_publisher":"https:\/\/www.facebook.com\/ranoja.ee","article_modified_time":"2026-03-17T12:43:58+00:00","og_image":[{"width":217,"height":640,"url":"https:\/\/ranoja.ee\/wp-content\/uploads\/2026\/03\/162899665.jpg","type":"image\/jpeg"}],"twitter_card":"summary_large_image","schema":{"@context":"https:\/\/schema.org","@graph":[{"@type":"WebPage","@id":"https:\/\/ranoja.ee\/toode\/veetokke-aerosool-impregantion-spray-500ml-motip\/","url":"https:\/\/ranoja.ee\/toode\/veetokke-aerosool-impregantion-spray-500ml-motip\/","name":"Veet\u00f5kke aerosool Impregantion Spray 500ml, Motip - Ranoja","isPartOf":{"@id":"https:\/\/ranoja.ee\/#website"},"primaryImageOfPage":{"@id":"https:\/\/ranoja.ee\/toode\/veetokke-aerosool-impregantion-spray-500ml-motip\/#primaryimage"},"image":{"@id":"https:\/\/ranoja.ee\/toode\/veetokke-aerosool-impregantion-spray-500ml-motip\/#primaryimage"},"thumbnailUrl":"https:\/\/ranoja.ee\/wp-content\/uploads\/2026\/03\/162899665.jpg","datePublished":"2026-03-16T22:50:25+00:00","dateModified":"2026-03-17T12:43:58+00:00","breadcrumb":{"@id":"https:\/\/ranoja.ee\/toode\/veetokke-aerosool-impregantion-spray-500ml-motip\/#breadcrumb"},"inLanguage":"en-US","potentialAction":[{"@type":"ReadAction","target":["https:\/\/ranoja.ee\/toode\/veetokke-aerosool-impregantion-spray-500ml-motip\/"]}]},{"@type":"ImageObject","inLanguage":"en-US","@id":"https:\/\/ranoja.ee\/toode\/veetokke-aerosool-impregantion-spray-500ml-motip\/#primaryimage","url":"https:\/\/ranoja.ee\/wp-content\/uploads\/2026\/03\/162899665.jpg","contentUrl":"https:\/\/ranoja.ee\/wp-content\/uploads\/2026\/03\/162899665.jpg","width":217,"height":640},{"@type":"BreadcrumbList","@id":"https:\/\/ranoja.ee\/toode\/veetokke-aerosool-impregantion-spray-500ml-motip\/#breadcrumb","itemListElement":[{"@type":"ListItem","position":1,"name":"Home","item":"https:\/\/ranoja.ee\/"},{"@type":"ListItem","position":2,"name":"Shop","item":"https:\/\/ranoja.ee\/en\/shop\/"},{"@type":"ListItem","position":3,"name":"Veet\u00f5kke aerosool Impregantion Spray 500ml, Motip"}]},{"@type":"WebSite","@id":"https:\/\/ranoja.ee\/#website","url":"https:\/\/ranoja.ee\/","name":"Ranoja","description":"Equipment Shop WooCommerce WordPress Theme for Machine &amp; Tools","publisher":{"@id":"https:\/\/ranoja.ee\/#organization"},"potentialAction":[{"@type":"SearchAction","target":{"@type":"EntryPoint","urlTemplate":"https:\/\/ranoja.ee\/?s={search_term_string}"},"query-input":{"@type":"PropertyValueSpecification","valueRequired":true,"valueName":"search_term_string"}}],"inLanguage":"en-US"},{"@type":"Organization","@id":"https:\/\/ranoja.ee\/#organization","name":"Ranoja O\u00dc","url":"https:\/\/ranoja.ee\/","logo":{"@type":"ImageObject","inLanguage":"en-US","@id":"https:\/\/ranoja.ee\/#\/schema\/logo\/image\/","url":"https:\/\/ranoja.ee\/wp-content\/uploads\/2023\/11\/ranoja-Logo.png","contentUrl":"https:\/\/ranoja.ee\/wp-content\/uploads\/2023\/11\/ranoja-Logo.png","width":207,"height":58,"caption":"Ranoja O\u00dc"},"image":{"@id":"https:\/\/ranoja.ee\/#\/schema\/logo\/image\/"},"sameAs":["https:\/\/www.facebook.com\/ranoja.ee","https:\/\/www.instagram.com\/ranoja__\/"]}]}},"_links":{"self":[{"href":"https:\/\/ranoja.ee\/en\/wp-json\/wp\/v2\/product\/57610","targetHints":{"allow":["GET"]}}],"collection":[{"href":"https:\/\/ranoja.ee\/en\/wp-json\/wp\/v2\/product"}],"about":[{"href":"https:\/\/ranoja.ee\/en\/wp-json\/wp\/v2\/types\/product"}],"wp:featuredmedia":[{"embeddable":true,"href":"https:\/\/ranoja.ee\/en\/wp-json\/wp\/v2\/media\/57611"}],"wp:attachment":[{"href":"https:\/\/ranoja.ee\/en\/wp-json\/wp\/v2\/media?parent=57610"}],"wp:term":[{"taxonomy":"product_cat","embeddable":true,"href":"https:\/\/ranoja.ee\/en\/wp-json\/wp\/v2\/product_cat?post=57610"},{"taxonomy":"product_tag","embeddable":true,"href":"https:\/\/ranoja.ee\/en\/wp-json\/wp\/v2\/product_tag?post=57610"}],"curies":[{"name":"wp","href":"https:\/\/api.w.org\/{rel}","templated":true}]}}