{"id":57598,"date":"2026-03-17T01:50:25","date_gmt":"2026-03-16T22:50:25","guid":{"rendered":"https:\/\/ranoja.ee\/toode\/kulmutusaine-freezer-500ml-motip\/"},"modified":"2026-03-17T15:43:58","modified_gmt":"2026-03-17T12:43:58","slug":"kulmutusaine-freezer-500ml-motip","status":"publish","type":"product","link":"https:\/\/ranoja.ee\/en\/toode\/kulmutusaine-freezer-500ml-motip\/","title":{"rendered":"K\u00fclmutusaine Freezer 500ml, Motip"},"content":{"rendered":"","protected":false},"excerpt":{"rendered":"<p>J\u00e4rsul k\u00fclmutusefektil p\u00f5hinev abivahend nii keermestatud- kui pressitud \u00fchenduskohtade montaaziks ja demontaaziks<\/p>\n<p>KASUTUSVALDKOND:<br \/>\nSobib kinnikiilunud mutrite, poltide, laagrite, silindrite, v\u00f5llide, pukside eels\u00fc\u00fctek\u00fc\u00fcnalde jm detailide lahti ehmatamiseks. Ideaalne katsetada erinevaid termoandureid, sensoreid, termostaate. Samuti hea kleepunud n\u00e4tsu eemaldamiseks riietelt.T\u00e4nu spetsiaalsele kuulklapile on aerosool 360kraadi p\u00f6\u00f6ratav ja kasutatav. Silikoonivaba.<\/p>\n<p>TEHNILINE INFO:<br \/>\nBaasained: Dimet\u00fc\u00fcleeter, propaan<br \/>\nV\u00e4rvus: v\u00e4rvitu<br \/>\nTihedus 20\u00b0C juures: 0,65g\/ml<\/p>\n<p>KASUTAMINE:<br \/>\nEnnem kasutamist hoiusta toodet toatemperatuuril ja loksuta<br \/>\nSoovitav kasutamistemperatuur +5\u00b0 kuni +30\u00b0C<br \/>\nPihusta aerosoolist h\u00e4sti l\u00e4hedalt ja h\u00e4sti l\u00fchikese vaheajaga mitu korda j\u00e4rjest \u00fchenduskohale. Iga korraga muutub metall k\u00fclmemaks, kuni ca -50 C.<br \/>\nJ\u00e4rsust temperatuurimuutusest tingitult on liitmik\u00fchendusi n\u00fc\u00fcd lihtsam lahti keerata. <br \/>\n\u00c4ra pihusta nahale, ega kehale.<\/p>\n","protected":false},"featured_media":57599,"template":"","meta":{"inline_featured_image":false},"product_cat":[5040,5010,5009],"product_tag":[],"class_list":{"0":"post-57598","1":"product","2":"type-product","3":"status-publish","4":"has-post-thumbnail","6":"product_brand-motip","7":"product_cat-montaazimaarded","8":"product_cat-tehnilised-aerosoolid","9":"product_cat-toostus-ja-autokeemia","11":"first","12":"instock","13":"purchasable","14":"product-type-simple"},"yoast_head":"<!-- This site is optimized with the Yoast SEO plugin v27.4 - https:\/\/yoast.com\/product\/yoast-seo-wordpress\/ -->\n<title>K\u00fclmutusaine Freezer 500ml, Motip - Ranoja<\/title>\n<meta name=\"robots\" content=\"index, follow, max-snippet:-1, max-image-preview:large, max-video-preview:-1\" \/>\n<link rel=\"canonical\" href=\"https:\/\/ranoja.ee\/toode\/kulmutusaine-freezer-500ml-motip\/\" \/>\n<meta property=\"og:locale\" content=\"en_US\" \/>\n<meta property=\"og:type\" content=\"article\" \/>\n<meta property=\"og:title\" content=\"K\u00fclmutusaine Freezer 500ml, Motip - Ranoja\" \/>\n<meta property=\"og:description\" content=\"J\u00e4rsul k\u00fclmutusefektil p\u00f5hinev abivahend nii keermestatud- kui pressitud \u00fchenduskohtade montaaziks ja demontaaziks KASUTUSVALDKOND: Sobib kinnikiilunud mutrite, poltide, laagrite, silindrite, v\u00f5llide, pukside eels\u00fc\u00fctek\u00fc\u00fcnalde jm detailide lahti ehmatamiseks. Ideaalne katsetada erinevaid termoandureid, sensoreid, termostaate. Samuti hea kleepunud n\u00e4tsu eemaldamiseks riietelt.T\u00e4nu spetsiaalsele kuulklapile on aerosool 360kraadi p\u00f6\u00f6ratav ja kasutatav. Silikoonivaba. TEHNILINE INFO: Baasained: Dimet\u00fc\u00fcleeter, propaan V\u00e4rvus: v\u00e4rvitu Tihedus 20\u00b0C juures: 0,65g\/ml KASUTAMINE: Ennem kasutamist hoiusta toodet toatemperatuuril ja loksuta Soovitav kasutamistemperatuur +5\u00b0 kuni +30\u00b0C Pihusta aerosoolist h\u00e4sti l\u00e4hedalt ja h\u00e4sti l\u00fchikese vaheajaga mitu korda j\u00e4rjest \u00fchenduskohale. Iga korraga muutub metall k\u00fclmemaks, kuni ca -50 C. J\u00e4rsust temperatuurimuutusest tingitult on liitmik\u00fchendusi n\u00fc\u00fcd lihtsam lahti keerata. \u00c4ra pihusta nahale, ega kehale.\" \/>\n<meta property=\"og:url\" content=\"https:\/\/ranoja.ee\/toode\/kulmutusaine-freezer-500ml-motip\/\" \/>\n<meta property=\"og:site_name\" content=\"Ranoja\" \/>\n<meta property=\"article:publisher\" content=\"https:\/\/www.facebook.com\/ranoja.ee\" \/>\n<meta property=\"article:modified_time\" content=\"2026-03-17T12:43:58+00:00\" \/>\n<meta property=\"og:image\" content=\"https:\/\/ranoja.ee\/wp-content\/uploads\/2026\/03\/123753173.jpg\" \/>\n\t<meta property=\"og:image:width\" content=\"117\" \/>\n\t<meta property=\"og:image:height\" content=\"400\" \/>\n\t<meta property=\"og:image:type\" content=\"image\/jpeg\" \/>\n<meta name=\"twitter:card\" content=\"summary_large_image\" \/>\n<script type=\"application\/ld+json\" class=\"yoast-schema-graph\">{\"@context\":\"https:\\\/\\\/schema.org\",\"@graph\":[{\"@type\":\"WebPage\",\"@id\":\"https:\\\/\\\/ranoja.ee\\\/toode\\\/kulmutusaine-freezer-500ml-motip\\\/\",\"url\":\"https:\\\/\\\/ranoja.ee\\\/toode\\\/kulmutusaine-freezer-500ml-motip\\\/\",\"name\":\"K\u00fclmutusaine Freezer 500ml, Motip - Ranoja\",\"isPartOf\":{\"@id\":\"https:\\\/\\\/ranoja.ee\\\/#website\"},\"primaryImageOfPage\":{\"@id\":\"https:\\\/\\\/ranoja.ee\\\/toode\\\/kulmutusaine-freezer-500ml-motip\\\/#primaryimage\"},\"image\":{\"@id\":\"https:\\\/\\\/ranoja.ee\\\/toode\\\/kulmutusaine-freezer-500ml-motip\\\/#primaryimage\"},\"thumbnailUrl\":\"https:\\\/\\\/ranoja.ee\\\/wp-content\\\/uploads\\\/2026\\\/03\\\/123753173.jpg\",\"datePublished\":\"2026-03-16T22:50:25+00:00\",\"dateModified\":\"2026-03-17T12:43:58+00:00\",\"breadcrumb\":{\"@id\":\"https:\\\/\\\/ranoja.ee\\\/toode\\\/kulmutusaine-freezer-500ml-motip\\\/#breadcrumb\"},\"inLanguage\":\"en-US\",\"potentialAction\":[{\"@type\":\"ReadAction\",\"target\":[\"https:\\\/\\\/ranoja.ee\\\/toode\\\/kulmutusaine-freezer-500ml-motip\\\/\"]}]},{\"@type\":\"ImageObject\",\"inLanguage\":\"en-US\",\"@id\":\"https:\\\/\\\/ranoja.ee\\\/toode\\\/kulmutusaine-freezer-500ml-motip\\\/#primaryimage\",\"url\":\"https:\\\/\\\/ranoja.ee\\\/wp-content\\\/uploads\\\/2026\\\/03\\\/123753173.jpg\",\"contentUrl\":\"https:\\\/\\\/ranoja.ee\\\/wp-content\\\/uploads\\\/2026\\\/03\\\/123753173.jpg\",\"width\":117,\"height\":400},{\"@type\":\"BreadcrumbList\",\"@id\":\"https:\\\/\\\/ranoja.ee\\\/toode\\\/kulmutusaine-freezer-500ml-motip\\\/#breadcrumb\",\"itemListElement\":[{\"@type\":\"ListItem\",\"position\":1,\"name\":\"Home\",\"item\":\"https:\\\/\\\/ranoja.ee\\\/\"},{\"@type\":\"ListItem\",\"position\":2,\"name\":\"Shop\",\"item\":\"https:\\\/\\\/ranoja.ee\\\/en\\\/shop\\\/\"},{\"@type\":\"ListItem\",\"position\":3,\"name\":\"K\u00fclmutusaine Freezer 500ml, Motip\"}]},{\"@type\":\"WebSite\",\"@id\":\"https:\\\/\\\/ranoja.ee\\\/#website\",\"url\":\"https:\\\/\\\/ranoja.ee\\\/\",\"name\":\"Ranoja\",\"description\":\"Equipment Shop WooCommerce WordPress Theme for Machine &amp; Tools\",\"publisher\":{\"@id\":\"https:\\\/\\\/ranoja.ee\\\/#organization\"},\"potentialAction\":[{\"@type\":\"SearchAction\",\"target\":{\"@type\":\"EntryPoint\",\"urlTemplate\":\"https:\\\/\\\/ranoja.ee\\\/?s={search_term_string}\"},\"query-input\":{\"@type\":\"PropertyValueSpecification\",\"valueRequired\":true,\"valueName\":\"search_term_string\"}}],\"inLanguage\":\"en-US\"},{\"@type\":\"Organization\",\"@id\":\"https:\\\/\\\/ranoja.ee\\\/#organization\",\"name\":\"Ranoja O\u00dc\",\"url\":\"https:\\\/\\\/ranoja.ee\\\/\",\"logo\":{\"@type\":\"ImageObject\",\"inLanguage\":\"en-US\",\"@id\":\"https:\\\/\\\/ranoja.ee\\\/#\\\/schema\\\/logo\\\/image\\\/\",\"url\":\"https:\\\/\\\/ranoja.ee\\\/wp-content\\\/uploads\\\/2023\\\/11\\\/ranoja-Logo.png\",\"contentUrl\":\"https:\\\/\\\/ranoja.ee\\\/wp-content\\\/uploads\\\/2023\\\/11\\\/ranoja-Logo.png\",\"width\":207,\"height\":58,\"caption\":\"Ranoja O\u00dc\"},\"image\":{\"@id\":\"https:\\\/\\\/ranoja.ee\\\/#\\\/schema\\\/logo\\\/image\\\/\"},\"sameAs\":[\"https:\\\/\\\/www.facebook.com\\\/ranoja.ee\",\"https:\\\/\\\/www.instagram.com\\\/ranoja__\\\/\"]}]}<\/script>\n<!-- \/ Yoast SEO plugin. -->","yoast_head_json":{"title":"K\u00fclmutusaine Freezer 500ml, Motip - Ranoja","robots":{"index":"index","follow":"follow","max-snippet":"max-snippet:-1","max-image-preview":"max-image-preview:large","max-video-preview":"max-video-preview:-1"},"canonical":"https:\/\/ranoja.ee\/toode\/kulmutusaine-freezer-500ml-motip\/","og_locale":"en_US","og_type":"article","og_title":"K\u00fclmutusaine Freezer 500ml, Motip - Ranoja","og_description":"J\u00e4rsul k\u00fclmutusefektil p\u00f5hinev abivahend nii keermestatud- kui pressitud \u00fchenduskohtade montaaziks ja demontaaziks KASUTUSVALDKOND: Sobib kinnikiilunud mutrite, poltide, laagrite, silindrite, v\u00f5llide, pukside eels\u00fc\u00fctek\u00fc\u00fcnalde jm detailide lahti ehmatamiseks. Ideaalne katsetada erinevaid termoandureid, sensoreid, termostaate. Samuti hea kleepunud n\u00e4tsu eemaldamiseks riietelt.T\u00e4nu spetsiaalsele kuulklapile on aerosool 360kraadi p\u00f6\u00f6ratav ja kasutatav. Silikoonivaba. TEHNILINE INFO: Baasained: Dimet\u00fc\u00fcleeter, propaan V\u00e4rvus: v\u00e4rvitu Tihedus 20\u00b0C juures: 0,65g\/ml KASUTAMINE: Ennem kasutamist hoiusta toodet toatemperatuuril ja loksuta Soovitav kasutamistemperatuur +5\u00b0 kuni +30\u00b0C Pihusta aerosoolist h\u00e4sti l\u00e4hedalt ja h\u00e4sti l\u00fchikese vaheajaga mitu korda j\u00e4rjest \u00fchenduskohale. Iga korraga muutub metall k\u00fclmemaks, kuni ca -50 C. J\u00e4rsust temperatuurimuutusest tingitult on liitmik\u00fchendusi n\u00fc\u00fcd lihtsam lahti keerata. \u00c4ra pihusta nahale, ega kehale.","og_url":"https:\/\/ranoja.ee\/toode\/kulmutusaine-freezer-500ml-motip\/","og_site_name":"Ranoja","article_publisher":"https:\/\/www.facebook.com\/ranoja.ee","article_modified_time":"2026-03-17T12:43:58+00:00","og_image":[{"width":117,"height":400,"url":"https:\/\/ranoja.ee\/wp-content\/uploads\/2026\/03\/123753173.jpg","type":"image\/jpeg"}],"twitter_card":"summary_large_image","schema":{"@context":"https:\/\/schema.org","@graph":[{"@type":"WebPage","@id":"https:\/\/ranoja.ee\/toode\/kulmutusaine-freezer-500ml-motip\/","url":"https:\/\/ranoja.ee\/toode\/kulmutusaine-freezer-500ml-motip\/","name":"K\u00fclmutusaine Freezer 500ml, Motip - Ranoja","isPartOf":{"@id":"https:\/\/ranoja.ee\/#website"},"primaryImageOfPage":{"@id":"https:\/\/ranoja.ee\/toode\/kulmutusaine-freezer-500ml-motip\/#primaryimage"},"image":{"@id":"https:\/\/ranoja.ee\/toode\/kulmutusaine-freezer-500ml-motip\/#primaryimage"},"thumbnailUrl":"https:\/\/ranoja.ee\/wp-content\/uploads\/2026\/03\/123753173.jpg","datePublished":"2026-03-16T22:50:25+00:00","dateModified":"2026-03-17T12:43:58+00:00","breadcrumb":{"@id":"https:\/\/ranoja.ee\/toode\/kulmutusaine-freezer-500ml-motip\/#breadcrumb"},"inLanguage":"en-US","potentialAction":[{"@type":"ReadAction","target":["https:\/\/ranoja.ee\/toode\/kulmutusaine-freezer-500ml-motip\/"]}]},{"@type":"ImageObject","inLanguage":"en-US","@id":"https:\/\/ranoja.ee\/toode\/kulmutusaine-freezer-500ml-motip\/#primaryimage","url":"https:\/\/ranoja.ee\/wp-content\/uploads\/2026\/03\/123753173.jpg","contentUrl":"https:\/\/ranoja.ee\/wp-content\/uploads\/2026\/03\/123753173.jpg","width":117,"height":400},{"@type":"BreadcrumbList","@id":"https:\/\/ranoja.ee\/toode\/kulmutusaine-freezer-500ml-motip\/#breadcrumb","itemListElement":[{"@type":"ListItem","position":1,"name":"Home","item":"https:\/\/ranoja.ee\/"},{"@type":"ListItem","position":2,"name":"Shop","item":"https:\/\/ranoja.ee\/en\/shop\/"},{"@type":"ListItem","position":3,"name":"K\u00fclmutusaine Freezer 500ml, Motip"}]},{"@type":"WebSite","@id":"https:\/\/ranoja.ee\/#website","url":"https:\/\/ranoja.ee\/","name":"Ranoja","description":"Equipment Shop WooCommerce WordPress Theme for Machine &amp; Tools","publisher":{"@id":"https:\/\/ranoja.ee\/#organization"},"potentialAction":[{"@type":"SearchAction","target":{"@type":"EntryPoint","urlTemplate":"https:\/\/ranoja.ee\/?s={search_term_string}"},"query-input":{"@type":"PropertyValueSpecification","valueRequired":true,"valueName":"search_term_string"}}],"inLanguage":"en-US"},{"@type":"Organization","@id":"https:\/\/ranoja.ee\/#organization","name":"Ranoja O\u00dc","url":"https:\/\/ranoja.ee\/","logo":{"@type":"ImageObject","inLanguage":"en-US","@id":"https:\/\/ranoja.ee\/#\/schema\/logo\/image\/","url":"https:\/\/ranoja.ee\/wp-content\/uploads\/2023\/11\/ranoja-Logo.png","contentUrl":"https:\/\/ranoja.ee\/wp-content\/uploads\/2023\/11\/ranoja-Logo.png","width":207,"height":58,"caption":"Ranoja O\u00dc"},"image":{"@id":"https:\/\/ranoja.ee\/#\/schema\/logo\/image\/"},"sameAs":["https:\/\/www.facebook.com\/ranoja.ee","https:\/\/www.instagram.com\/ranoja__\/"]}]}},"_links":{"self":[{"href":"https:\/\/ranoja.ee\/en\/wp-json\/wp\/v2\/product\/57598","targetHints":{"allow":["GET"]}}],"collection":[{"href":"https:\/\/ranoja.ee\/en\/wp-json\/wp\/v2\/product"}],"about":[{"href":"https:\/\/ranoja.ee\/en\/wp-json\/wp\/v2\/types\/product"}],"wp:featuredmedia":[{"embeddable":true,"href":"https:\/\/ranoja.ee\/en\/wp-json\/wp\/v2\/media\/57599"}],"wp:attachment":[{"href":"https:\/\/ranoja.ee\/en\/wp-json\/wp\/v2\/media?parent=57598"}],"wp:term":[{"taxonomy":"product_cat","embeddable":true,"href":"https:\/\/ranoja.ee\/en\/wp-json\/wp\/v2\/product_cat?post=57598"},{"taxonomy":"product_tag","embeddable":true,"href":"https:\/\/ranoja.ee\/en\/wp-json\/wp\/v2\/product_tag?post=57598"}],"curies":[{"name":"wp","href":"https:\/\/api.w.org\/{rel}","templated":true}]}}