{"id":57582,"date":"2026-03-17T01:50:25","date_gmt":"2026-03-16T22:50:25","guid":{"rendered":"https:\/\/ranoja.ee\/toode\/katepesuaine-hand-cleaner-45kg-valvoline\/"},"modified":"2026-03-17T15:44:48","modified_gmt":"2026-03-17T12:44:48","slug":"katepesuaine-hand-cleaner-45kg-valvoline","status":"publish","type":"product","link":"https:\/\/ranoja.ee\/en\/toode\/katepesuaine-hand-cleaner-45kg-valvoline\/","title":{"rendered":"K\u00e4tepesuaine Hand Cleaner 4,5kg, Valvoline"},"content":{"rendered":"","protected":false},"excerpt":{"rendered":"<p>Aitab lahustada ka k\u00f5ige t\u00f5rksama mustuse Kollane,zelee mis sisladab kerget abrasiivi t\u00f5husamaks puhastuseks.<br \/>\nSpetsiaalsed pehmendavad lisandid v\u00e4ldivad k\u00e4enaha pragunemist ja tundlikkust. Dermatoloogiliselt testitud.<br \/>\nTsitruseline koostis puhstab ka mustuse kus teised tooted j\u00e4\u00e4vad h\u00e4tta (n\u00e4it printeri ja tr\u00fckimust,mitmed v\u00e4rvid)<br \/>\nMitte ainult ei puhasta vaid j\u00e4tab ka v\u00e4rske l\u00f5hna<br \/>\nSobib ka kuivpesuks kus vett ei ole v\u00f5imalik kasutada.<br \/>\nSaadaval lisadena;<br \/>\ndosaator kood 91393&#038;VAL<br \/>\nseinakinnitus kood 825162&#038;VAL<\/p>\n<p>Saksamaal heaks kiidetud <br \/>\nAFNOR NF T 73-102<\/p>\n","protected":false},"featured_media":57583,"template":"","meta":{"inline_featured_image":false},"product_cat":[5098,5009],"product_tag":[],"class_list":{"0":"post-57582","1":"product","2":"type-product","3":"status-publish","4":"has-post-thumbnail","6":"product_brand-valvoline","7":"product_cat-katehooldusvahendid","8":"product_cat-toostus-ja-autokeemia","10":"first","11":"instock","12":"purchasable","13":"product-type-simple"},"yoast_head":"<!-- This site is optimized with the Yoast SEO plugin v27.4 - https:\/\/yoast.com\/product\/yoast-seo-wordpress\/ -->\n<title>K\u00e4tepesuaine Hand Cleaner 4,5kg, Valvoline - Ranoja<\/title>\n<meta name=\"robots\" content=\"index, follow, max-snippet:-1, max-image-preview:large, max-video-preview:-1\" \/>\n<link rel=\"canonical\" href=\"https:\/\/ranoja.ee\/toode\/katepesuaine-hand-cleaner-45kg-valvoline\/\" \/>\n<meta property=\"og:locale\" content=\"en_US\" \/>\n<meta property=\"og:type\" content=\"article\" \/>\n<meta property=\"og:title\" content=\"K\u00e4tepesuaine Hand Cleaner 4,5kg, Valvoline - Ranoja\" \/>\n<meta property=\"og:description\" content=\"Aitab lahustada ka k\u00f5ige t\u00f5rksama mustuse Kollane,zelee mis sisladab kerget abrasiivi t\u00f5husamaks puhastuseks. Spetsiaalsed pehmendavad lisandid v\u00e4ldivad k\u00e4enaha pragunemist ja tundlikkust. Dermatoloogiliselt testitud. Tsitruseline koostis puhstab ka mustuse kus teised tooted j\u00e4\u00e4vad h\u00e4tta (n\u00e4it printeri ja tr\u00fckimust,mitmed v\u00e4rvid) Mitte ainult ei puhasta vaid j\u00e4tab ka v\u00e4rske l\u00f5hna Sobib ka kuivpesuks kus vett ei ole v\u00f5imalik kasutada. Saadaval lisadena; dosaator kood 91393&amp;VAL seinakinnitus kood 825162&amp;VAL Saksamaal heaks kiidetud AFNOR NF T 73-102\" \/>\n<meta property=\"og:url\" content=\"https:\/\/ranoja.ee\/toode\/katepesuaine-hand-cleaner-45kg-valvoline\/\" \/>\n<meta property=\"og:site_name\" content=\"Ranoja\" \/>\n<meta property=\"article:publisher\" content=\"https:\/\/www.facebook.com\/ranoja.ee\" \/>\n<meta property=\"article:modified_time\" content=\"2026-03-17T12:44:48+00:00\" \/>\n<meta property=\"og:image\" content=\"https:\/\/ranoja.ee\/wp-content\/uploads\/2026\/03\/138945621.jpg\" \/>\n\t<meta property=\"og:image:width\" content=\"241\" \/>\n\t<meta property=\"og:image:height\" content=\"500\" \/>\n\t<meta property=\"og:image:type\" content=\"image\/jpeg\" \/>\n<meta name=\"twitter:card\" content=\"summary_large_image\" \/>\n<script type=\"application\/ld+json\" class=\"yoast-schema-graph\">{\"@context\":\"https:\\\/\\\/schema.org\",\"@graph\":[{\"@type\":\"WebPage\",\"@id\":\"https:\\\/\\\/ranoja.ee\\\/toode\\\/katepesuaine-hand-cleaner-45kg-valvoline\\\/\",\"url\":\"https:\\\/\\\/ranoja.ee\\\/toode\\\/katepesuaine-hand-cleaner-45kg-valvoline\\\/\",\"name\":\"K\u00e4tepesuaine Hand Cleaner 4,5kg, Valvoline - Ranoja\",\"isPartOf\":{\"@id\":\"https:\\\/\\\/ranoja.ee\\\/#website\"},\"primaryImageOfPage\":{\"@id\":\"https:\\\/\\\/ranoja.ee\\\/toode\\\/katepesuaine-hand-cleaner-45kg-valvoline\\\/#primaryimage\"},\"image\":{\"@id\":\"https:\\\/\\\/ranoja.ee\\\/toode\\\/katepesuaine-hand-cleaner-45kg-valvoline\\\/#primaryimage\"},\"thumbnailUrl\":\"https:\\\/\\\/ranoja.ee\\\/wp-content\\\/uploads\\\/2026\\\/03\\\/138945621.jpg\",\"datePublished\":\"2026-03-16T22:50:25+00:00\",\"dateModified\":\"2026-03-17T12:44:48+00:00\",\"breadcrumb\":{\"@id\":\"https:\\\/\\\/ranoja.ee\\\/toode\\\/katepesuaine-hand-cleaner-45kg-valvoline\\\/#breadcrumb\"},\"inLanguage\":\"en-US\",\"potentialAction\":[{\"@type\":\"ReadAction\",\"target\":[\"https:\\\/\\\/ranoja.ee\\\/toode\\\/katepesuaine-hand-cleaner-45kg-valvoline\\\/\"]}]},{\"@type\":\"ImageObject\",\"inLanguage\":\"en-US\",\"@id\":\"https:\\\/\\\/ranoja.ee\\\/toode\\\/katepesuaine-hand-cleaner-45kg-valvoline\\\/#primaryimage\",\"url\":\"https:\\\/\\\/ranoja.ee\\\/wp-content\\\/uploads\\\/2026\\\/03\\\/138945621.jpg\",\"contentUrl\":\"https:\\\/\\\/ranoja.ee\\\/wp-content\\\/uploads\\\/2026\\\/03\\\/138945621.jpg\",\"width\":241,\"height\":500},{\"@type\":\"BreadcrumbList\",\"@id\":\"https:\\\/\\\/ranoja.ee\\\/toode\\\/katepesuaine-hand-cleaner-45kg-valvoline\\\/#breadcrumb\",\"itemListElement\":[{\"@type\":\"ListItem\",\"position\":1,\"name\":\"Home\",\"item\":\"https:\\\/\\\/ranoja.ee\\\/\"},{\"@type\":\"ListItem\",\"position\":2,\"name\":\"Shop\",\"item\":\"https:\\\/\\\/ranoja.ee\\\/en\\\/shop\\\/\"},{\"@type\":\"ListItem\",\"position\":3,\"name\":\"K\u00e4tepesuaine Hand Cleaner 4,5kg, Valvoline\"}]},{\"@type\":\"WebSite\",\"@id\":\"https:\\\/\\\/ranoja.ee\\\/#website\",\"url\":\"https:\\\/\\\/ranoja.ee\\\/\",\"name\":\"Ranoja\",\"description\":\"Equipment Shop WooCommerce WordPress Theme for Machine &amp; Tools\",\"publisher\":{\"@id\":\"https:\\\/\\\/ranoja.ee\\\/#organization\"},\"potentialAction\":[{\"@type\":\"SearchAction\",\"target\":{\"@type\":\"EntryPoint\",\"urlTemplate\":\"https:\\\/\\\/ranoja.ee\\\/?s={search_term_string}\"},\"query-input\":{\"@type\":\"PropertyValueSpecification\",\"valueRequired\":true,\"valueName\":\"search_term_string\"}}],\"inLanguage\":\"en-US\"},{\"@type\":\"Organization\",\"@id\":\"https:\\\/\\\/ranoja.ee\\\/#organization\",\"name\":\"Ranoja O\u00dc\",\"url\":\"https:\\\/\\\/ranoja.ee\\\/\",\"logo\":{\"@type\":\"ImageObject\",\"inLanguage\":\"en-US\",\"@id\":\"https:\\\/\\\/ranoja.ee\\\/#\\\/schema\\\/logo\\\/image\\\/\",\"url\":\"https:\\\/\\\/ranoja.ee\\\/wp-content\\\/uploads\\\/2023\\\/11\\\/ranoja-Logo.png\",\"contentUrl\":\"https:\\\/\\\/ranoja.ee\\\/wp-content\\\/uploads\\\/2023\\\/11\\\/ranoja-Logo.png\",\"width\":207,\"height\":58,\"caption\":\"Ranoja O\u00dc\"},\"image\":{\"@id\":\"https:\\\/\\\/ranoja.ee\\\/#\\\/schema\\\/logo\\\/image\\\/\"},\"sameAs\":[\"https:\\\/\\\/www.facebook.com\\\/ranoja.ee\",\"https:\\\/\\\/www.instagram.com\\\/ranoja__\\\/\"]}]}<\/script>\n<!-- \/ Yoast SEO plugin. -->","yoast_head_json":{"title":"K\u00e4tepesuaine Hand Cleaner 4,5kg, Valvoline - Ranoja","robots":{"index":"index","follow":"follow","max-snippet":"max-snippet:-1","max-image-preview":"max-image-preview:large","max-video-preview":"max-video-preview:-1"},"canonical":"https:\/\/ranoja.ee\/toode\/katepesuaine-hand-cleaner-45kg-valvoline\/","og_locale":"en_US","og_type":"article","og_title":"K\u00e4tepesuaine Hand Cleaner 4,5kg, Valvoline - Ranoja","og_description":"Aitab lahustada ka k\u00f5ige t\u00f5rksama mustuse Kollane,zelee mis sisladab kerget abrasiivi t\u00f5husamaks puhastuseks. Spetsiaalsed pehmendavad lisandid v\u00e4ldivad k\u00e4enaha pragunemist ja tundlikkust. Dermatoloogiliselt testitud. Tsitruseline koostis puhstab ka mustuse kus teised tooted j\u00e4\u00e4vad h\u00e4tta (n\u00e4it printeri ja tr\u00fckimust,mitmed v\u00e4rvid) Mitte ainult ei puhasta vaid j\u00e4tab ka v\u00e4rske l\u00f5hna Sobib ka kuivpesuks kus vett ei ole v\u00f5imalik kasutada. Saadaval lisadena; dosaator kood 91393&VAL seinakinnitus kood 825162&VAL Saksamaal heaks kiidetud AFNOR NF T 73-102","og_url":"https:\/\/ranoja.ee\/toode\/katepesuaine-hand-cleaner-45kg-valvoline\/","og_site_name":"Ranoja","article_publisher":"https:\/\/www.facebook.com\/ranoja.ee","article_modified_time":"2026-03-17T12:44:48+00:00","og_image":[{"width":241,"height":500,"url":"https:\/\/ranoja.ee\/wp-content\/uploads\/2026\/03\/138945621.jpg","type":"image\/jpeg"}],"twitter_card":"summary_large_image","schema":{"@context":"https:\/\/schema.org","@graph":[{"@type":"WebPage","@id":"https:\/\/ranoja.ee\/toode\/katepesuaine-hand-cleaner-45kg-valvoline\/","url":"https:\/\/ranoja.ee\/toode\/katepesuaine-hand-cleaner-45kg-valvoline\/","name":"K\u00e4tepesuaine Hand Cleaner 4,5kg, Valvoline - Ranoja","isPartOf":{"@id":"https:\/\/ranoja.ee\/#website"},"primaryImageOfPage":{"@id":"https:\/\/ranoja.ee\/toode\/katepesuaine-hand-cleaner-45kg-valvoline\/#primaryimage"},"image":{"@id":"https:\/\/ranoja.ee\/toode\/katepesuaine-hand-cleaner-45kg-valvoline\/#primaryimage"},"thumbnailUrl":"https:\/\/ranoja.ee\/wp-content\/uploads\/2026\/03\/138945621.jpg","datePublished":"2026-03-16T22:50:25+00:00","dateModified":"2026-03-17T12:44:48+00:00","breadcrumb":{"@id":"https:\/\/ranoja.ee\/toode\/katepesuaine-hand-cleaner-45kg-valvoline\/#breadcrumb"},"inLanguage":"en-US","potentialAction":[{"@type":"ReadAction","target":["https:\/\/ranoja.ee\/toode\/katepesuaine-hand-cleaner-45kg-valvoline\/"]}]},{"@type":"ImageObject","inLanguage":"en-US","@id":"https:\/\/ranoja.ee\/toode\/katepesuaine-hand-cleaner-45kg-valvoline\/#primaryimage","url":"https:\/\/ranoja.ee\/wp-content\/uploads\/2026\/03\/138945621.jpg","contentUrl":"https:\/\/ranoja.ee\/wp-content\/uploads\/2026\/03\/138945621.jpg","width":241,"height":500},{"@type":"BreadcrumbList","@id":"https:\/\/ranoja.ee\/toode\/katepesuaine-hand-cleaner-45kg-valvoline\/#breadcrumb","itemListElement":[{"@type":"ListItem","position":1,"name":"Home","item":"https:\/\/ranoja.ee\/"},{"@type":"ListItem","position":2,"name":"Shop","item":"https:\/\/ranoja.ee\/en\/shop\/"},{"@type":"ListItem","position":3,"name":"K\u00e4tepesuaine Hand Cleaner 4,5kg, Valvoline"}]},{"@type":"WebSite","@id":"https:\/\/ranoja.ee\/#website","url":"https:\/\/ranoja.ee\/","name":"Ranoja","description":"Equipment Shop WooCommerce WordPress Theme for Machine &amp; Tools","publisher":{"@id":"https:\/\/ranoja.ee\/#organization"},"potentialAction":[{"@type":"SearchAction","target":{"@type":"EntryPoint","urlTemplate":"https:\/\/ranoja.ee\/?s={search_term_string}"},"query-input":{"@type":"PropertyValueSpecification","valueRequired":true,"valueName":"search_term_string"}}],"inLanguage":"en-US"},{"@type":"Organization","@id":"https:\/\/ranoja.ee\/#organization","name":"Ranoja O\u00dc","url":"https:\/\/ranoja.ee\/","logo":{"@type":"ImageObject","inLanguage":"en-US","@id":"https:\/\/ranoja.ee\/#\/schema\/logo\/image\/","url":"https:\/\/ranoja.ee\/wp-content\/uploads\/2023\/11\/ranoja-Logo.png","contentUrl":"https:\/\/ranoja.ee\/wp-content\/uploads\/2023\/11\/ranoja-Logo.png","width":207,"height":58,"caption":"Ranoja O\u00dc"},"image":{"@id":"https:\/\/ranoja.ee\/#\/schema\/logo\/image\/"},"sameAs":["https:\/\/www.facebook.com\/ranoja.ee","https:\/\/www.instagram.com\/ranoja__\/"]}]}},"_links":{"self":[{"href":"https:\/\/ranoja.ee\/en\/wp-json\/wp\/v2\/product\/57582","targetHints":{"allow":["GET"]}}],"collection":[{"href":"https:\/\/ranoja.ee\/en\/wp-json\/wp\/v2\/product"}],"about":[{"href":"https:\/\/ranoja.ee\/en\/wp-json\/wp\/v2\/types\/product"}],"wp:featuredmedia":[{"embeddable":true,"href":"https:\/\/ranoja.ee\/en\/wp-json\/wp\/v2\/media\/57583"}],"wp:attachment":[{"href":"https:\/\/ranoja.ee\/en\/wp-json\/wp\/v2\/media?parent=57582"}],"wp:term":[{"taxonomy":"product_cat","embeddable":true,"href":"https:\/\/ranoja.ee\/en\/wp-json\/wp\/v2\/product_cat?post=57582"},{"taxonomy":"product_tag","embeddable":true,"href":"https:\/\/ranoja.ee\/en\/wp-json\/wp\/v2\/product_tag?post=57582"}],"curies":[{"name":"wp","href":"https:\/\/api.w.org\/{rel}","templated":true}]}}