{"id":57578,"date":"2026-03-17T01:50:25","date_gmt":"2026-03-16T22:50:25","guid":{"rendered":"https:\/\/ranoja.ee\/toode\/kontaktide-puhasti-contact-cleaner-500ml-motip\/"},"modified":"2026-03-17T15:44:48","modified_gmt":"2026-03-17T12:44:48","slug":"kontaktide-puhasti-contact-cleaner-500ml-motip","status":"publish","type":"product","link":"https:\/\/ranoja.ee\/en\/toode\/kontaktide-puhasti-contact-cleaner-500ml-motip\/","title":{"rendered":"Kontaktide puhasti Contact Cleaner 500ml, Motip"},"content":{"rendered":"","protected":false},"excerpt":{"rendered":"<p>Spetsiaalne puhastusaine oks\u00fcdeerunud kontakt\u00fchenduste puhastamiseks. Eemaldab oksiidi ja t\u00f5rjub niiskust.Tagab pikaajalise elektrijuhtivuse. Ei s\u00f6\u00f6vita. Ei j\u00e4ta j\u00e4\u00e4ke. Kaitseb korrosiooni eest.<\/p>\n<p>KASUTUSVALDKOND:<br \/>\nSobib igasugustele \u00fchenduste puhastamiseks ja kaitseks nagu  elektroonikakomponendid, arvutidetailid, stereoaparatuurid, l\u00fclitusreleed, reostaadid, mobiiltelefoni akukontaktid, seinakontaktid, j\u00e4relk\u00e4rude pistikupesad, auto ja mootorratta kontaktid ja juhtmestik jne.<br \/>\nAerosoolist tugeva survega v\u00e4ljuv puhastusvahend puhub minema kontaktidele kleepunud n\u00e4htava mustuse, samas lahustid leotavad lahti ja eemaldavad sisses\u00f6\u00f6binud mustuse ja \u00fchendust takistava oksiidikihi. Vahend aurustub pinnalt kiirelt, ei j\u00e4ta mingeid j\u00e4\u00e4ke ega tekita korrosiooni.<br \/>\nT\u00e4nu spetsiaalsele kuulklapile on aerosool kasutatav igas asendis.<\/p>\n<p>TEHNILINE INFO:<br \/>\nBaasained: alkohol ja alifaatsed s\u00fcsivesikud<br \/>\nV\u00e4rvus: l\u00e4bipaistev<br \/>\nL\u00f5hn: iseloomulik<br \/>\nTihedus 20\u00b0C juures: 0,73g\/ml<\/p>\n<p>KASUTAMINE:<br \/>\nEnnem kasutamist hoiustada toodet toatemperatuuril ja loksutada.<br \/>\nSoovitav kasutamistemperatuur +5\u00b0 kuni +30\u00b0C<br \/>\nL\u00fclita v\u00e4lja k\u00f5ik elektroonilised seadmed, s\u00f5ltumata pingest. <br \/>\nPihusta vahendit puhastatavale pinnale.<br \/>\nP\u00e4rast puhastamist oota v\u00e4hemalt 15 min kuni kogu vedelik on haihtunud, enne kui seadmed uuesti voolu alla l\u00fclitad. <br \/>\nEttevaatust kasutamisel &#8211; j\u00e4lgi, et \u00f5rnasid elektroonikavidinaid \u00e4ra ei l\u00f5hu, liiga tugeva surve t\u00f5ttu v\u00f5i neid \u00fcle ujutades!. <\/p>\n","protected":false},"featured_media":57579,"template":"","meta":{"inline_featured_image":false},"product_cat":[5011,5010,5009],"product_tag":[],"class_list":{"0":"post-57578","1":"product","2":"type-product","3":"status-publish","4":"has-post-thumbnail","6":"product_brand-motip","7":"product_cat-puhastusvahendid","8":"product_cat-tehnilised-aerosoolid","9":"product_cat-toostus-ja-autokeemia","11":"first","12":"instock","13":"purchasable","14":"product-type-simple"},"yoast_head":"<!-- This site is optimized with the Yoast SEO plugin v27.4 - https:\/\/yoast.com\/product\/yoast-seo-wordpress\/ -->\n<title>Kontaktide puhasti Contact Cleaner 500ml, Motip - Ranoja<\/title>\n<meta name=\"robots\" content=\"index, follow, max-snippet:-1, max-image-preview:large, max-video-preview:-1\" \/>\n<link rel=\"canonical\" href=\"https:\/\/ranoja.ee\/toode\/kontaktide-puhasti-contact-cleaner-500ml-motip\/\" \/>\n<meta property=\"og:locale\" content=\"en_US\" \/>\n<meta property=\"og:type\" content=\"article\" \/>\n<meta property=\"og:title\" content=\"Kontaktide puhasti Contact Cleaner 500ml, Motip - Ranoja\" \/>\n<meta property=\"og:description\" content=\"Spetsiaalne puhastusaine oks\u00fcdeerunud kontakt\u00fchenduste puhastamiseks. Eemaldab oksiidi ja t\u00f5rjub niiskust.Tagab pikaajalise elektrijuhtivuse. Ei s\u00f6\u00f6vita. Ei j\u00e4ta j\u00e4\u00e4ke. Kaitseb korrosiooni eest. KASUTUSVALDKOND: Sobib igasugustele \u00fchenduste puhastamiseks ja kaitseks nagu elektroonikakomponendid, arvutidetailid, stereoaparatuurid, l\u00fclitusreleed, reostaadid, mobiiltelefoni akukontaktid, seinakontaktid, j\u00e4relk\u00e4rude pistikupesad, auto ja mootorratta kontaktid ja juhtmestik jne. Aerosoolist tugeva survega v\u00e4ljuv puhastusvahend puhub minema kontaktidele kleepunud n\u00e4htava mustuse, samas lahustid leotavad lahti ja eemaldavad sisses\u00f6\u00f6binud mustuse ja \u00fchendust takistava oksiidikihi. Vahend aurustub pinnalt kiirelt, ei j\u00e4ta mingeid j\u00e4\u00e4ke ega tekita korrosiooni. T\u00e4nu spetsiaalsele kuulklapile on aerosool kasutatav igas asendis. TEHNILINE INFO: Baasained: alkohol ja alifaatsed s\u00fcsivesikud V\u00e4rvus: l\u00e4bipaistev L\u00f5hn: iseloomulik Tihedus 20\u00b0C juures: 0,73g\/ml KASUTAMINE: Ennem kasutamist hoiustada toodet toatemperatuuril ja loksutada. Soovitav kasutamistemperatuur +5\u00b0 kuni +30\u00b0C L\u00fclita v\u00e4lja k\u00f5ik elektroonilised seadmed, s\u00f5ltumata pingest. Pihusta vahendit puhastatavale pinnale. P\u00e4rast puhastamist oota v\u00e4hemalt 15 min kuni kogu vedelik on haihtunud, enne kui seadmed uuesti voolu alla l\u00fclitad. Ettevaatust kasutamisel - j\u00e4lgi, et \u00f5rnasid elektroonikavidinaid \u00e4ra ei l\u00f5hu, liiga tugeva surve t\u00f5ttu v\u00f5i neid \u00fcle ujutades!.\" \/>\n<meta property=\"og:url\" content=\"https:\/\/ranoja.ee\/toode\/kontaktide-puhasti-contact-cleaner-500ml-motip\/\" \/>\n<meta property=\"og:site_name\" content=\"Ranoja\" \/>\n<meta property=\"article:publisher\" content=\"https:\/\/www.facebook.com\/ranoja.ee\" \/>\n<meta property=\"article:modified_time\" content=\"2026-03-17T12:44:48+00:00\" \/>\n<meta property=\"og:image\" content=\"https:\/\/ranoja.ee\/wp-content\/uploads\/2026\/03\/123752804.jpg\" \/>\n\t<meta property=\"og:image:width\" content=\"117\" \/>\n\t<meta property=\"og:image:height\" content=\"400\" \/>\n\t<meta property=\"og:image:type\" content=\"image\/jpeg\" \/>\n<meta name=\"twitter:card\" content=\"summary_large_image\" \/>\n<script type=\"application\/ld+json\" class=\"yoast-schema-graph\">{\"@context\":\"https:\\\/\\\/schema.org\",\"@graph\":[{\"@type\":\"WebPage\",\"@id\":\"https:\\\/\\\/ranoja.ee\\\/toode\\\/kontaktide-puhasti-contact-cleaner-500ml-motip\\\/\",\"url\":\"https:\\\/\\\/ranoja.ee\\\/toode\\\/kontaktide-puhasti-contact-cleaner-500ml-motip\\\/\",\"name\":\"Kontaktide puhasti Contact Cleaner 500ml, Motip - Ranoja\",\"isPartOf\":{\"@id\":\"https:\\\/\\\/ranoja.ee\\\/#website\"},\"primaryImageOfPage\":{\"@id\":\"https:\\\/\\\/ranoja.ee\\\/toode\\\/kontaktide-puhasti-contact-cleaner-500ml-motip\\\/#primaryimage\"},\"image\":{\"@id\":\"https:\\\/\\\/ranoja.ee\\\/toode\\\/kontaktide-puhasti-contact-cleaner-500ml-motip\\\/#primaryimage\"},\"thumbnailUrl\":\"https:\\\/\\\/ranoja.ee\\\/wp-content\\\/uploads\\\/2026\\\/03\\\/123752804.jpg\",\"datePublished\":\"2026-03-16T22:50:25+00:00\",\"dateModified\":\"2026-03-17T12:44:48+00:00\",\"breadcrumb\":{\"@id\":\"https:\\\/\\\/ranoja.ee\\\/toode\\\/kontaktide-puhasti-contact-cleaner-500ml-motip\\\/#breadcrumb\"},\"inLanguage\":\"en-US\",\"potentialAction\":[{\"@type\":\"ReadAction\",\"target\":[\"https:\\\/\\\/ranoja.ee\\\/toode\\\/kontaktide-puhasti-contact-cleaner-500ml-motip\\\/\"]}]},{\"@type\":\"ImageObject\",\"inLanguage\":\"en-US\",\"@id\":\"https:\\\/\\\/ranoja.ee\\\/toode\\\/kontaktide-puhasti-contact-cleaner-500ml-motip\\\/#primaryimage\",\"url\":\"https:\\\/\\\/ranoja.ee\\\/wp-content\\\/uploads\\\/2026\\\/03\\\/123752804.jpg\",\"contentUrl\":\"https:\\\/\\\/ranoja.ee\\\/wp-content\\\/uploads\\\/2026\\\/03\\\/123752804.jpg\",\"width\":117,\"height\":400},{\"@type\":\"BreadcrumbList\",\"@id\":\"https:\\\/\\\/ranoja.ee\\\/toode\\\/kontaktide-puhasti-contact-cleaner-500ml-motip\\\/#breadcrumb\",\"itemListElement\":[{\"@type\":\"ListItem\",\"position\":1,\"name\":\"Home\",\"item\":\"https:\\\/\\\/ranoja.ee\\\/\"},{\"@type\":\"ListItem\",\"position\":2,\"name\":\"Shop\",\"item\":\"https:\\\/\\\/ranoja.ee\\\/en\\\/shop\\\/\"},{\"@type\":\"ListItem\",\"position\":3,\"name\":\"Kontaktide puhasti Contact Cleaner 500ml, Motip\"}]},{\"@type\":\"WebSite\",\"@id\":\"https:\\\/\\\/ranoja.ee\\\/#website\",\"url\":\"https:\\\/\\\/ranoja.ee\\\/\",\"name\":\"Ranoja\",\"description\":\"Equipment Shop WooCommerce WordPress Theme for Machine &amp; Tools\",\"publisher\":{\"@id\":\"https:\\\/\\\/ranoja.ee\\\/#organization\"},\"potentialAction\":[{\"@type\":\"SearchAction\",\"target\":{\"@type\":\"EntryPoint\",\"urlTemplate\":\"https:\\\/\\\/ranoja.ee\\\/?s={search_term_string}\"},\"query-input\":{\"@type\":\"PropertyValueSpecification\",\"valueRequired\":true,\"valueName\":\"search_term_string\"}}],\"inLanguage\":\"en-US\"},{\"@type\":\"Organization\",\"@id\":\"https:\\\/\\\/ranoja.ee\\\/#organization\",\"name\":\"Ranoja O\u00dc\",\"url\":\"https:\\\/\\\/ranoja.ee\\\/\",\"logo\":{\"@type\":\"ImageObject\",\"inLanguage\":\"en-US\",\"@id\":\"https:\\\/\\\/ranoja.ee\\\/#\\\/schema\\\/logo\\\/image\\\/\",\"url\":\"https:\\\/\\\/ranoja.ee\\\/wp-content\\\/uploads\\\/2023\\\/11\\\/ranoja-Logo.png\",\"contentUrl\":\"https:\\\/\\\/ranoja.ee\\\/wp-content\\\/uploads\\\/2023\\\/11\\\/ranoja-Logo.png\",\"width\":207,\"height\":58,\"caption\":\"Ranoja O\u00dc\"},\"image\":{\"@id\":\"https:\\\/\\\/ranoja.ee\\\/#\\\/schema\\\/logo\\\/image\\\/\"},\"sameAs\":[\"https:\\\/\\\/www.facebook.com\\\/ranoja.ee\",\"https:\\\/\\\/www.instagram.com\\\/ranoja__\\\/\"]}]}<\/script>\n<!-- \/ Yoast SEO plugin. -->","yoast_head_json":{"title":"Kontaktide puhasti Contact Cleaner 500ml, Motip - Ranoja","robots":{"index":"index","follow":"follow","max-snippet":"max-snippet:-1","max-image-preview":"max-image-preview:large","max-video-preview":"max-video-preview:-1"},"canonical":"https:\/\/ranoja.ee\/toode\/kontaktide-puhasti-contact-cleaner-500ml-motip\/","og_locale":"en_US","og_type":"article","og_title":"Kontaktide puhasti Contact Cleaner 500ml, Motip - Ranoja","og_description":"Spetsiaalne puhastusaine oks\u00fcdeerunud kontakt\u00fchenduste puhastamiseks. Eemaldab oksiidi ja t\u00f5rjub niiskust.Tagab pikaajalise elektrijuhtivuse. Ei s\u00f6\u00f6vita. Ei j\u00e4ta j\u00e4\u00e4ke. Kaitseb korrosiooni eest. KASUTUSVALDKOND: Sobib igasugustele \u00fchenduste puhastamiseks ja kaitseks nagu elektroonikakomponendid, arvutidetailid, stereoaparatuurid, l\u00fclitusreleed, reostaadid, mobiiltelefoni akukontaktid, seinakontaktid, j\u00e4relk\u00e4rude pistikupesad, auto ja mootorratta kontaktid ja juhtmestik jne. Aerosoolist tugeva survega v\u00e4ljuv puhastusvahend puhub minema kontaktidele kleepunud n\u00e4htava mustuse, samas lahustid leotavad lahti ja eemaldavad sisses\u00f6\u00f6binud mustuse ja \u00fchendust takistava oksiidikihi. Vahend aurustub pinnalt kiirelt, ei j\u00e4ta mingeid j\u00e4\u00e4ke ega tekita korrosiooni. T\u00e4nu spetsiaalsele kuulklapile on aerosool kasutatav igas asendis. TEHNILINE INFO: Baasained: alkohol ja alifaatsed s\u00fcsivesikud V\u00e4rvus: l\u00e4bipaistev L\u00f5hn: iseloomulik Tihedus 20\u00b0C juures: 0,73g\/ml KASUTAMINE: Ennem kasutamist hoiustada toodet toatemperatuuril ja loksutada. Soovitav kasutamistemperatuur +5\u00b0 kuni +30\u00b0C L\u00fclita v\u00e4lja k\u00f5ik elektroonilised seadmed, s\u00f5ltumata pingest. Pihusta vahendit puhastatavale pinnale. P\u00e4rast puhastamist oota v\u00e4hemalt 15 min kuni kogu vedelik on haihtunud, enne kui seadmed uuesti voolu alla l\u00fclitad. Ettevaatust kasutamisel - j\u00e4lgi, et \u00f5rnasid elektroonikavidinaid \u00e4ra ei l\u00f5hu, liiga tugeva surve t\u00f5ttu v\u00f5i neid \u00fcle ujutades!.","og_url":"https:\/\/ranoja.ee\/toode\/kontaktide-puhasti-contact-cleaner-500ml-motip\/","og_site_name":"Ranoja","article_publisher":"https:\/\/www.facebook.com\/ranoja.ee","article_modified_time":"2026-03-17T12:44:48+00:00","og_image":[{"width":117,"height":400,"url":"https:\/\/ranoja.ee\/wp-content\/uploads\/2026\/03\/123752804.jpg","type":"image\/jpeg"}],"twitter_card":"summary_large_image","schema":{"@context":"https:\/\/schema.org","@graph":[{"@type":"WebPage","@id":"https:\/\/ranoja.ee\/toode\/kontaktide-puhasti-contact-cleaner-500ml-motip\/","url":"https:\/\/ranoja.ee\/toode\/kontaktide-puhasti-contact-cleaner-500ml-motip\/","name":"Kontaktide puhasti Contact Cleaner 500ml, Motip - Ranoja","isPartOf":{"@id":"https:\/\/ranoja.ee\/#website"},"primaryImageOfPage":{"@id":"https:\/\/ranoja.ee\/toode\/kontaktide-puhasti-contact-cleaner-500ml-motip\/#primaryimage"},"image":{"@id":"https:\/\/ranoja.ee\/toode\/kontaktide-puhasti-contact-cleaner-500ml-motip\/#primaryimage"},"thumbnailUrl":"https:\/\/ranoja.ee\/wp-content\/uploads\/2026\/03\/123752804.jpg","datePublished":"2026-03-16T22:50:25+00:00","dateModified":"2026-03-17T12:44:48+00:00","breadcrumb":{"@id":"https:\/\/ranoja.ee\/toode\/kontaktide-puhasti-contact-cleaner-500ml-motip\/#breadcrumb"},"inLanguage":"en-US","potentialAction":[{"@type":"ReadAction","target":["https:\/\/ranoja.ee\/toode\/kontaktide-puhasti-contact-cleaner-500ml-motip\/"]}]},{"@type":"ImageObject","inLanguage":"en-US","@id":"https:\/\/ranoja.ee\/toode\/kontaktide-puhasti-contact-cleaner-500ml-motip\/#primaryimage","url":"https:\/\/ranoja.ee\/wp-content\/uploads\/2026\/03\/123752804.jpg","contentUrl":"https:\/\/ranoja.ee\/wp-content\/uploads\/2026\/03\/123752804.jpg","width":117,"height":400},{"@type":"BreadcrumbList","@id":"https:\/\/ranoja.ee\/toode\/kontaktide-puhasti-contact-cleaner-500ml-motip\/#breadcrumb","itemListElement":[{"@type":"ListItem","position":1,"name":"Home","item":"https:\/\/ranoja.ee\/"},{"@type":"ListItem","position":2,"name":"Shop","item":"https:\/\/ranoja.ee\/en\/shop\/"},{"@type":"ListItem","position":3,"name":"Kontaktide puhasti Contact Cleaner 500ml, Motip"}]},{"@type":"WebSite","@id":"https:\/\/ranoja.ee\/#website","url":"https:\/\/ranoja.ee\/","name":"Ranoja","description":"Equipment Shop WooCommerce WordPress Theme for Machine &amp; Tools","publisher":{"@id":"https:\/\/ranoja.ee\/#organization"},"potentialAction":[{"@type":"SearchAction","target":{"@type":"EntryPoint","urlTemplate":"https:\/\/ranoja.ee\/?s={search_term_string}"},"query-input":{"@type":"PropertyValueSpecification","valueRequired":true,"valueName":"search_term_string"}}],"inLanguage":"en-US"},{"@type":"Organization","@id":"https:\/\/ranoja.ee\/#organization","name":"Ranoja O\u00dc","url":"https:\/\/ranoja.ee\/","logo":{"@type":"ImageObject","inLanguage":"en-US","@id":"https:\/\/ranoja.ee\/#\/schema\/logo\/image\/","url":"https:\/\/ranoja.ee\/wp-content\/uploads\/2023\/11\/ranoja-Logo.png","contentUrl":"https:\/\/ranoja.ee\/wp-content\/uploads\/2023\/11\/ranoja-Logo.png","width":207,"height":58,"caption":"Ranoja O\u00dc"},"image":{"@id":"https:\/\/ranoja.ee\/#\/schema\/logo\/image\/"},"sameAs":["https:\/\/www.facebook.com\/ranoja.ee","https:\/\/www.instagram.com\/ranoja__\/"]}]}},"_links":{"self":[{"href":"https:\/\/ranoja.ee\/en\/wp-json\/wp\/v2\/product\/57578","targetHints":{"allow":["GET"]}}],"collection":[{"href":"https:\/\/ranoja.ee\/en\/wp-json\/wp\/v2\/product"}],"about":[{"href":"https:\/\/ranoja.ee\/en\/wp-json\/wp\/v2\/types\/product"}],"wp:featuredmedia":[{"embeddable":true,"href":"https:\/\/ranoja.ee\/en\/wp-json\/wp\/v2\/media\/57579"}],"wp:attachment":[{"href":"https:\/\/ranoja.ee\/en\/wp-json\/wp\/v2\/media?parent=57578"}],"wp:term":[{"taxonomy":"product_cat","embeddable":true,"href":"https:\/\/ranoja.ee\/en\/wp-json\/wp\/v2\/product_cat?post=57578"},{"taxonomy":"product_tag","embeddable":true,"href":"https:\/\/ranoja.ee\/en\/wp-json\/wp\/v2\/product_tag?post=57578"}],"curies":[{"name":"wp","href":"https:\/\/api.w.org\/{rel}","templated":true}]}}