{"id":57574,"date":"2026-03-17T01:50:25","date_gmt":"2026-03-16T22:50:25","guid":{"rendered":"https:\/\/ranoja.ee\/toode\/kombineeritud-tuhjenduspump-dwp750-scheppach\/"},"modified":"2026-03-17T15:44:48","modified_gmt":"2026-03-17T12:44:48","slug":"kombineeritud-tuhjenduspump-dwp750-scheppach","status":"publish","type":"product","link":"https:\/\/ranoja.ee\/en\/toode\/kombineeritud-tuhjenduspump-dwp750-scheppach\/","title":{"rendered":"Kombineeritud t\u00fchjenduspump DWP750, Scheppach"},"content":{"rendered":"","protected":false},"excerpt":{"rendered":"<p>Maksimaalne mootori v\u00f5imsus: 750 W<br \/>\nMaksimaalne tootlikkus: 20000 l\/h<br \/>\nMaksimaalne t\u00f5stek\u00f5rgus: 8 m<br \/>\nMaksimaalne uputuss\u00fcgavus: 7 m<br \/>\nMax. vee temparatuur: 35\u00b0C<br \/>\nMax. osakese suurus: 30 mm<br \/>\nVooliku\u00fchendus: 1 1\/2&#8243; \/ 1&#8243;<br \/>\nMootor 750 W, 230V<br \/>\nToitekaabel: 10 m<\/p>\n<p>\u2022 Universaalselt kasutatav nii kraavide, tiikide ja \u00fcleujutatud keldrite t\u00fchjendamisel ning puhta, musta ja liivaseguse vee teisaldamisel;<br \/>\n\u2022 Eraldi t\u00f6\u00f6riistavabalt seadistatav imemaks nii puhast kui musta vett<br \/>\n\u2022 Tugev, l\u00f6\u00f6gikindel pumbakorpus suure j\u00f5udlusega 750 W mootoriga<br \/>\n\u2022 Maksimaalne t\u00f5stek\u00f5rgus 8 m, maksimaalne sukeldumiss\u00fcgavus 7 m<br \/>\n\u2022 Ujukl\u00fcliti automaatseks kuivalt t\u00f6\u00f6tamise kaitsmiseks<br \/>\n\u2022 Tugevad G1 \u00bd&#8221; ja G1&#8243; sisend- ja v\u00e4ljundliited \u2013 v\u00f5imaldavad h\u00f5lpsat \u00fchendamist aiavoolikutega \u00fchendamist<br \/>\n\u2022 0,8 t\u00f6\u00f6surve<br \/>\n\u2022 Lihtne \u00fchendada t\u00e4nu praktilisele kiir\u00fchendusele<br \/>\n\u2022 Koormuskaitse hoiab \u00e4ra \u00fclekuumenemise<br \/>\n\u2022 Praktiline k\u00e4epide mugavaks transportimiseks<br \/>\n\u2022 Maksimaalne tahkete osakeste suurus 30 mm<br \/>\n\u2022 Maksimaalne veetemperatuur 35\u00b0 C<\/p>\n","protected":false},"featured_media":57575,"template":"","meta":{"inline_featured_image":false},"product_cat":[5085,5095,5096],"product_tag":[],"class_list":{"0":"post-57574","1":"product","2":"type-product","3":"status-publish","4":"has-post-thumbnail","6":"product_brand-scheppach","7":"product_cat-aiatehnika-ja-tooriistad","8":"product_cat-majapidamispumbad","9":"product_cat-tuhjenduspumbad-reoveele","11":"first","12":"instock","13":"purchasable","14":"product-type-simple"},"yoast_head":"<!-- This site is optimized with the Yoast SEO plugin v27.4 - https:\/\/yoast.com\/product\/yoast-seo-wordpress\/ -->\n<title>Kombineeritud t\u00fchjenduspump DWP750, Scheppach - Ranoja<\/title>\n<meta name=\"robots\" content=\"index, follow, max-snippet:-1, max-image-preview:large, max-video-preview:-1\" \/>\n<link rel=\"canonical\" href=\"https:\/\/ranoja.ee\/toode\/kombineeritud-tuhjenduspump-dwp750-scheppach\/\" \/>\n<meta property=\"og:locale\" content=\"en_US\" \/>\n<meta property=\"og:type\" content=\"article\" \/>\n<meta property=\"og:title\" content=\"Kombineeritud t\u00fchjenduspump DWP750, Scheppach - Ranoja\" \/>\n<meta property=\"og:description\" content=\"Maksimaalne mootori v\u00f5imsus: 750 W Maksimaalne tootlikkus: 20000 l\/h Maksimaalne t\u00f5stek\u00f5rgus: 8 m Maksimaalne uputuss\u00fcgavus: 7 m Max. vee temparatuur: 35\u00b0C Max. osakese suurus: 30 mm Vooliku\u00fchendus: 1 1\/2&quot; \/ 1&quot; Mootor 750 W, 230V Toitekaabel: 10 m \u2022 Universaalselt kasutatav nii kraavide, tiikide ja \u00fcleujutatud keldrite t\u00fchjendamisel ning puhta, musta ja liivaseguse vee teisaldamisel; \u2022 Eraldi t\u00f6\u00f6riistavabalt seadistatav imemaks nii puhast kui musta vett \u2022 Tugev, l\u00f6\u00f6gikindel pumbakorpus suure j\u00f5udlusega 750 W mootoriga \u2022 Maksimaalne t\u00f5stek\u00f5rgus 8 m, maksimaalne sukeldumiss\u00fcgavus 7 m \u2022 Ujukl\u00fcliti automaatseks kuivalt t\u00f6\u00f6tamise kaitsmiseks \u2022 Tugevad G1 \u00bd&quot; ja G1&quot; sisend- ja v\u00e4ljundliited \u2013 v\u00f5imaldavad h\u00f5lpsat \u00fchendamist aiavoolikutega \u00fchendamist \u2022 0,8 t\u00f6\u00f6surve \u2022 Lihtne \u00fchendada t\u00e4nu praktilisele kiir\u00fchendusele \u2022 Koormuskaitse hoiab \u00e4ra \u00fclekuumenemise \u2022 Praktiline k\u00e4epide mugavaks transportimiseks \u2022 Maksimaalne tahkete osakeste suurus 30 mm \u2022 Maksimaalne veetemperatuur 35\u00b0 C\" \/>\n<meta property=\"og:url\" content=\"https:\/\/ranoja.ee\/toode\/kombineeritud-tuhjenduspump-dwp750-scheppach\/\" \/>\n<meta property=\"og:site_name\" content=\"Ranoja\" \/>\n<meta property=\"article:publisher\" content=\"https:\/\/www.facebook.com\/ranoja.ee\" \/>\n<meta property=\"article:modified_time\" content=\"2026-03-17T12:44:48+00:00\" \/>\n<meta property=\"og:image\" content=\"https:\/\/ranoja.ee\/wp-content\/uploads\/2026\/03\/5637552352.jpg\" \/>\n\t<meta property=\"og:image:width\" content=\"592\" \/>\n\t<meta property=\"og:image:height\" content=\"900\" \/>\n\t<meta property=\"og:image:type\" content=\"image\/jpeg\" \/>\n<meta name=\"twitter:card\" content=\"summary_large_image\" \/>\n<script type=\"application\/ld+json\" class=\"yoast-schema-graph\">{\"@context\":\"https:\\\/\\\/schema.org\",\"@graph\":[{\"@type\":\"WebPage\",\"@id\":\"https:\\\/\\\/ranoja.ee\\\/toode\\\/kombineeritud-tuhjenduspump-dwp750-scheppach\\\/\",\"url\":\"https:\\\/\\\/ranoja.ee\\\/toode\\\/kombineeritud-tuhjenduspump-dwp750-scheppach\\\/\",\"name\":\"Kombineeritud t\u00fchjenduspump DWP750, Scheppach - Ranoja\",\"isPartOf\":{\"@id\":\"https:\\\/\\\/ranoja.ee\\\/#website\"},\"primaryImageOfPage\":{\"@id\":\"https:\\\/\\\/ranoja.ee\\\/toode\\\/kombineeritud-tuhjenduspump-dwp750-scheppach\\\/#primaryimage\"},\"image\":{\"@id\":\"https:\\\/\\\/ranoja.ee\\\/toode\\\/kombineeritud-tuhjenduspump-dwp750-scheppach\\\/#primaryimage\"},\"thumbnailUrl\":\"https:\\\/\\\/ranoja.ee\\\/wp-content\\\/uploads\\\/2026\\\/03\\\/5637552352.jpg\",\"datePublished\":\"2026-03-16T22:50:25+00:00\",\"dateModified\":\"2026-03-17T12:44:48+00:00\",\"breadcrumb\":{\"@id\":\"https:\\\/\\\/ranoja.ee\\\/toode\\\/kombineeritud-tuhjenduspump-dwp750-scheppach\\\/#breadcrumb\"},\"inLanguage\":\"en-US\",\"potentialAction\":[{\"@type\":\"ReadAction\",\"target\":[\"https:\\\/\\\/ranoja.ee\\\/toode\\\/kombineeritud-tuhjenduspump-dwp750-scheppach\\\/\"]}]},{\"@type\":\"ImageObject\",\"inLanguage\":\"en-US\",\"@id\":\"https:\\\/\\\/ranoja.ee\\\/toode\\\/kombineeritud-tuhjenduspump-dwp750-scheppach\\\/#primaryimage\",\"url\":\"https:\\\/\\\/ranoja.ee\\\/wp-content\\\/uploads\\\/2026\\\/03\\\/5637552352.jpg\",\"contentUrl\":\"https:\\\/\\\/ranoja.ee\\\/wp-content\\\/uploads\\\/2026\\\/03\\\/5637552352.jpg\",\"width\":592,\"height\":900},{\"@type\":\"BreadcrumbList\",\"@id\":\"https:\\\/\\\/ranoja.ee\\\/toode\\\/kombineeritud-tuhjenduspump-dwp750-scheppach\\\/#breadcrumb\",\"itemListElement\":[{\"@type\":\"ListItem\",\"position\":1,\"name\":\"Home\",\"item\":\"https:\\\/\\\/ranoja.ee\\\/\"},{\"@type\":\"ListItem\",\"position\":2,\"name\":\"Shop\",\"item\":\"https:\\\/\\\/ranoja.ee\\\/en\\\/shop\\\/\"},{\"@type\":\"ListItem\",\"position\":3,\"name\":\"Kombineeritud t\u00fchjenduspump DWP750, Scheppach\"}]},{\"@type\":\"WebSite\",\"@id\":\"https:\\\/\\\/ranoja.ee\\\/#website\",\"url\":\"https:\\\/\\\/ranoja.ee\\\/\",\"name\":\"Ranoja\",\"description\":\"Equipment Shop WooCommerce WordPress Theme for Machine &amp; Tools\",\"publisher\":{\"@id\":\"https:\\\/\\\/ranoja.ee\\\/#organization\"},\"potentialAction\":[{\"@type\":\"SearchAction\",\"target\":{\"@type\":\"EntryPoint\",\"urlTemplate\":\"https:\\\/\\\/ranoja.ee\\\/?s={search_term_string}\"},\"query-input\":{\"@type\":\"PropertyValueSpecification\",\"valueRequired\":true,\"valueName\":\"search_term_string\"}}],\"inLanguage\":\"en-US\"},{\"@type\":\"Organization\",\"@id\":\"https:\\\/\\\/ranoja.ee\\\/#organization\",\"name\":\"Ranoja O\u00dc\",\"url\":\"https:\\\/\\\/ranoja.ee\\\/\",\"logo\":{\"@type\":\"ImageObject\",\"inLanguage\":\"en-US\",\"@id\":\"https:\\\/\\\/ranoja.ee\\\/#\\\/schema\\\/logo\\\/image\\\/\",\"url\":\"https:\\\/\\\/ranoja.ee\\\/wp-content\\\/uploads\\\/2023\\\/11\\\/ranoja-Logo.png\",\"contentUrl\":\"https:\\\/\\\/ranoja.ee\\\/wp-content\\\/uploads\\\/2023\\\/11\\\/ranoja-Logo.png\",\"width\":207,\"height\":58,\"caption\":\"Ranoja O\u00dc\"},\"image\":{\"@id\":\"https:\\\/\\\/ranoja.ee\\\/#\\\/schema\\\/logo\\\/image\\\/\"},\"sameAs\":[\"https:\\\/\\\/www.facebook.com\\\/ranoja.ee\",\"https:\\\/\\\/www.instagram.com\\\/ranoja__\\\/\"]}]}<\/script>\n<!-- \/ Yoast SEO plugin. -->","yoast_head_json":{"title":"Kombineeritud t\u00fchjenduspump DWP750, Scheppach - Ranoja","robots":{"index":"index","follow":"follow","max-snippet":"max-snippet:-1","max-image-preview":"max-image-preview:large","max-video-preview":"max-video-preview:-1"},"canonical":"https:\/\/ranoja.ee\/toode\/kombineeritud-tuhjenduspump-dwp750-scheppach\/","og_locale":"en_US","og_type":"article","og_title":"Kombineeritud t\u00fchjenduspump DWP750, Scheppach - Ranoja","og_description":"Maksimaalne mootori v\u00f5imsus: 750 W Maksimaalne tootlikkus: 20000 l\/h Maksimaalne t\u00f5stek\u00f5rgus: 8 m Maksimaalne uputuss\u00fcgavus: 7 m Max. vee temparatuur: 35\u00b0C Max. osakese suurus: 30 mm Vooliku\u00fchendus: 1 1\/2\" \/ 1\" Mootor 750 W, 230V Toitekaabel: 10 m \u2022 Universaalselt kasutatav nii kraavide, tiikide ja \u00fcleujutatud keldrite t\u00fchjendamisel ning puhta, musta ja liivaseguse vee teisaldamisel; \u2022 Eraldi t\u00f6\u00f6riistavabalt seadistatav imemaks nii puhast kui musta vett \u2022 Tugev, l\u00f6\u00f6gikindel pumbakorpus suure j\u00f5udlusega 750 W mootoriga \u2022 Maksimaalne t\u00f5stek\u00f5rgus 8 m, maksimaalne sukeldumiss\u00fcgavus 7 m \u2022 Ujukl\u00fcliti automaatseks kuivalt t\u00f6\u00f6tamise kaitsmiseks \u2022 Tugevad G1 \u00bd\" ja G1\" sisend- ja v\u00e4ljundliited \u2013 v\u00f5imaldavad h\u00f5lpsat \u00fchendamist aiavoolikutega \u00fchendamist \u2022 0,8 t\u00f6\u00f6surve \u2022 Lihtne \u00fchendada t\u00e4nu praktilisele kiir\u00fchendusele \u2022 Koormuskaitse hoiab \u00e4ra \u00fclekuumenemise \u2022 Praktiline k\u00e4epide mugavaks transportimiseks \u2022 Maksimaalne tahkete osakeste suurus 30 mm \u2022 Maksimaalne veetemperatuur 35\u00b0 C","og_url":"https:\/\/ranoja.ee\/toode\/kombineeritud-tuhjenduspump-dwp750-scheppach\/","og_site_name":"Ranoja","article_publisher":"https:\/\/www.facebook.com\/ranoja.ee","article_modified_time":"2026-03-17T12:44:48+00:00","og_image":[{"width":592,"height":900,"url":"https:\/\/ranoja.ee\/wp-content\/uploads\/2026\/03\/5637552352.jpg","type":"image\/jpeg"}],"twitter_card":"summary_large_image","schema":{"@context":"https:\/\/schema.org","@graph":[{"@type":"WebPage","@id":"https:\/\/ranoja.ee\/toode\/kombineeritud-tuhjenduspump-dwp750-scheppach\/","url":"https:\/\/ranoja.ee\/toode\/kombineeritud-tuhjenduspump-dwp750-scheppach\/","name":"Kombineeritud t\u00fchjenduspump DWP750, Scheppach - Ranoja","isPartOf":{"@id":"https:\/\/ranoja.ee\/#website"},"primaryImageOfPage":{"@id":"https:\/\/ranoja.ee\/toode\/kombineeritud-tuhjenduspump-dwp750-scheppach\/#primaryimage"},"image":{"@id":"https:\/\/ranoja.ee\/toode\/kombineeritud-tuhjenduspump-dwp750-scheppach\/#primaryimage"},"thumbnailUrl":"https:\/\/ranoja.ee\/wp-content\/uploads\/2026\/03\/5637552352.jpg","datePublished":"2026-03-16T22:50:25+00:00","dateModified":"2026-03-17T12:44:48+00:00","breadcrumb":{"@id":"https:\/\/ranoja.ee\/toode\/kombineeritud-tuhjenduspump-dwp750-scheppach\/#breadcrumb"},"inLanguage":"en-US","potentialAction":[{"@type":"ReadAction","target":["https:\/\/ranoja.ee\/toode\/kombineeritud-tuhjenduspump-dwp750-scheppach\/"]}]},{"@type":"ImageObject","inLanguage":"en-US","@id":"https:\/\/ranoja.ee\/toode\/kombineeritud-tuhjenduspump-dwp750-scheppach\/#primaryimage","url":"https:\/\/ranoja.ee\/wp-content\/uploads\/2026\/03\/5637552352.jpg","contentUrl":"https:\/\/ranoja.ee\/wp-content\/uploads\/2026\/03\/5637552352.jpg","width":592,"height":900},{"@type":"BreadcrumbList","@id":"https:\/\/ranoja.ee\/toode\/kombineeritud-tuhjenduspump-dwp750-scheppach\/#breadcrumb","itemListElement":[{"@type":"ListItem","position":1,"name":"Home","item":"https:\/\/ranoja.ee\/"},{"@type":"ListItem","position":2,"name":"Shop","item":"https:\/\/ranoja.ee\/en\/shop\/"},{"@type":"ListItem","position":3,"name":"Kombineeritud t\u00fchjenduspump DWP750, Scheppach"}]},{"@type":"WebSite","@id":"https:\/\/ranoja.ee\/#website","url":"https:\/\/ranoja.ee\/","name":"Ranoja","description":"Equipment Shop WooCommerce WordPress Theme for Machine &amp; Tools","publisher":{"@id":"https:\/\/ranoja.ee\/#organization"},"potentialAction":[{"@type":"SearchAction","target":{"@type":"EntryPoint","urlTemplate":"https:\/\/ranoja.ee\/?s={search_term_string}"},"query-input":{"@type":"PropertyValueSpecification","valueRequired":true,"valueName":"search_term_string"}}],"inLanguage":"en-US"},{"@type":"Organization","@id":"https:\/\/ranoja.ee\/#organization","name":"Ranoja O\u00dc","url":"https:\/\/ranoja.ee\/","logo":{"@type":"ImageObject","inLanguage":"en-US","@id":"https:\/\/ranoja.ee\/#\/schema\/logo\/image\/","url":"https:\/\/ranoja.ee\/wp-content\/uploads\/2023\/11\/ranoja-Logo.png","contentUrl":"https:\/\/ranoja.ee\/wp-content\/uploads\/2023\/11\/ranoja-Logo.png","width":207,"height":58,"caption":"Ranoja O\u00dc"},"image":{"@id":"https:\/\/ranoja.ee\/#\/schema\/logo\/image\/"},"sameAs":["https:\/\/www.facebook.com\/ranoja.ee","https:\/\/www.instagram.com\/ranoja__\/"]}]}},"_links":{"self":[{"href":"https:\/\/ranoja.ee\/en\/wp-json\/wp\/v2\/product\/57574","targetHints":{"allow":["GET"]}}],"collection":[{"href":"https:\/\/ranoja.ee\/en\/wp-json\/wp\/v2\/product"}],"about":[{"href":"https:\/\/ranoja.ee\/en\/wp-json\/wp\/v2\/types\/product"}],"wp:featuredmedia":[{"embeddable":true,"href":"https:\/\/ranoja.ee\/en\/wp-json\/wp\/v2\/media\/57575"}],"wp:attachment":[{"href":"https:\/\/ranoja.ee\/en\/wp-json\/wp\/v2\/media?parent=57574"}],"wp:term":[{"taxonomy":"product_cat","embeddable":true,"href":"https:\/\/ranoja.ee\/en\/wp-json\/wp\/v2\/product_cat?post=57574"},{"taxonomy":"product_tag","embeddable":true,"href":"https:\/\/ranoja.ee\/en\/wp-json\/wp\/v2\/product_tag?post=57574"}],"curies":[{"name":"wp","href":"https:\/\/api.w.org\/{rel}","templated":true}]}}