{"id":57554,"date":"2026-03-17T01:49:57","date_gmt":"2026-03-16T22:49:57","guid":{"rendered":"https:\/\/ranoja.ee\/toode\/jarkamissaag-hm254-lisasaeketas-scheppach\/"},"modified":"2026-03-17T15:44:48","modified_gmt":"2026-03-17T12:44:48","slug":"jarkamissaag-hm254-lisasaeketas-scheppach","status":"publish","type":"product","link":"https:\/\/ranoja.ee\/en\/toode\/jarkamissaag-hm254-lisasaeketas-scheppach\/","title":{"rendered":"J\u00e4rkamissaag HM254 + lisasaeketas, Scheppach"},"content":{"rendered":"","protected":false},"excerpt":{"rendered":"<p>Saeketas: 254 mm<br \/>\nLiugfunktsiooniga laiade detailide l\u00f5ikamiseks<br \/>\nHM254 siinidega j\u00e4rkamissaag on ideaalne igap\u00e4evaseks harrastust\u00f6\u00f6ks, k\u00f5va ja pehme puidu ning plastide l\u00f5ikamiseks.<br \/>\nT\u00e4nu kergele alumiiniumraamile on teda kerge transportida<br \/>\nV\u00f5imas 2000 W mootor<br \/>\nT\u00e4nu kompaktsele konstruktsioonile sobib ka v\u00e4iksemasse t\u00f6\u00f6kotta<br \/>\nValualumiiniumist p\u00f6\u00f6rdlaud on v\u00e4ga vastupidav<br \/>\n60 k\u00f5vasulamhambaga saeketas p\u00fcsib kaua terav ja teeb puhtad l\u00f5iked<br \/>\nLaser tagab t\u00e4psed l\u00f5iked<br \/>\nSuur 340 mm l\u00f5ikepikkus<br \/>\nSuletud kettakaitse tagab turvalisuse<br \/>\nKomplekti kuulub Z48 ja Z60 saeketas<\/p>\n<p>M\u00f5\u00f5tmed P\/L\/K: 770 x 595 x 590 mm<br \/>\nSaeketta kiirus: 4500 p\/min<br \/>\nKaldpinna t\u00fc\u00fcp 1 x 45\u00b0<br \/>\nP\u00f6\u00f6rdlaua keeramine vasakule\/paremale: 45\u00b0vasak<br \/>\nRistl\u00f5ige 90\u00b0nurga all: 340x90mm<br \/>\nNurkl\u00f5ige 45\u00b0nurga all: 240&#215;90 mm<br \/>\nKaldl\u00f5ige 45\u00b0nurga all: 340&#215;45 mm<br \/>\nLiitl\u00f5ige 45\u00b0nurga all: 240&#215;45 mm<br \/>\nLigikaudne kaal: 15 kg<br \/>\nMootor: 220\/240 V<br \/>\nSisendv\u00f5imsus: 2 kW<\/p>\n","protected":false},"featured_media":57555,"template":"","meta":{"inline_featured_image":false},"product_cat":[5092,5091,5090],"product_tag":[],"class_list":{"0":"post-57554","1":"product","2":"type-product","3":"status-publish","4":"has-post-thumbnail","6":"product_brand-scheppach","7":"product_cat-jarkamissaed","8":"product_cat-saepingid","9":"product_cat-teisaldatavad-toopingid","11":"first","12":"instock","13":"purchasable","14":"product-type-simple"},"yoast_head":"<!-- This site is optimized with the Yoast SEO plugin v27.4 - https:\/\/yoast.com\/product\/yoast-seo-wordpress\/ -->\n<title>J\u00e4rkamissaag HM254 + lisasaeketas, Scheppach - Ranoja<\/title>\n<meta name=\"robots\" content=\"index, follow, max-snippet:-1, max-image-preview:large, max-video-preview:-1\" \/>\n<link rel=\"canonical\" href=\"https:\/\/ranoja.ee\/toode\/jarkamissaag-hm254-lisasaeketas-scheppach\/\" \/>\n<meta property=\"og:locale\" content=\"en_US\" \/>\n<meta property=\"og:type\" content=\"article\" \/>\n<meta property=\"og:title\" content=\"J\u00e4rkamissaag HM254 + lisasaeketas, Scheppach - Ranoja\" \/>\n<meta property=\"og:description\" content=\"Saeketas: 254 mm Liugfunktsiooniga laiade detailide l\u00f5ikamiseks HM254 siinidega j\u00e4rkamissaag on ideaalne igap\u00e4evaseks harrastust\u00f6\u00f6ks, k\u00f5va ja pehme puidu ning plastide l\u00f5ikamiseks. T\u00e4nu kergele alumiiniumraamile on teda kerge transportida V\u00f5imas 2000 W mootor T\u00e4nu kompaktsele konstruktsioonile sobib ka v\u00e4iksemasse t\u00f6\u00f6kotta Valualumiiniumist p\u00f6\u00f6rdlaud on v\u00e4ga vastupidav 60 k\u00f5vasulamhambaga saeketas p\u00fcsib kaua terav ja teeb puhtad l\u00f5iked Laser tagab t\u00e4psed l\u00f5iked Suur 340 mm l\u00f5ikepikkus Suletud kettakaitse tagab turvalisuse Komplekti kuulub Z48 ja Z60 saeketas M\u00f5\u00f5tmed P\/L\/K: 770 x 595 x 590 mm Saeketta kiirus: 4500 p\/min Kaldpinna t\u00fc\u00fcp 1 x 45\u00b0 P\u00f6\u00f6rdlaua keeramine vasakule\/paremale: 45\u00b0vasak Ristl\u00f5ige 90\u00b0nurga all: 340x90mm Nurkl\u00f5ige 45\u00b0nurga all: 240x90 mm Kaldl\u00f5ige 45\u00b0nurga all: 340x45 mm Liitl\u00f5ige 45\u00b0nurga all: 240x45 mm Ligikaudne kaal: 15 kg Mootor: 220\/240 V Sisendv\u00f5imsus: 2 kW\" \/>\n<meta property=\"og:url\" content=\"https:\/\/ranoja.ee\/toode\/jarkamissaag-hm254-lisasaeketas-scheppach\/\" \/>\n<meta property=\"og:site_name\" content=\"Ranoja\" \/>\n<meta property=\"article:publisher\" content=\"https:\/\/www.facebook.com\/ranoja.ee\" \/>\n<meta property=\"article:modified_time\" content=\"2026-03-17T12:44:48+00:00\" \/>\n<meta property=\"og:image\" content=\"https:\/\/ranoja.ee\/wp-content\/uploads\/2026\/03\/232429071.jpg\" \/>\n\t<meta property=\"og:image:width\" content=\"827\" \/>\n\t<meta property=\"og:image:height\" content=\"768\" \/>\n\t<meta property=\"og:image:type\" content=\"image\/jpeg\" \/>\n<meta name=\"twitter:card\" content=\"summary_large_image\" \/>\n<script type=\"application\/ld+json\" class=\"yoast-schema-graph\">{\"@context\":\"https:\\\/\\\/schema.org\",\"@graph\":[{\"@type\":\"WebPage\",\"@id\":\"https:\\\/\\\/ranoja.ee\\\/toode\\\/jarkamissaag-hm254-lisasaeketas-scheppach\\\/\",\"url\":\"https:\\\/\\\/ranoja.ee\\\/toode\\\/jarkamissaag-hm254-lisasaeketas-scheppach\\\/\",\"name\":\"J\u00e4rkamissaag HM254 + lisasaeketas, Scheppach - Ranoja\",\"isPartOf\":{\"@id\":\"https:\\\/\\\/ranoja.ee\\\/#website\"},\"primaryImageOfPage\":{\"@id\":\"https:\\\/\\\/ranoja.ee\\\/toode\\\/jarkamissaag-hm254-lisasaeketas-scheppach\\\/#primaryimage\"},\"image\":{\"@id\":\"https:\\\/\\\/ranoja.ee\\\/toode\\\/jarkamissaag-hm254-lisasaeketas-scheppach\\\/#primaryimage\"},\"thumbnailUrl\":\"https:\\\/\\\/ranoja.ee\\\/wp-content\\\/uploads\\\/2026\\\/03\\\/232429071.jpg\",\"datePublished\":\"2026-03-16T22:49:57+00:00\",\"dateModified\":\"2026-03-17T12:44:48+00:00\",\"breadcrumb\":{\"@id\":\"https:\\\/\\\/ranoja.ee\\\/toode\\\/jarkamissaag-hm254-lisasaeketas-scheppach\\\/#breadcrumb\"},\"inLanguage\":\"en-US\",\"potentialAction\":[{\"@type\":\"ReadAction\",\"target\":[\"https:\\\/\\\/ranoja.ee\\\/toode\\\/jarkamissaag-hm254-lisasaeketas-scheppach\\\/\"]}]},{\"@type\":\"ImageObject\",\"inLanguage\":\"en-US\",\"@id\":\"https:\\\/\\\/ranoja.ee\\\/toode\\\/jarkamissaag-hm254-lisasaeketas-scheppach\\\/#primaryimage\",\"url\":\"https:\\\/\\\/ranoja.ee\\\/wp-content\\\/uploads\\\/2026\\\/03\\\/232429071.jpg\",\"contentUrl\":\"https:\\\/\\\/ranoja.ee\\\/wp-content\\\/uploads\\\/2026\\\/03\\\/232429071.jpg\",\"width\":827,\"height\":768},{\"@type\":\"BreadcrumbList\",\"@id\":\"https:\\\/\\\/ranoja.ee\\\/toode\\\/jarkamissaag-hm254-lisasaeketas-scheppach\\\/#breadcrumb\",\"itemListElement\":[{\"@type\":\"ListItem\",\"position\":1,\"name\":\"Home\",\"item\":\"https:\\\/\\\/ranoja.ee\\\/\"},{\"@type\":\"ListItem\",\"position\":2,\"name\":\"Shop\",\"item\":\"https:\\\/\\\/ranoja.ee\\\/en\\\/shop\\\/\"},{\"@type\":\"ListItem\",\"position\":3,\"name\":\"J\u00e4rkamissaag HM254 + lisasaeketas, Scheppach\"}]},{\"@type\":\"WebSite\",\"@id\":\"https:\\\/\\\/ranoja.ee\\\/#website\",\"url\":\"https:\\\/\\\/ranoja.ee\\\/\",\"name\":\"Ranoja\",\"description\":\"Equipment Shop WooCommerce WordPress Theme for Machine &amp; Tools\",\"publisher\":{\"@id\":\"https:\\\/\\\/ranoja.ee\\\/#organization\"},\"potentialAction\":[{\"@type\":\"SearchAction\",\"target\":{\"@type\":\"EntryPoint\",\"urlTemplate\":\"https:\\\/\\\/ranoja.ee\\\/?s={search_term_string}\"},\"query-input\":{\"@type\":\"PropertyValueSpecification\",\"valueRequired\":true,\"valueName\":\"search_term_string\"}}],\"inLanguage\":\"en-US\"},{\"@type\":\"Organization\",\"@id\":\"https:\\\/\\\/ranoja.ee\\\/#organization\",\"name\":\"Ranoja O\u00dc\",\"url\":\"https:\\\/\\\/ranoja.ee\\\/\",\"logo\":{\"@type\":\"ImageObject\",\"inLanguage\":\"en-US\",\"@id\":\"https:\\\/\\\/ranoja.ee\\\/#\\\/schema\\\/logo\\\/image\\\/\",\"url\":\"https:\\\/\\\/ranoja.ee\\\/wp-content\\\/uploads\\\/2023\\\/11\\\/ranoja-Logo.png\",\"contentUrl\":\"https:\\\/\\\/ranoja.ee\\\/wp-content\\\/uploads\\\/2023\\\/11\\\/ranoja-Logo.png\",\"width\":207,\"height\":58,\"caption\":\"Ranoja O\u00dc\"},\"image\":{\"@id\":\"https:\\\/\\\/ranoja.ee\\\/#\\\/schema\\\/logo\\\/image\\\/\"},\"sameAs\":[\"https:\\\/\\\/www.facebook.com\\\/ranoja.ee\",\"https:\\\/\\\/www.instagram.com\\\/ranoja__\\\/\"]}]}<\/script>\n<!-- \/ Yoast SEO plugin. -->","yoast_head_json":{"title":"J\u00e4rkamissaag HM254 + lisasaeketas, Scheppach - Ranoja","robots":{"index":"index","follow":"follow","max-snippet":"max-snippet:-1","max-image-preview":"max-image-preview:large","max-video-preview":"max-video-preview:-1"},"canonical":"https:\/\/ranoja.ee\/toode\/jarkamissaag-hm254-lisasaeketas-scheppach\/","og_locale":"en_US","og_type":"article","og_title":"J\u00e4rkamissaag HM254 + lisasaeketas, Scheppach - Ranoja","og_description":"Saeketas: 254 mm Liugfunktsiooniga laiade detailide l\u00f5ikamiseks HM254 siinidega j\u00e4rkamissaag on ideaalne igap\u00e4evaseks harrastust\u00f6\u00f6ks, k\u00f5va ja pehme puidu ning plastide l\u00f5ikamiseks. T\u00e4nu kergele alumiiniumraamile on teda kerge transportida V\u00f5imas 2000 W mootor T\u00e4nu kompaktsele konstruktsioonile sobib ka v\u00e4iksemasse t\u00f6\u00f6kotta Valualumiiniumist p\u00f6\u00f6rdlaud on v\u00e4ga vastupidav 60 k\u00f5vasulamhambaga saeketas p\u00fcsib kaua terav ja teeb puhtad l\u00f5iked Laser tagab t\u00e4psed l\u00f5iked Suur 340 mm l\u00f5ikepikkus Suletud kettakaitse tagab turvalisuse Komplekti kuulub Z48 ja Z60 saeketas M\u00f5\u00f5tmed P\/L\/K: 770 x 595 x 590 mm Saeketta kiirus: 4500 p\/min Kaldpinna t\u00fc\u00fcp 1 x 45\u00b0 P\u00f6\u00f6rdlaua keeramine vasakule\/paremale: 45\u00b0vasak Ristl\u00f5ige 90\u00b0nurga all: 340x90mm Nurkl\u00f5ige 45\u00b0nurga all: 240x90 mm Kaldl\u00f5ige 45\u00b0nurga all: 340x45 mm Liitl\u00f5ige 45\u00b0nurga all: 240x45 mm Ligikaudne kaal: 15 kg Mootor: 220\/240 V Sisendv\u00f5imsus: 2 kW","og_url":"https:\/\/ranoja.ee\/toode\/jarkamissaag-hm254-lisasaeketas-scheppach\/","og_site_name":"Ranoja","article_publisher":"https:\/\/www.facebook.com\/ranoja.ee","article_modified_time":"2026-03-17T12:44:48+00:00","og_image":[{"width":827,"height":768,"url":"https:\/\/ranoja.ee\/wp-content\/uploads\/2026\/03\/232429071.jpg","type":"image\/jpeg"}],"twitter_card":"summary_large_image","schema":{"@context":"https:\/\/schema.org","@graph":[{"@type":"WebPage","@id":"https:\/\/ranoja.ee\/toode\/jarkamissaag-hm254-lisasaeketas-scheppach\/","url":"https:\/\/ranoja.ee\/toode\/jarkamissaag-hm254-lisasaeketas-scheppach\/","name":"J\u00e4rkamissaag HM254 + lisasaeketas, Scheppach - Ranoja","isPartOf":{"@id":"https:\/\/ranoja.ee\/#website"},"primaryImageOfPage":{"@id":"https:\/\/ranoja.ee\/toode\/jarkamissaag-hm254-lisasaeketas-scheppach\/#primaryimage"},"image":{"@id":"https:\/\/ranoja.ee\/toode\/jarkamissaag-hm254-lisasaeketas-scheppach\/#primaryimage"},"thumbnailUrl":"https:\/\/ranoja.ee\/wp-content\/uploads\/2026\/03\/232429071.jpg","datePublished":"2026-03-16T22:49:57+00:00","dateModified":"2026-03-17T12:44:48+00:00","breadcrumb":{"@id":"https:\/\/ranoja.ee\/toode\/jarkamissaag-hm254-lisasaeketas-scheppach\/#breadcrumb"},"inLanguage":"en-US","potentialAction":[{"@type":"ReadAction","target":["https:\/\/ranoja.ee\/toode\/jarkamissaag-hm254-lisasaeketas-scheppach\/"]}]},{"@type":"ImageObject","inLanguage":"en-US","@id":"https:\/\/ranoja.ee\/toode\/jarkamissaag-hm254-lisasaeketas-scheppach\/#primaryimage","url":"https:\/\/ranoja.ee\/wp-content\/uploads\/2026\/03\/232429071.jpg","contentUrl":"https:\/\/ranoja.ee\/wp-content\/uploads\/2026\/03\/232429071.jpg","width":827,"height":768},{"@type":"BreadcrumbList","@id":"https:\/\/ranoja.ee\/toode\/jarkamissaag-hm254-lisasaeketas-scheppach\/#breadcrumb","itemListElement":[{"@type":"ListItem","position":1,"name":"Home","item":"https:\/\/ranoja.ee\/"},{"@type":"ListItem","position":2,"name":"Shop","item":"https:\/\/ranoja.ee\/en\/shop\/"},{"@type":"ListItem","position":3,"name":"J\u00e4rkamissaag HM254 + lisasaeketas, Scheppach"}]},{"@type":"WebSite","@id":"https:\/\/ranoja.ee\/#website","url":"https:\/\/ranoja.ee\/","name":"Ranoja","description":"Equipment Shop WooCommerce WordPress Theme for Machine &amp; Tools","publisher":{"@id":"https:\/\/ranoja.ee\/#organization"},"potentialAction":[{"@type":"SearchAction","target":{"@type":"EntryPoint","urlTemplate":"https:\/\/ranoja.ee\/?s={search_term_string}"},"query-input":{"@type":"PropertyValueSpecification","valueRequired":true,"valueName":"search_term_string"}}],"inLanguage":"en-US"},{"@type":"Organization","@id":"https:\/\/ranoja.ee\/#organization","name":"Ranoja O\u00dc","url":"https:\/\/ranoja.ee\/","logo":{"@type":"ImageObject","inLanguage":"en-US","@id":"https:\/\/ranoja.ee\/#\/schema\/logo\/image\/","url":"https:\/\/ranoja.ee\/wp-content\/uploads\/2023\/11\/ranoja-Logo.png","contentUrl":"https:\/\/ranoja.ee\/wp-content\/uploads\/2023\/11\/ranoja-Logo.png","width":207,"height":58,"caption":"Ranoja O\u00dc"},"image":{"@id":"https:\/\/ranoja.ee\/#\/schema\/logo\/image\/"},"sameAs":["https:\/\/www.facebook.com\/ranoja.ee","https:\/\/www.instagram.com\/ranoja__\/"]}]}},"_links":{"self":[{"href":"https:\/\/ranoja.ee\/en\/wp-json\/wp\/v2\/product\/57554","targetHints":{"allow":["GET"]}}],"collection":[{"href":"https:\/\/ranoja.ee\/en\/wp-json\/wp\/v2\/product"}],"about":[{"href":"https:\/\/ranoja.ee\/en\/wp-json\/wp\/v2\/types\/product"}],"wp:featuredmedia":[{"embeddable":true,"href":"https:\/\/ranoja.ee\/en\/wp-json\/wp\/v2\/media\/57555"}],"wp:attachment":[{"href":"https:\/\/ranoja.ee\/en\/wp-json\/wp\/v2\/media?parent=57554"}],"wp:term":[{"taxonomy":"product_cat","embeddable":true,"href":"https:\/\/ranoja.ee\/en\/wp-json\/wp\/v2\/product_cat?post=57554"},{"taxonomy":"product_tag","embeddable":true,"href":"https:\/\/ranoja.ee\/en\/wp-json\/wp\/v2\/product_tag?post=57554"}],"curies":[{"name":"wp","href":"https:\/\/api.w.org\/{rel}","templated":true}]}}