{"id":57552,"date":"2026-03-17T01:49:57","date_gmt":"2026-03-16T22:49:57","guid":{"rendered":"https:\/\/ranoja.ee\/toode\/jarkamissaag-hm216-lisasaeketas-scheppach\/"},"modified":"2026-03-17T15:44:48","modified_gmt":"2026-03-17T12:44:48","slug":"jarkamissaag-hm216-lisasaeketas-scheppach","status":"publish","type":"product","link":"https:\/\/ranoja.ee\/en\/toode\/jarkamissaag-hm216-lisasaeketas-scheppach\/","title":{"rendered":"J\u00e4rkamissaag HM216 + lisasaeketas, Scheppach"},"content":{"rendered":"","protected":false},"excerpt":{"rendered":"<p>Saeketas: 216 mm<br \/>\nM\u00f5\u00f5tmed P\/L\/K: 690 x 550 x 440 mm<br \/>\nSaeketta kiirus: 5000 p\/min<br \/>\nKaldpinna t\u00fc\u00fcp 1 x 45\u00b0<br \/>\nP\u00f6\u00f6rdlaua keeramine vasakule\/paremale: 45\u00b0vasak \u2013 45\u00b0parem<br \/>\nRistl\u00f5ige 90\u00b0nurga all: 340x65mm<br \/>\nNurkl\u00f5ige 45\u00b0nurga all: 240&#215;65 mm<br \/>\nKaldl\u00f5ige 45\u00b0nurga all: 340&#215;38 mm<br \/>\nLiitl\u00f5ige 45\u00b0nurga all: 240&#215;38 mm<br \/>\nLigikaudne kaal: 12 kg<br \/>\nMootor: 220\/240 V<br \/>\nSisendv\u00f5imsus: 2000 W<\/p>\n<p>\u201cSCHEPPACH HM216\u201d siinidega miiusaag on ideaalne igap\u00e4evaseks harrastust\u00f6\u00f6ks, k\u00f5va ja pehme puidu ja plastide l\u00f5ikamiseks.<br \/>\n\u2022 T\u00e4nu kergele alumiiniumraamile on teda kerge transportida<br \/>\n\u2022 V\u00f5imas 2000 W mootor<br \/>\n\u2022 T\u00e4nu kompaktsele konstruktsioonile sobib ka v\u00e4iksemasse t\u00f6\u00f6kotta<br \/>\n\u2022 Valualumiiniumist p\u00f6\u00f6rdlaud on v\u00e4ga vastupidav<br \/>\n\u2022 24 k\u00f5vasulamhambaga saeketas p\u00fcsib kaua terav ja teeb puhtad l\u00f5iked<br \/>\n\u2022 Laser tagab t\u00e4psed l\u00f5iked<br \/>\n\u2022 Suur 340 mm l\u00f5ikepikkus<br \/>\n\u2022 Suletud kettakaitse tagab turvalisuse<br \/>\n\u2022 Komplekti kuulub Z24 ja Z48 saeketas<\/p>\n","protected":false},"featured_media":57553,"template":"","meta":{"inline_featured_image":false},"product_cat":[5092,5091,5090],"product_tag":[],"class_list":{"0":"post-57552","1":"product","2":"type-product","3":"status-publish","4":"has-post-thumbnail","6":"product_brand-scheppach","7":"product_cat-jarkamissaed","8":"product_cat-saepingid","9":"product_cat-teisaldatavad-toopingid","11":"first","12":"instock","13":"purchasable","14":"product-type-simple"},"yoast_head":"<!-- This site is optimized with the Yoast SEO plugin v27.4 - https:\/\/yoast.com\/product\/yoast-seo-wordpress\/ -->\n<title>J\u00e4rkamissaag HM216 + lisasaeketas, Scheppach - Ranoja<\/title>\n<meta name=\"robots\" content=\"index, follow, max-snippet:-1, max-image-preview:large, max-video-preview:-1\" \/>\n<link rel=\"canonical\" href=\"https:\/\/ranoja.ee\/toode\/jarkamissaag-hm216-lisasaeketas-scheppach\/\" \/>\n<meta property=\"og:locale\" content=\"en_US\" \/>\n<meta property=\"og:type\" content=\"article\" \/>\n<meta property=\"og:title\" content=\"J\u00e4rkamissaag HM216 + lisasaeketas, Scheppach - Ranoja\" \/>\n<meta property=\"og:description\" content=\"Saeketas: 216 mm M\u00f5\u00f5tmed P\/L\/K: 690 x 550 x 440 mm Saeketta kiirus: 5000 p\/min Kaldpinna t\u00fc\u00fcp 1 x 45\u00b0 P\u00f6\u00f6rdlaua keeramine vasakule\/paremale: 45\u00b0vasak \u2013 45\u00b0parem Ristl\u00f5ige 90\u00b0nurga all: 340x65mm Nurkl\u00f5ige 45\u00b0nurga all: 240x65 mm Kaldl\u00f5ige 45\u00b0nurga all: 340x38 mm Liitl\u00f5ige 45\u00b0nurga all: 240x38 mm Ligikaudne kaal: 12 kg Mootor: 220\/240 V Sisendv\u00f5imsus: 2000 W \u201cSCHEPPACH HM216\u201d siinidega miiusaag on ideaalne igap\u00e4evaseks harrastust\u00f6\u00f6ks, k\u00f5va ja pehme puidu ja plastide l\u00f5ikamiseks. \u2022 T\u00e4nu kergele alumiiniumraamile on teda kerge transportida \u2022 V\u00f5imas 2000 W mootor \u2022 T\u00e4nu kompaktsele konstruktsioonile sobib ka v\u00e4iksemasse t\u00f6\u00f6kotta \u2022 Valualumiiniumist p\u00f6\u00f6rdlaud on v\u00e4ga vastupidav \u2022 24 k\u00f5vasulamhambaga saeketas p\u00fcsib kaua terav ja teeb puhtad l\u00f5iked \u2022 Laser tagab t\u00e4psed l\u00f5iked \u2022 Suur 340 mm l\u00f5ikepikkus \u2022 Suletud kettakaitse tagab turvalisuse \u2022 Komplekti kuulub Z24 ja Z48 saeketas\" \/>\n<meta property=\"og:url\" content=\"https:\/\/ranoja.ee\/toode\/jarkamissaag-hm216-lisasaeketas-scheppach\/\" \/>\n<meta property=\"og:site_name\" content=\"Ranoja\" \/>\n<meta property=\"article:publisher\" content=\"https:\/\/www.facebook.com\/ranoja.ee\" \/>\n<meta property=\"article:modified_time\" content=\"2026-03-17T12:44:48+00:00\" \/>\n<meta property=\"og:image\" content=\"https:\/\/ranoja.ee\/wp-content\/uploads\/2026\/03\/248138388.jpg\" \/>\n\t<meta property=\"og:image:width\" content=\"768\" \/>\n\t<meta property=\"og:image:height\" content=\"768\" \/>\n\t<meta property=\"og:image:type\" content=\"image\/jpeg\" \/>\n<meta name=\"twitter:card\" content=\"summary_large_image\" \/>\n<script type=\"application\/ld+json\" class=\"yoast-schema-graph\">{\"@context\":\"https:\\\/\\\/schema.org\",\"@graph\":[{\"@type\":\"WebPage\",\"@id\":\"https:\\\/\\\/ranoja.ee\\\/toode\\\/jarkamissaag-hm216-lisasaeketas-scheppach\\\/\",\"url\":\"https:\\\/\\\/ranoja.ee\\\/toode\\\/jarkamissaag-hm216-lisasaeketas-scheppach\\\/\",\"name\":\"J\u00e4rkamissaag HM216 + lisasaeketas, Scheppach - Ranoja\",\"isPartOf\":{\"@id\":\"https:\\\/\\\/ranoja.ee\\\/#website\"},\"primaryImageOfPage\":{\"@id\":\"https:\\\/\\\/ranoja.ee\\\/toode\\\/jarkamissaag-hm216-lisasaeketas-scheppach\\\/#primaryimage\"},\"image\":{\"@id\":\"https:\\\/\\\/ranoja.ee\\\/toode\\\/jarkamissaag-hm216-lisasaeketas-scheppach\\\/#primaryimage\"},\"thumbnailUrl\":\"https:\\\/\\\/ranoja.ee\\\/wp-content\\\/uploads\\\/2026\\\/03\\\/248138388.jpg\",\"datePublished\":\"2026-03-16T22:49:57+00:00\",\"dateModified\":\"2026-03-17T12:44:48+00:00\",\"breadcrumb\":{\"@id\":\"https:\\\/\\\/ranoja.ee\\\/toode\\\/jarkamissaag-hm216-lisasaeketas-scheppach\\\/#breadcrumb\"},\"inLanguage\":\"en-US\",\"potentialAction\":[{\"@type\":\"ReadAction\",\"target\":[\"https:\\\/\\\/ranoja.ee\\\/toode\\\/jarkamissaag-hm216-lisasaeketas-scheppach\\\/\"]}]},{\"@type\":\"ImageObject\",\"inLanguage\":\"en-US\",\"@id\":\"https:\\\/\\\/ranoja.ee\\\/toode\\\/jarkamissaag-hm216-lisasaeketas-scheppach\\\/#primaryimage\",\"url\":\"https:\\\/\\\/ranoja.ee\\\/wp-content\\\/uploads\\\/2026\\\/03\\\/248138388.jpg\",\"contentUrl\":\"https:\\\/\\\/ranoja.ee\\\/wp-content\\\/uploads\\\/2026\\\/03\\\/248138388.jpg\",\"width\":768,\"height\":768},{\"@type\":\"BreadcrumbList\",\"@id\":\"https:\\\/\\\/ranoja.ee\\\/toode\\\/jarkamissaag-hm216-lisasaeketas-scheppach\\\/#breadcrumb\",\"itemListElement\":[{\"@type\":\"ListItem\",\"position\":1,\"name\":\"Home\",\"item\":\"https:\\\/\\\/ranoja.ee\\\/\"},{\"@type\":\"ListItem\",\"position\":2,\"name\":\"Shop\",\"item\":\"https:\\\/\\\/ranoja.ee\\\/en\\\/shop\\\/\"},{\"@type\":\"ListItem\",\"position\":3,\"name\":\"J\u00e4rkamissaag HM216 + lisasaeketas, Scheppach\"}]},{\"@type\":\"WebSite\",\"@id\":\"https:\\\/\\\/ranoja.ee\\\/#website\",\"url\":\"https:\\\/\\\/ranoja.ee\\\/\",\"name\":\"Ranoja\",\"description\":\"Equipment Shop WooCommerce WordPress Theme for Machine &amp; Tools\",\"publisher\":{\"@id\":\"https:\\\/\\\/ranoja.ee\\\/#organization\"},\"potentialAction\":[{\"@type\":\"SearchAction\",\"target\":{\"@type\":\"EntryPoint\",\"urlTemplate\":\"https:\\\/\\\/ranoja.ee\\\/?s={search_term_string}\"},\"query-input\":{\"@type\":\"PropertyValueSpecification\",\"valueRequired\":true,\"valueName\":\"search_term_string\"}}],\"inLanguage\":\"en-US\"},{\"@type\":\"Organization\",\"@id\":\"https:\\\/\\\/ranoja.ee\\\/#organization\",\"name\":\"Ranoja O\u00dc\",\"url\":\"https:\\\/\\\/ranoja.ee\\\/\",\"logo\":{\"@type\":\"ImageObject\",\"inLanguage\":\"en-US\",\"@id\":\"https:\\\/\\\/ranoja.ee\\\/#\\\/schema\\\/logo\\\/image\\\/\",\"url\":\"https:\\\/\\\/ranoja.ee\\\/wp-content\\\/uploads\\\/2023\\\/11\\\/ranoja-Logo.png\",\"contentUrl\":\"https:\\\/\\\/ranoja.ee\\\/wp-content\\\/uploads\\\/2023\\\/11\\\/ranoja-Logo.png\",\"width\":207,\"height\":58,\"caption\":\"Ranoja O\u00dc\"},\"image\":{\"@id\":\"https:\\\/\\\/ranoja.ee\\\/#\\\/schema\\\/logo\\\/image\\\/\"},\"sameAs\":[\"https:\\\/\\\/www.facebook.com\\\/ranoja.ee\",\"https:\\\/\\\/www.instagram.com\\\/ranoja__\\\/\"]}]}<\/script>\n<!-- \/ Yoast SEO plugin. -->","yoast_head_json":{"title":"J\u00e4rkamissaag HM216 + lisasaeketas, Scheppach - Ranoja","robots":{"index":"index","follow":"follow","max-snippet":"max-snippet:-1","max-image-preview":"max-image-preview:large","max-video-preview":"max-video-preview:-1"},"canonical":"https:\/\/ranoja.ee\/toode\/jarkamissaag-hm216-lisasaeketas-scheppach\/","og_locale":"en_US","og_type":"article","og_title":"J\u00e4rkamissaag HM216 + lisasaeketas, Scheppach - Ranoja","og_description":"Saeketas: 216 mm M\u00f5\u00f5tmed P\/L\/K: 690 x 550 x 440 mm Saeketta kiirus: 5000 p\/min Kaldpinna t\u00fc\u00fcp 1 x 45\u00b0 P\u00f6\u00f6rdlaua keeramine vasakule\/paremale: 45\u00b0vasak \u2013 45\u00b0parem Ristl\u00f5ige 90\u00b0nurga all: 340x65mm Nurkl\u00f5ige 45\u00b0nurga all: 240x65 mm Kaldl\u00f5ige 45\u00b0nurga all: 340x38 mm Liitl\u00f5ige 45\u00b0nurga all: 240x38 mm Ligikaudne kaal: 12 kg Mootor: 220\/240 V Sisendv\u00f5imsus: 2000 W \u201cSCHEPPACH HM216\u201d siinidega miiusaag on ideaalne igap\u00e4evaseks harrastust\u00f6\u00f6ks, k\u00f5va ja pehme puidu ja plastide l\u00f5ikamiseks. \u2022 T\u00e4nu kergele alumiiniumraamile on teda kerge transportida \u2022 V\u00f5imas 2000 W mootor \u2022 T\u00e4nu kompaktsele konstruktsioonile sobib ka v\u00e4iksemasse t\u00f6\u00f6kotta \u2022 Valualumiiniumist p\u00f6\u00f6rdlaud on v\u00e4ga vastupidav \u2022 24 k\u00f5vasulamhambaga saeketas p\u00fcsib kaua terav ja teeb puhtad l\u00f5iked \u2022 Laser tagab t\u00e4psed l\u00f5iked \u2022 Suur 340 mm l\u00f5ikepikkus \u2022 Suletud kettakaitse tagab turvalisuse \u2022 Komplekti kuulub Z24 ja Z48 saeketas","og_url":"https:\/\/ranoja.ee\/toode\/jarkamissaag-hm216-lisasaeketas-scheppach\/","og_site_name":"Ranoja","article_publisher":"https:\/\/www.facebook.com\/ranoja.ee","article_modified_time":"2026-03-17T12:44:48+00:00","og_image":[{"width":768,"height":768,"url":"https:\/\/ranoja.ee\/wp-content\/uploads\/2026\/03\/248138388.jpg","type":"image\/jpeg"}],"twitter_card":"summary_large_image","schema":{"@context":"https:\/\/schema.org","@graph":[{"@type":"WebPage","@id":"https:\/\/ranoja.ee\/toode\/jarkamissaag-hm216-lisasaeketas-scheppach\/","url":"https:\/\/ranoja.ee\/toode\/jarkamissaag-hm216-lisasaeketas-scheppach\/","name":"J\u00e4rkamissaag HM216 + lisasaeketas, Scheppach - Ranoja","isPartOf":{"@id":"https:\/\/ranoja.ee\/#website"},"primaryImageOfPage":{"@id":"https:\/\/ranoja.ee\/toode\/jarkamissaag-hm216-lisasaeketas-scheppach\/#primaryimage"},"image":{"@id":"https:\/\/ranoja.ee\/toode\/jarkamissaag-hm216-lisasaeketas-scheppach\/#primaryimage"},"thumbnailUrl":"https:\/\/ranoja.ee\/wp-content\/uploads\/2026\/03\/248138388.jpg","datePublished":"2026-03-16T22:49:57+00:00","dateModified":"2026-03-17T12:44:48+00:00","breadcrumb":{"@id":"https:\/\/ranoja.ee\/toode\/jarkamissaag-hm216-lisasaeketas-scheppach\/#breadcrumb"},"inLanguage":"en-US","potentialAction":[{"@type":"ReadAction","target":["https:\/\/ranoja.ee\/toode\/jarkamissaag-hm216-lisasaeketas-scheppach\/"]}]},{"@type":"ImageObject","inLanguage":"en-US","@id":"https:\/\/ranoja.ee\/toode\/jarkamissaag-hm216-lisasaeketas-scheppach\/#primaryimage","url":"https:\/\/ranoja.ee\/wp-content\/uploads\/2026\/03\/248138388.jpg","contentUrl":"https:\/\/ranoja.ee\/wp-content\/uploads\/2026\/03\/248138388.jpg","width":768,"height":768},{"@type":"BreadcrumbList","@id":"https:\/\/ranoja.ee\/toode\/jarkamissaag-hm216-lisasaeketas-scheppach\/#breadcrumb","itemListElement":[{"@type":"ListItem","position":1,"name":"Home","item":"https:\/\/ranoja.ee\/"},{"@type":"ListItem","position":2,"name":"Shop","item":"https:\/\/ranoja.ee\/en\/shop\/"},{"@type":"ListItem","position":3,"name":"J\u00e4rkamissaag HM216 + lisasaeketas, Scheppach"}]},{"@type":"WebSite","@id":"https:\/\/ranoja.ee\/#website","url":"https:\/\/ranoja.ee\/","name":"Ranoja","description":"Equipment Shop WooCommerce WordPress Theme for Machine &amp; Tools","publisher":{"@id":"https:\/\/ranoja.ee\/#organization"},"potentialAction":[{"@type":"SearchAction","target":{"@type":"EntryPoint","urlTemplate":"https:\/\/ranoja.ee\/?s={search_term_string}"},"query-input":{"@type":"PropertyValueSpecification","valueRequired":true,"valueName":"search_term_string"}}],"inLanguage":"en-US"},{"@type":"Organization","@id":"https:\/\/ranoja.ee\/#organization","name":"Ranoja O\u00dc","url":"https:\/\/ranoja.ee\/","logo":{"@type":"ImageObject","inLanguage":"en-US","@id":"https:\/\/ranoja.ee\/#\/schema\/logo\/image\/","url":"https:\/\/ranoja.ee\/wp-content\/uploads\/2023\/11\/ranoja-Logo.png","contentUrl":"https:\/\/ranoja.ee\/wp-content\/uploads\/2023\/11\/ranoja-Logo.png","width":207,"height":58,"caption":"Ranoja O\u00dc"},"image":{"@id":"https:\/\/ranoja.ee\/#\/schema\/logo\/image\/"},"sameAs":["https:\/\/www.facebook.com\/ranoja.ee","https:\/\/www.instagram.com\/ranoja__\/"]}]}},"_links":{"self":[{"href":"https:\/\/ranoja.ee\/en\/wp-json\/wp\/v2\/product\/57552","targetHints":{"allow":["GET"]}}],"collection":[{"href":"https:\/\/ranoja.ee\/en\/wp-json\/wp\/v2\/product"}],"about":[{"href":"https:\/\/ranoja.ee\/en\/wp-json\/wp\/v2\/types\/product"}],"wp:featuredmedia":[{"embeddable":true,"href":"https:\/\/ranoja.ee\/en\/wp-json\/wp\/v2\/media\/57553"}],"wp:attachment":[{"href":"https:\/\/ranoja.ee\/en\/wp-json\/wp\/v2\/media?parent=57552"}],"wp:term":[{"taxonomy":"product_cat","embeddable":true,"href":"https:\/\/ranoja.ee\/en\/wp-json\/wp\/v2\/product_cat?post=57552"},{"taxonomy":"product_tag","embeddable":true,"href":"https:\/\/ranoja.ee\/en\/wp-json\/wp\/v2\/product_tag?post=57552"}],"curies":[{"name":"wp","href":"https:\/\/api.w.org\/{rel}","templated":true}]}}