{"id":57544,"date":"2026-03-17T01:49:57","date_gmt":"2026-03-16T22:49:57","guid":{"rendered":"https:\/\/ranoja.ee\/toode\/saeketi-teritusraami-komplekt-40mm-gudnord\/"},"modified":"2026-03-17T15:44:48","modified_gmt":"2026-03-17T12:44:48","slug":"saeketi-teritusraami-komplekt-40mm-gudnord","status":"publish","type":"product","link":"https:\/\/ranoja.ee\/en\/toode\/saeketi-teritusraami-komplekt-40mm-gudnord\/","title":{"rendered":"Saeketi teritusraami komplekt 4,0mm, Gudnord"},"content":{"rendered":"","protected":false},"excerpt":{"rendered":"<p>Saeketiteritaja on suurep\u00e4rane viis teritamaks oma saekette k\u00e4sitsi. L\u00f5ikehammast ja s\u00fcgavuspiirajat on v\u00f5imalik teritada korraga \u00fche t\u00f6\u00f6ts\u00fckli k\u00e4igus. K\u00e4sitsi teritamine hoiab kokku kulusid ja on \u00f6konoomsem. Saeketiteritajaga teritamine garanteerib saeketi pikema vastupidamise.<\/p>\n<p>Eelised: ei kulu aega saeviilide vahetamiseks, p\u00f6\u00f6rake teritaja \u00fcmber, et vahetada paremalt hambalt vaskule.<br \/>\nKulunud viilid saab lihtsalt \u00e4ra vahetada. K\u00f5iki viile saab vahetada kergelt ja kiiresti.<br \/>\nSaeketiteritaja disain hoiab \u00e4ra ebakorrektse kasutamise.<br \/>\nTeritaja peal olevad s\u00fcmbolid lihtustavad teritaja kasutamist.<\/p>\n","protected":false},"featured_media":57545,"template":"","meta":{"inline_featured_image":false},"product_cat":[1087,5087],"product_tag":[],"class_list":{"0":"post-57544","1":"product","2":"type-product","3":"status-publish","4":"has-post-thumbnail","6":"product_brand-gudnord","7":"product_cat-metsatehnika","8":"product_cat-metsatoolise-varustus","10":"first","11":"instock","12":"purchasable","13":"product-type-simple"},"yoast_head":"<!-- This site is optimized with the Yoast SEO plugin v27.4 - https:\/\/yoast.com\/product\/yoast-seo-wordpress\/ -->\n<title>Saeketi teritusraami komplekt 4,0mm, Gudnord - Ranoja<\/title>\n<meta name=\"robots\" content=\"index, follow, max-snippet:-1, max-image-preview:large, max-video-preview:-1\" \/>\n<link rel=\"canonical\" href=\"https:\/\/ranoja.ee\/toode\/saeketi-teritusraami-komplekt-40mm-gudnord\/\" \/>\n<meta property=\"og:locale\" content=\"en_US\" \/>\n<meta property=\"og:type\" content=\"article\" \/>\n<meta property=\"og:title\" content=\"Saeketi teritusraami komplekt 4,0mm, Gudnord - Ranoja\" \/>\n<meta property=\"og:description\" content=\"Saeketiteritaja on suurep\u00e4rane viis teritamaks oma saekette k\u00e4sitsi. L\u00f5ikehammast ja s\u00fcgavuspiirajat on v\u00f5imalik teritada korraga \u00fche t\u00f6\u00f6ts\u00fckli k\u00e4igus. K\u00e4sitsi teritamine hoiab kokku kulusid ja on \u00f6konoomsem. Saeketiteritajaga teritamine garanteerib saeketi pikema vastupidamise.  Eelised: ei kulu aega saeviilide vahetamiseks, p\u00f6\u00f6rake teritaja \u00fcmber, et vahetada paremalt hambalt vaskule. Kulunud viilid saab lihtsalt \u00e4ra vahetada. K\u00f5iki viile saab vahetada kergelt ja kiiresti. Saeketiteritaja disain hoiab \u00e4ra ebakorrektse kasutamise. Teritaja peal olevad s\u00fcmbolid lihtustavad teritaja kasutamist.\" \/>\n<meta property=\"og:url\" content=\"https:\/\/ranoja.ee\/toode\/saeketi-teritusraami-komplekt-40mm-gudnord\/\" \/>\n<meta property=\"og:site_name\" content=\"Ranoja\" \/>\n<meta property=\"article:publisher\" content=\"https:\/\/www.facebook.com\/ranoja.ee\" \/>\n<meta property=\"article:modified_time\" content=\"2026-03-17T12:44:48+00:00\" \/>\n<meta property=\"og:image\" content=\"https:\/\/ranoja.ee\/wp-content\/uploads\/2026\/03\/241763428.jpg\" \/>\n\t<meta property=\"og:image:width\" content=\"454\" \/>\n\t<meta property=\"og:image:height\" content=\"675\" \/>\n\t<meta property=\"og:image:type\" content=\"image\/jpeg\" \/>\n<meta name=\"twitter:card\" content=\"summary_large_image\" \/>\n<script type=\"application\/ld+json\" class=\"yoast-schema-graph\">{\"@context\":\"https:\\\/\\\/schema.org\",\"@graph\":[{\"@type\":\"WebPage\",\"@id\":\"https:\\\/\\\/ranoja.ee\\\/toode\\\/saeketi-teritusraami-komplekt-40mm-gudnord\\\/\",\"url\":\"https:\\\/\\\/ranoja.ee\\\/toode\\\/saeketi-teritusraami-komplekt-40mm-gudnord\\\/\",\"name\":\"Saeketi teritusraami komplekt 4,0mm, Gudnord - Ranoja\",\"isPartOf\":{\"@id\":\"https:\\\/\\\/ranoja.ee\\\/#website\"},\"primaryImageOfPage\":{\"@id\":\"https:\\\/\\\/ranoja.ee\\\/toode\\\/saeketi-teritusraami-komplekt-40mm-gudnord\\\/#primaryimage\"},\"image\":{\"@id\":\"https:\\\/\\\/ranoja.ee\\\/toode\\\/saeketi-teritusraami-komplekt-40mm-gudnord\\\/#primaryimage\"},\"thumbnailUrl\":\"https:\\\/\\\/ranoja.ee\\\/wp-content\\\/uploads\\\/2026\\\/03\\\/241763428.jpg\",\"datePublished\":\"2026-03-16T22:49:57+00:00\",\"dateModified\":\"2026-03-17T12:44:48+00:00\",\"breadcrumb\":{\"@id\":\"https:\\\/\\\/ranoja.ee\\\/toode\\\/saeketi-teritusraami-komplekt-40mm-gudnord\\\/#breadcrumb\"},\"inLanguage\":\"en-US\",\"potentialAction\":[{\"@type\":\"ReadAction\",\"target\":[\"https:\\\/\\\/ranoja.ee\\\/toode\\\/saeketi-teritusraami-komplekt-40mm-gudnord\\\/\"]}]},{\"@type\":\"ImageObject\",\"inLanguage\":\"en-US\",\"@id\":\"https:\\\/\\\/ranoja.ee\\\/toode\\\/saeketi-teritusraami-komplekt-40mm-gudnord\\\/#primaryimage\",\"url\":\"https:\\\/\\\/ranoja.ee\\\/wp-content\\\/uploads\\\/2026\\\/03\\\/241763428.jpg\",\"contentUrl\":\"https:\\\/\\\/ranoja.ee\\\/wp-content\\\/uploads\\\/2026\\\/03\\\/241763428.jpg\",\"width\":454,\"height\":675},{\"@type\":\"BreadcrumbList\",\"@id\":\"https:\\\/\\\/ranoja.ee\\\/toode\\\/saeketi-teritusraami-komplekt-40mm-gudnord\\\/#breadcrumb\",\"itemListElement\":[{\"@type\":\"ListItem\",\"position\":1,\"name\":\"Home\",\"item\":\"https:\\\/\\\/ranoja.ee\\\/\"},{\"@type\":\"ListItem\",\"position\":2,\"name\":\"Shop\",\"item\":\"https:\\\/\\\/ranoja.ee\\\/en\\\/shop\\\/\"},{\"@type\":\"ListItem\",\"position\":3,\"name\":\"Saeketi teritusraami komplekt 4,0mm, Gudnord\"}]},{\"@type\":\"WebSite\",\"@id\":\"https:\\\/\\\/ranoja.ee\\\/#website\",\"url\":\"https:\\\/\\\/ranoja.ee\\\/\",\"name\":\"Ranoja\",\"description\":\"Equipment Shop WooCommerce WordPress Theme for Machine &amp; Tools\",\"publisher\":{\"@id\":\"https:\\\/\\\/ranoja.ee\\\/#organization\"},\"potentialAction\":[{\"@type\":\"SearchAction\",\"target\":{\"@type\":\"EntryPoint\",\"urlTemplate\":\"https:\\\/\\\/ranoja.ee\\\/?s={search_term_string}\"},\"query-input\":{\"@type\":\"PropertyValueSpecification\",\"valueRequired\":true,\"valueName\":\"search_term_string\"}}],\"inLanguage\":\"en-US\"},{\"@type\":\"Organization\",\"@id\":\"https:\\\/\\\/ranoja.ee\\\/#organization\",\"name\":\"Ranoja O\u00dc\",\"url\":\"https:\\\/\\\/ranoja.ee\\\/\",\"logo\":{\"@type\":\"ImageObject\",\"inLanguage\":\"en-US\",\"@id\":\"https:\\\/\\\/ranoja.ee\\\/#\\\/schema\\\/logo\\\/image\\\/\",\"url\":\"https:\\\/\\\/ranoja.ee\\\/wp-content\\\/uploads\\\/2023\\\/11\\\/ranoja-Logo.png\",\"contentUrl\":\"https:\\\/\\\/ranoja.ee\\\/wp-content\\\/uploads\\\/2023\\\/11\\\/ranoja-Logo.png\",\"width\":207,\"height\":58,\"caption\":\"Ranoja O\u00dc\"},\"image\":{\"@id\":\"https:\\\/\\\/ranoja.ee\\\/#\\\/schema\\\/logo\\\/image\\\/\"},\"sameAs\":[\"https:\\\/\\\/www.facebook.com\\\/ranoja.ee\",\"https:\\\/\\\/www.instagram.com\\\/ranoja__\\\/\"]}]}<\/script>\n<!-- \/ Yoast SEO plugin. -->","yoast_head_json":{"title":"Saeketi teritusraami komplekt 4,0mm, Gudnord - Ranoja","robots":{"index":"index","follow":"follow","max-snippet":"max-snippet:-1","max-image-preview":"max-image-preview:large","max-video-preview":"max-video-preview:-1"},"canonical":"https:\/\/ranoja.ee\/toode\/saeketi-teritusraami-komplekt-40mm-gudnord\/","og_locale":"en_US","og_type":"article","og_title":"Saeketi teritusraami komplekt 4,0mm, Gudnord - Ranoja","og_description":"Saeketiteritaja on suurep\u00e4rane viis teritamaks oma saekette k\u00e4sitsi. L\u00f5ikehammast ja s\u00fcgavuspiirajat on v\u00f5imalik teritada korraga \u00fche t\u00f6\u00f6ts\u00fckli k\u00e4igus. K\u00e4sitsi teritamine hoiab kokku kulusid ja on \u00f6konoomsem. Saeketiteritajaga teritamine garanteerib saeketi pikema vastupidamise.  Eelised: ei kulu aega saeviilide vahetamiseks, p\u00f6\u00f6rake teritaja \u00fcmber, et vahetada paremalt hambalt vaskule. Kulunud viilid saab lihtsalt \u00e4ra vahetada. K\u00f5iki viile saab vahetada kergelt ja kiiresti. Saeketiteritaja disain hoiab \u00e4ra ebakorrektse kasutamise. Teritaja peal olevad s\u00fcmbolid lihtustavad teritaja kasutamist.","og_url":"https:\/\/ranoja.ee\/toode\/saeketi-teritusraami-komplekt-40mm-gudnord\/","og_site_name":"Ranoja","article_publisher":"https:\/\/www.facebook.com\/ranoja.ee","article_modified_time":"2026-03-17T12:44:48+00:00","og_image":[{"width":454,"height":675,"url":"https:\/\/ranoja.ee\/wp-content\/uploads\/2026\/03\/241763428.jpg","type":"image\/jpeg"}],"twitter_card":"summary_large_image","schema":{"@context":"https:\/\/schema.org","@graph":[{"@type":"WebPage","@id":"https:\/\/ranoja.ee\/toode\/saeketi-teritusraami-komplekt-40mm-gudnord\/","url":"https:\/\/ranoja.ee\/toode\/saeketi-teritusraami-komplekt-40mm-gudnord\/","name":"Saeketi teritusraami komplekt 4,0mm, Gudnord - Ranoja","isPartOf":{"@id":"https:\/\/ranoja.ee\/#website"},"primaryImageOfPage":{"@id":"https:\/\/ranoja.ee\/toode\/saeketi-teritusraami-komplekt-40mm-gudnord\/#primaryimage"},"image":{"@id":"https:\/\/ranoja.ee\/toode\/saeketi-teritusraami-komplekt-40mm-gudnord\/#primaryimage"},"thumbnailUrl":"https:\/\/ranoja.ee\/wp-content\/uploads\/2026\/03\/241763428.jpg","datePublished":"2026-03-16T22:49:57+00:00","dateModified":"2026-03-17T12:44:48+00:00","breadcrumb":{"@id":"https:\/\/ranoja.ee\/toode\/saeketi-teritusraami-komplekt-40mm-gudnord\/#breadcrumb"},"inLanguage":"en-US","potentialAction":[{"@type":"ReadAction","target":["https:\/\/ranoja.ee\/toode\/saeketi-teritusraami-komplekt-40mm-gudnord\/"]}]},{"@type":"ImageObject","inLanguage":"en-US","@id":"https:\/\/ranoja.ee\/toode\/saeketi-teritusraami-komplekt-40mm-gudnord\/#primaryimage","url":"https:\/\/ranoja.ee\/wp-content\/uploads\/2026\/03\/241763428.jpg","contentUrl":"https:\/\/ranoja.ee\/wp-content\/uploads\/2026\/03\/241763428.jpg","width":454,"height":675},{"@type":"BreadcrumbList","@id":"https:\/\/ranoja.ee\/toode\/saeketi-teritusraami-komplekt-40mm-gudnord\/#breadcrumb","itemListElement":[{"@type":"ListItem","position":1,"name":"Home","item":"https:\/\/ranoja.ee\/"},{"@type":"ListItem","position":2,"name":"Shop","item":"https:\/\/ranoja.ee\/en\/shop\/"},{"@type":"ListItem","position":3,"name":"Saeketi teritusraami komplekt 4,0mm, Gudnord"}]},{"@type":"WebSite","@id":"https:\/\/ranoja.ee\/#website","url":"https:\/\/ranoja.ee\/","name":"Ranoja","description":"Equipment Shop WooCommerce WordPress Theme for Machine &amp; Tools","publisher":{"@id":"https:\/\/ranoja.ee\/#organization"},"potentialAction":[{"@type":"SearchAction","target":{"@type":"EntryPoint","urlTemplate":"https:\/\/ranoja.ee\/?s={search_term_string}"},"query-input":{"@type":"PropertyValueSpecification","valueRequired":true,"valueName":"search_term_string"}}],"inLanguage":"en-US"},{"@type":"Organization","@id":"https:\/\/ranoja.ee\/#organization","name":"Ranoja O\u00dc","url":"https:\/\/ranoja.ee\/","logo":{"@type":"ImageObject","inLanguage":"en-US","@id":"https:\/\/ranoja.ee\/#\/schema\/logo\/image\/","url":"https:\/\/ranoja.ee\/wp-content\/uploads\/2023\/11\/ranoja-Logo.png","contentUrl":"https:\/\/ranoja.ee\/wp-content\/uploads\/2023\/11\/ranoja-Logo.png","width":207,"height":58,"caption":"Ranoja O\u00dc"},"image":{"@id":"https:\/\/ranoja.ee\/#\/schema\/logo\/image\/"},"sameAs":["https:\/\/www.facebook.com\/ranoja.ee","https:\/\/www.instagram.com\/ranoja__\/"]}]}},"_links":{"self":[{"href":"https:\/\/ranoja.ee\/en\/wp-json\/wp\/v2\/product\/57544","targetHints":{"allow":["GET"]}}],"collection":[{"href":"https:\/\/ranoja.ee\/en\/wp-json\/wp\/v2\/product"}],"about":[{"href":"https:\/\/ranoja.ee\/en\/wp-json\/wp\/v2\/types\/product"}],"wp:featuredmedia":[{"embeddable":true,"href":"https:\/\/ranoja.ee\/en\/wp-json\/wp\/v2\/media\/57545"}],"wp:attachment":[{"href":"https:\/\/ranoja.ee\/en\/wp-json\/wp\/v2\/media?parent=57544"}],"wp:term":[{"taxonomy":"product_cat","embeddable":true,"href":"https:\/\/ranoja.ee\/en\/wp-json\/wp\/v2\/product_cat?post=57544"},{"taxonomy":"product_tag","embeddable":true,"href":"https:\/\/ranoja.ee\/en\/wp-json\/wp\/v2\/product_tag?post=57544"}],"curies":[{"name":"wp","href":"https:\/\/api.w.org\/{rel}","templated":true}]}}