{"id":57534,"date":"2026-03-17T01:49:57","date_gmt":"2026-03-16T22:49:57","guid":{"rendered":"https:\/\/ranoja.ee\/toode\/mootorioli-synpower-fe-5w30-1l-valvoline-2\/"},"modified":"2026-03-17T15:44:48","modified_gmt":"2026-03-17T12:44:48","slug":"mootorioli-synpower-fe-5w30-1l-valvoline-2","status":"publish","type":"product","link":"https:\/\/ranoja.ee\/en\/toode\/mootorioli-synpower-fe-5w30-1l-valvoline-2\/","title":{"rendered":"Mootori\u00f5li Synpower FE 5W30 1L, Valvoline"},"content":{"rendered":"","protected":false},"excerpt":{"rendered":"<p>Mootori\u00f5lide absoluutne tipp. Toodetud t\u00e4iss\u00fcnteetilistest baas\u00f5lidest, kuhu on lisatatud k\u00f5rgtehnoloogilisi lisandeid. SynPower mootori\u00f5lid vastavad ja tegelikkuses \u00fcletavad pea k\u00f5iki n\u00f5udeid, mis \u00f5lidele on seatud autotootjate poolt. Sobib aastaringseks kasutamiseks nii tava- kui ka turbolaaduriga diisel-, gaasi- ja bensiinimootoritele s\u00f5iduatode ja pakibusside  mootorites.<br \/>\nEsmaklassilised k\u00fctuse\u00f6konoomia omadused v\u00f5imaldavad s\u00e4\u00e4sta kuni 3% k\u00fctusekulu. Parem oks\u00fcdatsioonikindlus biok\u00fctuse sisaldusega k\u00fctuste kasutamisel.<br \/>\nAPI: SL\/CF<br \/>\nACEA A5\/B5-10<br \/>\nACEA A1\/B1-10<br \/>\nRenault RN0700<br \/>\nFord WSSM2C913-D<br \/>\nFord M2C913-C heakskiit.<br \/>\nSobib kasutamiseks kus<br \/>\nFord M2C913-A,B ja C on n\u00f5utud<br \/>\nSooovitame kasutada kus n\u00f5utakse Fiat 9.55535.G1<br \/>\nAmetlik heakskiit Jaguar Land Rover STJLR 03.5003<\/p>\n","protected":false},"featured_media":57535,"template":"","meta":{"inline_featured_image":false},"product_cat":[5012,5033,5032],"product_tag":[],"class_list":{"0":"post-57534","1":"product","2":"type-product","3":"status-publish","4":"has-post-thumbnail","6":"product_brand-valvoline","7":"product_cat-olid-ja-maardeained","8":"product_cat-soiduautode-ja-tarbesoidukite-taissunteetilised-mootoriolid","9":"product_cat-soiduautode-mootoriolid","11":"first","12":"outofstock","13":"purchasable","14":"product-type-simple"},"yoast_head":"<!-- This site is optimized with the Yoast SEO plugin v27.4 - https:\/\/yoast.com\/product\/yoast-seo-wordpress\/ -->\n<title>Mootori\u00f5li Synpower FE 5W30 1L, Valvoline - Ranoja<\/title>\n<meta name=\"robots\" content=\"index, follow, max-snippet:-1, max-image-preview:large, max-video-preview:-1\" \/>\n<link rel=\"canonical\" href=\"https:\/\/ranoja.ee\/toode\/mootorioli-synpower-fe-5w30-1l-valvoline-2\/\" \/>\n<meta property=\"og:locale\" content=\"en_US\" \/>\n<meta property=\"og:type\" content=\"article\" \/>\n<meta property=\"og:title\" content=\"Mootori\u00f5li Synpower FE 5W30 1L, Valvoline - Ranoja\" \/>\n<meta property=\"og:description\" content=\"Mootori\u00f5lide absoluutne tipp. Toodetud t\u00e4iss\u00fcnteetilistest baas\u00f5lidest, kuhu on lisatatud k\u00f5rgtehnoloogilisi lisandeid. SynPower mootori\u00f5lid vastavad ja tegelikkuses \u00fcletavad pea k\u00f5iki n\u00f5udeid, mis \u00f5lidele on seatud autotootjate poolt. Sobib aastaringseks kasutamiseks nii tava- kui ka turbolaaduriga diisel-, gaasi- ja bensiinimootoritele s\u00f5iduatode ja pakibusside mootorites. Esmaklassilised k\u00fctuse\u00f6konoomia omadused v\u00f5imaldavad s\u00e4\u00e4sta kuni 3% k\u00fctusekulu. Parem oks\u00fcdatsioonikindlus biok\u00fctuse sisaldusega k\u00fctuste kasutamisel. API: SL\/CF ACEA A5\/B5-10 ACEA A1\/B1-10 Renault RN0700 Ford WSSM2C913-D Ford M2C913-C heakskiit. Sobib kasutamiseks kus Ford M2C913-A,B ja C on n\u00f5utud Sooovitame kasutada kus n\u00f5utakse Fiat 9.55535.G1 Ametlik heakskiit Jaguar Land Rover STJLR 03.5003\" \/>\n<meta property=\"og:url\" content=\"https:\/\/ranoja.ee\/toode\/mootorioli-synpower-fe-5w30-1l-valvoline-2\/\" \/>\n<meta property=\"og:site_name\" content=\"Ranoja\" \/>\n<meta property=\"article:publisher\" content=\"https:\/\/www.facebook.com\/ranoja.ee\" \/>\n<meta property=\"article:modified_time\" content=\"2026-03-17T12:44:48+00:00\" \/>\n<meta property=\"og:image\" content=\"https:\/\/ranoja.ee\/wp-content\/uploads\/2026\/03\/211737014.png\" \/>\n\t<meta property=\"og:image:width\" content=\"335\" \/>\n\t<meta property=\"og:image:height\" content=\"760\" \/>\n\t<meta property=\"og:image:type\" content=\"image\/jpeg\" \/>\n<meta name=\"twitter:card\" content=\"summary_large_image\" \/>\n<script type=\"application\/ld+json\" class=\"yoast-schema-graph\">{\"@context\":\"https:\\\/\\\/schema.org\",\"@graph\":[{\"@type\":\"WebPage\",\"@id\":\"https:\\\/\\\/ranoja.ee\\\/toode\\\/mootorioli-synpower-fe-5w30-1l-valvoline-2\\\/\",\"url\":\"https:\\\/\\\/ranoja.ee\\\/toode\\\/mootorioli-synpower-fe-5w30-1l-valvoline-2\\\/\",\"name\":\"Mootori\u00f5li Synpower FE 5W30 1L, Valvoline - Ranoja\",\"isPartOf\":{\"@id\":\"https:\\\/\\\/ranoja.ee\\\/#website\"},\"primaryImageOfPage\":{\"@id\":\"https:\\\/\\\/ranoja.ee\\\/toode\\\/mootorioli-synpower-fe-5w30-1l-valvoline-2\\\/#primaryimage\"},\"image\":{\"@id\":\"https:\\\/\\\/ranoja.ee\\\/toode\\\/mootorioli-synpower-fe-5w30-1l-valvoline-2\\\/#primaryimage\"},\"thumbnailUrl\":\"https:\\\/\\\/ranoja.ee\\\/wp-content\\\/uploads\\\/2026\\\/03\\\/211737014.png\",\"datePublished\":\"2026-03-16T22:49:57+00:00\",\"dateModified\":\"2026-03-17T12:44:48+00:00\",\"breadcrumb\":{\"@id\":\"https:\\\/\\\/ranoja.ee\\\/toode\\\/mootorioli-synpower-fe-5w30-1l-valvoline-2\\\/#breadcrumb\"},\"inLanguage\":\"en-US\",\"potentialAction\":[{\"@type\":\"ReadAction\",\"target\":[\"https:\\\/\\\/ranoja.ee\\\/toode\\\/mootorioli-synpower-fe-5w30-1l-valvoline-2\\\/\"]}]},{\"@type\":\"ImageObject\",\"inLanguage\":\"en-US\",\"@id\":\"https:\\\/\\\/ranoja.ee\\\/toode\\\/mootorioli-synpower-fe-5w30-1l-valvoline-2\\\/#primaryimage\",\"url\":\"https:\\\/\\\/ranoja.ee\\\/wp-content\\\/uploads\\\/2026\\\/03\\\/211737014.png\",\"contentUrl\":\"https:\\\/\\\/ranoja.ee\\\/wp-content\\\/uploads\\\/2026\\\/03\\\/211737014.png\",\"width\":335,\"height\":760},{\"@type\":\"BreadcrumbList\",\"@id\":\"https:\\\/\\\/ranoja.ee\\\/toode\\\/mootorioli-synpower-fe-5w30-1l-valvoline-2\\\/#breadcrumb\",\"itemListElement\":[{\"@type\":\"ListItem\",\"position\":1,\"name\":\"Home\",\"item\":\"https:\\\/\\\/ranoja.ee\\\/\"},{\"@type\":\"ListItem\",\"position\":2,\"name\":\"Shop\",\"item\":\"https:\\\/\\\/ranoja.ee\\\/en\\\/shop\\\/\"},{\"@type\":\"ListItem\",\"position\":3,\"name\":\"Mootori\u00f5li Synpower FE 5W30 1L, Valvoline\"}]},{\"@type\":\"WebSite\",\"@id\":\"https:\\\/\\\/ranoja.ee\\\/#website\",\"url\":\"https:\\\/\\\/ranoja.ee\\\/\",\"name\":\"Ranoja\",\"description\":\"Equipment Shop WooCommerce WordPress Theme for Machine &amp; Tools\",\"publisher\":{\"@id\":\"https:\\\/\\\/ranoja.ee\\\/#organization\"},\"potentialAction\":[{\"@type\":\"SearchAction\",\"target\":{\"@type\":\"EntryPoint\",\"urlTemplate\":\"https:\\\/\\\/ranoja.ee\\\/?s={search_term_string}\"},\"query-input\":{\"@type\":\"PropertyValueSpecification\",\"valueRequired\":true,\"valueName\":\"search_term_string\"}}],\"inLanguage\":\"en-US\"},{\"@type\":\"Organization\",\"@id\":\"https:\\\/\\\/ranoja.ee\\\/#organization\",\"name\":\"Ranoja O\u00dc\",\"url\":\"https:\\\/\\\/ranoja.ee\\\/\",\"logo\":{\"@type\":\"ImageObject\",\"inLanguage\":\"en-US\",\"@id\":\"https:\\\/\\\/ranoja.ee\\\/#\\\/schema\\\/logo\\\/image\\\/\",\"url\":\"https:\\\/\\\/ranoja.ee\\\/wp-content\\\/uploads\\\/2023\\\/11\\\/ranoja-Logo.png\",\"contentUrl\":\"https:\\\/\\\/ranoja.ee\\\/wp-content\\\/uploads\\\/2023\\\/11\\\/ranoja-Logo.png\",\"width\":207,\"height\":58,\"caption\":\"Ranoja O\u00dc\"},\"image\":{\"@id\":\"https:\\\/\\\/ranoja.ee\\\/#\\\/schema\\\/logo\\\/image\\\/\"},\"sameAs\":[\"https:\\\/\\\/www.facebook.com\\\/ranoja.ee\",\"https:\\\/\\\/www.instagram.com\\\/ranoja__\\\/\"]}]}<\/script>\n<!-- \/ Yoast SEO plugin. -->","yoast_head_json":{"title":"Mootori\u00f5li Synpower FE 5W30 1L, Valvoline - Ranoja","robots":{"index":"index","follow":"follow","max-snippet":"max-snippet:-1","max-image-preview":"max-image-preview:large","max-video-preview":"max-video-preview:-1"},"canonical":"https:\/\/ranoja.ee\/toode\/mootorioli-synpower-fe-5w30-1l-valvoline-2\/","og_locale":"en_US","og_type":"article","og_title":"Mootori\u00f5li Synpower FE 5W30 1L, Valvoline - Ranoja","og_description":"Mootori\u00f5lide absoluutne tipp. Toodetud t\u00e4iss\u00fcnteetilistest baas\u00f5lidest, kuhu on lisatatud k\u00f5rgtehnoloogilisi lisandeid. SynPower mootori\u00f5lid vastavad ja tegelikkuses \u00fcletavad pea k\u00f5iki n\u00f5udeid, mis \u00f5lidele on seatud autotootjate poolt. Sobib aastaringseks kasutamiseks nii tava- kui ka turbolaaduriga diisel-, gaasi- ja bensiinimootoritele s\u00f5iduatode ja pakibusside mootorites. Esmaklassilised k\u00fctuse\u00f6konoomia omadused v\u00f5imaldavad s\u00e4\u00e4sta kuni 3% k\u00fctusekulu. Parem oks\u00fcdatsioonikindlus biok\u00fctuse sisaldusega k\u00fctuste kasutamisel. API: SL\/CF ACEA A5\/B5-10 ACEA A1\/B1-10 Renault RN0700 Ford WSSM2C913-D Ford M2C913-C heakskiit. Sobib kasutamiseks kus Ford M2C913-A,B ja C on n\u00f5utud Sooovitame kasutada kus n\u00f5utakse Fiat 9.55535.G1 Ametlik heakskiit Jaguar Land Rover STJLR 03.5003","og_url":"https:\/\/ranoja.ee\/toode\/mootorioli-synpower-fe-5w30-1l-valvoline-2\/","og_site_name":"Ranoja","article_publisher":"https:\/\/www.facebook.com\/ranoja.ee","article_modified_time":"2026-03-17T12:44:48+00:00","og_image":[{"width":335,"height":760,"url":"https:\/\/ranoja.ee\/wp-content\/uploads\/2026\/03\/211737014.png","type":"image\/jpeg"}],"twitter_card":"summary_large_image","schema":{"@context":"https:\/\/schema.org","@graph":[{"@type":"WebPage","@id":"https:\/\/ranoja.ee\/toode\/mootorioli-synpower-fe-5w30-1l-valvoline-2\/","url":"https:\/\/ranoja.ee\/toode\/mootorioli-synpower-fe-5w30-1l-valvoline-2\/","name":"Mootori\u00f5li Synpower FE 5W30 1L, Valvoline - Ranoja","isPartOf":{"@id":"https:\/\/ranoja.ee\/#website"},"primaryImageOfPage":{"@id":"https:\/\/ranoja.ee\/toode\/mootorioli-synpower-fe-5w30-1l-valvoline-2\/#primaryimage"},"image":{"@id":"https:\/\/ranoja.ee\/toode\/mootorioli-synpower-fe-5w30-1l-valvoline-2\/#primaryimage"},"thumbnailUrl":"https:\/\/ranoja.ee\/wp-content\/uploads\/2026\/03\/211737014.png","datePublished":"2026-03-16T22:49:57+00:00","dateModified":"2026-03-17T12:44:48+00:00","breadcrumb":{"@id":"https:\/\/ranoja.ee\/toode\/mootorioli-synpower-fe-5w30-1l-valvoline-2\/#breadcrumb"},"inLanguage":"en-US","potentialAction":[{"@type":"ReadAction","target":["https:\/\/ranoja.ee\/toode\/mootorioli-synpower-fe-5w30-1l-valvoline-2\/"]}]},{"@type":"ImageObject","inLanguage":"en-US","@id":"https:\/\/ranoja.ee\/toode\/mootorioli-synpower-fe-5w30-1l-valvoline-2\/#primaryimage","url":"https:\/\/ranoja.ee\/wp-content\/uploads\/2026\/03\/211737014.png","contentUrl":"https:\/\/ranoja.ee\/wp-content\/uploads\/2026\/03\/211737014.png","width":335,"height":760},{"@type":"BreadcrumbList","@id":"https:\/\/ranoja.ee\/toode\/mootorioli-synpower-fe-5w30-1l-valvoline-2\/#breadcrumb","itemListElement":[{"@type":"ListItem","position":1,"name":"Home","item":"https:\/\/ranoja.ee\/"},{"@type":"ListItem","position":2,"name":"Shop","item":"https:\/\/ranoja.ee\/en\/shop\/"},{"@type":"ListItem","position":3,"name":"Mootori\u00f5li Synpower FE 5W30 1L, Valvoline"}]},{"@type":"WebSite","@id":"https:\/\/ranoja.ee\/#website","url":"https:\/\/ranoja.ee\/","name":"Ranoja","description":"Equipment Shop WooCommerce WordPress Theme for Machine &amp; Tools","publisher":{"@id":"https:\/\/ranoja.ee\/#organization"},"potentialAction":[{"@type":"SearchAction","target":{"@type":"EntryPoint","urlTemplate":"https:\/\/ranoja.ee\/?s={search_term_string}"},"query-input":{"@type":"PropertyValueSpecification","valueRequired":true,"valueName":"search_term_string"}}],"inLanguage":"en-US"},{"@type":"Organization","@id":"https:\/\/ranoja.ee\/#organization","name":"Ranoja O\u00dc","url":"https:\/\/ranoja.ee\/","logo":{"@type":"ImageObject","inLanguage":"en-US","@id":"https:\/\/ranoja.ee\/#\/schema\/logo\/image\/","url":"https:\/\/ranoja.ee\/wp-content\/uploads\/2023\/11\/ranoja-Logo.png","contentUrl":"https:\/\/ranoja.ee\/wp-content\/uploads\/2023\/11\/ranoja-Logo.png","width":207,"height":58,"caption":"Ranoja O\u00dc"},"image":{"@id":"https:\/\/ranoja.ee\/#\/schema\/logo\/image\/"},"sameAs":["https:\/\/www.facebook.com\/ranoja.ee","https:\/\/www.instagram.com\/ranoja__\/"]}]}},"_links":{"self":[{"href":"https:\/\/ranoja.ee\/en\/wp-json\/wp\/v2\/product\/57534","targetHints":{"allow":["GET"]}}],"collection":[{"href":"https:\/\/ranoja.ee\/en\/wp-json\/wp\/v2\/product"}],"about":[{"href":"https:\/\/ranoja.ee\/en\/wp-json\/wp\/v2\/types\/product"}],"wp:featuredmedia":[{"embeddable":true,"href":"https:\/\/ranoja.ee\/en\/wp-json\/wp\/v2\/media\/57535"}],"wp:attachment":[{"href":"https:\/\/ranoja.ee\/en\/wp-json\/wp\/v2\/media?parent=57534"}],"wp:term":[{"taxonomy":"product_cat","embeddable":true,"href":"https:\/\/ranoja.ee\/en\/wp-json\/wp\/v2\/product_cat?post=57534"},{"taxonomy":"product_tag","embeddable":true,"href":"https:\/\/ranoja.ee\/en\/wp-json\/wp\/v2\/product_tag?post=57534"}],"curies":[{"name":"wp","href":"https:\/\/api.w.org\/{rel}","templated":true}]}}