{"id":57528,"date":"2026-03-17T01:49:35","date_gmt":"2026-03-16T22:49:35","guid":{"rendered":"https:\/\/ranoja.ee\/toode\/klaasipuhastusvaht-glass-cleaner-500ml-valvoline\/"},"modified":"2026-03-17T15:44:48","modified_gmt":"2026-03-17T12:44:48","slug":"klaasipuhastusvaht-glass-cleaner-500ml-valvoline","status":"publish","type":"product","link":"https:\/\/ranoja.ee\/en\/toode\/klaasipuhastusvaht-glass-cleaner-500ml-valvoline\/","title":{"rendered":"Klaasipuhastusvaht Glass Cleaner 500ml, Valvoline"},"content":{"rendered":"","protected":false},"excerpt":{"rendered":"<p>Valvoline Glass Cleaner on ideaalne vaht  puhastamaks k\u00f5iki klaaspindu triipe j\u00e4tmata.<br \/>\nBalanseeritud koostis v\u00e4ldib udu teket klaasil.<br \/>\nTugevad puhastusained eemaldavad linnu heitmed ja putukate j\u00e4\u00e4gid.<br \/>\nEfektiivne lahusti eemaldab \u00f5li ja maanteesodi isegi v\u00e4iksemad pigiplekid.<br \/>\nV\u00e4ldib puhastustriipude teket ka madaletel temp.<br \/>\nSobib ka kanga,metalli  jm pinna kiireks ja ohutuks puhastamiseks.<\/p>\n","protected":false},"featured_media":57529,"template":"","meta":{"inline_featured_image":false},"product_cat":[5055,5056,5009],"product_tag":[],"class_list":{"0":"post-57528","1":"product","2":"type-product","3":"status-publish","4":"has-post-thumbnail","6":"product_brand-valvoline","7":"product_cat-autohoolduskeemia","8":"product_cat-klaaside-hooldus","9":"product_cat-toostus-ja-autokeemia","11":"first","12":"instock","13":"purchasable","14":"product-type-simple"},"yoast_head":"<!-- This site is optimized with the Yoast SEO plugin v27.4 - https:\/\/yoast.com\/product\/yoast-seo-wordpress\/ -->\n<title>Klaasipuhastusvaht Glass Cleaner 500ml, Valvoline - Ranoja<\/title>\n<meta name=\"robots\" content=\"index, follow, max-snippet:-1, max-image-preview:large, max-video-preview:-1\" \/>\n<link rel=\"canonical\" href=\"https:\/\/ranoja.ee\/toode\/klaasipuhastusvaht-glass-cleaner-500ml-valvoline\/\" \/>\n<meta property=\"og:locale\" content=\"en_US\" \/>\n<meta property=\"og:type\" content=\"article\" \/>\n<meta property=\"og:title\" content=\"Klaasipuhastusvaht Glass Cleaner 500ml, Valvoline - Ranoja\" \/>\n<meta property=\"og:description\" content=\"Valvoline Glass Cleaner on ideaalne vaht puhastamaks k\u00f5iki klaaspindu triipe j\u00e4tmata. Balanseeritud koostis v\u00e4ldib udu teket klaasil. Tugevad puhastusained eemaldavad linnu heitmed ja putukate j\u00e4\u00e4gid. Efektiivne lahusti eemaldab \u00f5li ja maanteesodi isegi v\u00e4iksemad pigiplekid. V\u00e4ldib puhastustriipude teket ka madaletel temp. Sobib ka kanga,metalli jm pinna kiireks ja ohutuks puhastamiseks.\" \/>\n<meta property=\"og:url\" content=\"https:\/\/ranoja.ee\/toode\/klaasipuhastusvaht-glass-cleaner-500ml-valvoline\/\" \/>\n<meta property=\"og:site_name\" content=\"Ranoja\" \/>\n<meta property=\"article:publisher\" content=\"https:\/\/www.facebook.com\/ranoja.ee\" \/>\n<meta property=\"article:modified_time\" content=\"2026-03-17T12:44:48+00:00\" \/>\n<meta property=\"og:image\" content=\"https:\/\/ranoja.ee\/wp-content\/uploads\/2026\/03\/176713153.png\" \/>\n\t<meta property=\"og:image:width\" content=\"768\" \/>\n\t<meta property=\"og:image:height\" content=\"768\" \/>\n\t<meta property=\"og:image:type\" content=\"image\/jpeg\" \/>\n<meta name=\"twitter:card\" content=\"summary_large_image\" \/>\n<script type=\"application\/ld+json\" class=\"yoast-schema-graph\">{\"@context\":\"https:\\\/\\\/schema.org\",\"@graph\":[{\"@type\":\"WebPage\",\"@id\":\"https:\\\/\\\/ranoja.ee\\\/toode\\\/klaasipuhastusvaht-glass-cleaner-500ml-valvoline\\\/\",\"url\":\"https:\\\/\\\/ranoja.ee\\\/toode\\\/klaasipuhastusvaht-glass-cleaner-500ml-valvoline\\\/\",\"name\":\"Klaasipuhastusvaht Glass Cleaner 500ml, Valvoline - Ranoja\",\"isPartOf\":{\"@id\":\"https:\\\/\\\/ranoja.ee\\\/#website\"},\"primaryImageOfPage\":{\"@id\":\"https:\\\/\\\/ranoja.ee\\\/toode\\\/klaasipuhastusvaht-glass-cleaner-500ml-valvoline\\\/#primaryimage\"},\"image\":{\"@id\":\"https:\\\/\\\/ranoja.ee\\\/toode\\\/klaasipuhastusvaht-glass-cleaner-500ml-valvoline\\\/#primaryimage\"},\"thumbnailUrl\":\"https:\\\/\\\/ranoja.ee\\\/wp-content\\\/uploads\\\/2026\\\/03\\\/176713153.png\",\"datePublished\":\"2026-03-16T22:49:35+00:00\",\"dateModified\":\"2026-03-17T12:44:48+00:00\",\"breadcrumb\":{\"@id\":\"https:\\\/\\\/ranoja.ee\\\/toode\\\/klaasipuhastusvaht-glass-cleaner-500ml-valvoline\\\/#breadcrumb\"},\"inLanguage\":\"en-US\",\"potentialAction\":[{\"@type\":\"ReadAction\",\"target\":[\"https:\\\/\\\/ranoja.ee\\\/toode\\\/klaasipuhastusvaht-glass-cleaner-500ml-valvoline\\\/\"]}]},{\"@type\":\"ImageObject\",\"inLanguage\":\"en-US\",\"@id\":\"https:\\\/\\\/ranoja.ee\\\/toode\\\/klaasipuhastusvaht-glass-cleaner-500ml-valvoline\\\/#primaryimage\",\"url\":\"https:\\\/\\\/ranoja.ee\\\/wp-content\\\/uploads\\\/2026\\\/03\\\/176713153.png\",\"contentUrl\":\"https:\\\/\\\/ranoja.ee\\\/wp-content\\\/uploads\\\/2026\\\/03\\\/176713153.png\",\"width\":768,\"height\":768},{\"@type\":\"BreadcrumbList\",\"@id\":\"https:\\\/\\\/ranoja.ee\\\/toode\\\/klaasipuhastusvaht-glass-cleaner-500ml-valvoline\\\/#breadcrumb\",\"itemListElement\":[{\"@type\":\"ListItem\",\"position\":1,\"name\":\"Home\",\"item\":\"https:\\\/\\\/ranoja.ee\\\/\"},{\"@type\":\"ListItem\",\"position\":2,\"name\":\"Shop\",\"item\":\"https:\\\/\\\/ranoja.ee\\\/en\\\/shop\\\/\"},{\"@type\":\"ListItem\",\"position\":3,\"name\":\"Klaasipuhastusvaht Glass Cleaner 500ml, Valvoline\"}]},{\"@type\":\"WebSite\",\"@id\":\"https:\\\/\\\/ranoja.ee\\\/#website\",\"url\":\"https:\\\/\\\/ranoja.ee\\\/\",\"name\":\"Ranoja\",\"description\":\"Equipment Shop WooCommerce WordPress Theme for Machine &amp; Tools\",\"publisher\":{\"@id\":\"https:\\\/\\\/ranoja.ee\\\/#organization\"},\"potentialAction\":[{\"@type\":\"SearchAction\",\"target\":{\"@type\":\"EntryPoint\",\"urlTemplate\":\"https:\\\/\\\/ranoja.ee\\\/?s={search_term_string}\"},\"query-input\":{\"@type\":\"PropertyValueSpecification\",\"valueRequired\":true,\"valueName\":\"search_term_string\"}}],\"inLanguage\":\"en-US\"},{\"@type\":\"Organization\",\"@id\":\"https:\\\/\\\/ranoja.ee\\\/#organization\",\"name\":\"Ranoja O\u00dc\",\"url\":\"https:\\\/\\\/ranoja.ee\\\/\",\"logo\":{\"@type\":\"ImageObject\",\"inLanguage\":\"en-US\",\"@id\":\"https:\\\/\\\/ranoja.ee\\\/#\\\/schema\\\/logo\\\/image\\\/\",\"url\":\"https:\\\/\\\/ranoja.ee\\\/wp-content\\\/uploads\\\/2023\\\/11\\\/ranoja-Logo.png\",\"contentUrl\":\"https:\\\/\\\/ranoja.ee\\\/wp-content\\\/uploads\\\/2023\\\/11\\\/ranoja-Logo.png\",\"width\":207,\"height\":58,\"caption\":\"Ranoja O\u00dc\"},\"image\":{\"@id\":\"https:\\\/\\\/ranoja.ee\\\/#\\\/schema\\\/logo\\\/image\\\/\"},\"sameAs\":[\"https:\\\/\\\/www.facebook.com\\\/ranoja.ee\",\"https:\\\/\\\/www.instagram.com\\\/ranoja__\\\/\"]}]}<\/script>\n<!-- \/ Yoast SEO plugin. -->","yoast_head_json":{"title":"Klaasipuhastusvaht Glass Cleaner 500ml, Valvoline - Ranoja","robots":{"index":"index","follow":"follow","max-snippet":"max-snippet:-1","max-image-preview":"max-image-preview:large","max-video-preview":"max-video-preview:-1"},"canonical":"https:\/\/ranoja.ee\/toode\/klaasipuhastusvaht-glass-cleaner-500ml-valvoline\/","og_locale":"en_US","og_type":"article","og_title":"Klaasipuhastusvaht Glass Cleaner 500ml, Valvoline - Ranoja","og_description":"Valvoline Glass Cleaner on ideaalne vaht puhastamaks k\u00f5iki klaaspindu triipe j\u00e4tmata. Balanseeritud koostis v\u00e4ldib udu teket klaasil. Tugevad puhastusained eemaldavad linnu heitmed ja putukate j\u00e4\u00e4gid. Efektiivne lahusti eemaldab \u00f5li ja maanteesodi isegi v\u00e4iksemad pigiplekid. V\u00e4ldib puhastustriipude teket ka madaletel temp. Sobib ka kanga,metalli jm pinna kiireks ja ohutuks puhastamiseks.","og_url":"https:\/\/ranoja.ee\/toode\/klaasipuhastusvaht-glass-cleaner-500ml-valvoline\/","og_site_name":"Ranoja","article_publisher":"https:\/\/www.facebook.com\/ranoja.ee","article_modified_time":"2026-03-17T12:44:48+00:00","og_image":[{"width":768,"height":768,"url":"https:\/\/ranoja.ee\/wp-content\/uploads\/2026\/03\/176713153.png","type":"image\/jpeg"}],"twitter_card":"summary_large_image","schema":{"@context":"https:\/\/schema.org","@graph":[{"@type":"WebPage","@id":"https:\/\/ranoja.ee\/toode\/klaasipuhastusvaht-glass-cleaner-500ml-valvoline\/","url":"https:\/\/ranoja.ee\/toode\/klaasipuhastusvaht-glass-cleaner-500ml-valvoline\/","name":"Klaasipuhastusvaht Glass Cleaner 500ml, Valvoline - Ranoja","isPartOf":{"@id":"https:\/\/ranoja.ee\/#website"},"primaryImageOfPage":{"@id":"https:\/\/ranoja.ee\/toode\/klaasipuhastusvaht-glass-cleaner-500ml-valvoline\/#primaryimage"},"image":{"@id":"https:\/\/ranoja.ee\/toode\/klaasipuhastusvaht-glass-cleaner-500ml-valvoline\/#primaryimage"},"thumbnailUrl":"https:\/\/ranoja.ee\/wp-content\/uploads\/2026\/03\/176713153.png","datePublished":"2026-03-16T22:49:35+00:00","dateModified":"2026-03-17T12:44:48+00:00","breadcrumb":{"@id":"https:\/\/ranoja.ee\/toode\/klaasipuhastusvaht-glass-cleaner-500ml-valvoline\/#breadcrumb"},"inLanguage":"en-US","potentialAction":[{"@type":"ReadAction","target":["https:\/\/ranoja.ee\/toode\/klaasipuhastusvaht-glass-cleaner-500ml-valvoline\/"]}]},{"@type":"ImageObject","inLanguage":"en-US","@id":"https:\/\/ranoja.ee\/toode\/klaasipuhastusvaht-glass-cleaner-500ml-valvoline\/#primaryimage","url":"https:\/\/ranoja.ee\/wp-content\/uploads\/2026\/03\/176713153.png","contentUrl":"https:\/\/ranoja.ee\/wp-content\/uploads\/2026\/03\/176713153.png","width":768,"height":768},{"@type":"BreadcrumbList","@id":"https:\/\/ranoja.ee\/toode\/klaasipuhastusvaht-glass-cleaner-500ml-valvoline\/#breadcrumb","itemListElement":[{"@type":"ListItem","position":1,"name":"Home","item":"https:\/\/ranoja.ee\/"},{"@type":"ListItem","position":2,"name":"Shop","item":"https:\/\/ranoja.ee\/en\/shop\/"},{"@type":"ListItem","position":3,"name":"Klaasipuhastusvaht Glass Cleaner 500ml, Valvoline"}]},{"@type":"WebSite","@id":"https:\/\/ranoja.ee\/#website","url":"https:\/\/ranoja.ee\/","name":"Ranoja","description":"Equipment Shop WooCommerce WordPress Theme for Machine &amp; Tools","publisher":{"@id":"https:\/\/ranoja.ee\/#organization"},"potentialAction":[{"@type":"SearchAction","target":{"@type":"EntryPoint","urlTemplate":"https:\/\/ranoja.ee\/?s={search_term_string}"},"query-input":{"@type":"PropertyValueSpecification","valueRequired":true,"valueName":"search_term_string"}}],"inLanguage":"en-US"},{"@type":"Organization","@id":"https:\/\/ranoja.ee\/#organization","name":"Ranoja O\u00dc","url":"https:\/\/ranoja.ee\/","logo":{"@type":"ImageObject","inLanguage":"en-US","@id":"https:\/\/ranoja.ee\/#\/schema\/logo\/image\/","url":"https:\/\/ranoja.ee\/wp-content\/uploads\/2023\/11\/ranoja-Logo.png","contentUrl":"https:\/\/ranoja.ee\/wp-content\/uploads\/2023\/11\/ranoja-Logo.png","width":207,"height":58,"caption":"Ranoja O\u00dc"},"image":{"@id":"https:\/\/ranoja.ee\/#\/schema\/logo\/image\/"},"sameAs":["https:\/\/www.facebook.com\/ranoja.ee","https:\/\/www.instagram.com\/ranoja__\/"]}]}},"_links":{"self":[{"href":"https:\/\/ranoja.ee\/en\/wp-json\/wp\/v2\/product\/57528","targetHints":{"allow":["GET"]}}],"collection":[{"href":"https:\/\/ranoja.ee\/en\/wp-json\/wp\/v2\/product"}],"about":[{"href":"https:\/\/ranoja.ee\/en\/wp-json\/wp\/v2\/types\/product"}],"wp:featuredmedia":[{"embeddable":true,"href":"https:\/\/ranoja.ee\/en\/wp-json\/wp\/v2\/media\/57529"}],"wp:attachment":[{"href":"https:\/\/ranoja.ee\/en\/wp-json\/wp\/v2\/media?parent=57528"}],"wp:term":[{"taxonomy":"product_cat","embeddable":true,"href":"https:\/\/ranoja.ee\/en\/wp-json\/wp\/v2\/product_cat?post=57528"},{"taxonomy":"product_tag","embeddable":true,"href":"https:\/\/ranoja.ee\/en\/wp-json\/wp\/v2\/product_tag?post=57528"}],"curies":[{"name":"wp","href":"https:\/\/api.w.org\/{rel}","templated":true}]}}