{"id":57502,"date":"2026-03-17T01:49:35","date_gmt":"2026-03-16T22:49:35","guid":{"rendered":"https:\/\/ranoja.ee\/toode\/veepumbatangid-cobra-250mm-d50mm-knipex\/"},"modified":"2026-03-17T15:44:49","modified_gmt":"2026-03-17T12:44:49","slug":"veepumbatangid-cobra-250mm-d50mm-knipex","status":"publish","type":"product","link":"https:\/\/ranoja.ee\/en\/toode\/veepumbatangid-cobra-250mm-d50mm-knipex\/","title":{"rendered":"Veepumbatangid COBRA 250mm D50mm, Knipex"},"content":{"rendered":"","protected":false},"excerpt":{"rendered":"<p>Veepumbatangid nupplukustusega reguleerimisega<\/p>\n<p>Nupuga reguleerimine otse t\u00f6\u00f6deldaval detailil<br \/>\nPeenreguleerimine optimaalseks kohandamiseks erinevate detailide suurustega ja mugava k\u00e4epideme laiuse saavutamiseks<br \/>\nIsekinnituv torudel ja mutritel, ei libise detailil ning v\u00f5imaldab pingutuseta t\u00f6\u00f6tamist<br \/>\nHaaramispinnad spetsiaalselt karastatud hammastega, hammaste k\u00f5vadus umbes 61 HRC, suur kulumiskindlus ja kindel haare<br \/>\nKarbliigendiga konstruktsioon topeltjuhikuga suure stabiilsuse tagamiseks<br \/>\nKindel liigendpoldi haare hoiab \u00e4ra tahtmatu nihkumise<br \/>\nIntegreeritud s\u00f5rmekaitse kaitseb n\u00e4ppe muljumise eest<\/p>\n<p>Disain ja viimistlus<br \/>\nPinnaviimistlus: hall atramentiseeritud<br \/>\nPeadetail: poleeritud<br \/>\nK\u00e4epidemed: libisemiskindla plastkattega<\/p>\n<p>Tehnilised andmed<br \/>\nKaal: 335 g<br \/>\nM\u00f5\u00f5dud: 250 x 44 x 14 mm<br \/>\nReguleerimisasendeid: 25<\/p>\n<p>Haaramisv\u00f5ime<br \/>\nTorud: \u00d8 2 tolli \/ \u00d8 50 mm<br \/>\nMutrid: 46 mm<\/p>\n<p>Standardid ja vastavus<br \/>\nStandard: DIN ISO 8976<br \/>\nREACH: vastav, ei sisalda SVHC aineid<br \/>\nRoHS: vastav, ei ole kohaldatav<\/p>\n","protected":false},"featured_media":57503,"template":"","meta":{"inline_featured_image":false},"product_cat":[1596,1116,5076,5077],"product_tag":[],"class_list":{"0":"post-57502","1":"product","2":"type-product","3":"status-publish","4":"has-post-thumbnail","6":"product_brand-knipex","7":"product_cat-kasitooriistad","8":"product_cat-lisaseadmed-ehitusseadmed-led-lisatuled-cb-raadiod-lallar","9":"product_cat-tangid","10":"product_cat-veepumbatangid","12":"first","13":"instock","14":"purchasable","15":"product-type-simple"},"yoast_head":"<!-- This site is optimized with the Yoast SEO plugin v27.4 - https:\/\/yoast.com\/product\/yoast-seo-wordpress\/ -->\n<title>Veepumbatangid COBRA 250mm D50mm, Knipex - Ranoja<\/title>\n<meta name=\"robots\" content=\"index, follow, max-snippet:-1, max-image-preview:large, max-video-preview:-1\" \/>\n<link rel=\"canonical\" href=\"https:\/\/ranoja.ee\/toode\/veepumbatangid-cobra-250mm-d50mm-knipex\/\" \/>\n<meta property=\"og:locale\" content=\"en_US\" \/>\n<meta property=\"og:type\" content=\"article\" \/>\n<meta property=\"og:title\" content=\"Veepumbatangid COBRA 250mm D50mm, Knipex - Ranoja\" \/>\n<meta property=\"og:description\" content=\"Veepumbatangid nupplukustusega reguleerimisega Nupuga reguleerimine otse t\u00f6\u00f6deldaval detailil Peenreguleerimine optimaalseks kohandamiseks erinevate detailide suurustega ja mugava k\u00e4epideme laiuse saavutamiseks Isekinnituv torudel ja mutritel, ei libise detailil ning v\u00f5imaldab pingutuseta t\u00f6\u00f6tamist Haaramispinnad spetsiaalselt karastatud hammastega, hammaste k\u00f5vadus umbes 61 HRC, suur kulumiskindlus ja kindel haare Karbliigendiga konstruktsioon topeltjuhikuga suure stabiilsuse tagamiseks Kindel liigendpoldi haare hoiab \u00e4ra tahtmatu nihkumise Integreeritud s\u00f5rmekaitse kaitseb n\u00e4ppe muljumise eest Disain ja viimistlus Pinnaviimistlus: hall atramentiseeritud Peadetail: poleeritud K\u00e4epidemed: libisemiskindla plastkattega Tehnilised andmed Kaal: 335 g M\u00f5\u00f5dud: 250 x 44 x 14 mm Reguleerimisasendeid: 25 Haaramisv\u00f5ime Torud: \u00d8 2 tolli \/ \u00d8 50 mm Mutrid: 46 mm Standardid ja vastavus Standard: DIN ISO 8976 REACH: vastav, ei sisalda SVHC aineid RoHS: vastav, ei ole kohaldatav\" \/>\n<meta property=\"og:url\" content=\"https:\/\/ranoja.ee\/toode\/veepumbatangid-cobra-250mm-d50mm-knipex\/\" \/>\n<meta property=\"og:site_name\" content=\"Ranoja\" \/>\n<meta property=\"article:publisher\" content=\"https:\/\/www.facebook.com\/ranoja.ee\" \/>\n<meta property=\"article:modified_time\" content=\"2026-03-17T12:44:49+00:00\" \/>\n<meta property=\"og:image\" content=\"https:\/\/ranoja.ee\/wp-content\/uploads\/2026\/03\/94485812.jpg\" \/>\n\t<meta property=\"og:image:width\" content=\"900\" \/>\n\t<meta property=\"og:image:height\" content=\"200\" \/>\n\t<meta property=\"og:image:type\" content=\"image\/jpeg\" \/>\n<meta name=\"twitter:card\" content=\"summary_large_image\" \/>\n<script type=\"application\/ld+json\" class=\"yoast-schema-graph\">{\"@context\":\"https:\\\/\\\/schema.org\",\"@graph\":[{\"@type\":\"WebPage\",\"@id\":\"https:\\\/\\\/ranoja.ee\\\/toode\\\/veepumbatangid-cobra-250mm-d50mm-knipex\\\/\",\"url\":\"https:\\\/\\\/ranoja.ee\\\/toode\\\/veepumbatangid-cobra-250mm-d50mm-knipex\\\/\",\"name\":\"Veepumbatangid COBRA 250mm D50mm, Knipex - Ranoja\",\"isPartOf\":{\"@id\":\"https:\\\/\\\/ranoja.ee\\\/#website\"},\"primaryImageOfPage\":{\"@id\":\"https:\\\/\\\/ranoja.ee\\\/toode\\\/veepumbatangid-cobra-250mm-d50mm-knipex\\\/#primaryimage\"},\"image\":{\"@id\":\"https:\\\/\\\/ranoja.ee\\\/toode\\\/veepumbatangid-cobra-250mm-d50mm-knipex\\\/#primaryimage\"},\"thumbnailUrl\":\"https:\\\/\\\/ranoja.ee\\\/wp-content\\\/uploads\\\/2026\\\/03\\\/94485812.jpg\",\"datePublished\":\"2026-03-16T22:49:35+00:00\",\"dateModified\":\"2026-03-17T12:44:49+00:00\",\"breadcrumb\":{\"@id\":\"https:\\\/\\\/ranoja.ee\\\/toode\\\/veepumbatangid-cobra-250mm-d50mm-knipex\\\/#breadcrumb\"},\"inLanguage\":\"en-US\",\"potentialAction\":[{\"@type\":\"ReadAction\",\"target\":[\"https:\\\/\\\/ranoja.ee\\\/toode\\\/veepumbatangid-cobra-250mm-d50mm-knipex\\\/\"]}]},{\"@type\":\"ImageObject\",\"inLanguage\":\"en-US\",\"@id\":\"https:\\\/\\\/ranoja.ee\\\/toode\\\/veepumbatangid-cobra-250mm-d50mm-knipex\\\/#primaryimage\",\"url\":\"https:\\\/\\\/ranoja.ee\\\/wp-content\\\/uploads\\\/2026\\\/03\\\/94485812.jpg\",\"contentUrl\":\"https:\\\/\\\/ranoja.ee\\\/wp-content\\\/uploads\\\/2026\\\/03\\\/94485812.jpg\",\"width\":900,\"height\":200},{\"@type\":\"BreadcrumbList\",\"@id\":\"https:\\\/\\\/ranoja.ee\\\/toode\\\/veepumbatangid-cobra-250mm-d50mm-knipex\\\/#breadcrumb\",\"itemListElement\":[{\"@type\":\"ListItem\",\"position\":1,\"name\":\"Home\",\"item\":\"https:\\\/\\\/ranoja.ee\\\/\"},{\"@type\":\"ListItem\",\"position\":2,\"name\":\"Shop\",\"item\":\"https:\\\/\\\/ranoja.ee\\\/en\\\/shop\\\/\"},{\"@type\":\"ListItem\",\"position\":3,\"name\":\"Veepumbatangid COBRA 250mm D50mm, Knipex\"}]},{\"@type\":\"WebSite\",\"@id\":\"https:\\\/\\\/ranoja.ee\\\/#website\",\"url\":\"https:\\\/\\\/ranoja.ee\\\/\",\"name\":\"Ranoja\",\"description\":\"Equipment Shop WooCommerce WordPress Theme for Machine &amp; Tools\",\"publisher\":{\"@id\":\"https:\\\/\\\/ranoja.ee\\\/#organization\"},\"potentialAction\":[{\"@type\":\"SearchAction\",\"target\":{\"@type\":\"EntryPoint\",\"urlTemplate\":\"https:\\\/\\\/ranoja.ee\\\/?s={search_term_string}\"},\"query-input\":{\"@type\":\"PropertyValueSpecification\",\"valueRequired\":true,\"valueName\":\"search_term_string\"}}],\"inLanguage\":\"en-US\"},{\"@type\":\"Organization\",\"@id\":\"https:\\\/\\\/ranoja.ee\\\/#organization\",\"name\":\"Ranoja O\u00dc\",\"url\":\"https:\\\/\\\/ranoja.ee\\\/\",\"logo\":{\"@type\":\"ImageObject\",\"inLanguage\":\"en-US\",\"@id\":\"https:\\\/\\\/ranoja.ee\\\/#\\\/schema\\\/logo\\\/image\\\/\",\"url\":\"https:\\\/\\\/ranoja.ee\\\/wp-content\\\/uploads\\\/2023\\\/11\\\/ranoja-Logo.png\",\"contentUrl\":\"https:\\\/\\\/ranoja.ee\\\/wp-content\\\/uploads\\\/2023\\\/11\\\/ranoja-Logo.png\",\"width\":207,\"height\":58,\"caption\":\"Ranoja O\u00dc\"},\"image\":{\"@id\":\"https:\\\/\\\/ranoja.ee\\\/#\\\/schema\\\/logo\\\/image\\\/\"},\"sameAs\":[\"https:\\\/\\\/www.facebook.com\\\/ranoja.ee\",\"https:\\\/\\\/www.instagram.com\\\/ranoja__\\\/\"]}]}<\/script>\n<!-- \/ Yoast SEO plugin. -->","yoast_head_json":{"title":"Veepumbatangid COBRA 250mm D50mm, Knipex - Ranoja","robots":{"index":"index","follow":"follow","max-snippet":"max-snippet:-1","max-image-preview":"max-image-preview:large","max-video-preview":"max-video-preview:-1"},"canonical":"https:\/\/ranoja.ee\/toode\/veepumbatangid-cobra-250mm-d50mm-knipex\/","og_locale":"en_US","og_type":"article","og_title":"Veepumbatangid COBRA 250mm D50mm, Knipex - Ranoja","og_description":"Veepumbatangid nupplukustusega reguleerimisega Nupuga reguleerimine otse t\u00f6\u00f6deldaval detailil Peenreguleerimine optimaalseks kohandamiseks erinevate detailide suurustega ja mugava k\u00e4epideme laiuse saavutamiseks Isekinnituv torudel ja mutritel, ei libise detailil ning v\u00f5imaldab pingutuseta t\u00f6\u00f6tamist Haaramispinnad spetsiaalselt karastatud hammastega, hammaste k\u00f5vadus umbes 61 HRC, suur kulumiskindlus ja kindel haare Karbliigendiga konstruktsioon topeltjuhikuga suure stabiilsuse tagamiseks Kindel liigendpoldi haare hoiab \u00e4ra tahtmatu nihkumise Integreeritud s\u00f5rmekaitse kaitseb n\u00e4ppe muljumise eest Disain ja viimistlus Pinnaviimistlus: hall atramentiseeritud Peadetail: poleeritud K\u00e4epidemed: libisemiskindla plastkattega Tehnilised andmed Kaal: 335 g M\u00f5\u00f5dud: 250 x 44 x 14 mm Reguleerimisasendeid: 25 Haaramisv\u00f5ime Torud: \u00d8 2 tolli \/ \u00d8 50 mm Mutrid: 46 mm Standardid ja vastavus Standard: DIN ISO 8976 REACH: vastav, ei sisalda SVHC aineid RoHS: vastav, ei ole kohaldatav","og_url":"https:\/\/ranoja.ee\/toode\/veepumbatangid-cobra-250mm-d50mm-knipex\/","og_site_name":"Ranoja","article_publisher":"https:\/\/www.facebook.com\/ranoja.ee","article_modified_time":"2026-03-17T12:44:49+00:00","og_image":[{"width":900,"height":200,"url":"https:\/\/ranoja.ee\/wp-content\/uploads\/2026\/03\/94485812.jpg","type":"image\/jpeg"}],"twitter_card":"summary_large_image","schema":{"@context":"https:\/\/schema.org","@graph":[{"@type":"WebPage","@id":"https:\/\/ranoja.ee\/toode\/veepumbatangid-cobra-250mm-d50mm-knipex\/","url":"https:\/\/ranoja.ee\/toode\/veepumbatangid-cobra-250mm-d50mm-knipex\/","name":"Veepumbatangid COBRA 250mm D50mm, Knipex - Ranoja","isPartOf":{"@id":"https:\/\/ranoja.ee\/#website"},"primaryImageOfPage":{"@id":"https:\/\/ranoja.ee\/toode\/veepumbatangid-cobra-250mm-d50mm-knipex\/#primaryimage"},"image":{"@id":"https:\/\/ranoja.ee\/toode\/veepumbatangid-cobra-250mm-d50mm-knipex\/#primaryimage"},"thumbnailUrl":"https:\/\/ranoja.ee\/wp-content\/uploads\/2026\/03\/94485812.jpg","datePublished":"2026-03-16T22:49:35+00:00","dateModified":"2026-03-17T12:44:49+00:00","breadcrumb":{"@id":"https:\/\/ranoja.ee\/toode\/veepumbatangid-cobra-250mm-d50mm-knipex\/#breadcrumb"},"inLanguage":"en-US","potentialAction":[{"@type":"ReadAction","target":["https:\/\/ranoja.ee\/toode\/veepumbatangid-cobra-250mm-d50mm-knipex\/"]}]},{"@type":"ImageObject","inLanguage":"en-US","@id":"https:\/\/ranoja.ee\/toode\/veepumbatangid-cobra-250mm-d50mm-knipex\/#primaryimage","url":"https:\/\/ranoja.ee\/wp-content\/uploads\/2026\/03\/94485812.jpg","contentUrl":"https:\/\/ranoja.ee\/wp-content\/uploads\/2026\/03\/94485812.jpg","width":900,"height":200},{"@type":"BreadcrumbList","@id":"https:\/\/ranoja.ee\/toode\/veepumbatangid-cobra-250mm-d50mm-knipex\/#breadcrumb","itemListElement":[{"@type":"ListItem","position":1,"name":"Home","item":"https:\/\/ranoja.ee\/"},{"@type":"ListItem","position":2,"name":"Shop","item":"https:\/\/ranoja.ee\/en\/shop\/"},{"@type":"ListItem","position":3,"name":"Veepumbatangid COBRA 250mm D50mm, Knipex"}]},{"@type":"WebSite","@id":"https:\/\/ranoja.ee\/#website","url":"https:\/\/ranoja.ee\/","name":"Ranoja","description":"Equipment Shop WooCommerce WordPress Theme for Machine &amp; Tools","publisher":{"@id":"https:\/\/ranoja.ee\/#organization"},"potentialAction":[{"@type":"SearchAction","target":{"@type":"EntryPoint","urlTemplate":"https:\/\/ranoja.ee\/?s={search_term_string}"},"query-input":{"@type":"PropertyValueSpecification","valueRequired":true,"valueName":"search_term_string"}}],"inLanguage":"en-US"},{"@type":"Organization","@id":"https:\/\/ranoja.ee\/#organization","name":"Ranoja O\u00dc","url":"https:\/\/ranoja.ee\/","logo":{"@type":"ImageObject","inLanguage":"en-US","@id":"https:\/\/ranoja.ee\/#\/schema\/logo\/image\/","url":"https:\/\/ranoja.ee\/wp-content\/uploads\/2023\/11\/ranoja-Logo.png","contentUrl":"https:\/\/ranoja.ee\/wp-content\/uploads\/2023\/11\/ranoja-Logo.png","width":207,"height":58,"caption":"Ranoja O\u00dc"},"image":{"@id":"https:\/\/ranoja.ee\/#\/schema\/logo\/image\/"},"sameAs":["https:\/\/www.facebook.com\/ranoja.ee","https:\/\/www.instagram.com\/ranoja__\/"]}]}},"_links":{"self":[{"href":"https:\/\/ranoja.ee\/en\/wp-json\/wp\/v2\/product\/57502","targetHints":{"allow":["GET"]}}],"collection":[{"href":"https:\/\/ranoja.ee\/en\/wp-json\/wp\/v2\/product"}],"about":[{"href":"https:\/\/ranoja.ee\/en\/wp-json\/wp\/v2\/types\/product"}],"wp:featuredmedia":[{"embeddable":true,"href":"https:\/\/ranoja.ee\/en\/wp-json\/wp\/v2\/media\/57503"}],"wp:attachment":[{"href":"https:\/\/ranoja.ee\/en\/wp-json\/wp\/v2\/media?parent=57502"}],"wp:term":[{"taxonomy":"product_cat","embeddable":true,"href":"https:\/\/ranoja.ee\/en\/wp-json\/wp\/v2\/product_cat?post=57502"},{"taxonomy":"product_tag","embeddable":true,"href":"https:\/\/ranoja.ee\/en\/wp-json\/wp\/v2\/product_tag?post=57502"}],"curies":[{"name":"wp","href":"https:\/\/api.w.org\/{rel}","templated":true}]}}