{"id":57480,"date":"2026-03-17T01:49:04","date_gmt":"2026-03-16T22:49:04","guid":{"rendered":"https:\/\/ranoja.ee\/toode\/aku-sbp4-0-20-v-40-ah-li-ioon-scheppach\/"},"modified":"2026-03-17T15:44:50","modified_gmt":"2026-03-17T12:44:50","slug":"aku-sbp4-0-20-v-40-ah-li-ioon-scheppach","status":"publish","type":"product","link":"https:\/\/ranoja.ee\/en\/toode\/aku-sbp4-0-20-v-40-ah-li-ioon-scheppach\/","title":{"rendered":"Aku SBP4.0, 20 V \/ 4,0 Ah, Li-ioon, Scheppach"},"content":{"rendered":"","protected":false},"excerpt":{"rendered":"<p>Selle 20 V liitiumioonaku 4,0 Ah abil saate oma t\u00f6\u00f6riistu h\u00f5lpsalt kasutada<br \/>\nSellel on topelt t\u00f6\u00f6aeg v\u00f5rreldes tavalisel 2,0 Ah kompaktakul<br \/>\nAkul indikaator, mis n\u00e4itab laetusastet<br \/>\nSobib Scheppachi uue p\u00f5lvkonna (alates 2024 a) 20 V t\u00f6\u00f6riistade ja laadijatega<br \/>\nM\u00e4luefektita liitiumioonv\u00f5imsus<br \/>\nLaadimine 60 minutiga v\u00f5i v\u00e4hem kui kasutada laadijat SBC4.5A (laadija m\u00fc\u00fcakse eraldi)<br \/>\nElementide tasakaalustamine \u2013 pikem aku t\u00f6\u00f6aeg, pikendab aku eluiga:<br \/>\n&#8211; Pikem aku t\u00f6\u00f6aeg ja eluiga t\u00e4nu \u00fchtlaselt pingestatud elementidele<br \/>\n&#8211; Kasutab maksimaalselt \u00e4ra laengupotentsiaali<\/p>\n<p>Scheppachi elektrilised k\u00e4sit\u00f6\u00f6riistad on m\u00f5eldud n\u00f5udlikule hobikasutajale.<\/p>\n","protected":false},"featured_media":57481,"template":"","meta":{"inline_featured_image":false},"product_cat":[5061,5062,5060,1094],"product_tag":[],"class_list":{"0":"post-57480","1":"product","2":"type-product","3":"status-publish","4":"has-post-thumbnail","6":"product_brand-scheppach","7":"product_cat-18-25","8":"product_cat-4-v","9":"product_cat-akud-ja-laadijad-tooriistadele","10":"product_cat-akutooriistad","12":"first","13":"instock","14":"purchasable","15":"product-type-simple"},"yoast_head":"<!-- This site is optimized with the Yoast SEO plugin v27.4 - https:\/\/yoast.com\/product\/yoast-seo-wordpress\/ -->\n<title>Aku SBP4.0, 20 V \/ 4,0 Ah, Li-ioon, Scheppach - Ranoja<\/title>\n<meta name=\"robots\" content=\"index, follow, max-snippet:-1, max-image-preview:large, max-video-preview:-1\" \/>\n<link rel=\"canonical\" href=\"https:\/\/ranoja.ee\/toode\/aku-sbp4-0-20-v-40-ah-li-ioon-scheppach\/\" \/>\n<meta property=\"og:locale\" content=\"en_US\" \/>\n<meta property=\"og:type\" content=\"article\" \/>\n<meta property=\"og:title\" content=\"Aku SBP4.0, 20 V \/ 4,0 Ah, Li-ioon, Scheppach - Ranoja\" \/>\n<meta property=\"og:description\" content=\"Selle 20 V liitiumioonaku 4,0 Ah abil saate oma t\u00f6\u00f6riistu h\u00f5lpsalt kasutada Sellel on topelt t\u00f6\u00f6aeg v\u00f5rreldes tavalisel 2,0 Ah kompaktakul Akul indikaator, mis n\u00e4itab laetusastet Sobib Scheppachi uue p\u00f5lvkonna (alates 2024 a) 20 V t\u00f6\u00f6riistade ja laadijatega M\u00e4luefektita liitiumioonv\u00f5imsus Laadimine 60 minutiga v\u00f5i v\u00e4hem kui kasutada laadijat SBC4.5A (laadija m\u00fc\u00fcakse eraldi) Elementide tasakaalustamine \u2013 pikem aku t\u00f6\u00f6aeg, pikendab aku eluiga: - Pikem aku t\u00f6\u00f6aeg ja eluiga t\u00e4nu \u00fchtlaselt pingestatud elementidele - Kasutab maksimaalselt \u00e4ra laengupotentsiaali Scheppachi elektrilised k\u00e4sit\u00f6\u00f6riistad on m\u00f5eldud n\u00f5udlikule hobikasutajale.\" \/>\n<meta property=\"og:url\" content=\"https:\/\/ranoja.ee\/toode\/aku-sbp4-0-20-v-40-ah-li-ioon-scheppach\/\" \/>\n<meta property=\"og:site_name\" content=\"Ranoja\" \/>\n<meta property=\"article:publisher\" content=\"https:\/\/www.facebook.com\/ranoja.ee\" \/>\n<meta property=\"article:modified_time\" content=\"2026-03-17T12:44:50+00:00\" \/>\n<meta property=\"og:image\" content=\"https:\/\/ranoja.ee\/wp-content\/uploads\/2026\/03\/261288711.jpg\" \/>\n\t<meta property=\"og:image:width\" content=\"900\" \/>\n\t<meta property=\"og:image:height\" content=\"639\" \/>\n\t<meta property=\"og:image:type\" content=\"image\/jpeg\" \/>\n<meta name=\"twitter:card\" content=\"summary_large_image\" \/>\n<script type=\"application\/ld+json\" class=\"yoast-schema-graph\">{\"@context\":\"https:\\\/\\\/schema.org\",\"@graph\":[{\"@type\":\"WebPage\",\"@id\":\"https:\\\/\\\/ranoja.ee\\\/toode\\\/aku-sbp4-0-20-v-40-ah-li-ioon-scheppach\\\/\",\"url\":\"https:\\\/\\\/ranoja.ee\\\/toode\\\/aku-sbp4-0-20-v-40-ah-li-ioon-scheppach\\\/\",\"name\":\"Aku SBP4.0, 20 V \\\/ 4,0 Ah, Li-ioon, Scheppach - Ranoja\",\"isPartOf\":{\"@id\":\"https:\\\/\\\/ranoja.ee\\\/#website\"},\"primaryImageOfPage\":{\"@id\":\"https:\\\/\\\/ranoja.ee\\\/toode\\\/aku-sbp4-0-20-v-40-ah-li-ioon-scheppach\\\/#primaryimage\"},\"image\":{\"@id\":\"https:\\\/\\\/ranoja.ee\\\/toode\\\/aku-sbp4-0-20-v-40-ah-li-ioon-scheppach\\\/#primaryimage\"},\"thumbnailUrl\":\"https:\\\/\\\/ranoja.ee\\\/wp-content\\\/uploads\\\/2026\\\/03\\\/261288711.jpg\",\"datePublished\":\"2026-03-16T22:49:04+00:00\",\"dateModified\":\"2026-03-17T12:44:50+00:00\",\"breadcrumb\":{\"@id\":\"https:\\\/\\\/ranoja.ee\\\/toode\\\/aku-sbp4-0-20-v-40-ah-li-ioon-scheppach\\\/#breadcrumb\"},\"inLanguage\":\"en-US\",\"potentialAction\":[{\"@type\":\"ReadAction\",\"target\":[\"https:\\\/\\\/ranoja.ee\\\/toode\\\/aku-sbp4-0-20-v-40-ah-li-ioon-scheppach\\\/\"]}]},{\"@type\":\"ImageObject\",\"inLanguage\":\"en-US\",\"@id\":\"https:\\\/\\\/ranoja.ee\\\/toode\\\/aku-sbp4-0-20-v-40-ah-li-ioon-scheppach\\\/#primaryimage\",\"url\":\"https:\\\/\\\/ranoja.ee\\\/wp-content\\\/uploads\\\/2026\\\/03\\\/261288711.jpg\",\"contentUrl\":\"https:\\\/\\\/ranoja.ee\\\/wp-content\\\/uploads\\\/2026\\\/03\\\/261288711.jpg\",\"width\":900,\"height\":639},{\"@type\":\"BreadcrumbList\",\"@id\":\"https:\\\/\\\/ranoja.ee\\\/toode\\\/aku-sbp4-0-20-v-40-ah-li-ioon-scheppach\\\/#breadcrumb\",\"itemListElement\":[{\"@type\":\"ListItem\",\"position\":1,\"name\":\"Home\",\"item\":\"https:\\\/\\\/ranoja.ee\\\/\"},{\"@type\":\"ListItem\",\"position\":2,\"name\":\"Shop\",\"item\":\"https:\\\/\\\/ranoja.ee\\\/en\\\/shop\\\/\"},{\"@type\":\"ListItem\",\"position\":3,\"name\":\"Aku SBP4.0, 20 V \\\/ 4,0 Ah, Li-ioon, Scheppach\"}]},{\"@type\":\"WebSite\",\"@id\":\"https:\\\/\\\/ranoja.ee\\\/#website\",\"url\":\"https:\\\/\\\/ranoja.ee\\\/\",\"name\":\"Ranoja\",\"description\":\"Equipment Shop WooCommerce WordPress Theme for Machine &amp; Tools\",\"publisher\":{\"@id\":\"https:\\\/\\\/ranoja.ee\\\/#organization\"},\"potentialAction\":[{\"@type\":\"SearchAction\",\"target\":{\"@type\":\"EntryPoint\",\"urlTemplate\":\"https:\\\/\\\/ranoja.ee\\\/?s={search_term_string}\"},\"query-input\":{\"@type\":\"PropertyValueSpecification\",\"valueRequired\":true,\"valueName\":\"search_term_string\"}}],\"inLanguage\":\"en-US\"},{\"@type\":\"Organization\",\"@id\":\"https:\\\/\\\/ranoja.ee\\\/#organization\",\"name\":\"Ranoja O\u00dc\",\"url\":\"https:\\\/\\\/ranoja.ee\\\/\",\"logo\":{\"@type\":\"ImageObject\",\"inLanguage\":\"en-US\",\"@id\":\"https:\\\/\\\/ranoja.ee\\\/#\\\/schema\\\/logo\\\/image\\\/\",\"url\":\"https:\\\/\\\/ranoja.ee\\\/wp-content\\\/uploads\\\/2023\\\/11\\\/ranoja-Logo.png\",\"contentUrl\":\"https:\\\/\\\/ranoja.ee\\\/wp-content\\\/uploads\\\/2023\\\/11\\\/ranoja-Logo.png\",\"width\":207,\"height\":58,\"caption\":\"Ranoja O\u00dc\"},\"image\":{\"@id\":\"https:\\\/\\\/ranoja.ee\\\/#\\\/schema\\\/logo\\\/image\\\/\"},\"sameAs\":[\"https:\\\/\\\/www.facebook.com\\\/ranoja.ee\",\"https:\\\/\\\/www.instagram.com\\\/ranoja__\\\/\"]}]}<\/script>\n<!-- \/ Yoast SEO plugin. -->","yoast_head_json":{"title":"Aku SBP4.0, 20 V \/ 4,0 Ah, Li-ioon, Scheppach - Ranoja","robots":{"index":"index","follow":"follow","max-snippet":"max-snippet:-1","max-image-preview":"max-image-preview:large","max-video-preview":"max-video-preview:-1"},"canonical":"https:\/\/ranoja.ee\/toode\/aku-sbp4-0-20-v-40-ah-li-ioon-scheppach\/","og_locale":"en_US","og_type":"article","og_title":"Aku SBP4.0, 20 V \/ 4,0 Ah, Li-ioon, Scheppach - Ranoja","og_description":"Selle 20 V liitiumioonaku 4,0 Ah abil saate oma t\u00f6\u00f6riistu h\u00f5lpsalt kasutada Sellel on topelt t\u00f6\u00f6aeg v\u00f5rreldes tavalisel 2,0 Ah kompaktakul Akul indikaator, mis n\u00e4itab laetusastet Sobib Scheppachi uue p\u00f5lvkonna (alates 2024 a) 20 V t\u00f6\u00f6riistade ja laadijatega M\u00e4luefektita liitiumioonv\u00f5imsus Laadimine 60 minutiga v\u00f5i v\u00e4hem kui kasutada laadijat SBC4.5A (laadija m\u00fc\u00fcakse eraldi) Elementide tasakaalustamine \u2013 pikem aku t\u00f6\u00f6aeg, pikendab aku eluiga: - Pikem aku t\u00f6\u00f6aeg ja eluiga t\u00e4nu \u00fchtlaselt pingestatud elementidele - Kasutab maksimaalselt \u00e4ra laengupotentsiaali Scheppachi elektrilised k\u00e4sit\u00f6\u00f6riistad on m\u00f5eldud n\u00f5udlikule hobikasutajale.","og_url":"https:\/\/ranoja.ee\/toode\/aku-sbp4-0-20-v-40-ah-li-ioon-scheppach\/","og_site_name":"Ranoja","article_publisher":"https:\/\/www.facebook.com\/ranoja.ee","article_modified_time":"2026-03-17T12:44:50+00:00","og_image":[{"width":900,"height":639,"url":"https:\/\/ranoja.ee\/wp-content\/uploads\/2026\/03\/261288711.jpg","type":"image\/jpeg"}],"twitter_card":"summary_large_image","schema":{"@context":"https:\/\/schema.org","@graph":[{"@type":"WebPage","@id":"https:\/\/ranoja.ee\/toode\/aku-sbp4-0-20-v-40-ah-li-ioon-scheppach\/","url":"https:\/\/ranoja.ee\/toode\/aku-sbp4-0-20-v-40-ah-li-ioon-scheppach\/","name":"Aku SBP4.0, 20 V \/ 4,0 Ah, Li-ioon, Scheppach - Ranoja","isPartOf":{"@id":"https:\/\/ranoja.ee\/#website"},"primaryImageOfPage":{"@id":"https:\/\/ranoja.ee\/toode\/aku-sbp4-0-20-v-40-ah-li-ioon-scheppach\/#primaryimage"},"image":{"@id":"https:\/\/ranoja.ee\/toode\/aku-sbp4-0-20-v-40-ah-li-ioon-scheppach\/#primaryimage"},"thumbnailUrl":"https:\/\/ranoja.ee\/wp-content\/uploads\/2026\/03\/261288711.jpg","datePublished":"2026-03-16T22:49:04+00:00","dateModified":"2026-03-17T12:44:50+00:00","breadcrumb":{"@id":"https:\/\/ranoja.ee\/toode\/aku-sbp4-0-20-v-40-ah-li-ioon-scheppach\/#breadcrumb"},"inLanguage":"en-US","potentialAction":[{"@type":"ReadAction","target":["https:\/\/ranoja.ee\/toode\/aku-sbp4-0-20-v-40-ah-li-ioon-scheppach\/"]}]},{"@type":"ImageObject","inLanguage":"en-US","@id":"https:\/\/ranoja.ee\/toode\/aku-sbp4-0-20-v-40-ah-li-ioon-scheppach\/#primaryimage","url":"https:\/\/ranoja.ee\/wp-content\/uploads\/2026\/03\/261288711.jpg","contentUrl":"https:\/\/ranoja.ee\/wp-content\/uploads\/2026\/03\/261288711.jpg","width":900,"height":639},{"@type":"BreadcrumbList","@id":"https:\/\/ranoja.ee\/toode\/aku-sbp4-0-20-v-40-ah-li-ioon-scheppach\/#breadcrumb","itemListElement":[{"@type":"ListItem","position":1,"name":"Home","item":"https:\/\/ranoja.ee\/"},{"@type":"ListItem","position":2,"name":"Shop","item":"https:\/\/ranoja.ee\/en\/shop\/"},{"@type":"ListItem","position":3,"name":"Aku SBP4.0, 20 V \/ 4,0 Ah, Li-ioon, Scheppach"}]},{"@type":"WebSite","@id":"https:\/\/ranoja.ee\/#website","url":"https:\/\/ranoja.ee\/","name":"Ranoja","description":"Equipment Shop WooCommerce WordPress Theme for Machine &amp; Tools","publisher":{"@id":"https:\/\/ranoja.ee\/#organization"},"potentialAction":[{"@type":"SearchAction","target":{"@type":"EntryPoint","urlTemplate":"https:\/\/ranoja.ee\/?s={search_term_string}"},"query-input":{"@type":"PropertyValueSpecification","valueRequired":true,"valueName":"search_term_string"}}],"inLanguage":"en-US"},{"@type":"Organization","@id":"https:\/\/ranoja.ee\/#organization","name":"Ranoja O\u00dc","url":"https:\/\/ranoja.ee\/","logo":{"@type":"ImageObject","inLanguage":"en-US","@id":"https:\/\/ranoja.ee\/#\/schema\/logo\/image\/","url":"https:\/\/ranoja.ee\/wp-content\/uploads\/2023\/11\/ranoja-Logo.png","contentUrl":"https:\/\/ranoja.ee\/wp-content\/uploads\/2023\/11\/ranoja-Logo.png","width":207,"height":58,"caption":"Ranoja O\u00dc"},"image":{"@id":"https:\/\/ranoja.ee\/#\/schema\/logo\/image\/"},"sameAs":["https:\/\/www.facebook.com\/ranoja.ee","https:\/\/www.instagram.com\/ranoja__\/"]}]}},"_links":{"self":[{"href":"https:\/\/ranoja.ee\/en\/wp-json\/wp\/v2\/product\/57480","targetHints":{"allow":["GET"]}}],"collection":[{"href":"https:\/\/ranoja.ee\/en\/wp-json\/wp\/v2\/product"}],"about":[{"href":"https:\/\/ranoja.ee\/en\/wp-json\/wp\/v2\/types\/product"}],"wp:featuredmedia":[{"embeddable":true,"href":"https:\/\/ranoja.ee\/en\/wp-json\/wp\/v2\/media\/57481"}],"wp:attachment":[{"href":"https:\/\/ranoja.ee\/en\/wp-json\/wp\/v2\/media?parent=57480"}],"wp:term":[{"taxonomy":"product_cat","embeddable":true,"href":"https:\/\/ranoja.ee\/en\/wp-json\/wp\/v2\/product_cat?post=57480"},{"taxonomy":"product_tag","embeddable":true,"href":"https:\/\/ranoja.ee\/en\/wp-json\/wp\/v2\/product_tag?post=57480"}],"curies":[{"name":"wp","href":"https:\/\/api.w.org\/{rel}","templated":true}]}}