{"id":57437,"date":"2026-03-17T01:48:36","date_gmt":"2026-03-16T22:48:36","guid":{"rendered":"https:\/\/ranoja.ee\/toode\/universaaloli-multi-spray-500ml-motip\/"},"modified":"2026-03-17T15:44:50","modified_gmt":"2026-03-17T12:44:50","slug":"universaaloli-multi-spray-500ml-motip","status":"publish","type":"product","link":"https:\/\/ranoja.ee\/en\/toode\/universaaloli-multi-spray-500ml-motip\/","title":{"rendered":"Universaal\u00f5li Multi Spray 500ml, Motip"},"content":{"rendered":"","protected":false},"excerpt":{"rendered":"<p>Universaal\u00f5li metall, plast ja kummiosade m\u00e4\u00e4rimiseks ja kaitseks nii kodus kui t\u00f6\u00f6kojas.<\/p>\n<p>KASUTUSVALDKOND:<br \/>\nM\u00e4\u00e4rib t\u00f6\u00f6riistad, hinged, lukud, ketid, niidukid, jooksutrenazoorid jne. Suurep\u00e4rane vahend trosside puhastamiseks ja m\u00e4\u00e4rimiseks. Hea l\u00e4bitungimisv\u00f5imega. Tungib kiirelt s\u00fcgavale keermetesse ja \u00fchendustesse. Eemaldab kriginad ja naginad. T\u00f5rjub niiskust. Kaitseb metallpindasid rooste ja korrosiooni vastu. Puhastab pigi, \u00f5li ja muu mustuse plastik ja metallpindadel.<\/p>\n<p>TEHNILINE INFO:<br \/>\nBaasained: mineraal\u00f5li<br \/>\nV\u00e4rvus: pruunikas<br \/>\nKulu: 1,98g\/sec<br \/>\nTihedus 20\u00b0C juures: 0,80g\/ml<br \/>\nTemperatuuritaluvus -50C  kuni +200C<\/p>\n<p>KASUTAMINE:<br \/>\nEnnem kasutamist hoiustada toodet toatemperatuuril ja loksutada<br \/>\nSoovitav kasutamistemperatuur +5\u00b0 kuni +30\u00b0C<br \/>\nPihusta \u00f5huke kiht kaitstavale pinnale ja p\u00fchi \u00fcleliigne.<\/p>\n","protected":false},"featured_media":57438,"template":"","meta":{"inline_featured_image":false},"product_cat":[5010,5039,5009],"product_tag":[],"class_list":{"0":"post-57437","1":"product","2":"type-product","3":"status-publish","4":"has-post-thumbnail","6":"product_brand-motip","7":"product_cat-tehnilised-aerosoolid","8":"product_cat-tehnilised-maarded","9":"product_cat-toostus-ja-autokeemia","11":"first","12":"outofstock","13":"purchasable","14":"product-type-simple"},"yoast_head":"<!-- This site is optimized with the Yoast SEO plugin v27.4 - https:\/\/yoast.com\/product\/yoast-seo-wordpress\/ -->\n<title>Universaal\u00f5li Multi Spray 500ml, Motip - Ranoja<\/title>\n<meta name=\"robots\" content=\"index, follow, max-snippet:-1, max-image-preview:large, max-video-preview:-1\" \/>\n<link rel=\"canonical\" href=\"https:\/\/ranoja.ee\/toode\/universaaloli-multi-spray-500ml-motip\/\" \/>\n<meta property=\"og:locale\" content=\"en_US\" \/>\n<meta property=\"og:type\" content=\"article\" \/>\n<meta property=\"og:title\" content=\"Universaal\u00f5li Multi Spray 500ml, Motip - Ranoja\" \/>\n<meta property=\"og:description\" content=\"Universaal\u00f5li metall, plast ja kummiosade m\u00e4\u00e4rimiseks ja kaitseks nii kodus kui t\u00f6\u00f6kojas. KASUTUSVALDKOND: M\u00e4\u00e4rib t\u00f6\u00f6riistad, hinged, lukud, ketid, niidukid, jooksutrenazoorid jne. Suurep\u00e4rane vahend trosside puhastamiseks ja m\u00e4\u00e4rimiseks. Hea l\u00e4bitungimisv\u00f5imega. Tungib kiirelt s\u00fcgavale keermetesse ja \u00fchendustesse. Eemaldab kriginad ja naginad. T\u00f5rjub niiskust. Kaitseb metallpindasid rooste ja korrosiooni vastu. Puhastab pigi, \u00f5li ja muu mustuse plastik ja metallpindadel. TEHNILINE INFO: Baasained: mineraal\u00f5li V\u00e4rvus: pruunikas Kulu: 1,98g\/sec Tihedus 20\u00b0C juures: 0,80g\/ml Temperatuuritaluvus -50C kuni +200C KASUTAMINE: Ennem kasutamist hoiustada toodet toatemperatuuril ja loksutada Soovitav kasutamistemperatuur +5\u00b0 kuni +30\u00b0C Pihusta \u00f5huke kiht kaitstavale pinnale ja p\u00fchi \u00fcleliigne.\" \/>\n<meta property=\"og:url\" content=\"https:\/\/ranoja.ee\/toode\/universaaloli-multi-spray-500ml-motip\/\" \/>\n<meta property=\"og:site_name\" content=\"Ranoja\" \/>\n<meta property=\"article:publisher\" content=\"https:\/\/www.facebook.com\/ranoja.ee\" \/>\n<meta property=\"article:modified_time\" content=\"2026-03-17T12:44:50+00:00\" \/>\n<meta property=\"og:image\" content=\"https:\/\/ranoja.ee\/wp-content\/uploads\/2026\/03\/124587721.jpg\" \/>\n\t<meta property=\"og:image:width\" content=\"900\" \/>\n\t<meta property=\"og:image:height\" content=\"600\" \/>\n\t<meta property=\"og:image:type\" content=\"image\/jpeg\" \/>\n<meta name=\"twitter:card\" content=\"summary_large_image\" \/>\n<script type=\"application\/ld+json\" class=\"yoast-schema-graph\">{\"@context\":\"https:\\\/\\\/schema.org\",\"@graph\":[{\"@type\":\"WebPage\",\"@id\":\"https:\\\/\\\/ranoja.ee\\\/toode\\\/universaaloli-multi-spray-500ml-motip\\\/\",\"url\":\"https:\\\/\\\/ranoja.ee\\\/toode\\\/universaaloli-multi-spray-500ml-motip\\\/\",\"name\":\"Universaal\u00f5li Multi Spray 500ml, Motip - Ranoja\",\"isPartOf\":{\"@id\":\"https:\\\/\\\/ranoja.ee\\\/#website\"},\"primaryImageOfPage\":{\"@id\":\"https:\\\/\\\/ranoja.ee\\\/toode\\\/universaaloli-multi-spray-500ml-motip\\\/#primaryimage\"},\"image\":{\"@id\":\"https:\\\/\\\/ranoja.ee\\\/toode\\\/universaaloli-multi-spray-500ml-motip\\\/#primaryimage\"},\"thumbnailUrl\":\"https:\\\/\\\/ranoja.ee\\\/wp-content\\\/uploads\\\/2026\\\/03\\\/124587721.jpg\",\"datePublished\":\"2026-03-16T22:48:36+00:00\",\"dateModified\":\"2026-03-17T12:44:50+00:00\",\"breadcrumb\":{\"@id\":\"https:\\\/\\\/ranoja.ee\\\/toode\\\/universaaloli-multi-spray-500ml-motip\\\/#breadcrumb\"},\"inLanguage\":\"en-US\",\"potentialAction\":[{\"@type\":\"ReadAction\",\"target\":[\"https:\\\/\\\/ranoja.ee\\\/toode\\\/universaaloli-multi-spray-500ml-motip\\\/\"]}]},{\"@type\":\"ImageObject\",\"inLanguage\":\"en-US\",\"@id\":\"https:\\\/\\\/ranoja.ee\\\/toode\\\/universaaloli-multi-spray-500ml-motip\\\/#primaryimage\",\"url\":\"https:\\\/\\\/ranoja.ee\\\/wp-content\\\/uploads\\\/2026\\\/03\\\/124587721.jpg\",\"contentUrl\":\"https:\\\/\\\/ranoja.ee\\\/wp-content\\\/uploads\\\/2026\\\/03\\\/124587721.jpg\",\"width\":900,\"height\":600},{\"@type\":\"BreadcrumbList\",\"@id\":\"https:\\\/\\\/ranoja.ee\\\/toode\\\/universaaloli-multi-spray-500ml-motip\\\/#breadcrumb\",\"itemListElement\":[{\"@type\":\"ListItem\",\"position\":1,\"name\":\"Home\",\"item\":\"https:\\\/\\\/ranoja.ee\\\/\"},{\"@type\":\"ListItem\",\"position\":2,\"name\":\"Shop\",\"item\":\"https:\\\/\\\/ranoja.ee\\\/en\\\/shop\\\/\"},{\"@type\":\"ListItem\",\"position\":3,\"name\":\"Universaal\u00f5li Multi Spray 500ml, Motip\"}]},{\"@type\":\"WebSite\",\"@id\":\"https:\\\/\\\/ranoja.ee\\\/#website\",\"url\":\"https:\\\/\\\/ranoja.ee\\\/\",\"name\":\"Ranoja\",\"description\":\"Equipment Shop WooCommerce WordPress Theme for Machine &amp; Tools\",\"publisher\":{\"@id\":\"https:\\\/\\\/ranoja.ee\\\/#organization\"},\"potentialAction\":[{\"@type\":\"SearchAction\",\"target\":{\"@type\":\"EntryPoint\",\"urlTemplate\":\"https:\\\/\\\/ranoja.ee\\\/?s={search_term_string}\"},\"query-input\":{\"@type\":\"PropertyValueSpecification\",\"valueRequired\":true,\"valueName\":\"search_term_string\"}}],\"inLanguage\":\"en-US\"},{\"@type\":\"Organization\",\"@id\":\"https:\\\/\\\/ranoja.ee\\\/#organization\",\"name\":\"Ranoja O\u00dc\",\"url\":\"https:\\\/\\\/ranoja.ee\\\/\",\"logo\":{\"@type\":\"ImageObject\",\"inLanguage\":\"en-US\",\"@id\":\"https:\\\/\\\/ranoja.ee\\\/#\\\/schema\\\/logo\\\/image\\\/\",\"url\":\"https:\\\/\\\/ranoja.ee\\\/wp-content\\\/uploads\\\/2023\\\/11\\\/ranoja-Logo.png\",\"contentUrl\":\"https:\\\/\\\/ranoja.ee\\\/wp-content\\\/uploads\\\/2023\\\/11\\\/ranoja-Logo.png\",\"width\":207,\"height\":58,\"caption\":\"Ranoja O\u00dc\"},\"image\":{\"@id\":\"https:\\\/\\\/ranoja.ee\\\/#\\\/schema\\\/logo\\\/image\\\/\"},\"sameAs\":[\"https:\\\/\\\/www.facebook.com\\\/ranoja.ee\",\"https:\\\/\\\/www.instagram.com\\\/ranoja__\\\/\"]}]}<\/script>\n<!-- \/ Yoast SEO plugin. -->","yoast_head_json":{"title":"Universaal\u00f5li Multi Spray 500ml, Motip - Ranoja","robots":{"index":"index","follow":"follow","max-snippet":"max-snippet:-1","max-image-preview":"max-image-preview:large","max-video-preview":"max-video-preview:-1"},"canonical":"https:\/\/ranoja.ee\/toode\/universaaloli-multi-spray-500ml-motip\/","og_locale":"en_US","og_type":"article","og_title":"Universaal\u00f5li Multi Spray 500ml, Motip - Ranoja","og_description":"Universaal\u00f5li metall, plast ja kummiosade m\u00e4\u00e4rimiseks ja kaitseks nii kodus kui t\u00f6\u00f6kojas. KASUTUSVALDKOND: M\u00e4\u00e4rib t\u00f6\u00f6riistad, hinged, lukud, ketid, niidukid, jooksutrenazoorid jne. Suurep\u00e4rane vahend trosside puhastamiseks ja m\u00e4\u00e4rimiseks. Hea l\u00e4bitungimisv\u00f5imega. Tungib kiirelt s\u00fcgavale keermetesse ja \u00fchendustesse. Eemaldab kriginad ja naginad. T\u00f5rjub niiskust. Kaitseb metallpindasid rooste ja korrosiooni vastu. Puhastab pigi, \u00f5li ja muu mustuse plastik ja metallpindadel. TEHNILINE INFO: Baasained: mineraal\u00f5li V\u00e4rvus: pruunikas Kulu: 1,98g\/sec Tihedus 20\u00b0C juures: 0,80g\/ml Temperatuuritaluvus -50C kuni +200C KASUTAMINE: Ennem kasutamist hoiustada toodet toatemperatuuril ja loksutada Soovitav kasutamistemperatuur +5\u00b0 kuni +30\u00b0C Pihusta \u00f5huke kiht kaitstavale pinnale ja p\u00fchi \u00fcleliigne.","og_url":"https:\/\/ranoja.ee\/toode\/universaaloli-multi-spray-500ml-motip\/","og_site_name":"Ranoja","article_publisher":"https:\/\/www.facebook.com\/ranoja.ee","article_modified_time":"2026-03-17T12:44:50+00:00","og_image":[{"width":900,"height":600,"url":"https:\/\/ranoja.ee\/wp-content\/uploads\/2026\/03\/124587721.jpg","type":"image\/jpeg"}],"twitter_card":"summary_large_image","schema":{"@context":"https:\/\/schema.org","@graph":[{"@type":"WebPage","@id":"https:\/\/ranoja.ee\/toode\/universaaloli-multi-spray-500ml-motip\/","url":"https:\/\/ranoja.ee\/toode\/universaaloli-multi-spray-500ml-motip\/","name":"Universaal\u00f5li Multi Spray 500ml, Motip - Ranoja","isPartOf":{"@id":"https:\/\/ranoja.ee\/#website"},"primaryImageOfPage":{"@id":"https:\/\/ranoja.ee\/toode\/universaaloli-multi-spray-500ml-motip\/#primaryimage"},"image":{"@id":"https:\/\/ranoja.ee\/toode\/universaaloli-multi-spray-500ml-motip\/#primaryimage"},"thumbnailUrl":"https:\/\/ranoja.ee\/wp-content\/uploads\/2026\/03\/124587721.jpg","datePublished":"2026-03-16T22:48:36+00:00","dateModified":"2026-03-17T12:44:50+00:00","breadcrumb":{"@id":"https:\/\/ranoja.ee\/toode\/universaaloli-multi-spray-500ml-motip\/#breadcrumb"},"inLanguage":"en-US","potentialAction":[{"@type":"ReadAction","target":["https:\/\/ranoja.ee\/toode\/universaaloli-multi-spray-500ml-motip\/"]}]},{"@type":"ImageObject","inLanguage":"en-US","@id":"https:\/\/ranoja.ee\/toode\/universaaloli-multi-spray-500ml-motip\/#primaryimage","url":"https:\/\/ranoja.ee\/wp-content\/uploads\/2026\/03\/124587721.jpg","contentUrl":"https:\/\/ranoja.ee\/wp-content\/uploads\/2026\/03\/124587721.jpg","width":900,"height":600},{"@type":"BreadcrumbList","@id":"https:\/\/ranoja.ee\/toode\/universaaloli-multi-spray-500ml-motip\/#breadcrumb","itemListElement":[{"@type":"ListItem","position":1,"name":"Home","item":"https:\/\/ranoja.ee\/"},{"@type":"ListItem","position":2,"name":"Shop","item":"https:\/\/ranoja.ee\/en\/shop\/"},{"@type":"ListItem","position":3,"name":"Universaal\u00f5li Multi Spray 500ml, Motip"}]},{"@type":"WebSite","@id":"https:\/\/ranoja.ee\/#website","url":"https:\/\/ranoja.ee\/","name":"Ranoja","description":"Equipment Shop WooCommerce WordPress Theme for Machine &amp; Tools","publisher":{"@id":"https:\/\/ranoja.ee\/#organization"},"potentialAction":[{"@type":"SearchAction","target":{"@type":"EntryPoint","urlTemplate":"https:\/\/ranoja.ee\/?s={search_term_string}"},"query-input":{"@type":"PropertyValueSpecification","valueRequired":true,"valueName":"search_term_string"}}],"inLanguage":"en-US"},{"@type":"Organization","@id":"https:\/\/ranoja.ee\/#organization","name":"Ranoja O\u00dc","url":"https:\/\/ranoja.ee\/","logo":{"@type":"ImageObject","inLanguage":"en-US","@id":"https:\/\/ranoja.ee\/#\/schema\/logo\/image\/","url":"https:\/\/ranoja.ee\/wp-content\/uploads\/2023\/11\/ranoja-Logo.png","contentUrl":"https:\/\/ranoja.ee\/wp-content\/uploads\/2023\/11\/ranoja-Logo.png","width":207,"height":58,"caption":"Ranoja O\u00dc"},"image":{"@id":"https:\/\/ranoja.ee\/#\/schema\/logo\/image\/"},"sameAs":["https:\/\/www.facebook.com\/ranoja.ee","https:\/\/www.instagram.com\/ranoja__\/"]}]}},"_links":{"self":[{"href":"https:\/\/ranoja.ee\/en\/wp-json\/wp\/v2\/product\/57437","targetHints":{"allow":["GET"]}}],"collection":[{"href":"https:\/\/ranoja.ee\/en\/wp-json\/wp\/v2\/product"}],"about":[{"href":"https:\/\/ranoja.ee\/en\/wp-json\/wp\/v2\/types\/product"}],"wp:featuredmedia":[{"embeddable":true,"href":"https:\/\/ranoja.ee\/en\/wp-json\/wp\/v2\/media\/57438"}],"wp:attachment":[{"href":"https:\/\/ranoja.ee\/en\/wp-json\/wp\/v2\/media?parent=57437"}],"wp:term":[{"taxonomy":"product_cat","embeddable":true,"href":"https:\/\/ranoja.ee\/en\/wp-json\/wp\/v2\/product_cat?post=57437"},{"taxonomy":"product_tag","embeddable":true,"href":"https:\/\/ranoja.ee\/en\/wp-json\/wp\/v2\/product_tag?post=57437"}],"curies":[{"name":"wp","href":"https:\/\/api.w.org\/{rel}","templated":true}]}}