{"id":57423,"date":"2026-03-17T01:48:36","date_gmt":"2026-03-16T22:48:36","guid":{"rendered":"https:\/\/ranoja.ee\/toode\/saasepeletaja-e55x-thermacell\/"},"modified":"2026-03-17T15:44:50","modified_gmt":"2026-03-17T12:44:50","slug":"saasepeletaja-e55x-thermacell","status":"publish","type":"product","link":"https:\/\/ranoja.ee\/en\/toode\/saasepeletaja-e55x-thermacell\/","title":{"rendered":"S\u00e4\u00e4sepeletaja E55X, Thermacell"},"content":{"rendered":"","protected":false},"excerpt":{"rendered":"<p>Akutoitel Thermacelli s\u00e4\u00e4sepeletaja t\u00f5rjub s\u00e4\u00e4ski t\u00f5husalt, tekitades enda \u00fcmber 29 m\u00b2 suuruse s\u00e4\u00e4sekaitsev\u00f6\u00f6ndi. <br \/>\nE55 saab v\u00f5tta kaasa peaaegu k\u00f5ikjale, et t\u00fc\u00fctuid s\u00e4\u00e4ski eemale peletada, peatades nad enne, kui nad teid hammustama v\u00f5i h\u00e4irima j\u00f5uavad tulla. Erinevalt gaasitoitel s\u00e4\u00e4sepeletajatest on E55 lennuk\u00f5lbulik ja nii saab selle ka reisile kaasa v\u00f5tta.<br \/>\nSisaldab 5,5-tunnist akut \u2013 saab ka t\u00f6\u00f6tamise ajal laadida, et pikendada t\u00f6\u00f6aega.<br \/>\nKaasas 40 tundi s\u00e4\u00e4set\u00f5rjevahendit. <br \/>\nHelim\u00e4rguanded ja LED-tuled annavad teile teada, et olete kaitstud ja kui kaua aku kasutusaega alles on.<br \/>\nHoidke s\u00e4\u00e4sed eemal lihtsa nupuvajutusega.<\/p>\n<p>* Laetav telefoni laadijaga<br \/>\n* Ei mingeid pihusteid ega segadust. L\u00f5hnatu ega sisalda DEET-i.<br \/>\n* Ei mingit avatud leeki ega suitsevaid k\u00fc\u00fcnlaid<\/p>\n<p>Toimeainemetoflutriin\/pralletriin<br \/>\nKaitse kestus40 tundi<br \/>\nKaal0,19 kg<br \/>\nKaitsev\u00f6\u00f6ndi suurus 29 m2<br \/>\nAkuLi-ion sisseehitatud<br \/>\nKomplektisToimeaine kassett 40 tunniks, USB laadimisjuhe                               <\/p>\n","protected":false},"featured_media":57424,"template":"","meta":{"inline_featured_image":false},"product_cat":[5020,5019],"product_tag":[],"class_list":{"0":"post-57423","1":"product","2":"type-product","3":"status-publish","4":"has-post-thumbnail","6":"product_brand-thermacell","7":"product_cat-putukatorjevahendid","8":"product_cat-varustus-ja-branditooted","10":"first","11":"instock","12":"purchasable","13":"product-type-simple"},"yoast_head":"<!-- This site is optimized with the Yoast SEO plugin v27.4 - https:\/\/yoast.com\/product\/yoast-seo-wordpress\/ -->\n<title>S\u00e4\u00e4sepeletaja E55X, Thermacell - Ranoja<\/title>\n<meta name=\"robots\" content=\"index, follow, max-snippet:-1, max-image-preview:large, max-video-preview:-1\" \/>\n<link rel=\"canonical\" href=\"https:\/\/ranoja.ee\/toode\/saasepeletaja-e55x-thermacell\/\" \/>\n<meta property=\"og:locale\" content=\"en_US\" \/>\n<meta property=\"og:type\" content=\"article\" \/>\n<meta property=\"og:title\" content=\"S\u00e4\u00e4sepeletaja E55X, Thermacell - Ranoja\" \/>\n<meta property=\"og:description\" content=\"Akutoitel Thermacelli s\u00e4\u00e4sepeletaja t\u00f5rjub s\u00e4\u00e4ski t\u00f5husalt, tekitades enda \u00fcmber 29 m\u00b2 suuruse s\u00e4\u00e4sekaitsev\u00f6\u00f6ndi. E55 saab v\u00f5tta kaasa peaaegu k\u00f5ikjale, et t\u00fc\u00fctuid s\u00e4\u00e4ski eemale peletada, peatades nad enne, kui nad teid hammustama v\u00f5i h\u00e4irima j\u00f5uavad tulla. Erinevalt gaasitoitel s\u00e4\u00e4sepeletajatest on E55 lennuk\u00f5lbulik ja nii saab selle ka reisile kaasa v\u00f5tta. Sisaldab 5,5-tunnist akut \u2013 saab ka t\u00f6\u00f6tamise ajal laadida, et pikendada t\u00f6\u00f6aega. Kaasas 40 tundi s\u00e4\u00e4set\u00f5rjevahendit. Helim\u00e4rguanded ja LED-tuled annavad teile teada, et olete kaitstud ja kui kaua aku kasutusaega alles on. Hoidke s\u00e4\u00e4sed eemal lihtsa nupuvajutusega. * Laetav telefoni laadijaga * Ei mingeid pihusteid ega segadust. L\u00f5hnatu ega sisalda DEET-i. * Ei mingit avatud leeki ega suitsevaid k\u00fc\u00fcnlaid Toimeainemetoflutriin\/pralletriin Kaitse kestus40 tundi Kaal0,19 kg Kaitsev\u00f6\u00f6ndi suurus 29 m2 AkuLi-ion sisseehitatud KomplektisToimeaine kassett 40 tunniks, USB laadimisjuhe\" \/>\n<meta property=\"og:url\" content=\"https:\/\/ranoja.ee\/toode\/saasepeletaja-e55x-thermacell\/\" \/>\n<meta property=\"og:site_name\" content=\"Ranoja\" \/>\n<meta property=\"article:publisher\" content=\"https:\/\/www.facebook.com\/ranoja.ee\" \/>\n<meta property=\"article:modified_time\" content=\"2026-03-17T12:44:50+00:00\" \/>\n<meta property=\"og:image\" content=\"https:\/\/ranoja.ee\/wp-content\/uploads\/2026\/03\/215251068.jpg\" \/>\n\t<meta property=\"og:image:width\" content=\"856\" \/>\n\t<meta property=\"og:image:height\" content=\"900\" \/>\n\t<meta property=\"og:image:type\" content=\"image\/jpeg\" \/>\n<meta name=\"twitter:card\" content=\"summary_large_image\" \/>\n<script type=\"application\/ld+json\" class=\"yoast-schema-graph\">{\"@context\":\"https:\\\/\\\/schema.org\",\"@graph\":[{\"@type\":\"WebPage\",\"@id\":\"https:\\\/\\\/ranoja.ee\\\/toode\\\/saasepeletaja-e55x-thermacell\\\/\",\"url\":\"https:\\\/\\\/ranoja.ee\\\/toode\\\/saasepeletaja-e55x-thermacell\\\/\",\"name\":\"S\u00e4\u00e4sepeletaja E55X, Thermacell - Ranoja\",\"isPartOf\":{\"@id\":\"https:\\\/\\\/ranoja.ee\\\/#website\"},\"primaryImageOfPage\":{\"@id\":\"https:\\\/\\\/ranoja.ee\\\/toode\\\/saasepeletaja-e55x-thermacell\\\/#primaryimage\"},\"image\":{\"@id\":\"https:\\\/\\\/ranoja.ee\\\/toode\\\/saasepeletaja-e55x-thermacell\\\/#primaryimage\"},\"thumbnailUrl\":\"https:\\\/\\\/ranoja.ee\\\/wp-content\\\/uploads\\\/2026\\\/03\\\/215251068.jpg\",\"datePublished\":\"2026-03-16T22:48:36+00:00\",\"dateModified\":\"2026-03-17T12:44:50+00:00\",\"breadcrumb\":{\"@id\":\"https:\\\/\\\/ranoja.ee\\\/toode\\\/saasepeletaja-e55x-thermacell\\\/#breadcrumb\"},\"inLanguage\":\"en-US\",\"potentialAction\":[{\"@type\":\"ReadAction\",\"target\":[\"https:\\\/\\\/ranoja.ee\\\/toode\\\/saasepeletaja-e55x-thermacell\\\/\"]}]},{\"@type\":\"ImageObject\",\"inLanguage\":\"en-US\",\"@id\":\"https:\\\/\\\/ranoja.ee\\\/toode\\\/saasepeletaja-e55x-thermacell\\\/#primaryimage\",\"url\":\"https:\\\/\\\/ranoja.ee\\\/wp-content\\\/uploads\\\/2026\\\/03\\\/215251068.jpg\",\"contentUrl\":\"https:\\\/\\\/ranoja.ee\\\/wp-content\\\/uploads\\\/2026\\\/03\\\/215251068.jpg\",\"width\":856,\"height\":900},{\"@type\":\"BreadcrumbList\",\"@id\":\"https:\\\/\\\/ranoja.ee\\\/toode\\\/saasepeletaja-e55x-thermacell\\\/#breadcrumb\",\"itemListElement\":[{\"@type\":\"ListItem\",\"position\":1,\"name\":\"Home\",\"item\":\"https:\\\/\\\/ranoja.ee\\\/\"},{\"@type\":\"ListItem\",\"position\":2,\"name\":\"Shop\",\"item\":\"https:\\\/\\\/ranoja.ee\\\/en\\\/shop\\\/\"},{\"@type\":\"ListItem\",\"position\":3,\"name\":\"S\u00e4\u00e4sepeletaja E55X, Thermacell\"}]},{\"@type\":\"WebSite\",\"@id\":\"https:\\\/\\\/ranoja.ee\\\/#website\",\"url\":\"https:\\\/\\\/ranoja.ee\\\/\",\"name\":\"Ranoja\",\"description\":\"Equipment Shop WooCommerce WordPress Theme for Machine &amp; Tools\",\"publisher\":{\"@id\":\"https:\\\/\\\/ranoja.ee\\\/#organization\"},\"potentialAction\":[{\"@type\":\"SearchAction\",\"target\":{\"@type\":\"EntryPoint\",\"urlTemplate\":\"https:\\\/\\\/ranoja.ee\\\/?s={search_term_string}\"},\"query-input\":{\"@type\":\"PropertyValueSpecification\",\"valueRequired\":true,\"valueName\":\"search_term_string\"}}],\"inLanguage\":\"en-US\"},{\"@type\":\"Organization\",\"@id\":\"https:\\\/\\\/ranoja.ee\\\/#organization\",\"name\":\"Ranoja O\u00dc\",\"url\":\"https:\\\/\\\/ranoja.ee\\\/\",\"logo\":{\"@type\":\"ImageObject\",\"inLanguage\":\"en-US\",\"@id\":\"https:\\\/\\\/ranoja.ee\\\/#\\\/schema\\\/logo\\\/image\\\/\",\"url\":\"https:\\\/\\\/ranoja.ee\\\/wp-content\\\/uploads\\\/2023\\\/11\\\/ranoja-Logo.png\",\"contentUrl\":\"https:\\\/\\\/ranoja.ee\\\/wp-content\\\/uploads\\\/2023\\\/11\\\/ranoja-Logo.png\",\"width\":207,\"height\":58,\"caption\":\"Ranoja O\u00dc\"},\"image\":{\"@id\":\"https:\\\/\\\/ranoja.ee\\\/#\\\/schema\\\/logo\\\/image\\\/\"},\"sameAs\":[\"https:\\\/\\\/www.facebook.com\\\/ranoja.ee\",\"https:\\\/\\\/www.instagram.com\\\/ranoja__\\\/\"]}]}<\/script>\n<!-- \/ Yoast SEO plugin. -->","yoast_head_json":{"title":"S\u00e4\u00e4sepeletaja E55X, Thermacell - Ranoja","robots":{"index":"index","follow":"follow","max-snippet":"max-snippet:-1","max-image-preview":"max-image-preview:large","max-video-preview":"max-video-preview:-1"},"canonical":"https:\/\/ranoja.ee\/toode\/saasepeletaja-e55x-thermacell\/","og_locale":"en_US","og_type":"article","og_title":"S\u00e4\u00e4sepeletaja E55X, Thermacell - Ranoja","og_description":"Akutoitel Thermacelli s\u00e4\u00e4sepeletaja t\u00f5rjub s\u00e4\u00e4ski t\u00f5husalt, tekitades enda \u00fcmber 29 m\u00b2 suuruse s\u00e4\u00e4sekaitsev\u00f6\u00f6ndi. E55 saab v\u00f5tta kaasa peaaegu k\u00f5ikjale, et t\u00fc\u00fctuid s\u00e4\u00e4ski eemale peletada, peatades nad enne, kui nad teid hammustama v\u00f5i h\u00e4irima j\u00f5uavad tulla. Erinevalt gaasitoitel s\u00e4\u00e4sepeletajatest on E55 lennuk\u00f5lbulik ja nii saab selle ka reisile kaasa v\u00f5tta. Sisaldab 5,5-tunnist akut \u2013 saab ka t\u00f6\u00f6tamise ajal laadida, et pikendada t\u00f6\u00f6aega. Kaasas 40 tundi s\u00e4\u00e4set\u00f5rjevahendit. Helim\u00e4rguanded ja LED-tuled annavad teile teada, et olete kaitstud ja kui kaua aku kasutusaega alles on. Hoidke s\u00e4\u00e4sed eemal lihtsa nupuvajutusega. * Laetav telefoni laadijaga * Ei mingeid pihusteid ega segadust. L\u00f5hnatu ega sisalda DEET-i. * Ei mingit avatud leeki ega suitsevaid k\u00fc\u00fcnlaid Toimeainemetoflutriin\/pralletriin Kaitse kestus40 tundi Kaal0,19 kg Kaitsev\u00f6\u00f6ndi suurus 29 m2 AkuLi-ion sisseehitatud KomplektisToimeaine kassett 40 tunniks, USB laadimisjuhe","og_url":"https:\/\/ranoja.ee\/toode\/saasepeletaja-e55x-thermacell\/","og_site_name":"Ranoja","article_publisher":"https:\/\/www.facebook.com\/ranoja.ee","article_modified_time":"2026-03-17T12:44:50+00:00","og_image":[{"width":856,"height":900,"url":"https:\/\/ranoja.ee\/wp-content\/uploads\/2026\/03\/215251068.jpg","type":"image\/jpeg"}],"twitter_card":"summary_large_image","schema":{"@context":"https:\/\/schema.org","@graph":[{"@type":"WebPage","@id":"https:\/\/ranoja.ee\/toode\/saasepeletaja-e55x-thermacell\/","url":"https:\/\/ranoja.ee\/toode\/saasepeletaja-e55x-thermacell\/","name":"S\u00e4\u00e4sepeletaja E55X, Thermacell - Ranoja","isPartOf":{"@id":"https:\/\/ranoja.ee\/#website"},"primaryImageOfPage":{"@id":"https:\/\/ranoja.ee\/toode\/saasepeletaja-e55x-thermacell\/#primaryimage"},"image":{"@id":"https:\/\/ranoja.ee\/toode\/saasepeletaja-e55x-thermacell\/#primaryimage"},"thumbnailUrl":"https:\/\/ranoja.ee\/wp-content\/uploads\/2026\/03\/215251068.jpg","datePublished":"2026-03-16T22:48:36+00:00","dateModified":"2026-03-17T12:44:50+00:00","breadcrumb":{"@id":"https:\/\/ranoja.ee\/toode\/saasepeletaja-e55x-thermacell\/#breadcrumb"},"inLanguage":"en-US","potentialAction":[{"@type":"ReadAction","target":["https:\/\/ranoja.ee\/toode\/saasepeletaja-e55x-thermacell\/"]}]},{"@type":"ImageObject","inLanguage":"en-US","@id":"https:\/\/ranoja.ee\/toode\/saasepeletaja-e55x-thermacell\/#primaryimage","url":"https:\/\/ranoja.ee\/wp-content\/uploads\/2026\/03\/215251068.jpg","contentUrl":"https:\/\/ranoja.ee\/wp-content\/uploads\/2026\/03\/215251068.jpg","width":856,"height":900},{"@type":"BreadcrumbList","@id":"https:\/\/ranoja.ee\/toode\/saasepeletaja-e55x-thermacell\/#breadcrumb","itemListElement":[{"@type":"ListItem","position":1,"name":"Home","item":"https:\/\/ranoja.ee\/"},{"@type":"ListItem","position":2,"name":"Shop","item":"https:\/\/ranoja.ee\/en\/shop\/"},{"@type":"ListItem","position":3,"name":"S\u00e4\u00e4sepeletaja E55X, Thermacell"}]},{"@type":"WebSite","@id":"https:\/\/ranoja.ee\/#website","url":"https:\/\/ranoja.ee\/","name":"Ranoja","description":"Equipment Shop WooCommerce WordPress Theme for Machine &amp; Tools","publisher":{"@id":"https:\/\/ranoja.ee\/#organization"},"potentialAction":[{"@type":"SearchAction","target":{"@type":"EntryPoint","urlTemplate":"https:\/\/ranoja.ee\/?s={search_term_string}"},"query-input":{"@type":"PropertyValueSpecification","valueRequired":true,"valueName":"search_term_string"}}],"inLanguage":"en-US"},{"@type":"Organization","@id":"https:\/\/ranoja.ee\/#organization","name":"Ranoja O\u00dc","url":"https:\/\/ranoja.ee\/","logo":{"@type":"ImageObject","inLanguage":"en-US","@id":"https:\/\/ranoja.ee\/#\/schema\/logo\/image\/","url":"https:\/\/ranoja.ee\/wp-content\/uploads\/2023\/11\/ranoja-Logo.png","contentUrl":"https:\/\/ranoja.ee\/wp-content\/uploads\/2023\/11\/ranoja-Logo.png","width":207,"height":58,"caption":"Ranoja O\u00dc"},"image":{"@id":"https:\/\/ranoja.ee\/#\/schema\/logo\/image\/"},"sameAs":["https:\/\/www.facebook.com\/ranoja.ee","https:\/\/www.instagram.com\/ranoja__\/"]}]}},"_links":{"self":[{"href":"https:\/\/ranoja.ee\/en\/wp-json\/wp\/v2\/product\/57423","targetHints":{"allow":["GET"]}}],"collection":[{"href":"https:\/\/ranoja.ee\/en\/wp-json\/wp\/v2\/product"}],"about":[{"href":"https:\/\/ranoja.ee\/en\/wp-json\/wp\/v2\/types\/product"}],"wp:featuredmedia":[{"embeddable":true,"href":"https:\/\/ranoja.ee\/en\/wp-json\/wp\/v2\/media\/57424"}],"wp:attachment":[{"href":"https:\/\/ranoja.ee\/en\/wp-json\/wp\/v2\/media?parent=57423"}],"wp:term":[{"taxonomy":"product_cat","embeddable":true,"href":"https:\/\/ranoja.ee\/en\/wp-json\/wp\/v2\/product_cat?post=57423"},{"taxonomy":"product_tag","embeddable":true,"href":"https:\/\/ranoja.ee\/en\/wp-json\/wp\/v2\/product_tag?post=57423"}],"curies":[{"name":"wp","href":"https:\/\/api.w.org\/{rel}","templated":true}]}}