{"id":57421,"date":"2026-03-17T01:48:36","date_gmt":"2026-03-16T22:48:36","guid":{"rendered":"https:\/\/ranoja.ee\/toode\/vasemaare-copper-spray-500ml-motip\/"},"modified":"2026-03-17T15:44:50","modified_gmt":"2026-03-17T12:44:50","slug":"vasemaare-copper-spray-500ml-motip","status":"publish","type":"product","link":"https:\/\/ranoja.ee\/en\/toode\/vasemaare-copper-spray-500ml-motip\/","title":{"rendered":"Vasem\u00e4\u00e4re Copper Spray 500ml, Motip"},"content":{"rendered":"","protected":false},"excerpt":{"rendered":"<p>Suure vasesisaldusega, kuumakindel, h\u00e4sti voolu juhtiv monteerimisaerosool. <br \/>\nP\u00e4rast orgaaniliste vedeldajate aurustumist (m\u00f5ne minuti jooksul peale pihustamist) j\u00e4tab pinnale tiheda kihi, mis kaitseb korrosiooni eest ja on vastupidav veele, hapetele ja sooladele ning talub temperatuurik\u00f5ikumisi -40`C kuni +1100`C. Juhib elektrit<\/p>\n<p>KASUTUSVALDKOND:<br \/>\nLisaks paljudele spetsiifilistele ja t\u00f6\u00f6stuslikele kasutusaladele t\u00e4hendab see, et iga vasem\u00e4\u00e4rdega t\u00f6\u00f6deldud polt ja mutter, mis te kokku keerate, tuleb ka aastate p\u00e4rast sama j\u00f5uga keerates lahti. <br \/>\nLaialdaselt kasutatakse rattapoltidel, et v\u00e4ltida nende kinniroostetamist. Samuti summutitorude \u00fchendamisel. Akuklemmidel kasutades tagab \u00fclihea \u00fchenduse ja v\u00e4ldib elektrol\u00fc\u00fctilise korrosiooni teket, piduridetailidel v\u00e4ldib nende kinnikiilumist, p\u00f5lemist, kriuksumist. Ei sobi kasutamiseks ABS ja ASR piduris\u00fcsteemide juures.<\/p>\n<p>TEHNILINE INFO:<br \/>\nBaasained: EP m\u00e4\u00e4re ja v\u00e4iksed vaseosakesed<br \/>\nV\u00e4rvus: vasene<br \/>\nL\u00f5hn: iseloomulik<br \/>\nKuivaine sisaldus: ca 31%<br \/>\nKulu: 1,26g\/sec<br \/>\nTihedus 20\u00b0C juures: 0,767g\/ml<br \/>\nTemperatuuritaluvus -40C kuni +1100C<\/p>\n<p>KASUTAMINE:<br \/>\nEnnem kasutamist hoiustada toodet toatemperatuuril ja loksutada.<br \/>\nSoovitav kasutamistemperatuur +5\u00b0 kuni +30\u00b0C<br \/>\nKaetavad pinnad peavad olema puhtad ja kuivad.<br \/>\nPihusta \u00f5huke kiht kaitstavale pinnale.<br \/>\n\u00d5ige m\u00e4\u00e4rdekiht tekib alles peale lahusti aurustumist (ca. 1min)<br \/>\nMutrid ja kruvid tuleb m\u00e4\u00e4rida enneb kokku keeramist.<\/p>\n","protected":false},"featured_media":57422,"template":"","meta":{"inline_featured_image":false},"product_cat":[5040,5010,5009],"product_tag":[],"class_list":{"0":"post-57421","1":"product","2":"type-product","3":"status-publish","4":"has-post-thumbnail","6":"product_brand-motip","7":"product_cat-montaazimaarded","8":"product_cat-tehnilised-aerosoolid","9":"product_cat-toostus-ja-autokeemia","11":"first","12":"instock","13":"purchasable","14":"product-type-simple"},"yoast_head":"<!-- This site is optimized with the Yoast SEO plugin v27.4 - https:\/\/yoast.com\/product\/yoast-seo-wordpress\/ -->\n<title>Vasem\u00e4\u00e4re Copper Spray 500ml, Motip - Ranoja<\/title>\n<meta name=\"robots\" content=\"index, follow, max-snippet:-1, max-image-preview:large, max-video-preview:-1\" \/>\n<link rel=\"canonical\" href=\"https:\/\/ranoja.ee\/toode\/vasemaare-copper-spray-500ml-motip\/\" \/>\n<meta property=\"og:locale\" content=\"en_US\" \/>\n<meta property=\"og:type\" content=\"article\" \/>\n<meta property=\"og:title\" content=\"Vasem\u00e4\u00e4re Copper Spray 500ml, Motip - Ranoja\" \/>\n<meta property=\"og:description\" content=\"Suure vasesisaldusega, kuumakindel, h\u00e4sti voolu juhtiv monteerimisaerosool. P\u00e4rast orgaaniliste vedeldajate aurustumist (m\u00f5ne minuti jooksul peale pihustamist) j\u00e4tab pinnale tiheda kihi, mis kaitseb korrosiooni eest ja on vastupidav veele, hapetele ja sooladele ning talub temperatuurik\u00f5ikumisi -40`C kuni +1100`C. Juhib elektrit KASUTUSVALDKOND: Lisaks paljudele spetsiifilistele ja t\u00f6\u00f6stuslikele kasutusaladele t\u00e4hendab see, et iga vasem\u00e4\u00e4rdega t\u00f6\u00f6deldud polt ja mutter, mis te kokku keerate, tuleb ka aastate p\u00e4rast sama j\u00f5uga keerates lahti. Laialdaselt kasutatakse rattapoltidel, et v\u00e4ltida nende kinniroostetamist. Samuti summutitorude \u00fchendamisel. Akuklemmidel kasutades tagab \u00fclihea \u00fchenduse ja v\u00e4ldib elektrol\u00fc\u00fctilise korrosiooni teket, piduridetailidel v\u00e4ldib nende kinnikiilumist, p\u00f5lemist, kriuksumist. Ei sobi kasutamiseks ABS ja ASR piduris\u00fcsteemide juures. TEHNILINE INFO: Baasained: EP m\u00e4\u00e4re ja v\u00e4iksed vaseosakesed V\u00e4rvus: vasene L\u00f5hn: iseloomulik Kuivaine sisaldus: ca 31% Kulu: 1,26g\/sec Tihedus 20\u00b0C juures: 0,767g\/ml Temperatuuritaluvus -40C kuni +1100C KASUTAMINE: Ennem kasutamist hoiustada toodet toatemperatuuril ja loksutada. Soovitav kasutamistemperatuur +5\u00b0 kuni +30\u00b0C Kaetavad pinnad peavad olema puhtad ja kuivad. Pihusta \u00f5huke kiht kaitstavale pinnale. \u00d5ige m\u00e4\u00e4rdekiht tekib alles peale lahusti aurustumist (ca. 1min) Mutrid ja kruvid tuleb m\u00e4\u00e4rida enneb kokku keeramist.\" \/>\n<meta property=\"og:url\" content=\"https:\/\/ranoja.ee\/toode\/vasemaare-copper-spray-500ml-motip\/\" \/>\n<meta property=\"og:site_name\" content=\"Ranoja\" \/>\n<meta property=\"article:publisher\" content=\"https:\/\/www.facebook.com\/ranoja.ee\" \/>\n<meta property=\"article:modified_time\" content=\"2026-03-17T12:44:50+00:00\" \/>\n<meta property=\"og:image\" content=\"https:\/\/ranoja.ee\/wp-content\/uploads\/2026\/03\/123740960.jpg\" \/>\n\t<meta property=\"og:image:width\" content=\"119\" \/>\n\t<meta property=\"og:image:height\" content=\"400\" \/>\n\t<meta property=\"og:image:type\" content=\"image\/jpeg\" \/>\n<meta name=\"twitter:card\" content=\"summary_large_image\" \/>\n<script type=\"application\/ld+json\" class=\"yoast-schema-graph\">{\"@context\":\"https:\\\/\\\/schema.org\",\"@graph\":[{\"@type\":\"WebPage\",\"@id\":\"https:\\\/\\\/ranoja.ee\\\/toode\\\/vasemaare-copper-spray-500ml-motip\\\/\",\"url\":\"https:\\\/\\\/ranoja.ee\\\/toode\\\/vasemaare-copper-spray-500ml-motip\\\/\",\"name\":\"Vasem\u00e4\u00e4re Copper Spray 500ml, Motip - Ranoja\",\"isPartOf\":{\"@id\":\"https:\\\/\\\/ranoja.ee\\\/#website\"},\"primaryImageOfPage\":{\"@id\":\"https:\\\/\\\/ranoja.ee\\\/toode\\\/vasemaare-copper-spray-500ml-motip\\\/#primaryimage\"},\"image\":{\"@id\":\"https:\\\/\\\/ranoja.ee\\\/toode\\\/vasemaare-copper-spray-500ml-motip\\\/#primaryimage\"},\"thumbnailUrl\":\"https:\\\/\\\/ranoja.ee\\\/wp-content\\\/uploads\\\/2026\\\/03\\\/123740960.jpg\",\"datePublished\":\"2026-03-16T22:48:36+00:00\",\"dateModified\":\"2026-03-17T12:44:50+00:00\",\"breadcrumb\":{\"@id\":\"https:\\\/\\\/ranoja.ee\\\/toode\\\/vasemaare-copper-spray-500ml-motip\\\/#breadcrumb\"},\"inLanguage\":\"en-US\",\"potentialAction\":[{\"@type\":\"ReadAction\",\"target\":[\"https:\\\/\\\/ranoja.ee\\\/toode\\\/vasemaare-copper-spray-500ml-motip\\\/\"]}]},{\"@type\":\"ImageObject\",\"inLanguage\":\"en-US\",\"@id\":\"https:\\\/\\\/ranoja.ee\\\/toode\\\/vasemaare-copper-spray-500ml-motip\\\/#primaryimage\",\"url\":\"https:\\\/\\\/ranoja.ee\\\/wp-content\\\/uploads\\\/2026\\\/03\\\/123740960.jpg\",\"contentUrl\":\"https:\\\/\\\/ranoja.ee\\\/wp-content\\\/uploads\\\/2026\\\/03\\\/123740960.jpg\",\"width\":119,\"height\":400},{\"@type\":\"BreadcrumbList\",\"@id\":\"https:\\\/\\\/ranoja.ee\\\/toode\\\/vasemaare-copper-spray-500ml-motip\\\/#breadcrumb\",\"itemListElement\":[{\"@type\":\"ListItem\",\"position\":1,\"name\":\"Home\",\"item\":\"https:\\\/\\\/ranoja.ee\\\/\"},{\"@type\":\"ListItem\",\"position\":2,\"name\":\"Shop\",\"item\":\"https:\\\/\\\/ranoja.ee\\\/en\\\/shop\\\/\"},{\"@type\":\"ListItem\",\"position\":3,\"name\":\"Vasem\u00e4\u00e4re Copper Spray 500ml, Motip\"}]},{\"@type\":\"WebSite\",\"@id\":\"https:\\\/\\\/ranoja.ee\\\/#website\",\"url\":\"https:\\\/\\\/ranoja.ee\\\/\",\"name\":\"Ranoja\",\"description\":\"Equipment Shop WooCommerce WordPress Theme for Machine &amp; Tools\",\"publisher\":{\"@id\":\"https:\\\/\\\/ranoja.ee\\\/#organization\"},\"potentialAction\":[{\"@type\":\"SearchAction\",\"target\":{\"@type\":\"EntryPoint\",\"urlTemplate\":\"https:\\\/\\\/ranoja.ee\\\/?s={search_term_string}\"},\"query-input\":{\"@type\":\"PropertyValueSpecification\",\"valueRequired\":true,\"valueName\":\"search_term_string\"}}],\"inLanguage\":\"en-US\"},{\"@type\":\"Organization\",\"@id\":\"https:\\\/\\\/ranoja.ee\\\/#organization\",\"name\":\"Ranoja O\u00dc\",\"url\":\"https:\\\/\\\/ranoja.ee\\\/\",\"logo\":{\"@type\":\"ImageObject\",\"inLanguage\":\"en-US\",\"@id\":\"https:\\\/\\\/ranoja.ee\\\/#\\\/schema\\\/logo\\\/image\\\/\",\"url\":\"https:\\\/\\\/ranoja.ee\\\/wp-content\\\/uploads\\\/2023\\\/11\\\/ranoja-Logo.png\",\"contentUrl\":\"https:\\\/\\\/ranoja.ee\\\/wp-content\\\/uploads\\\/2023\\\/11\\\/ranoja-Logo.png\",\"width\":207,\"height\":58,\"caption\":\"Ranoja O\u00dc\"},\"image\":{\"@id\":\"https:\\\/\\\/ranoja.ee\\\/#\\\/schema\\\/logo\\\/image\\\/\"},\"sameAs\":[\"https:\\\/\\\/www.facebook.com\\\/ranoja.ee\",\"https:\\\/\\\/www.instagram.com\\\/ranoja__\\\/\"]}]}<\/script>\n<!-- \/ Yoast SEO plugin. -->","yoast_head_json":{"title":"Vasem\u00e4\u00e4re Copper Spray 500ml, Motip - Ranoja","robots":{"index":"index","follow":"follow","max-snippet":"max-snippet:-1","max-image-preview":"max-image-preview:large","max-video-preview":"max-video-preview:-1"},"canonical":"https:\/\/ranoja.ee\/toode\/vasemaare-copper-spray-500ml-motip\/","og_locale":"en_US","og_type":"article","og_title":"Vasem\u00e4\u00e4re Copper Spray 500ml, Motip - Ranoja","og_description":"Suure vasesisaldusega, kuumakindel, h\u00e4sti voolu juhtiv monteerimisaerosool. P\u00e4rast orgaaniliste vedeldajate aurustumist (m\u00f5ne minuti jooksul peale pihustamist) j\u00e4tab pinnale tiheda kihi, mis kaitseb korrosiooni eest ja on vastupidav veele, hapetele ja sooladele ning talub temperatuurik\u00f5ikumisi -40`C kuni +1100`C. Juhib elektrit KASUTUSVALDKOND: Lisaks paljudele spetsiifilistele ja t\u00f6\u00f6stuslikele kasutusaladele t\u00e4hendab see, et iga vasem\u00e4\u00e4rdega t\u00f6\u00f6deldud polt ja mutter, mis te kokku keerate, tuleb ka aastate p\u00e4rast sama j\u00f5uga keerates lahti. Laialdaselt kasutatakse rattapoltidel, et v\u00e4ltida nende kinniroostetamist. Samuti summutitorude \u00fchendamisel. Akuklemmidel kasutades tagab \u00fclihea \u00fchenduse ja v\u00e4ldib elektrol\u00fc\u00fctilise korrosiooni teket, piduridetailidel v\u00e4ldib nende kinnikiilumist, p\u00f5lemist, kriuksumist. Ei sobi kasutamiseks ABS ja ASR piduris\u00fcsteemide juures. TEHNILINE INFO: Baasained: EP m\u00e4\u00e4re ja v\u00e4iksed vaseosakesed V\u00e4rvus: vasene L\u00f5hn: iseloomulik Kuivaine sisaldus: ca 31% Kulu: 1,26g\/sec Tihedus 20\u00b0C juures: 0,767g\/ml Temperatuuritaluvus -40C kuni +1100C KASUTAMINE: Ennem kasutamist hoiustada toodet toatemperatuuril ja loksutada. Soovitav kasutamistemperatuur +5\u00b0 kuni +30\u00b0C Kaetavad pinnad peavad olema puhtad ja kuivad. Pihusta \u00f5huke kiht kaitstavale pinnale. \u00d5ige m\u00e4\u00e4rdekiht tekib alles peale lahusti aurustumist (ca. 1min) Mutrid ja kruvid tuleb m\u00e4\u00e4rida enneb kokku keeramist.","og_url":"https:\/\/ranoja.ee\/toode\/vasemaare-copper-spray-500ml-motip\/","og_site_name":"Ranoja","article_publisher":"https:\/\/www.facebook.com\/ranoja.ee","article_modified_time":"2026-03-17T12:44:50+00:00","og_image":[{"width":119,"height":400,"url":"https:\/\/ranoja.ee\/wp-content\/uploads\/2026\/03\/123740960.jpg","type":"image\/jpeg"}],"twitter_card":"summary_large_image","schema":{"@context":"https:\/\/schema.org","@graph":[{"@type":"WebPage","@id":"https:\/\/ranoja.ee\/toode\/vasemaare-copper-spray-500ml-motip\/","url":"https:\/\/ranoja.ee\/toode\/vasemaare-copper-spray-500ml-motip\/","name":"Vasem\u00e4\u00e4re Copper Spray 500ml, Motip - Ranoja","isPartOf":{"@id":"https:\/\/ranoja.ee\/#website"},"primaryImageOfPage":{"@id":"https:\/\/ranoja.ee\/toode\/vasemaare-copper-spray-500ml-motip\/#primaryimage"},"image":{"@id":"https:\/\/ranoja.ee\/toode\/vasemaare-copper-spray-500ml-motip\/#primaryimage"},"thumbnailUrl":"https:\/\/ranoja.ee\/wp-content\/uploads\/2026\/03\/123740960.jpg","datePublished":"2026-03-16T22:48:36+00:00","dateModified":"2026-03-17T12:44:50+00:00","breadcrumb":{"@id":"https:\/\/ranoja.ee\/toode\/vasemaare-copper-spray-500ml-motip\/#breadcrumb"},"inLanguage":"en-US","potentialAction":[{"@type":"ReadAction","target":["https:\/\/ranoja.ee\/toode\/vasemaare-copper-spray-500ml-motip\/"]}]},{"@type":"ImageObject","inLanguage":"en-US","@id":"https:\/\/ranoja.ee\/toode\/vasemaare-copper-spray-500ml-motip\/#primaryimage","url":"https:\/\/ranoja.ee\/wp-content\/uploads\/2026\/03\/123740960.jpg","contentUrl":"https:\/\/ranoja.ee\/wp-content\/uploads\/2026\/03\/123740960.jpg","width":119,"height":400},{"@type":"BreadcrumbList","@id":"https:\/\/ranoja.ee\/toode\/vasemaare-copper-spray-500ml-motip\/#breadcrumb","itemListElement":[{"@type":"ListItem","position":1,"name":"Home","item":"https:\/\/ranoja.ee\/"},{"@type":"ListItem","position":2,"name":"Shop","item":"https:\/\/ranoja.ee\/en\/shop\/"},{"@type":"ListItem","position":3,"name":"Vasem\u00e4\u00e4re Copper Spray 500ml, Motip"}]},{"@type":"WebSite","@id":"https:\/\/ranoja.ee\/#website","url":"https:\/\/ranoja.ee\/","name":"Ranoja","description":"Equipment Shop WooCommerce WordPress Theme for Machine &amp; Tools","publisher":{"@id":"https:\/\/ranoja.ee\/#organization"},"potentialAction":[{"@type":"SearchAction","target":{"@type":"EntryPoint","urlTemplate":"https:\/\/ranoja.ee\/?s={search_term_string}"},"query-input":{"@type":"PropertyValueSpecification","valueRequired":true,"valueName":"search_term_string"}}],"inLanguage":"en-US"},{"@type":"Organization","@id":"https:\/\/ranoja.ee\/#organization","name":"Ranoja O\u00dc","url":"https:\/\/ranoja.ee\/","logo":{"@type":"ImageObject","inLanguage":"en-US","@id":"https:\/\/ranoja.ee\/#\/schema\/logo\/image\/","url":"https:\/\/ranoja.ee\/wp-content\/uploads\/2023\/11\/ranoja-Logo.png","contentUrl":"https:\/\/ranoja.ee\/wp-content\/uploads\/2023\/11\/ranoja-Logo.png","width":207,"height":58,"caption":"Ranoja O\u00dc"},"image":{"@id":"https:\/\/ranoja.ee\/#\/schema\/logo\/image\/"},"sameAs":["https:\/\/www.facebook.com\/ranoja.ee","https:\/\/www.instagram.com\/ranoja__\/"]}]}},"_links":{"self":[{"href":"https:\/\/ranoja.ee\/en\/wp-json\/wp\/v2\/product\/57421","targetHints":{"allow":["GET"]}}],"collection":[{"href":"https:\/\/ranoja.ee\/en\/wp-json\/wp\/v2\/product"}],"about":[{"href":"https:\/\/ranoja.ee\/en\/wp-json\/wp\/v2\/types\/product"}],"wp:featuredmedia":[{"embeddable":true,"href":"https:\/\/ranoja.ee\/en\/wp-json\/wp\/v2\/media\/57422"}],"wp:attachment":[{"href":"https:\/\/ranoja.ee\/en\/wp-json\/wp\/v2\/media?parent=57421"}],"wp:term":[{"taxonomy":"product_cat","embeddable":true,"href":"https:\/\/ranoja.ee\/en\/wp-json\/wp\/v2\/product_cat?post=57421"},{"taxonomy":"product_tag","embeddable":true,"href":"https:\/\/ranoja.ee\/en\/wp-json\/wp\/v2\/product_tag?post=57421"}],"curies":[{"name":"wp","href":"https:\/\/api.w.org\/{rel}","templated":true}]}}